{"id":119555,"date":"2015-06-25T13:56:43","date_gmt":"2015-07-01T11:12:15","guid":{"rendered":"http:\/\/vunder-ee.sn25.zone.eu\/lt\/product\/akriliniai-dazai-marabu-paste-100ml\/"},"modified":"2021-12-29T11:37:09","modified_gmt":"2021-12-29T09:37:09","slug":"akriliniai-dazai-marabu-paste-100ml","status":"publish","type":"product","link":"https:\/\/www.hobstop.ee\/lt\/produktas\/akriliniai-dazai-marabu-paste-100ml\/","title":{"rendered":"Akriliniai da\u017eai Marabu Paste 100ml"},"content":{"rendered":"<p>Pasta \u201eMarabu Acryl Paste\u201c paprastus akriliniais da\u017eais tapytus paveikslus paver\u010dia nepamir\u0161tamais. Vandens pagrindu pagaminta akrilo pasta yra atspari nepalankioms oro s\u0105lygoms ir \u0161viesai. Kremin\u0117 konsistencija idealiai tinka dekoravimui \u0161ablonais. Ant drobi\u0173 r\u0117m\u0173 galite sukurti unikalius sm\u0117lio ir sniego ar trij\u0173 dimensij\u0173 metalinius efektus.<\/p>\n","protected":false},"excerpt":{"rendered":"<p>Pasta \u201eMarabu Acryl Paste\u201c paprastus akriliniais da\u017eais tapytus paveikslus paver\u010dia nepamir\u0161tamais. Vandens pagrindu pagaminta akrilo pasta yra atspari nepalankioms oro s\u0105lygoms ir \u0161viesai. Kremin\u0117 konsistencija idealiai tinka dekoravimui \u0161ablonais. Ant drobi\u0173 r\u0117m\u0173 galite sukurti unikalius sm\u0117lio ir sniego ar trij\u0173 dimensij\u0173 metalinius efektus.<\/p>\n","protected":false},"featured_media":143001,"comment_status":"closed","ping_status":"closed","template":"","meta":{"_acf_changed":false,"ep_exclude_from_search":false},"product_cat":[18995,16124,17981],"product_tag":[],"class_list":{"0":"post-119555","1":"product","2":"type-product","3":"status-publish","4":"has-post-thumbnail","6":"product_cat-akriliniai-dazai-4","7":"product_cat-dailes-prekes","8":"product_cat-dazai-ir-priedai-tapybai","9":"pa_kma-20411","10":"pa_kma-20412","11":"pa_kma-20413","12":"pa_kma-20414","14":"first","15":"instock","16":"taxable","17":"shipping-taxable","18":"purchasable","19":"product-type-variable"},"acf":[],"yoast_head":"<!-- This site is optimized with the Yoast SEO plugin v24.1 - https:\/\/yoast.com\/wordpress\/plugins\/seo\/ -->\n<title>Akriliniai da\u017eai Marabu Paste 100ml &#8211; Skizze<\/title>\n<meta name=\"robots\" content=\"noindex, follow, max-snippet:-1, max-image-preview:large, max-video-preview:-1\" \/>\n<meta property=\"og:locale\" content=\"lt_LT\" \/>\n<meta property=\"og:type\" content=\"article\" \/>\n<meta property=\"og:title\" content=\"Akriliniai da\u017eai Marabu Paste 100ml &#8211; Skizze\" \/>\n<meta property=\"og:description\" content=\"Pasta \u201eMarabu Acryl Paste\u201c paprastus akriliniais da\u017eais tapytus paveikslus paver\u010dia nepamir\u0161tamais. Vandens pagrindu pagaminta akrilo pasta yra atspari nepalankioms oro s\u0105lygoms ir \u0161viesai. Kremin\u0117 konsistencija idealiai tinka dekoravimui \u0161ablonais. Ant drobi\u0173 r\u0117m\u0173 galite sukurti unikalius sm\u0117lio ir sniego ar trij\u0173 dimensij\u0173 metalinius efektus.\" \/>\n<meta property=\"og:url\" content=\"https:\/\/www.hobstop.ee\/lt\/produktas\/akriliniai-dazai-marabu-paste-100ml\/\" \/>\n<meta property=\"og:site_name\" content=\"Skizze\" \/>\n<meta property=\"article:publisher\" content=\"http:\/\/www.facebook.com\/VunderSkizze\" \/>\n<meta property=\"article:modified_time\" content=\"2021-12-29T09:37:09+00:00\" \/>\n<meta property=\"og:image\" content=\"https:\/\/www.hobstop.ee\/media\/3938.jpg\" \/>\n\t<meta property=\"og:image:width\" content=\"1024\" \/>\n\t<meta property=\"og:image:height\" content=\"768\" \/>\n\t<meta property=\"og:image:type\" content=\"image\/jpeg\" \/>\n<meta name=\"twitter:card\" content=\"summary_large_image\" \/>\n<script type=\"application\/ld+json\" class=\"yoast-schema-graph\">{\"@context\":\"https:\/\/schema.org\",\"@graph\":[{\"@type\":\"WebPage\",\"@id\":\"https:\/\/www.hobstop.ee\/lt\/produktas\/akriliniai-dazai-marabu-paste-100ml\/\",\"url\":\"https:\/\/www.hobstop.ee\/lt\/produktas\/akriliniai-dazai-marabu-paste-100ml\/\",\"name\":\"Akriliniai da\u017eai Marabu Paste 100ml &#8211; Skizze\",\"isPartOf\":{\"@id\":\"https:\/\/hobstop.ee\/lt\/#website\"},\"primaryImageOfPage\":{\"@id\":\"https:\/\/www.hobstop.ee\/lt\/produktas\/akriliniai-dazai-marabu-paste-100ml\/#primaryimage\"},\"image\":{\"@id\":\"https:\/\/www.hobstop.ee\/lt\/produktas\/akriliniai-dazai-marabu-paste-100ml\/#primaryimage\"},\"thumbnailUrl\":\"https:\/\/www.hobstop.ee\/media\/3938.jpg\",\"datePublished\":\"2015-07-01T11:12:15+00:00\",\"dateModified\":\"2021-12-29T09:37:09+00:00\",\"breadcrumb\":{\"@id\":\"https:\/\/www.hobstop.ee\/lt\/produktas\/akriliniai-dazai-marabu-paste-100ml\/#breadcrumb\"},\"inLanguage\":\"lt\",\"potentialAction\":[{\"@type\":\"ReadAction\",\"target\":[\"https:\/\/www.hobstop.ee\/lt\/produktas\/akriliniai-dazai-marabu-paste-100ml\/\"]}]},{\"@type\":\"ImageObject\",\"inLanguage\":\"lt\",\"@id\":\"https:\/\/www.hobstop.ee\/lt\/produktas\/akriliniai-dazai-marabu-paste-100ml\/#primaryimage\",\"url\":\"https:\/\/www.hobstop.ee\/media\/3938.jpg\",\"contentUrl\":\"https:\/\/www.hobstop.ee\/media\/3938.jpg\",\"width\":1024,\"height\":768},{\"@type\":\"BreadcrumbList\",\"@id\":\"https:\/\/www.hobstop.ee\/lt\/produktas\/akriliniai-dazai-marabu-paste-100ml\/#breadcrumb\",\"itemListElement\":[{\"@type\":\"ListItem\",\"position\":1,\"name\":\"Avaleht\",\"item\":\"https:\/\/hobstop.ee\/lt\/\"},{\"@type\":\"ListItem\",\"position\":2,\"name\":\"Parduotuv\u0117\",\"item\":\"https:\/\/hobstop.ee\/lt\/parduotuve\/\"},{\"@type\":\"ListItem\",\"position\":3,\"name\":\"Akriliniai da\u017eai Marabu Paste 100ml\"}]},{\"@type\":\"WebSite\",\"@id\":\"https:\/\/hobstop.ee\/lt\/#website\",\"url\":\"https:\/\/hobstop.ee\/lt\/\",\"name\":\"Skizze\",\"description\":\"Dail\u0117s, pom\u0117gi\u0173 ir mokykliniai reikm\u0117nys\",\"publisher\":{\"@id\":\"https:\/\/hobstop.ee\/lt\/#organization\"},\"potentialAction\":[{\"@type\":\"SearchAction\",\"target\":{\"@type\":\"EntryPoint\",\"urlTemplate\":\"https:\/\/hobstop.ee\/lt\/?s={search_term_string}\"},\"query-input\":{\"@type\":\"PropertyValueSpecification\",\"valueRequired\":true,\"valueName\":\"search_term_string\"}}],\"inLanguage\":\"lt\"},{\"@type\":\"Organization\",\"@id\":\"https:\/\/hobstop.ee\/lt\/#organization\",\"name\":\"Vunder AS\",\"url\":\"https:\/\/hobstop.ee\/lt\/\",\"logo\":{\"@type\":\"ImageObject\",\"inLanguage\":\"lt\",\"@id\":\"https:\/\/hobstop.ee\/lt\/#\/schema\/logo\/image\/\",\"url\":\"https:\/\/hobstop.ee\/media\/vunder-logo.png\",\"contentUrl\":\"https:\/\/hobstop.ee\/media\/vunder-logo.png\",\"width\":127,\"height\":55,\"caption\":\"Vunder AS\"},\"image\":{\"@id\":\"https:\/\/hobstop.ee\/lt\/#\/schema\/logo\/image\/\"},\"sameAs\":[\"http:\/\/www.facebook.com\/VunderSkizze\"]}]}<\/script>\n<!-- \/ Yoast SEO plugin. -->","yoast_head_json":{"title":"Akriliniai da\u017eai Marabu Paste 100ml &#8211; Skizze","robots":{"index":"noindex","follow":"follow","max-snippet":"max-snippet:-1","max-image-preview":"max-image-preview:large","max-video-preview":"max-video-preview:-1"},"og_locale":"lt_LT","og_type":"article","og_title":"Akriliniai da\u017eai Marabu Paste 100ml &#8211; Skizze","og_description":"Pasta \u201eMarabu Acryl Paste\u201c paprastus akriliniais da\u017eais tapytus paveikslus paver\u010dia nepamir\u0161tamais. Vandens pagrindu pagaminta akrilo pasta yra atspari nepalankioms oro s\u0105lygoms ir \u0161viesai. Kremin\u0117 konsistencija idealiai tinka dekoravimui \u0161ablonais. Ant drobi\u0173 r\u0117m\u0173 galite sukurti unikalius sm\u0117lio ir sniego ar trij\u0173 dimensij\u0173 metalinius efektus.","og_url":"https:\/\/www.hobstop.ee\/lt\/produktas\/akriliniai-dazai-marabu-paste-100ml\/","og_site_name":"Skizze","article_publisher":"http:\/\/www.facebook.com\/VunderSkizze","article_modified_time":"2021-12-29T09:37:09+00:00","og_image":[{"width":1024,"height":768,"url":"https:\/\/www.hobstop.ee\/media\/3938.jpg","type":"image\/jpeg"}],"twitter_card":"summary_large_image","schema":{"@context":"https:\/\/schema.org","@graph":[{"@type":"WebPage","@id":"https:\/\/www.hobstop.ee\/lt\/produktas\/akriliniai-dazai-marabu-paste-100ml\/","url":"https:\/\/www.hobstop.ee\/lt\/produktas\/akriliniai-dazai-marabu-paste-100ml\/","name":"Akriliniai da\u017eai Marabu Paste 100ml &#8211; Skizze","isPartOf":{"@id":"https:\/\/hobstop.ee\/lt\/#website"},"primaryImageOfPage":{"@id":"https:\/\/www.hobstop.ee\/lt\/produktas\/akriliniai-dazai-marabu-paste-100ml\/#primaryimage"},"image":{"@id":"https:\/\/www.hobstop.ee\/lt\/produktas\/akriliniai-dazai-marabu-paste-100ml\/#primaryimage"},"thumbnailUrl":"https:\/\/www.hobstop.ee\/media\/3938.jpg","datePublished":"2015-07-01T11:12:15+00:00","dateModified":"2021-12-29T09:37:09+00:00","breadcrumb":{"@id":"https:\/\/www.hobstop.ee\/lt\/produktas\/akriliniai-dazai-marabu-paste-100ml\/#breadcrumb"},"inLanguage":"lt","potentialAction":[{"@type":"ReadAction","target":["https:\/\/www.hobstop.ee\/lt\/produktas\/akriliniai-dazai-marabu-paste-100ml\/"]}]},{"@type":"ImageObject","inLanguage":"lt","@id":"https:\/\/www.hobstop.ee\/lt\/produktas\/akriliniai-dazai-marabu-paste-100ml\/#primaryimage","url":"https:\/\/www.hobstop.ee\/media\/3938.jpg","contentUrl":"https:\/\/www.hobstop.ee\/media\/3938.jpg","width":1024,"height":768},{"@type":"BreadcrumbList","@id":"https:\/\/www.hobstop.ee\/lt\/produktas\/akriliniai-dazai-marabu-paste-100ml\/#breadcrumb","itemListElement":[{"@type":"ListItem","position":1,"name":"Avaleht","item":"https:\/\/hobstop.ee\/lt\/"},{"@type":"ListItem","position":2,"name":"Parduotuv\u0117","item":"https:\/\/hobstop.ee\/lt\/parduotuve\/"},{"@type":"ListItem","position":3,"name":"Akriliniai da\u017eai Marabu Paste 100ml"}]},{"@type":"WebSite","@id":"https:\/\/hobstop.ee\/lt\/#website","url":"https:\/\/hobstop.ee\/lt\/","name":"Skizze","description":"Dail\u0117s, pom\u0117gi\u0173 ir mokykliniai reikm\u0117nys","publisher":{"@id":"https:\/\/hobstop.ee\/lt\/#organization"},"potentialAction":[{"@type":"SearchAction","target":{"@type":"EntryPoint","urlTemplate":"https:\/\/hobstop.ee\/lt\/?s={search_term_string}"},"query-input":{"@type":"PropertyValueSpecification","valueRequired":true,"valueName":"search_term_string"}}],"inLanguage":"lt"},{"@type":"Organization","@id":"https:\/\/hobstop.ee\/lt\/#organization","name":"Vunder AS","url":"https:\/\/hobstop.ee\/lt\/","logo":{"@type":"ImageObject","inLanguage":"lt","@id":"https:\/\/hobstop.ee\/lt\/#\/schema\/logo\/image\/","url":"https:\/\/hobstop.ee\/media\/vunder-logo.png","contentUrl":"https:\/\/hobstop.ee\/media\/vunder-logo.png","width":127,"height":55,"caption":"Vunder AS"},"image":{"@id":"https:\/\/hobstop.ee\/lt\/#\/schema\/logo\/image\/"},"sameAs":["http:\/\/www.facebook.com\/VunderSkizze"]}]}},"_links":{"self":[{"href":"https:\/\/www.hobstop.ee\/lt\/wp-json\/wp\/v2\/product\/119555","targetHints":{"allow":["GET"]}}],"collection":[{"href":"https:\/\/www.hobstop.ee\/lt\/wp-json\/wp\/v2\/product"}],"about":[{"href":"https:\/\/www.hobstop.ee\/lt\/wp-json\/wp\/v2\/types\/product"}],"replies":[{"embeddable":true,"href":"https:\/\/www.hobstop.ee\/lt\/wp-json\/wp\/v2\/comments?post=119555"}],"wp:featuredmedia":[{"embeddable":true,"href":"https:\/\/www.hobstop.ee\/lt\/wp-json\/wp\/v2\/media\/143001"}],"wp:attachment":[{"href":"https:\/\/www.hobstop.ee\/lt\/wp-json\/wp\/v2\/media?parent=119555"}],"wp:term":[{"taxonomy":"product_cat","embeddable":true,"href":"https:\/\/www.hobstop.ee\/lt\/wp-json\/wp\/v2\/product_cat?post=119555"},{"taxonomy":"product_tag","embeddable":true,"href":"https:\/\/www.hobstop.ee\/lt\/wp-json\/wp\/v2\/product_tag?post=119555"}],"curies":[{"name":"wp","href":"https:\/\/api.w.org\/{rel}","templated":true}]}}