{"id":196345,"date":"2015-08-01T14:45:25","date_gmt":"2015-08-01T11:45:25","guid":{"rendered":"http:\/\/vunder-ee.sn25.zone.eu\/lt\/product\/speciali-priemone-akriliniams-dazams-liquitex-aerografui-2\/"},"modified":"2015-08-01T14:45:25","modified_gmt":"2015-08-01T11:45:25","slug":"speciali-priemone-akriliniams-dazams-liquitex-aerografui","status":"publish","type":"product","link":"https:\/\/www.hobstop.ee\/lt\/produktas\/speciali-priemone-akriliniams-dazams-liquitex-aerografui\/","title":{"rendered":"Speciali priemon\u0117 akriliniams da\u017eams Liquitex aerografui"},"content":{"rendered":"<p>Aerograf\u0173 priedas \u201eLiquitex\u201c atskied\u017eia akrilinius da\u017eus, akvarel\u0119 ir gua\u0161\u0105 ir nepakeisdamas pigmento padaro juos tinkamus naudojimui su aerografu. Spalvos i\u0161lieka ry\u0161kiomis, nenuken\u010dia nat\u016bralios pigmento savyb\u0117s. Priedas apsaugo aerograf\u0105 nuo u\u017esikim\u0161imo. Galima naudoti su kitais \u201eLiquitex\u201c priedais.<\/p>\n","protected":false},"excerpt":{"rendered":"<p>Aerograf\u0173 priedas \u201eLiquitex\u201c atskied\u017eia akrilinius da\u017eus, akvarel\u0119 ir gua\u0161\u0105 ir nepakeisdamas pigmento padaro juos tinkamus naudojimui su aerografu. Spalvos i\u0161lieka ry\u0161kiomis, nenuken\u010dia nat\u016bralios pigmento savyb\u0117s. Priedas apsaugo aerograf\u0105 nuo u\u017esikim\u0161imo. Galima naudoti su kitais \u201eLiquitex\u201c priedais.<\/p>\n","protected":false},"featured_media":353796,"comment_status":"closed","ping_status":"closed","template":"","meta":{"_acf_changed":false,"ep_exclude_from_search":false},"product_cat":[18998,16124,17981],"product_tag":[],"class_list":{"0":"post-196345","1":"product","2":"type-product","3":"status-publish","4":"has-post-thumbnail","6":"product_cat-akriliniu-dazu-priedai-2","7":"product_cat-dailes-prekes","8":"product_cat-dazai-ir-priedai-tapybai","10":"first","11":"outofstock","12":"taxable","13":"shipping-taxable","14":"purchasable","15":"product-type-variable"},"acf":[],"yoast_head":"<!-- This site is optimized with the Yoast SEO plugin v24.1 - https:\/\/yoast.com\/wordpress\/plugins\/seo\/ -->\n<title>Speciali priemon\u0117 akriliniams da\u017eams Liquitex aerografui &#8211; Skizze<\/title>\n<meta name=\"robots\" content=\"noindex, follow, max-snippet:-1, max-image-preview:large, max-video-preview:-1\" \/>\n<meta property=\"og:locale\" content=\"lt_LT\" \/>\n<meta property=\"og:type\" content=\"article\" \/>\n<meta property=\"og:title\" content=\"Speciali priemon\u0117 akriliniams da\u017eams Liquitex aerografui &#8211; Skizze\" \/>\n<meta property=\"og:description\" content=\"Aerograf\u0173 priedas \u201eLiquitex\u201c atskied\u017eia akrilinius da\u017eus, akvarel\u0119 ir gua\u0161\u0105 ir nepakeisdamas pigmento padaro juos tinkamus naudojimui su aerografu. Spalvos i\u0161lieka ry\u0161kiomis, nenuken\u010dia nat\u016bralios pigmento savyb\u0117s. Priedas apsaugo aerograf\u0105 nuo u\u017esikim\u0161imo. Galima naudoti su kitais \u201eLiquitex\u201c priedais.\" \/>\n<meta property=\"og:url\" content=\"https:\/\/www.hobstop.ee\/lt\/produktas\/speciali-priemone-akriliniams-dazams-liquitex-aerografui\/\" \/>\n<meta property=\"og:site_name\" content=\"Skizze\" \/>\n<meta property=\"article:publisher\" content=\"http:\/\/www.facebook.com\/VunderSkizze\" \/>\n<meta property=\"og:image\" content=\"https:\/\/www.hobstop.ee\/media\/74.jpg\" \/>\n\t<meta property=\"og:image:width\" content=\"1024\" \/>\n\t<meta property=\"og:image:height\" content=\"768\" \/>\n\t<meta property=\"og:image:type\" content=\"image\/jpeg\" \/>\n<meta name=\"twitter:card\" content=\"summary_large_image\" \/>\n<script type=\"application\/ld+json\" class=\"yoast-schema-graph\">{\"@context\":\"https:\/\/schema.org\",\"@graph\":[{\"@type\":\"WebPage\",\"@id\":\"https:\/\/www.hobstop.ee\/lt\/produktas\/speciali-priemone-akriliniams-dazams-liquitex-aerografui\/\",\"url\":\"https:\/\/www.hobstop.ee\/lt\/produktas\/speciali-priemone-akriliniams-dazams-liquitex-aerografui\/\",\"name\":\"Speciali priemon\u0117 akriliniams da\u017eams Liquitex aerografui &#8211; Skizze\",\"isPartOf\":{\"@id\":\"https:\/\/www.hobstop.ee\/lt\/#website\"},\"primaryImageOfPage\":{\"@id\":\"https:\/\/www.hobstop.ee\/lt\/produktas\/speciali-priemone-akriliniams-dazams-liquitex-aerografui\/#primaryimage\"},\"image\":{\"@id\":\"https:\/\/www.hobstop.ee\/lt\/produktas\/speciali-priemone-akriliniams-dazams-liquitex-aerografui\/#primaryimage\"},\"thumbnailUrl\":\"https:\/\/www.hobstop.ee\/media\/74.jpg\",\"datePublished\":\"2015-08-01T11:45:25+00:00\",\"dateModified\":\"2015-08-01T11:45:25+00:00\",\"breadcrumb\":{\"@id\":\"https:\/\/www.hobstop.ee\/lt\/produktas\/speciali-priemone-akriliniams-dazams-liquitex-aerografui\/#breadcrumb\"},\"inLanguage\":\"lt\",\"potentialAction\":[{\"@type\":\"ReadAction\",\"target\":[\"https:\/\/www.hobstop.ee\/lt\/produktas\/speciali-priemone-akriliniams-dazams-liquitex-aerografui\/\"]}]},{\"@type\":\"ImageObject\",\"inLanguage\":\"lt\",\"@id\":\"https:\/\/www.hobstop.ee\/lt\/produktas\/speciali-priemone-akriliniams-dazams-liquitex-aerografui\/#primaryimage\",\"url\":\"https:\/\/www.hobstop.ee\/media\/74.jpg\",\"contentUrl\":\"https:\/\/www.hobstop.ee\/media\/74.jpg\",\"width\":1024,\"height\":768},{\"@type\":\"BreadcrumbList\",\"@id\":\"https:\/\/www.hobstop.ee\/lt\/produktas\/speciali-priemone-akriliniams-dazams-liquitex-aerografui\/#breadcrumb\",\"itemListElement\":[{\"@type\":\"ListItem\",\"position\":1,\"name\":\"Avaleht\",\"item\":\"https:\/\/www.hobstop.ee\/lt\/\"},{\"@type\":\"ListItem\",\"position\":2,\"name\":\"Parduotuv\u0117\",\"item\":\"https:\/\/www.hobstop.ee\/lt\/parduotuve\/\"},{\"@type\":\"ListItem\",\"position\":3,\"name\":\"Speciali priemon\u0117 akriliniams da\u017eams Liquitex aerografui\"}]},{\"@type\":\"WebSite\",\"@id\":\"https:\/\/www.hobstop.ee\/lt\/#website\",\"url\":\"https:\/\/www.hobstop.ee\/lt\/\",\"name\":\"Skizze\",\"description\":\"Dail\u0117s, pom\u0117gi\u0173 ir mokykliniai reikm\u0117nys\",\"publisher\":{\"@id\":\"https:\/\/www.hobstop.ee\/lt\/#organization\"},\"potentialAction\":[{\"@type\":\"SearchAction\",\"target\":{\"@type\":\"EntryPoint\",\"urlTemplate\":\"https:\/\/www.hobstop.ee\/lt\/?s={search_term_string}\"},\"query-input\":{\"@type\":\"PropertyValueSpecification\",\"valueRequired\":true,\"valueName\":\"search_term_string\"}}],\"inLanguage\":\"lt\"},{\"@type\":\"Organization\",\"@id\":\"https:\/\/www.hobstop.ee\/lt\/#organization\",\"name\":\"Vunder AS\",\"url\":\"https:\/\/www.hobstop.ee\/lt\/\",\"logo\":{\"@type\":\"ImageObject\",\"inLanguage\":\"lt\",\"@id\":\"https:\/\/www.hobstop.ee\/lt\/#\/schema\/logo\/image\/\",\"url\":\"https:\/\/hobstop.ee\/media\/vunder-logo.png\",\"contentUrl\":\"https:\/\/hobstop.ee\/media\/vunder-logo.png\",\"width\":127,\"height\":55,\"caption\":\"Vunder AS\"},\"image\":{\"@id\":\"https:\/\/www.hobstop.ee\/lt\/#\/schema\/logo\/image\/\"},\"sameAs\":[\"http:\/\/www.facebook.com\/VunderSkizze\"]}]}<\/script>\n<!-- \/ Yoast SEO plugin. -->","yoast_head_json":{"title":"Speciali priemon\u0117 akriliniams da\u017eams Liquitex aerografui &#8211; Skizze","robots":{"index":"noindex","follow":"follow","max-snippet":"max-snippet:-1","max-image-preview":"max-image-preview:large","max-video-preview":"max-video-preview:-1"},"og_locale":"lt_LT","og_type":"article","og_title":"Speciali priemon\u0117 akriliniams da\u017eams Liquitex aerografui &#8211; Skizze","og_description":"Aerograf\u0173 priedas \u201eLiquitex\u201c atskied\u017eia akrilinius da\u017eus, akvarel\u0119 ir gua\u0161\u0105 ir nepakeisdamas pigmento padaro juos tinkamus naudojimui su aerografu. Spalvos i\u0161lieka ry\u0161kiomis, nenuken\u010dia nat\u016bralios pigmento savyb\u0117s. Priedas apsaugo aerograf\u0105 nuo u\u017esikim\u0161imo. Galima naudoti su kitais \u201eLiquitex\u201c priedais.","og_url":"https:\/\/www.hobstop.ee\/lt\/produktas\/speciali-priemone-akriliniams-dazams-liquitex-aerografui\/","og_site_name":"Skizze","article_publisher":"http:\/\/www.facebook.com\/VunderSkizze","og_image":[{"width":1024,"height":768,"url":"https:\/\/www.hobstop.ee\/media\/74.jpg","type":"image\/jpeg"}],"twitter_card":"summary_large_image","schema":{"@context":"https:\/\/schema.org","@graph":[{"@type":"WebPage","@id":"https:\/\/www.hobstop.ee\/lt\/produktas\/speciali-priemone-akriliniams-dazams-liquitex-aerografui\/","url":"https:\/\/www.hobstop.ee\/lt\/produktas\/speciali-priemone-akriliniams-dazams-liquitex-aerografui\/","name":"Speciali priemon\u0117 akriliniams da\u017eams Liquitex aerografui &#8211; Skizze","isPartOf":{"@id":"https:\/\/www.hobstop.ee\/lt\/#website"},"primaryImageOfPage":{"@id":"https:\/\/www.hobstop.ee\/lt\/produktas\/speciali-priemone-akriliniams-dazams-liquitex-aerografui\/#primaryimage"},"image":{"@id":"https:\/\/www.hobstop.ee\/lt\/produktas\/speciali-priemone-akriliniams-dazams-liquitex-aerografui\/#primaryimage"},"thumbnailUrl":"https:\/\/www.hobstop.ee\/media\/74.jpg","datePublished":"2015-08-01T11:45:25+00:00","dateModified":"2015-08-01T11:45:25+00:00","breadcrumb":{"@id":"https:\/\/www.hobstop.ee\/lt\/produktas\/speciali-priemone-akriliniams-dazams-liquitex-aerografui\/#breadcrumb"},"inLanguage":"lt","potentialAction":[{"@type":"ReadAction","target":["https:\/\/www.hobstop.ee\/lt\/produktas\/speciali-priemone-akriliniams-dazams-liquitex-aerografui\/"]}]},{"@type":"ImageObject","inLanguage":"lt","@id":"https:\/\/www.hobstop.ee\/lt\/produktas\/speciali-priemone-akriliniams-dazams-liquitex-aerografui\/#primaryimage","url":"https:\/\/www.hobstop.ee\/media\/74.jpg","contentUrl":"https:\/\/www.hobstop.ee\/media\/74.jpg","width":1024,"height":768},{"@type":"BreadcrumbList","@id":"https:\/\/www.hobstop.ee\/lt\/produktas\/speciali-priemone-akriliniams-dazams-liquitex-aerografui\/#breadcrumb","itemListElement":[{"@type":"ListItem","position":1,"name":"Avaleht","item":"https:\/\/www.hobstop.ee\/lt\/"},{"@type":"ListItem","position":2,"name":"Parduotuv\u0117","item":"https:\/\/www.hobstop.ee\/lt\/parduotuve\/"},{"@type":"ListItem","position":3,"name":"Speciali priemon\u0117 akriliniams da\u017eams Liquitex aerografui"}]},{"@type":"WebSite","@id":"https:\/\/www.hobstop.ee\/lt\/#website","url":"https:\/\/www.hobstop.ee\/lt\/","name":"Skizze","description":"Dail\u0117s, pom\u0117gi\u0173 ir mokykliniai reikm\u0117nys","publisher":{"@id":"https:\/\/www.hobstop.ee\/lt\/#organization"},"potentialAction":[{"@type":"SearchAction","target":{"@type":"EntryPoint","urlTemplate":"https:\/\/www.hobstop.ee\/lt\/?s={search_term_string}"},"query-input":{"@type":"PropertyValueSpecification","valueRequired":true,"valueName":"search_term_string"}}],"inLanguage":"lt"},{"@type":"Organization","@id":"https:\/\/www.hobstop.ee\/lt\/#organization","name":"Vunder AS","url":"https:\/\/www.hobstop.ee\/lt\/","logo":{"@type":"ImageObject","inLanguage":"lt","@id":"https:\/\/www.hobstop.ee\/lt\/#\/schema\/logo\/image\/","url":"https:\/\/hobstop.ee\/media\/vunder-logo.png","contentUrl":"https:\/\/hobstop.ee\/media\/vunder-logo.png","width":127,"height":55,"caption":"Vunder AS"},"image":{"@id":"https:\/\/www.hobstop.ee\/lt\/#\/schema\/logo\/image\/"},"sameAs":["http:\/\/www.facebook.com\/VunderSkizze"]}]}},"_links":{"self":[{"href":"https:\/\/www.hobstop.ee\/lt\/wp-json\/wp\/v2\/product\/196345","targetHints":{"allow":["GET"]}}],"collection":[{"href":"https:\/\/www.hobstop.ee\/lt\/wp-json\/wp\/v2\/product"}],"about":[{"href":"https:\/\/www.hobstop.ee\/lt\/wp-json\/wp\/v2\/types\/product"}],"replies":[{"embeddable":true,"href":"https:\/\/www.hobstop.ee\/lt\/wp-json\/wp\/v2\/comments?post=196345"}],"wp:featuredmedia":[{"embeddable":true,"href":"https:\/\/www.hobstop.ee\/lt\/wp-json\/wp\/v2\/media\/353796"}],"wp:attachment":[{"href":"https:\/\/www.hobstop.ee\/lt\/wp-json\/wp\/v2\/media?parent=196345"}],"wp:term":[{"taxonomy":"product_cat","embeddable":true,"href":"https:\/\/www.hobstop.ee\/lt\/wp-json\/wp\/v2\/product_cat?post=196345"},{"taxonomy":"product_tag","embeddable":true,"href":"https:\/\/www.hobstop.ee\/lt\/wp-json\/wp\/v2\/product_tag?post=196345"}],"curies":[{"name":"wp","href":"https:\/\/api.w.org\/{rel}","templated":true}]}}