{"id":197445,"date":"2015-08-01T17:27:21","date_gmt":"2015-08-01T14:27:21","guid":{"rendered":"http:\/\/vunder-ee.sn25.zone.eu\/lt\/product\/zaislinis-automobilis-automoblox-mini-hr-1-hotrod-coupe\/"},"modified":"2015-08-01T17:27:21","modified_gmt":"2015-08-01T14:27:21","slug":"zaislinis-automobilis-automoblox-mini-hr-1-hotrod-coupe","status":"publish","type":"product","link":"https:\/\/www.hobstop.ee\/lt\/produktas\/zaislinis-automobilis-automoblox-mini-hr-1-hotrod-coupe\/","title":{"rendered":"\u017daislinis automobilis Automoblox Mini HR-1 hotrod coupe"},"content":{"rendered":"<p>\u201eHR-1\u201c yra sportinis automobilis, kuris su savo galingu varikliu ir dideliu grei\u010diu yra tiesiog sukurtas keliams u\u017ekariauti. \u201eHR-1\u201c yra tikrasis hot-rod.<br \/>\nDalys: k\u0117bulas (3 dalys), ratlankiai (4vnt.), padangos (4vnt.), stogas (1vnt.)<br \/>\nMatmenys: 10.4&#215;6.4&#215;5.1cm<\/p>\n<p>\u201eAutomoblox Mini\u201c yra suma\u017einta \u201eAutomoblox Original\u201c versija. Tikras ateities automobilis su retro atgarsiais, kuriuo \u0161aunu \u017eaisti, o jo formas liesti. \u201eMini\u201c modeliai turi universal\u0173 dali\u0173 jungikl\u012f, kuriuo galima sujungti \u012fvairias \u201eMini\u201c automobili\u0173 dalis. Automobilio k\u0117bulas yra pagamintas i\u0161 medienos. \u201eMini\u201c ir \u201eOriginals\u201c k\u0117bulo dali\u0173 viena su kita sujungti negalima.<br \/>\nTinka vyresniems nei 3 met\u0173 vaikams, sud\u0117tyje yra smulki\u0173 dali\u0173.<\/p>\n","protected":false},"excerpt":{"rendered":"<p>\u201eHR-1\u201c yra sportinis automobilis, kuris su savo galingu varikliu ir dideliu grei\u010diu yra tiesiog sukurtas keliams u\u017ekariauti. \u201eHR-1\u201c yra tikrasis hot-rod. Dalys: k\u0117bulas (3 dalys), ratlankiai (4vnt.), padangos (4vnt.), stogas (1vnt.) Matmenys: 10.4&#215;6.4&#215;5.1cm \u201eAutomoblox Mini\u201c yra suma\u017einta \u201eAutomoblox Original\u201c versija. Tikras ateities automobilis su retro atgarsiais, kuriuo \u0161aunu \u017eaisti, o jo formas liesti. \u201eMini\u201c modeliai turi universal\u0173 dali\u0173 jungikl\u012f, kuriuo galima sujungti \u012fvairias \u201eMini\u201c automobili\u0173 dalis. Automobilio k\u0117bulas yra pagamintas i\u0161 medienos. \u201eMini\u201c ir \u201eOriginals\u201c k\u0117bulo dali\u0173 viena su kita sujungti negalima. Tinka vyresniems nei 3 met\u0173 vaikams, sud\u0117tyje yra smulki\u0173 dali\u0173.<\/p>\n","protected":false},"featured_media":0,"comment_status":"closed","ping_status":"closed","template":"","meta":{"_acf_changed":false,"ep_exclude_from_search":false},"product_cat":[20028,19836,20031],"product_tag":[],"class_list":{"0":"post-197445","1":"product","2":"type-product","3":"status-publish","5":"product_cat-ugdomieji-zaislai","6":"product_cat-vaiku-laisvalaikio-prekes","7":"product_cat-zaislines-masineles","9":"first","10":"instock","11":"taxable","12":"shipping-taxable","13":"purchasable","14":"product-type-variable"},"acf":[],"yoast_head":"<!-- This site is optimized with the Yoast SEO plugin v24.1 - https:\/\/yoast.com\/wordpress\/plugins\/seo\/ -->\n<title>\u017daislinis automobilis Automoblox Mini HR-1 hotrod coupe &#8211; Skizze<\/title>\n<meta name=\"robots\" content=\"noindex, follow, max-snippet:-1, max-image-preview:large, max-video-preview:-1\" \/>\n<meta property=\"og:locale\" content=\"lt_LT\" \/>\n<meta property=\"og:type\" content=\"article\" \/>\n<meta property=\"og:title\" content=\"\u017daislinis automobilis Automoblox Mini HR-1 hotrod coupe &#8211; Skizze\" \/>\n<meta property=\"og:description\" content=\"\u201eHR-1\u201c yra sportinis automobilis, kuris su savo galingu varikliu ir dideliu grei\u010diu yra tiesiog sukurtas keliams u\u017ekariauti. \u201eHR-1\u201c yra tikrasis hot-rod. Dalys: k\u0117bulas (3 dalys), ratlankiai (4vnt.), padangos (4vnt.), stogas (1vnt.) Matmenys: 10.4&#215;6.4&#215;5.1cm \u201eAutomoblox Mini\u201c yra suma\u017einta \u201eAutomoblox Original\u201c versija. Tikras ateities automobilis su retro atgarsiais, kuriuo \u0161aunu \u017eaisti, o jo formas liesti. \u201eMini\u201c modeliai turi universal\u0173 dali\u0173 jungikl\u012f, kuriuo galima sujungti \u012fvairias \u201eMini\u201c automobili\u0173 dalis. Automobilio k\u0117bulas yra pagamintas i\u0161 medienos. \u201eMini\u201c ir \u201eOriginals\u201c k\u0117bulo dali\u0173 viena su kita sujungti negalima. Tinka vyresniems nei 3 met\u0173 vaikams, sud\u0117tyje yra smulki\u0173 dali\u0173.\" \/>\n<meta property=\"og:url\" content=\"https:\/\/www.hobstop.ee\/lt\/produktas\/zaislinis-automobilis-automoblox-mini-hr-1-hotrod-coupe\/\" \/>\n<meta property=\"og:site_name\" content=\"Skizze\" \/>\n<meta property=\"article:publisher\" content=\"http:\/\/www.facebook.com\/VunderSkizze\" \/>\n<meta name=\"twitter:card\" content=\"summary_large_image\" \/>\n<script type=\"application\/ld+json\" class=\"yoast-schema-graph\">{\"@context\":\"https:\/\/schema.org\",\"@graph\":[{\"@type\":\"WebPage\",\"@id\":\"https:\/\/www.hobstop.ee\/lt\/produktas\/zaislinis-automobilis-automoblox-mini-hr-1-hotrod-coupe\/\",\"url\":\"https:\/\/www.hobstop.ee\/lt\/produktas\/zaislinis-automobilis-automoblox-mini-hr-1-hotrod-coupe\/\",\"name\":\"\u017daislinis automobilis Automoblox Mini HR-1 hotrod coupe &#8211; Skizze\",\"isPartOf\":{\"@id\":\"https:\/\/hobstop.ee\/lt\/#website\"},\"datePublished\":\"2015-08-01T14:27:21+00:00\",\"dateModified\":\"2015-08-01T14:27:21+00:00\",\"breadcrumb\":{\"@id\":\"https:\/\/www.hobstop.ee\/lt\/produktas\/zaislinis-automobilis-automoblox-mini-hr-1-hotrod-coupe\/#breadcrumb\"},\"inLanguage\":\"lt\",\"potentialAction\":[{\"@type\":\"ReadAction\",\"target\":[\"https:\/\/www.hobstop.ee\/lt\/produktas\/zaislinis-automobilis-automoblox-mini-hr-1-hotrod-coupe\/\"]}]},{\"@type\":\"BreadcrumbList\",\"@id\":\"https:\/\/www.hobstop.ee\/lt\/produktas\/zaislinis-automobilis-automoblox-mini-hr-1-hotrod-coupe\/#breadcrumb\",\"itemListElement\":[{\"@type\":\"ListItem\",\"position\":1,\"name\":\"Avaleht\",\"item\":\"https:\/\/hobstop.ee\/lt\/\"},{\"@type\":\"ListItem\",\"position\":2,\"name\":\"Parduotuv\u0117\",\"item\":\"https:\/\/hobstop.ee\/lt\/parduotuve\/\"},{\"@type\":\"ListItem\",\"position\":3,\"name\":\"\u017daislinis automobilis Automoblox Mini HR-1 hotrod coupe\"}]},{\"@type\":\"WebSite\",\"@id\":\"https:\/\/hobstop.ee\/lt\/#website\",\"url\":\"https:\/\/hobstop.ee\/lt\/\",\"name\":\"Skizze\",\"description\":\"Dail\u0117s, pom\u0117gi\u0173 ir mokykliniai reikm\u0117nys\",\"publisher\":{\"@id\":\"https:\/\/hobstop.ee\/lt\/#organization\"},\"potentialAction\":[{\"@type\":\"SearchAction\",\"target\":{\"@type\":\"EntryPoint\",\"urlTemplate\":\"https:\/\/hobstop.ee\/lt\/?s={search_term_string}\"},\"query-input\":{\"@type\":\"PropertyValueSpecification\",\"valueRequired\":true,\"valueName\":\"search_term_string\"}}],\"inLanguage\":\"lt\"},{\"@type\":\"Organization\",\"@id\":\"https:\/\/hobstop.ee\/lt\/#organization\",\"name\":\"Vunder AS\",\"url\":\"https:\/\/hobstop.ee\/lt\/\",\"logo\":{\"@type\":\"ImageObject\",\"inLanguage\":\"lt\",\"@id\":\"https:\/\/hobstop.ee\/lt\/#\/schema\/logo\/image\/\",\"url\":\"https:\/\/hobstop.ee\/media\/vunder-logo.png\",\"contentUrl\":\"https:\/\/hobstop.ee\/media\/vunder-logo.png\",\"width\":127,\"height\":55,\"caption\":\"Vunder AS\"},\"image\":{\"@id\":\"https:\/\/hobstop.ee\/lt\/#\/schema\/logo\/image\/\"},\"sameAs\":[\"http:\/\/www.facebook.com\/VunderSkizze\"]}]}<\/script>\n<!-- \/ Yoast SEO plugin. -->","yoast_head_json":{"title":"\u017daislinis automobilis Automoblox Mini HR-1 hotrod coupe &#8211; Skizze","robots":{"index":"noindex","follow":"follow","max-snippet":"max-snippet:-1","max-image-preview":"max-image-preview:large","max-video-preview":"max-video-preview:-1"},"og_locale":"lt_LT","og_type":"article","og_title":"\u017daislinis automobilis Automoblox Mini HR-1 hotrod coupe &#8211; Skizze","og_description":"\u201eHR-1\u201c yra sportinis automobilis, kuris su savo galingu varikliu ir dideliu grei\u010diu yra tiesiog sukurtas keliams u\u017ekariauti. \u201eHR-1\u201c yra tikrasis hot-rod. Dalys: k\u0117bulas (3 dalys), ratlankiai (4vnt.), padangos (4vnt.), stogas (1vnt.) Matmenys: 10.4&#215;6.4&#215;5.1cm \u201eAutomoblox Mini\u201c yra suma\u017einta \u201eAutomoblox Original\u201c versija. Tikras ateities automobilis su retro atgarsiais, kuriuo \u0161aunu \u017eaisti, o jo formas liesti. \u201eMini\u201c modeliai turi universal\u0173 dali\u0173 jungikl\u012f, kuriuo galima sujungti \u012fvairias \u201eMini\u201c automobili\u0173 dalis. Automobilio k\u0117bulas yra pagamintas i\u0161 medienos. \u201eMini\u201c ir \u201eOriginals\u201c k\u0117bulo dali\u0173 viena su kita sujungti negalima. Tinka vyresniems nei 3 met\u0173 vaikams, sud\u0117tyje yra smulki\u0173 dali\u0173.","og_url":"https:\/\/www.hobstop.ee\/lt\/produktas\/zaislinis-automobilis-automoblox-mini-hr-1-hotrod-coupe\/","og_site_name":"Skizze","article_publisher":"http:\/\/www.facebook.com\/VunderSkizze","twitter_card":"summary_large_image","schema":{"@context":"https:\/\/schema.org","@graph":[{"@type":"WebPage","@id":"https:\/\/www.hobstop.ee\/lt\/produktas\/zaislinis-automobilis-automoblox-mini-hr-1-hotrod-coupe\/","url":"https:\/\/www.hobstop.ee\/lt\/produktas\/zaislinis-automobilis-automoblox-mini-hr-1-hotrod-coupe\/","name":"\u017daislinis automobilis Automoblox Mini HR-1 hotrod coupe &#8211; Skizze","isPartOf":{"@id":"https:\/\/hobstop.ee\/lt\/#website"},"datePublished":"2015-08-01T14:27:21+00:00","dateModified":"2015-08-01T14:27:21+00:00","breadcrumb":{"@id":"https:\/\/www.hobstop.ee\/lt\/produktas\/zaislinis-automobilis-automoblox-mini-hr-1-hotrod-coupe\/#breadcrumb"},"inLanguage":"lt","potentialAction":[{"@type":"ReadAction","target":["https:\/\/www.hobstop.ee\/lt\/produktas\/zaislinis-automobilis-automoblox-mini-hr-1-hotrod-coupe\/"]}]},{"@type":"BreadcrumbList","@id":"https:\/\/www.hobstop.ee\/lt\/produktas\/zaislinis-automobilis-automoblox-mini-hr-1-hotrod-coupe\/#breadcrumb","itemListElement":[{"@type":"ListItem","position":1,"name":"Avaleht","item":"https:\/\/hobstop.ee\/lt\/"},{"@type":"ListItem","position":2,"name":"Parduotuv\u0117","item":"https:\/\/hobstop.ee\/lt\/parduotuve\/"},{"@type":"ListItem","position":3,"name":"\u017daislinis automobilis Automoblox Mini HR-1 hotrod coupe"}]},{"@type":"WebSite","@id":"https:\/\/hobstop.ee\/lt\/#website","url":"https:\/\/hobstop.ee\/lt\/","name":"Skizze","description":"Dail\u0117s, pom\u0117gi\u0173 ir mokykliniai reikm\u0117nys","publisher":{"@id":"https:\/\/hobstop.ee\/lt\/#organization"},"potentialAction":[{"@type":"SearchAction","target":{"@type":"EntryPoint","urlTemplate":"https:\/\/hobstop.ee\/lt\/?s={search_term_string}"},"query-input":{"@type":"PropertyValueSpecification","valueRequired":true,"valueName":"search_term_string"}}],"inLanguage":"lt"},{"@type":"Organization","@id":"https:\/\/hobstop.ee\/lt\/#organization","name":"Vunder AS","url":"https:\/\/hobstop.ee\/lt\/","logo":{"@type":"ImageObject","inLanguage":"lt","@id":"https:\/\/hobstop.ee\/lt\/#\/schema\/logo\/image\/","url":"https:\/\/hobstop.ee\/media\/vunder-logo.png","contentUrl":"https:\/\/hobstop.ee\/media\/vunder-logo.png","width":127,"height":55,"caption":"Vunder AS"},"image":{"@id":"https:\/\/hobstop.ee\/lt\/#\/schema\/logo\/image\/"},"sameAs":["http:\/\/www.facebook.com\/VunderSkizze"]}]}},"_links":{"self":[{"href":"https:\/\/www.hobstop.ee\/lt\/wp-json\/wp\/v2\/product\/197445","targetHints":{"allow":["GET"]}}],"collection":[{"href":"https:\/\/www.hobstop.ee\/lt\/wp-json\/wp\/v2\/product"}],"about":[{"href":"https:\/\/www.hobstop.ee\/lt\/wp-json\/wp\/v2\/types\/product"}],"replies":[{"embeddable":true,"href":"https:\/\/www.hobstop.ee\/lt\/wp-json\/wp\/v2\/comments?post=197445"}],"wp:attachment":[{"href":"https:\/\/www.hobstop.ee\/lt\/wp-json\/wp\/v2\/media?parent=197445"}],"wp:term":[{"taxonomy":"product_cat","embeddable":true,"href":"https:\/\/www.hobstop.ee\/lt\/wp-json\/wp\/v2\/product_cat?post=197445"},{"taxonomy":"product_tag","embeddable":true,"href":"https:\/\/www.hobstop.ee\/lt\/wp-json\/wp\/v2\/product_tag?post=197445"}],"curies":[{"name":"wp","href":"https:\/\/api.w.org\/{rel}","templated":true}]}}