{"id":212905,"date":"2015-06-01T15:14:14","date_gmt":"2015-09-09T12:14:14","guid":{"rendered":"http:\/\/vunder-ee.sn25.zone.eu\/lt\/product\/akvareliniai-dazai-rinkinys-professional-piccadilly\/"},"modified":"2015-09-09T15:14:14","modified_gmt":"2015-09-09T12:14:14","slug":"akvareliniu-dazu-kubeliu-12-rinkinys-professional-piccadilly","status":"publish","type":"product","link":"https:\/\/www.hobstop.ee\/lt\/produktas\/akvareliniu-dazu-kubeliu-12-rinkinys-professional-piccadilly\/","title":{"rendered":"Akvarelini\u0173 da\u017e\u0173 kubeli\u0173 1\/2 rinkinys Professional Piccadilly"},"content":{"rendered":"<p>Nuo pat 1832 met\u0173, kai Henris ir Viljamas Winsorai pasauliui pristat\u0117 pirmuosius dr\u0117gnus akvarelinius da\u017eus, \u201eWinsor&#038;Newton\u201c auk\u0161\u010diausios kokyb\u0117s reputacija t\u0119siama profesionali\u0173 akvarelini\u0173 da\u017e\u0173 serijoje. Pra\u0117jus daugiau nei 170 met\u0173 original\u016bs \u201eWinsor&#038;Newton\u201c dr\u0117gni akvareliniai da\u017eai ir toliau gaminami laikantis pagrindini\u0173 \u012fmon\u0117s princip\u0173 \u2013 sukurti originali\u0105 akvarelini\u0173 da\u017e\u0173 serij\u0105, kuri dalininkams si\u016blo pla\u010diausi\u0105 ir geriausiai subalansuot\u0105 patvariausi\u0173 pigment\u0173 pasirinkim\u0105. Grie\u017etai laikydamasi \u0161i\u0173 princip\u0173 \u201eWinsor&#038;Newton\u201c pasiek\u0117, kad da\u017e\u0173 spalvos yra ai\u0161kios, skaidrios ir grynos. XXI am\u017eiuje \u0161ios pagrindin\u0117s savyb\u0117s yra pasiekiamos pasirenkant i\u0161skirtines \u017ealiavas, pagal u\u017esakym\u0105 pagamint\u0105 \u012frang\u0105 ir patyrusi\u0173 chemik\u0173 bei dailinink\u0173, kurie praleido vis\u0105 savo gyvenim\u0105 kurdami profesionalius akvarelinius da\u017eus, sukurtas profesionalias formules. \u0160iandien akvarelini\u0173 da\u017e\u0173 \u201eWinsor&#038;Newton Professional\u201c linija pasi\u017eymi geriausiais pigment\u0173 technologijos pasiekim\u0173 panaudojimu ir gamybos b\u016bdais, kurie remiasi auk\u0161tais kompanijos kokyb\u0117s standartais \u2013 gaminti dar ry\u0161kesnius, skaidresnius ir patvaresnius da\u017eus. Labai svarbu, kad i\u0161laikoma dauguma sen\u0173j\u0173 originali\u0173 formuli\u0173 \u2013 \u012frodyta, kad j\u0173 ne\u012fmanoma patobulinti!<\/p>\n","protected":false},"excerpt":{"rendered":"<p>Nuo pat 1832 met\u0173, kai Henris ir Viljamas Winsorai pasauliui pristat\u0117 pirmuosius dr\u0117gnus akvarelinius da\u017eus, \u201eWinsor&#038;Newton\u201c auk\u0161\u010diausios kokyb\u0117s reputacija t\u0119siama profesionali\u0173 akvarelini\u0173 da\u017e\u0173 serijoje. Pra\u0117jus daugiau nei 170 met\u0173 original\u016bs \u201eWinsor&#038;Newton\u201c dr\u0117gni akvareliniai da\u017eai ir toliau gaminami laikantis pagrindini\u0173 \u012fmon\u0117s princip\u0173 \u2013 sukurti originali\u0105 akvarelini\u0173 da\u017e\u0173 serij\u0105, kuri dalininkams si\u016blo pla\u010diausi\u0105 ir geriausiai subalansuot\u0105 patvariausi\u0173 pigment\u0173 pasirinkim\u0105. Grie\u017etai laikydamasi \u0161i\u0173 princip\u0173 \u201eWinsor&#038;Newton\u201c pasiek\u0117, kad da\u017e\u0173 spalvos yra ai\u0161kios, skaidrios ir grynos. XXI am\u017eiuje \u0161ios pagrindin\u0117s savyb\u0117s yra pasiekiamos pasirenkant i\u0161skirtines \u017ealiavas, pagal u\u017esakym\u0105 pagamint\u0105 \u012frang\u0105 ir patyrusi\u0173 chemik\u0173 bei dailinink\u0173, kurie praleido vis\u0105 savo gyvenim\u0105 kurdami profesionalius akvarelinius da\u017eus, sukurtas profesionalias formules. \u0160iandien akvarelini\u0173 da\u017e\u0173 \u201eWinsor&#038;Newton Professional\u201c linija pasi\u017eymi geriausiais pigment\u0173 technologijos pasiekim\u0173 panaudojimu ir gamybos b\u016bdais, kurie remiasi auk\u0161tais kompanijos kokyb\u0117s standartais \u2013 gaminti dar ry\u0161kesnius, skaidresnius ir patvaresnius da\u017eus. Labai svarbu, kad i\u0161laikoma dauguma sen\u0173j\u0173 originali\u0173 formuli\u0173 \u2013 \u012frodyta, kad j\u0173 ne\u012fmanoma patobulinti!<\/p>\n","protected":false},"featured_media":0,"comment_status":"closed","ping_status":"closed","template":"","meta":{"_acf_changed":false,"ep_exclude_from_search":false},"product_cat":[19001,16124,17981],"product_tag":[],"class_list":{"0":"post-212905","1":"product","2":"type-product","3":"status-publish","5":"product_cat-akvareliniai-dazai-3","6":"product_cat-dailes-prekes","7":"product_cat-dazai-ir-priedai-tapybai","9":"first","10":"instock","11":"taxable","12":"shipping-taxable","13":"purchasable","14":"product-type-variable"},"acf":[],"yoast_head":"<!-- This site is optimized with the Yoast SEO plugin v24.1 - https:\/\/yoast.com\/wordpress\/plugins\/seo\/ -->\n<title>Akvarelini\u0173 da\u017e\u0173 kubeli\u0173 1\/2 rinkinys Professional Piccadilly &#8211; Skizze<\/title>\n<meta name=\"robots\" content=\"noindex, follow, max-snippet:-1, max-image-preview:large, max-video-preview:-1\" \/>\n<meta property=\"og:locale\" content=\"lt_LT\" \/>\n<meta property=\"og:type\" content=\"article\" \/>\n<meta property=\"og:title\" content=\"Akvarelini\u0173 da\u017e\u0173 kubeli\u0173 1\/2 rinkinys Professional Piccadilly &#8211; Skizze\" \/>\n<meta property=\"og:description\" content=\"Nuo pat 1832 met\u0173, kai Henris ir Viljamas Winsorai pasauliui pristat\u0117 pirmuosius dr\u0117gnus akvarelinius da\u017eus, \u201eWinsor&#038;Newton\u201c auk\u0161\u010diausios kokyb\u0117s reputacija t\u0119siama profesionali\u0173 akvarelini\u0173 da\u017e\u0173 serijoje. Pra\u0117jus daugiau nei 170 met\u0173 original\u016bs \u201eWinsor&#038;Newton\u201c dr\u0117gni akvareliniai da\u017eai ir toliau gaminami laikantis pagrindini\u0173 \u012fmon\u0117s princip\u0173 \u2013 sukurti originali\u0105 akvarelini\u0173 da\u017e\u0173 serij\u0105, kuri dalininkams si\u016blo pla\u010diausi\u0105 ir geriausiai subalansuot\u0105 patvariausi\u0173 pigment\u0173 pasirinkim\u0105. Grie\u017etai laikydamasi \u0161i\u0173 princip\u0173 \u201eWinsor&#038;Newton\u201c pasiek\u0117, kad da\u017e\u0173 spalvos yra ai\u0161kios, skaidrios ir grynos. XXI am\u017eiuje \u0161ios pagrindin\u0117s savyb\u0117s yra pasiekiamos pasirenkant i\u0161skirtines \u017ealiavas, pagal u\u017esakym\u0105 pagamint\u0105 \u012frang\u0105 ir patyrusi\u0173 chemik\u0173 bei dailinink\u0173, kurie praleido vis\u0105 savo gyvenim\u0105 kurdami profesionalius akvarelinius da\u017eus, sukurtas profesionalias formules. \u0160iandien akvarelini\u0173 da\u017e\u0173 \u201eWinsor&#038;Newton Professional\u201c linija pasi\u017eymi geriausiais pigment\u0173 technologijos pasiekim\u0173 panaudojimu ir gamybos b\u016bdais, kurie remiasi auk\u0161tais kompanijos kokyb\u0117s standartais \u2013 gaminti dar ry\u0161kesnius, skaidresnius ir patvaresnius da\u017eus. Labai svarbu, kad i\u0161laikoma dauguma sen\u0173j\u0173 originali\u0173 formuli\u0173 \u2013 \u012frodyta, kad j\u0173 ne\u012fmanoma patobulinti!\" \/>\n<meta property=\"og:url\" content=\"https:\/\/www.hobstop.ee\/lt\/produktas\/akvareliniu-dazu-kubeliu-12-rinkinys-professional-piccadilly\/\" \/>\n<meta property=\"og:site_name\" content=\"Skizze\" \/>\n<meta property=\"article:publisher\" content=\"http:\/\/www.facebook.com\/VunderSkizze\" \/>\n<meta name=\"twitter:card\" content=\"summary_large_image\" \/>\n<meta name=\"twitter:label1\" content=\"Est. reading time\" \/>\n\t<meta name=\"twitter:data1\" content=\"1 minute\" \/>\n<script type=\"application\/ld+json\" class=\"yoast-schema-graph\">{\"@context\":\"https:\/\/schema.org\",\"@graph\":[{\"@type\":\"WebPage\",\"@id\":\"https:\/\/www.hobstop.ee\/lt\/produktas\/akvareliniu-dazu-kubeliu-12-rinkinys-professional-piccadilly\/\",\"url\":\"https:\/\/www.hobstop.ee\/lt\/produktas\/akvareliniu-dazu-kubeliu-12-rinkinys-professional-piccadilly\/\",\"name\":\"Akvarelini\u0173 da\u017e\u0173 kubeli\u0173 1\/2 rinkinys Professional Piccadilly &#8211; Skizze\",\"isPartOf\":{\"@id\":\"https:\/\/www.hobstop.ee\/lt\/#website\"},\"datePublished\":\"2015-09-09T12:14:14+00:00\",\"dateModified\":\"2015-09-09T12:14:14+00:00\",\"breadcrumb\":{\"@id\":\"https:\/\/www.hobstop.ee\/lt\/produktas\/akvareliniu-dazu-kubeliu-12-rinkinys-professional-piccadilly\/#breadcrumb\"},\"inLanguage\":\"lt\",\"potentialAction\":[{\"@type\":\"ReadAction\",\"target\":[\"https:\/\/www.hobstop.ee\/lt\/produktas\/akvareliniu-dazu-kubeliu-12-rinkinys-professional-piccadilly\/\"]}]},{\"@type\":\"BreadcrumbList\",\"@id\":\"https:\/\/www.hobstop.ee\/lt\/produktas\/akvareliniu-dazu-kubeliu-12-rinkinys-professional-piccadilly\/#breadcrumb\",\"itemListElement\":[{\"@type\":\"ListItem\",\"position\":1,\"name\":\"Avaleht\",\"item\":\"https:\/\/www.hobstop.ee\/lt\/\"},{\"@type\":\"ListItem\",\"position\":2,\"name\":\"Parduotuv\u0117\",\"item\":\"https:\/\/www.hobstop.ee\/lt\/parduotuve\/\"},{\"@type\":\"ListItem\",\"position\":3,\"name\":\"Akvarelini\u0173 da\u017e\u0173 kubeli\u0173 1\/2 rinkinys Professional Piccadilly\"}]},{\"@type\":\"WebSite\",\"@id\":\"https:\/\/www.hobstop.ee\/lt\/#website\",\"url\":\"https:\/\/www.hobstop.ee\/lt\/\",\"name\":\"Skizze\",\"description\":\"Dail\u0117s, pom\u0117gi\u0173 ir mokykliniai reikm\u0117nys\",\"publisher\":{\"@id\":\"https:\/\/www.hobstop.ee\/lt\/#organization\"},\"potentialAction\":[{\"@type\":\"SearchAction\",\"target\":{\"@type\":\"EntryPoint\",\"urlTemplate\":\"https:\/\/www.hobstop.ee\/lt\/?s={search_term_string}\"},\"query-input\":{\"@type\":\"PropertyValueSpecification\",\"valueRequired\":true,\"valueName\":\"search_term_string\"}}],\"inLanguage\":\"lt\"},{\"@type\":\"Organization\",\"@id\":\"https:\/\/www.hobstop.ee\/lt\/#organization\",\"name\":\"Vunder AS\",\"url\":\"https:\/\/www.hobstop.ee\/lt\/\",\"logo\":{\"@type\":\"ImageObject\",\"inLanguage\":\"lt\",\"@id\":\"https:\/\/www.hobstop.ee\/lt\/#\/schema\/logo\/image\/\",\"url\":\"https:\/\/hobstop.ee\/media\/vunder-logo.png\",\"contentUrl\":\"https:\/\/hobstop.ee\/media\/vunder-logo.png\",\"width\":127,\"height\":55,\"caption\":\"Vunder AS\"},\"image\":{\"@id\":\"https:\/\/www.hobstop.ee\/lt\/#\/schema\/logo\/image\/\"},\"sameAs\":[\"http:\/\/www.facebook.com\/VunderSkizze\"]}]}<\/script>\n<!-- \/ Yoast SEO plugin. -->","yoast_head_json":{"title":"Akvarelini\u0173 da\u017e\u0173 kubeli\u0173 1\/2 rinkinys Professional Piccadilly &#8211; Skizze","robots":{"index":"noindex","follow":"follow","max-snippet":"max-snippet:-1","max-image-preview":"max-image-preview:large","max-video-preview":"max-video-preview:-1"},"og_locale":"lt_LT","og_type":"article","og_title":"Akvarelini\u0173 da\u017e\u0173 kubeli\u0173 1\/2 rinkinys Professional Piccadilly &#8211; Skizze","og_description":"Nuo pat 1832 met\u0173, kai Henris ir Viljamas Winsorai pasauliui pristat\u0117 pirmuosius dr\u0117gnus akvarelinius da\u017eus, \u201eWinsor&#038;Newton\u201c auk\u0161\u010diausios kokyb\u0117s reputacija t\u0119siama profesionali\u0173 akvarelini\u0173 da\u017e\u0173 serijoje. Pra\u0117jus daugiau nei 170 met\u0173 original\u016bs \u201eWinsor&#038;Newton\u201c dr\u0117gni akvareliniai da\u017eai ir toliau gaminami laikantis pagrindini\u0173 \u012fmon\u0117s princip\u0173 \u2013 sukurti originali\u0105 akvarelini\u0173 da\u017e\u0173 serij\u0105, kuri dalininkams si\u016blo pla\u010diausi\u0105 ir geriausiai subalansuot\u0105 patvariausi\u0173 pigment\u0173 pasirinkim\u0105. Grie\u017etai laikydamasi \u0161i\u0173 princip\u0173 \u201eWinsor&#038;Newton\u201c pasiek\u0117, kad da\u017e\u0173 spalvos yra ai\u0161kios, skaidrios ir grynos. XXI am\u017eiuje \u0161ios pagrindin\u0117s savyb\u0117s yra pasiekiamos pasirenkant i\u0161skirtines \u017ealiavas, pagal u\u017esakym\u0105 pagamint\u0105 \u012frang\u0105 ir patyrusi\u0173 chemik\u0173 bei dailinink\u0173, kurie praleido vis\u0105 savo gyvenim\u0105 kurdami profesionalius akvarelinius da\u017eus, sukurtas profesionalias formules. \u0160iandien akvarelini\u0173 da\u017e\u0173 \u201eWinsor&#038;Newton Professional\u201c linija pasi\u017eymi geriausiais pigment\u0173 technologijos pasiekim\u0173 panaudojimu ir gamybos b\u016bdais, kurie remiasi auk\u0161tais kompanijos kokyb\u0117s standartais \u2013 gaminti dar ry\u0161kesnius, skaidresnius ir patvaresnius da\u017eus. Labai svarbu, kad i\u0161laikoma dauguma sen\u0173j\u0173 originali\u0173 formuli\u0173 \u2013 \u012frodyta, kad j\u0173 ne\u012fmanoma patobulinti!","og_url":"https:\/\/www.hobstop.ee\/lt\/produktas\/akvareliniu-dazu-kubeliu-12-rinkinys-professional-piccadilly\/","og_site_name":"Skizze","article_publisher":"http:\/\/www.facebook.com\/VunderSkizze","twitter_card":"summary_large_image","twitter_misc":{"Est. reading time":"1 minute"},"schema":{"@context":"https:\/\/schema.org","@graph":[{"@type":"WebPage","@id":"https:\/\/www.hobstop.ee\/lt\/produktas\/akvareliniu-dazu-kubeliu-12-rinkinys-professional-piccadilly\/","url":"https:\/\/www.hobstop.ee\/lt\/produktas\/akvareliniu-dazu-kubeliu-12-rinkinys-professional-piccadilly\/","name":"Akvarelini\u0173 da\u017e\u0173 kubeli\u0173 1\/2 rinkinys Professional Piccadilly &#8211; Skizze","isPartOf":{"@id":"https:\/\/www.hobstop.ee\/lt\/#website"},"datePublished":"2015-09-09T12:14:14+00:00","dateModified":"2015-09-09T12:14:14+00:00","breadcrumb":{"@id":"https:\/\/www.hobstop.ee\/lt\/produktas\/akvareliniu-dazu-kubeliu-12-rinkinys-professional-piccadilly\/#breadcrumb"},"inLanguage":"lt","potentialAction":[{"@type":"ReadAction","target":["https:\/\/www.hobstop.ee\/lt\/produktas\/akvareliniu-dazu-kubeliu-12-rinkinys-professional-piccadilly\/"]}]},{"@type":"BreadcrumbList","@id":"https:\/\/www.hobstop.ee\/lt\/produktas\/akvareliniu-dazu-kubeliu-12-rinkinys-professional-piccadilly\/#breadcrumb","itemListElement":[{"@type":"ListItem","position":1,"name":"Avaleht","item":"https:\/\/www.hobstop.ee\/lt\/"},{"@type":"ListItem","position":2,"name":"Parduotuv\u0117","item":"https:\/\/www.hobstop.ee\/lt\/parduotuve\/"},{"@type":"ListItem","position":3,"name":"Akvarelini\u0173 da\u017e\u0173 kubeli\u0173 1\/2 rinkinys Professional Piccadilly"}]},{"@type":"WebSite","@id":"https:\/\/www.hobstop.ee\/lt\/#website","url":"https:\/\/www.hobstop.ee\/lt\/","name":"Skizze","description":"Dail\u0117s, pom\u0117gi\u0173 ir mokykliniai reikm\u0117nys","publisher":{"@id":"https:\/\/www.hobstop.ee\/lt\/#organization"},"potentialAction":[{"@type":"SearchAction","target":{"@type":"EntryPoint","urlTemplate":"https:\/\/www.hobstop.ee\/lt\/?s={search_term_string}"},"query-input":{"@type":"PropertyValueSpecification","valueRequired":true,"valueName":"search_term_string"}}],"inLanguage":"lt"},{"@type":"Organization","@id":"https:\/\/www.hobstop.ee\/lt\/#organization","name":"Vunder AS","url":"https:\/\/www.hobstop.ee\/lt\/","logo":{"@type":"ImageObject","inLanguage":"lt","@id":"https:\/\/www.hobstop.ee\/lt\/#\/schema\/logo\/image\/","url":"https:\/\/hobstop.ee\/media\/vunder-logo.png","contentUrl":"https:\/\/hobstop.ee\/media\/vunder-logo.png","width":127,"height":55,"caption":"Vunder AS"},"image":{"@id":"https:\/\/www.hobstop.ee\/lt\/#\/schema\/logo\/image\/"},"sameAs":["http:\/\/www.facebook.com\/VunderSkizze"]}]}},"_links":{"self":[{"href":"https:\/\/www.hobstop.ee\/lt\/wp-json\/wp\/v2\/product\/212905","targetHints":{"allow":["GET"]}}],"collection":[{"href":"https:\/\/www.hobstop.ee\/lt\/wp-json\/wp\/v2\/product"}],"about":[{"href":"https:\/\/www.hobstop.ee\/lt\/wp-json\/wp\/v2\/types\/product"}],"replies":[{"embeddable":true,"href":"https:\/\/www.hobstop.ee\/lt\/wp-json\/wp\/v2\/comments?post=212905"}],"wp:attachment":[{"href":"https:\/\/www.hobstop.ee\/lt\/wp-json\/wp\/v2\/media?parent=212905"}],"wp:term":[{"taxonomy":"product_cat","embeddable":true,"href":"https:\/\/www.hobstop.ee\/lt\/wp-json\/wp\/v2\/product_cat?post=212905"},{"taxonomy":"product_tag","embeddable":true,"href":"https:\/\/www.hobstop.ee\/lt\/wp-json\/wp\/v2\/product_tag?post=212905"}],"curies":[{"name":"wp","href":"https:\/\/api.w.org\/{rel}","templated":true}]}}