{"id":212953,"date":"2015-06-01T15:15:00","date_gmt":"2015-09-09T12:15:00","guid":{"rendered":"http:\/\/vunder-ee.sn25.zone.eu\/lt\/product\/akvareliniu-dazu-priedas-winsornewton-gum-arabic-2\/"},"modified":"2015-09-09T15:15:00","modified_gmt":"2015-09-09T12:15:00","slug":"akvareliniu-dazu-priedas-winsornewton-gum-arabic","status":"publish","type":"product","link":"https:\/\/www.hobstop.ee\/lt\/produktas\/akvareliniu-dazu-priedas-winsornewton-gum-arabic\/","title":{"rendered":"Akvarelini\u0173 da\u017e\u0173 priedas Winsor&#038;Newton Gum Arabic"},"content":{"rendered":"<p>Bly\u0161kus spalvotas tirpalas, dr\u0117gn\u0173 da\u017e\u0173 pot\u0117piams kontroliuoti, ma\u017eina d\u0117m\u0117tum\u0105 ir sul\u0117tina d\u017eiuvim\u0105. Galima skiesti vandeniu<\/p>\n","protected":false},"excerpt":{"rendered":"<p>Bly\u0161kus spalvotas tirpalas, dr\u0117gn\u0173 da\u017e\u0173 pot\u0117piams kontroliuoti, ma\u017eina d\u0117m\u0117tum\u0105 ir sul\u0117tina d\u017eiuvim\u0105. Galima skiesti vandeniu<\/p>\n","protected":false},"featured_media":221464,"comment_status":"closed","ping_status":"closed","template":"","meta":{"_acf_changed":false,"ep_exclude_from_search":false},"product_cat":[19004,16124,17981],"product_tag":[],"class_list":{"0":"post-212953","1":"product","2":"type-product","3":"status-publish","4":"has-post-thumbnail","6":"product_cat-akvareliu-dazu-priedai-2","7":"product_cat-dailes-prekes","8":"product_cat-dazai-ir-priedai-tapybai","10":"first","11":"outofstock","12":"taxable","13":"shipping-taxable","14":"purchasable","15":"product-type-variable"},"acf":[],"yoast_head":"<!-- This site is optimized with the Yoast SEO plugin v24.1 - https:\/\/yoast.com\/wordpress\/plugins\/seo\/ -->\n<title>Akvarelini\u0173 da\u017e\u0173 priedas Winsor&amp;Newton Gum Arabic &#8211; Skizze<\/title>\n<meta name=\"robots\" content=\"noindex, follow, max-snippet:-1, max-image-preview:large, max-video-preview:-1\" \/>\n<meta property=\"og:locale\" content=\"lt_LT\" \/>\n<meta property=\"og:type\" content=\"article\" \/>\n<meta property=\"og:title\" content=\"Akvarelini\u0173 da\u017e\u0173 priedas Winsor&amp;Newton Gum Arabic &#8211; Skizze\" \/>\n<meta property=\"og:description\" content=\"Bly\u0161kus spalvotas tirpalas, dr\u0117gn\u0173 da\u017e\u0173 pot\u0117piams kontroliuoti, ma\u017eina d\u0117m\u0117tum\u0105 ir sul\u0117tina d\u017eiuvim\u0105. Galima skiesti vandeniu\" \/>\n<meta property=\"og:url\" content=\"https:\/\/www.hobstop.ee\/lt\/produktas\/akvareliniu-dazu-priedas-winsornewton-gum-arabic\/\" \/>\n<meta property=\"og:site_name\" content=\"Skizze\" \/>\n<meta property=\"article:publisher\" content=\"http:\/\/www.facebook.com\/VunderSkizze\" \/>\n<meta property=\"og:image\" content=\"https:\/\/www.hobstop.ee\/media\/114.jpg\" \/>\n\t<meta property=\"og:image:width\" content=\"1024\" \/>\n\t<meta property=\"og:image:height\" content=\"768\" \/>\n\t<meta property=\"og:image:type\" content=\"image\/jpeg\" \/>\n<meta name=\"twitter:card\" content=\"summary_large_image\" \/>\n<script type=\"application\/ld+json\" class=\"yoast-schema-graph\">{\"@context\":\"https:\/\/schema.org\",\"@graph\":[{\"@type\":\"WebPage\",\"@id\":\"https:\/\/www.hobstop.ee\/lt\/produktas\/akvareliniu-dazu-priedas-winsornewton-gum-arabic\/\",\"url\":\"https:\/\/www.hobstop.ee\/lt\/produktas\/akvareliniu-dazu-priedas-winsornewton-gum-arabic\/\",\"name\":\"Akvarelini\u0173 da\u017e\u0173 priedas Winsor&Newton Gum Arabic &#8211; Skizze\",\"isPartOf\":{\"@id\":\"https:\/\/www.hobstop.ee\/lt\/#website\"},\"primaryImageOfPage\":{\"@id\":\"https:\/\/www.hobstop.ee\/lt\/produktas\/akvareliniu-dazu-priedas-winsornewton-gum-arabic\/#primaryimage\"},\"image\":{\"@id\":\"https:\/\/www.hobstop.ee\/lt\/produktas\/akvareliniu-dazu-priedas-winsornewton-gum-arabic\/#primaryimage\"},\"thumbnailUrl\":\"https:\/\/www.hobstop.ee\/media\/114.jpg\",\"datePublished\":\"2015-09-09T12:15:00+00:00\",\"dateModified\":\"2015-09-09T12:15:00+00:00\",\"breadcrumb\":{\"@id\":\"https:\/\/www.hobstop.ee\/lt\/produktas\/akvareliniu-dazu-priedas-winsornewton-gum-arabic\/#breadcrumb\"},\"inLanguage\":\"lt\",\"potentialAction\":[{\"@type\":\"ReadAction\",\"target\":[\"https:\/\/www.hobstop.ee\/lt\/produktas\/akvareliniu-dazu-priedas-winsornewton-gum-arabic\/\"]}]},{\"@type\":\"ImageObject\",\"inLanguage\":\"lt\",\"@id\":\"https:\/\/www.hobstop.ee\/lt\/produktas\/akvareliniu-dazu-priedas-winsornewton-gum-arabic\/#primaryimage\",\"url\":\"https:\/\/www.hobstop.ee\/media\/114.jpg\",\"contentUrl\":\"https:\/\/www.hobstop.ee\/media\/114.jpg\",\"width\":1024,\"height\":768},{\"@type\":\"BreadcrumbList\",\"@id\":\"https:\/\/www.hobstop.ee\/lt\/produktas\/akvareliniu-dazu-priedas-winsornewton-gum-arabic\/#breadcrumb\",\"itemListElement\":[{\"@type\":\"ListItem\",\"position\":1,\"name\":\"Avaleht\",\"item\":\"https:\/\/www.hobstop.ee\/lt\/\"},{\"@type\":\"ListItem\",\"position\":2,\"name\":\"Parduotuv\u0117\",\"item\":\"https:\/\/www.hobstop.ee\/lt\/parduotuve\/\"},{\"@type\":\"ListItem\",\"position\":3,\"name\":\"Akvarelini\u0173 da\u017e\u0173 priedas Winsor&#038;Newton Gum Arabic\"}]},{\"@type\":\"WebSite\",\"@id\":\"https:\/\/www.hobstop.ee\/lt\/#website\",\"url\":\"https:\/\/www.hobstop.ee\/lt\/\",\"name\":\"Skizze\",\"description\":\"Dail\u0117s, pom\u0117gi\u0173 ir mokykliniai reikm\u0117nys\",\"publisher\":{\"@id\":\"https:\/\/www.hobstop.ee\/lt\/#organization\"},\"potentialAction\":[{\"@type\":\"SearchAction\",\"target\":{\"@type\":\"EntryPoint\",\"urlTemplate\":\"https:\/\/www.hobstop.ee\/lt\/?s={search_term_string}\"},\"query-input\":{\"@type\":\"PropertyValueSpecification\",\"valueRequired\":true,\"valueName\":\"search_term_string\"}}],\"inLanguage\":\"lt\"},{\"@type\":\"Organization\",\"@id\":\"https:\/\/www.hobstop.ee\/lt\/#organization\",\"name\":\"Vunder AS\",\"url\":\"https:\/\/www.hobstop.ee\/lt\/\",\"logo\":{\"@type\":\"ImageObject\",\"inLanguage\":\"lt\",\"@id\":\"https:\/\/www.hobstop.ee\/lt\/#\/schema\/logo\/image\/\",\"url\":\"https:\/\/hobstop.ee\/media\/vunder-logo.png\",\"contentUrl\":\"https:\/\/hobstop.ee\/media\/vunder-logo.png\",\"width\":127,\"height\":55,\"caption\":\"Vunder AS\"},\"image\":{\"@id\":\"https:\/\/www.hobstop.ee\/lt\/#\/schema\/logo\/image\/\"},\"sameAs\":[\"http:\/\/www.facebook.com\/VunderSkizze\"]}]}<\/script>\n<!-- \/ Yoast SEO plugin. -->","yoast_head_json":{"title":"Akvarelini\u0173 da\u017e\u0173 priedas Winsor&Newton Gum Arabic &#8211; Skizze","robots":{"index":"noindex","follow":"follow","max-snippet":"max-snippet:-1","max-image-preview":"max-image-preview:large","max-video-preview":"max-video-preview:-1"},"og_locale":"lt_LT","og_type":"article","og_title":"Akvarelini\u0173 da\u017e\u0173 priedas Winsor&Newton Gum Arabic &#8211; Skizze","og_description":"Bly\u0161kus spalvotas tirpalas, dr\u0117gn\u0173 da\u017e\u0173 pot\u0117piams kontroliuoti, ma\u017eina d\u0117m\u0117tum\u0105 ir sul\u0117tina d\u017eiuvim\u0105. Galima skiesti vandeniu","og_url":"https:\/\/www.hobstop.ee\/lt\/produktas\/akvareliniu-dazu-priedas-winsornewton-gum-arabic\/","og_site_name":"Skizze","article_publisher":"http:\/\/www.facebook.com\/VunderSkizze","og_image":[{"width":1024,"height":768,"url":"https:\/\/www.hobstop.ee\/media\/114.jpg","type":"image\/jpeg"}],"twitter_card":"summary_large_image","schema":{"@context":"https:\/\/schema.org","@graph":[{"@type":"WebPage","@id":"https:\/\/www.hobstop.ee\/lt\/produktas\/akvareliniu-dazu-priedas-winsornewton-gum-arabic\/","url":"https:\/\/www.hobstop.ee\/lt\/produktas\/akvareliniu-dazu-priedas-winsornewton-gum-arabic\/","name":"Akvarelini\u0173 da\u017e\u0173 priedas Winsor&Newton Gum Arabic &#8211; Skizze","isPartOf":{"@id":"https:\/\/www.hobstop.ee\/lt\/#website"},"primaryImageOfPage":{"@id":"https:\/\/www.hobstop.ee\/lt\/produktas\/akvareliniu-dazu-priedas-winsornewton-gum-arabic\/#primaryimage"},"image":{"@id":"https:\/\/www.hobstop.ee\/lt\/produktas\/akvareliniu-dazu-priedas-winsornewton-gum-arabic\/#primaryimage"},"thumbnailUrl":"https:\/\/www.hobstop.ee\/media\/114.jpg","datePublished":"2015-09-09T12:15:00+00:00","dateModified":"2015-09-09T12:15:00+00:00","breadcrumb":{"@id":"https:\/\/www.hobstop.ee\/lt\/produktas\/akvareliniu-dazu-priedas-winsornewton-gum-arabic\/#breadcrumb"},"inLanguage":"lt","potentialAction":[{"@type":"ReadAction","target":["https:\/\/www.hobstop.ee\/lt\/produktas\/akvareliniu-dazu-priedas-winsornewton-gum-arabic\/"]}]},{"@type":"ImageObject","inLanguage":"lt","@id":"https:\/\/www.hobstop.ee\/lt\/produktas\/akvareliniu-dazu-priedas-winsornewton-gum-arabic\/#primaryimage","url":"https:\/\/www.hobstop.ee\/media\/114.jpg","contentUrl":"https:\/\/www.hobstop.ee\/media\/114.jpg","width":1024,"height":768},{"@type":"BreadcrumbList","@id":"https:\/\/www.hobstop.ee\/lt\/produktas\/akvareliniu-dazu-priedas-winsornewton-gum-arabic\/#breadcrumb","itemListElement":[{"@type":"ListItem","position":1,"name":"Avaleht","item":"https:\/\/www.hobstop.ee\/lt\/"},{"@type":"ListItem","position":2,"name":"Parduotuv\u0117","item":"https:\/\/www.hobstop.ee\/lt\/parduotuve\/"},{"@type":"ListItem","position":3,"name":"Akvarelini\u0173 da\u017e\u0173 priedas Winsor&#038;Newton Gum Arabic"}]},{"@type":"WebSite","@id":"https:\/\/www.hobstop.ee\/lt\/#website","url":"https:\/\/www.hobstop.ee\/lt\/","name":"Skizze","description":"Dail\u0117s, pom\u0117gi\u0173 ir mokykliniai reikm\u0117nys","publisher":{"@id":"https:\/\/www.hobstop.ee\/lt\/#organization"},"potentialAction":[{"@type":"SearchAction","target":{"@type":"EntryPoint","urlTemplate":"https:\/\/www.hobstop.ee\/lt\/?s={search_term_string}"},"query-input":{"@type":"PropertyValueSpecification","valueRequired":true,"valueName":"search_term_string"}}],"inLanguage":"lt"},{"@type":"Organization","@id":"https:\/\/www.hobstop.ee\/lt\/#organization","name":"Vunder AS","url":"https:\/\/www.hobstop.ee\/lt\/","logo":{"@type":"ImageObject","inLanguage":"lt","@id":"https:\/\/www.hobstop.ee\/lt\/#\/schema\/logo\/image\/","url":"https:\/\/hobstop.ee\/media\/vunder-logo.png","contentUrl":"https:\/\/hobstop.ee\/media\/vunder-logo.png","width":127,"height":55,"caption":"Vunder AS"},"image":{"@id":"https:\/\/www.hobstop.ee\/lt\/#\/schema\/logo\/image\/"},"sameAs":["http:\/\/www.facebook.com\/VunderSkizze"]}]}},"_links":{"self":[{"href":"https:\/\/www.hobstop.ee\/lt\/wp-json\/wp\/v2\/product\/212953","targetHints":{"allow":["GET"]}}],"collection":[{"href":"https:\/\/www.hobstop.ee\/lt\/wp-json\/wp\/v2\/product"}],"about":[{"href":"https:\/\/www.hobstop.ee\/lt\/wp-json\/wp\/v2\/types\/product"}],"replies":[{"embeddable":true,"href":"https:\/\/www.hobstop.ee\/lt\/wp-json\/wp\/v2\/comments?post=212953"}],"wp:featuredmedia":[{"embeddable":true,"href":"https:\/\/www.hobstop.ee\/lt\/wp-json\/wp\/v2\/media\/221464"}],"wp:attachment":[{"href":"https:\/\/www.hobstop.ee\/lt\/wp-json\/wp\/v2\/media?parent=212953"}],"wp:term":[{"taxonomy":"product_cat","embeddable":true,"href":"https:\/\/www.hobstop.ee\/lt\/wp-json\/wp\/v2\/product_cat?post=212953"},{"taxonomy":"product_tag","embeddable":true,"href":"https:\/\/www.hobstop.ee\/lt\/wp-json\/wp\/v2\/product_tag?post=212953"}],"curies":[{"name":"wp","href":"https:\/\/api.w.org\/{rel}","templated":true}]}}