{"id":232445,"date":"2015-11-02T11:41:26","date_gmt":"2015-11-02T09:41:26","guid":{"rendered":"https:\/\/sharks.ee\/vunder_2019\/lt\/product\/zymeklis-manuscript-callicreative\/"},"modified":"2015-11-02T11:41:26","modified_gmt":"2015-11-02T09:41:26","slug":"zymeklis-manuscript-callicreative","status":"publish","type":"product","link":"https:\/\/www.hobstop.ee\/lt\/produktas\/zymeklis-manuscript-callicreative\/","title":{"rendered":"\u017dymeklis Manuscript Callicreative"},"content":{"rendered":"<p>Metalo spalvos kaligrafinis ra\u0161iklis \u201eManuscript Callicreative\u201c bet kokiam darbui suteikia \u017eavaus blizgesio. Unikalus dizainas u\u017etikrina, kad nuplaunamas tu\u0161as i\u0161 patvaraus ir kokybi\u0161ko itali\u0161ko pluo\u0161to galiuko tek\u0117s laisva ir nenutr\u016bkstama srove, nes metalin\u0117s spalvos pigmento nereikia i\u0161spausti i\u0161 ra\u0161iklio. Patogiai suimamas ir ergonomi\u0161kas.<\/p>\n","protected":false},"excerpt":{"rendered":"<p>Metalo spalvos kaligrafinis ra\u0161iklis \u201eManuscript Callicreative\u201c bet kokiam darbui suteikia \u017eavaus blizgesio. Unikalus dizainas u\u017etikrina, kad nuplaunamas tu\u0161as i\u0161 patvaraus ir kokybi\u0161ko itali\u0161ko pluo\u0161to galiuko tek\u0117s laisva ir nenutr\u016bkstama srove, nes metalin\u0117s spalvos pigmento nereikia i\u0161spausti i\u0161 ra\u0161iklio. Patogiai suimamas ir ergonomi\u0161kas.<\/p>\n","protected":false},"featured_media":233150,"comment_status":"closed","ping_status":"closed","template":"","meta":{"_acf_changed":false,"ep_exclude_from_search":false},"product_cat":[19697,17042],"product_tag":[],"class_list":{"0":"post-232445","1":"product","2":"type-product","3":"status-publish","4":"has-post-thumbnail","6":"product_cat-permanentiniai-zymekliai","7":"product_cat-rasymo-priemones-2","9":"first","10":"instock","11":"taxable","12":"shipping-taxable","13":"purchasable","14":"product-type-simple"},"acf":[],"yoast_head":"<!-- This site is optimized with the Yoast SEO plugin v24.1 - https:\/\/yoast.com\/wordpress\/plugins\/seo\/ -->\n<title>\u017dymeklis Manuscript Callicreative &#8211; Skizze<\/title>\n<meta name=\"robots\" content=\"noindex, follow, max-snippet:-1, max-image-preview:large, max-video-preview:-1\" \/>\n<meta property=\"og:locale\" content=\"lt_LT\" \/>\n<meta property=\"og:type\" content=\"article\" \/>\n<meta property=\"og:title\" content=\"\u017dymeklis Manuscript Callicreative &#8211; Skizze\" \/>\n<meta property=\"og:description\" content=\"Metalo spalvos kaligrafinis ra\u0161iklis \u201eManuscript Callicreative\u201c bet kokiam darbui suteikia \u017eavaus blizgesio. Unikalus dizainas u\u017etikrina, kad nuplaunamas tu\u0161as i\u0161 patvaraus ir kokybi\u0161ko itali\u0161ko pluo\u0161to galiuko tek\u0117s laisva ir nenutr\u016bkstama srove, nes metalin\u0117s spalvos pigmento nereikia i\u0161spausti i\u0161 ra\u0161iklio. Patogiai suimamas ir ergonomi\u0161kas.\" \/>\n<meta property=\"og:url\" content=\"https:\/\/www.hobstop.ee\/lt\/produktas\/zymeklis-manuscript-callicreative\/\" \/>\n<meta property=\"og:site_name\" content=\"Skizze\" \/>\n<meta property=\"article:publisher\" content=\"http:\/\/www.facebook.com\/VunderSkizze\" \/>\n<meta property=\"og:image\" content=\"https:\/\/hobstop.ee\/media\/4013.jpg\" \/>\n\t<meta property=\"og:image:width\" content=\"1024\" \/>\n\t<meta property=\"og:image:height\" content=\"768\" \/>\n\t<meta property=\"og:image:type\" content=\"image\/jpeg\" \/>\n<meta name=\"twitter:card\" content=\"summary_large_image\" \/>\n<script type=\"application\/ld+json\" class=\"yoast-schema-graph\">{\"@context\":\"https:\/\/schema.org\",\"@graph\":[{\"@type\":\"WebPage\",\"@id\":\"https:\/\/www.hobstop.ee\/lt\/produktas\/zymeklis-manuscript-callicreative\/\",\"url\":\"https:\/\/www.hobstop.ee\/lt\/produktas\/zymeklis-manuscript-callicreative\/\",\"name\":\"\u017dymeklis Manuscript Callicreative &#8211; Skizze\",\"isPartOf\":{\"@id\":\"https:\/\/hobstop.ee\/lt\/#website\"},\"primaryImageOfPage\":{\"@id\":\"https:\/\/www.hobstop.ee\/lt\/produktas\/zymeklis-manuscript-callicreative\/#primaryimage\"},\"image\":{\"@id\":\"https:\/\/www.hobstop.ee\/lt\/produktas\/zymeklis-manuscript-callicreative\/#primaryimage\"},\"thumbnailUrl\":\"https:\/\/www.hobstop.ee\/media\/4013.jpg\",\"datePublished\":\"2015-11-02T09:41:26+00:00\",\"dateModified\":\"2015-11-02T09:41:26+00:00\",\"breadcrumb\":{\"@id\":\"https:\/\/www.hobstop.ee\/lt\/produktas\/zymeklis-manuscript-callicreative\/#breadcrumb\"},\"inLanguage\":\"lt\",\"potentialAction\":[{\"@type\":\"ReadAction\",\"target\":[\"https:\/\/www.hobstop.ee\/lt\/produktas\/zymeklis-manuscript-callicreative\/\"]}]},{\"@type\":\"ImageObject\",\"inLanguage\":\"lt\",\"@id\":\"https:\/\/www.hobstop.ee\/lt\/produktas\/zymeklis-manuscript-callicreative\/#primaryimage\",\"url\":\"https:\/\/www.hobstop.ee\/media\/4013.jpg\",\"contentUrl\":\"https:\/\/www.hobstop.ee\/media\/4013.jpg\",\"width\":1024,\"height\":768},{\"@type\":\"BreadcrumbList\",\"@id\":\"https:\/\/www.hobstop.ee\/lt\/produktas\/zymeklis-manuscript-callicreative\/#breadcrumb\",\"itemListElement\":[{\"@type\":\"ListItem\",\"position\":1,\"name\":\"Avaleht\",\"item\":\"https:\/\/hobstop.ee\/lt\/\"},{\"@type\":\"ListItem\",\"position\":2,\"name\":\"Parduotuv\u0117\",\"item\":\"https:\/\/hobstop.ee\/lt\/parduotuve\/\"},{\"@type\":\"ListItem\",\"position\":3,\"name\":\"\u017dymeklis Manuscript Callicreative\"}]},{\"@type\":\"WebSite\",\"@id\":\"https:\/\/hobstop.ee\/lt\/#website\",\"url\":\"https:\/\/hobstop.ee\/lt\/\",\"name\":\"Skizze\",\"description\":\"Dail\u0117s, pom\u0117gi\u0173 ir mokykliniai reikm\u0117nys\",\"publisher\":{\"@id\":\"https:\/\/hobstop.ee\/lt\/#organization\"},\"potentialAction\":[{\"@type\":\"SearchAction\",\"target\":{\"@type\":\"EntryPoint\",\"urlTemplate\":\"https:\/\/hobstop.ee\/lt\/?s={search_term_string}\"},\"query-input\":{\"@type\":\"PropertyValueSpecification\",\"valueRequired\":true,\"valueName\":\"search_term_string\"}}],\"inLanguage\":\"lt\"},{\"@type\":\"Organization\",\"@id\":\"https:\/\/hobstop.ee\/lt\/#organization\",\"name\":\"Vunder AS\",\"url\":\"https:\/\/hobstop.ee\/lt\/\",\"logo\":{\"@type\":\"ImageObject\",\"inLanguage\":\"lt\",\"@id\":\"https:\/\/hobstop.ee\/lt\/#\/schema\/logo\/image\/\",\"url\":\"https:\/\/hobstop.ee\/media\/vunder-logo.png\",\"contentUrl\":\"https:\/\/hobstop.ee\/media\/vunder-logo.png\",\"width\":127,\"height\":55,\"caption\":\"Vunder AS\"},\"image\":{\"@id\":\"https:\/\/hobstop.ee\/lt\/#\/schema\/logo\/image\/\"},\"sameAs\":[\"http:\/\/www.facebook.com\/VunderSkizze\"]}]}<\/script>\n<!-- \/ Yoast SEO plugin. -->","yoast_head_json":{"title":"\u017dymeklis Manuscript Callicreative &#8211; Skizze","robots":{"index":"noindex","follow":"follow","max-snippet":"max-snippet:-1","max-image-preview":"max-image-preview:large","max-video-preview":"max-video-preview:-1"},"og_locale":"lt_LT","og_type":"article","og_title":"\u017dymeklis Manuscript Callicreative &#8211; Skizze","og_description":"Metalo spalvos kaligrafinis ra\u0161iklis \u201eManuscript Callicreative\u201c bet kokiam darbui suteikia \u017eavaus blizgesio. Unikalus dizainas u\u017etikrina, kad nuplaunamas tu\u0161as i\u0161 patvaraus ir kokybi\u0161ko itali\u0161ko pluo\u0161to galiuko tek\u0117s laisva ir nenutr\u016bkstama srove, nes metalin\u0117s spalvos pigmento nereikia i\u0161spausti i\u0161 ra\u0161iklio. Patogiai suimamas ir ergonomi\u0161kas.","og_url":"https:\/\/www.hobstop.ee\/lt\/produktas\/zymeklis-manuscript-callicreative\/","og_site_name":"Skizze","article_publisher":"http:\/\/www.facebook.com\/VunderSkizze","og_image":[{"width":1024,"height":768,"url":"https:\/\/hobstop.ee\/media\/4013.jpg","type":"image\/jpeg"}],"twitter_card":"summary_large_image","schema":{"@context":"https:\/\/schema.org","@graph":[{"@type":"WebPage","@id":"https:\/\/www.hobstop.ee\/lt\/produktas\/zymeklis-manuscript-callicreative\/","url":"https:\/\/www.hobstop.ee\/lt\/produktas\/zymeklis-manuscript-callicreative\/","name":"\u017dymeklis Manuscript Callicreative &#8211; Skizze","isPartOf":{"@id":"https:\/\/hobstop.ee\/lt\/#website"},"primaryImageOfPage":{"@id":"https:\/\/www.hobstop.ee\/lt\/produktas\/zymeklis-manuscript-callicreative\/#primaryimage"},"image":{"@id":"https:\/\/www.hobstop.ee\/lt\/produktas\/zymeklis-manuscript-callicreative\/#primaryimage"},"thumbnailUrl":"https:\/\/www.hobstop.ee\/media\/4013.jpg","datePublished":"2015-11-02T09:41:26+00:00","dateModified":"2015-11-02T09:41:26+00:00","breadcrumb":{"@id":"https:\/\/www.hobstop.ee\/lt\/produktas\/zymeklis-manuscript-callicreative\/#breadcrumb"},"inLanguage":"lt","potentialAction":[{"@type":"ReadAction","target":["https:\/\/www.hobstop.ee\/lt\/produktas\/zymeklis-manuscript-callicreative\/"]}]},{"@type":"ImageObject","inLanguage":"lt","@id":"https:\/\/www.hobstop.ee\/lt\/produktas\/zymeklis-manuscript-callicreative\/#primaryimage","url":"https:\/\/www.hobstop.ee\/media\/4013.jpg","contentUrl":"https:\/\/www.hobstop.ee\/media\/4013.jpg","width":1024,"height":768},{"@type":"BreadcrumbList","@id":"https:\/\/www.hobstop.ee\/lt\/produktas\/zymeklis-manuscript-callicreative\/#breadcrumb","itemListElement":[{"@type":"ListItem","position":1,"name":"Avaleht","item":"https:\/\/hobstop.ee\/lt\/"},{"@type":"ListItem","position":2,"name":"Parduotuv\u0117","item":"https:\/\/hobstop.ee\/lt\/parduotuve\/"},{"@type":"ListItem","position":3,"name":"\u017dymeklis Manuscript Callicreative"}]},{"@type":"WebSite","@id":"https:\/\/hobstop.ee\/lt\/#website","url":"https:\/\/hobstop.ee\/lt\/","name":"Skizze","description":"Dail\u0117s, pom\u0117gi\u0173 ir mokykliniai reikm\u0117nys","publisher":{"@id":"https:\/\/hobstop.ee\/lt\/#organization"},"potentialAction":[{"@type":"SearchAction","target":{"@type":"EntryPoint","urlTemplate":"https:\/\/hobstop.ee\/lt\/?s={search_term_string}"},"query-input":{"@type":"PropertyValueSpecification","valueRequired":true,"valueName":"search_term_string"}}],"inLanguage":"lt"},{"@type":"Organization","@id":"https:\/\/hobstop.ee\/lt\/#organization","name":"Vunder AS","url":"https:\/\/hobstop.ee\/lt\/","logo":{"@type":"ImageObject","inLanguage":"lt","@id":"https:\/\/hobstop.ee\/lt\/#\/schema\/logo\/image\/","url":"https:\/\/hobstop.ee\/media\/vunder-logo.png","contentUrl":"https:\/\/hobstop.ee\/media\/vunder-logo.png","width":127,"height":55,"caption":"Vunder AS"},"image":{"@id":"https:\/\/hobstop.ee\/lt\/#\/schema\/logo\/image\/"},"sameAs":["http:\/\/www.facebook.com\/VunderSkizze"]}]}},"_links":{"self":[{"href":"https:\/\/www.hobstop.ee\/lt\/wp-json\/wp\/v2\/product\/232445","targetHints":{"allow":["GET"]}}],"collection":[{"href":"https:\/\/www.hobstop.ee\/lt\/wp-json\/wp\/v2\/product"}],"about":[{"href":"https:\/\/www.hobstop.ee\/lt\/wp-json\/wp\/v2\/types\/product"}],"replies":[{"embeddable":true,"href":"https:\/\/www.hobstop.ee\/lt\/wp-json\/wp\/v2\/comments?post=232445"}],"wp:featuredmedia":[{"embeddable":true,"href":"https:\/\/www.hobstop.ee\/lt\/wp-json\/wp\/v2\/media\/233150"}],"wp:attachment":[{"href":"https:\/\/www.hobstop.ee\/lt\/wp-json\/wp\/v2\/media?parent=232445"}],"wp:term":[{"taxonomy":"product_cat","embeddable":true,"href":"https:\/\/www.hobstop.ee\/lt\/wp-json\/wp\/v2\/product_cat?post=232445"},{"taxonomy":"product_tag","embeddable":true,"href":"https:\/\/www.hobstop.ee\/lt\/wp-json\/wp\/v2\/product_tag?post=232445"}],"curies":[{"name":"wp","href":"https:\/\/api.w.org\/{rel}","templated":true}]}}