{"id":233853,"date":"2015-11-03T11:22:00","date_gmt":"2015-11-03T09:22:00","guid":{"rendered":"https:\/\/sharks.ee\/vunder_2019\/lt\/product\/antspaudo-pagalveliu-rinkinys-aladine-stampo-kids\/"},"modified":"2015-11-03T11:22:00","modified_gmt":"2015-11-03T09:22:00","slug":"antspaudo-pagalveliu-rinkinys-aladine-stampo-kids","status":"publish","type":"product","link":"https:\/\/www.hobstop.ee\/lt\/produktas\/antspaudo-pagalveliu-rinkinys-aladine-stampo-kids\/","title":{"rendered":"Antspaudo pagalv\u0117li\u0173 rinkinys Aladine Stampo Kids"},"content":{"rendered":"<p>Vaikams skirtas ry\u0161ki\u0173 spalv\u0173 ma\u017e\u0173 tu\u0161o pagalv\u0117li\u0173 komplektas. Paprasta ir patogu naudoti su \u201eAladine Stampo Kids\u201c antspaudais. Tu\u0161as yra lengvai nuplaunamas vandeniu. Tinka naudoti \u012fvairiems popieriaus darbams.<\/p>\n","protected":false},"excerpt":{"rendered":"<p>Vaikams skirtas ry\u0161ki\u0173 spalv\u0173 ma\u017e\u0173 tu\u0161o pagalv\u0117li\u0173 komplektas. Paprasta ir patogu naudoti su \u201eAladine Stampo Kids\u201c antspaudais. Tu\u0161as yra lengvai nuplaunamas vandeniu. Tinka naudoti \u012fvairiems popieriaus darbams.<\/p>\n","protected":false},"featured_media":234670,"comment_status":"closed","ping_status":"closed","template":"","meta":{"_acf_changed":false,"ep_exclude_from_search":false},"product_cat":[20390,20402,19836],"product_tag":[],"class_list":{"0":"post-233853","1":"product","2":"type-product","3":"status-publish","4":"has-post-thumbnail","6":"product_cat-dailes-prekes-2","7":"product_cat-spaudai","8":"product_cat-vaiku-laisvalaikio-prekes","10":"first","11":"instock","12":"taxable","13":"shipping-taxable","14":"purchasable","15":"product-type-simple"},"acf":[],"yoast_head":"<!-- This site is optimized with the Yoast SEO plugin v24.1 - https:\/\/yoast.com\/wordpress\/plugins\/seo\/ -->\n<title>Antspaudo pagalv\u0117li\u0173 rinkinys Aladine Stampo Kids &#8211; Skizze<\/title>\n<meta name=\"robots\" content=\"noindex, follow, max-snippet:-1, max-image-preview:large, max-video-preview:-1\" \/>\n<meta property=\"og:locale\" content=\"lt_LT\" \/>\n<meta property=\"og:type\" content=\"article\" \/>\n<meta property=\"og:title\" content=\"Antspaudo pagalv\u0117li\u0173 rinkinys Aladine Stampo Kids &#8211; Skizze\" \/>\n<meta property=\"og:description\" content=\"Vaikams skirtas ry\u0161ki\u0173 spalv\u0173 ma\u017e\u0173 tu\u0161o pagalv\u0117li\u0173 komplektas. Paprasta ir patogu naudoti su \u201eAladine Stampo Kids\u201c antspaudais. Tu\u0161as yra lengvai nuplaunamas vandeniu. Tinka naudoti \u012fvairiems popieriaus darbams.\" \/>\n<meta property=\"og:url\" content=\"https:\/\/www.hobstop.ee\/lt\/produktas\/antspaudo-pagalveliu-rinkinys-aladine-stampo-kids\/\" \/>\n<meta property=\"og:site_name\" content=\"Skizze\" \/>\n<meta property=\"article:publisher\" content=\"http:\/\/www.facebook.com\/VunderSkizze\" \/>\n<meta property=\"og:image\" content=\"https:\/\/www.hobstop.ee\/media\/3986.jpg\" \/>\n\t<meta property=\"og:image:width\" content=\"1024\" \/>\n\t<meta property=\"og:image:height\" content=\"768\" \/>\n\t<meta property=\"og:image:type\" content=\"image\/jpeg\" \/>\n<meta name=\"twitter:card\" content=\"summary_large_image\" \/>\n<script type=\"application\/ld+json\" class=\"yoast-schema-graph\">{\"@context\":\"https:\/\/schema.org\",\"@graph\":[{\"@type\":\"WebPage\",\"@id\":\"https:\/\/www.hobstop.ee\/lt\/produktas\/antspaudo-pagalveliu-rinkinys-aladine-stampo-kids\/\",\"url\":\"https:\/\/www.hobstop.ee\/lt\/produktas\/antspaudo-pagalveliu-rinkinys-aladine-stampo-kids\/\",\"name\":\"Antspaudo pagalv\u0117li\u0173 rinkinys Aladine Stampo Kids &#8211; Skizze\",\"isPartOf\":{\"@id\":\"https:\/\/hobstop.ee\/lt\/#website\"},\"primaryImageOfPage\":{\"@id\":\"https:\/\/www.hobstop.ee\/lt\/produktas\/antspaudo-pagalveliu-rinkinys-aladine-stampo-kids\/#primaryimage\"},\"image\":{\"@id\":\"https:\/\/www.hobstop.ee\/lt\/produktas\/antspaudo-pagalveliu-rinkinys-aladine-stampo-kids\/#primaryimage\"},\"thumbnailUrl\":\"https:\/\/www.hobstop.ee\/media\/3986.jpg\",\"datePublished\":\"2015-11-03T09:22:00+00:00\",\"dateModified\":\"2015-11-03T09:22:00+00:00\",\"breadcrumb\":{\"@id\":\"https:\/\/www.hobstop.ee\/lt\/produktas\/antspaudo-pagalveliu-rinkinys-aladine-stampo-kids\/#breadcrumb\"},\"inLanguage\":\"lt\",\"potentialAction\":[{\"@type\":\"ReadAction\",\"target\":[\"https:\/\/www.hobstop.ee\/lt\/produktas\/antspaudo-pagalveliu-rinkinys-aladine-stampo-kids\/\"]}]},{\"@type\":\"ImageObject\",\"inLanguage\":\"lt\",\"@id\":\"https:\/\/www.hobstop.ee\/lt\/produktas\/antspaudo-pagalveliu-rinkinys-aladine-stampo-kids\/#primaryimage\",\"url\":\"https:\/\/www.hobstop.ee\/media\/3986.jpg\",\"contentUrl\":\"https:\/\/www.hobstop.ee\/media\/3986.jpg\",\"width\":1024,\"height\":768},{\"@type\":\"BreadcrumbList\",\"@id\":\"https:\/\/www.hobstop.ee\/lt\/produktas\/antspaudo-pagalveliu-rinkinys-aladine-stampo-kids\/#breadcrumb\",\"itemListElement\":[{\"@type\":\"ListItem\",\"position\":1,\"name\":\"Avaleht\",\"item\":\"https:\/\/hobstop.ee\/lt\/\"},{\"@type\":\"ListItem\",\"position\":2,\"name\":\"Parduotuv\u0117\",\"item\":\"https:\/\/hobstop.ee\/lt\/parduotuve\/\"},{\"@type\":\"ListItem\",\"position\":3,\"name\":\"Antspaudo pagalv\u0117li\u0173 rinkinys Aladine Stampo Kids\"}]},{\"@type\":\"WebSite\",\"@id\":\"https:\/\/hobstop.ee\/lt\/#website\",\"url\":\"https:\/\/hobstop.ee\/lt\/\",\"name\":\"Skizze\",\"description\":\"Dail\u0117s, pom\u0117gi\u0173 ir mokykliniai reikm\u0117nys\",\"publisher\":{\"@id\":\"https:\/\/hobstop.ee\/lt\/#organization\"},\"potentialAction\":[{\"@type\":\"SearchAction\",\"target\":{\"@type\":\"EntryPoint\",\"urlTemplate\":\"https:\/\/hobstop.ee\/lt\/?s={search_term_string}\"},\"query-input\":{\"@type\":\"PropertyValueSpecification\",\"valueRequired\":true,\"valueName\":\"search_term_string\"}}],\"inLanguage\":\"lt\"},{\"@type\":\"Organization\",\"@id\":\"https:\/\/hobstop.ee\/lt\/#organization\",\"name\":\"Vunder AS\",\"url\":\"https:\/\/hobstop.ee\/lt\/\",\"logo\":{\"@type\":\"ImageObject\",\"inLanguage\":\"lt\",\"@id\":\"https:\/\/hobstop.ee\/lt\/#\/schema\/logo\/image\/\",\"url\":\"https:\/\/hobstop.ee\/media\/vunder-logo.png\",\"contentUrl\":\"https:\/\/hobstop.ee\/media\/vunder-logo.png\",\"width\":127,\"height\":55,\"caption\":\"Vunder AS\"},\"image\":{\"@id\":\"https:\/\/hobstop.ee\/lt\/#\/schema\/logo\/image\/\"},\"sameAs\":[\"http:\/\/www.facebook.com\/VunderSkizze\"]}]}<\/script>\n<!-- \/ Yoast SEO plugin. -->","yoast_head_json":{"title":"Antspaudo pagalv\u0117li\u0173 rinkinys Aladine Stampo Kids &#8211; Skizze","robots":{"index":"noindex","follow":"follow","max-snippet":"max-snippet:-1","max-image-preview":"max-image-preview:large","max-video-preview":"max-video-preview:-1"},"og_locale":"lt_LT","og_type":"article","og_title":"Antspaudo pagalv\u0117li\u0173 rinkinys Aladine Stampo Kids &#8211; Skizze","og_description":"Vaikams skirtas ry\u0161ki\u0173 spalv\u0173 ma\u017e\u0173 tu\u0161o pagalv\u0117li\u0173 komplektas. Paprasta ir patogu naudoti su \u201eAladine Stampo Kids\u201c antspaudais. Tu\u0161as yra lengvai nuplaunamas vandeniu. Tinka naudoti \u012fvairiems popieriaus darbams.","og_url":"https:\/\/www.hobstop.ee\/lt\/produktas\/antspaudo-pagalveliu-rinkinys-aladine-stampo-kids\/","og_site_name":"Skizze","article_publisher":"http:\/\/www.facebook.com\/VunderSkizze","og_image":[{"width":1024,"height":768,"url":"https:\/\/www.hobstop.ee\/media\/3986.jpg","type":"image\/jpeg"}],"twitter_card":"summary_large_image","schema":{"@context":"https:\/\/schema.org","@graph":[{"@type":"WebPage","@id":"https:\/\/www.hobstop.ee\/lt\/produktas\/antspaudo-pagalveliu-rinkinys-aladine-stampo-kids\/","url":"https:\/\/www.hobstop.ee\/lt\/produktas\/antspaudo-pagalveliu-rinkinys-aladine-stampo-kids\/","name":"Antspaudo pagalv\u0117li\u0173 rinkinys Aladine Stampo Kids &#8211; Skizze","isPartOf":{"@id":"https:\/\/hobstop.ee\/lt\/#website"},"primaryImageOfPage":{"@id":"https:\/\/www.hobstop.ee\/lt\/produktas\/antspaudo-pagalveliu-rinkinys-aladine-stampo-kids\/#primaryimage"},"image":{"@id":"https:\/\/www.hobstop.ee\/lt\/produktas\/antspaudo-pagalveliu-rinkinys-aladine-stampo-kids\/#primaryimage"},"thumbnailUrl":"https:\/\/www.hobstop.ee\/media\/3986.jpg","datePublished":"2015-11-03T09:22:00+00:00","dateModified":"2015-11-03T09:22:00+00:00","breadcrumb":{"@id":"https:\/\/www.hobstop.ee\/lt\/produktas\/antspaudo-pagalveliu-rinkinys-aladine-stampo-kids\/#breadcrumb"},"inLanguage":"lt","potentialAction":[{"@type":"ReadAction","target":["https:\/\/www.hobstop.ee\/lt\/produktas\/antspaudo-pagalveliu-rinkinys-aladine-stampo-kids\/"]}]},{"@type":"ImageObject","inLanguage":"lt","@id":"https:\/\/www.hobstop.ee\/lt\/produktas\/antspaudo-pagalveliu-rinkinys-aladine-stampo-kids\/#primaryimage","url":"https:\/\/www.hobstop.ee\/media\/3986.jpg","contentUrl":"https:\/\/www.hobstop.ee\/media\/3986.jpg","width":1024,"height":768},{"@type":"BreadcrumbList","@id":"https:\/\/www.hobstop.ee\/lt\/produktas\/antspaudo-pagalveliu-rinkinys-aladine-stampo-kids\/#breadcrumb","itemListElement":[{"@type":"ListItem","position":1,"name":"Avaleht","item":"https:\/\/hobstop.ee\/lt\/"},{"@type":"ListItem","position":2,"name":"Parduotuv\u0117","item":"https:\/\/hobstop.ee\/lt\/parduotuve\/"},{"@type":"ListItem","position":3,"name":"Antspaudo pagalv\u0117li\u0173 rinkinys Aladine Stampo Kids"}]},{"@type":"WebSite","@id":"https:\/\/hobstop.ee\/lt\/#website","url":"https:\/\/hobstop.ee\/lt\/","name":"Skizze","description":"Dail\u0117s, pom\u0117gi\u0173 ir mokykliniai reikm\u0117nys","publisher":{"@id":"https:\/\/hobstop.ee\/lt\/#organization"},"potentialAction":[{"@type":"SearchAction","target":{"@type":"EntryPoint","urlTemplate":"https:\/\/hobstop.ee\/lt\/?s={search_term_string}"},"query-input":{"@type":"PropertyValueSpecification","valueRequired":true,"valueName":"search_term_string"}}],"inLanguage":"lt"},{"@type":"Organization","@id":"https:\/\/hobstop.ee\/lt\/#organization","name":"Vunder AS","url":"https:\/\/hobstop.ee\/lt\/","logo":{"@type":"ImageObject","inLanguage":"lt","@id":"https:\/\/hobstop.ee\/lt\/#\/schema\/logo\/image\/","url":"https:\/\/hobstop.ee\/media\/vunder-logo.png","contentUrl":"https:\/\/hobstop.ee\/media\/vunder-logo.png","width":127,"height":55,"caption":"Vunder AS"},"image":{"@id":"https:\/\/hobstop.ee\/lt\/#\/schema\/logo\/image\/"},"sameAs":["http:\/\/www.facebook.com\/VunderSkizze"]}]}},"_links":{"self":[{"href":"https:\/\/www.hobstop.ee\/lt\/wp-json\/wp\/v2\/product\/233853","targetHints":{"allow":["GET"]}}],"collection":[{"href":"https:\/\/www.hobstop.ee\/lt\/wp-json\/wp\/v2\/product"}],"about":[{"href":"https:\/\/www.hobstop.ee\/lt\/wp-json\/wp\/v2\/types\/product"}],"replies":[{"embeddable":true,"href":"https:\/\/www.hobstop.ee\/lt\/wp-json\/wp\/v2\/comments?post=233853"}],"wp:featuredmedia":[{"embeddable":true,"href":"https:\/\/www.hobstop.ee\/lt\/wp-json\/wp\/v2\/media\/234670"}],"wp:attachment":[{"href":"https:\/\/www.hobstop.ee\/lt\/wp-json\/wp\/v2\/media?parent=233853"}],"wp:term":[{"taxonomy":"product_cat","embeddable":true,"href":"https:\/\/www.hobstop.ee\/lt\/wp-json\/wp\/v2\/product_cat?post=233853"},{"taxonomy":"product_tag","embeddable":true,"href":"https:\/\/www.hobstop.ee\/lt\/wp-json\/wp\/v2\/product_tag?post=233853"}],"curies":[{"name":"wp","href":"https:\/\/api.w.org\/{rel}","templated":true}]}}