{"id":24045,"date":"2014-12-09T12:55:28","date_gmt":"2014-12-09T10:55:28","guid":{"rendered":"https:\/\/sharks.ee\/vunder_2019.klient.veebimajutus.ee\/?post_type=product&#038;p=24045"},"modified":"2014-12-09T12:55:28","modified_gmt":"2014-12-09T10:55:28","slug":"spalvotas-piestukas-derwent-artists","status":"publish","type":"product","link":"https:\/\/www.hobstop.ee\/lt\/produktas\/spalvotas-piestukas-derwent-artists\/","title":{"rendered":"Spalvotas pie\u0161tukas Derwent Artists"},"content":{"rendered":"<p>Pirmasis \u201eDerwent\u201c sukurtas pie\u0161tukas 1930-aisiais metais buvo \u017einomas kaip serija Nr. 19. Jo tradicinis apvalus kotelis ir stora \u0161erdel\u0117 puikiai tinka dideliems ir ekspresyviems pie\u0161iniams, atliekamiems laisvomis linijomis. Lengva va\u0161kin\u0117 \u201eArtist\u201c serijos pie\u0161tuk\u0173 strukt\u016bra puikiai tinka pie\u0161ti keliais sluoksniais ir mai\u0161yti spalvas, jais galima sukurti begalin\u012f skirting\u0173 spalv\u0173 ir atspalvi\u0173 spektr\u0105.<br \/>\nApvalus 8mm kotelis, \u0161erdel\u0117s skersmuo: 4mm.<\/p>\n","protected":false},"excerpt":{"rendered":"<p>Pirmasis \u201eDerwent\u201c sukurtas pie\u0161tukas 1930-aisiais metais buvo \u017einomas kaip serija Nr. 19. Jo tradicinis apvalus kotelis ir stora \u0161erdel\u0117 puikiai tinka dideliems ir ekspresyviems pie\u0161iniams, atliekamiems laisvomis linijomis. Lengva va\u0161kin\u0117 \u201eArtist\u201c serijos pie\u0161tuk\u0173 strukt\u016bra puikiai tinka pie\u0161ti keliais sluoksniais ir mai\u0161yti spalvas, jais galima sukurti begalin\u012f skirting\u0173 spalv\u0173 ir atspalvi\u0173 spektr\u0105. Apvalus 8mm kotelis, \u0161erdel\u0117s skersmuo: 4mm.<\/p>\n","protected":false},"featured_media":104059,"comment_status":"closed","ping_status":"closed","template":"","meta":{"_acf_changed":false,"ep_exclude_from_search":false},"product_cat":[16124,18932,15017],"product_tag":[],"class_list":{"0":"post-24045","1":"product","2":"type-product","3":"status-publish","4":"has-post-thumbnail","6":"product_cat-dailes-prekes","7":"product_cat-piesimo-reikmenys-3","8":"product_cat-olivarvid","10":"first","11":"instock","12":"taxable","13":"shipping-taxable","14":"purchasable","15":"product-type-variable"},"acf":[],"yoast_head":"<!-- This site is optimized with the Yoast SEO plugin v24.1 - https:\/\/yoast.com\/wordpress\/plugins\/seo\/ -->\n<title>Spalvotas pie\u0161tukas Derwent Artists &#8211; Skizze<\/title>\n<meta name=\"robots\" content=\"noindex, follow, max-snippet:-1, max-image-preview:large, max-video-preview:-1\" \/>\n<meta property=\"og:locale\" content=\"lt_LT\" \/>\n<meta property=\"og:type\" content=\"article\" \/>\n<meta property=\"og:title\" content=\"Spalvotas pie\u0161tukas Derwent Artists &#8211; Skizze\" \/>\n<meta property=\"og:description\" content=\"Pirmasis \u201eDerwent\u201c sukurtas pie\u0161tukas 1930-aisiais metais buvo \u017einomas kaip serija Nr. 19. Jo tradicinis apvalus kotelis ir stora \u0161erdel\u0117 puikiai tinka dideliems ir ekspresyviems pie\u0161iniams, atliekamiems laisvomis linijomis. Lengva va\u0161kin\u0117 \u201eArtist\u201c serijos pie\u0161tuk\u0173 strukt\u016bra puikiai tinka pie\u0161ti keliais sluoksniais ir mai\u0161yti spalvas, jais galima sukurti begalin\u012f skirting\u0173 spalv\u0173 ir atspalvi\u0173 spektr\u0105. Apvalus 8mm kotelis, \u0161erdel\u0117s skersmuo: 4mm.\" \/>\n<meta property=\"og:url\" content=\"https:\/\/www.hobstop.ee\/lt\/produktas\/spalvotas-piestukas-derwent-artists\/\" \/>\n<meta property=\"og:site_name\" content=\"Skizze\" \/>\n<meta property=\"article:publisher\" content=\"http:\/\/www.facebook.com\/VunderSkizze\" \/>\n<meta property=\"og:image\" content=\"https:\/\/www.hobstop.ee\/media\/2049.jpg\" \/>\n\t<meta property=\"og:image:width\" content=\"1024\" \/>\n\t<meta property=\"og:image:height\" content=\"768\" \/>\n\t<meta property=\"og:image:type\" content=\"image\/jpeg\" \/>\n<meta name=\"twitter:card\" content=\"summary_large_image\" \/>\n<script type=\"application\/ld+json\" class=\"yoast-schema-graph\">{\"@context\":\"https:\/\/schema.org\",\"@graph\":[{\"@type\":\"WebPage\",\"@id\":\"https:\/\/www.hobstop.ee\/lt\/produktas\/spalvotas-piestukas-derwent-artists\/\",\"url\":\"https:\/\/www.hobstop.ee\/lt\/produktas\/spalvotas-piestukas-derwent-artists\/\",\"name\":\"Spalvotas pie\u0161tukas Derwent Artists &#8211; Skizze\",\"isPartOf\":{\"@id\":\"https:\/\/hobstop.ee\/lt\/#website\"},\"primaryImageOfPage\":{\"@id\":\"https:\/\/www.hobstop.ee\/lt\/produktas\/spalvotas-piestukas-derwent-artists\/#primaryimage\"},\"image\":{\"@id\":\"https:\/\/www.hobstop.ee\/lt\/produktas\/spalvotas-piestukas-derwent-artists\/#primaryimage\"},\"thumbnailUrl\":\"https:\/\/www.hobstop.ee\/media\/2049.jpg\",\"datePublished\":\"2014-12-09T10:55:28+00:00\",\"dateModified\":\"2014-12-09T10:55:28+00:00\",\"breadcrumb\":{\"@id\":\"https:\/\/www.hobstop.ee\/lt\/produktas\/spalvotas-piestukas-derwent-artists\/#breadcrumb\"},\"inLanguage\":\"lt\",\"potentialAction\":[{\"@type\":\"ReadAction\",\"target\":[\"https:\/\/www.hobstop.ee\/lt\/produktas\/spalvotas-piestukas-derwent-artists\/\"]}]},{\"@type\":\"ImageObject\",\"inLanguage\":\"lt\",\"@id\":\"https:\/\/www.hobstop.ee\/lt\/produktas\/spalvotas-piestukas-derwent-artists\/#primaryimage\",\"url\":\"https:\/\/www.hobstop.ee\/media\/2049.jpg\",\"contentUrl\":\"https:\/\/www.hobstop.ee\/media\/2049.jpg\",\"width\":1024,\"height\":768},{\"@type\":\"BreadcrumbList\",\"@id\":\"https:\/\/www.hobstop.ee\/lt\/produktas\/spalvotas-piestukas-derwent-artists\/#breadcrumb\",\"itemListElement\":[{\"@type\":\"ListItem\",\"position\":1,\"name\":\"Avaleht\",\"item\":\"https:\/\/hobstop.ee\/lt\/\"},{\"@type\":\"ListItem\",\"position\":2,\"name\":\"Parduotuv\u0117\",\"item\":\"https:\/\/hobstop.ee\/lt\/parduotuve\/\"},{\"@type\":\"ListItem\",\"position\":3,\"name\":\"Spalvotas pie\u0161tukas Derwent Artists\"}]},{\"@type\":\"WebSite\",\"@id\":\"https:\/\/hobstop.ee\/lt\/#website\",\"url\":\"https:\/\/hobstop.ee\/lt\/\",\"name\":\"Skizze\",\"description\":\"Dail\u0117s, pom\u0117gi\u0173 ir mokykliniai reikm\u0117nys\",\"publisher\":{\"@id\":\"https:\/\/hobstop.ee\/lt\/#organization\"},\"potentialAction\":[{\"@type\":\"SearchAction\",\"target\":{\"@type\":\"EntryPoint\",\"urlTemplate\":\"https:\/\/hobstop.ee\/lt\/?s={search_term_string}\"},\"query-input\":{\"@type\":\"PropertyValueSpecification\",\"valueRequired\":true,\"valueName\":\"search_term_string\"}}],\"inLanguage\":\"lt\"},{\"@type\":\"Organization\",\"@id\":\"https:\/\/hobstop.ee\/lt\/#organization\",\"name\":\"Vunder AS\",\"url\":\"https:\/\/hobstop.ee\/lt\/\",\"logo\":{\"@type\":\"ImageObject\",\"inLanguage\":\"lt\",\"@id\":\"https:\/\/hobstop.ee\/lt\/#\/schema\/logo\/image\/\",\"url\":\"https:\/\/hobstop.ee\/media\/vunder-logo.png\",\"contentUrl\":\"https:\/\/hobstop.ee\/media\/vunder-logo.png\",\"width\":127,\"height\":55,\"caption\":\"Vunder AS\"},\"image\":{\"@id\":\"https:\/\/hobstop.ee\/lt\/#\/schema\/logo\/image\/\"},\"sameAs\":[\"http:\/\/www.facebook.com\/VunderSkizze\"]}]}<\/script>\n<!-- \/ Yoast SEO plugin. -->","yoast_head_json":{"title":"Spalvotas pie\u0161tukas Derwent Artists &#8211; Skizze","robots":{"index":"noindex","follow":"follow","max-snippet":"max-snippet:-1","max-image-preview":"max-image-preview:large","max-video-preview":"max-video-preview:-1"},"og_locale":"lt_LT","og_type":"article","og_title":"Spalvotas pie\u0161tukas Derwent Artists &#8211; Skizze","og_description":"Pirmasis \u201eDerwent\u201c sukurtas pie\u0161tukas 1930-aisiais metais buvo \u017einomas kaip serija Nr. 19. Jo tradicinis apvalus kotelis ir stora \u0161erdel\u0117 puikiai tinka dideliems ir ekspresyviems pie\u0161iniams, atliekamiems laisvomis linijomis. Lengva va\u0161kin\u0117 \u201eArtist\u201c serijos pie\u0161tuk\u0173 strukt\u016bra puikiai tinka pie\u0161ti keliais sluoksniais ir mai\u0161yti spalvas, jais galima sukurti begalin\u012f skirting\u0173 spalv\u0173 ir atspalvi\u0173 spektr\u0105. Apvalus 8mm kotelis, \u0161erdel\u0117s skersmuo: 4mm.","og_url":"https:\/\/www.hobstop.ee\/lt\/produktas\/spalvotas-piestukas-derwent-artists\/","og_site_name":"Skizze","article_publisher":"http:\/\/www.facebook.com\/VunderSkizze","og_image":[{"width":1024,"height":768,"url":"https:\/\/www.hobstop.ee\/media\/2049.jpg","type":"image\/jpeg"}],"twitter_card":"summary_large_image","schema":{"@context":"https:\/\/schema.org","@graph":[{"@type":"WebPage","@id":"https:\/\/www.hobstop.ee\/lt\/produktas\/spalvotas-piestukas-derwent-artists\/","url":"https:\/\/www.hobstop.ee\/lt\/produktas\/spalvotas-piestukas-derwent-artists\/","name":"Spalvotas pie\u0161tukas Derwent Artists &#8211; Skizze","isPartOf":{"@id":"https:\/\/hobstop.ee\/lt\/#website"},"primaryImageOfPage":{"@id":"https:\/\/www.hobstop.ee\/lt\/produktas\/spalvotas-piestukas-derwent-artists\/#primaryimage"},"image":{"@id":"https:\/\/www.hobstop.ee\/lt\/produktas\/spalvotas-piestukas-derwent-artists\/#primaryimage"},"thumbnailUrl":"https:\/\/www.hobstop.ee\/media\/2049.jpg","datePublished":"2014-12-09T10:55:28+00:00","dateModified":"2014-12-09T10:55:28+00:00","breadcrumb":{"@id":"https:\/\/www.hobstop.ee\/lt\/produktas\/spalvotas-piestukas-derwent-artists\/#breadcrumb"},"inLanguage":"lt","potentialAction":[{"@type":"ReadAction","target":["https:\/\/www.hobstop.ee\/lt\/produktas\/spalvotas-piestukas-derwent-artists\/"]}]},{"@type":"ImageObject","inLanguage":"lt","@id":"https:\/\/www.hobstop.ee\/lt\/produktas\/spalvotas-piestukas-derwent-artists\/#primaryimage","url":"https:\/\/www.hobstop.ee\/media\/2049.jpg","contentUrl":"https:\/\/www.hobstop.ee\/media\/2049.jpg","width":1024,"height":768},{"@type":"BreadcrumbList","@id":"https:\/\/www.hobstop.ee\/lt\/produktas\/spalvotas-piestukas-derwent-artists\/#breadcrumb","itemListElement":[{"@type":"ListItem","position":1,"name":"Avaleht","item":"https:\/\/hobstop.ee\/lt\/"},{"@type":"ListItem","position":2,"name":"Parduotuv\u0117","item":"https:\/\/hobstop.ee\/lt\/parduotuve\/"},{"@type":"ListItem","position":3,"name":"Spalvotas pie\u0161tukas Derwent Artists"}]},{"@type":"WebSite","@id":"https:\/\/hobstop.ee\/lt\/#website","url":"https:\/\/hobstop.ee\/lt\/","name":"Skizze","description":"Dail\u0117s, pom\u0117gi\u0173 ir mokykliniai reikm\u0117nys","publisher":{"@id":"https:\/\/hobstop.ee\/lt\/#organization"},"potentialAction":[{"@type":"SearchAction","target":{"@type":"EntryPoint","urlTemplate":"https:\/\/hobstop.ee\/lt\/?s={search_term_string}"},"query-input":{"@type":"PropertyValueSpecification","valueRequired":true,"valueName":"search_term_string"}}],"inLanguage":"lt"},{"@type":"Organization","@id":"https:\/\/hobstop.ee\/lt\/#organization","name":"Vunder AS","url":"https:\/\/hobstop.ee\/lt\/","logo":{"@type":"ImageObject","inLanguage":"lt","@id":"https:\/\/hobstop.ee\/lt\/#\/schema\/logo\/image\/","url":"https:\/\/hobstop.ee\/media\/vunder-logo.png","contentUrl":"https:\/\/hobstop.ee\/media\/vunder-logo.png","width":127,"height":55,"caption":"Vunder AS"},"image":{"@id":"https:\/\/hobstop.ee\/lt\/#\/schema\/logo\/image\/"},"sameAs":["http:\/\/www.facebook.com\/VunderSkizze"]}]}},"_links":{"self":[{"href":"https:\/\/www.hobstop.ee\/lt\/wp-json\/wp\/v2\/product\/24045","targetHints":{"allow":["GET"]}}],"collection":[{"href":"https:\/\/www.hobstop.ee\/lt\/wp-json\/wp\/v2\/product"}],"about":[{"href":"https:\/\/www.hobstop.ee\/lt\/wp-json\/wp\/v2\/types\/product"}],"replies":[{"embeddable":true,"href":"https:\/\/www.hobstop.ee\/lt\/wp-json\/wp\/v2\/comments?post=24045"}],"wp:featuredmedia":[{"embeddable":true,"href":"https:\/\/www.hobstop.ee\/lt\/wp-json\/wp\/v2\/media\/104059"}],"wp:attachment":[{"href":"https:\/\/www.hobstop.ee\/lt\/wp-json\/wp\/v2\/media?parent=24045"}],"wp:term":[{"taxonomy":"product_cat","embeddable":true,"href":"https:\/\/www.hobstop.ee\/lt\/wp-json\/wp\/v2\/product_cat?post=24045"},{"taxonomy":"product_tag","embeddable":true,"href":"https:\/\/www.hobstop.ee\/lt\/wp-json\/wp\/v2\/product_tag?post=24045"}],"curies":[{"name":"wp","href":"https:\/\/api.w.org\/{rel}","templated":true}]}}