{"id":256687,"date":"2016-03-16T13:31:46","date_gmt":"2016-03-16T11:31:46","guid":{"rendered":"https:\/\/sharks.ee\/vunder_2019\/lt\/product\/antspaudu-rinkinys-aladine-stampo-fashion\/"},"modified":"2016-03-16T13:31:46","modified_gmt":"2016-03-16T11:31:46","slug":"antspaudu-rinkinys-aladine-stampo-fashion","status":"publish","type":"product","link":"https:\/\/www.hobstop.ee\/lt\/produktas\/antspaudu-rinkinys-aladine-stampo-fashion\/","title":{"rendered":"Antspaud\u0173 rinkinys Aladine Stampo Fashion"},"content":{"rendered":"<p>Gumini\u0173 antspaud\u0173 su akytos gumos rankenomis komplektas, kuris vaik\u0105 pavers mad\u0173 dizaineriu! Sukurkite antspaudu model\u012f ir \u012fvairius daiktus, jei norite, nuspalvokite pie\u0161tukais b\u016btent taip, kaip norite! Komplekte yra \u012fvairi\u0173 modeli\u0173, drabu\u017ei\u0173, avalyn\u0117s ir aksesuar\u0173 antspaudai ir viena didel\u0117 pilka antspaud\u0173 pagalv\u0117l\u0117.<\/p>\n","protected":false},"excerpt":{"rendered":"<p>Gumini\u0173 antspaud\u0173 su akytos gumos rankenomis komplektas, kuris vaik\u0105 pavers mad\u0173 dizaineriu! Sukurkite antspaudu model\u012f ir \u012fvairius daiktus, jei norite, nuspalvokite pie\u0161tukais b\u016btent taip, kaip norite! Komplekte yra \u012fvairi\u0173 modeli\u0173, drabu\u017ei\u0173, avalyn\u0117s ir aksesuar\u0173 antspaudai ir viena didel\u0117 pilka antspaud\u0173 pagalv\u0117l\u0117.<\/p>\n","protected":false},"featured_media":0,"comment_status":"closed","ping_status":"closed","template":"","meta":{"_acf_changed":false,"ep_exclude_from_search":false},"product_cat":[20390,20402,19836],"product_tag":[],"class_list":{"0":"post-256687","1":"product","2":"type-product","3":"status-publish","5":"product_cat-dailes-prekes-2","6":"product_cat-spaudai","7":"product_cat-vaiku-laisvalaikio-prekes","9":"first","10":"instock","11":"taxable","12":"shipping-taxable","13":"purchasable","14":"product-type-simple"},"acf":[],"yoast_head":"<!-- This site is optimized with the Yoast SEO plugin v24.1 - https:\/\/yoast.com\/wordpress\/plugins\/seo\/ -->\n<title>Antspaud\u0173 rinkinys Aladine Stampo Fashion &#8211; Skizze<\/title>\n<meta name=\"robots\" content=\"noindex, follow, max-snippet:-1, max-image-preview:large, max-video-preview:-1\" \/>\n<meta property=\"og:locale\" content=\"lt_LT\" \/>\n<meta property=\"og:type\" content=\"article\" \/>\n<meta property=\"og:title\" content=\"Antspaud\u0173 rinkinys Aladine Stampo Fashion &#8211; Skizze\" \/>\n<meta property=\"og:description\" content=\"Gumini\u0173 antspaud\u0173 su akytos gumos rankenomis komplektas, kuris vaik\u0105 pavers mad\u0173 dizaineriu! Sukurkite antspaudu model\u012f ir \u012fvairius daiktus, jei norite, nuspalvokite pie\u0161tukais b\u016btent taip, kaip norite! Komplekte yra \u012fvairi\u0173 modeli\u0173, drabu\u017ei\u0173, avalyn\u0117s ir aksesuar\u0173 antspaudai ir viena didel\u0117 pilka antspaud\u0173 pagalv\u0117l\u0117.\" \/>\n<meta property=\"og:url\" content=\"https:\/\/www.hobstop.ee\/lt\/produktas\/antspaudu-rinkinys-aladine-stampo-fashion\/\" \/>\n<meta property=\"og:site_name\" content=\"Skizze\" \/>\n<meta property=\"article:publisher\" content=\"http:\/\/www.facebook.com\/VunderSkizze\" \/>\n<meta name=\"twitter:card\" content=\"summary_large_image\" \/>\n<script type=\"application\/ld+json\" class=\"yoast-schema-graph\">{\"@context\":\"https:\/\/schema.org\",\"@graph\":[{\"@type\":\"WebPage\",\"@id\":\"https:\/\/www.hobstop.ee\/lt\/produktas\/antspaudu-rinkinys-aladine-stampo-fashion\/\",\"url\":\"https:\/\/www.hobstop.ee\/lt\/produktas\/antspaudu-rinkinys-aladine-stampo-fashion\/\",\"name\":\"Antspaud\u0173 rinkinys Aladine Stampo Fashion &#8211; Skizze\",\"isPartOf\":{\"@id\":\"https:\/\/www.hobstop.ee\/lt\/#website\"},\"datePublished\":\"2016-03-16T11:31:46+00:00\",\"dateModified\":\"2016-03-16T11:31:46+00:00\",\"breadcrumb\":{\"@id\":\"https:\/\/www.hobstop.ee\/lt\/produktas\/antspaudu-rinkinys-aladine-stampo-fashion\/#breadcrumb\"},\"inLanguage\":\"lt\",\"potentialAction\":[{\"@type\":\"ReadAction\",\"target\":[\"https:\/\/www.hobstop.ee\/lt\/produktas\/antspaudu-rinkinys-aladine-stampo-fashion\/\"]}]},{\"@type\":\"BreadcrumbList\",\"@id\":\"https:\/\/www.hobstop.ee\/lt\/produktas\/antspaudu-rinkinys-aladine-stampo-fashion\/#breadcrumb\",\"itemListElement\":[{\"@type\":\"ListItem\",\"position\":1,\"name\":\"Avaleht\",\"item\":\"https:\/\/www.hobstop.ee\/lt\/\"},{\"@type\":\"ListItem\",\"position\":2,\"name\":\"Parduotuv\u0117\",\"item\":\"https:\/\/www.hobstop.ee\/lt\/parduotuve\/\"},{\"@type\":\"ListItem\",\"position\":3,\"name\":\"Antspaud\u0173 rinkinys Aladine Stampo Fashion\"}]},{\"@type\":\"WebSite\",\"@id\":\"https:\/\/www.hobstop.ee\/lt\/#website\",\"url\":\"https:\/\/www.hobstop.ee\/lt\/\",\"name\":\"Skizze\",\"description\":\"Dail\u0117s, pom\u0117gi\u0173 ir mokykliniai reikm\u0117nys\",\"publisher\":{\"@id\":\"https:\/\/www.hobstop.ee\/lt\/#organization\"},\"potentialAction\":[{\"@type\":\"SearchAction\",\"target\":{\"@type\":\"EntryPoint\",\"urlTemplate\":\"https:\/\/www.hobstop.ee\/lt\/?s={search_term_string}\"},\"query-input\":{\"@type\":\"PropertyValueSpecification\",\"valueRequired\":true,\"valueName\":\"search_term_string\"}}],\"inLanguage\":\"lt\"},{\"@type\":\"Organization\",\"@id\":\"https:\/\/www.hobstop.ee\/lt\/#organization\",\"name\":\"Vunder AS\",\"url\":\"https:\/\/www.hobstop.ee\/lt\/\",\"logo\":{\"@type\":\"ImageObject\",\"inLanguage\":\"lt\",\"@id\":\"https:\/\/www.hobstop.ee\/lt\/#\/schema\/logo\/image\/\",\"url\":\"https:\/\/hobstop.ee\/media\/vunder-logo.png\",\"contentUrl\":\"https:\/\/hobstop.ee\/media\/vunder-logo.png\",\"width\":127,\"height\":55,\"caption\":\"Vunder AS\"},\"image\":{\"@id\":\"https:\/\/www.hobstop.ee\/lt\/#\/schema\/logo\/image\/\"},\"sameAs\":[\"http:\/\/www.facebook.com\/VunderSkizze\"]}]}<\/script>\n<!-- \/ Yoast SEO plugin. -->","yoast_head_json":{"title":"Antspaud\u0173 rinkinys Aladine Stampo Fashion &#8211; Skizze","robots":{"index":"noindex","follow":"follow","max-snippet":"max-snippet:-1","max-image-preview":"max-image-preview:large","max-video-preview":"max-video-preview:-1"},"og_locale":"lt_LT","og_type":"article","og_title":"Antspaud\u0173 rinkinys Aladine Stampo Fashion &#8211; Skizze","og_description":"Gumini\u0173 antspaud\u0173 su akytos gumos rankenomis komplektas, kuris vaik\u0105 pavers mad\u0173 dizaineriu! Sukurkite antspaudu model\u012f ir \u012fvairius daiktus, jei norite, nuspalvokite pie\u0161tukais b\u016btent taip, kaip norite! Komplekte yra \u012fvairi\u0173 modeli\u0173, drabu\u017ei\u0173, avalyn\u0117s ir aksesuar\u0173 antspaudai ir viena didel\u0117 pilka antspaud\u0173 pagalv\u0117l\u0117.","og_url":"https:\/\/www.hobstop.ee\/lt\/produktas\/antspaudu-rinkinys-aladine-stampo-fashion\/","og_site_name":"Skizze","article_publisher":"http:\/\/www.facebook.com\/VunderSkizze","twitter_card":"summary_large_image","schema":{"@context":"https:\/\/schema.org","@graph":[{"@type":"WebPage","@id":"https:\/\/www.hobstop.ee\/lt\/produktas\/antspaudu-rinkinys-aladine-stampo-fashion\/","url":"https:\/\/www.hobstop.ee\/lt\/produktas\/antspaudu-rinkinys-aladine-stampo-fashion\/","name":"Antspaud\u0173 rinkinys Aladine Stampo Fashion &#8211; Skizze","isPartOf":{"@id":"https:\/\/www.hobstop.ee\/lt\/#website"},"datePublished":"2016-03-16T11:31:46+00:00","dateModified":"2016-03-16T11:31:46+00:00","breadcrumb":{"@id":"https:\/\/www.hobstop.ee\/lt\/produktas\/antspaudu-rinkinys-aladine-stampo-fashion\/#breadcrumb"},"inLanguage":"lt","potentialAction":[{"@type":"ReadAction","target":["https:\/\/www.hobstop.ee\/lt\/produktas\/antspaudu-rinkinys-aladine-stampo-fashion\/"]}]},{"@type":"BreadcrumbList","@id":"https:\/\/www.hobstop.ee\/lt\/produktas\/antspaudu-rinkinys-aladine-stampo-fashion\/#breadcrumb","itemListElement":[{"@type":"ListItem","position":1,"name":"Avaleht","item":"https:\/\/www.hobstop.ee\/lt\/"},{"@type":"ListItem","position":2,"name":"Parduotuv\u0117","item":"https:\/\/www.hobstop.ee\/lt\/parduotuve\/"},{"@type":"ListItem","position":3,"name":"Antspaud\u0173 rinkinys Aladine Stampo Fashion"}]},{"@type":"WebSite","@id":"https:\/\/www.hobstop.ee\/lt\/#website","url":"https:\/\/www.hobstop.ee\/lt\/","name":"Skizze","description":"Dail\u0117s, pom\u0117gi\u0173 ir mokykliniai reikm\u0117nys","publisher":{"@id":"https:\/\/www.hobstop.ee\/lt\/#organization"},"potentialAction":[{"@type":"SearchAction","target":{"@type":"EntryPoint","urlTemplate":"https:\/\/www.hobstop.ee\/lt\/?s={search_term_string}"},"query-input":{"@type":"PropertyValueSpecification","valueRequired":true,"valueName":"search_term_string"}}],"inLanguage":"lt"},{"@type":"Organization","@id":"https:\/\/www.hobstop.ee\/lt\/#organization","name":"Vunder AS","url":"https:\/\/www.hobstop.ee\/lt\/","logo":{"@type":"ImageObject","inLanguage":"lt","@id":"https:\/\/www.hobstop.ee\/lt\/#\/schema\/logo\/image\/","url":"https:\/\/hobstop.ee\/media\/vunder-logo.png","contentUrl":"https:\/\/hobstop.ee\/media\/vunder-logo.png","width":127,"height":55,"caption":"Vunder AS"},"image":{"@id":"https:\/\/www.hobstop.ee\/lt\/#\/schema\/logo\/image\/"},"sameAs":["http:\/\/www.facebook.com\/VunderSkizze"]}]}},"_links":{"self":[{"href":"https:\/\/www.hobstop.ee\/lt\/wp-json\/wp\/v2\/product\/256687","targetHints":{"allow":["GET"]}}],"collection":[{"href":"https:\/\/www.hobstop.ee\/lt\/wp-json\/wp\/v2\/product"}],"about":[{"href":"https:\/\/www.hobstop.ee\/lt\/wp-json\/wp\/v2\/types\/product"}],"replies":[{"embeddable":true,"href":"https:\/\/www.hobstop.ee\/lt\/wp-json\/wp\/v2\/comments?post=256687"}],"wp:attachment":[{"href":"https:\/\/www.hobstop.ee\/lt\/wp-json\/wp\/v2\/media?parent=256687"}],"wp:term":[{"taxonomy":"product_cat","embeddable":true,"href":"https:\/\/www.hobstop.ee\/lt\/wp-json\/wp\/v2\/product_cat?post=256687"},{"taxonomy":"product_tag","embeddable":true,"href":"https:\/\/www.hobstop.ee\/lt\/wp-json\/wp\/v2\/product_tag?post=256687"}],"curies":[{"name":"wp","href":"https:\/\/api.w.org\/{rel}","templated":true}]}}