{"id":258450,"date":"2015-09-23T10:32:03","date_gmt":"2015-09-23T07:32:06","guid":{"rendered":"https:\/\/sharks.ee\/vunder_2019\/lt\/product\/kompaktine-liuminescencine-lempute-daylight-dienos-sviesos-gu10\/"},"modified":"2016-03-24T12:41:20","modified_gmt":"2016-03-24T10:41:20","slug":"kompaktine-liuminescencine-lempute-daylight-dienos-sviesos-gu10","status":"publish","type":"product","link":"https:\/\/www.hobstop.ee\/lt\/produktas\/kompaktine-liuminescencine-lempute-daylight-dienos-sviesos-gu10\/","title":{"rendered":"Kompaktin\u0117 liuminescencin\u0117 lemput\u0117 Daylight (dienos \u0161viesos) GU10"},"content":{"rendered":"<p>Unikali Daylight ap\u0161vietimo technologija ne tik ma\u017eiau vargina akis, bet ir padeda suma\u017einti \u0161iltnamio efekt\u0105, nes yra sunaudodama 75 proc. ma\u017eiau energijos. Papras\u010diau tariant \u2013 Daylight yra geriau aplinkai ir J\u016bs\u0173 akims!<\/p>\n","protected":false},"excerpt":{"rendered":"<p>Unikali Daylight ap\u0161vietimo technologija ne tik ma\u017eiau vargina akis, bet ir padeda suma\u017einti \u0161iltnamio efekt\u0105, nes yra sunaudodama 75 proc. ma\u017eiau energijos. Papras\u010diau tariant \u2013 Daylight yra geriau aplinkai ir J\u016bs\u0173 akims!<\/p>\n","protected":false},"featured_media":0,"comment_status":"closed","ping_status":"closed","template":"","meta":{"_acf_changed":false,"ep_exclude_from_search":false},"product_cat":[18528,18799],"product_tag":[],"class_list":{"0":"post-258450","1":"product","2":"type-product","3":"status-publish","5":"product_cat-sviestuvai","6":"product_cat-sviestuvai-2","8":"first","9":"instock","10":"taxable","11":"shipping-taxable","12":"purchasable","13":"product-type-variable"},"acf":[],"yoast_head":"<!-- This site is optimized with the Yoast SEO plugin v24.1 - https:\/\/yoast.com\/wordpress\/plugins\/seo\/ -->\n<title>Kompaktin\u0117 liuminescencin\u0117 lemput\u0117 Daylight (dienos \u0161viesos) GU10 &#8211; Skizze<\/title>\n<meta name=\"robots\" content=\"noindex, follow, max-snippet:-1, max-image-preview:large, max-video-preview:-1\" \/>\n<meta property=\"og:locale\" content=\"lt_LT\" \/>\n<meta property=\"og:type\" content=\"article\" \/>\n<meta property=\"og:title\" content=\"Kompaktin\u0117 liuminescencin\u0117 lemput\u0117 Daylight (dienos \u0161viesos) GU10 &#8211; Skizze\" \/>\n<meta property=\"og:description\" content=\"Unikali Daylight ap\u0161vietimo technologija ne tik ma\u017eiau vargina akis, bet ir padeda suma\u017einti \u0161iltnamio efekt\u0105, nes yra sunaudodama 75 proc. ma\u017eiau energijos. Papras\u010diau tariant \u2013 Daylight yra geriau aplinkai ir J\u016bs\u0173 akims!\" \/>\n<meta property=\"og:url\" content=\"https:\/\/www.hobstop.ee\/lt\/produktas\/kompaktine-liuminescencine-lempute-daylight-dienos-sviesos-gu10\/\" \/>\n<meta property=\"og:site_name\" content=\"Skizze\" \/>\n<meta property=\"article:publisher\" content=\"http:\/\/www.facebook.com\/VunderSkizze\" \/>\n<meta property=\"article:modified_time\" content=\"2016-03-24T10:41:20+00:00\" \/>\n<meta name=\"twitter:card\" content=\"summary_large_image\" \/>\n<script type=\"application\/ld+json\" class=\"yoast-schema-graph\">{\"@context\":\"https:\/\/schema.org\",\"@graph\":[{\"@type\":\"WebPage\",\"@id\":\"https:\/\/www.hobstop.ee\/lt\/produktas\/kompaktine-liuminescencine-lempute-daylight-dienos-sviesos-gu10\/\",\"url\":\"https:\/\/www.hobstop.ee\/lt\/produktas\/kompaktine-liuminescencine-lempute-daylight-dienos-sviesos-gu10\/\",\"name\":\"Kompaktin\u0117 liuminescencin\u0117 lemput\u0117 Daylight (dienos \u0161viesos) GU10 &#8211; Skizze\",\"isPartOf\":{\"@id\":\"https:\/\/www.hobstop.ee\/lt\/#website\"},\"datePublished\":\"2015-09-23T07:32:06+00:00\",\"dateModified\":\"2016-03-24T10:41:20+00:00\",\"breadcrumb\":{\"@id\":\"https:\/\/www.hobstop.ee\/lt\/produktas\/kompaktine-liuminescencine-lempute-daylight-dienos-sviesos-gu10\/#breadcrumb\"},\"inLanguage\":\"lt\",\"potentialAction\":[{\"@type\":\"ReadAction\",\"target\":[\"https:\/\/www.hobstop.ee\/lt\/produktas\/kompaktine-liuminescencine-lempute-daylight-dienos-sviesos-gu10\/\"]}]},{\"@type\":\"BreadcrumbList\",\"@id\":\"https:\/\/www.hobstop.ee\/lt\/produktas\/kompaktine-liuminescencine-lempute-daylight-dienos-sviesos-gu10\/#breadcrumb\",\"itemListElement\":[{\"@type\":\"ListItem\",\"position\":1,\"name\":\"Avaleht\",\"item\":\"https:\/\/www.hobstop.ee\/lt\/\"},{\"@type\":\"ListItem\",\"position\":2,\"name\":\"Parduotuv\u0117\",\"item\":\"https:\/\/www.hobstop.ee\/lt\/parduotuve\/\"},{\"@type\":\"ListItem\",\"position\":3,\"name\":\"Kompaktin\u0117 liuminescencin\u0117 lemput\u0117 Daylight (dienos \u0161viesos) GU10\"}]},{\"@type\":\"WebSite\",\"@id\":\"https:\/\/www.hobstop.ee\/lt\/#website\",\"url\":\"https:\/\/www.hobstop.ee\/lt\/\",\"name\":\"Skizze\",\"description\":\"Dail\u0117s, pom\u0117gi\u0173 ir mokykliniai reikm\u0117nys\",\"publisher\":{\"@id\":\"https:\/\/www.hobstop.ee\/lt\/#organization\"},\"potentialAction\":[{\"@type\":\"SearchAction\",\"target\":{\"@type\":\"EntryPoint\",\"urlTemplate\":\"https:\/\/www.hobstop.ee\/lt\/?s={search_term_string}\"},\"query-input\":{\"@type\":\"PropertyValueSpecification\",\"valueRequired\":true,\"valueName\":\"search_term_string\"}}],\"inLanguage\":\"lt\"},{\"@type\":\"Organization\",\"@id\":\"https:\/\/www.hobstop.ee\/lt\/#organization\",\"name\":\"Vunder AS\",\"url\":\"https:\/\/www.hobstop.ee\/lt\/\",\"logo\":{\"@type\":\"ImageObject\",\"inLanguage\":\"lt\",\"@id\":\"https:\/\/www.hobstop.ee\/lt\/#\/schema\/logo\/image\/\",\"url\":\"https:\/\/hobstop.ee\/media\/vunder-logo.png\",\"contentUrl\":\"https:\/\/hobstop.ee\/media\/vunder-logo.png\",\"width\":127,\"height\":55,\"caption\":\"Vunder AS\"},\"image\":{\"@id\":\"https:\/\/www.hobstop.ee\/lt\/#\/schema\/logo\/image\/\"},\"sameAs\":[\"http:\/\/www.facebook.com\/VunderSkizze\"]}]}<\/script>\n<!-- \/ Yoast SEO plugin. -->","yoast_head_json":{"title":"Kompaktin\u0117 liuminescencin\u0117 lemput\u0117 Daylight (dienos \u0161viesos) GU10 &#8211; Skizze","robots":{"index":"noindex","follow":"follow","max-snippet":"max-snippet:-1","max-image-preview":"max-image-preview:large","max-video-preview":"max-video-preview:-1"},"og_locale":"lt_LT","og_type":"article","og_title":"Kompaktin\u0117 liuminescencin\u0117 lemput\u0117 Daylight (dienos \u0161viesos) GU10 &#8211; Skizze","og_description":"Unikali Daylight ap\u0161vietimo technologija ne tik ma\u017eiau vargina akis, bet ir padeda suma\u017einti \u0161iltnamio efekt\u0105, nes yra sunaudodama 75 proc. ma\u017eiau energijos. Papras\u010diau tariant \u2013 Daylight yra geriau aplinkai ir J\u016bs\u0173 akims!","og_url":"https:\/\/www.hobstop.ee\/lt\/produktas\/kompaktine-liuminescencine-lempute-daylight-dienos-sviesos-gu10\/","og_site_name":"Skizze","article_publisher":"http:\/\/www.facebook.com\/VunderSkizze","article_modified_time":"2016-03-24T10:41:20+00:00","twitter_card":"summary_large_image","schema":{"@context":"https:\/\/schema.org","@graph":[{"@type":"WebPage","@id":"https:\/\/www.hobstop.ee\/lt\/produktas\/kompaktine-liuminescencine-lempute-daylight-dienos-sviesos-gu10\/","url":"https:\/\/www.hobstop.ee\/lt\/produktas\/kompaktine-liuminescencine-lempute-daylight-dienos-sviesos-gu10\/","name":"Kompaktin\u0117 liuminescencin\u0117 lemput\u0117 Daylight (dienos \u0161viesos) GU10 &#8211; Skizze","isPartOf":{"@id":"https:\/\/www.hobstop.ee\/lt\/#website"},"datePublished":"2015-09-23T07:32:06+00:00","dateModified":"2016-03-24T10:41:20+00:00","breadcrumb":{"@id":"https:\/\/www.hobstop.ee\/lt\/produktas\/kompaktine-liuminescencine-lempute-daylight-dienos-sviesos-gu10\/#breadcrumb"},"inLanguage":"lt","potentialAction":[{"@type":"ReadAction","target":["https:\/\/www.hobstop.ee\/lt\/produktas\/kompaktine-liuminescencine-lempute-daylight-dienos-sviesos-gu10\/"]}]},{"@type":"BreadcrumbList","@id":"https:\/\/www.hobstop.ee\/lt\/produktas\/kompaktine-liuminescencine-lempute-daylight-dienos-sviesos-gu10\/#breadcrumb","itemListElement":[{"@type":"ListItem","position":1,"name":"Avaleht","item":"https:\/\/www.hobstop.ee\/lt\/"},{"@type":"ListItem","position":2,"name":"Parduotuv\u0117","item":"https:\/\/www.hobstop.ee\/lt\/parduotuve\/"},{"@type":"ListItem","position":3,"name":"Kompaktin\u0117 liuminescencin\u0117 lemput\u0117 Daylight (dienos \u0161viesos) GU10"}]},{"@type":"WebSite","@id":"https:\/\/www.hobstop.ee\/lt\/#website","url":"https:\/\/www.hobstop.ee\/lt\/","name":"Skizze","description":"Dail\u0117s, pom\u0117gi\u0173 ir mokykliniai reikm\u0117nys","publisher":{"@id":"https:\/\/www.hobstop.ee\/lt\/#organization"},"potentialAction":[{"@type":"SearchAction","target":{"@type":"EntryPoint","urlTemplate":"https:\/\/www.hobstop.ee\/lt\/?s={search_term_string}"},"query-input":{"@type":"PropertyValueSpecification","valueRequired":true,"valueName":"search_term_string"}}],"inLanguage":"lt"},{"@type":"Organization","@id":"https:\/\/www.hobstop.ee\/lt\/#organization","name":"Vunder AS","url":"https:\/\/www.hobstop.ee\/lt\/","logo":{"@type":"ImageObject","inLanguage":"lt","@id":"https:\/\/www.hobstop.ee\/lt\/#\/schema\/logo\/image\/","url":"https:\/\/hobstop.ee\/media\/vunder-logo.png","contentUrl":"https:\/\/hobstop.ee\/media\/vunder-logo.png","width":127,"height":55,"caption":"Vunder AS"},"image":{"@id":"https:\/\/www.hobstop.ee\/lt\/#\/schema\/logo\/image\/"},"sameAs":["http:\/\/www.facebook.com\/VunderSkizze"]}]}},"_links":{"self":[{"href":"https:\/\/www.hobstop.ee\/lt\/wp-json\/wp\/v2\/product\/258450","targetHints":{"allow":["GET"]}}],"collection":[{"href":"https:\/\/www.hobstop.ee\/lt\/wp-json\/wp\/v2\/product"}],"about":[{"href":"https:\/\/www.hobstop.ee\/lt\/wp-json\/wp\/v2\/types\/product"}],"replies":[{"embeddable":true,"href":"https:\/\/www.hobstop.ee\/lt\/wp-json\/wp\/v2\/comments?post=258450"}],"wp:attachment":[{"href":"https:\/\/www.hobstop.ee\/lt\/wp-json\/wp\/v2\/media?parent=258450"}],"wp:term":[{"taxonomy":"product_cat","embeddable":true,"href":"https:\/\/www.hobstop.ee\/lt\/wp-json\/wp\/v2\/product_cat?post=258450"},{"taxonomy":"product_tag","embeddable":true,"href":"https:\/\/www.hobstop.ee\/lt\/wp-json\/wp\/v2\/product_tag?post=258450"}],"curies":[{"name":"wp","href":"https:\/\/api.w.org\/{rel}","templated":true}]}}