{"id":261932,"date":"2016-04-13T15:00:57","date_gmt":"2016-04-13T12:00:57","guid":{"rendered":"https:\/\/sharks.ee\/vunder_2019\/lt\/product\/akvareliniu-dazu-priedas-winsornewton-colourless-art-masking-fluid\/"},"modified":"2016-04-13T15:00:57","modified_gmt":"2016-04-13T12:00:57","slug":"akvareliniu-dazu-priedas-winsornewton-colourless-art-masking-fluid","status":"publish","type":"product","link":"https:\/\/www.hobstop.ee\/lt\/produktas\/akvareliniu-dazu-priedas-winsornewton-colourless-art-masking-fluid\/","title":{"rendered":"Akvarelini\u0173 da\u017e\u0173 priedas Winsor&#038;Newton Colourless Art Masking Fluid"},"content":{"rendered":"<p>Bespalvis skystis, skirtas tapant u\u017elyginti pla\u010dius teptuko pot\u0117pius. Skirtas mink\u0161tam popieriui, kad ne\u012fsigert\u0173. Kad rezultatas b\u016bt\u0173 kuo geresnis, padeng\u0119 ir karto nuvalykite.<\/p>\n","protected":false},"excerpt":{"rendered":"<p>Bespalvis skystis, skirtas tapant u\u017elyginti pla\u010dius teptuko pot\u0117pius. Skirtas mink\u0161tam popieriui, kad ne\u012fsigert\u0173. Kad rezultatas b\u016bt\u0173 kuo geresnis, padeng\u0119 ir karto nuvalykite.<\/p>\n","protected":false},"featured_media":262180,"comment_status":"closed","ping_status":"closed","template":"","meta":{"_acf_changed":false,"ep_exclude_from_search":false},"product_cat":[19004,16124,17981],"product_tag":[],"class_list":{"0":"post-261932","1":"product","2":"type-product","3":"status-publish","4":"has-post-thumbnail","6":"product_cat-akvareliu-dazu-priedai-2","7":"product_cat-dailes-prekes","8":"product_cat-dazai-ir-priedai-tapybai","10":"first","11":"outofstock","12":"taxable","13":"shipping-taxable","14":"purchasable","15":"product-type-simple"},"acf":[],"yoast_head":"<!-- This site is optimized with the Yoast SEO plugin v24.1 - https:\/\/yoast.com\/wordpress\/plugins\/seo\/ -->\n<title>Akvarelini\u0173 da\u017e\u0173 priedas Winsor&amp;Newton Colourless Art Masking Fluid &#8211; Skizze<\/title>\n<meta name=\"robots\" content=\"noindex, follow, max-snippet:-1, max-image-preview:large, max-video-preview:-1\" \/>\n<meta property=\"og:locale\" content=\"lt_LT\" \/>\n<meta property=\"og:type\" content=\"article\" \/>\n<meta property=\"og:title\" content=\"Akvarelini\u0173 da\u017e\u0173 priedas Winsor&amp;Newton Colourless Art Masking Fluid &#8211; Skizze\" \/>\n<meta property=\"og:description\" content=\"Bespalvis skystis, skirtas tapant u\u017elyginti pla\u010dius teptuko pot\u0117pius. Skirtas mink\u0161tam popieriui, kad ne\u012fsigert\u0173. Kad rezultatas b\u016bt\u0173 kuo geresnis, padeng\u0119 ir karto nuvalykite.\" \/>\n<meta property=\"og:url\" content=\"https:\/\/www.hobstop.ee\/lt\/produktas\/akvareliniu-dazu-priedas-winsornewton-colourless-art-masking-fluid\/\" \/>\n<meta property=\"og:site_name\" content=\"Skizze\" \/>\n<meta property=\"article:publisher\" content=\"http:\/\/www.facebook.com\/VunderSkizze\" \/>\n<meta property=\"og:image\" content=\"https:\/\/www.hobstop.ee\/media\/4262.jpg\" \/>\n\t<meta property=\"og:image:width\" content=\"1024\" \/>\n\t<meta property=\"og:image:height\" content=\"768\" \/>\n\t<meta property=\"og:image:type\" content=\"image\/jpeg\" \/>\n<meta name=\"twitter:card\" content=\"summary_large_image\" \/>\n<script type=\"application\/ld+json\" class=\"yoast-schema-graph\">{\"@context\":\"https:\/\/schema.org\",\"@graph\":[{\"@type\":\"WebPage\",\"@id\":\"https:\/\/www.hobstop.ee\/lt\/produktas\/akvareliniu-dazu-priedas-winsornewton-colourless-art-masking-fluid\/\",\"url\":\"https:\/\/www.hobstop.ee\/lt\/produktas\/akvareliniu-dazu-priedas-winsornewton-colourless-art-masking-fluid\/\",\"name\":\"Akvarelini\u0173 da\u017e\u0173 priedas Winsor&Newton Colourless Art Masking Fluid &#8211; Skizze\",\"isPartOf\":{\"@id\":\"https:\/\/hobstop.ee\/lt\/#website\"},\"primaryImageOfPage\":{\"@id\":\"https:\/\/www.hobstop.ee\/lt\/produktas\/akvareliniu-dazu-priedas-winsornewton-colourless-art-masking-fluid\/#primaryimage\"},\"image\":{\"@id\":\"https:\/\/www.hobstop.ee\/lt\/produktas\/akvareliniu-dazu-priedas-winsornewton-colourless-art-masking-fluid\/#primaryimage\"},\"thumbnailUrl\":\"https:\/\/www.hobstop.ee\/media\/4262.jpg\",\"datePublished\":\"2016-04-13T12:00:57+00:00\",\"dateModified\":\"2016-04-13T12:00:57+00:00\",\"breadcrumb\":{\"@id\":\"https:\/\/www.hobstop.ee\/lt\/produktas\/akvareliniu-dazu-priedas-winsornewton-colourless-art-masking-fluid\/#breadcrumb\"},\"inLanguage\":\"lt\",\"potentialAction\":[{\"@type\":\"ReadAction\",\"target\":[\"https:\/\/www.hobstop.ee\/lt\/produktas\/akvareliniu-dazu-priedas-winsornewton-colourless-art-masking-fluid\/\"]}]},{\"@type\":\"ImageObject\",\"inLanguage\":\"lt\",\"@id\":\"https:\/\/www.hobstop.ee\/lt\/produktas\/akvareliniu-dazu-priedas-winsornewton-colourless-art-masking-fluid\/#primaryimage\",\"url\":\"https:\/\/www.hobstop.ee\/media\/4262.jpg\",\"contentUrl\":\"https:\/\/www.hobstop.ee\/media\/4262.jpg\",\"width\":1024,\"height\":768},{\"@type\":\"BreadcrumbList\",\"@id\":\"https:\/\/www.hobstop.ee\/lt\/produktas\/akvareliniu-dazu-priedas-winsornewton-colourless-art-masking-fluid\/#breadcrumb\",\"itemListElement\":[{\"@type\":\"ListItem\",\"position\":1,\"name\":\"Avaleht\",\"item\":\"https:\/\/hobstop.ee\/lt\/\"},{\"@type\":\"ListItem\",\"position\":2,\"name\":\"Parduotuv\u0117\",\"item\":\"https:\/\/hobstop.ee\/lt\/parduotuve\/\"},{\"@type\":\"ListItem\",\"position\":3,\"name\":\"Akvarelini\u0173 da\u017e\u0173 priedas Winsor&#038;Newton Colourless Art Masking Fluid\"}]},{\"@type\":\"WebSite\",\"@id\":\"https:\/\/hobstop.ee\/lt\/#website\",\"url\":\"https:\/\/hobstop.ee\/lt\/\",\"name\":\"Skizze\",\"description\":\"Dail\u0117s, pom\u0117gi\u0173 ir mokykliniai reikm\u0117nys\",\"publisher\":{\"@id\":\"https:\/\/hobstop.ee\/lt\/#organization\"},\"potentialAction\":[{\"@type\":\"SearchAction\",\"target\":{\"@type\":\"EntryPoint\",\"urlTemplate\":\"https:\/\/hobstop.ee\/lt\/?s={search_term_string}\"},\"query-input\":{\"@type\":\"PropertyValueSpecification\",\"valueRequired\":true,\"valueName\":\"search_term_string\"}}],\"inLanguage\":\"lt\"},{\"@type\":\"Organization\",\"@id\":\"https:\/\/hobstop.ee\/lt\/#organization\",\"name\":\"Vunder AS\",\"url\":\"https:\/\/hobstop.ee\/lt\/\",\"logo\":{\"@type\":\"ImageObject\",\"inLanguage\":\"lt\",\"@id\":\"https:\/\/hobstop.ee\/lt\/#\/schema\/logo\/image\/\",\"url\":\"https:\/\/hobstop.ee\/media\/vunder-logo.png\",\"contentUrl\":\"https:\/\/hobstop.ee\/media\/vunder-logo.png\",\"width\":127,\"height\":55,\"caption\":\"Vunder AS\"},\"image\":{\"@id\":\"https:\/\/hobstop.ee\/lt\/#\/schema\/logo\/image\/\"},\"sameAs\":[\"http:\/\/www.facebook.com\/VunderSkizze\"]}]}<\/script>\n<!-- \/ Yoast SEO plugin. -->","yoast_head_json":{"title":"Akvarelini\u0173 da\u017e\u0173 priedas Winsor&Newton Colourless Art Masking Fluid &#8211; Skizze","robots":{"index":"noindex","follow":"follow","max-snippet":"max-snippet:-1","max-image-preview":"max-image-preview:large","max-video-preview":"max-video-preview:-1"},"og_locale":"lt_LT","og_type":"article","og_title":"Akvarelini\u0173 da\u017e\u0173 priedas Winsor&Newton Colourless Art Masking Fluid &#8211; Skizze","og_description":"Bespalvis skystis, skirtas tapant u\u017elyginti pla\u010dius teptuko pot\u0117pius. Skirtas mink\u0161tam popieriui, kad ne\u012fsigert\u0173. Kad rezultatas b\u016bt\u0173 kuo geresnis, padeng\u0119 ir karto nuvalykite.","og_url":"https:\/\/www.hobstop.ee\/lt\/produktas\/akvareliniu-dazu-priedas-winsornewton-colourless-art-masking-fluid\/","og_site_name":"Skizze","article_publisher":"http:\/\/www.facebook.com\/VunderSkizze","og_image":[{"width":1024,"height":768,"url":"https:\/\/www.hobstop.ee\/media\/4262.jpg","type":"image\/jpeg"}],"twitter_card":"summary_large_image","schema":{"@context":"https:\/\/schema.org","@graph":[{"@type":"WebPage","@id":"https:\/\/www.hobstop.ee\/lt\/produktas\/akvareliniu-dazu-priedas-winsornewton-colourless-art-masking-fluid\/","url":"https:\/\/www.hobstop.ee\/lt\/produktas\/akvareliniu-dazu-priedas-winsornewton-colourless-art-masking-fluid\/","name":"Akvarelini\u0173 da\u017e\u0173 priedas Winsor&Newton Colourless Art Masking Fluid &#8211; Skizze","isPartOf":{"@id":"https:\/\/hobstop.ee\/lt\/#website"},"primaryImageOfPage":{"@id":"https:\/\/www.hobstop.ee\/lt\/produktas\/akvareliniu-dazu-priedas-winsornewton-colourless-art-masking-fluid\/#primaryimage"},"image":{"@id":"https:\/\/www.hobstop.ee\/lt\/produktas\/akvareliniu-dazu-priedas-winsornewton-colourless-art-masking-fluid\/#primaryimage"},"thumbnailUrl":"https:\/\/www.hobstop.ee\/media\/4262.jpg","datePublished":"2016-04-13T12:00:57+00:00","dateModified":"2016-04-13T12:00:57+00:00","breadcrumb":{"@id":"https:\/\/www.hobstop.ee\/lt\/produktas\/akvareliniu-dazu-priedas-winsornewton-colourless-art-masking-fluid\/#breadcrumb"},"inLanguage":"lt","potentialAction":[{"@type":"ReadAction","target":["https:\/\/www.hobstop.ee\/lt\/produktas\/akvareliniu-dazu-priedas-winsornewton-colourless-art-masking-fluid\/"]}]},{"@type":"ImageObject","inLanguage":"lt","@id":"https:\/\/www.hobstop.ee\/lt\/produktas\/akvareliniu-dazu-priedas-winsornewton-colourless-art-masking-fluid\/#primaryimage","url":"https:\/\/www.hobstop.ee\/media\/4262.jpg","contentUrl":"https:\/\/www.hobstop.ee\/media\/4262.jpg","width":1024,"height":768},{"@type":"BreadcrumbList","@id":"https:\/\/www.hobstop.ee\/lt\/produktas\/akvareliniu-dazu-priedas-winsornewton-colourless-art-masking-fluid\/#breadcrumb","itemListElement":[{"@type":"ListItem","position":1,"name":"Avaleht","item":"https:\/\/hobstop.ee\/lt\/"},{"@type":"ListItem","position":2,"name":"Parduotuv\u0117","item":"https:\/\/hobstop.ee\/lt\/parduotuve\/"},{"@type":"ListItem","position":3,"name":"Akvarelini\u0173 da\u017e\u0173 priedas Winsor&#038;Newton Colourless Art Masking Fluid"}]},{"@type":"WebSite","@id":"https:\/\/hobstop.ee\/lt\/#website","url":"https:\/\/hobstop.ee\/lt\/","name":"Skizze","description":"Dail\u0117s, pom\u0117gi\u0173 ir mokykliniai reikm\u0117nys","publisher":{"@id":"https:\/\/hobstop.ee\/lt\/#organization"},"potentialAction":[{"@type":"SearchAction","target":{"@type":"EntryPoint","urlTemplate":"https:\/\/hobstop.ee\/lt\/?s={search_term_string}"},"query-input":{"@type":"PropertyValueSpecification","valueRequired":true,"valueName":"search_term_string"}}],"inLanguage":"lt"},{"@type":"Organization","@id":"https:\/\/hobstop.ee\/lt\/#organization","name":"Vunder AS","url":"https:\/\/hobstop.ee\/lt\/","logo":{"@type":"ImageObject","inLanguage":"lt","@id":"https:\/\/hobstop.ee\/lt\/#\/schema\/logo\/image\/","url":"https:\/\/hobstop.ee\/media\/vunder-logo.png","contentUrl":"https:\/\/hobstop.ee\/media\/vunder-logo.png","width":127,"height":55,"caption":"Vunder AS"},"image":{"@id":"https:\/\/hobstop.ee\/lt\/#\/schema\/logo\/image\/"},"sameAs":["http:\/\/www.facebook.com\/VunderSkizze"]}]}},"_links":{"self":[{"href":"https:\/\/www.hobstop.ee\/lt\/wp-json\/wp\/v2\/product\/261932","targetHints":{"allow":["GET"]}}],"collection":[{"href":"https:\/\/www.hobstop.ee\/lt\/wp-json\/wp\/v2\/product"}],"about":[{"href":"https:\/\/www.hobstop.ee\/lt\/wp-json\/wp\/v2\/types\/product"}],"replies":[{"embeddable":true,"href":"https:\/\/www.hobstop.ee\/lt\/wp-json\/wp\/v2\/comments?post=261932"}],"wp:featuredmedia":[{"embeddable":true,"href":"https:\/\/www.hobstop.ee\/lt\/wp-json\/wp\/v2\/media\/262180"}],"wp:attachment":[{"href":"https:\/\/www.hobstop.ee\/lt\/wp-json\/wp\/v2\/media?parent=261932"}],"wp:term":[{"taxonomy":"product_cat","embeddable":true,"href":"https:\/\/www.hobstop.ee\/lt\/wp-json\/wp\/v2\/product_cat?post=261932"},{"taxonomy":"product_tag","embeddable":true,"href":"https:\/\/www.hobstop.ee\/lt\/wp-json\/wp\/v2\/product_tag?post=261932"}],"curies":[{"name":"wp","href":"https:\/\/api.w.org\/{rel}","templated":true}]}}