{"id":261948,"date":"2016-04-13T15:01:00","date_gmt":"2016-04-13T12:01:00","guid":{"rendered":"https:\/\/sharks.ee\/vunder_2019\/lt\/product\/speciali-priemone-gelis-akriliniams-dazams-liquitex-matinis-super-heavy\/"},"modified":"2016-04-13T15:01:00","modified_gmt":"2016-04-13T12:01:00","slug":"speciali-priemone-gelis-akriliniams-dazams-liquitex-matinis-super-heavy","status":"publish","type":"product","link":"https:\/\/www.hobstop.ee\/lt\/produktas\/speciali-priemone-gelis-akriliniams-dazams-liquitex-matinis-super-heavy\/","title":{"rendered":"Speciali priemon\u0117-gelis akriliniams da\u017eams Liquitex matinis Super Heavy"},"content":{"rendered":"<p>Beveik nesusitraukiantis, auk\u0161tas vir\u0161\u016bn\u0117les ir ry\u0161kias teptuko ar mentel\u0117s pot\u0117pi\u0173 formas i\u0161laikantis itin tir\u0161tas gelis. \u0160i priemon\u0117 su da\u017eais leid\u017eia dirbti ilgiau nei kiti geliniai priedai, i\u0161d\u017eiuvusi sudaro skaidr\u0173 matin\u012f sluoksn\u012f.<\/p>\n","protected":false},"excerpt":{"rendered":"<p>Beveik nesusitraukiantis, auk\u0161tas vir\u0161\u016bn\u0117les ir ry\u0161kias teptuko ar mentel\u0117s pot\u0117pi\u0173 formas i\u0161laikantis itin tir\u0161tas gelis. \u0160i priemon\u0117 su da\u017eais leid\u017eia dirbti ilgiau nei kiti geliniai priedai, i\u0161d\u017eiuvusi sudaro skaidr\u0173 matin\u012f sluoksn\u012f.<\/p>\n","protected":false},"featured_media":353780,"comment_status":"closed","ping_status":"closed","template":"","meta":{"_acf_changed":false,"ep_exclude_from_search":false},"product_cat":[18998,16124,17981],"product_tag":[],"class_list":{"0":"post-261948","1":"product","2":"type-product","3":"status-publish","4":"has-post-thumbnail","6":"product_cat-akriliniu-dazu-priedai-2","7":"product_cat-dailes-prekes","8":"product_cat-dazai-ir-priedai-tapybai","10":"first","11":"instock","12":"taxable","13":"shipping-taxable","14":"purchasable","15":"product-type-simple"},"acf":[],"yoast_head":"<!-- This site is optimized with the Yoast SEO plugin v24.1 - https:\/\/yoast.com\/wordpress\/plugins\/seo\/ -->\n<title>Speciali priemon\u0117-gelis akriliniams da\u017eams Liquitex matinis Super Heavy &#8211; Skizze<\/title>\n<meta name=\"robots\" content=\"noindex, follow, max-snippet:-1, max-image-preview:large, max-video-preview:-1\" \/>\n<meta property=\"og:locale\" content=\"lt_LT\" \/>\n<meta property=\"og:type\" content=\"article\" \/>\n<meta property=\"og:title\" content=\"Speciali priemon\u0117-gelis akriliniams da\u017eams Liquitex matinis Super Heavy &#8211; Skizze\" \/>\n<meta property=\"og:description\" content=\"Beveik nesusitraukiantis, auk\u0161tas vir\u0161\u016bn\u0117les ir ry\u0161kias teptuko ar mentel\u0117s pot\u0117pi\u0173 formas i\u0161laikantis itin tir\u0161tas gelis. \u0160i priemon\u0117 su da\u017eais leid\u017eia dirbti ilgiau nei kiti geliniai priedai, i\u0161d\u017eiuvusi sudaro skaidr\u0173 matin\u012f sluoksn\u012f.\" \/>\n<meta property=\"og:url\" content=\"https:\/\/www.hobstop.ee\/lt\/produktas\/speciali-priemone-gelis-akriliniams-dazams-liquitex-matinis-super-heavy\/\" \/>\n<meta property=\"og:site_name\" content=\"Skizze\" \/>\n<meta property=\"article:publisher\" content=\"http:\/\/www.facebook.com\/VunderSkizze\" \/>\n<meta property=\"og:image\" content=\"https:\/\/www.hobstop.ee\/media\/4267.jpg\" \/>\n\t<meta property=\"og:image:width\" content=\"1024\" \/>\n\t<meta property=\"og:image:height\" content=\"768\" \/>\n\t<meta property=\"og:image:type\" content=\"image\/jpeg\" \/>\n<meta name=\"twitter:card\" content=\"summary_large_image\" \/>\n<script type=\"application\/ld+json\" class=\"yoast-schema-graph\">{\"@context\":\"https:\/\/schema.org\",\"@graph\":[{\"@type\":\"WebPage\",\"@id\":\"https:\/\/www.hobstop.ee\/lt\/produktas\/speciali-priemone-gelis-akriliniams-dazams-liquitex-matinis-super-heavy\/\",\"url\":\"https:\/\/www.hobstop.ee\/lt\/produktas\/speciali-priemone-gelis-akriliniams-dazams-liquitex-matinis-super-heavy\/\",\"name\":\"Speciali priemon\u0117-gelis akriliniams da\u017eams Liquitex matinis Super Heavy &#8211; Skizze\",\"isPartOf\":{\"@id\":\"https:\/\/hobstop.ee\/lt\/#website\"},\"primaryImageOfPage\":{\"@id\":\"https:\/\/www.hobstop.ee\/lt\/produktas\/speciali-priemone-gelis-akriliniams-dazams-liquitex-matinis-super-heavy\/#primaryimage\"},\"image\":{\"@id\":\"https:\/\/www.hobstop.ee\/lt\/produktas\/speciali-priemone-gelis-akriliniams-dazams-liquitex-matinis-super-heavy\/#primaryimage\"},\"thumbnailUrl\":\"https:\/\/www.hobstop.ee\/media\/4267.jpg\",\"datePublished\":\"2016-04-13T12:01:00+00:00\",\"dateModified\":\"2016-04-13T12:01:00+00:00\",\"breadcrumb\":{\"@id\":\"https:\/\/www.hobstop.ee\/lt\/produktas\/speciali-priemone-gelis-akriliniams-dazams-liquitex-matinis-super-heavy\/#breadcrumb\"},\"inLanguage\":\"lt\",\"potentialAction\":[{\"@type\":\"ReadAction\",\"target\":[\"https:\/\/www.hobstop.ee\/lt\/produktas\/speciali-priemone-gelis-akriliniams-dazams-liquitex-matinis-super-heavy\/\"]}]},{\"@type\":\"ImageObject\",\"inLanguage\":\"lt\",\"@id\":\"https:\/\/www.hobstop.ee\/lt\/produktas\/speciali-priemone-gelis-akriliniams-dazams-liquitex-matinis-super-heavy\/#primaryimage\",\"url\":\"https:\/\/www.hobstop.ee\/media\/4267.jpg\",\"contentUrl\":\"https:\/\/www.hobstop.ee\/media\/4267.jpg\",\"width\":1024,\"height\":768},{\"@type\":\"BreadcrumbList\",\"@id\":\"https:\/\/www.hobstop.ee\/lt\/produktas\/speciali-priemone-gelis-akriliniams-dazams-liquitex-matinis-super-heavy\/#breadcrumb\",\"itemListElement\":[{\"@type\":\"ListItem\",\"position\":1,\"name\":\"Avaleht\",\"item\":\"https:\/\/hobstop.ee\/lt\/\"},{\"@type\":\"ListItem\",\"position\":2,\"name\":\"Parduotuv\u0117\",\"item\":\"https:\/\/hobstop.ee\/lt\/parduotuve\/\"},{\"@type\":\"ListItem\",\"position\":3,\"name\":\"Speciali priemon\u0117-gelis akriliniams da\u017eams Liquitex matinis Super Heavy\"}]},{\"@type\":\"WebSite\",\"@id\":\"https:\/\/hobstop.ee\/lt\/#website\",\"url\":\"https:\/\/hobstop.ee\/lt\/\",\"name\":\"Skizze\",\"description\":\"Dail\u0117s, pom\u0117gi\u0173 ir mokykliniai reikm\u0117nys\",\"publisher\":{\"@id\":\"https:\/\/hobstop.ee\/lt\/#organization\"},\"potentialAction\":[{\"@type\":\"SearchAction\",\"target\":{\"@type\":\"EntryPoint\",\"urlTemplate\":\"https:\/\/hobstop.ee\/lt\/?s={search_term_string}\"},\"query-input\":{\"@type\":\"PropertyValueSpecification\",\"valueRequired\":true,\"valueName\":\"search_term_string\"}}],\"inLanguage\":\"lt\"},{\"@type\":\"Organization\",\"@id\":\"https:\/\/hobstop.ee\/lt\/#organization\",\"name\":\"Vunder AS\",\"url\":\"https:\/\/hobstop.ee\/lt\/\",\"logo\":{\"@type\":\"ImageObject\",\"inLanguage\":\"lt\",\"@id\":\"https:\/\/hobstop.ee\/lt\/#\/schema\/logo\/image\/\",\"url\":\"https:\/\/hobstop.ee\/media\/vunder-logo.png\",\"contentUrl\":\"https:\/\/hobstop.ee\/media\/vunder-logo.png\",\"width\":127,\"height\":55,\"caption\":\"Vunder AS\"},\"image\":{\"@id\":\"https:\/\/hobstop.ee\/lt\/#\/schema\/logo\/image\/\"},\"sameAs\":[\"http:\/\/www.facebook.com\/VunderSkizze\"]}]}<\/script>\n<!-- \/ Yoast SEO plugin. -->","yoast_head_json":{"title":"Speciali priemon\u0117-gelis akriliniams da\u017eams Liquitex matinis Super Heavy &#8211; Skizze","robots":{"index":"noindex","follow":"follow","max-snippet":"max-snippet:-1","max-image-preview":"max-image-preview:large","max-video-preview":"max-video-preview:-1"},"og_locale":"lt_LT","og_type":"article","og_title":"Speciali priemon\u0117-gelis akriliniams da\u017eams Liquitex matinis Super Heavy &#8211; Skizze","og_description":"Beveik nesusitraukiantis, auk\u0161tas vir\u0161\u016bn\u0117les ir ry\u0161kias teptuko ar mentel\u0117s pot\u0117pi\u0173 formas i\u0161laikantis itin tir\u0161tas gelis. \u0160i priemon\u0117 su da\u017eais leid\u017eia dirbti ilgiau nei kiti geliniai priedai, i\u0161d\u017eiuvusi sudaro skaidr\u0173 matin\u012f sluoksn\u012f.","og_url":"https:\/\/www.hobstop.ee\/lt\/produktas\/speciali-priemone-gelis-akriliniams-dazams-liquitex-matinis-super-heavy\/","og_site_name":"Skizze","article_publisher":"http:\/\/www.facebook.com\/VunderSkizze","og_image":[{"width":1024,"height":768,"url":"https:\/\/www.hobstop.ee\/media\/4267.jpg","type":"image\/jpeg"}],"twitter_card":"summary_large_image","schema":{"@context":"https:\/\/schema.org","@graph":[{"@type":"WebPage","@id":"https:\/\/www.hobstop.ee\/lt\/produktas\/speciali-priemone-gelis-akriliniams-dazams-liquitex-matinis-super-heavy\/","url":"https:\/\/www.hobstop.ee\/lt\/produktas\/speciali-priemone-gelis-akriliniams-dazams-liquitex-matinis-super-heavy\/","name":"Speciali priemon\u0117-gelis akriliniams da\u017eams Liquitex matinis Super Heavy &#8211; Skizze","isPartOf":{"@id":"https:\/\/hobstop.ee\/lt\/#website"},"primaryImageOfPage":{"@id":"https:\/\/www.hobstop.ee\/lt\/produktas\/speciali-priemone-gelis-akriliniams-dazams-liquitex-matinis-super-heavy\/#primaryimage"},"image":{"@id":"https:\/\/www.hobstop.ee\/lt\/produktas\/speciali-priemone-gelis-akriliniams-dazams-liquitex-matinis-super-heavy\/#primaryimage"},"thumbnailUrl":"https:\/\/www.hobstop.ee\/media\/4267.jpg","datePublished":"2016-04-13T12:01:00+00:00","dateModified":"2016-04-13T12:01:00+00:00","breadcrumb":{"@id":"https:\/\/www.hobstop.ee\/lt\/produktas\/speciali-priemone-gelis-akriliniams-dazams-liquitex-matinis-super-heavy\/#breadcrumb"},"inLanguage":"lt","potentialAction":[{"@type":"ReadAction","target":["https:\/\/www.hobstop.ee\/lt\/produktas\/speciali-priemone-gelis-akriliniams-dazams-liquitex-matinis-super-heavy\/"]}]},{"@type":"ImageObject","inLanguage":"lt","@id":"https:\/\/www.hobstop.ee\/lt\/produktas\/speciali-priemone-gelis-akriliniams-dazams-liquitex-matinis-super-heavy\/#primaryimage","url":"https:\/\/www.hobstop.ee\/media\/4267.jpg","contentUrl":"https:\/\/www.hobstop.ee\/media\/4267.jpg","width":1024,"height":768},{"@type":"BreadcrumbList","@id":"https:\/\/www.hobstop.ee\/lt\/produktas\/speciali-priemone-gelis-akriliniams-dazams-liquitex-matinis-super-heavy\/#breadcrumb","itemListElement":[{"@type":"ListItem","position":1,"name":"Avaleht","item":"https:\/\/hobstop.ee\/lt\/"},{"@type":"ListItem","position":2,"name":"Parduotuv\u0117","item":"https:\/\/hobstop.ee\/lt\/parduotuve\/"},{"@type":"ListItem","position":3,"name":"Speciali priemon\u0117-gelis akriliniams da\u017eams Liquitex matinis Super Heavy"}]},{"@type":"WebSite","@id":"https:\/\/hobstop.ee\/lt\/#website","url":"https:\/\/hobstop.ee\/lt\/","name":"Skizze","description":"Dail\u0117s, pom\u0117gi\u0173 ir mokykliniai reikm\u0117nys","publisher":{"@id":"https:\/\/hobstop.ee\/lt\/#organization"},"potentialAction":[{"@type":"SearchAction","target":{"@type":"EntryPoint","urlTemplate":"https:\/\/hobstop.ee\/lt\/?s={search_term_string}"},"query-input":{"@type":"PropertyValueSpecification","valueRequired":true,"valueName":"search_term_string"}}],"inLanguage":"lt"},{"@type":"Organization","@id":"https:\/\/hobstop.ee\/lt\/#organization","name":"Vunder AS","url":"https:\/\/hobstop.ee\/lt\/","logo":{"@type":"ImageObject","inLanguage":"lt","@id":"https:\/\/hobstop.ee\/lt\/#\/schema\/logo\/image\/","url":"https:\/\/hobstop.ee\/media\/vunder-logo.png","contentUrl":"https:\/\/hobstop.ee\/media\/vunder-logo.png","width":127,"height":55,"caption":"Vunder AS"},"image":{"@id":"https:\/\/hobstop.ee\/lt\/#\/schema\/logo\/image\/"},"sameAs":["http:\/\/www.facebook.com\/VunderSkizze"]}]}},"_links":{"self":[{"href":"https:\/\/www.hobstop.ee\/lt\/wp-json\/wp\/v2\/product\/261948","targetHints":{"allow":["GET"]}}],"collection":[{"href":"https:\/\/www.hobstop.ee\/lt\/wp-json\/wp\/v2\/product"}],"about":[{"href":"https:\/\/www.hobstop.ee\/lt\/wp-json\/wp\/v2\/types\/product"}],"replies":[{"embeddable":true,"href":"https:\/\/www.hobstop.ee\/lt\/wp-json\/wp\/v2\/comments?post=261948"}],"wp:featuredmedia":[{"embeddable":true,"href":"https:\/\/www.hobstop.ee\/lt\/wp-json\/wp\/v2\/media\/353780"}],"wp:attachment":[{"href":"https:\/\/www.hobstop.ee\/lt\/wp-json\/wp\/v2\/media?parent=261948"}],"wp:term":[{"taxonomy":"product_cat","embeddable":true,"href":"https:\/\/www.hobstop.ee\/lt\/wp-json\/wp\/v2\/product_cat?post=261948"},{"taxonomy":"product_tag","embeddable":true,"href":"https:\/\/www.hobstop.ee\/lt\/wp-json\/wp\/v2\/product_tag?post=261948"}],"curies":[{"name":"wp","href":"https:\/\/api.w.org\/{rel}","templated":true}]}}