{"id":263496,"date":"2016-04-27T14:07:30","date_gmt":"2016-04-27T11:07:30","guid":{"rendered":"https:\/\/sharks.ee\/vunder_2019\/lt\/product\/washi-dekoratyvi-lipni-juostele-mt\/"},"modified":"2016-04-27T14:07:30","modified_gmt":"2016-04-27T11:07:30","slug":"washi-dekoratyvi-lipni-juostele-mt-miroslav-sasek","status":"publish","type":"product","link":"https:\/\/www.hobstop.ee\/lt\/produktas\/washi-dekoratyvi-lipni-juostele-mt-miroslav-sasek\/","title":{"rendered":"Washi dekoratyvi lipni juostel\u0117 mt Miroslav Sasek"},"content":{"rendered":"<p>Japoni\u0161ka lipnia dekoratyvine juostele \u201eWashi\u201c galite dekoruoti visk\u0105, k\u0105 tik panor\u0117j\u0119 \u2013 d\u0117\u017eutes ar atvirukus, indus ar baldus. Tinka daugeliui pavir\u0161i\u0173, pavyzd\u017eiui, popieriui, medienai, metalui, porcelianui, stiklui ir kt. Pramoniniu b\u016bdu pagaminta lipni juostel\u0117 yra itin kokybi\u0161ka, tvirta ir plona. Labai tvirtai prilimpa, ta\u010diau yra lengvai atpl\u0117\u0161iama, nepalieka klij\u0173 \u017eym\u0117s.<br \/>\nMiroslav Sasek gim\u0117 1916 m. lapkri\u010dio 18 d. Prahoje, tuometin\u0117je \u010cekoslovakijoje. Jis buvo iliustruot\u0173 knyg\u0173 autorius ir iliustratorius. M. Sasek i\u0161gars\u0117jo savo knyg\u0173 serija \u201eThis is\u201c (\u201eTai yra\u201c), kurios \u017eaismingai vaizduoja \u012fvairius pasaulio miestus. 1960 m. i\u0161leista knyga \u201eTai \u2013 Niujorkas\u201c buvo apdovanota \u201eNew York Times\u201c premija u\u017e geriausias iliustracijas ir \u201eU.S. Youth Club\u201c premija u\u017e geriausi\u0105 knyg\u0105 jaunimui.<\/p>\n","protected":false},"excerpt":{"rendered":"<p>Japoni\u0161ka lipnia dekoratyvine juostele \u201eWashi\u201c galite dekoruoti visk\u0105, k\u0105 tik panor\u0117j\u0119 \u2013 d\u0117\u017eutes ar atvirukus, indus ar baldus. Tinka daugeliui pavir\u0161i\u0173, pavyzd\u017eiui, popieriui, medienai, metalui, porcelianui, stiklui ir kt. Pramoniniu b\u016bdu pagaminta lipni juostel\u0117 yra itin kokybi\u0161ka, tvirta ir plona. Labai tvirtai prilimpa, ta\u010diau yra lengvai atpl\u0117\u0161iama, nepalieka klij\u0173 \u017eym\u0117s. Miroslav Sasek gim\u0117 1916 m. lapkri\u010dio 18 d. Prahoje, tuometin\u0117je \u010cekoslovakijoje. Jis buvo iliustruot\u0173 knyg\u0173 autorius ir iliustratorius. M. Sasek i\u0161gars\u0117jo savo knyg\u0173 serija \u201eThis is\u201c (\u201eTai yra\u201c), kurios \u017eaismingai vaizduoja \u012fvairius pasaulio miestus. 1960 m. i\u0161leista knyga \u201eTai \u2013 Niujorkas\u201c buvo apdovanota \u201eNew York Times\u201c premija u\u017e geriausias iliustracijas ir \u201eU.S. Youth Club\u201c premija u\u017e geriausi\u0105 knyg\u0105 jaunimui.<\/p>\n","protected":false},"featured_media":263548,"comment_status":"closed","ping_status":"closed","template":"","meta":{"_acf_changed":false,"ep_exclude_from_search":false},"product_cat":[17969,17157,17919],"product_tag":[],"class_list":{"0":"post-263496","1":"product","2":"type-product","3":"status-publish","4":"has-post-thumbnail","6":"product_cat-kitos-prekes","7":"product_cat-lipnios-juosteles-washi","8":"product_cat-pomegiu-prekes","10":"first","11":"instock","12":"taxable","13":"shipping-taxable","14":"product-type-simple"},"acf":[],"yoast_head":"<!-- This site is optimized with the Yoast SEO plugin v24.1 - https:\/\/yoast.com\/wordpress\/plugins\/seo\/ -->\n<title>Washi dekoratyvi lipni juostel\u0117 mt Miroslav Sasek &#8211; Skizze<\/title>\n<meta name=\"robots\" content=\"noindex, follow, max-snippet:-1, max-image-preview:large, max-video-preview:-1\" \/>\n<meta property=\"og:locale\" content=\"lt_LT\" \/>\n<meta property=\"og:type\" content=\"article\" \/>\n<meta property=\"og:title\" content=\"Washi dekoratyvi lipni juostel\u0117 mt Miroslav Sasek &#8211; Skizze\" \/>\n<meta property=\"og:description\" content=\"Japoni\u0161ka lipnia dekoratyvine juostele \u201eWashi\u201c galite dekoruoti visk\u0105, k\u0105 tik panor\u0117j\u0119 \u2013 d\u0117\u017eutes ar atvirukus, indus ar baldus. Tinka daugeliui pavir\u0161i\u0173, pavyzd\u017eiui, popieriui, medienai, metalui, porcelianui, stiklui ir kt. Pramoniniu b\u016bdu pagaminta lipni juostel\u0117 yra itin kokybi\u0161ka, tvirta ir plona. Labai tvirtai prilimpa, ta\u010diau yra lengvai atpl\u0117\u0161iama, nepalieka klij\u0173 \u017eym\u0117s. Miroslav Sasek gim\u0117 1916 m. lapkri\u010dio 18 d. Prahoje, tuometin\u0117je \u010cekoslovakijoje. Jis buvo iliustruot\u0173 knyg\u0173 autorius ir iliustratorius. M. Sasek i\u0161gars\u0117jo savo knyg\u0173 serija \u201eThis is\u201c (\u201eTai yra\u201c), kurios \u017eaismingai vaizduoja \u012fvairius pasaulio miestus. 1960 m. i\u0161leista knyga \u201eTai \u2013 Niujorkas\u201c buvo apdovanota \u201eNew York Times\u201c premija u\u017e geriausias iliustracijas ir \u201eU.S. Youth Club\u201c premija u\u017e geriausi\u0105 knyg\u0105 jaunimui.\" \/>\n<meta property=\"og:url\" content=\"https:\/\/www.hobstop.ee\/lt\/produktas\/washi-dekoratyvi-lipni-juostele-mt-miroslav-sasek\/\" \/>\n<meta property=\"og:site_name\" content=\"Skizze\" \/>\n<meta property=\"article:publisher\" content=\"http:\/\/www.facebook.com\/VunderSkizze\" \/>\n<meta property=\"og:image\" content=\"https:\/\/www.hobstop.ee\/media\/4050.jpg\" \/>\n\t<meta property=\"og:image:width\" content=\"1024\" \/>\n\t<meta property=\"og:image:height\" content=\"768\" \/>\n\t<meta property=\"og:image:type\" content=\"image\/jpeg\" \/>\n<meta name=\"twitter:card\" content=\"summary_large_image\" \/>\n<meta name=\"twitter:label1\" content=\"Est. reading time\" \/>\n\t<meta name=\"twitter:data1\" content=\"1 minute\" \/>\n<script type=\"application\/ld+json\" class=\"yoast-schema-graph\">{\"@context\":\"https:\/\/schema.org\",\"@graph\":[{\"@type\":\"WebPage\",\"@id\":\"https:\/\/www.hobstop.ee\/lt\/produktas\/washi-dekoratyvi-lipni-juostele-mt-miroslav-sasek\/\",\"url\":\"https:\/\/www.hobstop.ee\/lt\/produktas\/washi-dekoratyvi-lipni-juostele-mt-miroslav-sasek\/\",\"name\":\"Washi dekoratyvi lipni juostel\u0117 mt Miroslav Sasek &#8211; Skizze\",\"isPartOf\":{\"@id\":\"https:\/\/www.hobstop.ee\/lt\/#website\"},\"primaryImageOfPage\":{\"@id\":\"https:\/\/www.hobstop.ee\/lt\/produktas\/washi-dekoratyvi-lipni-juostele-mt-miroslav-sasek\/#primaryimage\"},\"image\":{\"@id\":\"https:\/\/www.hobstop.ee\/lt\/produktas\/washi-dekoratyvi-lipni-juostele-mt-miroslav-sasek\/#primaryimage\"},\"thumbnailUrl\":\"https:\/\/www.hobstop.ee\/media\/4050.jpg\",\"datePublished\":\"2016-04-27T11:07:30+00:00\",\"dateModified\":\"2016-04-27T11:07:30+00:00\",\"breadcrumb\":{\"@id\":\"https:\/\/www.hobstop.ee\/lt\/produktas\/washi-dekoratyvi-lipni-juostele-mt-miroslav-sasek\/#breadcrumb\"},\"inLanguage\":\"lt\",\"potentialAction\":[{\"@type\":\"ReadAction\",\"target\":[\"https:\/\/www.hobstop.ee\/lt\/produktas\/washi-dekoratyvi-lipni-juostele-mt-miroslav-sasek\/\"]}]},{\"@type\":\"ImageObject\",\"inLanguage\":\"lt\",\"@id\":\"https:\/\/www.hobstop.ee\/lt\/produktas\/washi-dekoratyvi-lipni-juostele-mt-miroslav-sasek\/#primaryimage\",\"url\":\"https:\/\/www.hobstop.ee\/media\/4050.jpg\",\"contentUrl\":\"https:\/\/www.hobstop.ee\/media\/4050.jpg\",\"width\":1024,\"height\":768},{\"@type\":\"BreadcrumbList\",\"@id\":\"https:\/\/www.hobstop.ee\/lt\/produktas\/washi-dekoratyvi-lipni-juostele-mt-miroslav-sasek\/#breadcrumb\",\"itemListElement\":[{\"@type\":\"ListItem\",\"position\":1,\"name\":\"Avaleht\",\"item\":\"https:\/\/www.hobstop.ee\/lt\/\"},{\"@type\":\"ListItem\",\"position\":2,\"name\":\"Parduotuv\u0117\",\"item\":\"https:\/\/www.hobstop.ee\/lt\/parduotuve\/\"},{\"@type\":\"ListItem\",\"position\":3,\"name\":\"Washi dekoratyvi lipni juostel\u0117 mt Miroslav Sasek\"}]},{\"@type\":\"WebSite\",\"@id\":\"https:\/\/www.hobstop.ee\/lt\/#website\",\"url\":\"https:\/\/www.hobstop.ee\/lt\/\",\"name\":\"Skizze\",\"description\":\"Dail\u0117s, pom\u0117gi\u0173 ir mokykliniai reikm\u0117nys\",\"publisher\":{\"@id\":\"https:\/\/www.hobstop.ee\/lt\/#organization\"},\"potentialAction\":[{\"@type\":\"SearchAction\",\"target\":{\"@type\":\"EntryPoint\",\"urlTemplate\":\"https:\/\/www.hobstop.ee\/lt\/?s={search_term_string}\"},\"query-input\":{\"@type\":\"PropertyValueSpecification\",\"valueRequired\":true,\"valueName\":\"search_term_string\"}}],\"inLanguage\":\"lt\"},{\"@type\":\"Organization\",\"@id\":\"https:\/\/www.hobstop.ee\/lt\/#organization\",\"name\":\"Vunder AS\",\"url\":\"https:\/\/www.hobstop.ee\/lt\/\",\"logo\":{\"@type\":\"ImageObject\",\"inLanguage\":\"lt\",\"@id\":\"https:\/\/www.hobstop.ee\/lt\/#\/schema\/logo\/image\/\",\"url\":\"https:\/\/hobstop.ee\/media\/vunder-logo.png\",\"contentUrl\":\"https:\/\/hobstop.ee\/media\/vunder-logo.png\",\"width\":127,\"height\":55,\"caption\":\"Vunder AS\"},\"image\":{\"@id\":\"https:\/\/www.hobstop.ee\/lt\/#\/schema\/logo\/image\/\"},\"sameAs\":[\"http:\/\/www.facebook.com\/VunderSkizze\"]}]}<\/script>\n<!-- \/ Yoast SEO plugin. -->","yoast_head_json":{"title":"Washi dekoratyvi lipni juostel\u0117 mt Miroslav Sasek &#8211; Skizze","robots":{"index":"noindex","follow":"follow","max-snippet":"max-snippet:-1","max-image-preview":"max-image-preview:large","max-video-preview":"max-video-preview:-1"},"og_locale":"lt_LT","og_type":"article","og_title":"Washi dekoratyvi lipni juostel\u0117 mt Miroslav Sasek &#8211; Skizze","og_description":"Japoni\u0161ka lipnia dekoratyvine juostele \u201eWashi\u201c galite dekoruoti visk\u0105, k\u0105 tik panor\u0117j\u0119 \u2013 d\u0117\u017eutes ar atvirukus, indus ar baldus. Tinka daugeliui pavir\u0161i\u0173, pavyzd\u017eiui, popieriui, medienai, metalui, porcelianui, stiklui ir kt. Pramoniniu b\u016bdu pagaminta lipni juostel\u0117 yra itin kokybi\u0161ka, tvirta ir plona. Labai tvirtai prilimpa, ta\u010diau yra lengvai atpl\u0117\u0161iama, nepalieka klij\u0173 \u017eym\u0117s. Miroslav Sasek gim\u0117 1916 m. lapkri\u010dio 18 d. Prahoje, tuometin\u0117je \u010cekoslovakijoje. Jis buvo iliustruot\u0173 knyg\u0173 autorius ir iliustratorius. M. Sasek i\u0161gars\u0117jo savo knyg\u0173 serija \u201eThis is\u201c (\u201eTai yra\u201c), kurios \u017eaismingai vaizduoja \u012fvairius pasaulio miestus. 1960 m. i\u0161leista knyga \u201eTai \u2013 Niujorkas\u201c buvo apdovanota \u201eNew York Times\u201c premija u\u017e geriausias iliustracijas ir \u201eU.S. Youth Club\u201c premija u\u017e geriausi\u0105 knyg\u0105 jaunimui.","og_url":"https:\/\/www.hobstop.ee\/lt\/produktas\/washi-dekoratyvi-lipni-juostele-mt-miroslav-sasek\/","og_site_name":"Skizze","article_publisher":"http:\/\/www.facebook.com\/VunderSkizze","og_image":[{"width":1024,"height":768,"url":"https:\/\/www.hobstop.ee\/media\/4050.jpg","type":"image\/jpeg"}],"twitter_card":"summary_large_image","twitter_misc":{"Est. reading time":"1 minute"},"schema":{"@context":"https:\/\/schema.org","@graph":[{"@type":"WebPage","@id":"https:\/\/www.hobstop.ee\/lt\/produktas\/washi-dekoratyvi-lipni-juostele-mt-miroslav-sasek\/","url":"https:\/\/www.hobstop.ee\/lt\/produktas\/washi-dekoratyvi-lipni-juostele-mt-miroslav-sasek\/","name":"Washi dekoratyvi lipni juostel\u0117 mt Miroslav Sasek &#8211; Skizze","isPartOf":{"@id":"https:\/\/www.hobstop.ee\/lt\/#website"},"primaryImageOfPage":{"@id":"https:\/\/www.hobstop.ee\/lt\/produktas\/washi-dekoratyvi-lipni-juostele-mt-miroslav-sasek\/#primaryimage"},"image":{"@id":"https:\/\/www.hobstop.ee\/lt\/produktas\/washi-dekoratyvi-lipni-juostele-mt-miroslav-sasek\/#primaryimage"},"thumbnailUrl":"https:\/\/www.hobstop.ee\/media\/4050.jpg","datePublished":"2016-04-27T11:07:30+00:00","dateModified":"2016-04-27T11:07:30+00:00","breadcrumb":{"@id":"https:\/\/www.hobstop.ee\/lt\/produktas\/washi-dekoratyvi-lipni-juostele-mt-miroslav-sasek\/#breadcrumb"},"inLanguage":"lt","potentialAction":[{"@type":"ReadAction","target":["https:\/\/www.hobstop.ee\/lt\/produktas\/washi-dekoratyvi-lipni-juostele-mt-miroslav-sasek\/"]}]},{"@type":"ImageObject","inLanguage":"lt","@id":"https:\/\/www.hobstop.ee\/lt\/produktas\/washi-dekoratyvi-lipni-juostele-mt-miroslav-sasek\/#primaryimage","url":"https:\/\/www.hobstop.ee\/media\/4050.jpg","contentUrl":"https:\/\/www.hobstop.ee\/media\/4050.jpg","width":1024,"height":768},{"@type":"BreadcrumbList","@id":"https:\/\/www.hobstop.ee\/lt\/produktas\/washi-dekoratyvi-lipni-juostele-mt-miroslav-sasek\/#breadcrumb","itemListElement":[{"@type":"ListItem","position":1,"name":"Avaleht","item":"https:\/\/www.hobstop.ee\/lt\/"},{"@type":"ListItem","position":2,"name":"Parduotuv\u0117","item":"https:\/\/www.hobstop.ee\/lt\/parduotuve\/"},{"@type":"ListItem","position":3,"name":"Washi dekoratyvi lipni juostel\u0117 mt Miroslav Sasek"}]},{"@type":"WebSite","@id":"https:\/\/www.hobstop.ee\/lt\/#website","url":"https:\/\/www.hobstop.ee\/lt\/","name":"Skizze","description":"Dail\u0117s, pom\u0117gi\u0173 ir mokykliniai reikm\u0117nys","publisher":{"@id":"https:\/\/www.hobstop.ee\/lt\/#organization"},"potentialAction":[{"@type":"SearchAction","target":{"@type":"EntryPoint","urlTemplate":"https:\/\/www.hobstop.ee\/lt\/?s={search_term_string}"},"query-input":{"@type":"PropertyValueSpecification","valueRequired":true,"valueName":"search_term_string"}}],"inLanguage":"lt"},{"@type":"Organization","@id":"https:\/\/www.hobstop.ee\/lt\/#organization","name":"Vunder AS","url":"https:\/\/www.hobstop.ee\/lt\/","logo":{"@type":"ImageObject","inLanguage":"lt","@id":"https:\/\/www.hobstop.ee\/lt\/#\/schema\/logo\/image\/","url":"https:\/\/hobstop.ee\/media\/vunder-logo.png","contentUrl":"https:\/\/hobstop.ee\/media\/vunder-logo.png","width":127,"height":55,"caption":"Vunder AS"},"image":{"@id":"https:\/\/www.hobstop.ee\/lt\/#\/schema\/logo\/image\/"},"sameAs":["http:\/\/www.facebook.com\/VunderSkizze"]}]}},"_links":{"self":[{"href":"https:\/\/www.hobstop.ee\/lt\/wp-json\/wp\/v2\/product\/263496","targetHints":{"allow":["GET"]}}],"collection":[{"href":"https:\/\/www.hobstop.ee\/lt\/wp-json\/wp\/v2\/product"}],"about":[{"href":"https:\/\/www.hobstop.ee\/lt\/wp-json\/wp\/v2\/types\/product"}],"replies":[{"embeddable":true,"href":"https:\/\/www.hobstop.ee\/lt\/wp-json\/wp\/v2\/comments?post=263496"}],"wp:featuredmedia":[{"embeddable":true,"href":"https:\/\/www.hobstop.ee\/lt\/wp-json\/wp\/v2\/media\/263548"}],"wp:attachment":[{"href":"https:\/\/www.hobstop.ee\/lt\/wp-json\/wp\/v2\/media?parent=263496"}],"wp:term":[{"taxonomy":"product_cat","embeddable":true,"href":"https:\/\/www.hobstop.ee\/lt\/wp-json\/wp\/v2\/product_cat?post=263496"},{"taxonomy":"product_tag","embeddable":true,"href":"https:\/\/www.hobstop.ee\/lt\/wp-json\/wp\/v2\/product_tag?post=263496"}],"curies":[{"name":"wp","href":"https:\/\/api.w.org\/{rel}","templated":true}]}}