{"id":263779,"date":"2016-05-03T13:41:36","date_gmt":"2016-05-03T10:41:36","guid":{"rendered":"https:\/\/sharks.ee\/vunder_2019\/lt\/product\/washi-dekoratyvi-lipni-juostele-mt-mizumaru-anzai\/"},"modified":"2016-05-03T13:41:36","modified_gmt":"2016-05-03T10:41:36","slug":"washi-dekoratyvi-lipni-juostele-mt-mizumaru-anzai","status":"publish","type":"product","link":"https:\/\/www.hobstop.ee\/lt\/produktas\/washi-dekoratyvi-lipni-juostele-mt-mizumaru-anzai\/","title":{"rendered":"Washi dekoratyvi lipni juostel\u0117 mt Mizumaru Anzai"},"content":{"rendered":"<p>Japoni\u0161ka lipnia dekoratyvine juostele \u201eWashi\u201c galite dekoruoti visk\u0105, k\u0105 tik panor\u0117j\u0119 \u2013 d\u0117\u017eutes ar atvirukus, indus ar baldus. Tinka daugeliui pavir\u0161i\u0173, pavyzd\u017eiui, popieriui, medienai, metalui, porcelianui, stiklui ir kt. Pramoniniu b\u016bdu pagaminta lipni juostel\u0117 yra itin kokybi\u0161ka, tvirta ir plona. Labai tvirtai prilimpa, ta\u010diau yra lengvai atpl\u0117\u0161iama, nepalieka klij\u0173 \u017eym\u0117s.<br \/>\nIliustratorius Mizumaru Anzai gim\u0117 Tokijuje 1942 metais. Jis baig\u0117 Nihono universiteto men\u0173 fakultet\u0105, dirbo \u201eDentsu\u201c reklamos biuro ir Niujorke bei Heinbon\u0161oje esan\u010dios dizaino studijos meno vadovu, v\u0117liau \u2013 laisvai samdomu dizaineriu. Mizumaru Anzai laim\u0117jo \u201eAsahi\u201c reklamos apdovanojim\u0105, \u201eMaini\u010di\u201c reklamos dizaino apdovanojim\u0105, 1987 m. parodos JAGDA dailininko apdovanojim\u0105 ir 1988 m. festivalio \u201eKinema Jumpo\u201c skaitytoj\u0173 apdovanojim\u0105. Jis suk\u016br\u0117 daug knyg\u0173 su iliustracijomis ir komiks\u0173, ra\u0161\u0117 es\u0117 ir romanus. Jis buvo Tokijo iliustratori\u0173 s\u0105jungos (TIS), Japonijos grafikos dizaineri\u0173 asociacijos (JAGDA), Japonijos ra\u0161ytoj\u0173 s\u0105jungos, Japonijos PEN klubo narys ir Japonijos \u201eSnowdome\u201c asociacijos ir \u201eCurried Rice\u201c asociacijos prezidentas.<\/p>\n","protected":false},"excerpt":{"rendered":"<p>Japoni\u0161ka lipnia dekoratyvine juostele \u201eWashi\u201c galite dekoruoti visk\u0105, k\u0105 tik panor\u0117j\u0119 \u2013 d\u0117\u017eutes ar atvirukus, indus ar baldus. Tinka daugeliui pavir\u0161i\u0173, pavyzd\u017eiui, popieriui, medienai, metalui, porcelianui, stiklui ir kt. Pramoniniu b\u016bdu pagaminta lipni juostel\u0117 yra itin kokybi\u0161ka, tvirta ir plona. Labai tvirtai prilimpa, ta\u010diau yra lengvai atpl\u0117\u0161iama, nepalieka klij\u0173 \u017eym\u0117s. Iliustratorius Mizumaru Anzai gim\u0117 Tokijuje 1942 metais. Jis baig\u0117 Nihono universiteto men\u0173 fakultet\u0105, dirbo \u201eDentsu\u201c reklamos biuro ir Niujorke bei Heinbon\u0161oje esan\u010dios dizaino studijos meno vadovu, v\u0117liau \u2013 laisvai samdomu dizaineriu. Mizumaru Anzai laim\u0117jo \u201eAsahi\u201c reklamos apdovanojim\u0105, \u201eMaini\u010di\u201c reklamos dizaino apdovanojim\u0105, 1987 m. parodos JAGDA dailininko apdovanojim\u0105 ir 1988 m. festivalio \u201eKinema Jumpo\u201c skaitytoj\u0173 apdovanojim\u0105. Jis suk\u016br\u0117 daug knyg\u0173 su iliustracijomis ir komiks\u0173, ra\u0161\u0117 es\u0117 ir romanus. Jis buvo Tokijo iliustratori\u0173 s\u0105jungos (TIS), Japonijos grafikos dizaineri\u0173 asociacijos (JAGDA), Japonijos ra\u0161ytoj\u0173 s\u0105jungos, Japonijos PEN klubo narys ir Japonijos \u201eSnowdome\u201c asociacijos ir \u201eCurried Rice\u201c asociacijos prezidentas.<\/p>\n","protected":false},"featured_media":263811,"comment_status":"closed","ping_status":"closed","template":"","meta":{"_acf_changed":false,"ep_exclude_from_search":false},"product_cat":[17969,17157,17919],"product_tag":[],"class_list":{"0":"post-263779","1":"product","2":"type-product","3":"status-publish","4":"has-post-thumbnail","6":"product_cat-kitos-prekes","7":"product_cat-lipnios-juosteles-washi","8":"product_cat-pomegiu-prekes","10":"first","11":"instock","12":"taxable","13":"shipping-taxable","14":"product-type-simple"},"acf":[],"yoast_head":"<!-- This site is optimized with the Yoast SEO plugin v24.1 - https:\/\/yoast.com\/wordpress\/plugins\/seo\/ -->\n<title>Washi dekoratyvi lipni juostel\u0117 mt Mizumaru Anzai  &#8211; Skizze<\/title>\n<meta name=\"robots\" content=\"noindex, follow, max-snippet:-1, max-image-preview:large, max-video-preview:-1\" \/>\n<meta property=\"og:locale\" content=\"lt_LT\" \/>\n<meta property=\"og:type\" content=\"article\" \/>\n<meta property=\"og:title\" content=\"Washi dekoratyvi lipni juostel\u0117 mt Mizumaru Anzai  &#8211; Skizze\" \/>\n<meta property=\"og:description\" content=\"Japoni\u0161ka lipnia dekoratyvine juostele \u201eWashi\u201c galite dekoruoti visk\u0105, k\u0105 tik panor\u0117j\u0119 \u2013 d\u0117\u017eutes ar atvirukus, indus ar baldus. Tinka daugeliui pavir\u0161i\u0173, pavyzd\u017eiui, popieriui, medienai, metalui, porcelianui, stiklui ir kt. Pramoniniu b\u016bdu pagaminta lipni juostel\u0117 yra itin kokybi\u0161ka, tvirta ir plona. Labai tvirtai prilimpa, ta\u010diau yra lengvai atpl\u0117\u0161iama, nepalieka klij\u0173 \u017eym\u0117s. Iliustratorius Mizumaru Anzai gim\u0117 Tokijuje 1942 metais. Jis baig\u0117 Nihono universiteto men\u0173 fakultet\u0105, dirbo \u201eDentsu\u201c reklamos biuro ir Niujorke bei Heinbon\u0161oje esan\u010dios dizaino studijos meno vadovu, v\u0117liau \u2013 laisvai samdomu dizaineriu. Mizumaru Anzai laim\u0117jo \u201eAsahi\u201c reklamos apdovanojim\u0105, \u201eMaini\u010di\u201c reklamos dizaino apdovanojim\u0105, 1987 m. parodos JAGDA dailininko apdovanojim\u0105 ir 1988 m. festivalio \u201eKinema Jumpo\u201c skaitytoj\u0173 apdovanojim\u0105. Jis suk\u016br\u0117 daug knyg\u0173 su iliustracijomis ir komiks\u0173, ra\u0161\u0117 es\u0117 ir romanus. Jis buvo Tokijo iliustratori\u0173 s\u0105jungos (TIS), Japonijos grafikos dizaineri\u0173 asociacijos (JAGDA), Japonijos ra\u0161ytoj\u0173 s\u0105jungos, Japonijos PEN klubo narys ir Japonijos \u201eSnowdome\u201c asociacijos ir \u201eCurried Rice\u201c asociacijos prezidentas.\" \/>\n<meta property=\"og:url\" content=\"https:\/\/www.hobstop.ee\/lt\/produktas\/washi-dekoratyvi-lipni-juostele-mt-mizumaru-anzai\/\" \/>\n<meta property=\"og:site_name\" content=\"Skizze\" \/>\n<meta property=\"article:publisher\" content=\"http:\/\/www.facebook.com\/VunderSkizze\" \/>\n<meta property=\"og:image\" content=\"https:\/\/www.hobstop.ee\/media\/4279.jpg\" \/>\n\t<meta property=\"og:image:width\" content=\"1024\" \/>\n\t<meta property=\"og:image:height\" content=\"768\" \/>\n\t<meta property=\"og:image:type\" content=\"image\/jpeg\" \/>\n<meta name=\"twitter:card\" content=\"summary_large_image\" \/>\n<meta name=\"twitter:label1\" content=\"Est. reading time\" \/>\n\t<meta name=\"twitter:data1\" content=\"1 minute\" \/>\n<script type=\"application\/ld+json\" class=\"yoast-schema-graph\">{\"@context\":\"https:\/\/schema.org\",\"@graph\":[{\"@type\":\"WebPage\",\"@id\":\"https:\/\/www.hobstop.ee\/lt\/produktas\/washi-dekoratyvi-lipni-juostele-mt-mizumaru-anzai\/\",\"url\":\"https:\/\/www.hobstop.ee\/lt\/produktas\/washi-dekoratyvi-lipni-juostele-mt-mizumaru-anzai\/\",\"name\":\"Washi dekoratyvi lipni juostel\u0117 mt Mizumaru Anzai &#8211; Skizze\",\"isPartOf\":{\"@id\":\"https:\/\/hobstop.ee\/lt\/#website\"},\"primaryImageOfPage\":{\"@id\":\"https:\/\/www.hobstop.ee\/lt\/produktas\/washi-dekoratyvi-lipni-juostele-mt-mizumaru-anzai\/#primaryimage\"},\"image\":{\"@id\":\"https:\/\/www.hobstop.ee\/lt\/produktas\/washi-dekoratyvi-lipni-juostele-mt-mizumaru-anzai\/#primaryimage\"},\"thumbnailUrl\":\"https:\/\/www.hobstop.ee\/media\/4279.jpg\",\"datePublished\":\"2016-05-03T10:41:36+00:00\",\"dateModified\":\"2016-05-03T10:41:36+00:00\",\"breadcrumb\":{\"@id\":\"https:\/\/www.hobstop.ee\/lt\/produktas\/washi-dekoratyvi-lipni-juostele-mt-mizumaru-anzai\/#breadcrumb\"},\"inLanguage\":\"lt\",\"potentialAction\":[{\"@type\":\"ReadAction\",\"target\":[\"https:\/\/www.hobstop.ee\/lt\/produktas\/washi-dekoratyvi-lipni-juostele-mt-mizumaru-anzai\/\"]}]},{\"@type\":\"ImageObject\",\"inLanguage\":\"lt\",\"@id\":\"https:\/\/www.hobstop.ee\/lt\/produktas\/washi-dekoratyvi-lipni-juostele-mt-mizumaru-anzai\/#primaryimage\",\"url\":\"https:\/\/www.hobstop.ee\/media\/4279.jpg\",\"contentUrl\":\"https:\/\/www.hobstop.ee\/media\/4279.jpg\",\"width\":1024,\"height\":768},{\"@type\":\"BreadcrumbList\",\"@id\":\"https:\/\/www.hobstop.ee\/lt\/produktas\/washi-dekoratyvi-lipni-juostele-mt-mizumaru-anzai\/#breadcrumb\",\"itemListElement\":[{\"@type\":\"ListItem\",\"position\":1,\"name\":\"Avaleht\",\"item\":\"https:\/\/hobstop.ee\/lt\/\"},{\"@type\":\"ListItem\",\"position\":2,\"name\":\"Parduotuv\u0117\",\"item\":\"https:\/\/hobstop.ee\/lt\/parduotuve\/\"},{\"@type\":\"ListItem\",\"position\":3,\"name\":\"Washi dekoratyvi lipni juostel\u0117 mt Mizumaru Anzai\"}]},{\"@type\":\"WebSite\",\"@id\":\"https:\/\/hobstop.ee\/lt\/#website\",\"url\":\"https:\/\/hobstop.ee\/lt\/\",\"name\":\"Skizze\",\"description\":\"Dail\u0117s, pom\u0117gi\u0173 ir mokykliniai reikm\u0117nys\",\"publisher\":{\"@id\":\"https:\/\/hobstop.ee\/lt\/#organization\"},\"potentialAction\":[{\"@type\":\"SearchAction\",\"target\":{\"@type\":\"EntryPoint\",\"urlTemplate\":\"https:\/\/hobstop.ee\/lt\/?s={search_term_string}\"},\"query-input\":{\"@type\":\"PropertyValueSpecification\",\"valueRequired\":true,\"valueName\":\"search_term_string\"}}],\"inLanguage\":\"lt\"},{\"@type\":\"Organization\",\"@id\":\"https:\/\/hobstop.ee\/lt\/#organization\",\"name\":\"Vunder AS\",\"url\":\"https:\/\/hobstop.ee\/lt\/\",\"logo\":{\"@type\":\"ImageObject\",\"inLanguage\":\"lt\",\"@id\":\"https:\/\/hobstop.ee\/lt\/#\/schema\/logo\/image\/\",\"url\":\"https:\/\/hobstop.ee\/media\/vunder-logo.png\",\"contentUrl\":\"https:\/\/hobstop.ee\/media\/vunder-logo.png\",\"width\":127,\"height\":55,\"caption\":\"Vunder AS\"},\"image\":{\"@id\":\"https:\/\/hobstop.ee\/lt\/#\/schema\/logo\/image\/\"},\"sameAs\":[\"http:\/\/www.facebook.com\/VunderSkizze\"]}]}<\/script>\n<!-- \/ Yoast SEO plugin. -->","yoast_head_json":{"title":"Washi dekoratyvi lipni juostel\u0117 mt Mizumaru Anzai  &#8211; Skizze","robots":{"index":"noindex","follow":"follow","max-snippet":"max-snippet:-1","max-image-preview":"max-image-preview:large","max-video-preview":"max-video-preview:-1"},"og_locale":"lt_LT","og_type":"article","og_title":"Washi dekoratyvi lipni juostel\u0117 mt Mizumaru Anzai  &#8211; Skizze","og_description":"Japoni\u0161ka lipnia dekoratyvine juostele \u201eWashi\u201c galite dekoruoti visk\u0105, k\u0105 tik panor\u0117j\u0119 \u2013 d\u0117\u017eutes ar atvirukus, indus ar baldus. Tinka daugeliui pavir\u0161i\u0173, pavyzd\u017eiui, popieriui, medienai, metalui, porcelianui, stiklui ir kt. Pramoniniu b\u016bdu pagaminta lipni juostel\u0117 yra itin kokybi\u0161ka, tvirta ir plona. Labai tvirtai prilimpa, ta\u010diau yra lengvai atpl\u0117\u0161iama, nepalieka klij\u0173 \u017eym\u0117s. Iliustratorius Mizumaru Anzai gim\u0117 Tokijuje 1942 metais. Jis baig\u0117 Nihono universiteto men\u0173 fakultet\u0105, dirbo \u201eDentsu\u201c reklamos biuro ir Niujorke bei Heinbon\u0161oje esan\u010dios dizaino studijos meno vadovu, v\u0117liau \u2013 laisvai samdomu dizaineriu. Mizumaru Anzai laim\u0117jo \u201eAsahi\u201c reklamos apdovanojim\u0105, \u201eMaini\u010di\u201c reklamos dizaino apdovanojim\u0105, 1987 m. parodos JAGDA dailininko apdovanojim\u0105 ir 1988 m. festivalio \u201eKinema Jumpo\u201c skaitytoj\u0173 apdovanojim\u0105. Jis suk\u016br\u0117 daug knyg\u0173 su iliustracijomis ir komiks\u0173, ra\u0161\u0117 es\u0117 ir romanus. Jis buvo Tokijo iliustratori\u0173 s\u0105jungos (TIS), Japonijos grafikos dizaineri\u0173 asociacijos (JAGDA), Japonijos ra\u0161ytoj\u0173 s\u0105jungos, Japonijos PEN klubo narys ir Japonijos \u201eSnowdome\u201c asociacijos ir \u201eCurried Rice\u201c asociacijos prezidentas.","og_url":"https:\/\/www.hobstop.ee\/lt\/produktas\/washi-dekoratyvi-lipni-juostele-mt-mizumaru-anzai\/","og_site_name":"Skizze","article_publisher":"http:\/\/www.facebook.com\/VunderSkizze","og_image":[{"width":1024,"height":768,"url":"https:\/\/www.hobstop.ee\/media\/4279.jpg","type":"image\/jpeg"}],"twitter_card":"summary_large_image","twitter_misc":{"Est. reading time":"1 minute"},"schema":{"@context":"https:\/\/schema.org","@graph":[{"@type":"WebPage","@id":"https:\/\/www.hobstop.ee\/lt\/produktas\/washi-dekoratyvi-lipni-juostele-mt-mizumaru-anzai\/","url":"https:\/\/www.hobstop.ee\/lt\/produktas\/washi-dekoratyvi-lipni-juostele-mt-mizumaru-anzai\/","name":"Washi dekoratyvi lipni juostel\u0117 mt Mizumaru Anzai &#8211; Skizze","isPartOf":{"@id":"https:\/\/hobstop.ee\/lt\/#website"},"primaryImageOfPage":{"@id":"https:\/\/www.hobstop.ee\/lt\/produktas\/washi-dekoratyvi-lipni-juostele-mt-mizumaru-anzai\/#primaryimage"},"image":{"@id":"https:\/\/www.hobstop.ee\/lt\/produktas\/washi-dekoratyvi-lipni-juostele-mt-mizumaru-anzai\/#primaryimage"},"thumbnailUrl":"https:\/\/www.hobstop.ee\/media\/4279.jpg","datePublished":"2016-05-03T10:41:36+00:00","dateModified":"2016-05-03T10:41:36+00:00","breadcrumb":{"@id":"https:\/\/www.hobstop.ee\/lt\/produktas\/washi-dekoratyvi-lipni-juostele-mt-mizumaru-anzai\/#breadcrumb"},"inLanguage":"lt","potentialAction":[{"@type":"ReadAction","target":["https:\/\/www.hobstop.ee\/lt\/produktas\/washi-dekoratyvi-lipni-juostele-mt-mizumaru-anzai\/"]}]},{"@type":"ImageObject","inLanguage":"lt","@id":"https:\/\/www.hobstop.ee\/lt\/produktas\/washi-dekoratyvi-lipni-juostele-mt-mizumaru-anzai\/#primaryimage","url":"https:\/\/www.hobstop.ee\/media\/4279.jpg","contentUrl":"https:\/\/www.hobstop.ee\/media\/4279.jpg","width":1024,"height":768},{"@type":"BreadcrumbList","@id":"https:\/\/www.hobstop.ee\/lt\/produktas\/washi-dekoratyvi-lipni-juostele-mt-mizumaru-anzai\/#breadcrumb","itemListElement":[{"@type":"ListItem","position":1,"name":"Avaleht","item":"https:\/\/hobstop.ee\/lt\/"},{"@type":"ListItem","position":2,"name":"Parduotuv\u0117","item":"https:\/\/hobstop.ee\/lt\/parduotuve\/"},{"@type":"ListItem","position":3,"name":"Washi dekoratyvi lipni juostel\u0117 mt Mizumaru Anzai"}]},{"@type":"WebSite","@id":"https:\/\/hobstop.ee\/lt\/#website","url":"https:\/\/hobstop.ee\/lt\/","name":"Skizze","description":"Dail\u0117s, pom\u0117gi\u0173 ir mokykliniai reikm\u0117nys","publisher":{"@id":"https:\/\/hobstop.ee\/lt\/#organization"},"potentialAction":[{"@type":"SearchAction","target":{"@type":"EntryPoint","urlTemplate":"https:\/\/hobstop.ee\/lt\/?s={search_term_string}"},"query-input":{"@type":"PropertyValueSpecification","valueRequired":true,"valueName":"search_term_string"}}],"inLanguage":"lt"},{"@type":"Organization","@id":"https:\/\/hobstop.ee\/lt\/#organization","name":"Vunder AS","url":"https:\/\/hobstop.ee\/lt\/","logo":{"@type":"ImageObject","inLanguage":"lt","@id":"https:\/\/hobstop.ee\/lt\/#\/schema\/logo\/image\/","url":"https:\/\/hobstop.ee\/media\/vunder-logo.png","contentUrl":"https:\/\/hobstop.ee\/media\/vunder-logo.png","width":127,"height":55,"caption":"Vunder AS"},"image":{"@id":"https:\/\/hobstop.ee\/lt\/#\/schema\/logo\/image\/"},"sameAs":["http:\/\/www.facebook.com\/VunderSkizze"]}]}},"_links":{"self":[{"href":"https:\/\/www.hobstop.ee\/lt\/wp-json\/wp\/v2\/product\/263779","targetHints":{"allow":["GET"]}}],"collection":[{"href":"https:\/\/www.hobstop.ee\/lt\/wp-json\/wp\/v2\/product"}],"about":[{"href":"https:\/\/www.hobstop.ee\/lt\/wp-json\/wp\/v2\/types\/product"}],"replies":[{"embeddable":true,"href":"https:\/\/www.hobstop.ee\/lt\/wp-json\/wp\/v2\/comments?post=263779"}],"wp:featuredmedia":[{"embeddable":true,"href":"https:\/\/www.hobstop.ee\/lt\/wp-json\/wp\/v2\/media\/263811"}],"wp:attachment":[{"href":"https:\/\/www.hobstop.ee\/lt\/wp-json\/wp\/v2\/media?parent=263779"}],"wp:term":[{"taxonomy":"product_cat","embeddable":true,"href":"https:\/\/www.hobstop.ee\/lt\/wp-json\/wp\/v2\/product_cat?post=263779"},{"taxonomy":"product_tag","embeddable":true,"href":"https:\/\/www.hobstop.ee\/lt\/wp-json\/wp\/v2\/product_tag?post=263779"}],"curies":[{"name":"wp","href":"https:\/\/api.w.org\/{rel}","templated":true}]}}