{"id":270766,"date":"2016-06-09T10:14:38","date_gmt":"2016-06-09T07:14:38","guid":{"rendered":"https:\/\/sharks.ee\/vunder_2019\/lt\/product\/eskiziniu-piestuku-komplektas-derwent-line-and-wash\/"},"modified":"2016-06-09T10:14:38","modified_gmt":"2016-06-09T07:14:38","slug":"eskiziniu-piestuku-komplektas-derwent-line-and-wash","status":"publish","type":"product","link":"https:\/\/www.hobstop.ee\/lt\/produktas\/eskiziniu-piestuku-komplektas-derwent-line-and-wash\/","title":{"rendered":"Eskizini\u0173 pie\u0161tuk\u0173 komplektas Derwent Line and Wash"},"content":{"rendered":"<p>Vandenyje tirp\u016bs \u201eDerwent\u201c eskiziniai pie\u0161tukai pla\u010diu galiuku puikiai tinka greitiems eskizams, jais galite sukurti nuostabius grafito liejinius, dinami\u0161kas spalvas ir ry\u0161kias linijas. Nor\u0117dami i\u0161lieti grafit\u0105, u\u017etepkite \u0161iek tiek vandens ir i\u0161liekite eskiz\u0105 \u2013 J\u016bs\u0173 k\u016brinys atrodys tarsi naujas, linijos \u012fgaus \u0161velnumo. Supakuota stilingoje ir prakti\u0161koje dviej\u0173 sluoksni\u0173 sidabro spalvos skardin\u0117je.<\/p>\n<p>Rinkinyje yra:<br \/>\nGrafiniai pie\u0161tukai 4B, 2B, B, HB, H ir 2H<br \/>\nVandenyje tirp\u016bs eskiziniai pie\u0161tukai 4B ir HB<br \/>\nTeptukas vandeniui<br \/>\nTrynimo plok\u0161tel\u0117<br \/>\n\u0160e\u0161\u0117liavimo kotelis<br \/>\nGal\u0105stuvas<br \/>\nPlastikinis trintukas<\/p>\n","protected":false},"excerpt":{"rendered":"<p>Vandenyje tirp\u016bs \u201eDerwent\u201c eskiziniai pie\u0161tukai pla\u010diu galiuku puikiai tinka greitiems eskizams, jais galite sukurti nuostabius grafito liejinius, dinami\u0161kas spalvas ir ry\u0161kias linijas. Nor\u0117dami i\u0161lieti grafit\u0105, u\u017etepkite \u0161iek tiek vandens ir i\u0161liekite eskiz\u0105 \u2013 J\u016bs\u0173 k\u016brinys atrodys tarsi naujas, linijos \u012fgaus \u0161velnumo. Supakuota stilingoje ir prakti\u0161koje dviej\u0173 sluoksni\u0173 sidabro spalvos skardin\u0117je. Rinkinyje yra: Grafiniai pie\u0161tukai 4B, 2B, B, HB, H ir 2H Vandenyje tirp\u016bs eskiziniai pie\u0161tukai 4B ir HB Teptukas vandeniui Trynimo plok\u0161tel\u0117 \u0160e\u0161\u0117liavimo kotelis Gal\u0105stuvas Plastikinis trintukas<\/p>\n","protected":false},"featured_media":270798,"comment_status":"closed","ping_status":"closed","template":"","meta":{"_acf_changed":false,"ep_exclude_from_search":false},"product_cat":[16124,18992,18932],"product_tag":[],"class_list":{"0":"post-270766","1":"product","2":"type-product","3":"status-publish","4":"has-post-thumbnail","6":"product_cat-dailes-prekes","7":"product_cat-eskiziniai-piestukai","8":"product_cat-piesimo-reikmenys-3","10":"first","11":"outofstock","12":"taxable","13":"shipping-taxable","14":"purchasable","15":"product-type-simple"},"acf":[],"yoast_head":"<!-- This site is optimized with the Yoast SEO plugin v24.1 - https:\/\/yoast.com\/wordpress\/plugins\/seo\/ -->\n<title>Eskizini\u0173 pie\u0161tuk\u0173 komplektas Derwent Line and Wash &#8211; Skizze<\/title>\n<meta name=\"robots\" content=\"noindex, follow, max-snippet:-1, max-image-preview:large, max-video-preview:-1\" \/>\n<meta property=\"og:locale\" content=\"lt_LT\" \/>\n<meta property=\"og:type\" content=\"article\" \/>\n<meta property=\"og:title\" content=\"Eskizini\u0173 pie\u0161tuk\u0173 komplektas Derwent Line and Wash &#8211; Skizze\" \/>\n<meta property=\"og:description\" content=\"Vandenyje tirp\u016bs \u201eDerwent\u201c eskiziniai pie\u0161tukai pla\u010diu galiuku puikiai tinka greitiems eskizams, jais galite sukurti nuostabius grafito liejinius, dinami\u0161kas spalvas ir ry\u0161kias linijas. Nor\u0117dami i\u0161lieti grafit\u0105, u\u017etepkite \u0161iek tiek vandens ir i\u0161liekite eskiz\u0105 \u2013 J\u016bs\u0173 k\u016brinys atrodys tarsi naujas, linijos \u012fgaus \u0161velnumo. Supakuota stilingoje ir prakti\u0161koje dviej\u0173 sluoksni\u0173 sidabro spalvos skardin\u0117je. Rinkinyje yra: Grafiniai pie\u0161tukai 4B, 2B, B, HB, H ir 2H Vandenyje tirp\u016bs eskiziniai pie\u0161tukai 4B ir HB Teptukas vandeniui Trynimo plok\u0161tel\u0117 \u0160e\u0161\u0117liavimo kotelis Gal\u0105stuvas Plastikinis trintukas\" \/>\n<meta property=\"og:url\" content=\"https:\/\/www.hobstop.ee\/lt\/produktas\/eskiziniu-piestuku-komplektas-derwent-line-and-wash\/\" \/>\n<meta property=\"og:site_name\" content=\"Skizze\" \/>\n<meta property=\"article:publisher\" content=\"http:\/\/www.facebook.com\/VunderSkizze\" \/>\n<meta property=\"og:image\" content=\"https:\/\/www.hobstop.ee\/media\/4340.jpg\" \/>\n\t<meta property=\"og:image:width\" content=\"1024\" \/>\n\t<meta property=\"og:image:height\" content=\"768\" \/>\n\t<meta property=\"og:image:type\" content=\"image\/jpeg\" \/>\n<meta name=\"twitter:card\" content=\"summary_large_image\" \/>\n<script type=\"application\/ld+json\" class=\"yoast-schema-graph\">{\"@context\":\"https:\/\/schema.org\",\"@graph\":[{\"@type\":\"WebPage\",\"@id\":\"https:\/\/www.hobstop.ee\/lt\/produktas\/eskiziniu-piestuku-komplektas-derwent-line-and-wash\/\",\"url\":\"https:\/\/www.hobstop.ee\/lt\/produktas\/eskiziniu-piestuku-komplektas-derwent-line-and-wash\/\",\"name\":\"Eskizini\u0173 pie\u0161tuk\u0173 komplektas Derwent Line and Wash &#8211; Skizze\",\"isPartOf\":{\"@id\":\"https:\/\/www.hobstop.ee\/lt\/#website\"},\"primaryImageOfPage\":{\"@id\":\"https:\/\/www.hobstop.ee\/lt\/produktas\/eskiziniu-piestuku-komplektas-derwent-line-and-wash\/#primaryimage\"},\"image\":{\"@id\":\"https:\/\/www.hobstop.ee\/lt\/produktas\/eskiziniu-piestuku-komplektas-derwent-line-and-wash\/#primaryimage\"},\"thumbnailUrl\":\"https:\/\/www.hobstop.ee\/media\/4340.jpg\",\"datePublished\":\"2016-06-09T07:14:38+00:00\",\"dateModified\":\"2016-06-09T07:14:38+00:00\",\"breadcrumb\":{\"@id\":\"https:\/\/www.hobstop.ee\/lt\/produktas\/eskiziniu-piestuku-komplektas-derwent-line-and-wash\/#breadcrumb\"},\"inLanguage\":\"lt\",\"potentialAction\":[{\"@type\":\"ReadAction\",\"target\":[\"https:\/\/www.hobstop.ee\/lt\/produktas\/eskiziniu-piestuku-komplektas-derwent-line-and-wash\/\"]}]},{\"@type\":\"ImageObject\",\"inLanguage\":\"lt\",\"@id\":\"https:\/\/www.hobstop.ee\/lt\/produktas\/eskiziniu-piestuku-komplektas-derwent-line-and-wash\/#primaryimage\",\"url\":\"https:\/\/www.hobstop.ee\/media\/4340.jpg\",\"contentUrl\":\"https:\/\/www.hobstop.ee\/media\/4340.jpg\",\"width\":1024,\"height\":768},{\"@type\":\"BreadcrumbList\",\"@id\":\"https:\/\/www.hobstop.ee\/lt\/produktas\/eskiziniu-piestuku-komplektas-derwent-line-and-wash\/#breadcrumb\",\"itemListElement\":[{\"@type\":\"ListItem\",\"position\":1,\"name\":\"Avaleht\",\"item\":\"https:\/\/www.hobstop.ee\/lt\/\"},{\"@type\":\"ListItem\",\"position\":2,\"name\":\"Parduotuv\u0117\",\"item\":\"https:\/\/www.hobstop.ee\/lt\/parduotuve\/\"},{\"@type\":\"ListItem\",\"position\":3,\"name\":\"Eskizini\u0173 pie\u0161tuk\u0173 komplektas Derwent Line and Wash\"}]},{\"@type\":\"WebSite\",\"@id\":\"https:\/\/www.hobstop.ee\/lt\/#website\",\"url\":\"https:\/\/www.hobstop.ee\/lt\/\",\"name\":\"Skizze\",\"description\":\"Dail\u0117s, pom\u0117gi\u0173 ir mokykliniai reikm\u0117nys\",\"publisher\":{\"@id\":\"https:\/\/www.hobstop.ee\/lt\/#organization\"},\"potentialAction\":[{\"@type\":\"SearchAction\",\"target\":{\"@type\":\"EntryPoint\",\"urlTemplate\":\"https:\/\/www.hobstop.ee\/lt\/?s={search_term_string}\"},\"query-input\":{\"@type\":\"PropertyValueSpecification\",\"valueRequired\":true,\"valueName\":\"search_term_string\"}}],\"inLanguage\":\"lt\"},{\"@type\":\"Organization\",\"@id\":\"https:\/\/www.hobstop.ee\/lt\/#organization\",\"name\":\"Vunder AS\",\"url\":\"https:\/\/www.hobstop.ee\/lt\/\",\"logo\":{\"@type\":\"ImageObject\",\"inLanguage\":\"lt\",\"@id\":\"https:\/\/www.hobstop.ee\/lt\/#\/schema\/logo\/image\/\",\"url\":\"https:\/\/hobstop.ee\/media\/vunder-logo.png\",\"contentUrl\":\"https:\/\/hobstop.ee\/media\/vunder-logo.png\",\"width\":127,\"height\":55,\"caption\":\"Vunder AS\"},\"image\":{\"@id\":\"https:\/\/www.hobstop.ee\/lt\/#\/schema\/logo\/image\/\"},\"sameAs\":[\"http:\/\/www.facebook.com\/VunderSkizze\"]}]}<\/script>\n<!-- \/ Yoast SEO plugin. -->","yoast_head_json":{"title":"Eskizini\u0173 pie\u0161tuk\u0173 komplektas Derwent Line and Wash &#8211; Skizze","robots":{"index":"noindex","follow":"follow","max-snippet":"max-snippet:-1","max-image-preview":"max-image-preview:large","max-video-preview":"max-video-preview:-1"},"og_locale":"lt_LT","og_type":"article","og_title":"Eskizini\u0173 pie\u0161tuk\u0173 komplektas Derwent Line and Wash &#8211; Skizze","og_description":"Vandenyje tirp\u016bs \u201eDerwent\u201c eskiziniai pie\u0161tukai pla\u010diu galiuku puikiai tinka greitiems eskizams, jais galite sukurti nuostabius grafito liejinius, dinami\u0161kas spalvas ir ry\u0161kias linijas. Nor\u0117dami i\u0161lieti grafit\u0105, u\u017etepkite \u0161iek tiek vandens ir i\u0161liekite eskiz\u0105 \u2013 J\u016bs\u0173 k\u016brinys atrodys tarsi naujas, linijos \u012fgaus \u0161velnumo. Supakuota stilingoje ir prakti\u0161koje dviej\u0173 sluoksni\u0173 sidabro spalvos skardin\u0117je. Rinkinyje yra: Grafiniai pie\u0161tukai 4B, 2B, B, HB, H ir 2H Vandenyje tirp\u016bs eskiziniai pie\u0161tukai 4B ir HB Teptukas vandeniui Trynimo plok\u0161tel\u0117 \u0160e\u0161\u0117liavimo kotelis Gal\u0105stuvas Plastikinis trintukas","og_url":"https:\/\/www.hobstop.ee\/lt\/produktas\/eskiziniu-piestuku-komplektas-derwent-line-and-wash\/","og_site_name":"Skizze","article_publisher":"http:\/\/www.facebook.com\/VunderSkizze","og_image":[{"width":1024,"height":768,"url":"https:\/\/www.hobstop.ee\/media\/4340.jpg","type":"image\/jpeg"}],"twitter_card":"summary_large_image","schema":{"@context":"https:\/\/schema.org","@graph":[{"@type":"WebPage","@id":"https:\/\/www.hobstop.ee\/lt\/produktas\/eskiziniu-piestuku-komplektas-derwent-line-and-wash\/","url":"https:\/\/www.hobstop.ee\/lt\/produktas\/eskiziniu-piestuku-komplektas-derwent-line-and-wash\/","name":"Eskizini\u0173 pie\u0161tuk\u0173 komplektas Derwent Line and Wash &#8211; Skizze","isPartOf":{"@id":"https:\/\/www.hobstop.ee\/lt\/#website"},"primaryImageOfPage":{"@id":"https:\/\/www.hobstop.ee\/lt\/produktas\/eskiziniu-piestuku-komplektas-derwent-line-and-wash\/#primaryimage"},"image":{"@id":"https:\/\/www.hobstop.ee\/lt\/produktas\/eskiziniu-piestuku-komplektas-derwent-line-and-wash\/#primaryimage"},"thumbnailUrl":"https:\/\/www.hobstop.ee\/media\/4340.jpg","datePublished":"2016-06-09T07:14:38+00:00","dateModified":"2016-06-09T07:14:38+00:00","breadcrumb":{"@id":"https:\/\/www.hobstop.ee\/lt\/produktas\/eskiziniu-piestuku-komplektas-derwent-line-and-wash\/#breadcrumb"},"inLanguage":"lt","potentialAction":[{"@type":"ReadAction","target":["https:\/\/www.hobstop.ee\/lt\/produktas\/eskiziniu-piestuku-komplektas-derwent-line-and-wash\/"]}]},{"@type":"ImageObject","inLanguage":"lt","@id":"https:\/\/www.hobstop.ee\/lt\/produktas\/eskiziniu-piestuku-komplektas-derwent-line-and-wash\/#primaryimage","url":"https:\/\/www.hobstop.ee\/media\/4340.jpg","contentUrl":"https:\/\/www.hobstop.ee\/media\/4340.jpg","width":1024,"height":768},{"@type":"BreadcrumbList","@id":"https:\/\/www.hobstop.ee\/lt\/produktas\/eskiziniu-piestuku-komplektas-derwent-line-and-wash\/#breadcrumb","itemListElement":[{"@type":"ListItem","position":1,"name":"Avaleht","item":"https:\/\/www.hobstop.ee\/lt\/"},{"@type":"ListItem","position":2,"name":"Parduotuv\u0117","item":"https:\/\/www.hobstop.ee\/lt\/parduotuve\/"},{"@type":"ListItem","position":3,"name":"Eskizini\u0173 pie\u0161tuk\u0173 komplektas Derwent Line and Wash"}]},{"@type":"WebSite","@id":"https:\/\/www.hobstop.ee\/lt\/#website","url":"https:\/\/www.hobstop.ee\/lt\/","name":"Skizze","description":"Dail\u0117s, pom\u0117gi\u0173 ir mokykliniai reikm\u0117nys","publisher":{"@id":"https:\/\/www.hobstop.ee\/lt\/#organization"},"potentialAction":[{"@type":"SearchAction","target":{"@type":"EntryPoint","urlTemplate":"https:\/\/www.hobstop.ee\/lt\/?s={search_term_string}"},"query-input":{"@type":"PropertyValueSpecification","valueRequired":true,"valueName":"search_term_string"}}],"inLanguage":"lt"},{"@type":"Organization","@id":"https:\/\/www.hobstop.ee\/lt\/#organization","name":"Vunder AS","url":"https:\/\/www.hobstop.ee\/lt\/","logo":{"@type":"ImageObject","inLanguage":"lt","@id":"https:\/\/www.hobstop.ee\/lt\/#\/schema\/logo\/image\/","url":"https:\/\/hobstop.ee\/media\/vunder-logo.png","contentUrl":"https:\/\/hobstop.ee\/media\/vunder-logo.png","width":127,"height":55,"caption":"Vunder AS"},"image":{"@id":"https:\/\/www.hobstop.ee\/lt\/#\/schema\/logo\/image\/"},"sameAs":["http:\/\/www.facebook.com\/VunderSkizze"]}]}},"_links":{"self":[{"href":"https:\/\/www.hobstop.ee\/lt\/wp-json\/wp\/v2\/product\/270766","targetHints":{"allow":["GET"]}}],"collection":[{"href":"https:\/\/www.hobstop.ee\/lt\/wp-json\/wp\/v2\/product"}],"about":[{"href":"https:\/\/www.hobstop.ee\/lt\/wp-json\/wp\/v2\/types\/product"}],"replies":[{"embeddable":true,"href":"https:\/\/www.hobstop.ee\/lt\/wp-json\/wp\/v2\/comments?post=270766"}],"wp:featuredmedia":[{"embeddable":true,"href":"https:\/\/www.hobstop.ee\/lt\/wp-json\/wp\/v2\/media\/270798"}],"wp:attachment":[{"href":"https:\/\/www.hobstop.ee\/lt\/wp-json\/wp\/v2\/media?parent=270766"}],"wp:term":[{"taxonomy":"product_cat","embeddable":true,"href":"https:\/\/www.hobstop.ee\/lt\/wp-json\/wp\/v2\/product_cat?post=270766"},{"taxonomy":"product_tag","embeddable":true,"href":"https:\/\/www.hobstop.ee\/lt\/wp-json\/wp\/v2\/product_tag?post=270766"}],"curies":[{"name":"wp","href":"https:\/\/api.w.org\/{rel}","templated":true}]}}