{"id":273192,"date":"2016-08-25T14:17:50","date_gmt":"2016-08-25T11:17:50","guid":{"rendered":"https:\/\/sharks.ee\/vunder_2019\/lt\/product\/akvarelinio-popieriaus-sasiuvinis-arches-suklijuoti-krastai\/"},"modified":"2016-08-25T14:17:50","modified_gmt":"2016-08-25T11:17:50","slug":"akvarelinio-popieriaus-sasiuvinis-arches-suklijuoti-krastai","status":"publish","type":"product","link":"https:\/\/www.hobstop.ee\/lt\/produktas\/akvarelinio-popieriaus-sasiuvinis-arches-suklijuoti-krastai\/","title":{"rendered":"Akvarelinio popieriaus s\u0105siuvinis Arches suklijuoti kra\u0161tai"},"content":{"rendered":"<p>Akvarelin\u012f popieri\u0173 \u201eArches\u201c galima laikyti akvarelinio popieriaus etalonu. Tai \u2013 i\u0161 grynos medviln\u0117s pagamintas auk\u0161\u010diausios r\u016b\u0161ies popierius. Tradicini\u0173 spaudos technologij\u0173 naudojimas suteikia jam harmoning\u0105, ta\u010diau sud\u0117ting\u0105 tekst\u016br\u0105, kuri yra pana\u0161i \u012f rankomis pagamint\u0105 popieri\u0173. Popieriaus skaidulos yra i\u0161d\u0117stytos vienodai, tod\u0117l popierius yra stabilus ir atsparesnis deformacijoms. I\u0161laiko pastovius matmenis ir sudr\u0117k\u0119s nesirauk\u0161l\u0117ja. Akvarelinio popieriaus \u201eArches\u201c gamyboje yra naudojama unikali \u017eelatina \u012fklijinimo technologija, tod\u0117l jis yra atsparus trynimui, o da\u017e\u0173 spalvos atrodo ry\u0161kesn\u0117s.<br \/>\nPuikiai tinka akvarelei.<\/p>\n","protected":false},"excerpt":{"rendered":"<p>Akvarelin\u012f popieri\u0173 \u201eArches\u201c galima laikyti akvarelinio popieriaus etalonu. Tai \u2013 i\u0161 grynos medviln\u0117s pagamintas auk\u0161\u010diausios r\u016b\u0161ies popierius. Tradicini\u0173 spaudos technologij\u0173 naudojimas suteikia jam harmoning\u0105, ta\u010diau sud\u0117ting\u0105 tekst\u016br\u0105, kuri yra pana\u0161i \u012f rankomis pagamint\u0105 popieri\u0173. Popieriaus skaidulos yra i\u0161d\u0117stytos vienodai, tod\u0117l popierius yra stabilus ir atsparesnis deformacijoms. I\u0161laiko pastovius matmenis ir sudr\u0117k\u0119s nesirauk\u0161l\u0117ja. Akvarelinio popieriaus \u201eArches\u201c gamyboje yra naudojama unikali \u017eelatina \u012fklijinimo technologija, tod\u0117l jis yra atsparus trynimui, o da\u017e\u0173 spalvos atrodo ry\u0161kesn\u0117s. Puikiai tinka akvarelei.<\/p>\n","protected":false},"featured_media":273208,"comment_status":"closed","ping_status":"closed","template":"","meta":{"_acf_changed":false,"ep_exclude_from_search":false},"product_cat":[19019,17922,18944],"product_tag":[],"class_list":{"0":"post-273192","1":"product","2":"type-product","3":"status-publish","4":"has-post-thumbnail","6":"product_cat-akvarelinis-popierius-ir-bloknotai-2","7":"product_cat-popieriaus-prekes","8":"product_cat-specialus-popierius-ir-kartonas","10":"first","11":"instock","12":"taxable","13":"shipping-taxable","14":"purchasable","15":"product-type-simple"},"acf":[],"yoast_head":"<!-- This site is optimized with the Yoast SEO plugin v24.1 - https:\/\/yoast.com\/wordpress\/plugins\/seo\/ -->\n<title>Akvarelinio popieriaus s\u0105siuvinis Arches suklijuoti kra\u0161tai &#8211; Skizze<\/title>\n<meta name=\"robots\" content=\"noindex, follow, max-snippet:-1, max-image-preview:large, max-video-preview:-1\" \/>\n<meta property=\"og:locale\" content=\"lt_LT\" \/>\n<meta property=\"og:type\" content=\"article\" \/>\n<meta property=\"og:title\" content=\"Akvarelinio popieriaus s\u0105siuvinis Arches suklijuoti kra\u0161tai &#8211; Skizze\" \/>\n<meta property=\"og:description\" content=\"Akvarelin\u012f popieri\u0173 \u201eArches\u201c galima laikyti akvarelinio popieriaus etalonu. Tai \u2013 i\u0161 grynos medviln\u0117s pagamintas auk\u0161\u010diausios r\u016b\u0161ies popierius. Tradicini\u0173 spaudos technologij\u0173 naudojimas suteikia jam harmoning\u0105, ta\u010diau sud\u0117ting\u0105 tekst\u016br\u0105, kuri yra pana\u0161i \u012f rankomis pagamint\u0105 popieri\u0173. Popieriaus skaidulos yra i\u0161d\u0117stytos vienodai, tod\u0117l popierius yra stabilus ir atsparesnis deformacijoms. I\u0161laiko pastovius matmenis ir sudr\u0117k\u0119s nesirauk\u0161l\u0117ja. Akvarelinio popieriaus \u201eArches\u201c gamyboje yra naudojama unikali \u017eelatina \u012fklijinimo technologija, tod\u0117l jis yra atsparus trynimui, o da\u017e\u0173 spalvos atrodo ry\u0161kesn\u0117s. Puikiai tinka akvarelei.\" \/>\n<meta property=\"og:url\" content=\"https:\/\/www.hobstop.ee\/lt\/produktas\/akvarelinio-popieriaus-sasiuvinis-arches-suklijuoti-krastai\/\" \/>\n<meta property=\"og:site_name\" content=\"Skizze\" \/>\n<meta property=\"article:publisher\" content=\"http:\/\/www.facebook.com\/VunderSkizze\" \/>\n<meta property=\"og:image\" content=\"https:\/\/www.hobstop.ee\/media\/4391.jpg\" \/>\n\t<meta property=\"og:image:width\" content=\"1024\" \/>\n\t<meta property=\"og:image:height\" content=\"768\" \/>\n\t<meta property=\"og:image:type\" content=\"image\/jpeg\" \/>\n<meta name=\"twitter:card\" content=\"summary_large_image\" \/>\n<script type=\"application\/ld+json\" class=\"yoast-schema-graph\">{\"@context\":\"https:\/\/schema.org\",\"@graph\":[{\"@type\":\"WebPage\",\"@id\":\"https:\/\/www.hobstop.ee\/lt\/produktas\/akvarelinio-popieriaus-sasiuvinis-arches-suklijuoti-krastai\/\",\"url\":\"https:\/\/www.hobstop.ee\/lt\/produktas\/akvarelinio-popieriaus-sasiuvinis-arches-suklijuoti-krastai\/\",\"name\":\"Akvarelinio popieriaus s\u0105siuvinis Arches suklijuoti kra\u0161tai &#8211; Skizze\",\"isPartOf\":{\"@id\":\"https:\/\/www.hobstop.ee\/lt\/#website\"},\"primaryImageOfPage\":{\"@id\":\"https:\/\/www.hobstop.ee\/lt\/produktas\/akvarelinio-popieriaus-sasiuvinis-arches-suklijuoti-krastai\/#primaryimage\"},\"image\":{\"@id\":\"https:\/\/www.hobstop.ee\/lt\/produktas\/akvarelinio-popieriaus-sasiuvinis-arches-suklijuoti-krastai\/#primaryimage\"},\"thumbnailUrl\":\"https:\/\/www.hobstop.ee\/media\/4391.jpg\",\"datePublished\":\"2016-08-25T11:17:50+00:00\",\"dateModified\":\"2016-08-25T11:17:50+00:00\",\"breadcrumb\":{\"@id\":\"https:\/\/www.hobstop.ee\/lt\/produktas\/akvarelinio-popieriaus-sasiuvinis-arches-suklijuoti-krastai\/#breadcrumb\"},\"inLanguage\":\"lt\",\"potentialAction\":[{\"@type\":\"ReadAction\",\"target\":[\"https:\/\/www.hobstop.ee\/lt\/produktas\/akvarelinio-popieriaus-sasiuvinis-arches-suklijuoti-krastai\/\"]}]},{\"@type\":\"ImageObject\",\"inLanguage\":\"lt\",\"@id\":\"https:\/\/www.hobstop.ee\/lt\/produktas\/akvarelinio-popieriaus-sasiuvinis-arches-suklijuoti-krastai\/#primaryimage\",\"url\":\"https:\/\/www.hobstop.ee\/media\/4391.jpg\",\"contentUrl\":\"https:\/\/www.hobstop.ee\/media\/4391.jpg\",\"width\":1024,\"height\":768},{\"@type\":\"BreadcrumbList\",\"@id\":\"https:\/\/www.hobstop.ee\/lt\/produktas\/akvarelinio-popieriaus-sasiuvinis-arches-suklijuoti-krastai\/#breadcrumb\",\"itemListElement\":[{\"@type\":\"ListItem\",\"position\":1,\"name\":\"Avaleht\",\"item\":\"https:\/\/www.hobstop.ee\/lt\/\"},{\"@type\":\"ListItem\",\"position\":2,\"name\":\"Parduotuv\u0117\",\"item\":\"https:\/\/www.hobstop.ee\/lt\/parduotuve\/\"},{\"@type\":\"ListItem\",\"position\":3,\"name\":\"Akvarelinio popieriaus s\u0105siuvinis Arches suklijuoti kra\u0161tai\"}]},{\"@type\":\"WebSite\",\"@id\":\"https:\/\/www.hobstop.ee\/lt\/#website\",\"url\":\"https:\/\/www.hobstop.ee\/lt\/\",\"name\":\"Skizze\",\"description\":\"Dail\u0117s, pom\u0117gi\u0173 ir mokykliniai reikm\u0117nys\",\"publisher\":{\"@id\":\"https:\/\/www.hobstop.ee\/lt\/#organization\"},\"potentialAction\":[{\"@type\":\"SearchAction\",\"target\":{\"@type\":\"EntryPoint\",\"urlTemplate\":\"https:\/\/www.hobstop.ee\/lt\/?s={search_term_string}\"},\"query-input\":{\"@type\":\"PropertyValueSpecification\",\"valueRequired\":true,\"valueName\":\"search_term_string\"}}],\"inLanguage\":\"lt\"},{\"@type\":\"Organization\",\"@id\":\"https:\/\/www.hobstop.ee\/lt\/#organization\",\"name\":\"Vunder AS\",\"url\":\"https:\/\/www.hobstop.ee\/lt\/\",\"logo\":{\"@type\":\"ImageObject\",\"inLanguage\":\"lt\",\"@id\":\"https:\/\/www.hobstop.ee\/lt\/#\/schema\/logo\/image\/\",\"url\":\"https:\/\/hobstop.ee\/media\/vunder-logo.png\",\"contentUrl\":\"https:\/\/hobstop.ee\/media\/vunder-logo.png\",\"width\":127,\"height\":55,\"caption\":\"Vunder AS\"},\"image\":{\"@id\":\"https:\/\/www.hobstop.ee\/lt\/#\/schema\/logo\/image\/\"},\"sameAs\":[\"http:\/\/www.facebook.com\/VunderSkizze\"]}]}<\/script>\n<!-- \/ Yoast SEO plugin. -->","yoast_head_json":{"title":"Akvarelinio popieriaus s\u0105siuvinis Arches suklijuoti kra\u0161tai &#8211; Skizze","robots":{"index":"noindex","follow":"follow","max-snippet":"max-snippet:-1","max-image-preview":"max-image-preview:large","max-video-preview":"max-video-preview:-1"},"og_locale":"lt_LT","og_type":"article","og_title":"Akvarelinio popieriaus s\u0105siuvinis Arches suklijuoti kra\u0161tai &#8211; Skizze","og_description":"Akvarelin\u012f popieri\u0173 \u201eArches\u201c galima laikyti akvarelinio popieriaus etalonu. Tai \u2013 i\u0161 grynos medviln\u0117s pagamintas auk\u0161\u010diausios r\u016b\u0161ies popierius. Tradicini\u0173 spaudos technologij\u0173 naudojimas suteikia jam harmoning\u0105, ta\u010diau sud\u0117ting\u0105 tekst\u016br\u0105, kuri yra pana\u0161i \u012f rankomis pagamint\u0105 popieri\u0173. Popieriaus skaidulos yra i\u0161d\u0117stytos vienodai, tod\u0117l popierius yra stabilus ir atsparesnis deformacijoms. I\u0161laiko pastovius matmenis ir sudr\u0117k\u0119s nesirauk\u0161l\u0117ja. Akvarelinio popieriaus \u201eArches\u201c gamyboje yra naudojama unikali \u017eelatina \u012fklijinimo technologija, tod\u0117l jis yra atsparus trynimui, o da\u017e\u0173 spalvos atrodo ry\u0161kesn\u0117s. Puikiai tinka akvarelei.","og_url":"https:\/\/www.hobstop.ee\/lt\/produktas\/akvarelinio-popieriaus-sasiuvinis-arches-suklijuoti-krastai\/","og_site_name":"Skizze","article_publisher":"http:\/\/www.facebook.com\/VunderSkizze","og_image":[{"width":1024,"height":768,"url":"https:\/\/www.hobstop.ee\/media\/4391.jpg","type":"image\/jpeg"}],"twitter_card":"summary_large_image","schema":{"@context":"https:\/\/schema.org","@graph":[{"@type":"WebPage","@id":"https:\/\/www.hobstop.ee\/lt\/produktas\/akvarelinio-popieriaus-sasiuvinis-arches-suklijuoti-krastai\/","url":"https:\/\/www.hobstop.ee\/lt\/produktas\/akvarelinio-popieriaus-sasiuvinis-arches-suklijuoti-krastai\/","name":"Akvarelinio popieriaus s\u0105siuvinis Arches suklijuoti kra\u0161tai &#8211; Skizze","isPartOf":{"@id":"https:\/\/www.hobstop.ee\/lt\/#website"},"primaryImageOfPage":{"@id":"https:\/\/www.hobstop.ee\/lt\/produktas\/akvarelinio-popieriaus-sasiuvinis-arches-suklijuoti-krastai\/#primaryimage"},"image":{"@id":"https:\/\/www.hobstop.ee\/lt\/produktas\/akvarelinio-popieriaus-sasiuvinis-arches-suklijuoti-krastai\/#primaryimage"},"thumbnailUrl":"https:\/\/www.hobstop.ee\/media\/4391.jpg","datePublished":"2016-08-25T11:17:50+00:00","dateModified":"2016-08-25T11:17:50+00:00","breadcrumb":{"@id":"https:\/\/www.hobstop.ee\/lt\/produktas\/akvarelinio-popieriaus-sasiuvinis-arches-suklijuoti-krastai\/#breadcrumb"},"inLanguage":"lt","potentialAction":[{"@type":"ReadAction","target":["https:\/\/www.hobstop.ee\/lt\/produktas\/akvarelinio-popieriaus-sasiuvinis-arches-suklijuoti-krastai\/"]}]},{"@type":"ImageObject","inLanguage":"lt","@id":"https:\/\/www.hobstop.ee\/lt\/produktas\/akvarelinio-popieriaus-sasiuvinis-arches-suklijuoti-krastai\/#primaryimage","url":"https:\/\/www.hobstop.ee\/media\/4391.jpg","contentUrl":"https:\/\/www.hobstop.ee\/media\/4391.jpg","width":1024,"height":768},{"@type":"BreadcrumbList","@id":"https:\/\/www.hobstop.ee\/lt\/produktas\/akvarelinio-popieriaus-sasiuvinis-arches-suklijuoti-krastai\/#breadcrumb","itemListElement":[{"@type":"ListItem","position":1,"name":"Avaleht","item":"https:\/\/www.hobstop.ee\/lt\/"},{"@type":"ListItem","position":2,"name":"Parduotuv\u0117","item":"https:\/\/www.hobstop.ee\/lt\/parduotuve\/"},{"@type":"ListItem","position":3,"name":"Akvarelinio popieriaus s\u0105siuvinis Arches suklijuoti kra\u0161tai"}]},{"@type":"WebSite","@id":"https:\/\/www.hobstop.ee\/lt\/#website","url":"https:\/\/www.hobstop.ee\/lt\/","name":"Skizze","description":"Dail\u0117s, pom\u0117gi\u0173 ir mokykliniai reikm\u0117nys","publisher":{"@id":"https:\/\/www.hobstop.ee\/lt\/#organization"},"potentialAction":[{"@type":"SearchAction","target":{"@type":"EntryPoint","urlTemplate":"https:\/\/www.hobstop.ee\/lt\/?s={search_term_string}"},"query-input":{"@type":"PropertyValueSpecification","valueRequired":true,"valueName":"search_term_string"}}],"inLanguage":"lt"},{"@type":"Organization","@id":"https:\/\/www.hobstop.ee\/lt\/#organization","name":"Vunder AS","url":"https:\/\/www.hobstop.ee\/lt\/","logo":{"@type":"ImageObject","inLanguage":"lt","@id":"https:\/\/www.hobstop.ee\/lt\/#\/schema\/logo\/image\/","url":"https:\/\/hobstop.ee\/media\/vunder-logo.png","contentUrl":"https:\/\/hobstop.ee\/media\/vunder-logo.png","width":127,"height":55,"caption":"Vunder AS"},"image":{"@id":"https:\/\/www.hobstop.ee\/lt\/#\/schema\/logo\/image\/"},"sameAs":["http:\/\/www.facebook.com\/VunderSkizze"]}]}},"_links":{"self":[{"href":"https:\/\/www.hobstop.ee\/lt\/wp-json\/wp\/v2\/product\/273192","targetHints":{"allow":["GET"]}}],"collection":[{"href":"https:\/\/www.hobstop.ee\/lt\/wp-json\/wp\/v2\/product"}],"about":[{"href":"https:\/\/www.hobstop.ee\/lt\/wp-json\/wp\/v2\/types\/product"}],"replies":[{"embeddable":true,"href":"https:\/\/www.hobstop.ee\/lt\/wp-json\/wp\/v2\/comments?post=273192"}],"wp:featuredmedia":[{"embeddable":true,"href":"https:\/\/www.hobstop.ee\/lt\/wp-json\/wp\/v2\/media\/273208"}],"wp:attachment":[{"href":"https:\/\/www.hobstop.ee\/lt\/wp-json\/wp\/v2\/media?parent=273192"}],"wp:term":[{"taxonomy":"product_cat","embeddable":true,"href":"https:\/\/www.hobstop.ee\/lt\/wp-json\/wp\/v2\/product_cat?post=273192"},{"taxonomy":"product_tag","embeddable":true,"href":"https:\/\/www.hobstop.ee\/lt\/wp-json\/wp\/v2\/product_tag?post=273192"}],"curies":[{"name":"wp","href":"https:\/\/api.w.org\/{rel}","templated":true}]}}