{"id":274260,"date":"2016-09-14T15:32:26","date_gmt":"2016-09-14T12:32:26","guid":{"rendered":"https:\/\/sharks.ee\/vunder_2019\/lt\/product\/akvareliniai-dazu-rinkinys-sennelier-la-petite-aquarelle-travel-box\/"},"modified":"2016-09-14T15:32:26","modified_gmt":"2016-09-14T12:32:26","slug":"akvareliniai-dazu-rinkinys-sennelier-la-petite-aquarelle-travel-box","status":"publish","type":"product","link":"https:\/\/www.hobstop.ee\/lt\/produktas\/akvareliniai-dazu-rinkinys-sennelier-la-petite-aquarelle-travel-box\/","title":{"rendered":"Akvareliniai da\u017e\u0173 rinkinys Sennelier La Petite Aquarelle Travel Box"},"content":{"rendered":"<p>Akvareliniai da\u017eai \u201eSennelier La Petite Aquarelle\u201c yra ma\u017eoji \u201eSennelie L\u2019Aquarelle\u201c profesionalams skirt\u0173 akvarelini\u0173 da\u017e\u0173 ses\u0117 \u2013 \u0161ie spalvingi, puikios kokyb\u0117s akvareliniai da\u017eai yra pagaminti Pranc\u016bzijoje. Pigmentai yra parinkti atsi\u017evelgiant \u012f mai\u0161ymosi savybes ir ri\u0161am\u0105sias med\u017eiagas, ri\u0161iklis yra sutvirtintas glicerinu, tod\u0117l da\u017eai ant popieriaus yra tepami lengviau. Akvarelini\u0173 da\u017e\u0173 \u201eLa Petite Aquarelle\u201c speciali sud\u0117tis leid\u017eia lengviau pagaminti mi\u0161inius ir liejimo ruo\u0161inius, puikiai tinka menininkams, kurie mokosi tapybos akvarele ir tiems, kurie tapo lauke. Akvarelini\u0173 da\u017e\u0173 \u201eLa Petite Aquarelle\u201c kelionin\u0117s pakuot\u0117s yra labai patogios ir naujovi\u0161kos, su tampria juostele, tod\u0117l jas yra patogu laikyti delne. Menininkams patinka \u0161ios lengvai ir patogiai naudojamos d\u0117\u017eut\u0117s. Su akvareliniais da\u017eais \u201eSennelier La Petite Aquarelle\u201c yra paprasta tapyti akvarele \u2013 menininkai visada keliaudami nor\u0117s su savimi pasiimti puikius \u201eLa Petite Aquarelle\u201c da\u017eus.<\/p>\n","protected":false},"excerpt":{"rendered":"<p>Akvareliniai da\u017eai \u201eSennelier La Petite Aquarelle\u201c yra ma\u017eoji \u201eSennelie L\u2019Aquarelle\u201c profesionalams skirt\u0173 akvarelini\u0173 da\u017e\u0173 ses\u0117 \u2013 \u0161ie spalvingi, puikios kokyb\u0117s akvareliniai da\u017eai yra pagaminti Pranc\u016bzijoje. Pigmentai yra parinkti atsi\u017evelgiant \u012f mai\u0161ymosi savybes ir ri\u0161am\u0105sias med\u017eiagas, ri\u0161iklis yra sutvirtintas glicerinu, tod\u0117l da\u017eai ant popieriaus yra tepami lengviau. Akvarelini\u0173 da\u017e\u0173 \u201eLa Petite Aquarelle\u201c speciali sud\u0117tis leid\u017eia lengviau pagaminti mi\u0161inius ir liejimo ruo\u0161inius, puikiai tinka menininkams, kurie mokosi tapybos akvarele ir tiems, kurie tapo lauke. Akvarelini\u0173 da\u017e\u0173 \u201eLa Petite Aquarelle\u201c kelionin\u0117s pakuot\u0117s yra labai patogios ir naujovi\u0161kos, su tampria juostele, tod\u0117l jas yra patogu laikyti delne. Menininkams patinka \u0161ios lengvai ir patogiai naudojamos d\u0117\u017eut\u0117s. Su akvareliniais da\u017eais \u201eSennelier La Petite Aquarelle\u201c yra paprasta tapyti akvarele \u2013 menininkai visada keliaudami nor\u0117s su savimi pasiimti puikius \u201eLa Petite Aquarelle\u201c da\u017eus.<\/p>\n","protected":false},"featured_media":274296,"comment_status":"closed","ping_status":"closed","template":"","meta":{"_acf_changed":false,"ep_exclude_from_search":false},"product_cat":[19001,16124,17981],"product_tag":[],"class_list":{"0":"post-274260","1":"product","2":"type-product","3":"status-publish","4":"has-post-thumbnail","6":"product_cat-akvareliniai-dazai-3","7":"product_cat-dailes-prekes","8":"product_cat-dazai-ir-priedai-tapybai","10":"first","11":"instock","12":"taxable","13":"shipping-taxable","14":"purchasable","15":"product-type-simple"},"acf":[],"yoast_head":"<!-- This site is optimized with the Yoast SEO plugin v24.1 - https:\/\/yoast.com\/wordpress\/plugins\/seo\/ -->\n<title>Akvareliniai da\u017e\u0173 rinkinys Sennelier La Petite Aquarelle Travel Box &#8211; Skizze<\/title>\n<meta name=\"robots\" content=\"noindex, follow, max-snippet:-1, max-image-preview:large, max-video-preview:-1\" \/>\n<meta property=\"og:locale\" content=\"lt_LT\" \/>\n<meta property=\"og:type\" content=\"article\" \/>\n<meta property=\"og:title\" content=\"Akvareliniai da\u017e\u0173 rinkinys Sennelier La Petite Aquarelle Travel Box &#8211; Skizze\" \/>\n<meta property=\"og:description\" content=\"Akvareliniai da\u017eai \u201eSennelier La Petite Aquarelle\u201c yra ma\u017eoji \u201eSennelie L\u2019Aquarelle\u201c profesionalams skirt\u0173 akvarelini\u0173 da\u017e\u0173 ses\u0117 \u2013 \u0161ie spalvingi, puikios kokyb\u0117s akvareliniai da\u017eai yra pagaminti Pranc\u016bzijoje. Pigmentai yra parinkti atsi\u017evelgiant \u012f mai\u0161ymosi savybes ir ri\u0161am\u0105sias med\u017eiagas, ri\u0161iklis yra sutvirtintas glicerinu, tod\u0117l da\u017eai ant popieriaus yra tepami lengviau. Akvarelini\u0173 da\u017e\u0173 \u201eLa Petite Aquarelle\u201c speciali sud\u0117tis leid\u017eia lengviau pagaminti mi\u0161inius ir liejimo ruo\u0161inius, puikiai tinka menininkams, kurie mokosi tapybos akvarele ir tiems, kurie tapo lauke. Akvarelini\u0173 da\u017e\u0173 \u201eLa Petite Aquarelle\u201c kelionin\u0117s pakuot\u0117s yra labai patogios ir naujovi\u0161kos, su tampria juostele, tod\u0117l jas yra patogu laikyti delne. Menininkams patinka \u0161ios lengvai ir patogiai naudojamos d\u0117\u017eut\u0117s. Su akvareliniais da\u017eais \u201eSennelier La Petite Aquarelle\u201c yra paprasta tapyti akvarele \u2013 menininkai visada keliaudami nor\u0117s su savimi pasiimti puikius \u201eLa Petite Aquarelle\u201c da\u017eus.\" \/>\n<meta property=\"og:url\" content=\"https:\/\/www.hobstop.ee\/lt\/produktas\/akvareliniai-dazu-rinkinys-sennelier-la-petite-aquarelle-travel-box\/\" \/>\n<meta property=\"og:site_name\" content=\"Skizze\" \/>\n<meta property=\"article:publisher\" content=\"http:\/\/www.facebook.com\/VunderSkizze\" \/>\n<meta property=\"og:image\" content=\"https:\/\/www.hobstop.ee\/media\/4392.jpg\" \/>\n\t<meta property=\"og:image:width\" content=\"1024\" \/>\n\t<meta property=\"og:image:height\" content=\"768\" \/>\n\t<meta property=\"og:image:type\" content=\"image\/jpeg\" \/>\n<meta name=\"twitter:card\" content=\"summary_large_image\" \/>\n<meta name=\"twitter:label1\" content=\"Est. reading time\" \/>\n\t<meta name=\"twitter:data1\" content=\"1 minute\" \/>\n<script type=\"application\/ld+json\" class=\"yoast-schema-graph\">{\"@context\":\"https:\/\/schema.org\",\"@graph\":[{\"@type\":\"WebPage\",\"@id\":\"https:\/\/www.hobstop.ee\/lt\/produktas\/akvareliniai-dazu-rinkinys-sennelier-la-petite-aquarelle-travel-box\/\",\"url\":\"https:\/\/www.hobstop.ee\/lt\/produktas\/akvareliniai-dazu-rinkinys-sennelier-la-petite-aquarelle-travel-box\/\",\"name\":\"Akvareliniai da\u017e\u0173 rinkinys Sennelier La Petite Aquarelle Travel Box &#8211; Skizze\",\"isPartOf\":{\"@id\":\"https:\/\/hobstop.ee\/lt\/#website\"},\"primaryImageOfPage\":{\"@id\":\"https:\/\/www.hobstop.ee\/lt\/produktas\/akvareliniai-dazu-rinkinys-sennelier-la-petite-aquarelle-travel-box\/#primaryimage\"},\"image\":{\"@id\":\"https:\/\/www.hobstop.ee\/lt\/produktas\/akvareliniai-dazu-rinkinys-sennelier-la-petite-aquarelle-travel-box\/#primaryimage\"},\"thumbnailUrl\":\"https:\/\/www.hobstop.ee\/media\/4392.jpg\",\"datePublished\":\"2016-09-14T12:32:26+00:00\",\"dateModified\":\"2016-09-14T12:32:26+00:00\",\"breadcrumb\":{\"@id\":\"https:\/\/www.hobstop.ee\/lt\/produktas\/akvareliniai-dazu-rinkinys-sennelier-la-petite-aquarelle-travel-box\/#breadcrumb\"},\"inLanguage\":\"lt\",\"potentialAction\":[{\"@type\":\"ReadAction\",\"target\":[\"https:\/\/www.hobstop.ee\/lt\/produktas\/akvareliniai-dazu-rinkinys-sennelier-la-petite-aquarelle-travel-box\/\"]}]},{\"@type\":\"ImageObject\",\"inLanguage\":\"lt\",\"@id\":\"https:\/\/www.hobstop.ee\/lt\/produktas\/akvareliniai-dazu-rinkinys-sennelier-la-petite-aquarelle-travel-box\/#primaryimage\",\"url\":\"https:\/\/www.hobstop.ee\/media\/4392.jpg\",\"contentUrl\":\"https:\/\/www.hobstop.ee\/media\/4392.jpg\",\"width\":1024,\"height\":768},{\"@type\":\"BreadcrumbList\",\"@id\":\"https:\/\/www.hobstop.ee\/lt\/produktas\/akvareliniai-dazu-rinkinys-sennelier-la-petite-aquarelle-travel-box\/#breadcrumb\",\"itemListElement\":[{\"@type\":\"ListItem\",\"position\":1,\"name\":\"Avaleht\",\"item\":\"https:\/\/hobstop.ee\/lt\/\"},{\"@type\":\"ListItem\",\"position\":2,\"name\":\"Parduotuv\u0117\",\"item\":\"https:\/\/hobstop.ee\/lt\/parduotuve\/\"},{\"@type\":\"ListItem\",\"position\":3,\"name\":\"Akvareliniai da\u017e\u0173 rinkinys Sennelier La Petite Aquarelle Travel Box\"}]},{\"@type\":\"WebSite\",\"@id\":\"https:\/\/hobstop.ee\/lt\/#website\",\"url\":\"https:\/\/hobstop.ee\/lt\/\",\"name\":\"Skizze\",\"description\":\"Dail\u0117s, pom\u0117gi\u0173 ir mokykliniai reikm\u0117nys\",\"publisher\":{\"@id\":\"https:\/\/hobstop.ee\/lt\/#organization\"},\"potentialAction\":[{\"@type\":\"SearchAction\",\"target\":{\"@type\":\"EntryPoint\",\"urlTemplate\":\"https:\/\/hobstop.ee\/lt\/?s={search_term_string}\"},\"query-input\":{\"@type\":\"PropertyValueSpecification\",\"valueRequired\":true,\"valueName\":\"search_term_string\"}}],\"inLanguage\":\"lt\"},{\"@type\":\"Organization\",\"@id\":\"https:\/\/hobstop.ee\/lt\/#organization\",\"name\":\"Vunder AS\",\"url\":\"https:\/\/hobstop.ee\/lt\/\",\"logo\":{\"@type\":\"ImageObject\",\"inLanguage\":\"lt\",\"@id\":\"https:\/\/hobstop.ee\/lt\/#\/schema\/logo\/image\/\",\"url\":\"https:\/\/hobstop.ee\/media\/vunder-logo.png\",\"contentUrl\":\"https:\/\/hobstop.ee\/media\/vunder-logo.png\",\"width\":127,\"height\":55,\"caption\":\"Vunder AS\"},\"image\":{\"@id\":\"https:\/\/hobstop.ee\/lt\/#\/schema\/logo\/image\/\"},\"sameAs\":[\"http:\/\/www.facebook.com\/VunderSkizze\"]}]}<\/script>\n<!-- \/ Yoast SEO plugin. -->","yoast_head_json":{"title":"Akvareliniai da\u017e\u0173 rinkinys Sennelier La Petite Aquarelle Travel Box &#8211; Skizze","robots":{"index":"noindex","follow":"follow","max-snippet":"max-snippet:-1","max-image-preview":"max-image-preview:large","max-video-preview":"max-video-preview:-1"},"og_locale":"lt_LT","og_type":"article","og_title":"Akvareliniai da\u017e\u0173 rinkinys Sennelier La Petite Aquarelle Travel Box &#8211; Skizze","og_description":"Akvareliniai da\u017eai \u201eSennelier La Petite Aquarelle\u201c yra ma\u017eoji \u201eSennelie L\u2019Aquarelle\u201c profesionalams skirt\u0173 akvarelini\u0173 da\u017e\u0173 ses\u0117 \u2013 \u0161ie spalvingi, puikios kokyb\u0117s akvareliniai da\u017eai yra pagaminti Pranc\u016bzijoje. Pigmentai yra parinkti atsi\u017evelgiant \u012f mai\u0161ymosi savybes ir ri\u0161am\u0105sias med\u017eiagas, ri\u0161iklis yra sutvirtintas glicerinu, tod\u0117l da\u017eai ant popieriaus yra tepami lengviau. Akvarelini\u0173 da\u017e\u0173 \u201eLa Petite Aquarelle\u201c speciali sud\u0117tis leid\u017eia lengviau pagaminti mi\u0161inius ir liejimo ruo\u0161inius, puikiai tinka menininkams, kurie mokosi tapybos akvarele ir tiems, kurie tapo lauke. Akvarelini\u0173 da\u017e\u0173 \u201eLa Petite Aquarelle\u201c kelionin\u0117s pakuot\u0117s yra labai patogios ir naujovi\u0161kos, su tampria juostele, tod\u0117l jas yra patogu laikyti delne. Menininkams patinka \u0161ios lengvai ir patogiai naudojamos d\u0117\u017eut\u0117s. Su akvareliniais da\u017eais \u201eSennelier La Petite Aquarelle\u201c yra paprasta tapyti akvarele \u2013 menininkai visada keliaudami nor\u0117s su savimi pasiimti puikius \u201eLa Petite Aquarelle\u201c da\u017eus.","og_url":"https:\/\/www.hobstop.ee\/lt\/produktas\/akvareliniai-dazu-rinkinys-sennelier-la-petite-aquarelle-travel-box\/","og_site_name":"Skizze","article_publisher":"http:\/\/www.facebook.com\/VunderSkizze","og_image":[{"width":1024,"height":768,"url":"https:\/\/www.hobstop.ee\/media\/4392.jpg","type":"image\/jpeg"}],"twitter_card":"summary_large_image","twitter_misc":{"Est. reading time":"1 minute"},"schema":{"@context":"https:\/\/schema.org","@graph":[{"@type":"WebPage","@id":"https:\/\/www.hobstop.ee\/lt\/produktas\/akvareliniai-dazu-rinkinys-sennelier-la-petite-aquarelle-travel-box\/","url":"https:\/\/www.hobstop.ee\/lt\/produktas\/akvareliniai-dazu-rinkinys-sennelier-la-petite-aquarelle-travel-box\/","name":"Akvareliniai da\u017e\u0173 rinkinys Sennelier La Petite Aquarelle Travel Box &#8211; Skizze","isPartOf":{"@id":"https:\/\/hobstop.ee\/lt\/#website"},"primaryImageOfPage":{"@id":"https:\/\/www.hobstop.ee\/lt\/produktas\/akvareliniai-dazu-rinkinys-sennelier-la-petite-aquarelle-travel-box\/#primaryimage"},"image":{"@id":"https:\/\/www.hobstop.ee\/lt\/produktas\/akvareliniai-dazu-rinkinys-sennelier-la-petite-aquarelle-travel-box\/#primaryimage"},"thumbnailUrl":"https:\/\/www.hobstop.ee\/media\/4392.jpg","datePublished":"2016-09-14T12:32:26+00:00","dateModified":"2016-09-14T12:32:26+00:00","breadcrumb":{"@id":"https:\/\/www.hobstop.ee\/lt\/produktas\/akvareliniai-dazu-rinkinys-sennelier-la-petite-aquarelle-travel-box\/#breadcrumb"},"inLanguage":"lt","potentialAction":[{"@type":"ReadAction","target":["https:\/\/www.hobstop.ee\/lt\/produktas\/akvareliniai-dazu-rinkinys-sennelier-la-petite-aquarelle-travel-box\/"]}]},{"@type":"ImageObject","inLanguage":"lt","@id":"https:\/\/www.hobstop.ee\/lt\/produktas\/akvareliniai-dazu-rinkinys-sennelier-la-petite-aquarelle-travel-box\/#primaryimage","url":"https:\/\/www.hobstop.ee\/media\/4392.jpg","contentUrl":"https:\/\/www.hobstop.ee\/media\/4392.jpg","width":1024,"height":768},{"@type":"BreadcrumbList","@id":"https:\/\/www.hobstop.ee\/lt\/produktas\/akvareliniai-dazu-rinkinys-sennelier-la-petite-aquarelle-travel-box\/#breadcrumb","itemListElement":[{"@type":"ListItem","position":1,"name":"Avaleht","item":"https:\/\/hobstop.ee\/lt\/"},{"@type":"ListItem","position":2,"name":"Parduotuv\u0117","item":"https:\/\/hobstop.ee\/lt\/parduotuve\/"},{"@type":"ListItem","position":3,"name":"Akvareliniai da\u017e\u0173 rinkinys Sennelier La Petite Aquarelle Travel Box"}]},{"@type":"WebSite","@id":"https:\/\/hobstop.ee\/lt\/#website","url":"https:\/\/hobstop.ee\/lt\/","name":"Skizze","description":"Dail\u0117s, pom\u0117gi\u0173 ir mokykliniai reikm\u0117nys","publisher":{"@id":"https:\/\/hobstop.ee\/lt\/#organization"},"potentialAction":[{"@type":"SearchAction","target":{"@type":"EntryPoint","urlTemplate":"https:\/\/hobstop.ee\/lt\/?s={search_term_string}"},"query-input":{"@type":"PropertyValueSpecification","valueRequired":true,"valueName":"search_term_string"}}],"inLanguage":"lt"},{"@type":"Organization","@id":"https:\/\/hobstop.ee\/lt\/#organization","name":"Vunder AS","url":"https:\/\/hobstop.ee\/lt\/","logo":{"@type":"ImageObject","inLanguage":"lt","@id":"https:\/\/hobstop.ee\/lt\/#\/schema\/logo\/image\/","url":"https:\/\/hobstop.ee\/media\/vunder-logo.png","contentUrl":"https:\/\/hobstop.ee\/media\/vunder-logo.png","width":127,"height":55,"caption":"Vunder AS"},"image":{"@id":"https:\/\/hobstop.ee\/lt\/#\/schema\/logo\/image\/"},"sameAs":["http:\/\/www.facebook.com\/VunderSkizze"]}]}},"_links":{"self":[{"href":"https:\/\/www.hobstop.ee\/lt\/wp-json\/wp\/v2\/product\/274260","targetHints":{"allow":["GET"]}}],"collection":[{"href":"https:\/\/www.hobstop.ee\/lt\/wp-json\/wp\/v2\/product"}],"about":[{"href":"https:\/\/www.hobstop.ee\/lt\/wp-json\/wp\/v2\/types\/product"}],"replies":[{"embeddable":true,"href":"https:\/\/www.hobstop.ee\/lt\/wp-json\/wp\/v2\/comments?post=274260"}],"wp:featuredmedia":[{"embeddable":true,"href":"https:\/\/www.hobstop.ee\/lt\/wp-json\/wp\/v2\/media\/274296"}],"wp:attachment":[{"href":"https:\/\/www.hobstop.ee\/lt\/wp-json\/wp\/v2\/media?parent=274260"}],"wp:term":[{"taxonomy":"product_cat","embeddable":true,"href":"https:\/\/www.hobstop.ee\/lt\/wp-json\/wp\/v2\/product_cat?post=274260"},{"taxonomy":"product_tag","embeddable":true,"href":"https:\/\/www.hobstop.ee\/lt\/wp-json\/wp\/v2\/product_tag?post=274260"}],"curies":[{"name":"wp","href":"https:\/\/api.w.org\/{rel}","templated":true}]}}