{"id":284213,"date":"2017-04-04T11:58:10","date_gmt":"2017-04-04T08:58:10","guid":{"rendered":"https:\/\/sharks.ee\/vunder_2019\/lt\/product\/linu-semenu-aliejus-winsornewton-stand-oil\/"},"modified":"2017-04-04T11:58:10","modified_gmt":"2017-04-04T08:58:10","slug":"linu-semenu-aliejus-winsornewton-stand-oil","status":"publish","type":"product","link":"https:\/\/www.hobstop.ee\/lt\/produktas\/linu-semenu-aliejus-winsornewton-stand-oil\/","title":{"rendered":"Lin\u0173 s\u0117men\u0173 aliejus Winsor&#038;Newton Stand Oil"},"content":{"rendered":"<p>Blankus klampus aliejus, pristabdo d\u017eiuvim\u0105 ir sudaro patvar\u0173, lyg\u0173, emal\u0119 primenant\u012f pavir\u0161i\u0173, ant kurio nematyti teptuko pot\u0117pi\u0173. Didina pavir\u0161iaus atsparum\u0105. Norint pagerinti da\u017e\u0173 tekum\u0105, galima naudoti su skiedikliu.<\/p>\n","protected":false},"excerpt":{"rendered":"<p>Blankus klampus aliejus, pristabdo d\u017eiuvim\u0105 ir sudaro patvar\u0173, lyg\u0173, emal\u0119 primenant\u012f pavir\u0161i\u0173, ant kurio nematyti teptuko pot\u0117pi\u0173. Didina pavir\u0161iaus atsparum\u0105. Norint pagerinti da\u017e\u0173 tekum\u0105, galima naudoti su skiedikliu.<\/p>\n","protected":false},"featured_media":284750,"comment_status":"closed","ping_status":"closed","template":"","meta":{"_acf_changed":false,"ep_exclude_from_search":false},"product_cat":[17351,16124,17981],"product_tag":[],"class_list":{"0":"post-284213","1":"product","2":"type-product","3":"status-publish","4":"has-post-thumbnail","6":"product_cat-aliejiniu-dazu-priedai","7":"product_cat-dailes-prekes","8":"product_cat-dazai-ir-priedai-tapybai","10":"first","11":"instock","12":"taxable","13":"shipping-taxable","14":"purchasable","15":"product-type-simple"},"acf":[],"yoast_head":"<!-- This site is optimized with the Yoast SEO plugin v24.1 - https:\/\/yoast.com\/wordpress\/plugins\/seo\/ -->\n<title>Lin\u0173 s\u0117men\u0173 aliejus Winsor&amp;Newton Stand Oil &#8211; Skizze<\/title>\n<meta name=\"robots\" content=\"noindex, follow, max-snippet:-1, max-image-preview:large, max-video-preview:-1\" \/>\n<meta property=\"og:locale\" content=\"lt_LT\" \/>\n<meta property=\"og:type\" content=\"article\" \/>\n<meta property=\"og:title\" content=\"Lin\u0173 s\u0117men\u0173 aliejus Winsor&amp;Newton Stand Oil &#8211; Skizze\" \/>\n<meta property=\"og:description\" content=\"Blankus klampus aliejus, pristabdo d\u017eiuvim\u0105 ir sudaro patvar\u0173, lyg\u0173, emal\u0119 primenant\u012f pavir\u0161i\u0173, ant kurio nematyti teptuko pot\u0117pi\u0173. Didina pavir\u0161iaus atsparum\u0105. Norint pagerinti da\u017e\u0173 tekum\u0105, galima naudoti su skiedikliu.\" \/>\n<meta property=\"og:url\" content=\"https:\/\/www.hobstop.ee\/lt\/produktas\/linu-semenu-aliejus-winsornewton-stand-oil\/\" \/>\n<meta property=\"og:site_name\" content=\"Skizze\" \/>\n<meta property=\"article:publisher\" content=\"http:\/\/www.facebook.com\/VunderSkizze\" \/>\n<meta property=\"og:image\" content=\"https:\/\/www.hobstop.ee\/media\/4509.jpg\" \/>\n\t<meta property=\"og:image:width\" content=\"1024\" \/>\n\t<meta property=\"og:image:height\" content=\"768\" \/>\n\t<meta property=\"og:image:type\" content=\"image\/jpeg\" \/>\n<meta name=\"twitter:card\" content=\"summary_large_image\" \/>\n<script type=\"application\/ld+json\" class=\"yoast-schema-graph\">{\"@context\":\"https:\/\/schema.org\",\"@graph\":[{\"@type\":\"WebPage\",\"@id\":\"https:\/\/www.hobstop.ee\/lt\/produktas\/linu-semenu-aliejus-winsornewton-stand-oil\/\",\"url\":\"https:\/\/www.hobstop.ee\/lt\/produktas\/linu-semenu-aliejus-winsornewton-stand-oil\/\",\"name\":\"Lin\u0173 s\u0117men\u0173 aliejus Winsor&Newton Stand Oil &#8211; Skizze\",\"isPartOf\":{\"@id\":\"https:\/\/www.hobstop.ee\/lt\/#website\"},\"primaryImageOfPage\":{\"@id\":\"https:\/\/www.hobstop.ee\/lt\/produktas\/linu-semenu-aliejus-winsornewton-stand-oil\/#primaryimage\"},\"image\":{\"@id\":\"https:\/\/www.hobstop.ee\/lt\/produktas\/linu-semenu-aliejus-winsornewton-stand-oil\/#primaryimage\"},\"thumbnailUrl\":\"https:\/\/www.hobstop.ee\/media\/4509.jpg\",\"datePublished\":\"2017-04-04T08:58:10+00:00\",\"dateModified\":\"2017-04-04T08:58:10+00:00\",\"breadcrumb\":{\"@id\":\"https:\/\/www.hobstop.ee\/lt\/produktas\/linu-semenu-aliejus-winsornewton-stand-oil\/#breadcrumb\"},\"inLanguage\":\"lt\",\"potentialAction\":[{\"@type\":\"ReadAction\",\"target\":[\"https:\/\/www.hobstop.ee\/lt\/produktas\/linu-semenu-aliejus-winsornewton-stand-oil\/\"]}]},{\"@type\":\"ImageObject\",\"inLanguage\":\"lt\",\"@id\":\"https:\/\/www.hobstop.ee\/lt\/produktas\/linu-semenu-aliejus-winsornewton-stand-oil\/#primaryimage\",\"url\":\"https:\/\/www.hobstop.ee\/media\/4509.jpg\",\"contentUrl\":\"https:\/\/www.hobstop.ee\/media\/4509.jpg\",\"width\":1024,\"height\":768},{\"@type\":\"BreadcrumbList\",\"@id\":\"https:\/\/www.hobstop.ee\/lt\/produktas\/linu-semenu-aliejus-winsornewton-stand-oil\/#breadcrumb\",\"itemListElement\":[{\"@type\":\"ListItem\",\"position\":1,\"name\":\"Avaleht\",\"item\":\"https:\/\/www.hobstop.ee\/lt\/\"},{\"@type\":\"ListItem\",\"position\":2,\"name\":\"Parduotuv\u0117\",\"item\":\"https:\/\/www.hobstop.ee\/lt\/parduotuve\/\"},{\"@type\":\"ListItem\",\"position\":3,\"name\":\"Lin\u0173 s\u0117men\u0173 aliejus Winsor&#038;Newton Stand Oil\"}]},{\"@type\":\"WebSite\",\"@id\":\"https:\/\/www.hobstop.ee\/lt\/#website\",\"url\":\"https:\/\/www.hobstop.ee\/lt\/\",\"name\":\"Skizze\",\"description\":\"Dail\u0117s, pom\u0117gi\u0173 ir mokykliniai reikm\u0117nys\",\"publisher\":{\"@id\":\"https:\/\/www.hobstop.ee\/lt\/#organization\"},\"potentialAction\":[{\"@type\":\"SearchAction\",\"target\":{\"@type\":\"EntryPoint\",\"urlTemplate\":\"https:\/\/www.hobstop.ee\/lt\/?s={search_term_string}\"},\"query-input\":{\"@type\":\"PropertyValueSpecification\",\"valueRequired\":true,\"valueName\":\"search_term_string\"}}],\"inLanguage\":\"lt\"},{\"@type\":\"Organization\",\"@id\":\"https:\/\/www.hobstop.ee\/lt\/#organization\",\"name\":\"Vunder AS\",\"url\":\"https:\/\/www.hobstop.ee\/lt\/\",\"logo\":{\"@type\":\"ImageObject\",\"inLanguage\":\"lt\",\"@id\":\"https:\/\/www.hobstop.ee\/lt\/#\/schema\/logo\/image\/\",\"url\":\"https:\/\/hobstop.ee\/media\/vunder-logo.png\",\"contentUrl\":\"https:\/\/hobstop.ee\/media\/vunder-logo.png\",\"width\":127,\"height\":55,\"caption\":\"Vunder AS\"},\"image\":{\"@id\":\"https:\/\/www.hobstop.ee\/lt\/#\/schema\/logo\/image\/\"},\"sameAs\":[\"http:\/\/www.facebook.com\/VunderSkizze\"]}]}<\/script>\n<!-- \/ Yoast SEO plugin. -->","yoast_head_json":{"title":"Lin\u0173 s\u0117men\u0173 aliejus Winsor&Newton Stand Oil &#8211; Skizze","robots":{"index":"noindex","follow":"follow","max-snippet":"max-snippet:-1","max-image-preview":"max-image-preview:large","max-video-preview":"max-video-preview:-1"},"og_locale":"lt_LT","og_type":"article","og_title":"Lin\u0173 s\u0117men\u0173 aliejus Winsor&Newton Stand Oil &#8211; Skizze","og_description":"Blankus klampus aliejus, pristabdo d\u017eiuvim\u0105 ir sudaro patvar\u0173, lyg\u0173, emal\u0119 primenant\u012f pavir\u0161i\u0173, ant kurio nematyti teptuko pot\u0117pi\u0173. Didina pavir\u0161iaus atsparum\u0105. Norint pagerinti da\u017e\u0173 tekum\u0105, galima naudoti su skiedikliu.","og_url":"https:\/\/www.hobstop.ee\/lt\/produktas\/linu-semenu-aliejus-winsornewton-stand-oil\/","og_site_name":"Skizze","article_publisher":"http:\/\/www.facebook.com\/VunderSkizze","og_image":[{"width":1024,"height":768,"url":"https:\/\/www.hobstop.ee\/media\/4509.jpg","type":"image\/jpeg"}],"twitter_card":"summary_large_image","schema":{"@context":"https:\/\/schema.org","@graph":[{"@type":"WebPage","@id":"https:\/\/www.hobstop.ee\/lt\/produktas\/linu-semenu-aliejus-winsornewton-stand-oil\/","url":"https:\/\/www.hobstop.ee\/lt\/produktas\/linu-semenu-aliejus-winsornewton-stand-oil\/","name":"Lin\u0173 s\u0117men\u0173 aliejus Winsor&Newton Stand Oil &#8211; Skizze","isPartOf":{"@id":"https:\/\/www.hobstop.ee\/lt\/#website"},"primaryImageOfPage":{"@id":"https:\/\/www.hobstop.ee\/lt\/produktas\/linu-semenu-aliejus-winsornewton-stand-oil\/#primaryimage"},"image":{"@id":"https:\/\/www.hobstop.ee\/lt\/produktas\/linu-semenu-aliejus-winsornewton-stand-oil\/#primaryimage"},"thumbnailUrl":"https:\/\/www.hobstop.ee\/media\/4509.jpg","datePublished":"2017-04-04T08:58:10+00:00","dateModified":"2017-04-04T08:58:10+00:00","breadcrumb":{"@id":"https:\/\/www.hobstop.ee\/lt\/produktas\/linu-semenu-aliejus-winsornewton-stand-oil\/#breadcrumb"},"inLanguage":"lt","potentialAction":[{"@type":"ReadAction","target":["https:\/\/www.hobstop.ee\/lt\/produktas\/linu-semenu-aliejus-winsornewton-stand-oil\/"]}]},{"@type":"ImageObject","inLanguage":"lt","@id":"https:\/\/www.hobstop.ee\/lt\/produktas\/linu-semenu-aliejus-winsornewton-stand-oil\/#primaryimage","url":"https:\/\/www.hobstop.ee\/media\/4509.jpg","contentUrl":"https:\/\/www.hobstop.ee\/media\/4509.jpg","width":1024,"height":768},{"@type":"BreadcrumbList","@id":"https:\/\/www.hobstop.ee\/lt\/produktas\/linu-semenu-aliejus-winsornewton-stand-oil\/#breadcrumb","itemListElement":[{"@type":"ListItem","position":1,"name":"Avaleht","item":"https:\/\/www.hobstop.ee\/lt\/"},{"@type":"ListItem","position":2,"name":"Parduotuv\u0117","item":"https:\/\/www.hobstop.ee\/lt\/parduotuve\/"},{"@type":"ListItem","position":3,"name":"Lin\u0173 s\u0117men\u0173 aliejus Winsor&#038;Newton Stand Oil"}]},{"@type":"WebSite","@id":"https:\/\/www.hobstop.ee\/lt\/#website","url":"https:\/\/www.hobstop.ee\/lt\/","name":"Skizze","description":"Dail\u0117s, pom\u0117gi\u0173 ir mokykliniai reikm\u0117nys","publisher":{"@id":"https:\/\/www.hobstop.ee\/lt\/#organization"},"potentialAction":[{"@type":"SearchAction","target":{"@type":"EntryPoint","urlTemplate":"https:\/\/www.hobstop.ee\/lt\/?s={search_term_string}"},"query-input":{"@type":"PropertyValueSpecification","valueRequired":true,"valueName":"search_term_string"}}],"inLanguage":"lt"},{"@type":"Organization","@id":"https:\/\/www.hobstop.ee\/lt\/#organization","name":"Vunder AS","url":"https:\/\/www.hobstop.ee\/lt\/","logo":{"@type":"ImageObject","inLanguage":"lt","@id":"https:\/\/www.hobstop.ee\/lt\/#\/schema\/logo\/image\/","url":"https:\/\/hobstop.ee\/media\/vunder-logo.png","contentUrl":"https:\/\/hobstop.ee\/media\/vunder-logo.png","width":127,"height":55,"caption":"Vunder AS"},"image":{"@id":"https:\/\/www.hobstop.ee\/lt\/#\/schema\/logo\/image\/"},"sameAs":["http:\/\/www.facebook.com\/VunderSkizze"]}]}},"_links":{"self":[{"href":"https:\/\/www.hobstop.ee\/lt\/wp-json\/wp\/v2\/product\/284213","targetHints":{"allow":["GET"]}}],"collection":[{"href":"https:\/\/www.hobstop.ee\/lt\/wp-json\/wp\/v2\/product"}],"about":[{"href":"https:\/\/www.hobstop.ee\/lt\/wp-json\/wp\/v2\/types\/product"}],"replies":[{"embeddable":true,"href":"https:\/\/www.hobstop.ee\/lt\/wp-json\/wp\/v2\/comments?post=284213"}],"wp:featuredmedia":[{"embeddable":true,"href":"https:\/\/www.hobstop.ee\/lt\/wp-json\/wp\/v2\/media\/284750"}],"wp:attachment":[{"href":"https:\/\/www.hobstop.ee\/lt\/wp-json\/wp\/v2\/media?parent=284213"}],"wp:term":[{"taxonomy":"product_cat","embeddable":true,"href":"https:\/\/www.hobstop.ee\/lt\/wp-json\/wp\/v2\/product_cat?post=284213"},{"taxonomy":"product_tag","embeddable":true,"href":"https:\/\/www.hobstop.ee\/lt\/wp-json\/wp\/v2\/product_tag?post=284213"}],"curies":[{"name":"wp","href":"https:\/\/api.w.org\/{rel}","templated":true}]}}