{"id":285356,"date":"2017-04-06T15:14:47","date_gmt":"2017-04-06T12:14:47","guid":{"rendered":"https:\/\/sharks.ee\/vunder_2019\/lt\/product\/washi-dekoratyvi-lipni-juostele-mt-casa-shade-150mmx10m\/"},"modified":"2017-04-06T15:14:47","modified_gmt":"2017-04-06T12:14:47","slug":"washi-dekoratyvi-lipni-juostele-mt-casa-shade-150mmx10m","status":"publish","type":"product","link":"https:\/\/www.hobstop.ee\/lt\/produktas\/washi-dekoratyvi-lipni-juostele-mt-casa-shade-150mmx10m\/","title":{"rendered":"Washi dekoratyvi lipni juostel\u0117 mt casa shade 150mmx10m"},"content":{"rendered":"<p>Japoni\u0161ka lipnia dekoratyvine juostele \u201eWashi\u201c galite dekoruoti visk\u0105, k\u0105 tik panor\u0117j\u0119. \u201emt Casa Shade\u201c yra auk\u0161tos kokyb\u0117s tamsinanti lang\u0173 stikl\u0173 pl\u0117vel\u0117, iki 99% sulaikanti ultravioletinius spindulius ir \u201esumink\u0161tinanti\u201c saul\u0117s spindulius. Ji, tarsi n\u0117rini\u0173 u\u017euolaida, madingai pritemdo patalpas. Pramoniniu b\u016bdu pagaminta lipni juostel\u0117 yra itin kokybi\u0161ka, tvirta ir plona. Labai tvirtai prilimpa, ta\u010diau yra lengvai atpl\u0117\u0161iama, nepalieka klij\u0173 \u017eym\u0117s.<\/p>\n","protected":false},"excerpt":{"rendered":"<p>Japoni\u0161ka lipnia dekoratyvine juostele \u201eWashi\u201c galite dekoruoti visk\u0105, k\u0105 tik panor\u0117j\u0119. \u201emt Casa Shade\u201c yra auk\u0161tos kokyb\u0117s tamsinanti lang\u0173 stikl\u0173 pl\u0117vel\u0117, iki 99% sulaikanti ultravioletinius spindulius ir \u201esumink\u0161tinanti\u201c saul\u0117s spindulius. Ji, tarsi n\u0117rini\u0173 u\u017euolaida, madingai pritemdo patalpas. Pramoniniu b\u016bdu pagaminta lipni juostel\u0117 yra itin kokybi\u0161ka, tvirta ir plona. Labai tvirtai prilimpa, ta\u010diau yra lengvai atpl\u0117\u0161iama, nepalieka klij\u0173 \u017eym\u0117s.<\/p>\n","protected":false},"featured_media":285610,"comment_status":"closed","ping_status":"closed","template":"","meta":{"_acf_changed":false,"ep_exclude_from_search":false},"product_cat":[17969,17157,17919],"product_tag":[],"class_list":{"0":"post-285356","1":"product","2":"type-product","3":"status-publish","4":"has-post-thumbnail","6":"product_cat-kitos-prekes","7":"product_cat-lipnios-juosteles-washi","8":"product_cat-pomegiu-prekes","10":"first","11":"instock","12":"taxable","13":"shipping-taxable","14":"product-type-simple"},"acf":[],"yoast_head":"<!-- This site is optimized with the Yoast SEO plugin v24.1 - https:\/\/yoast.com\/wordpress\/plugins\/seo\/ -->\n<title>Washi dekoratyvi lipni juostel\u0117 mt casa shade 150mmx10m &#8211; Skizze<\/title>\n<meta name=\"robots\" content=\"noindex, follow, max-snippet:-1, max-image-preview:large, max-video-preview:-1\" \/>\n<meta property=\"og:locale\" content=\"lt_LT\" \/>\n<meta property=\"og:type\" content=\"article\" \/>\n<meta property=\"og:title\" content=\"Washi dekoratyvi lipni juostel\u0117 mt casa shade 150mmx10m &#8211; Skizze\" \/>\n<meta property=\"og:description\" content=\"Japoni\u0161ka lipnia dekoratyvine juostele \u201eWashi\u201c galite dekoruoti visk\u0105, k\u0105 tik panor\u0117j\u0119. \u201emt Casa Shade\u201c yra auk\u0161tos kokyb\u0117s tamsinanti lang\u0173 stikl\u0173 pl\u0117vel\u0117, iki 99% sulaikanti ultravioletinius spindulius ir \u201esumink\u0161tinanti\u201c saul\u0117s spindulius. Ji, tarsi n\u0117rini\u0173 u\u017euolaida, madingai pritemdo patalpas. Pramoniniu b\u016bdu pagaminta lipni juostel\u0117 yra itin kokybi\u0161ka, tvirta ir plona. Labai tvirtai prilimpa, ta\u010diau yra lengvai atpl\u0117\u0161iama, nepalieka klij\u0173 \u017eym\u0117s.\" \/>\n<meta property=\"og:url\" content=\"https:\/\/www.hobstop.ee\/lt\/produktas\/washi-dekoratyvi-lipni-juostele-mt-casa-shade-150mmx10m\/\" \/>\n<meta property=\"og:site_name\" content=\"Skizze\" \/>\n<meta property=\"article:publisher\" content=\"http:\/\/www.facebook.com\/VunderSkizze\" \/>\n<meta property=\"og:image\" content=\"https:\/\/www.hobstop.ee\/media\/4163.JPG\" \/>\n\t<meta property=\"og:image:width\" content=\"1024\" \/>\n\t<meta property=\"og:image:height\" content=\"768\" \/>\n\t<meta property=\"og:image:type\" content=\"image\/jpeg\" \/>\n<meta name=\"twitter:card\" content=\"summary_large_image\" \/>\n<script type=\"application\/ld+json\" class=\"yoast-schema-graph\">{\"@context\":\"https:\/\/schema.org\",\"@graph\":[{\"@type\":\"WebPage\",\"@id\":\"https:\/\/www.hobstop.ee\/lt\/produktas\/washi-dekoratyvi-lipni-juostele-mt-casa-shade-150mmx10m\/\",\"url\":\"https:\/\/www.hobstop.ee\/lt\/produktas\/washi-dekoratyvi-lipni-juostele-mt-casa-shade-150mmx10m\/\",\"name\":\"Washi dekoratyvi lipni juostel\u0117 mt casa shade 150mmx10m &#8211; Skizze\",\"isPartOf\":{\"@id\":\"https:\/\/hobstop.ee\/lt\/#website\"},\"primaryImageOfPage\":{\"@id\":\"https:\/\/www.hobstop.ee\/lt\/produktas\/washi-dekoratyvi-lipni-juostele-mt-casa-shade-150mmx10m\/#primaryimage\"},\"image\":{\"@id\":\"https:\/\/www.hobstop.ee\/lt\/produktas\/washi-dekoratyvi-lipni-juostele-mt-casa-shade-150mmx10m\/#primaryimage\"},\"thumbnailUrl\":\"https:\/\/www.hobstop.ee\/media\/4163.JPG\",\"datePublished\":\"2017-04-06T12:14:47+00:00\",\"dateModified\":\"2017-04-06T12:14:47+00:00\",\"breadcrumb\":{\"@id\":\"https:\/\/www.hobstop.ee\/lt\/produktas\/washi-dekoratyvi-lipni-juostele-mt-casa-shade-150mmx10m\/#breadcrumb\"},\"inLanguage\":\"lt\",\"potentialAction\":[{\"@type\":\"ReadAction\",\"target\":[\"https:\/\/www.hobstop.ee\/lt\/produktas\/washi-dekoratyvi-lipni-juostele-mt-casa-shade-150mmx10m\/\"]}]},{\"@type\":\"ImageObject\",\"inLanguage\":\"lt\",\"@id\":\"https:\/\/www.hobstop.ee\/lt\/produktas\/washi-dekoratyvi-lipni-juostele-mt-casa-shade-150mmx10m\/#primaryimage\",\"url\":\"https:\/\/www.hobstop.ee\/media\/4163.JPG\",\"contentUrl\":\"https:\/\/www.hobstop.ee\/media\/4163.JPG\",\"width\":1024,\"height\":768},{\"@type\":\"BreadcrumbList\",\"@id\":\"https:\/\/www.hobstop.ee\/lt\/produktas\/washi-dekoratyvi-lipni-juostele-mt-casa-shade-150mmx10m\/#breadcrumb\",\"itemListElement\":[{\"@type\":\"ListItem\",\"position\":1,\"name\":\"Avaleht\",\"item\":\"https:\/\/hobstop.ee\/lt\/\"},{\"@type\":\"ListItem\",\"position\":2,\"name\":\"Parduotuv\u0117\",\"item\":\"https:\/\/hobstop.ee\/lt\/parduotuve\/\"},{\"@type\":\"ListItem\",\"position\":3,\"name\":\"Washi dekoratyvi lipni juostel\u0117 mt casa shade 150mmx10m\"}]},{\"@type\":\"WebSite\",\"@id\":\"https:\/\/hobstop.ee\/lt\/#website\",\"url\":\"https:\/\/hobstop.ee\/lt\/\",\"name\":\"Skizze\",\"description\":\"Dail\u0117s, pom\u0117gi\u0173 ir mokykliniai reikm\u0117nys\",\"publisher\":{\"@id\":\"https:\/\/hobstop.ee\/lt\/#organization\"},\"potentialAction\":[{\"@type\":\"SearchAction\",\"target\":{\"@type\":\"EntryPoint\",\"urlTemplate\":\"https:\/\/hobstop.ee\/lt\/?s={search_term_string}\"},\"query-input\":{\"@type\":\"PropertyValueSpecification\",\"valueRequired\":true,\"valueName\":\"search_term_string\"}}],\"inLanguage\":\"lt\"},{\"@type\":\"Organization\",\"@id\":\"https:\/\/hobstop.ee\/lt\/#organization\",\"name\":\"Vunder AS\",\"url\":\"https:\/\/hobstop.ee\/lt\/\",\"logo\":{\"@type\":\"ImageObject\",\"inLanguage\":\"lt\",\"@id\":\"https:\/\/hobstop.ee\/lt\/#\/schema\/logo\/image\/\",\"url\":\"https:\/\/hobstop.ee\/media\/vunder-logo.png\",\"contentUrl\":\"https:\/\/hobstop.ee\/media\/vunder-logo.png\",\"width\":127,\"height\":55,\"caption\":\"Vunder AS\"},\"image\":{\"@id\":\"https:\/\/hobstop.ee\/lt\/#\/schema\/logo\/image\/\"},\"sameAs\":[\"http:\/\/www.facebook.com\/VunderSkizze\"]}]}<\/script>\n<!-- \/ Yoast SEO plugin. -->","yoast_head_json":{"title":"Washi dekoratyvi lipni juostel\u0117 mt casa shade 150mmx10m &#8211; Skizze","robots":{"index":"noindex","follow":"follow","max-snippet":"max-snippet:-1","max-image-preview":"max-image-preview:large","max-video-preview":"max-video-preview:-1"},"og_locale":"lt_LT","og_type":"article","og_title":"Washi dekoratyvi lipni juostel\u0117 mt casa shade 150mmx10m &#8211; Skizze","og_description":"Japoni\u0161ka lipnia dekoratyvine juostele \u201eWashi\u201c galite dekoruoti visk\u0105, k\u0105 tik panor\u0117j\u0119. \u201emt Casa Shade\u201c yra auk\u0161tos kokyb\u0117s tamsinanti lang\u0173 stikl\u0173 pl\u0117vel\u0117, iki 99% sulaikanti ultravioletinius spindulius ir \u201esumink\u0161tinanti\u201c saul\u0117s spindulius. Ji, tarsi n\u0117rini\u0173 u\u017euolaida, madingai pritemdo patalpas. Pramoniniu b\u016bdu pagaminta lipni juostel\u0117 yra itin kokybi\u0161ka, tvirta ir plona. Labai tvirtai prilimpa, ta\u010diau yra lengvai atpl\u0117\u0161iama, nepalieka klij\u0173 \u017eym\u0117s.","og_url":"https:\/\/www.hobstop.ee\/lt\/produktas\/washi-dekoratyvi-lipni-juostele-mt-casa-shade-150mmx10m\/","og_site_name":"Skizze","article_publisher":"http:\/\/www.facebook.com\/VunderSkizze","og_image":[{"width":1024,"height":768,"url":"https:\/\/www.hobstop.ee\/media\/4163.JPG","type":"image\/jpeg"}],"twitter_card":"summary_large_image","schema":{"@context":"https:\/\/schema.org","@graph":[{"@type":"WebPage","@id":"https:\/\/www.hobstop.ee\/lt\/produktas\/washi-dekoratyvi-lipni-juostele-mt-casa-shade-150mmx10m\/","url":"https:\/\/www.hobstop.ee\/lt\/produktas\/washi-dekoratyvi-lipni-juostele-mt-casa-shade-150mmx10m\/","name":"Washi dekoratyvi lipni juostel\u0117 mt casa shade 150mmx10m &#8211; Skizze","isPartOf":{"@id":"https:\/\/hobstop.ee\/lt\/#website"},"primaryImageOfPage":{"@id":"https:\/\/www.hobstop.ee\/lt\/produktas\/washi-dekoratyvi-lipni-juostele-mt-casa-shade-150mmx10m\/#primaryimage"},"image":{"@id":"https:\/\/www.hobstop.ee\/lt\/produktas\/washi-dekoratyvi-lipni-juostele-mt-casa-shade-150mmx10m\/#primaryimage"},"thumbnailUrl":"https:\/\/www.hobstop.ee\/media\/4163.JPG","datePublished":"2017-04-06T12:14:47+00:00","dateModified":"2017-04-06T12:14:47+00:00","breadcrumb":{"@id":"https:\/\/www.hobstop.ee\/lt\/produktas\/washi-dekoratyvi-lipni-juostele-mt-casa-shade-150mmx10m\/#breadcrumb"},"inLanguage":"lt","potentialAction":[{"@type":"ReadAction","target":["https:\/\/www.hobstop.ee\/lt\/produktas\/washi-dekoratyvi-lipni-juostele-mt-casa-shade-150mmx10m\/"]}]},{"@type":"ImageObject","inLanguage":"lt","@id":"https:\/\/www.hobstop.ee\/lt\/produktas\/washi-dekoratyvi-lipni-juostele-mt-casa-shade-150mmx10m\/#primaryimage","url":"https:\/\/www.hobstop.ee\/media\/4163.JPG","contentUrl":"https:\/\/www.hobstop.ee\/media\/4163.JPG","width":1024,"height":768},{"@type":"BreadcrumbList","@id":"https:\/\/www.hobstop.ee\/lt\/produktas\/washi-dekoratyvi-lipni-juostele-mt-casa-shade-150mmx10m\/#breadcrumb","itemListElement":[{"@type":"ListItem","position":1,"name":"Avaleht","item":"https:\/\/hobstop.ee\/lt\/"},{"@type":"ListItem","position":2,"name":"Parduotuv\u0117","item":"https:\/\/hobstop.ee\/lt\/parduotuve\/"},{"@type":"ListItem","position":3,"name":"Washi dekoratyvi lipni juostel\u0117 mt casa shade 150mmx10m"}]},{"@type":"WebSite","@id":"https:\/\/hobstop.ee\/lt\/#website","url":"https:\/\/hobstop.ee\/lt\/","name":"Skizze","description":"Dail\u0117s, pom\u0117gi\u0173 ir mokykliniai reikm\u0117nys","publisher":{"@id":"https:\/\/hobstop.ee\/lt\/#organization"},"potentialAction":[{"@type":"SearchAction","target":{"@type":"EntryPoint","urlTemplate":"https:\/\/hobstop.ee\/lt\/?s={search_term_string}"},"query-input":{"@type":"PropertyValueSpecification","valueRequired":true,"valueName":"search_term_string"}}],"inLanguage":"lt"},{"@type":"Organization","@id":"https:\/\/hobstop.ee\/lt\/#organization","name":"Vunder AS","url":"https:\/\/hobstop.ee\/lt\/","logo":{"@type":"ImageObject","inLanguage":"lt","@id":"https:\/\/hobstop.ee\/lt\/#\/schema\/logo\/image\/","url":"https:\/\/hobstop.ee\/media\/vunder-logo.png","contentUrl":"https:\/\/hobstop.ee\/media\/vunder-logo.png","width":127,"height":55,"caption":"Vunder AS"},"image":{"@id":"https:\/\/hobstop.ee\/lt\/#\/schema\/logo\/image\/"},"sameAs":["http:\/\/www.facebook.com\/VunderSkizze"]}]}},"_links":{"self":[{"href":"https:\/\/www.hobstop.ee\/lt\/wp-json\/wp\/v2\/product\/285356","targetHints":{"allow":["GET"]}}],"collection":[{"href":"https:\/\/www.hobstop.ee\/lt\/wp-json\/wp\/v2\/product"}],"about":[{"href":"https:\/\/www.hobstop.ee\/lt\/wp-json\/wp\/v2\/types\/product"}],"replies":[{"embeddable":true,"href":"https:\/\/www.hobstop.ee\/lt\/wp-json\/wp\/v2\/comments?post=285356"}],"wp:featuredmedia":[{"embeddable":true,"href":"https:\/\/www.hobstop.ee\/lt\/wp-json\/wp\/v2\/media\/285610"}],"wp:attachment":[{"href":"https:\/\/www.hobstop.ee\/lt\/wp-json\/wp\/v2\/media?parent=285356"}],"wp:term":[{"taxonomy":"product_cat","embeddable":true,"href":"https:\/\/www.hobstop.ee\/lt\/wp-json\/wp\/v2\/product_cat?post=285356"},{"taxonomy":"product_tag","embeddable":true,"href":"https:\/\/www.hobstop.ee\/lt\/wp-json\/wp\/v2\/product_tag?post=285356"}],"curies":[{"name":"wp","href":"https:\/\/api.w.org\/{rel}","templated":true}]}}