{"id":285408,"date":"2017-04-06T15:14:57","date_gmt":"2017-04-06T12:14:57","guid":{"rendered":"https:\/\/sharks.ee\/vunder_2019\/lt\/product\/speciali-priemone-aliejiniams-dazams-lb-flemish-siccative\/"},"modified":"2017-04-06T15:14:57","modified_gmt":"2017-04-06T12:14:57","slug":"speciali-priemone-aliejiniams-dazams-lb-flemish-siccative","status":"publish","type":"product","link":"https:\/\/www.hobstop.ee\/lt\/produktas\/speciali-priemone-aliejiniams-dazams-lb-flemish-siccative\/","title":{"rendered":"Speciali priemon\u0117 aliejiniams da\u017eams L&#038;B Flemish Siccative"},"content":{"rendered":"<p>Senovin\u0117s kilm\u0117s flamand\u0173 sikatyvas. Madagaskaro kopal\u0173 lakas yra labai kietas ir u\u017etikrina da\u017eyt\u0173 pavir\u0161i\u0173 visi\u0161k\u0105 ir patvari\u0105 apsaug\u0105. Pagreitina d\u017eiuvim\u0105 ir pa\u0161viesina da\u017eus. D\u0117l sikatyvo spalvos jo nereik\u0117t\u0173 mai\u0161yti su baltais da\u017eais ir kitomis \u0161viesiomis spalvomis.<\/p>\n","protected":false},"excerpt":{"rendered":"<p>Senovin\u0117s kilm\u0117s flamand\u0173 sikatyvas. Madagaskaro kopal\u0173 lakas yra labai kietas ir u\u017etikrina da\u017eyt\u0173 pavir\u0161i\u0173 visi\u0161k\u0105 ir patvari\u0105 apsaug\u0105. Pagreitina d\u017eiuvim\u0105 ir pa\u0161viesina da\u017eus. D\u0117l sikatyvo spalvos jo nereik\u0117t\u0173 mai\u0161yti su baltais da\u017eais ir kitomis \u0161viesiomis spalvomis.<\/p>\n","protected":false},"featured_media":354008,"comment_status":"closed","ping_status":"closed","template":"","meta":{"_acf_changed":false,"ep_exclude_from_search":false},"product_cat":[17351,16124,17981],"product_tag":[],"class_list":{"0":"post-285408","1":"product","2":"type-product","3":"status-publish","4":"has-post-thumbnail","6":"product_cat-aliejiniu-dazu-priedai","7":"product_cat-dailes-prekes","8":"product_cat-dazai-ir-priedai-tapybai","10":"first","11":"instock","12":"taxable","13":"shipping-taxable","14":"purchasable","15":"product-type-variable"},"acf":[],"yoast_head":"<!-- This site is optimized with the Yoast SEO plugin v24.1 - https:\/\/yoast.com\/wordpress\/plugins\/seo\/ -->\n<title>Speciali priemon\u0117 aliejiniams da\u017eams L&amp;B Flemish Siccative &#8211; Skizze<\/title>\n<meta name=\"robots\" content=\"noindex, follow, max-snippet:-1, max-image-preview:large, max-video-preview:-1\" \/>\n<meta property=\"og:locale\" content=\"lt_LT\" \/>\n<meta property=\"og:type\" content=\"article\" \/>\n<meta property=\"og:title\" content=\"Speciali priemon\u0117 aliejiniams da\u017eams L&amp;B Flemish Siccative &#8211; Skizze\" \/>\n<meta property=\"og:description\" content=\"Senovin\u0117s kilm\u0117s flamand\u0173 sikatyvas. Madagaskaro kopal\u0173 lakas yra labai kietas ir u\u017etikrina da\u017eyt\u0173 pavir\u0161i\u0173 visi\u0161k\u0105 ir patvari\u0105 apsaug\u0105. Pagreitina d\u017eiuvim\u0105 ir pa\u0161viesina da\u017eus. D\u0117l sikatyvo spalvos jo nereik\u0117t\u0173 mai\u0161yti su baltais da\u017eais ir kitomis \u0161viesiomis spalvomis.\" \/>\n<meta property=\"og:url\" content=\"https:\/\/www.hobstop.ee\/lt\/produktas\/speciali-priemone-aliejiniams-dazams-lb-flemish-siccative\/\" \/>\n<meta property=\"og:site_name\" content=\"Skizze\" \/>\n<meta property=\"article:publisher\" content=\"http:\/\/www.facebook.com\/VunderSkizze\" \/>\n<meta property=\"og:image\" content=\"https:\/\/www.hobstop.ee\/media\/4515.jpg\" \/>\n\t<meta property=\"og:image:width\" content=\"1024\" \/>\n\t<meta property=\"og:image:height\" content=\"768\" \/>\n\t<meta property=\"og:image:type\" content=\"image\/jpeg\" \/>\n<meta name=\"twitter:card\" content=\"summary_large_image\" \/>\n<script type=\"application\/ld+json\" class=\"yoast-schema-graph\">{\"@context\":\"https:\/\/schema.org\",\"@graph\":[{\"@type\":\"WebPage\",\"@id\":\"https:\/\/www.hobstop.ee\/lt\/produktas\/speciali-priemone-aliejiniams-dazams-lb-flemish-siccative\/\",\"url\":\"https:\/\/www.hobstop.ee\/lt\/produktas\/speciali-priemone-aliejiniams-dazams-lb-flemish-siccative\/\",\"name\":\"Speciali priemon\u0117 aliejiniams da\u017eams L&B Flemish Siccative &#8211; Skizze\",\"isPartOf\":{\"@id\":\"https:\/\/www.hobstop.ee\/lt\/#website\"},\"primaryImageOfPage\":{\"@id\":\"https:\/\/www.hobstop.ee\/lt\/produktas\/speciali-priemone-aliejiniams-dazams-lb-flemish-siccative\/#primaryimage\"},\"image\":{\"@id\":\"https:\/\/www.hobstop.ee\/lt\/produktas\/speciali-priemone-aliejiniams-dazams-lb-flemish-siccative\/#primaryimage\"},\"thumbnailUrl\":\"https:\/\/www.hobstop.ee\/media\/4515.jpg\",\"datePublished\":\"2017-04-06T12:14:57+00:00\",\"dateModified\":\"2017-04-06T12:14:57+00:00\",\"breadcrumb\":{\"@id\":\"https:\/\/www.hobstop.ee\/lt\/produktas\/speciali-priemone-aliejiniams-dazams-lb-flemish-siccative\/#breadcrumb\"},\"inLanguage\":\"lt\",\"potentialAction\":[{\"@type\":\"ReadAction\",\"target\":[\"https:\/\/www.hobstop.ee\/lt\/produktas\/speciali-priemone-aliejiniams-dazams-lb-flemish-siccative\/\"]}]},{\"@type\":\"ImageObject\",\"inLanguage\":\"lt\",\"@id\":\"https:\/\/www.hobstop.ee\/lt\/produktas\/speciali-priemone-aliejiniams-dazams-lb-flemish-siccative\/#primaryimage\",\"url\":\"https:\/\/www.hobstop.ee\/media\/4515.jpg\",\"contentUrl\":\"https:\/\/www.hobstop.ee\/media\/4515.jpg\",\"width\":1024,\"height\":768},{\"@type\":\"BreadcrumbList\",\"@id\":\"https:\/\/www.hobstop.ee\/lt\/produktas\/speciali-priemone-aliejiniams-dazams-lb-flemish-siccative\/#breadcrumb\",\"itemListElement\":[{\"@type\":\"ListItem\",\"position\":1,\"name\":\"Avaleht\",\"item\":\"https:\/\/www.hobstop.ee\/lt\/\"},{\"@type\":\"ListItem\",\"position\":2,\"name\":\"Parduotuv\u0117\",\"item\":\"https:\/\/www.hobstop.ee\/lt\/parduotuve\/\"},{\"@type\":\"ListItem\",\"position\":3,\"name\":\"Speciali priemon\u0117 aliejiniams da\u017eams L&#038;B Flemish Siccative\"}]},{\"@type\":\"WebSite\",\"@id\":\"https:\/\/www.hobstop.ee\/lt\/#website\",\"url\":\"https:\/\/www.hobstop.ee\/lt\/\",\"name\":\"Skizze\",\"description\":\"Dail\u0117s, pom\u0117gi\u0173 ir mokykliniai reikm\u0117nys\",\"publisher\":{\"@id\":\"https:\/\/www.hobstop.ee\/lt\/#organization\"},\"potentialAction\":[{\"@type\":\"SearchAction\",\"target\":{\"@type\":\"EntryPoint\",\"urlTemplate\":\"https:\/\/www.hobstop.ee\/lt\/?s={search_term_string}\"},\"query-input\":{\"@type\":\"PropertyValueSpecification\",\"valueRequired\":true,\"valueName\":\"search_term_string\"}}],\"inLanguage\":\"lt\"},{\"@type\":\"Organization\",\"@id\":\"https:\/\/www.hobstop.ee\/lt\/#organization\",\"name\":\"Vunder AS\",\"url\":\"https:\/\/www.hobstop.ee\/lt\/\",\"logo\":{\"@type\":\"ImageObject\",\"inLanguage\":\"lt\",\"@id\":\"https:\/\/www.hobstop.ee\/lt\/#\/schema\/logo\/image\/\",\"url\":\"https:\/\/hobstop.ee\/media\/vunder-logo.png\",\"contentUrl\":\"https:\/\/hobstop.ee\/media\/vunder-logo.png\",\"width\":127,\"height\":55,\"caption\":\"Vunder AS\"},\"image\":{\"@id\":\"https:\/\/www.hobstop.ee\/lt\/#\/schema\/logo\/image\/\"},\"sameAs\":[\"http:\/\/www.facebook.com\/VunderSkizze\"]}]}<\/script>\n<!-- \/ Yoast SEO plugin. -->","yoast_head_json":{"title":"Speciali priemon\u0117 aliejiniams da\u017eams L&B Flemish Siccative &#8211; Skizze","robots":{"index":"noindex","follow":"follow","max-snippet":"max-snippet:-1","max-image-preview":"max-image-preview:large","max-video-preview":"max-video-preview:-1"},"og_locale":"lt_LT","og_type":"article","og_title":"Speciali priemon\u0117 aliejiniams da\u017eams L&B Flemish Siccative &#8211; Skizze","og_description":"Senovin\u0117s kilm\u0117s flamand\u0173 sikatyvas. Madagaskaro kopal\u0173 lakas yra labai kietas ir u\u017etikrina da\u017eyt\u0173 pavir\u0161i\u0173 visi\u0161k\u0105 ir patvari\u0105 apsaug\u0105. Pagreitina d\u017eiuvim\u0105 ir pa\u0161viesina da\u017eus. D\u0117l sikatyvo spalvos jo nereik\u0117t\u0173 mai\u0161yti su baltais da\u017eais ir kitomis \u0161viesiomis spalvomis.","og_url":"https:\/\/www.hobstop.ee\/lt\/produktas\/speciali-priemone-aliejiniams-dazams-lb-flemish-siccative\/","og_site_name":"Skizze","article_publisher":"http:\/\/www.facebook.com\/VunderSkizze","og_image":[{"width":1024,"height":768,"url":"https:\/\/www.hobstop.ee\/media\/4515.jpg","type":"image\/jpeg"}],"twitter_card":"summary_large_image","schema":{"@context":"https:\/\/schema.org","@graph":[{"@type":"WebPage","@id":"https:\/\/www.hobstop.ee\/lt\/produktas\/speciali-priemone-aliejiniams-dazams-lb-flemish-siccative\/","url":"https:\/\/www.hobstop.ee\/lt\/produktas\/speciali-priemone-aliejiniams-dazams-lb-flemish-siccative\/","name":"Speciali priemon\u0117 aliejiniams da\u017eams L&B Flemish Siccative &#8211; Skizze","isPartOf":{"@id":"https:\/\/www.hobstop.ee\/lt\/#website"},"primaryImageOfPage":{"@id":"https:\/\/www.hobstop.ee\/lt\/produktas\/speciali-priemone-aliejiniams-dazams-lb-flemish-siccative\/#primaryimage"},"image":{"@id":"https:\/\/www.hobstop.ee\/lt\/produktas\/speciali-priemone-aliejiniams-dazams-lb-flemish-siccative\/#primaryimage"},"thumbnailUrl":"https:\/\/www.hobstop.ee\/media\/4515.jpg","datePublished":"2017-04-06T12:14:57+00:00","dateModified":"2017-04-06T12:14:57+00:00","breadcrumb":{"@id":"https:\/\/www.hobstop.ee\/lt\/produktas\/speciali-priemone-aliejiniams-dazams-lb-flemish-siccative\/#breadcrumb"},"inLanguage":"lt","potentialAction":[{"@type":"ReadAction","target":["https:\/\/www.hobstop.ee\/lt\/produktas\/speciali-priemone-aliejiniams-dazams-lb-flemish-siccative\/"]}]},{"@type":"ImageObject","inLanguage":"lt","@id":"https:\/\/www.hobstop.ee\/lt\/produktas\/speciali-priemone-aliejiniams-dazams-lb-flemish-siccative\/#primaryimage","url":"https:\/\/www.hobstop.ee\/media\/4515.jpg","contentUrl":"https:\/\/www.hobstop.ee\/media\/4515.jpg","width":1024,"height":768},{"@type":"BreadcrumbList","@id":"https:\/\/www.hobstop.ee\/lt\/produktas\/speciali-priemone-aliejiniams-dazams-lb-flemish-siccative\/#breadcrumb","itemListElement":[{"@type":"ListItem","position":1,"name":"Avaleht","item":"https:\/\/www.hobstop.ee\/lt\/"},{"@type":"ListItem","position":2,"name":"Parduotuv\u0117","item":"https:\/\/www.hobstop.ee\/lt\/parduotuve\/"},{"@type":"ListItem","position":3,"name":"Speciali priemon\u0117 aliejiniams da\u017eams L&#038;B Flemish Siccative"}]},{"@type":"WebSite","@id":"https:\/\/www.hobstop.ee\/lt\/#website","url":"https:\/\/www.hobstop.ee\/lt\/","name":"Skizze","description":"Dail\u0117s, pom\u0117gi\u0173 ir mokykliniai reikm\u0117nys","publisher":{"@id":"https:\/\/www.hobstop.ee\/lt\/#organization"},"potentialAction":[{"@type":"SearchAction","target":{"@type":"EntryPoint","urlTemplate":"https:\/\/www.hobstop.ee\/lt\/?s={search_term_string}"},"query-input":{"@type":"PropertyValueSpecification","valueRequired":true,"valueName":"search_term_string"}}],"inLanguage":"lt"},{"@type":"Organization","@id":"https:\/\/www.hobstop.ee\/lt\/#organization","name":"Vunder AS","url":"https:\/\/www.hobstop.ee\/lt\/","logo":{"@type":"ImageObject","inLanguage":"lt","@id":"https:\/\/www.hobstop.ee\/lt\/#\/schema\/logo\/image\/","url":"https:\/\/hobstop.ee\/media\/vunder-logo.png","contentUrl":"https:\/\/hobstop.ee\/media\/vunder-logo.png","width":127,"height":55,"caption":"Vunder AS"},"image":{"@id":"https:\/\/www.hobstop.ee\/lt\/#\/schema\/logo\/image\/"},"sameAs":["http:\/\/www.facebook.com\/VunderSkizze"]}]}},"_links":{"self":[{"href":"https:\/\/www.hobstop.ee\/lt\/wp-json\/wp\/v2\/product\/285408","targetHints":{"allow":["GET"]}}],"collection":[{"href":"https:\/\/www.hobstop.ee\/lt\/wp-json\/wp\/v2\/product"}],"about":[{"href":"https:\/\/www.hobstop.ee\/lt\/wp-json\/wp\/v2\/types\/product"}],"replies":[{"embeddable":true,"href":"https:\/\/www.hobstop.ee\/lt\/wp-json\/wp\/v2\/comments?post=285408"}],"wp:featuredmedia":[{"embeddable":true,"href":"https:\/\/www.hobstop.ee\/lt\/wp-json\/wp\/v2\/media\/354008"}],"wp:attachment":[{"href":"https:\/\/www.hobstop.ee\/lt\/wp-json\/wp\/v2\/media?parent=285408"}],"wp:term":[{"taxonomy":"product_cat","embeddable":true,"href":"https:\/\/www.hobstop.ee\/lt\/wp-json\/wp\/v2\/product_cat?post=285408"},{"taxonomy":"product_tag","embeddable":true,"href":"https:\/\/www.hobstop.ee\/lt\/wp-json\/wp\/v2\/product_tag?post=285408"}],"curies":[{"name":"wp","href":"https:\/\/api.w.org\/{rel}","templated":true}]}}