{"id":288749,"date":"2017-05-30T10:34:42","date_gmt":"2017-05-30T07:34:42","guid":{"rendered":"https:\/\/sharks.ee\/vunder_2019\/lt\/product\/aerozoliniai-dazai-liquitex-balionelio-antgalio-valiklis-aerozolis\/"},"modified":"2017-05-30T10:34:42","modified_gmt":"2017-05-30T07:34:42","slug":"aerozoliniai-dazai-liquitex-balionelio-antgalio-valiklis-aerozolis","status":"publish","type":"product","link":"https:\/\/www.hobstop.ee\/lt\/produktas\/aerozoliniai-dazai-liquitex-balionelio-antgalio-valiklis-aerozolis\/","title":{"rendered":"Aerozoliniai da\u017eai Liquitex balion\u0117lio antgalio valiklis aerozolis"},"content":{"rendered":"<p>Pakuo\u010di\u0173 antgali\u0173 valiklis \u201eLiquitex\u201c yra privaloma priemon\u0117 visiems pur\u0161kiamus da\u017eus naudojantiems dailininkams. Reikia valyti ne tik teptukus, bet ir antgalius, kad jie neu\u017esikim\u0161t\u0173. Pakuo\u010di\u0173 antgali\u0173 valiklis \u201eLiquitex\u201c yra nepakei\u010diama da\u017e\u0173 naudojimo laik\u0105 prailginanti priemon\u0117. Per kelias sekundes ji i\u0161valo u\u017esikim\u0161us\u012f antgal\u012f ir pa\u0161alina da\u017e\u0173 liku\u010dius. Pagaminta alkoholio pagrindu, pakanka 80 antgali\u0173 valymui.<\/p>\n","protected":false},"excerpt":{"rendered":"<p>Pakuo\u010di\u0173 antgali\u0173 valiklis \u201eLiquitex\u201c yra privaloma priemon\u0117 visiems pur\u0161kiamus da\u017eus naudojantiems dailininkams. Reikia valyti ne tik teptukus, bet ir antgalius, kad jie neu\u017esikim\u0161t\u0173. Pakuo\u010di\u0173 antgali\u0173 valiklis \u201eLiquitex\u201c yra nepakei\u010diama da\u017e\u0173 naudojimo laik\u0105 prailginanti priemon\u0117. Per kelias sekundes ji i\u0161valo u\u017esikim\u0161us\u012f antgal\u012f ir pa\u0161alina da\u017e\u0173 liku\u010dius. Pagaminta alkoholio pagrindu, pakanka 80 antgali\u0173 valymui.<\/p>\n","protected":false},"featured_media":289341,"comment_status":"closed","ping_status":"closed","template":"","meta":{"_acf_changed":false,"ep_exclude_from_search":false},"product_cat":[16124,17981,18762],"product_tag":[],"class_list":{"0":"post-288749","1":"product","2":"type-product","3":"status-publish","4":"has-post-thumbnail","6":"product_cat-dailes-prekes","7":"product_cat-dazai-ir-priedai-tapybai","8":"product_cat-ivairus-24","10":"first","11":"instock","12":"taxable","13":"shipping-taxable","14":"purchasable","15":"product-type-simple"},"acf":[],"yoast_head":"<!-- This site is optimized with the Yoast SEO plugin v24.1 - https:\/\/yoast.com\/wordpress\/plugins\/seo\/ -->\n<title>Aerozoliniai da\u017eai Liquitex balion\u0117lio antgalio valiklis aerozolis &#8211; Skizze<\/title>\n<meta name=\"robots\" content=\"noindex, follow, max-snippet:-1, max-image-preview:large, max-video-preview:-1\" \/>\n<meta property=\"og:locale\" content=\"lt_LT\" \/>\n<meta property=\"og:type\" content=\"article\" \/>\n<meta property=\"og:title\" content=\"Aerozoliniai da\u017eai Liquitex balion\u0117lio antgalio valiklis aerozolis &#8211; Skizze\" \/>\n<meta property=\"og:description\" content=\"Pakuo\u010di\u0173 antgali\u0173 valiklis \u201eLiquitex\u201c yra privaloma priemon\u0117 visiems pur\u0161kiamus da\u017eus naudojantiems dailininkams. Reikia valyti ne tik teptukus, bet ir antgalius, kad jie neu\u017esikim\u0161t\u0173. Pakuo\u010di\u0173 antgali\u0173 valiklis \u201eLiquitex\u201c yra nepakei\u010diama da\u017e\u0173 naudojimo laik\u0105 prailginanti priemon\u0117. Per kelias sekundes ji i\u0161valo u\u017esikim\u0161us\u012f antgal\u012f ir pa\u0161alina da\u017e\u0173 liku\u010dius. Pagaminta alkoholio pagrindu, pakanka 80 antgali\u0173 valymui.\" \/>\n<meta property=\"og:url\" content=\"https:\/\/www.hobstop.ee\/lt\/produktas\/aerozoliniai-dazai-liquitex-balionelio-antgalio-valiklis-aerozolis\/\" \/>\n<meta property=\"og:site_name\" content=\"Skizze\" \/>\n<meta property=\"article:publisher\" content=\"http:\/\/www.facebook.com\/VunderSkizze\" \/>\n<meta property=\"og:image\" content=\"https:\/\/www.hobstop.ee\/media\/4525.jpg\" \/>\n\t<meta property=\"og:image:width\" content=\"1024\" \/>\n\t<meta property=\"og:image:height\" content=\"768\" \/>\n\t<meta property=\"og:image:type\" content=\"image\/jpeg\" \/>\n<meta name=\"twitter:card\" content=\"summary_large_image\" \/>\n<script type=\"application\/ld+json\" class=\"yoast-schema-graph\">{\"@context\":\"https:\/\/schema.org\",\"@graph\":[{\"@type\":\"WebPage\",\"@id\":\"https:\/\/www.hobstop.ee\/lt\/produktas\/aerozoliniai-dazai-liquitex-balionelio-antgalio-valiklis-aerozolis\/\",\"url\":\"https:\/\/www.hobstop.ee\/lt\/produktas\/aerozoliniai-dazai-liquitex-balionelio-antgalio-valiklis-aerozolis\/\",\"name\":\"Aerozoliniai da\u017eai Liquitex balion\u0117lio antgalio valiklis aerozolis &#8211; Skizze\",\"isPartOf\":{\"@id\":\"https:\/\/hobstop.ee\/lt\/#website\"},\"primaryImageOfPage\":{\"@id\":\"https:\/\/www.hobstop.ee\/lt\/produktas\/aerozoliniai-dazai-liquitex-balionelio-antgalio-valiklis-aerozolis\/#primaryimage\"},\"image\":{\"@id\":\"https:\/\/www.hobstop.ee\/lt\/produktas\/aerozoliniai-dazai-liquitex-balionelio-antgalio-valiklis-aerozolis\/#primaryimage\"},\"thumbnailUrl\":\"https:\/\/www.hobstop.ee\/media\/4525.jpg\",\"datePublished\":\"2017-05-30T07:34:42+00:00\",\"dateModified\":\"2017-05-30T07:34:42+00:00\",\"breadcrumb\":{\"@id\":\"https:\/\/www.hobstop.ee\/lt\/produktas\/aerozoliniai-dazai-liquitex-balionelio-antgalio-valiklis-aerozolis\/#breadcrumb\"},\"inLanguage\":\"lt\",\"potentialAction\":[{\"@type\":\"ReadAction\",\"target\":[\"https:\/\/www.hobstop.ee\/lt\/produktas\/aerozoliniai-dazai-liquitex-balionelio-antgalio-valiklis-aerozolis\/\"]}]},{\"@type\":\"ImageObject\",\"inLanguage\":\"lt\",\"@id\":\"https:\/\/www.hobstop.ee\/lt\/produktas\/aerozoliniai-dazai-liquitex-balionelio-antgalio-valiklis-aerozolis\/#primaryimage\",\"url\":\"https:\/\/www.hobstop.ee\/media\/4525.jpg\",\"contentUrl\":\"https:\/\/www.hobstop.ee\/media\/4525.jpg\",\"width\":1024,\"height\":768},{\"@type\":\"BreadcrumbList\",\"@id\":\"https:\/\/www.hobstop.ee\/lt\/produktas\/aerozoliniai-dazai-liquitex-balionelio-antgalio-valiklis-aerozolis\/#breadcrumb\",\"itemListElement\":[{\"@type\":\"ListItem\",\"position\":1,\"name\":\"Avaleht\",\"item\":\"https:\/\/hobstop.ee\/lt\/\"},{\"@type\":\"ListItem\",\"position\":2,\"name\":\"Parduotuv\u0117\",\"item\":\"https:\/\/hobstop.ee\/lt\/parduotuve\/\"},{\"@type\":\"ListItem\",\"position\":3,\"name\":\"Aerozoliniai da\u017eai Liquitex balion\u0117lio antgalio valiklis aerozolis\"}]},{\"@type\":\"WebSite\",\"@id\":\"https:\/\/hobstop.ee\/lt\/#website\",\"url\":\"https:\/\/hobstop.ee\/lt\/\",\"name\":\"Skizze\",\"description\":\"Dail\u0117s, pom\u0117gi\u0173 ir mokykliniai reikm\u0117nys\",\"publisher\":{\"@id\":\"https:\/\/hobstop.ee\/lt\/#organization\"},\"potentialAction\":[{\"@type\":\"SearchAction\",\"target\":{\"@type\":\"EntryPoint\",\"urlTemplate\":\"https:\/\/hobstop.ee\/lt\/?s={search_term_string}\"},\"query-input\":{\"@type\":\"PropertyValueSpecification\",\"valueRequired\":true,\"valueName\":\"search_term_string\"}}],\"inLanguage\":\"lt\"},{\"@type\":\"Organization\",\"@id\":\"https:\/\/hobstop.ee\/lt\/#organization\",\"name\":\"Vunder AS\",\"url\":\"https:\/\/hobstop.ee\/lt\/\",\"logo\":{\"@type\":\"ImageObject\",\"inLanguage\":\"lt\",\"@id\":\"https:\/\/hobstop.ee\/lt\/#\/schema\/logo\/image\/\",\"url\":\"https:\/\/hobstop.ee\/media\/vunder-logo.png\",\"contentUrl\":\"https:\/\/hobstop.ee\/media\/vunder-logo.png\",\"width\":127,\"height\":55,\"caption\":\"Vunder AS\"},\"image\":{\"@id\":\"https:\/\/hobstop.ee\/lt\/#\/schema\/logo\/image\/\"},\"sameAs\":[\"http:\/\/www.facebook.com\/VunderSkizze\"]}]}<\/script>\n<!-- \/ Yoast SEO plugin. -->","yoast_head_json":{"title":"Aerozoliniai da\u017eai Liquitex balion\u0117lio antgalio valiklis aerozolis &#8211; Skizze","robots":{"index":"noindex","follow":"follow","max-snippet":"max-snippet:-1","max-image-preview":"max-image-preview:large","max-video-preview":"max-video-preview:-1"},"og_locale":"lt_LT","og_type":"article","og_title":"Aerozoliniai da\u017eai Liquitex balion\u0117lio antgalio valiklis aerozolis &#8211; Skizze","og_description":"Pakuo\u010di\u0173 antgali\u0173 valiklis \u201eLiquitex\u201c yra privaloma priemon\u0117 visiems pur\u0161kiamus da\u017eus naudojantiems dailininkams. Reikia valyti ne tik teptukus, bet ir antgalius, kad jie neu\u017esikim\u0161t\u0173. Pakuo\u010di\u0173 antgali\u0173 valiklis \u201eLiquitex\u201c yra nepakei\u010diama da\u017e\u0173 naudojimo laik\u0105 prailginanti priemon\u0117. Per kelias sekundes ji i\u0161valo u\u017esikim\u0161us\u012f antgal\u012f ir pa\u0161alina da\u017e\u0173 liku\u010dius. Pagaminta alkoholio pagrindu, pakanka 80 antgali\u0173 valymui.","og_url":"https:\/\/www.hobstop.ee\/lt\/produktas\/aerozoliniai-dazai-liquitex-balionelio-antgalio-valiklis-aerozolis\/","og_site_name":"Skizze","article_publisher":"http:\/\/www.facebook.com\/VunderSkizze","og_image":[{"width":1024,"height":768,"url":"https:\/\/www.hobstop.ee\/media\/4525.jpg","type":"image\/jpeg"}],"twitter_card":"summary_large_image","schema":{"@context":"https:\/\/schema.org","@graph":[{"@type":"WebPage","@id":"https:\/\/www.hobstop.ee\/lt\/produktas\/aerozoliniai-dazai-liquitex-balionelio-antgalio-valiklis-aerozolis\/","url":"https:\/\/www.hobstop.ee\/lt\/produktas\/aerozoliniai-dazai-liquitex-balionelio-antgalio-valiklis-aerozolis\/","name":"Aerozoliniai da\u017eai Liquitex balion\u0117lio antgalio valiklis aerozolis &#8211; Skizze","isPartOf":{"@id":"https:\/\/hobstop.ee\/lt\/#website"},"primaryImageOfPage":{"@id":"https:\/\/www.hobstop.ee\/lt\/produktas\/aerozoliniai-dazai-liquitex-balionelio-antgalio-valiklis-aerozolis\/#primaryimage"},"image":{"@id":"https:\/\/www.hobstop.ee\/lt\/produktas\/aerozoliniai-dazai-liquitex-balionelio-antgalio-valiklis-aerozolis\/#primaryimage"},"thumbnailUrl":"https:\/\/www.hobstop.ee\/media\/4525.jpg","datePublished":"2017-05-30T07:34:42+00:00","dateModified":"2017-05-30T07:34:42+00:00","breadcrumb":{"@id":"https:\/\/www.hobstop.ee\/lt\/produktas\/aerozoliniai-dazai-liquitex-balionelio-antgalio-valiklis-aerozolis\/#breadcrumb"},"inLanguage":"lt","potentialAction":[{"@type":"ReadAction","target":["https:\/\/www.hobstop.ee\/lt\/produktas\/aerozoliniai-dazai-liquitex-balionelio-antgalio-valiklis-aerozolis\/"]}]},{"@type":"ImageObject","inLanguage":"lt","@id":"https:\/\/www.hobstop.ee\/lt\/produktas\/aerozoliniai-dazai-liquitex-balionelio-antgalio-valiklis-aerozolis\/#primaryimage","url":"https:\/\/www.hobstop.ee\/media\/4525.jpg","contentUrl":"https:\/\/www.hobstop.ee\/media\/4525.jpg","width":1024,"height":768},{"@type":"BreadcrumbList","@id":"https:\/\/www.hobstop.ee\/lt\/produktas\/aerozoliniai-dazai-liquitex-balionelio-antgalio-valiklis-aerozolis\/#breadcrumb","itemListElement":[{"@type":"ListItem","position":1,"name":"Avaleht","item":"https:\/\/hobstop.ee\/lt\/"},{"@type":"ListItem","position":2,"name":"Parduotuv\u0117","item":"https:\/\/hobstop.ee\/lt\/parduotuve\/"},{"@type":"ListItem","position":3,"name":"Aerozoliniai da\u017eai Liquitex balion\u0117lio antgalio valiklis aerozolis"}]},{"@type":"WebSite","@id":"https:\/\/hobstop.ee\/lt\/#website","url":"https:\/\/hobstop.ee\/lt\/","name":"Skizze","description":"Dail\u0117s, pom\u0117gi\u0173 ir mokykliniai reikm\u0117nys","publisher":{"@id":"https:\/\/hobstop.ee\/lt\/#organization"},"potentialAction":[{"@type":"SearchAction","target":{"@type":"EntryPoint","urlTemplate":"https:\/\/hobstop.ee\/lt\/?s={search_term_string}"},"query-input":{"@type":"PropertyValueSpecification","valueRequired":true,"valueName":"search_term_string"}}],"inLanguage":"lt"},{"@type":"Organization","@id":"https:\/\/hobstop.ee\/lt\/#organization","name":"Vunder AS","url":"https:\/\/hobstop.ee\/lt\/","logo":{"@type":"ImageObject","inLanguage":"lt","@id":"https:\/\/hobstop.ee\/lt\/#\/schema\/logo\/image\/","url":"https:\/\/hobstop.ee\/media\/vunder-logo.png","contentUrl":"https:\/\/hobstop.ee\/media\/vunder-logo.png","width":127,"height":55,"caption":"Vunder AS"},"image":{"@id":"https:\/\/hobstop.ee\/lt\/#\/schema\/logo\/image\/"},"sameAs":["http:\/\/www.facebook.com\/VunderSkizze"]}]}},"_links":{"self":[{"href":"https:\/\/www.hobstop.ee\/lt\/wp-json\/wp\/v2\/product\/288749","targetHints":{"allow":["GET"]}}],"collection":[{"href":"https:\/\/www.hobstop.ee\/lt\/wp-json\/wp\/v2\/product"}],"about":[{"href":"https:\/\/www.hobstop.ee\/lt\/wp-json\/wp\/v2\/types\/product"}],"replies":[{"embeddable":true,"href":"https:\/\/www.hobstop.ee\/lt\/wp-json\/wp\/v2\/comments?post=288749"}],"wp:featuredmedia":[{"embeddable":true,"href":"https:\/\/www.hobstop.ee\/lt\/wp-json\/wp\/v2\/media\/289341"}],"wp:attachment":[{"href":"https:\/\/www.hobstop.ee\/lt\/wp-json\/wp\/v2\/media?parent=288749"}],"wp:term":[{"taxonomy":"product_cat","embeddable":true,"href":"https:\/\/www.hobstop.ee\/lt\/wp-json\/wp\/v2\/product_cat?post=288749"},{"taxonomy":"product_tag","embeddable":true,"href":"https:\/\/www.hobstop.ee\/lt\/wp-json\/wp\/v2\/product_tag?post=288749"}],"curies":[{"name":"wp","href":"https:\/\/api.w.org\/{rel}","templated":true}]}}