{"id":300565,"date":"2017-12-07T10:50:08","date_gmt":"2017-12-07T08:50:08","guid":{"rendered":"https:\/\/sharks.ee\/vunder_2019\/lt\/product\/dekoracijos-is-popieriaus-rayher-geliu-ziedai-1-5-2-5cm\/"},"modified":"2017-12-07T10:50:08","modified_gmt":"2017-12-07T08:50:08","slug":"dekoracijos-is-popieriaus-rayher-geliu-ziedai-1-5-2-5cm","status":"publish","type":"product","link":"https:\/\/www.hobstop.ee\/lt\/produktas\/dekoracijos-is-popieriaus-rayher-geliu-ziedai-1-5-2-5cm\/","title":{"rendered":"Dekoracijos i\u0161 popieriaus Rayher g\u0117li\u0173 \u017eiedai 1.5-2.5cm"},"content":{"rendered":"<p>\u012evairi\u0173 popierini\u0173 \u017eied\u0173 rinkinys Puikus dekoratyvinis elementas \u2013 savo k\u016brin\u012f papuo\u0161kite \u017eiedais!<\/p>\n","protected":false},"excerpt":{"rendered":"<p>\u012evairi\u0173 popierini\u0173 \u017eied\u0173 rinkinys Puikus dekoratyvinis elementas \u2013 savo k\u016brin\u012f papuo\u0161kite \u017eiedais!<\/p>\n","protected":false},"featured_media":301093,"comment_status":"closed","ping_status":"closed","template":"","meta":{"_acf_changed":false,"ep_exclude_from_search":false},"product_cat":[18290,17969,17919],"product_tag":[],"class_list":{"0":"post-300565","1":"product","2":"type-product","3":"status-publish","4":"has-post-thumbnail","6":"product_cat-blizguciai-ir-dekoracijos","7":"product_cat-kitos-prekes","8":"product_cat-pomegiu-prekes","10":"first","11":"instock","12":"taxable","13":"shipping-taxable","14":"purchasable","15":"product-type-simple"},"acf":[],"yoast_head":"<!-- This site is optimized with the Yoast SEO plugin v24.1 - https:\/\/yoast.com\/wordpress\/plugins\/seo\/ -->\n<title>Dekoracijos i\u0161 popieriaus Rayher g\u0117li\u0173 \u017eiedai 1.5-2.5cm &#8211; Skizze<\/title>\n<meta name=\"robots\" content=\"noindex, follow, max-snippet:-1, max-image-preview:large, max-video-preview:-1\" \/>\n<meta property=\"og:locale\" content=\"lt_LT\" \/>\n<meta property=\"og:type\" content=\"article\" \/>\n<meta property=\"og:title\" content=\"Dekoracijos i\u0161 popieriaus Rayher g\u0117li\u0173 \u017eiedai 1.5-2.5cm &#8211; Skizze\" \/>\n<meta property=\"og:description\" content=\"\u012evairi\u0173 popierini\u0173 \u017eied\u0173 rinkinys Puikus dekoratyvinis elementas \u2013 savo k\u016brin\u012f papuo\u0161kite \u017eiedais!\" \/>\n<meta property=\"og:url\" content=\"https:\/\/www.hobstop.ee\/lt\/produktas\/dekoracijos-is-popieriaus-rayher-geliu-ziedai-1-5-2-5cm\/\" \/>\n<meta property=\"og:site_name\" content=\"Skizze\" \/>\n<meta property=\"article:publisher\" content=\"http:\/\/www.facebook.com\/VunderSkizze\" \/>\n<meta property=\"og:image\" content=\"https:\/\/www.hobstop.ee\/media\/4700.jpg\" \/>\n\t<meta property=\"og:image:width\" content=\"1024\" \/>\n\t<meta property=\"og:image:height\" content=\"768\" \/>\n\t<meta property=\"og:image:type\" content=\"image\/jpeg\" \/>\n<meta name=\"twitter:card\" content=\"summary_large_image\" \/>\n<script type=\"application\/ld+json\" class=\"yoast-schema-graph\">{\"@context\":\"https:\/\/schema.org\",\"@graph\":[{\"@type\":\"WebPage\",\"@id\":\"https:\/\/www.hobstop.ee\/lt\/produktas\/dekoracijos-is-popieriaus-rayher-geliu-ziedai-1-5-2-5cm\/\",\"url\":\"https:\/\/www.hobstop.ee\/lt\/produktas\/dekoracijos-is-popieriaus-rayher-geliu-ziedai-1-5-2-5cm\/\",\"name\":\"Dekoracijos i\u0161 popieriaus Rayher g\u0117li\u0173 \u017eiedai 1.5-2.5cm &#8211; Skizze\",\"isPartOf\":{\"@id\":\"https:\/\/hobstop.ee\/lt\/#website\"},\"primaryImageOfPage\":{\"@id\":\"https:\/\/www.hobstop.ee\/lt\/produktas\/dekoracijos-is-popieriaus-rayher-geliu-ziedai-1-5-2-5cm\/#primaryimage\"},\"image\":{\"@id\":\"https:\/\/www.hobstop.ee\/lt\/produktas\/dekoracijos-is-popieriaus-rayher-geliu-ziedai-1-5-2-5cm\/#primaryimage\"},\"thumbnailUrl\":\"https:\/\/www.hobstop.ee\/media\/4700.jpg\",\"datePublished\":\"2017-12-07T08:50:08+00:00\",\"dateModified\":\"2017-12-07T08:50:08+00:00\",\"breadcrumb\":{\"@id\":\"https:\/\/www.hobstop.ee\/lt\/produktas\/dekoracijos-is-popieriaus-rayher-geliu-ziedai-1-5-2-5cm\/#breadcrumb\"},\"inLanguage\":\"lt\",\"potentialAction\":[{\"@type\":\"ReadAction\",\"target\":[\"https:\/\/www.hobstop.ee\/lt\/produktas\/dekoracijos-is-popieriaus-rayher-geliu-ziedai-1-5-2-5cm\/\"]}]},{\"@type\":\"ImageObject\",\"inLanguage\":\"lt\",\"@id\":\"https:\/\/www.hobstop.ee\/lt\/produktas\/dekoracijos-is-popieriaus-rayher-geliu-ziedai-1-5-2-5cm\/#primaryimage\",\"url\":\"https:\/\/www.hobstop.ee\/media\/4700.jpg\",\"contentUrl\":\"https:\/\/www.hobstop.ee\/media\/4700.jpg\",\"width\":1024,\"height\":768},{\"@type\":\"BreadcrumbList\",\"@id\":\"https:\/\/www.hobstop.ee\/lt\/produktas\/dekoracijos-is-popieriaus-rayher-geliu-ziedai-1-5-2-5cm\/#breadcrumb\",\"itemListElement\":[{\"@type\":\"ListItem\",\"position\":1,\"name\":\"Avaleht\",\"item\":\"https:\/\/hobstop.ee\/lt\/\"},{\"@type\":\"ListItem\",\"position\":2,\"name\":\"Parduotuv\u0117\",\"item\":\"https:\/\/hobstop.ee\/lt\/parduotuve\/\"},{\"@type\":\"ListItem\",\"position\":3,\"name\":\"Dekoracijos i\u0161 popieriaus Rayher g\u0117li\u0173 \u017eiedai 1.5-2.5cm\"}]},{\"@type\":\"WebSite\",\"@id\":\"https:\/\/hobstop.ee\/lt\/#website\",\"url\":\"https:\/\/hobstop.ee\/lt\/\",\"name\":\"Skizze\",\"description\":\"Dail\u0117s, pom\u0117gi\u0173 ir mokykliniai reikm\u0117nys\",\"publisher\":{\"@id\":\"https:\/\/hobstop.ee\/lt\/#organization\"},\"potentialAction\":[{\"@type\":\"SearchAction\",\"target\":{\"@type\":\"EntryPoint\",\"urlTemplate\":\"https:\/\/hobstop.ee\/lt\/?s={search_term_string}\"},\"query-input\":{\"@type\":\"PropertyValueSpecification\",\"valueRequired\":true,\"valueName\":\"search_term_string\"}}],\"inLanguage\":\"lt\"},{\"@type\":\"Organization\",\"@id\":\"https:\/\/hobstop.ee\/lt\/#organization\",\"name\":\"Vunder AS\",\"url\":\"https:\/\/hobstop.ee\/lt\/\",\"logo\":{\"@type\":\"ImageObject\",\"inLanguage\":\"lt\",\"@id\":\"https:\/\/hobstop.ee\/lt\/#\/schema\/logo\/image\/\",\"url\":\"https:\/\/hobstop.ee\/media\/vunder-logo.png\",\"contentUrl\":\"https:\/\/hobstop.ee\/media\/vunder-logo.png\",\"width\":127,\"height\":55,\"caption\":\"Vunder AS\"},\"image\":{\"@id\":\"https:\/\/hobstop.ee\/lt\/#\/schema\/logo\/image\/\"},\"sameAs\":[\"http:\/\/www.facebook.com\/VunderSkizze\"]}]}<\/script>\n<!-- \/ Yoast SEO plugin. -->","yoast_head_json":{"title":"Dekoracijos i\u0161 popieriaus Rayher g\u0117li\u0173 \u017eiedai 1.5-2.5cm &#8211; Skizze","robots":{"index":"noindex","follow":"follow","max-snippet":"max-snippet:-1","max-image-preview":"max-image-preview:large","max-video-preview":"max-video-preview:-1"},"og_locale":"lt_LT","og_type":"article","og_title":"Dekoracijos i\u0161 popieriaus Rayher g\u0117li\u0173 \u017eiedai 1.5-2.5cm &#8211; Skizze","og_description":"\u012evairi\u0173 popierini\u0173 \u017eied\u0173 rinkinys Puikus dekoratyvinis elementas \u2013 savo k\u016brin\u012f papuo\u0161kite \u017eiedais!","og_url":"https:\/\/www.hobstop.ee\/lt\/produktas\/dekoracijos-is-popieriaus-rayher-geliu-ziedai-1-5-2-5cm\/","og_site_name":"Skizze","article_publisher":"http:\/\/www.facebook.com\/VunderSkizze","og_image":[{"width":1024,"height":768,"url":"https:\/\/www.hobstop.ee\/media\/4700.jpg","type":"image\/jpeg"}],"twitter_card":"summary_large_image","schema":{"@context":"https:\/\/schema.org","@graph":[{"@type":"WebPage","@id":"https:\/\/www.hobstop.ee\/lt\/produktas\/dekoracijos-is-popieriaus-rayher-geliu-ziedai-1-5-2-5cm\/","url":"https:\/\/www.hobstop.ee\/lt\/produktas\/dekoracijos-is-popieriaus-rayher-geliu-ziedai-1-5-2-5cm\/","name":"Dekoracijos i\u0161 popieriaus Rayher g\u0117li\u0173 \u017eiedai 1.5-2.5cm &#8211; Skizze","isPartOf":{"@id":"https:\/\/hobstop.ee\/lt\/#website"},"primaryImageOfPage":{"@id":"https:\/\/www.hobstop.ee\/lt\/produktas\/dekoracijos-is-popieriaus-rayher-geliu-ziedai-1-5-2-5cm\/#primaryimage"},"image":{"@id":"https:\/\/www.hobstop.ee\/lt\/produktas\/dekoracijos-is-popieriaus-rayher-geliu-ziedai-1-5-2-5cm\/#primaryimage"},"thumbnailUrl":"https:\/\/www.hobstop.ee\/media\/4700.jpg","datePublished":"2017-12-07T08:50:08+00:00","dateModified":"2017-12-07T08:50:08+00:00","breadcrumb":{"@id":"https:\/\/www.hobstop.ee\/lt\/produktas\/dekoracijos-is-popieriaus-rayher-geliu-ziedai-1-5-2-5cm\/#breadcrumb"},"inLanguage":"lt","potentialAction":[{"@type":"ReadAction","target":["https:\/\/www.hobstop.ee\/lt\/produktas\/dekoracijos-is-popieriaus-rayher-geliu-ziedai-1-5-2-5cm\/"]}]},{"@type":"ImageObject","inLanguage":"lt","@id":"https:\/\/www.hobstop.ee\/lt\/produktas\/dekoracijos-is-popieriaus-rayher-geliu-ziedai-1-5-2-5cm\/#primaryimage","url":"https:\/\/www.hobstop.ee\/media\/4700.jpg","contentUrl":"https:\/\/www.hobstop.ee\/media\/4700.jpg","width":1024,"height":768},{"@type":"BreadcrumbList","@id":"https:\/\/www.hobstop.ee\/lt\/produktas\/dekoracijos-is-popieriaus-rayher-geliu-ziedai-1-5-2-5cm\/#breadcrumb","itemListElement":[{"@type":"ListItem","position":1,"name":"Avaleht","item":"https:\/\/hobstop.ee\/lt\/"},{"@type":"ListItem","position":2,"name":"Parduotuv\u0117","item":"https:\/\/hobstop.ee\/lt\/parduotuve\/"},{"@type":"ListItem","position":3,"name":"Dekoracijos i\u0161 popieriaus Rayher g\u0117li\u0173 \u017eiedai 1.5-2.5cm"}]},{"@type":"WebSite","@id":"https:\/\/hobstop.ee\/lt\/#website","url":"https:\/\/hobstop.ee\/lt\/","name":"Skizze","description":"Dail\u0117s, pom\u0117gi\u0173 ir mokykliniai reikm\u0117nys","publisher":{"@id":"https:\/\/hobstop.ee\/lt\/#organization"},"potentialAction":[{"@type":"SearchAction","target":{"@type":"EntryPoint","urlTemplate":"https:\/\/hobstop.ee\/lt\/?s={search_term_string}"},"query-input":{"@type":"PropertyValueSpecification","valueRequired":true,"valueName":"search_term_string"}}],"inLanguage":"lt"},{"@type":"Organization","@id":"https:\/\/hobstop.ee\/lt\/#organization","name":"Vunder AS","url":"https:\/\/hobstop.ee\/lt\/","logo":{"@type":"ImageObject","inLanguage":"lt","@id":"https:\/\/hobstop.ee\/lt\/#\/schema\/logo\/image\/","url":"https:\/\/hobstop.ee\/media\/vunder-logo.png","contentUrl":"https:\/\/hobstop.ee\/media\/vunder-logo.png","width":127,"height":55,"caption":"Vunder AS"},"image":{"@id":"https:\/\/hobstop.ee\/lt\/#\/schema\/logo\/image\/"},"sameAs":["http:\/\/www.facebook.com\/VunderSkizze"]}]}},"_links":{"self":[{"href":"https:\/\/www.hobstop.ee\/lt\/wp-json\/wp\/v2\/product\/300565","targetHints":{"allow":["GET"]}}],"collection":[{"href":"https:\/\/www.hobstop.ee\/lt\/wp-json\/wp\/v2\/product"}],"about":[{"href":"https:\/\/www.hobstop.ee\/lt\/wp-json\/wp\/v2\/types\/product"}],"replies":[{"embeddable":true,"href":"https:\/\/www.hobstop.ee\/lt\/wp-json\/wp\/v2\/comments?post=300565"}],"wp:featuredmedia":[{"embeddable":true,"href":"https:\/\/www.hobstop.ee\/lt\/wp-json\/wp\/v2\/media\/301093"}],"wp:attachment":[{"href":"https:\/\/www.hobstop.ee\/lt\/wp-json\/wp\/v2\/media?parent=300565"}],"wp:term":[{"taxonomy":"product_cat","embeddable":true,"href":"https:\/\/www.hobstop.ee\/lt\/wp-json\/wp\/v2\/product_cat?post=300565"},{"taxonomy":"product_tag","embeddable":true,"href":"https:\/\/www.hobstop.ee\/lt\/wp-json\/wp\/v2\/product_tag?post=300565"}],"curies":[{"name":"wp","href":"https:\/\/api.w.org\/{rel}","templated":true}]}}