{"id":311968,"date":"2018-06-28T14:15:23","date_gmt":"2018-06-28T11:15:23","guid":{"rendered":"https:\/\/sharks.ee\/vunder_2019\/lt\/product\/aliejiniai-dazu-rinkinys-sennelier-artist\/"},"modified":"2018-06-28T14:15:23","modified_gmt":"2018-06-28T11:15:23","slug":"aliejiniai-dazu-rinkinys-sennelier-artist","status":"publish","type":"product","link":"https:\/\/www.hobstop.ee\/lt\/produktas\/aliejiniai-dazu-rinkinys-sennelier-artist\/","title":{"rendered":"Aliejiniai da\u017e\u0173 rinkinys Sennelier Artist"},"content":{"rendered":"<p>\u201eSennelier\u201c aistra spalv\u0173 chemijai ir i\u0161sam\u016bs pigment\u0173 moksliniai tyrimai pad\u0117jo sukurti ypating\u0105 aliejini\u0173 da\u017e\u0173 gamybos proces\u0105, kuris naudojamas ilgus metus. \u201eSennelier\u201c naudoja tik pa\u010dius geriausius nat\u016bralius ir neorganinius pigmentus i\u0161 viso pasaulio. Gryni pigmentai yra labai l\u0117tai ir atsargiai sumalami iki itin smulkios tekst\u016bros. Kad b\u016bt\u0173 pasiekta did\u017eiausias atspalvio ry\u0161kumas ir blizgus satino spindesys, pigmentai sumai\u0161omi su maksimalios koncentracijos tradiciniu dygmin\u0173 aliejumi. Jausming\u0173 spalv\u0173 pigmentai turi unikali\u0105 sviestin\u0119 tekst\u016br\u0105 \u2013 \u0161i konsistencija pirmiausia buvo sukurta i\u0161rai\u0161kingam impresionist\u0173 tapytoj\u0173 stiliui, kurie XIX a. da\u017enai lank\u0117si \u201eSennelier\u201c parduotuv\u0117je. Kruop\u0161tus G. Senelier darbas, jo gausios \u017eini\u0173 apie pigmentus, spalvini\u0173 med\u017eiag\u0173 talentas ir bendradarbiavimas su Cezanne ir kitais meistrais, pad\u0117jo sukurti aliejini\u0173 da\u017e\u0173 palet\u0119, kuri greitai tapo kokyb\u0117s standartu. Naudojant greitesnius ir grie\u017etus metodus, i\u0161tobulintus per daugiau nei \u0161imt\u0105 met\u0173, dabar atnaujinti da\u017eai gaminami atid\u017eiai stebint Dominique Sennelier, kad atitikt\u0173 XXI-ojo am\u017eiaus meninink\u0173 reikalavimus. \u201eSennelier\u201c tradicijos dera su \u0161iuolaikini\u0173 meninink\u0173 poreikiais ir dabartin\u0117mis chemijos naujov\u0117mis. \u201eSennelier\u201c i\u0161did\u017eiai pristato naujos kartos aliejinius da\u017eus, profesionalams skirt\u0105 unikalios kokyb\u0117s i\u0161skirtini\u0173 da\u017e\u0173 kolekcij\u0105, kuri atnaujins j\u016bs\u0173 spalv\u0173 palet\u0119.<\/p>\n","protected":false},"excerpt":{"rendered":"<p>\u201eSennelier\u201c aistra spalv\u0173 chemijai ir i\u0161sam\u016bs pigment\u0173 moksliniai tyrimai pad\u0117jo sukurti ypating\u0105 aliejini\u0173 da\u017e\u0173 gamybos proces\u0105, kuris naudojamas ilgus metus. \u201eSennelier\u201c naudoja tik pa\u010dius geriausius nat\u016bralius ir neorganinius pigmentus i\u0161 viso pasaulio. Gryni pigmentai yra labai l\u0117tai ir atsargiai sumalami iki itin smulkios tekst\u016bros. Kad b\u016bt\u0173 pasiekta did\u017eiausias atspalvio ry\u0161kumas ir blizgus satino spindesys, pigmentai sumai\u0161omi su maksimalios koncentracijos tradiciniu dygmin\u0173 aliejumi. Jausming\u0173 spalv\u0173 pigmentai turi unikali\u0105 sviestin\u0119 tekst\u016br\u0105 \u2013 \u0161i konsistencija pirmiausia buvo sukurta i\u0161rai\u0161kingam impresionist\u0173 tapytoj\u0173 stiliui, kurie XIX a. da\u017enai lank\u0117si \u201eSennelier\u201c parduotuv\u0117je. Kruop\u0161tus G. Senelier darbas, jo gausios \u017eini\u0173 apie pigmentus, spalvini\u0173 med\u017eiag\u0173 talentas ir bendradarbiavimas su Cezanne ir kitais meistrais, pad\u0117jo sukurti aliejini\u0173 da\u017e\u0173 palet\u0119, kuri greitai tapo kokyb\u0117s standartu. Naudojant greitesnius ir grie\u017etus metodus, i\u0161tobulintus per daugiau nei \u0161imt\u0105 met\u0173, dabar atnaujinti da\u017eai gaminami atid\u017eiai stebint Dominique Sennelier, kad atitikt\u0173 XXI-ojo am\u017eiaus meninink\u0173 reikalavimus. \u201eSennelier\u201c tradicijos dera su \u0161iuolaikini\u0173 meninink\u0173 poreikiais ir dabartin\u0117mis chemijos naujov\u0117mis. \u201eSennelier\u201c i\u0161did\u017eiai pristato naujos kartos aliejinius da\u017eus, profesionalams skirt\u0105 unikalios kokyb\u0117s i\u0161skirtini\u0173 da\u017e\u0173 kolekcij\u0105, kuri atnaujins j\u016bs\u0173 spalv\u0173 palet\u0119.<\/p>\n","protected":false},"featured_media":312448,"comment_status":"closed","ping_status":"closed","template":"","meta":{"_acf_changed":false,"ep_exclude_from_search":false},"product_cat":[18166,16124,17981],"product_tag":[],"class_list":{"0":"post-311968","1":"product","2":"type-product","3":"status-publish","4":"has-post-thumbnail","6":"product_cat-aliejiniai-dazai","7":"product_cat-dailes-prekes","8":"product_cat-dazai-ir-priedai-tapybai","10":"first","11":"instock","12":"taxable","13":"shipping-taxable","14":"product-type-simple"},"acf":[],"yoast_head":"<!-- This site is optimized with the Yoast SEO plugin v24.1 - https:\/\/yoast.com\/wordpress\/plugins\/seo\/ -->\n<title>Aliejiniai da\u017e\u0173 rinkinys Sennelier Artist &#8211; Skizze<\/title>\n<meta name=\"robots\" content=\"noindex, follow, max-snippet:-1, max-image-preview:large, max-video-preview:-1\" \/>\n<meta property=\"og:locale\" content=\"lt_LT\" \/>\n<meta property=\"og:type\" content=\"article\" \/>\n<meta property=\"og:title\" content=\"Aliejiniai da\u017e\u0173 rinkinys Sennelier Artist &#8211; Skizze\" \/>\n<meta property=\"og:description\" content=\"\u201eSennelier\u201c aistra spalv\u0173 chemijai ir i\u0161sam\u016bs pigment\u0173 moksliniai tyrimai pad\u0117jo sukurti ypating\u0105 aliejini\u0173 da\u017e\u0173 gamybos proces\u0105, kuris naudojamas ilgus metus. \u201eSennelier\u201c naudoja tik pa\u010dius geriausius nat\u016bralius ir neorganinius pigmentus i\u0161 viso pasaulio. Gryni pigmentai yra labai l\u0117tai ir atsargiai sumalami iki itin smulkios tekst\u016bros. Kad b\u016bt\u0173 pasiekta did\u017eiausias atspalvio ry\u0161kumas ir blizgus satino spindesys, pigmentai sumai\u0161omi su maksimalios koncentracijos tradiciniu dygmin\u0173 aliejumi. Jausming\u0173 spalv\u0173 pigmentai turi unikali\u0105 sviestin\u0119 tekst\u016br\u0105 \u2013 \u0161i konsistencija pirmiausia buvo sukurta i\u0161rai\u0161kingam impresionist\u0173 tapytoj\u0173 stiliui, kurie XIX a. da\u017enai lank\u0117si \u201eSennelier\u201c parduotuv\u0117je. Kruop\u0161tus G. Senelier darbas, jo gausios \u017eini\u0173 apie pigmentus, spalvini\u0173 med\u017eiag\u0173 talentas ir bendradarbiavimas su Cezanne ir kitais meistrais, pad\u0117jo sukurti aliejini\u0173 da\u017e\u0173 palet\u0119, kuri greitai tapo kokyb\u0117s standartu. Naudojant greitesnius ir grie\u017etus metodus, i\u0161tobulintus per daugiau nei \u0161imt\u0105 met\u0173, dabar atnaujinti da\u017eai gaminami atid\u017eiai stebint Dominique Sennelier, kad atitikt\u0173 XXI-ojo am\u017eiaus meninink\u0173 reikalavimus. \u201eSennelier\u201c tradicijos dera su \u0161iuolaikini\u0173 meninink\u0173 poreikiais ir dabartin\u0117mis chemijos naujov\u0117mis. \u201eSennelier\u201c i\u0161did\u017eiai pristato naujos kartos aliejinius da\u017eus, profesionalams skirt\u0105 unikalios kokyb\u0117s i\u0161skirtini\u0173 da\u017e\u0173 kolekcij\u0105, kuri atnaujins j\u016bs\u0173 spalv\u0173 palet\u0119.\" \/>\n<meta property=\"og:url\" content=\"https:\/\/www.hobstop.ee\/lt\/produktas\/aliejiniai-dazu-rinkinys-sennelier-artist\/\" \/>\n<meta property=\"og:site_name\" content=\"Skizze\" \/>\n<meta property=\"article:publisher\" content=\"http:\/\/www.facebook.com\/VunderSkizze\" \/>\n<meta property=\"og:image\" content=\"https:\/\/hobstop.ee\/media\/4769.jpg\" \/>\n\t<meta property=\"og:image:width\" content=\"1024\" \/>\n\t<meta property=\"og:image:height\" content=\"768\" \/>\n\t<meta property=\"og:image:type\" content=\"image\/jpeg\" \/>\n<meta name=\"twitter:card\" content=\"summary_large_image\" \/>\n<meta name=\"twitter:label1\" content=\"Est. reading time\" \/>\n\t<meta name=\"twitter:data1\" content=\"1 minute\" \/>\n<script type=\"application\/ld+json\" class=\"yoast-schema-graph\">{\"@context\":\"https:\/\/schema.org\",\"@graph\":[{\"@type\":\"WebPage\",\"@id\":\"https:\/\/www.hobstop.ee\/lt\/produktas\/aliejiniai-dazu-rinkinys-sennelier-artist\/\",\"url\":\"https:\/\/www.hobstop.ee\/lt\/produktas\/aliejiniai-dazu-rinkinys-sennelier-artist\/\",\"name\":\"Aliejiniai da\u017e\u0173 rinkinys Sennelier Artist &#8211; Skizze\",\"isPartOf\":{\"@id\":\"https:\/\/hobstop.ee\/lt\/#website\"},\"primaryImageOfPage\":{\"@id\":\"https:\/\/www.hobstop.ee\/lt\/produktas\/aliejiniai-dazu-rinkinys-sennelier-artist\/#primaryimage\"},\"image\":{\"@id\":\"https:\/\/www.hobstop.ee\/lt\/produktas\/aliejiniai-dazu-rinkinys-sennelier-artist\/#primaryimage\"},\"thumbnailUrl\":\"https:\/\/www.hobstop.ee\/media\/4769.jpg\",\"datePublished\":\"2018-06-28T11:15:23+00:00\",\"dateModified\":\"2018-06-28T11:15:23+00:00\",\"breadcrumb\":{\"@id\":\"https:\/\/www.hobstop.ee\/lt\/produktas\/aliejiniai-dazu-rinkinys-sennelier-artist\/#breadcrumb\"},\"inLanguage\":\"lt\",\"potentialAction\":[{\"@type\":\"ReadAction\",\"target\":[\"https:\/\/www.hobstop.ee\/lt\/produktas\/aliejiniai-dazu-rinkinys-sennelier-artist\/\"]}]},{\"@type\":\"ImageObject\",\"inLanguage\":\"lt\",\"@id\":\"https:\/\/www.hobstop.ee\/lt\/produktas\/aliejiniai-dazu-rinkinys-sennelier-artist\/#primaryimage\",\"url\":\"https:\/\/www.hobstop.ee\/media\/4769.jpg\",\"contentUrl\":\"https:\/\/www.hobstop.ee\/media\/4769.jpg\",\"width\":1024,\"height\":768},{\"@type\":\"BreadcrumbList\",\"@id\":\"https:\/\/www.hobstop.ee\/lt\/produktas\/aliejiniai-dazu-rinkinys-sennelier-artist\/#breadcrumb\",\"itemListElement\":[{\"@type\":\"ListItem\",\"position\":1,\"name\":\"Avaleht\",\"item\":\"https:\/\/hobstop.ee\/lt\/\"},{\"@type\":\"ListItem\",\"position\":2,\"name\":\"Parduotuv\u0117\",\"item\":\"https:\/\/hobstop.ee\/lt\/parduotuve\/\"},{\"@type\":\"ListItem\",\"position\":3,\"name\":\"Aliejiniai da\u017e\u0173 rinkinys Sennelier Artist\"}]},{\"@type\":\"WebSite\",\"@id\":\"https:\/\/hobstop.ee\/lt\/#website\",\"url\":\"https:\/\/hobstop.ee\/lt\/\",\"name\":\"Skizze\",\"description\":\"Dail\u0117s, pom\u0117gi\u0173 ir mokykliniai reikm\u0117nys\",\"publisher\":{\"@id\":\"https:\/\/hobstop.ee\/lt\/#organization\"},\"potentialAction\":[{\"@type\":\"SearchAction\",\"target\":{\"@type\":\"EntryPoint\",\"urlTemplate\":\"https:\/\/hobstop.ee\/lt\/?s={search_term_string}\"},\"query-input\":{\"@type\":\"PropertyValueSpecification\",\"valueRequired\":true,\"valueName\":\"search_term_string\"}}],\"inLanguage\":\"lt\"},{\"@type\":\"Organization\",\"@id\":\"https:\/\/hobstop.ee\/lt\/#organization\",\"name\":\"Vunder AS\",\"url\":\"https:\/\/hobstop.ee\/lt\/\",\"logo\":{\"@type\":\"ImageObject\",\"inLanguage\":\"lt\",\"@id\":\"https:\/\/hobstop.ee\/lt\/#\/schema\/logo\/image\/\",\"url\":\"https:\/\/hobstop.ee\/media\/vunder-logo.png\",\"contentUrl\":\"https:\/\/hobstop.ee\/media\/vunder-logo.png\",\"width\":127,\"height\":55,\"caption\":\"Vunder AS\"},\"image\":{\"@id\":\"https:\/\/hobstop.ee\/lt\/#\/schema\/logo\/image\/\"},\"sameAs\":[\"http:\/\/www.facebook.com\/VunderSkizze\"]}]}<\/script>\n<!-- \/ Yoast SEO plugin. -->","yoast_head_json":{"title":"Aliejiniai da\u017e\u0173 rinkinys Sennelier Artist &#8211; Skizze","robots":{"index":"noindex","follow":"follow","max-snippet":"max-snippet:-1","max-image-preview":"max-image-preview:large","max-video-preview":"max-video-preview:-1"},"og_locale":"lt_LT","og_type":"article","og_title":"Aliejiniai da\u017e\u0173 rinkinys Sennelier Artist &#8211; Skizze","og_description":"\u201eSennelier\u201c aistra spalv\u0173 chemijai ir i\u0161sam\u016bs pigment\u0173 moksliniai tyrimai pad\u0117jo sukurti ypating\u0105 aliejini\u0173 da\u017e\u0173 gamybos proces\u0105, kuris naudojamas ilgus metus. \u201eSennelier\u201c naudoja tik pa\u010dius geriausius nat\u016bralius ir neorganinius pigmentus i\u0161 viso pasaulio. Gryni pigmentai yra labai l\u0117tai ir atsargiai sumalami iki itin smulkios tekst\u016bros. Kad b\u016bt\u0173 pasiekta did\u017eiausias atspalvio ry\u0161kumas ir blizgus satino spindesys, pigmentai sumai\u0161omi su maksimalios koncentracijos tradiciniu dygmin\u0173 aliejumi. Jausming\u0173 spalv\u0173 pigmentai turi unikali\u0105 sviestin\u0119 tekst\u016br\u0105 \u2013 \u0161i konsistencija pirmiausia buvo sukurta i\u0161rai\u0161kingam impresionist\u0173 tapytoj\u0173 stiliui, kurie XIX a. da\u017enai lank\u0117si \u201eSennelier\u201c parduotuv\u0117je. Kruop\u0161tus G. Senelier darbas, jo gausios \u017eini\u0173 apie pigmentus, spalvini\u0173 med\u017eiag\u0173 talentas ir bendradarbiavimas su Cezanne ir kitais meistrais, pad\u0117jo sukurti aliejini\u0173 da\u017e\u0173 palet\u0119, kuri greitai tapo kokyb\u0117s standartu. Naudojant greitesnius ir grie\u017etus metodus, i\u0161tobulintus per daugiau nei \u0161imt\u0105 met\u0173, dabar atnaujinti da\u017eai gaminami atid\u017eiai stebint Dominique Sennelier, kad atitikt\u0173 XXI-ojo am\u017eiaus meninink\u0173 reikalavimus. \u201eSennelier\u201c tradicijos dera su \u0161iuolaikini\u0173 meninink\u0173 poreikiais ir dabartin\u0117mis chemijos naujov\u0117mis. \u201eSennelier\u201c i\u0161did\u017eiai pristato naujos kartos aliejinius da\u017eus, profesionalams skirt\u0105 unikalios kokyb\u0117s i\u0161skirtini\u0173 da\u017e\u0173 kolekcij\u0105, kuri atnaujins j\u016bs\u0173 spalv\u0173 palet\u0119.","og_url":"https:\/\/www.hobstop.ee\/lt\/produktas\/aliejiniai-dazu-rinkinys-sennelier-artist\/","og_site_name":"Skizze","article_publisher":"http:\/\/www.facebook.com\/VunderSkizze","og_image":[{"width":1024,"height":768,"url":"https:\/\/hobstop.ee\/media\/4769.jpg","type":"image\/jpeg"}],"twitter_card":"summary_large_image","twitter_misc":{"Est. reading time":"1 minute"},"schema":{"@context":"https:\/\/schema.org","@graph":[{"@type":"WebPage","@id":"https:\/\/www.hobstop.ee\/lt\/produktas\/aliejiniai-dazu-rinkinys-sennelier-artist\/","url":"https:\/\/www.hobstop.ee\/lt\/produktas\/aliejiniai-dazu-rinkinys-sennelier-artist\/","name":"Aliejiniai da\u017e\u0173 rinkinys Sennelier Artist &#8211; Skizze","isPartOf":{"@id":"https:\/\/hobstop.ee\/lt\/#website"},"primaryImageOfPage":{"@id":"https:\/\/www.hobstop.ee\/lt\/produktas\/aliejiniai-dazu-rinkinys-sennelier-artist\/#primaryimage"},"image":{"@id":"https:\/\/www.hobstop.ee\/lt\/produktas\/aliejiniai-dazu-rinkinys-sennelier-artist\/#primaryimage"},"thumbnailUrl":"https:\/\/www.hobstop.ee\/media\/4769.jpg","datePublished":"2018-06-28T11:15:23+00:00","dateModified":"2018-06-28T11:15:23+00:00","breadcrumb":{"@id":"https:\/\/www.hobstop.ee\/lt\/produktas\/aliejiniai-dazu-rinkinys-sennelier-artist\/#breadcrumb"},"inLanguage":"lt","potentialAction":[{"@type":"ReadAction","target":["https:\/\/www.hobstop.ee\/lt\/produktas\/aliejiniai-dazu-rinkinys-sennelier-artist\/"]}]},{"@type":"ImageObject","inLanguage":"lt","@id":"https:\/\/www.hobstop.ee\/lt\/produktas\/aliejiniai-dazu-rinkinys-sennelier-artist\/#primaryimage","url":"https:\/\/www.hobstop.ee\/media\/4769.jpg","contentUrl":"https:\/\/www.hobstop.ee\/media\/4769.jpg","width":1024,"height":768},{"@type":"BreadcrumbList","@id":"https:\/\/www.hobstop.ee\/lt\/produktas\/aliejiniai-dazu-rinkinys-sennelier-artist\/#breadcrumb","itemListElement":[{"@type":"ListItem","position":1,"name":"Avaleht","item":"https:\/\/hobstop.ee\/lt\/"},{"@type":"ListItem","position":2,"name":"Parduotuv\u0117","item":"https:\/\/hobstop.ee\/lt\/parduotuve\/"},{"@type":"ListItem","position":3,"name":"Aliejiniai da\u017e\u0173 rinkinys Sennelier Artist"}]},{"@type":"WebSite","@id":"https:\/\/hobstop.ee\/lt\/#website","url":"https:\/\/hobstop.ee\/lt\/","name":"Skizze","description":"Dail\u0117s, pom\u0117gi\u0173 ir mokykliniai reikm\u0117nys","publisher":{"@id":"https:\/\/hobstop.ee\/lt\/#organization"},"potentialAction":[{"@type":"SearchAction","target":{"@type":"EntryPoint","urlTemplate":"https:\/\/hobstop.ee\/lt\/?s={search_term_string}"},"query-input":{"@type":"PropertyValueSpecification","valueRequired":true,"valueName":"search_term_string"}}],"inLanguage":"lt"},{"@type":"Organization","@id":"https:\/\/hobstop.ee\/lt\/#organization","name":"Vunder AS","url":"https:\/\/hobstop.ee\/lt\/","logo":{"@type":"ImageObject","inLanguage":"lt","@id":"https:\/\/hobstop.ee\/lt\/#\/schema\/logo\/image\/","url":"https:\/\/hobstop.ee\/media\/vunder-logo.png","contentUrl":"https:\/\/hobstop.ee\/media\/vunder-logo.png","width":127,"height":55,"caption":"Vunder AS"},"image":{"@id":"https:\/\/hobstop.ee\/lt\/#\/schema\/logo\/image\/"},"sameAs":["http:\/\/www.facebook.com\/VunderSkizze"]}]}},"_links":{"self":[{"href":"https:\/\/www.hobstop.ee\/lt\/wp-json\/wp\/v2\/product\/311968","targetHints":{"allow":["GET"]}}],"collection":[{"href":"https:\/\/www.hobstop.ee\/lt\/wp-json\/wp\/v2\/product"}],"about":[{"href":"https:\/\/www.hobstop.ee\/lt\/wp-json\/wp\/v2\/types\/product"}],"replies":[{"embeddable":true,"href":"https:\/\/www.hobstop.ee\/lt\/wp-json\/wp\/v2\/comments?post=311968"}],"wp:featuredmedia":[{"embeddable":true,"href":"https:\/\/www.hobstop.ee\/lt\/wp-json\/wp\/v2\/media\/312448"}],"wp:attachment":[{"href":"https:\/\/www.hobstop.ee\/lt\/wp-json\/wp\/v2\/media?parent=311968"}],"wp:term":[{"taxonomy":"product_cat","embeddable":true,"href":"https:\/\/www.hobstop.ee\/lt\/wp-json\/wp\/v2\/product_cat?post=311968"},{"taxonomy":"product_tag","embeddable":true,"href":"https:\/\/www.hobstop.ee\/lt\/wp-json\/wp\/v2\/product_tag?post=311968"}],"curies":[{"name":"wp","href":"https:\/\/api.w.org\/{rel}","templated":true}]}}