{"id":339567,"date":"2019-11-20T12:40:05","date_gmt":"2019-11-20T10:40:11","guid":{"rendered":"https:\/\/sharks.ee\/vunder_2019\/product\/washi-dekoratyvi-lipni-juostele-mt-papier-tigre\/"},"modified":"2019-11-20T12:40:11","modified_gmt":"2019-11-20T10:40:11","slug":"washi-dekoratyvi-lipni-juostele-mt-papier-tigre","status":"publish","type":"product","link":"https:\/\/www.hobstop.ee\/lt\/produktas\/washi-dekoratyvi-lipni-juostele-mt-papier-tigre\/","title":{"rendered":"Washi dekoratyvi lipni juostel\u0117 mt Papier Tigre"},"content":{"rendered":"<p>Japoni\u0161ka lipnia dekoratyvine juostele \u201eWashi\u201c galite dekoruoti visk\u0105, k\u0105 tik panor\u0117j\u0119 \u2013 d\u0117\u017eutes ar atvirukus, indus ar baldus. Tinka daugeliui pavir\u0161i\u0173, pavyzd\u017eiui, popieriui, medienai, metalui, porcelianui, stiklui ir kt. Pramoniniu b\u016bdu pagaminta lipni juostel\u0117 yra itin kokybi\u0161ka, tvirta ir plona. Labai tvirtai prilimpa, ta\u010diau yra lengvai atpl\u0117\u0161iama, nepalieka klij\u0173 \u017eym\u0117s.<br \/>\nBendrov\u0117 PAPIER TIGRE buvo \u012fkurta 2011 m. Ji yra \u012fsik\u016brusi Pary\u017eiaus k\u016brybiniame centre \u2013 3-ioje apylink\u0117je, adresu rue des Filles du Calvaire 5. PAPIER TIGRE kuria, gamina ir parduoda vis did\u0117jant\u012f j\u016bs\u0173 stalui, namams ir korespondencijai skirt\u0173 gra\u017ei\u0173 aksesuar\u0173 asortiment\u0105. Ji didel\u012f d\u0117mes\u012f skiria spalvoms, ra\u0161tams, ornamentams, med\u017eiagoms bei naujoms technologijoms ir bando juos visus derinti savo gaminiuose. Viskas yra gaminama Pary\u017eiuje \u012fsik\u016brusiame biure \u2013 bendrov\u0117 visus reikalus \u2013 nuo id\u0117jos iki pardavimo \u2013 tvarko pati. PAPIER TIGRE ypating\u0105 d\u0117mes\u012f kreipia \u012f med\u017eiag\u0173 kilm\u0119 ir j\u0173 kokyb\u0119. Ji stengiasi kuo labiau priart\u0117ti prie kasdienio m\u016bs\u0173 gyvenimo, ie\u0161koti naujo \u012fkv\u0117pimo Pary\u017eiuje ir suteikti gyvyb\u0117s naujoms id\u0117joms.<\/p>\n","protected":false},"excerpt":{"rendered":"<p>Japoni\u0161ka lipnia dekoratyvine juostele \u201eWashi\u201c galite dekoruoti visk\u0105, k\u0105 tik panor\u0117j\u0119 \u2013 d\u0117\u017eutes ar atvirukus, indus ar baldus. Tinka daugeliui pavir\u0161i\u0173, pavyzd\u017eiui, popieriui, medienai, metalui, porcelianui, stiklui ir kt. Pramoniniu b\u016bdu pagaminta lipni juostel\u0117 yra itin kokybi\u0161ka, tvirta ir plona. Labai tvirtai prilimpa, ta\u010diau yra lengvai atpl\u0117\u0161iama, nepalieka klij\u0173 \u017eym\u0117s. Bendrov\u0117 PAPIER TIGRE buvo \u012fkurta 2011 m. Ji yra \u012fsik\u016brusi Pary\u017eiaus k\u016brybiniame centre \u2013 3-ioje apylink\u0117je, adresu rue des Filles du Calvaire 5. PAPIER TIGRE kuria, gamina ir parduoda vis did\u0117jant\u012f j\u016bs\u0173 stalui, namams ir korespondencijai skirt\u0173 gra\u017ei\u0173 aksesuar\u0173 asortiment\u0105. Ji didel\u012f d\u0117mes\u012f skiria spalvoms, ra\u0161tams, ornamentams, med\u017eiagoms bei naujoms technologijoms ir bando juos visus derinti savo gaminiuose. Viskas yra gaminama Pary\u017eiuje \u012fsik\u016brusiame biure \u2013 bendrov\u0117 visus reikalus \u2013 nuo id\u0117jos iki pardavimo \u2013 tvarko pati. PAPIER TIGRE ypating\u0105 d\u0117mes\u012f kreipia \u012f med\u017eiag\u0173 kilm\u0119 ir j\u0173 kokyb\u0119. Ji stengiasi kuo labiau priart\u0117ti prie kasdienio m\u016bs\u0173 gyvenimo, ie\u0161koti naujo \u012fkv\u0117pimo Pary\u017eiuje ir suteikti gyvyb\u0117s naujoms id\u0117joms.<\/p>\n","protected":false},"featured_media":353244,"comment_status":"closed","ping_status":"closed","template":"","meta":{"_acf_changed":false,"ep_exclude_from_search":false},"product_cat":[20361],"product_tag":[],"class_list":{"0":"post-339567","1":"product","2":"type-product","3":"status-publish","4":"has-post-thumbnail","6":"product_cat-maaramata","8":"first","9":"instock","10":"taxable","11":"shipping-taxable","12":"product-type-simple"},"acf":[],"yoast_head":"<!-- This site is optimized with the Yoast SEO plugin v24.1 - https:\/\/yoast.com\/wordpress\/plugins\/seo\/ -->\n<title>Washi dekoratyvi lipni juostel\u0117 mt Papier Tigre &#8211; Skizze<\/title>\n<meta name=\"robots\" content=\"noindex, follow, max-snippet:-1, max-image-preview:large, max-video-preview:-1\" \/>\n<meta property=\"og:locale\" content=\"lt_LT\" \/>\n<meta property=\"og:type\" content=\"article\" \/>\n<meta property=\"og:title\" content=\"Washi dekoratyvi lipni juostel\u0117 mt Papier Tigre &#8211; Skizze\" \/>\n<meta property=\"og:description\" content=\"Japoni\u0161ka lipnia dekoratyvine juostele \u201eWashi\u201c galite dekoruoti visk\u0105, k\u0105 tik panor\u0117j\u0119 \u2013 d\u0117\u017eutes ar atvirukus, indus ar baldus. Tinka daugeliui pavir\u0161i\u0173, pavyzd\u017eiui, popieriui, medienai, metalui, porcelianui, stiklui ir kt. Pramoniniu b\u016bdu pagaminta lipni juostel\u0117 yra itin kokybi\u0161ka, tvirta ir plona. Labai tvirtai prilimpa, ta\u010diau yra lengvai atpl\u0117\u0161iama, nepalieka klij\u0173 \u017eym\u0117s. Bendrov\u0117 PAPIER TIGRE buvo \u012fkurta 2011 m. Ji yra \u012fsik\u016brusi Pary\u017eiaus k\u016brybiniame centre \u2013 3-ioje apylink\u0117je, adresu rue des Filles du Calvaire 5. PAPIER TIGRE kuria, gamina ir parduoda vis did\u0117jant\u012f j\u016bs\u0173 stalui, namams ir korespondencijai skirt\u0173 gra\u017ei\u0173 aksesuar\u0173 asortiment\u0105. Ji didel\u012f d\u0117mes\u012f skiria spalvoms, ra\u0161tams, ornamentams, med\u017eiagoms bei naujoms technologijoms ir bando juos visus derinti savo gaminiuose. Viskas yra gaminama Pary\u017eiuje \u012fsik\u016brusiame biure \u2013 bendrov\u0117 visus reikalus \u2013 nuo id\u0117jos iki pardavimo \u2013 tvarko pati. PAPIER TIGRE ypating\u0105 d\u0117mes\u012f kreipia \u012f med\u017eiag\u0173 kilm\u0119 ir j\u0173 kokyb\u0119. Ji stengiasi kuo labiau priart\u0117ti prie kasdienio m\u016bs\u0173 gyvenimo, ie\u0161koti naujo \u012fkv\u0117pimo Pary\u017eiuje ir suteikti gyvyb\u0117s naujoms id\u0117joms.\" \/>\n<meta property=\"og:url\" content=\"https:\/\/www.hobstop.ee\/lt\/produktas\/washi-dekoratyvi-lipni-juostele-mt-papier-tigre\/\" \/>\n<meta property=\"og:site_name\" content=\"Skizze\" \/>\n<meta property=\"article:publisher\" content=\"http:\/\/www.facebook.com\/VunderSkizze\" \/>\n<meta property=\"og:image\" content=\"https:\/\/www.hobstop.ee\/media\/5042.jpg\" \/>\n\t<meta property=\"og:image:width\" content=\"1024\" \/>\n\t<meta property=\"og:image:height\" content=\"768\" \/>\n\t<meta property=\"og:image:type\" content=\"image\/jpeg\" \/>\n<meta name=\"twitter:card\" content=\"summary_large_image\" \/>\n<meta name=\"twitter:label1\" content=\"Est. reading time\" \/>\n\t<meta name=\"twitter:data1\" content=\"1 minute\" \/>\n<script type=\"application\/ld+json\" class=\"yoast-schema-graph\">{\"@context\":\"https:\/\/schema.org\",\"@graph\":[{\"@type\":\"WebPage\",\"@id\":\"https:\/\/www.hobstop.ee\/lt\/produktas\/washi-dekoratyvi-lipni-juostele-mt-papier-tigre\/\",\"url\":\"https:\/\/www.hobstop.ee\/lt\/produktas\/washi-dekoratyvi-lipni-juostele-mt-papier-tigre\/\",\"name\":\"Washi dekoratyvi lipni juostel\u0117 mt Papier Tigre &#8211; Skizze\",\"isPartOf\":{\"@id\":\"https:\/\/www.hobstop.ee\/lt\/#website\"},\"primaryImageOfPage\":{\"@id\":\"https:\/\/www.hobstop.ee\/lt\/produktas\/washi-dekoratyvi-lipni-juostele-mt-papier-tigre\/#primaryimage\"},\"image\":{\"@id\":\"https:\/\/www.hobstop.ee\/lt\/produktas\/washi-dekoratyvi-lipni-juostele-mt-papier-tigre\/#primaryimage\"},\"thumbnailUrl\":\"https:\/\/www.hobstop.ee\/media\/5042.jpg\",\"datePublished\":\"2019-11-20T10:40:11+00:00\",\"dateModified\":\"2019-11-20T10:40:11+00:00\",\"breadcrumb\":{\"@id\":\"https:\/\/www.hobstop.ee\/lt\/produktas\/washi-dekoratyvi-lipni-juostele-mt-papier-tigre\/#breadcrumb\"},\"inLanguage\":\"lt\",\"potentialAction\":[{\"@type\":\"ReadAction\",\"target\":[\"https:\/\/www.hobstop.ee\/lt\/produktas\/washi-dekoratyvi-lipni-juostele-mt-papier-tigre\/\"]}]},{\"@type\":\"ImageObject\",\"inLanguage\":\"lt\",\"@id\":\"https:\/\/www.hobstop.ee\/lt\/produktas\/washi-dekoratyvi-lipni-juostele-mt-papier-tigre\/#primaryimage\",\"url\":\"https:\/\/www.hobstop.ee\/media\/5042.jpg\",\"contentUrl\":\"https:\/\/www.hobstop.ee\/media\/5042.jpg\",\"width\":1024,\"height\":768},{\"@type\":\"BreadcrumbList\",\"@id\":\"https:\/\/www.hobstop.ee\/lt\/produktas\/washi-dekoratyvi-lipni-juostele-mt-papier-tigre\/#breadcrumb\",\"itemListElement\":[{\"@type\":\"ListItem\",\"position\":1,\"name\":\"Avaleht\",\"item\":\"https:\/\/www.hobstop.ee\/lt\/\"},{\"@type\":\"ListItem\",\"position\":2,\"name\":\"Parduotuv\u0117\",\"item\":\"https:\/\/www.hobstop.ee\/lt\/parduotuve\/\"},{\"@type\":\"ListItem\",\"position\":3,\"name\":\"Washi dekoratyvi lipni juostel\u0117 mt Papier Tigre\"}]},{\"@type\":\"WebSite\",\"@id\":\"https:\/\/www.hobstop.ee\/lt\/#website\",\"url\":\"https:\/\/www.hobstop.ee\/lt\/\",\"name\":\"Skizze\",\"description\":\"Dail\u0117s, pom\u0117gi\u0173 ir mokykliniai reikm\u0117nys\",\"publisher\":{\"@id\":\"https:\/\/www.hobstop.ee\/lt\/#organization\"},\"potentialAction\":[{\"@type\":\"SearchAction\",\"target\":{\"@type\":\"EntryPoint\",\"urlTemplate\":\"https:\/\/www.hobstop.ee\/lt\/?s={search_term_string}\"},\"query-input\":{\"@type\":\"PropertyValueSpecification\",\"valueRequired\":true,\"valueName\":\"search_term_string\"}}],\"inLanguage\":\"lt\"},{\"@type\":\"Organization\",\"@id\":\"https:\/\/www.hobstop.ee\/lt\/#organization\",\"name\":\"Vunder AS\",\"url\":\"https:\/\/www.hobstop.ee\/lt\/\",\"logo\":{\"@type\":\"ImageObject\",\"inLanguage\":\"lt\",\"@id\":\"https:\/\/www.hobstop.ee\/lt\/#\/schema\/logo\/image\/\",\"url\":\"https:\/\/hobstop.ee\/media\/vunder-logo.png\",\"contentUrl\":\"https:\/\/hobstop.ee\/media\/vunder-logo.png\",\"width\":127,\"height\":55,\"caption\":\"Vunder AS\"},\"image\":{\"@id\":\"https:\/\/www.hobstop.ee\/lt\/#\/schema\/logo\/image\/\"},\"sameAs\":[\"http:\/\/www.facebook.com\/VunderSkizze\"]}]}<\/script>\n<!-- \/ Yoast SEO plugin. -->","yoast_head_json":{"title":"Washi dekoratyvi lipni juostel\u0117 mt Papier Tigre &#8211; Skizze","robots":{"index":"noindex","follow":"follow","max-snippet":"max-snippet:-1","max-image-preview":"max-image-preview:large","max-video-preview":"max-video-preview:-1"},"og_locale":"lt_LT","og_type":"article","og_title":"Washi dekoratyvi lipni juostel\u0117 mt Papier Tigre &#8211; Skizze","og_description":"Japoni\u0161ka lipnia dekoratyvine juostele \u201eWashi\u201c galite dekoruoti visk\u0105, k\u0105 tik panor\u0117j\u0119 \u2013 d\u0117\u017eutes ar atvirukus, indus ar baldus. Tinka daugeliui pavir\u0161i\u0173, pavyzd\u017eiui, popieriui, medienai, metalui, porcelianui, stiklui ir kt. Pramoniniu b\u016bdu pagaminta lipni juostel\u0117 yra itin kokybi\u0161ka, tvirta ir plona. Labai tvirtai prilimpa, ta\u010diau yra lengvai atpl\u0117\u0161iama, nepalieka klij\u0173 \u017eym\u0117s. Bendrov\u0117 PAPIER TIGRE buvo \u012fkurta 2011 m. Ji yra \u012fsik\u016brusi Pary\u017eiaus k\u016brybiniame centre \u2013 3-ioje apylink\u0117je, adresu rue des Filles du Calvaire 5. PAPIER TIGRE kuria, gamina ir parduoda vis did\u0117jant\u012f j\u016bs\u0173 stalui, namams ir korespondencijai skirt\u0173 gra\u017ei\u0173 aksesuar\u0173 asortiment\u0105. Ji didel\u012f d\u0117mes\u012f skiria spalvoms, ra\u0161tams, ornamentams, med\u017eiagoms bei naujoms technologijoms ir bando juos visus derinti savo gaminiuose. Viskas yra gaminama Pary\u017eiuje \u012fsik\u016brusiame biure \u2013 bendrov\u0117 visus reikalus \u2013 nuo id\u0117jos iki pardavimo \u2013 tvarko pati. PAPIER TIGRE ypating\u0105 d\u0117mes\u012f kreipia \u012f med\u017eiag\u0173 kilm\u0119 ir j\u0173 kokyb\u0119. Ji stengiasi kuo labiau priart\u0117ti prie kasdienio m\u016bs\u0173 gyvenimo, ie\u0161koti naujo \u012fkv\u0117pimo Pary\u017eiuje ir suteikti gyvyb\u0117s naujoms id\u0117joms.","og_url":"https:\/\/www.hobstop.ee\/lt\/produktas\/washi-dekoratyvi-lipni-juostele-mt-papier-tigre\/","og_site_name":"Skizze","article_publisher":"http:\/\/www.facebook.com\/VunderSkizze","og_image":[{"width":1024,"height":768,"url":"https:\/\/www.hobstop.ee\/media\/5042.jpg","type":"image\/jpeg"}],"twitter_card":"summary_large_image","twitter_misc":{"Est. reading time":"1 minute"},"schema":{"@context":"https:\/\/schema.org","@graph":[{"@type":"WebPage","@id":"https:\/\/www.hobstop.ee\/lt\/produktas\/washi-dekoratyvi-lipni-juostele-mt-papier-tigre\/","url":"https:\/\/www.hobstop.ee\/lt\/produktas\/washi-dekoratyvi-lipni-juostele-mt-papier-tigre\/","name":"Washi dekoratyvi lipni juostel\u0117 mt Papier Tigre &#8211; Skizze","isPartOf":{"@id":"https:\/\/www.hobstop.ee\/lt\/#website"},"primaryImageOfPage":{"@id":"https:\/\/www.hobstop.ee\/lt\/produktas\/washi-dekoratyvi-lipni-juostele-mt-papier-tigre\/#primaryimage"},"image":{"@id":"https:\/\/www.hobstop.ee\/lt\/produktas\/washi-dekoratyvi-lipni-juostele-mt-papier-tigre\/#primaryimage"},"thumbnailUrl":"https:\/\/www.hobstop.ee\/media\/5042.jpg","datePublished":"2019-11-20T10:40:11+00:00","dateModified":"2019-11-20T10:40:11+00:00","breadcrumb":{"@id":"https:\/\/www.hobstop.ee\/lt\/produktas\/washi-dekoratyvi-lipni-juostele-mt-papier-tigre\/#breadcrumb"},"inLanguage":"lt","potentialAction":[{"@type":"ReadAction","target":["https:\/\/www.hobstop.ee\/lt\/produktas\/washi-dekoratyvi-lipni-juostele-mt-papier-tigre\/"]}]},{"@type":"ImageObject","inLanguage":"lt","@id":"https:\/\/www.hobstop.ee\/lt\/produktas\/washi-dekoratyvi-lipni-juostele-mt-papier-tigre\/#primaryimage","url":"https:\/\/www.hobstop.ee\/media\/5042.jpg","contentUrl":"https:\/\/www.hobstop.ee\/media\/5042.jpg","width":1024,"height":768},{"@type":"BreadcrumbList","@id":"https:\/\/www.hobstop.ee\/lt\/produktas\/washi-dekoratyvi-lipni-juostele-mt-papier-tigre\/#breadcrumb","itemListElement":[{"@type":"ListItem","position":1,"name":"Avaleht","item":"https:\/\/www.hobstop.ee\/lt\/"},{"@type":"ListItem","position":2,"name":"Parduotuv\u0117","item":"https:\/\/www.hobstop.ee\/lt\/parduotuve\/"},{"@type":"ListItem","position":3,"name":"Washi dekoratyvi lipni juostel\u0117 mt Papier Tigre"}]},{"@type":"WebSite","@id":"https:\/\/www.hobstop.ee\/lt\/#website","url":"https:\/\/www.hobstop.ee\/lt\/","name":"Skizze","description":"Dail\u0117s, pom\u0117gi\u0173 ir mokykliniai reikm\u0117nys","publisher":{"@id":"https:\/\/www.hobstop.ee\/lt\/#organization"},"potentialAction":[{"@type":"SearchAction","target":{"@type":"EntryPoint","urlTemplate":"https:\/\/www.hobstop.ee\/lt\/?s={search_term_string}"},"query-input":{"@type":"PropertyValueSpecification","valueRequired":true,"valueName":"search_term_string"}}],"inLanguage":"lt"},{"@type":"Organization","@id":"https:\/\/www.hobstop.ee\/lt\/#organization","name":"Vunder AS","url":"https:\/\/www.hobstop.ee\/lt\/","logo":{"@type":"ImageObject","inLanguage":"lt","@id":"https:\/\/www.hobstop.ee\/lt\/#\/schema\/logo\/image\/","url":"https:\/\/hobstop.ee\/media\/vunder-logo.png","contentUrl":"https:\/\/hobstop.ee\/media\/vunder-logo.png","width":127,"height":55,"caption":"Vunder AS"},"image":{"@id":"https:\/\/www.hobstop.ee\/lt\/#\/schema\/logo\/image\/"},"sameAs":["http:\/\/www.facebook.com\/VunderSkizze"]}]}},"_links":{"self":[{"href":"https:\/\/www.hobstop.ee\/lt\/wp-json\/wp\/v2\/product\/339567","targetHints":{"allow":["GET"]}}],"collection":[{"href":"https:\/\/www.hobstop.ee\/lt\/wp-json\/wp\/v2\/product"}],"about":[{"href":"https:\/\/www.hobstop.ee\/lt\/wp-json\/wp\/v2\/types\/product"}],"replies":[{"embeddable":true,"href":"https:\/\/www.hobstop.ee\/lt\/wp-json\/wp\/v2\/comments?post=339567"}],"wp:featuredmedia":[{"embeddable":true,"href":"https:\/\/www.hobstop.ee\/lt\/wp-json\/wp\/v2\/media\/353244"}],"wp:attachment":[{"href":"https:\/\/www.hobstop.ee\/lt\/wp-json\/wp\/v2\/media?parent=339567"}],"wp:term":[{"taxonomy":"product_cat","embeddable":true,"href":"https:\/\/www.hobstop.ee\/lt\/wp-json\/wp\/v2\/product_cat?post=339567"},{"taxonomy":"product_tag","embeddable":true,"href":"https:\/\/www.hobstop.ee\/lt\/wp-json\/wp\/v2\/product_tag?post=339567"}],"curies":[{"name":"wp","href":"https:\/\/api.w.org\/{rel}","templated":true}]}}