{"id":342070,"date":"2021-08-06T15:29:14","date_gmt":"2021-08-06T12:29:14","guid":{"rendered":"https:\/\/sharks.ee\/vunder_2019\/?post_type=product&#038;p=342070"},"modified":"2021-08-06T15:29:14","modified_gmt":"2021-08-06T12:29:14","slug":"uzrasu-knygele-su-spirale-mg-vitality-fruits","status":"publish","type":"product","link":"https:\/\/www.hobstop.ee\/lt\/produktas\/uzrasu-knygele-su-spirale-mg-vitality-fruits\/","title":{"rendered":"U\u017era\u0161\u0173 knygel\u0117 su spirale M&#038;G Vitality Fruits"},"content":{"rendered":"<p>Ma\u017ea ir miela \u0161irdel\u0117s formos u\u017era\u0161\u0173 knygut\u0117. Spiralinis suri\u0161imas, 110 balt\u0173 lap\u0173.<\/p>\n","protected":false},"excerpt":{"rendered":"<p>Ma\u017ea ir miela \u0161irdel\u0117s formos u\u017era\u0161\u0173 knygut\u0117. Spiralinis suri\u0161imas, 110 balt\u0173 lap\u0173.<\/p>\n","protected":false},"featured_media":0,"comment_status":"closed","ping_status":"closed","template":"","meta":{"_acf_changed":false,"ep_exclude_from_search":false},"product_cat":[20361],"product_tag":[],"class_list":{"0":"post-342070","1":"product","2":"type-product","3":"status-publish","5":"product_cat-maaramata","7":"first","8":"instock","9":"taxable","10":"shipping-taxable","11":"product-type-simple"},"acf":[],"yoast_head":"<!-- This site is optimized with the Yoast SEO plugin v24.1 - https:\/\/yoast.com\/wordpress\/plugins\/seo\/ -->\n<title>U\u017era\u0161\u0173 knygel\u0117 su spirale M&amp;G Vitality Fruits &#8211; Skizze<\/title>\n<meta name=\"robots\" content=\"noindex, follow, max-snippet:-1, max-image-preview:large, max-video-preview:-1\" \/>\n<meta property=\"og:locale\" content=\"lt_LT\" \/>\n<meta property=\"og:type\" content=\"article\" \/>\n<meta property=\"og:title\" content=\"U\u017era\u0161\u0173 knygel\u0117 su spirale M&amp;G Vitality Fruits &#8211; Skizze\" \/>\n<meta property=\"og:description\" content=\"Ma\u017ea ir miela \u0161irdel\u0117s formos u\u017era\u0161\u0173 knygut\u0117. Spiralinis suri\u0161imas, 110 balt\u0173 lap\u0173.\" \/>\n<meta property=\"og:url\" content=\"https:\/\/www.hobstop.ee\/lt\/produktas\/uzrasu-knygele-su-spirale-mg-vitality-fruits\/\" \/>\n<meta property=\"og:site_name\" content=\"Skizze\" \/>\n<meta property=\"article:publisher\" content=\"http:\/\/www.facebook.com\/VunderSkizze\" \/>\n<meta name=\"twitter:card\" content=\"summary_large_image\" \/>\n<script type=\"application\/ld+json\" class=\"yoast-schema-graph\">{\"@context\":\"https:\/\/schema.org\",\"@graph\":[{\"@type\":\"WebPage\",\"@id\":\"https:\/\/www.hobstop.ee\/lt\/produktas\/uzrasu-knygele-su-spirale-mg-vitality-fruits\/\",\"url\":\"https:\/\/www.hobstop.ee\/lt\/produktas\/uzrasu-knygele-su-spirale-mg-vitality-fruits\/\",\"name\":\"U\u017era\u0161\u0173 knygel\u0117 su spirale M&G Vitality Fruits &#8211; Skizze\",\"isPartOf\":{\"@id\":\"https:\/\/www.hobstop.ee\/lt\/#website\"},\"datePublished\":\"2021-08-06T12:29:14+00:00\",\"dateModified\":\"2021-08-06T12:29:14+00:00\",\"breadcrumb\":{\"@id\":\"https:\/\/www.hobstop.ee\/lt\/produktas\/uzrasu-knygele-su-spirale-mg-vitality-fruits\/#breadcrumb\"},\"inLanguage\":\"lt\",\"potentialAction\":[{\"@type\":\"ReadAction\",\"target\":[\"https:\/\/www.hobstop.ee\/lt\/produktas\/uzrasu-knygele-su-spirale-mg-vitality-fruits\/\"]}]},{\"@type\":\"BreadcrumbList\",\"@id\":\"https:\/\/www.hobstop.ee\/lt\/produktas\/uzrasu-knygele-su-spirale-mg-vitality-fruits\/#breadcrumb\",\"itemListElement\":[{\"@type\":\"ListItem\",\"position\":1,\"name\":\"Avaleht\",\"item\":\"https:\/\/www.hobstop.ee\/lt\/\"},{\"@type\":\"ListItem\",\"position\":2,\"name\":\"Parduotuv\u0117\",\"item\":\"https:\/\/www.hobstop.ee\/lt\/parduotuve\/\"},{\"@type\":\"ListItem\",\"position\":3,\"name\":\"U\u017era\u0161\u0173 knygel\u0117 su spirale M&#038;G Vitality Fruits\"}]},{\"@type\":\"WebSite\",\"@id\":\"https:\/\/www.hobstop.ee\/lt\/#website\",\"url\":\"https:\/\/www.hobstop.ee\/lt\/\",\"name\":\"Skizze\",\"description\":\"Dail\u0117s, pom\u0117gi\u0173 ir mokykliniai reikm\u0117nys\",\"publisher\":{\"@id\":\"https:\/\/www.hobstop.ee\/lt\/#organization\"},\"potentialAction\":[{\"@type\":\"SearchAction\",\"target\":{\"@type\":\"EntryPoint\",\"urlTemplate\":\"https:\/\/www.hobstop.ee\/lt\/?s={search_term_string}\"},\"query-input\":{\"@type\":\"PropertyValueSpecification\",\"valueRequired\":true,\"valueName\":\"search_term_string\"}}],\"inLanguage\":\"lt\"},{\"@type\":\"Organization\",\"@id\":\"https:\/\/www.hobstop.ee\/lt\/#organization\",\"name\":\"Vunder AS\",\"url\":\"https:\/\/www.hobstop.ee\/lt\/\",\"logo\":{\"@type\":\"ImageObject\",\"inLanguage\":\"lt\",\"@id\":\"https:\/\/www.hobstop.ee\/lt\/#\/schema\/logo\/image\/\",\"url\":\"https:\/\/hobstop.ee\/media\/vunder-logo.png\",\"contentUrl\":\"https:\/\/hobstop.ee\/media\/vunder-logo.png\",\"width\":127,\"height\":55,\"caption\":\"Vunder AS\"},\"image\":{\"@id\":\"https:\/\/www.hobstop.ee\/lt\/#\/schema\/logo\/image\/\"},\"sameAs\":[\"http:\/\/www.facebook.com\/VunderSkizze\"]}]}<\/script>\n<!-- \/ Yoast SEO plugin. -->","yoast_head_json":{"title":"U\u017era\u0161\u0173 knygel\u0117 su spirale M&G Vitality Fruits &#8211; Skizze","robots":{"index":"noindex","follow":"follow","max-snippet":"max-snippet:-1","max-image-preview":"max-image-preview:large","max-video-preview":"max-video-preview:-1"},"og_locale":"lt_LT","og_type":"article","og_title":"U\u017era\u0161\u0173 knygel\u0117 su spirale M&G Vitality Fruits &#8211; Skizze","og_description":"Ma\u017ea ir miela \u0161irdel\u0117s formos u\u017era\u0161\u0173 knygut\u0117. Spiralinis suri\u0161imas, 110 balt\u0173 lap\u0173.","og_url":"https:\/\/www.hobstop.ee\/lt\/produktas\/uzrasu-knygele-su-spirale-mg-vitality-fruits\/","og_site_name":"Skizze","article_publisher":"http:\/\/www.facebook.com\/VunderSkizze","twitter_card":"summary_large_image","schema":{"@context":"https:\/\/schema.org","@graph":[{"@type":"WebPage","@id":"https:\/\/www.hobstop.ee\/lt\/produktas\/uzrasu-knygele-su-spirale-mg-vitality-fruits\/","url":"https:\/\/www.hobstop.ee\/lt\/produktas\/uzrasu-knygele-su-spirale-mg-vitality-fruits\/","name":"U\u017era\u0161\u0173 knygel\u0117 su spirale M&G Vitality Fruits &#8211; Skizze","isPartOf":{"@id":"https:\/\/www.hobstop.ee\/lt\/#website"},"datePublished":"2021-08-06T12:29:14+00:00","dateModified":"2021-08-06T12:29:14+00:00","breadcrumb":{"@id":"https:\/\/www.hobstop.ee\/lt\/produktas\/uzrasu-knygele-su-spirale-mg-vitality-fruits\/#breadcrumb"},"inLanguage":"lt","potentialAction":[{"@type":"ReadAction","target":["https:\/\/www.hobstop.ee\/lt\/produktas\/uzrasu-knygele-su-spirale-mg-vitality-fruits\/"]}]},{"@type":"BreadcrumbList","@id":"https:\/\/www.hobstop.ee\/lt\/produktas\/uzrasu-knygele-su-spirale-mg-vitality-fruits\/#breadcrumb","itemListElement":[{"@type":"ListItem","position":1,"name":"Avaleht","item":"https:\/\/www.hobstop.ee\/lt\/"},{"@type":"ListItem","position":2,"name":"Parduotuv\u0117","item":"https:\/\/www.hobstop.ee\/lt\/parduotuve\/"},{"@type":"ListItem","position":3,"name":"U\u017era\u0161\u0173 knygel\u0117 su spirale M&#038;G Vitality Fruits"}]},{"@type":"WebSite","@id":"https:\/\/www.hobstop.ee\/lt\/#website","url":"https:\/\/www.hobstop.ee\/lt\/","name":"Skizze","description":"Dail\u0117s, pom\u0117gi\u0173 ir mokykliniai reikm\u0117nys","publisher":{"@id":"https:\/\/www.hobstop.ee\/lt\/#organization"},"potentialAction":[{"@type":"SearchAction","target":{"@type":"EntryPoint","urlTemplate":"https:\/\/www.hobstop.ee\/lt\/?s={search_term_string}"},"query-input":{"@type":"PropertyValueSpecification","valueRequired":true,"valueName":"search_term_string"}}],"inLanguage":"lt"},{"@type":"Organization","@id":"https:\/\/www.hobstop.ee\/lt\/#organization","name":"Vunder AS","url":"https:\/\/www.hobstop.ee\/lt\/","logo":{"@type":"ImageObject","inLanguage":"lt","@id":"https:\/\/www.hobstop.ee\/lt\/#\/schema\/logo\/image\/","url":"https:\/\/hobstop.ee\/media\/vunder-logo.png","contentUrl":"https:\/\/hobstop.ee\/media\/vunder-logo.png","width":127,"height":55,"caption":"Vunder AS"},"image":{"@id":"https:\/\/www.hobstop.ee\/lt\/#\/schema\/logo\/image\/"},"sameAs":["http:\/\/www.facebook.com\/VunderSkizze"]}]}},"_links":{"self":[{"href":"https:\/\/www.hobstop.ee\/lt\/wp-json\/wp\/v2\/product\/342070","targetHints":{"allow":["GET"]}}],"collection":[{"href":"https:\/\/www.hobstop.ee\/lt\/wp-json\/wp\/v2\/product"}],"about":[{"href":"https:\/\/www.hobstop.ee\/lt\/wp-json\/wp\/v2\/types\/product"}],"replies":[{"embeddable":true,"href":"https:\/\/www.hobstop.ee\/lt\/wp-json\/wp\/v2\/comments?post=342070"}],"wp:attachment":[{"href":"https:\/\/www.hobstop.ee\/lt\/wp-json\/wp\/v2\/media?parent=342070"}],"wp:term":[{"taxonomy":"product_cat","embeddable":true,"href":"https:\/\/www.hobstop.ee\/lt\/wp-json\/wp\/v2\/product_cat?post=342070"},{"taxonomy":"product_tag","embeddable":true,"href":"https:\/\/www.hobstop.ee\/lt\/wp-json\/wp\/v2\/product_tag?post=342070"}],"curies":[{"name":"wp","href":"https:\/\/api.w.org\/{rel}","templated":true}]}}