{"id":60236,"date":"2014-12-09T12:46:04","date_gmt":"2014-12-09T10:46:04","guid":{"rendered":"https:\/\/sharks.ee\/vunder_2019.klient.veebimajutus.ee\/?post_type=product&#038;p=60236"},"modified":"2014-12-09T12:46:04","modified_gmt":"2014-12-09T10:46:04","slug":"speciali-priemone-gelis-akriliniams-dazams-liquitex-blizgus","status":"publish","type":"product","link":"https:\/\/www.hobstop.ee\/lt\/produktas\/speciali-priemone-gelis-akriliniams-dazams-liquitex-blizgus\/","title":{"rendered":"Speciali priemon\u0117-gelis akriliniams da\u017eams Liquitex blizgus"},"content":{"rendered":"<p>Blizgus gelinis priedas \u201eLiquitex Gloss\u201c akriliniams da\u017eams suteikia blizgesio, juos sutir\u0161tina ir i\u0161ry\u0161kina teptuko pot\u0117pius. Prailgina d\u017eiuvimo laik\u0105 ir spalvai suteikia gilumo.<br \/>\nI\u0161d\u017eiuv\u0119s priedas tampa skaidrus. Tinka per\u0161vie\u010diamoms spalvoms suteikti strukt\u016brinius efektus. Tinka spaudos paveiksl\u0117liams perkelti.<\/p>\n","protected":false},"excerpt":{"rendered":"<p>Blizgus gelinis priedas \u201eLiquitex Gloss\u201c akriliniams da\u017eams suteikia blizgesio, juos sutir\u0161tina ir i\u0161ry\u0161kina teptuko pot\u0117pius. Prailgina d\u017eiuvimo laik\u0105 ir spalvai suteikia gilumo. I\u0161d\u017eiuv\u0119s priedas tampa skaidrus. Tinka per\u0161vie\u010diamoms spalvoms suteikti strukt\u016brinius efektus. Tinka spaudos paveiksl\u0117liams perkelti.<\/p>\n","protected":false},"featured_media":353764,"comment_status":"closed","ping_status":"closed","template":"","meta":{"_acf_changed":false,"ep_exclude_from_search":false},"product_cat":[18998,16124,17981],"product_tag":[],"class_list":{"0":"post-60236","1":"product","2":"type-product","3":"status-publish","4":"has-post-thumbnail","6":"product_cat-akriliniu-dazu-priedai-2","7":"product_cat-dailes-prekes","8":"product_cat-dazai-ir-priedai-tapybai","10":"first","11":"outofstock","12":"taxable","13":"shipping-taxable","14":"purchasable","15":"product-type-variable"},"acf":[],"yoast_head":"<!-- This site is optimized with the Yoast SEO plugin v24.1 - https:\/\/yoast.com\/wordpress\/plugins\/seo\/ -->\n<title>Speciali priemon\u0117-gelis akriliniams da\u017eams Liquitex blizgus &#8211; Skizze<\/title>\n<meta name=\"robots\" content=\"noindex, follow, max-snippet:-1, max-image-preview:large, max-video-preview:-1\" \/>\n<meta property=\"og:locale\" content=\"lt_LT\" \/>\n<meta property=\"og:type\" content=\"article\" \/>\n<meta property=\"og:title\" content=\"Speciali priemon\u0117-gelis akriliniams da\u017eams Liquitex blizgus &#8211; Skizze\" \/>\n<meta property=\"og:description\" content=\"Blizgus gelinis priedas \u201eLiquitex Gloss\u201c akriliniams da\u017eams suteikia blizgesio, juos sutir\u0161tina ir i\u0161ry\u0161kina teptuko pot\u0117pius. Prailgina d\u017eiuvimo laik\u0105 ir spalvai suteikia gilumo. I\u0161d\u017eiuv\u0119s priedas tampa skaidrus. Tinka per\u0161vie\u010diamoms spalvoms suteikti strukt\u016brinius efektus. Tinka spaudos paveiksl\u0117liams perkelti.\" \/>\n<meta property=\"og:url\" content=\"https:\/\/www.hobstop.ee\/lt\/produktas\/speciali-priemone-gelis-akriliniams-dazams-liquitex-blizgus\/\" \/>\n<meta property=\"og:site_name\" content=\"Skizze\" \/>\n<meta property=\"article:publisher\" content=\"http:\/\/www.facebook.com\/VunderSkizze\" \/>\n<meta property=\"og:image\" content=\"https:\/\/www.hobstop.ee\/media\/70.jpg\" \/>\n\t<meta property=\"og:image:width\" content=\"1024\" \/>\n\t<meta property=\"og:image:height\" content=\"768\" \/>\n\t<meta property=\"og:image:type\" content=\"image\/jpeg\" \/>\n<meta name=\"twitter:card\" content=\"summary_large_image\" \/>\n<script type=\"application\/ld+json\" class=\"yoast-schema-graph\">{\"@context\":\"https:\/\/schema.org\",\"@graph\":[{\"@type\":\"WebPage\",\"@id\":\"https:\/\/www.hobstop.ee\/lt\/produktas\/speciali-priemone-gelis-akriliniams-dazams-liquitex-blizgus\/\",\"url\":\"https:\/\/www.hobstop.ee\/lt\/produktas\/speciali-priemone-gelis-akriliniams-dazams-liquitex-blizgus\/\",\"name\":\"Speciali priemon\u0117-gelis akriliniams da\u017eams Liquitex blizgus &#8211; Skizze\",\"isPartOf\":{\"@id\":\"https:\/\/hobstop.ee\/lt\/#website\"},\"primaryImageOfPage\":{\"@id\":\"https:\/\/www.hobstop.ee\/lt\/produktas\/speciali-priemone-gelis-akriliniams-dazams-liquitex-blizgus\/#primaryimage\"},\"image\":{\"@id\":\"https:\/\/www.hobstop.ee\/lt\/produktas\/speciali-priemone-gelis-akriliniams-dazams-liquitex-blizgus\/#primaryimage\"},\"thumbnailUrl\":\"https:\/\/www.hobstop.ee\/media\/70.jpg\",\"datePublished\":\"2014-12-09T10:46:04+00:00\",\"dateModified\":\"2014-12-09T10:46:04+00:00\",\"breadcrumb\":{\"@id\":\"https:\/\/www.hobstop.ee\/lt\/produktas\/speciali-priemone-gelis-akriliniams-dazams-liquitex-blizgus\/#breadcrumb\"},\"inLanguage\":\"lt\",\"potentialAction\":[{\"@type\":\"ReadAction\",\"target\":[\"https:\/\/www.hobstop.ee\/lt\/produktas\/speciali-priemone-gelis-akriliniams-dazams-liquitex-blizgus\/\"]}]},{\"@type\":\"ImageObject\",\"inLanguage\":\"lt\",\"@id\":\"https:\/\/www.hobstop.ee\/lt\/produktas\/speciali-priemone-gelis-akriliniams-dazams-liquitex-blizgus\/#primaryimage\",\"url\":\"https:\/\/www.hobstop.ee\/media\/70.jpg\",\"contentUrl\":\"https:\/\/www.hobstop.ee\/media\/70.jpg\",\"width\":1024,\"height\":768},{\"@type\":\"BreadcrumbList\",\"@id\":\"https:\/\/www.hobstop.ee\/lt\/produktas\/speciali-priemone-gelis-akriliniams-dazams-liquitex-blizgus\/#breadcrumb\",\"itemListElement\":[{\"@type\":\"ListItem\",\"position\":1,\"name\":\"Avaleht\",\"item\":\"https:\/\/hobstop.ee\/lt\/\"},{\"@type\":\"ListItem\",\"position\":2,\"name\":\"Parduotuv\u0117\",\"item\":\"https:\/\/hobstop.ee\/lt\/parduotuve\/\"},{\"@type\":\"ListItem\",\"position\":3,\"name\":\"Speciali priemon\u0117-gelis akriliniams da\u017eams Liquitex blizgus\"}]},{\"@type\":\"WebSite\",\"@id\":\"https:\/\/hobstop.ee\/lt\/#website\",\"url\":\"https:\/\/hobstop.ee\/lt\/\",\"name\":\"Skizze\",\"description\":\"Dail\u0117s, pom\u0117gi\u0173 ir mokykliniai reikm\u0117nys\",\"publisher\":{\"@id\":\"https:\/\/hobstop.ee\/lt\/#organization\"},\"potentialAction\":[{\"@type\":\"SearchAction\",\"target\":{\"@type\":\"EntryPoint\",\"urlTemplate\":\"https:\/\/hobstop.ee\/lt\/?s={search_term_string}\"},\"query-input\":{\"@type\":\"PropertyValueSpecification\",\"valueRequired\":true,\"valueName\":\"search_term_string\"}}],\"inLanguage\":\"lt\"},{\"@type\":\"Organization\",\"@id\":\"https:\/\/hobstop.ee\/lt\/#organization\",\"name\":\"Vunder AS\",\"url\":\"https:\/\/hobstop.ee\/lt\/\",\"logo\":{\"@type\":\"ImageObject\",\"inLanguage\":\"lt\",\"@id\":\"https:\/\/hobstop.ee\/lt\/#\/schema\/logo\/image\/\",\"url\":\"https:\/\/hobstop.ee\/media\/vunder-logo.png\",\"contentUrl\":\"https:\/\/hobstop.ee\/media\/vunder-logo.png\",\"width\":127,\"height\":55,\"caption\":\"Vunder AS\"},\"image\":{\"@id\":\"https:\/\/hobstop.ee\/lt\/#\/schema\/logo\/image\/\"},\"sameAs\":[\"http:\/\/www.facebook.com\/VunderSkizze\"]}]}<\/script>\n<!-- \/ Yoast SEO plugin. -->","yoast_head_json":{"title":"Speciali priemon\u0117-gelis akriliniams da\u017eams Liquitex blizgus &#8211; Skizze","robots":{"index":"noindex","follow":"follow","max-snippet":"max-snippet:-1","max-image-preview":"max-image-preview:large","max-video-preview":"max-video-preview:-1"},"og_locale":"lt_LT","og_type":"article","og_title":"Speciali priemon\u0117-gelis akriliniams da\u017eams Liquitex blizgus &#8211; Skizze","og_description":"Blizgus gelinis priedas \u201eLiquitex Gloss\u201c akriliniams da\u017eams suteikia blizgesio, juos sutir\u0161tina ir i\u0161ry\u0161kina teptuko pot\u0117pius. Prailgina d\u017eiuvimo laik\u0105 ir spalvai suteikia gilumo. I\u0161d\u017eiuv\u0119s priedas tampa skaidrus. Tinka per\u0161vie\u010diamoms spalvoms suteikti strukt\u016brinius efektus. Tinka spaudos paveiksl\u0117liams perkelti.","og_url":"https:\/\/www.hobstop.ee\/lt\/produktas\/speciali-priemone-gelis-akriliniams-dazams-liquitex-blizgus\/","og_site_name":"Skizze","article_publisher":"http:\/\/www.facebook.com\/VunderSkizze","og_image":[{"width":1024,"height":768,"url":"https:\/\/www.hobstop.ee\/media\/70.jpg","type":"image\/jpeg"}],"twitter_card":"summary_large_image","schema":{"@context":"https:\/\/schema.org","@graph":[{"@type":"WebPage","@id":"https:\/\/www.hobstop.ee\/lt\/produktas\/speciali-priemone-gelis-akriliniams-dazams-liquitex-blizgus\/","url":"https:\/\/www.hobstop.ee\/lt\/produktas\/speciali-priemone-gelis-akriliniams-dazams-liquitex-blizgus\/","name":"Speciali priemon\u0117-gelis akriliniams da\u017eams Liquitex blizgus &#8211; Skizze","isPartOf":{"@id":"https:\/\/hobstop.ee\/lt\/#website"},"primaryImageOfPage":{"@id":"https:\/\/www.hobstop.ee\/lt\/produktas\/speciali-priemone-gelis-akriliniams-dazams-liquitex-blizgus\/#primaryimage"},"image":{"@id":"https:\/\/www.hobstop.ee\/lt\/produktas\/speciali-priemone-gelis-akriliniams-dazams-liquitex-blizgus\/#primaryimage"},"thumbnailUrl":"https:\/\/www.hobstop.ee\/media\/70.jpg","datePublished":"2014-12-09T10:46:04+00:00","dateModified":"2014-12-09T10:46:04+00:00","breadcrumb":{"@id":"https:\/\/www.hobstop.ee\/lt\/produktas\/speciali-priemone-gelis-akriliniams-dazams-liquitex-blizgus\/#breadcrumb"},"inLanguage":"lt","potentialAction":[{"@type":"ReadAction","target":["https:\/\/www.hobstop.ee\/lt\/produktas\/speciali-priemone-gelis-akriliniams-dazams-liquitex-blizgus\/"]}]},{"@type":"ImageObject","inLanguage":"lt","@id":"https:\/\/www.hobstop.ee\/lt\/produktas\/speciali-priemone-gelis-akriliniams-dazams-liquitex-blizgus\/#primaryimage","url":"https:\/\/www.hobstop.ee\/media\/70.jpg","contentUrl":"https:\/\/www.hobstop.ee\/media\/70.jpg","width":1024,"height":768},{"@type":"BreadcrumbList","@id":"https:\/\/www.hobstop.ee\/lt\/produktas\/speciali-priemone-gelis-akriliniams-dazams-liquitex-blizgus\/#breadcrumb","itemListElement":[{"@type":"ListItem","position":1,"name":"Avaleht","item":"https:\/\/hobstop.ee\/lt\/"},{"@type":"ListItem","position":2,"name":"Parduotuv\u0117","item":"https:\/\/hobstop.ee\/lt\/parduotuve\/"},{"@type":"ListItem","position":3,"name":"Speciali priemon\u0117-gelis akriliniams da\u017eams Liquitex blizgus"}]},{"@type":"WebSite","@id":"https:\/\/hobstop.ee\/lt\/#website","url":"https:\/\/hobstop.ee\/lt\/","name":"Skizze","description":"Dail\u0117s, pom\u0117gi\u0173 ir mokykliniai reikm\u0117nys","publisher":{"@id":"https:\/\/hobstop.ee\/lt\/#organization"},"potentialAction":[{"@type":"SearchAction","target":{"@type":"EntryPoint","urlTemplate":"https:\/\/hobstop.ee\/lt\/?s={search_term_string}"},"query-input":{"@type":"PropertyValueSpecification","valueRequired":true,"valueName":"search_term_string"}}],"inLanguage":"lt"},{"@type":"Organization","@id":"https:\/\/hobstop.ee\/lt\/#organization","name":"Vunder AS","url":"https:\/\/hobstop.ee\/lt\/","logo":{"@type":"ImageObject","inLanguage":"lt","@id":"https:\/\/hobstop.ee\/lt\/#\/schema\/logo\/image\/","url":"https:\/\/hobstop.ee\/media\/vunder-logo.png","contentUrl":"https:\/\/hobstop.ee\/media\/vunder-logo.png","width":127,"height":55,"caption":"Vunder AS"},"image":{"@id":"https:\/\/hobstop.ee\/lt\/#\/schema\/logo\/image\/"},"sameAs":["http:\/\/www.facebook.com\/VunderSkizze"]}]}},"_links":{"self":[{"href":"https:\/\/www.hobstop.ee\/lt\/wp-json\/wp\/v2\/product\/60236","targetHints":{"allow":["GET"]}}],"collection":[{"href":"https:\/\/www.hobstop.ee\/lt\/wp-json\/wp\/v2\/product"}],"about":[{"href":"https:\/\/www.hobstop.ee\/lt\/wp-json\/wp\/v2\/types\/product"}],"replies":[{"embeddable":true,"href":"https:\/\/www.hobstop.ee\/lt\/wp-json\/wp\/v2\/comments?post=60236"}],"wp:featuredmedia":[{"embeddable":true,"href":"https:\/\/www.hobstop.ee\/lt\/wp-json\/wp\/v2\/media\/353764"}],"wp:attachment":[{"href":"https:\/\/www.hobstop.ee\/lt\/wp-json\/wp\/v2\/media?parent=60236"}],"wp:term":[{"taxonomy":"product_cat","embeddable":true,"href":"https:\/\/www.hobstop.ee\/lt\/wp-json\/wp\/v2\/product_cat?post=60236"},{"taxonomy":"product_tag","embeddable":true,"href":"https:\/\/www.hobstop.ee\/lt\/wp-json\/wp\/v2\/product_tag?post=60236"}],"curies":[{"name":"wp","href":"https:\/\/api.w.org\/{rel}","templated":true}]}}