{"id":60958,"date":"2014-12-09T12:54:38","date_gmt":"2014-12-09T10:54:38","guid":{"rendered":"https:\/\/sharks.ee\/vunder_2019.klient.veebimajutus.ee\/?post_type=product&#038;p=60958"},"modified":"2014-12-09T12:54:38","modified_gmt":"2014-12-09T10:54:38","slug":"irankis-vasku-ant-audinio-piesti-tjanting-aliuminis","status":"publish","type":"product","link":"https:\/\/www.hobstop.ee\/lt\/produktas\/irankis-vasku-ant-audinio-piesti-tjanting-aliuminis\/","title":{"rendered":"\u012erankis va\u0161ku ant audinio pie\u0161ti (tjanting) aliuminis"},"content":{"rendered":"<p>Kar\u0161to va\u0161ko technikos batikos \u012frankis \u201eTjanting\u201c yra skirtas pie\u0161ti va\u0161ku ant audini\u0173. Antgaliui palietus darbin\u012f pavir\u0161i\u0173, pradeda tek\u0117ti va\u0161kas. Antgalis apsaugo, kad va\u0161kas nenutek\u0117t\u0173 ant nepageidaujamos vietos. 0.8mm prispaudimo plok\u0161tele galima pie\u0161ti vidutines ir plonas linijas. Talpus kar\u0161to va\u0161ko technikos batikos \u012frankis \u201eTjanting\u201c idealiai tinka dideliems batikos darbams, kuriems atlikti reikia didelio va\u0161ko kiekio.<\/p>\n","protected":false},"excerpt":{"rendered":"<p>Kar\u0161to va\u0161ko technikos batikos \u012frankis \u201eTjanting\u201c yra skirtas pie\u0161ti va\u0161ku ant audini\u0173. Antgaliui palietus darbin\u012f pavir\u0161i\u0173, pradeda tek\u0117ti va\u0161kas. Antgalis apsaugo, kad va\u0161kas nenutek\u0117t\u0173 ant nepageidaujamos vietos. 0.8mm prispaudimo plok\u0161tele galima pie\u0161ti vidutines ir plonas linijas. Talpus kar\u0161to va\u0161ko technikos batikos \u012frankis \u201eTjanting\u201c idealiai tinka dideliems batikos darbams, kuriems atlikti reikia didelio va\u0161ko kiekio.<\/p>\n","protected":false},"featured_media":160867,"comment_status":"closed","ping_status":"closed","template":"","meta":{"_acf_changed":false,"ep_exclude_from_search":false},"product_cat":[18965,17919,14893],"product_tag":[],"class_list":{"0":"post-60958","1":"product","2":"type-product","3":"status-publish","4":"has-post-thumbnail","6":"product_cat-ivairus-35","7":"product_cat-pomegiu-prekes","8":"product_cat-tekstilei","10":"first","11":"instock","12":"taxable","13":"shipping-taxable","14":"purchasable","15":"product-type-variable"},"acf":[],"yoast_head":"<!-- This site is optimized with the Yoast SEO plugin v24.1 - https:\/\/yoast.com\/wordpress\/plugins\/seo\/ -->\n<title>\u012erankis va\u0161ku ant audinio pie\u0161ti (tjanting) aliuminis &#8211; Skizze<\/title>\n<meta name=\"robots\" content=\"noindex, follow, max-snippet:-1, max-image-preview:large, max-video-preview:-1\" \/>\n<meta property=\"og:locale\" content=\"lt_LT\" \/>\n<meta property=\"og:type\" content=\"article\" \/>\n<meta property=\"og:title\" content=\"\u012erankis va\u0161ku ant audinio pie\u0161ti (tjanting) aliuminis &#8211; Skizze\" \/>\n<meta property=\"og:description\" content=\"Kar\u0161to va\u0161ko technikos batikos \u012frankis \u201eTjanting\u201c yra skirtas pie\u0161ti va\u0161ku ant audini\u0173. Antgaliui palietus darbin\u012f pavir\u0161i\u0173, pradeda tek\u0117ti va\u0161kas. Antgalis apsaugo, kad va\u0161kas nenutek\u0117t\u0173 ant nepageidaujamos vietos. 0.8mm prispaudimo plok\u0161tele galima pie\u0161ti vidutines ir plonas linijas. Talpus kar\u0161to va\u0161ko technikos batikos \u012frankis \u201eTjanting\u201c idealiai tinka dideliems batikos darbams, kuriems atlikti reikia didelio va\u0161ko kiekio.\" \/>\n<meta property=\"og:url\" content=\"https:\/\/www.hobstop.ee\/lt\/produktas\/irankis-vasku-ant-audinio-piesti-tjanting-aliuminis\/\" \/>\n<meta property=\"og:site_name\" content=\"Skizze\" \/>\n<meta property=\"article:publisher\" content=\"http:\/\/www.facebook.com\/VunderSkizze\" \/>\n<meta property=\"article:modified_time\" content=\"2014-12-09T10:54:38+00:00\" \/>\n<meta property=\"og:image\" content=\"https:\/\/hobstop.ee\/media\/1900.jpg\" \/>\n\t<meta property=\"og:image:width\" content=\"1024\" \/>\n\t<meta property=\"og:image:height\" content=\"768\" \/>\n\t<meta property=\"og:image:type\" content=\"image\/jpeg\" \/>\n<meta name=\"twitter:card\" content=\"summary_large_image\" \/>\n<script type=\"application\/ld+json\" class=\"yoast-schema-graph\">{\"@context\":\"https:\/\/schema.org\",\"@graph\":[{\"@type\":\"WebPage\",\"@id\":\"https:\/\/www.hobstop.ee\/lt\/produktas\/irankis-vasku-ant-audinio-piesti-tjanting-aliuminis\/\",\"url\":\"https:\/\/www.hobstop.ee\/lt\/produktas\/irankis-vasku-ant-audinio-piesti-tjanting-aliuminis\/\",\"name\":\"\u012erankis va\u0161ku ant audinio pie\u0161ti (tjanting) aliuminis &#8211; Skizze\",\"isPartOf\":{\"@id\":\"https:\/\/www.hobstop.ee\/lt\/#website\"},\"primaryImageOfPage\":{\"@id\":\"https:\/\/www.hobstop.ee\/lt\/produktas\/irankis-vasku-ant-audinio-piesti-tjanting-aliuminis\/#primaryimage\"},\"image\":{\"@id\":\"https:\/\/www.hobstop.ee\/lt\/produktas\/irankis-vasku-ant-audinio-piesti-tjanting-aliuminis\/#primaryimage\"},\"thumbnailUrl\":\"https:\/\/www.hobstop.ee\/media\/1900.jpg\",\"datePublished\":\"-0001-11-30T00:00:00+00:00\",\"dateModified\":\"2014-12-09T10:54:38+00:00\",\"breadcrumb\":{\"@id\":\"https:\/\/www.hobstop.ee\/lt\/produktas\/irankis-vasku-ant-audinio-piesti-tjanting-aliuminis\/#breadcrumb\"},\"inLanguage\":\"lt\",\"potentialAction\":[{\"@type\":\"ReadAction\",\"target\":[\"https:\/\/www.hobstop.ee\/lt\/produktas\/irankis-vasku-ant-audinio-piesti-tjanting-aliuminis\/\"]}]},{\"@type\":\"ImageObject\",\"inLanguage\":\"lt\",\"@id\":\"https:\/\/www.hobstop.ee\/lt\/produktas\/irankis-vasku-ant-audinio-piesti-tjanting-aliuminis\/#primaryimage\",\"url\":\"https:\/\/www.hobstop.ee\/media\/1900.jpg\",\"contentUrl\":\"https:\/\/www.hobstop.ee\/media\/1900.jpg\",\"width\":1024,\"height\":768},{\"@type\":\"BreadcrumbList\",\"@id\":\"https:\/\/www.hobstop.ee\/lt\/produktas\/irankis-vasku-ant-audinio-piesti-tjanting-aliuminis\/#breadcrumb\",\"itemListElement\":[{\"@type\":\"ListItem\",\"position\":1,\"name\":\"Avaleht\",\"item\":\"https:\/\/hobstop.ee\/lt\/\"},{\"@type\":\"ListItem\",\"position\":2,\"name\":\"Parduotuv\u0117\",\"item\":\"https:\/\/www.hobstop.ee\/lt\/parduotuve\/\"},{\"@type\":\"ListItem\",\"position\":3,\"name\":\"\u012erankis va\u0161ku ant audinio pie\u0161ti (tjanting) aliuminis\"}]},{\"@type\":\"WebSite\",\"@id\":\"https:\/\/www.hobstop.ee\/lt\/#website\",\"url\":\"https:\/\/www.hobstop.ee\/lt\/\",\"name\":\"Skizze\",\"description\":\"Dail\u0117s, pom\u0117gi\u0173 ir mokykliniai reikm\u0117nys\",\"publisher\":{\"@id\":\"https:\/\/www.hobstop.ee\/lt\/#organization\"},\"potentialAction\":[{\"@type\":\"SearchAction\",\"target\":{\"@type\":\"EntryPoint\",\"urlTemplate\":\"https:\/\/www.hobstop.ee\/lt\/?s={search_term_string}\"},\"query-input\":{\"@type\":\"PropertyValueSpecification\",\"valueRequired\":true,\"valueName\":\"search_term_string\"}}],\"inLanguage\":\"lt\"},{\"@type\":\"Organization\",\"@id\":\"https:\/\/www.hobstop.ee\/lt\/#organization\",\"name\":\"Vunder AS\",\"url\":\"https:\/\/www.hobstop.ee\/lt\/\",\"logo\":{\"@type\":\"ImageObject\",\"inLanguage\":\"lt\",\"@id\":\"https:\/\/www.hobstop.ee\/lt\/#\/schema\/logo\/image\/\",\"url\":\"https:\/\/hobstop.ee\/media\/vunder-logo.png\",\"contentUrl\":\"https:\/\/hobstop.ee\/media\/vunder-logo.png\",\"width\":127,\"height\":55,\"caption\":\"Vunder AS\"},\"image\":{\"@id\":\"https:\/\/www.hobstop.ee\/lt\/#\/schema\/logo\/image\/\"},\"sameAs\":[\"http:\/\/www.facebook.com\/VunderSkizze\"]}]}<\/script>\n<!-- \/ Yoast SEO plugin. -->","yoast_head_json":{"title":"\u012erankis va\u0161ku ant audinio pie\u0161ti (tjanting) aliuminis &#8211; Skizze","robots":{"index":"noindex","follow":"follow","max-snippet":"max-snippet:-1","max-image-preview":"max-image-preview:large","max-video-preview":"max-video-preview:-1"},"og_locale":"lt_LT","og_type":"article","og_title":"\u012erankis va\u0161ku ant audinio pie\u0161ti (tjanting) aliuminis &#8211; Skizze","og_description":"Kar\u0161to va\u0161ko technikos batikos \u012frankis \u201eTjanting\u201c yra skirtas pie\u0161ti va\u0161ku ant audini\u0173. Antgaliui palietus darbin\u012f pavir\u0161i\u0173, pradeda tek\u0117ti va\u0161kas. Antgalis apsaugo, kad va\u0161kas nenutek\u0117t\u0173 ant nepageidaujamos vietos. 0.8mm prispaudimo plok\u0161tele galima pie\u0161ti vidutines ir plonas linijas. Talpus kar\u0161to va\u0161ko technikos batikos \u012frankis \u201eTjanting\u201c idealiai tinka dideliems batikos darbams, kuriems atlikti reikia didelio va\u0161ko kiekio.","og_url":"https:\/\/www.hobstop.ee\/lt\/produktas\/irankis-vasku-ant-audinio-piesti-tjanting-aliuminis\/","og_site_name":"Skizze","article_publisher":"http:\/\/www.facebook.com\/VunderSkizze","article_modified_time":"2014-12-09T10:54:38+00:00","og_image":[{"width":1024,"height":768,"url":"https:\/\/hobstop.ee\/media\/1900.jpg","type":"image\/jpeg"}],"twitter_card":"summary_large_image","schema":{"@context":"https:\/\/schema.org","@graph":[{"@type":"WebPage","@id":"https:\/\/www.hobstop.ee\/lt\/produktas\/irankis-vasku-ant-audinio-piesti-tjanting-aliuminis\/","url":"https:\/\/www.hobstop.ee\/lt\/produktas\/irankis-vasku-ant-audinio-piesti-tjanting-aliuminis\/","name":"\u012erankis va\u0161ku ant audinio pie\u0161ti (tjanting) aliuminis &#8211; Skizze","isPartOf":{"@id":"https:\/\/www.hobstop.ee\/lt\/#website"},"primaryImageOfPage":{"@id":"https:\/\/www.hobstop.ee\/lt\/produktas\/irankis-vasku-ant-audinio-piesti-tjanting-aliuminis\/#primaryimage"},"image":{"@id":"https:\/\/www.hobstop.ee\/lt\/produktas\/irankis-vasku-ant-audinio-piesti-tjanting-aliuminis\/#primaryimage"},"thumbnailUrl":"https:\/\/www.hobstop.ee\/media\/1900.jpg","datePublished":"-0001-11-30T00:00:00+00:00","dateModified":"2014-12-09T10:54:38+00:00","breadcrumb":{"@id":"https:\/\/www.hobstop.ee\/lt\/produktas\/irankis-vasku-ant-audinio-piesti-tjanting-aliuminis\/#breadcrumb"},"inLanguage":"lt","potentialAction":[{"@type":"ReadAction","target":["https:\/\/www.hobstop.ee\/lt\/produktas\/irankis-vasku-ant-audinio-piesti-tjanting-aliuminis\/"]}]},{"@type":"ImageObject","inLanguage":"lt","@id":"https:\/\/www.hobstop.ee\/lt\/produktas\/irankis-vasku-ant-audinio-piesti-tjanting-aliuminis\/#primaryimage","url":"https:\/\/www.hobstop.ee\/media\/1900.jpg","contentUrl":"https:\/\/www.hobstop.ee\/media\/1900.jpg","width":1024,"height":768},{"@type":"BreadcrumbList","@id":"https:\/\/www.hobstop.ee\/lt\/produktas\/irankis-vasku-ant-audinio-piesti-tjanting-aliuminis\/#breadcrumb","itemListElement":[{"@type":"ListItem","position":1,"name":"Avaleht","item":"https:\/\/hobstop.ee\/lt\/"},{"@type":"ListItem","position":2,"name":"Parduotuv\u0117","item":"https:\/\/www.hobstop.ee\/lt\/parduotuve\/"},{"@type":"ListItem","position":3,"name":"\u012erankis va\u0161ku ant audinio pie\u0161ti (tjanting) aliuminis"}]},{"@type":"WebSite","@id":"https:\/\/www.hobstop.ee\/lt\/#website","url":"https:\/\/www.hobstop.ee\/lt\/","name":"Skizze","description":"Dail\u0117s, pom\u0117gi\u0173 ir mokykliniai reikm\u0117nys","publisher":{"@id":"https:\/\/www.hobstop.ee\/lt\/#organization"},"potentialAction":[{"@type":"SearchAction","target":{"@type":"EntryPoint","urlTemplate":"https:\/\/www.hobstop.ee\/lt\/?s={search_term_string}"},"query-input":{"@type":"PropertyValueSpecification","valueRequired":true,"valueName":"search_term_string"}}],"inLanguage":"lt"},{"@type":"Organization","@id":"https:\/\/www.hobstop.ee\/lt\/#organization","name":"Vunder AS","url":"https:\/\/www.hobstop.ee\/lt\/","logo":{"@type":"ImageObject","inLanguage":"lt","@id":"https:\/\/www.hobstop.ee\/lt\/#\/schema\/logo\/image\/","url":"https:\/\/hobstop.ee\/media\/vunder-logo.png","contentUrl":"https:\/\/hobstop.ee\/media\/vunder-logo.png","width":127,"height":55,"caption":"Vunder AS"},"image":{"@id":"https:\/\/www.hobstop.ee\/lt\/#\/schema\/logo\/image\/"},"sameAs":["http:\/\/www.facebook.com\/VunderSkizze"]}]}},"_links":{"self":[{"href":"https:\/\/www.hobstop.ee\/lt\/wp-json\/wp\/v2\/product\/60958","targetHints":{"allow":["GET"]}}],"collection":[{"href":"https:\/\/www.hobstop.ee\/lt\/wp-json\/wp\/v2\/product"}],"about":[{"href":"https:\/\/www.hobstop.ee\/lt\/wp-json\/wp\/v2\/types\/product"}],"replies":[{"embeddable":true,"href":"https:\/\/www.hobstop.ee\/lt\/wp-json\/wp\/v2\/comments?post=60958"}],"wp:featuredmedia":[{"embeddable":true,"href":"https:\/\/www.hobstop.ee\/lt\/wp-json\/wp\/v2\/media\/160867"}],"wp:attachment":[{"href":"https:\/\/www.hobstop.ee\/lt\/wp-json\/wp\/v2\/media?parent=60958"}],"wp:term":[{"taxonomy":"product_cat","embeddable":true,"href":"https:\/\/www.hobstop.ee\/lt\/wp-json\/wp\/v2\/product_cat?post=60958"},{"taxonomy":"product_tag","embeddable":true,"href":"https:\/\/www.hobstop.ee\/lt\/wp-json\/wp\/v2\/product_tag?post=60958"}],"curies":[{"name":"wp","href":"https:\/\/api.w.org\/{rel}","templated":true}]}}