{"id":61581,"date":"2014-12-09T13:00:02","date_gmt":"2014-12-09T11:00:02","guid":{"rendered":"https:\/\/sharks.ee\/vunder_2019.klient.veebimajutus.ee\/?post_type=product&#038;p=61581"},"modified":"2014-12-09T13:00:02","modified_gmt":"2014-12-09T11:00:02","slug":"medienos-vaskas-bloom-500ml","status":"publish","type":"product","link":"https:\/\/www.hobstop.ee\/lt\/produktas\/medienos-vaskas-bloom-500ml\/","title":{"rendered":"Medienos va\u0161kas Bloom 500ml"},"content":{"rendered":"<p>Permatomas, atsparus ir neteplus medienos apdailos va\u0161kas, tinkamas vis\u0173 patalp\u0173 medienos pavir\u0161i\u0173 apdailai. Va\u0161ku apdoroti baldai ma\u017eiau nusid\u0117vi, va\u0161kas suteikia jiems atlasin\u012f blizges\u012f. I\u0161laiko medienos fakt\u016br\u0105 ir saugo nuo d\u0117mi\u0173  bei \u012fbr\u0117\u017eim\u0173. Va\u0161k\u0105 nesud\u0117tinga naudoti, va\u0161ku apdoroti baldai atrodo labai dailiai.<br \/>\nDengiamumas: 12m\u00b2\/L<br \/>\nD\u017eiuvimo laikas: 2 val. dengiant kit\u0105 sluoksn\u012f, po 24 val. i\u0161d\u017ei\u016bsta galutinai<br \/>\nDarbo priemon\u0117: teptukas<br \/>\nDarbo priemoni\u0173 valymas: vanduo ja muilas<\/p>\n","protected":false},"excerpt":{"rendered":"<p>Permatomas, atsparus ir neteplus medienos apdailos va\u0161kas, tinkamas vis\u0173 patalp\u0173 medienos pavir\u0161i\u0173 apdailai. Va\u0161ku apdoroti baldai ma\u017eiau nusid\u0117vi, va\u0161kas suteikia jiems atlasin\u012f blizges\u012f. I\u0161laiko medienos fakt\u016br\u0105 ir saugo nuo d\u0117mi\u0173 bei \u012fbr\u0117\u017eim\u0173. Va\u0161k\u0105 nesud\u0117tinga naudoti, va\u0161ku apdoroti baldai atrodo labai dailiai. Dengiamumas: 12m\u00b2\/L D\u017eiuvimo laikas: 2 val. dengiant kit\u0105 sluoksn\u012f, po 24 val. i\u0161d\u017ei\u016bsta galutinai Darbo priemon\u0117: teptukas Darbo priemoni\u0173 valymas: vanduo ja muilas<\/p>\n","protected":false},"featured_media":104907,"comment_status":"closed","ping_status":"closed","template":"","meta":{"_acf_changed":false,"ep_exclude_from_search":false},"product_cat":[15055,18559,18252],"product_tag":[],"class_list":{"0":"post-61581","1":"product","2":"type-product","3":"status-publish","4":"has-post-thumbnail","6":"product_cat-kinkekotid","7":"product_cat-restauravimas-ir-apdaila","8":"product_cat-vaskai","10":"first","11":"instock","12":"sale","13":"taxable","14":"shipping-taxable","15":"purchasable","16":"product-type-variable"},"acf":[],"yoast_head":"<!-- This site is optimized with the Yoast SEO plugin v24.1 - https:\/\/yoast.com\/wordpress\/plugins\/seo\/ -->\n<title>Medienos va\u0161kas Bloom 500ml &#8211; Skizze<\/title>\n<meta name=\"robots\" content=\"noindex, follow, max-snippet:-1, max-image-preview:large, max-video-preview:-1\" \/>\n<meta property=\"og:locale\" content=\"lt_LT\" \/>\n<meta property=\"og:type\" content=\"article\" \/>\n<meta property=\"og:title\" content=\"Medienos va\u0161kas Bloom 500ml &#8211; Skizze\" \/>\n<meta property=\"og:description\" content=\"Permatomas, atsparus ir neteplus medienos apdailos va\u0161kas, tinkamas vis\u0173 patalp\u0173 medienos pavir\u0161i\u0173 apdailai. Va\u0161ku apdoroti baldai ma\u017eiau nusid\u0117vi, va\u0161kas suteikia jiems atlasin\u012f blizges\u012f. I\u0161laiko medienos fakt\u016br\u0105 ir saugo nuo d\u0117mi\u0173 bei \u012fbr\u0117\u017eim\u0173. Va\u0161k\u0105 nesud\u0117tinga naudoti, va\u0161ku apdoroti baldai atrodo labai dailiai. Dengiamumas: 12m\u00b2\/L D\u017eiuvimo laikas: 2 val. dengiant kit\u0105 sluoksn\u012f, po 24 val. i\u0161d\u017ei\u016bsta galutinai Darbo priemon\u0117: teptukas Darbo priemoni\u0173 valymas: vanduo ja muilas\" \/>\n<meta property=\"og:url\" content=\"https:\/\/www.hobstop.ee\/lt\/produktas\/medienos-vaskas-bloom-500ml\/\" \/>\n<meta property=\"og:site_name\" content=\"Skizze\" \/>\n<meta property=\"article:publisher\" content=\"http:\/\/www.facebook.com\/VunderSkizze\" \/>\n<meta property=\"og:image\" content=\"https:\/\/www.hobstop.ee\/media\/2494.jpg\" \/>\n\t<meta property=\"og:image:width\" content=\"1024\" \/>\n\t<meta property=\"og:image:height\" content=\"768\" \/>\n\t<meta property=\"og:image:type\" content=\"image\/jpeg\" \/>\n<meta name=\"twitter:card\" content=\"summary_large_image\" \/>\n<script type=\"application\/ld+json\" class=\"yoast-schema-graph\">{\"@context\":\"https:\/\/schema.org\",\"@graph\":[{\"@type\":\"WebPage\",\"@id\":\"https:\/\/www.hobstop.ee\/lt\/produktas\/medienos-vaskas-bloom-500ml\/\",\"url\":\"https:\/\/www.hobstop.ee\/lt\/produktas\/medienos-vaskas-bloom-500ml\/\",\"name\":\"Medienos va\u0161kas Bloom 500ml &#8211; Skizze\",\"isPartOf\":{\"@id\":\"https:\/\/hobstop.ee\/lt\/#website\"},\"primaryImageOfPage\":{\"@id\":\"https:\/\/www.hobstop.ee\/lt\/produktas\/medienos-vaskas-bloom-500ml\/#primaryimage\"},\"image\":{\"@id\":\"https:\/\/www.hobstop.ee\/lt\/produktas\/medienos-vaskas-bloom-500ml\/#primaryimage\"},\"thumbnailUrl\":\"https:\/\/www.hobstop.ee\/media\/2494.jpg\",\"datePublished\":\"2014-12-09T11:00:02+00:00\",\"dateModified\":\"2014-12-09T11:00:02+00:00\",\"breadcrumb\":{\"@id\":\"https:\/\/www.hobstop.ee\/lt\/produktas\/medienos-vaskas-bloom-500ml\/#breadcrumb\"},\"inLanguage\":\"lt\",\"potentialAction\":[{\"@type\":\"ReadAction\",\"target\":[\"https:\/\/www.hobstop.ee\/lt\/produktas\/medienos-vaskas-bloom-500ml\/\"]}]},{\"@type\":\"ImageObject\",\"inLanguage\":\"lt\",\"@id\":\"https:\/\/www.hobstop.ee\/lt\/produktas\/medienos-vaskas-bloom-500ml\/#primaryimage\",\"url\":\"https:\/\/www.hobstop.ee\/media\/2494.jpg\",\"contentUrl\":\"https:\/\/www.hobstop.ee\/media\/2494.jpg\",\"width\":1024,\"height\":768},{\"@type\":\"BreadcrumbList\",\"@id\":\"https:\/\/www.hobstop.ee\/lt\/produktas\/medienos-vaskas-bloom-500ml\/#breadcrumb\",\"itemListElement\":[{\"@type\":\"ListItem\",\"position\":1,\"name\":\"Avaleht\",\"item\":\"https:\/\/hobstop.ee\/lt\/\"},{\"@type\":\"ListItem\",\"position\":2,\"name\":\"Parduotuv\u0117\",\"item\":\"https:\/\/hobstop.ee\/lt\/parduotuve\/\"},{\"@type\":\"ListItem\",\"position\":3,\"name\":\"Medienos va\u0161kas Bloom 500ml\"}]},{\"@type\":\"WebSite\",\"@id\":\"https:\/\/hobstop.ee\/lt\/#website\",\"url\":\"https:\/\/hobstop.ee\/lt\/\",\"name\":\"Skizze\",\"description\":\"Dail\u0117s, pom\u0117gi\u0173 ir mokykliniai reikm\u0117nys\",\"publisher\":{\"@id\":\"https:\/\/hobstop.ee\/lt\/#organization\"},\"potentialAction\":[{\"@type\":\"SearchAction\",\"target\":{\"@type\":\"EntryPoint\",\"urlTemplate\":\"https:\/\/hobstop.ee\/lt\/?s={search_term_string}\"},\"query-input\":{\"@type\":\"PropertyValueSpecification\",\"valueRequired\":true,\"valueName\":\"search_term_string\"}}],\"inLanguage\":\"lt\"},{\"@type\":\"Organization\",\"@id\":\"https:\/\/hobstop.ee\/lt\/#organization\",\"name\":\"Vunder AS\",\"url\":\"https:\/\/hobstop.ee\/lt\/\",\"logo\":{\"@type\":\"ImageObject\",\"inLanguage\":\"lt\",\"@id\":\"https:\/\/hobstop.ee\/lt\/#\/schema\/logo\/image\/\",\"url\":\"https:\/\/hobstop.ee\/media\/vunder-logo.png\",\"contentUrl\":\"https:\/\/hobstop.ee\/media\/vunder-logo.png\",\"width\":127,\"height\":55,\"caption\":\"Vunder AS\"},\"image\":{\"@id\":\"https:\/\/hobstop.ee\/lt\/#\/schema\/logo\/image\/\"},\"sameAs\":[\"http:\/\/www.facebook.com\/VunderSkizze\"]}]}<\/script>\n<!-- \/ Yoast SEO plugin. -->","yoast_head_json":{"title":"Medienos va\u0161kas Bloom 500ml &#8211; Skizze","robots":{"index":"noindex","follow":"follow","max-snippet":"max-snippet:-1","max-image-preview":"max-image-preview:large","max-video-preview":"max-video-preview:-1"},"og_locale":"lt_LT","og_type":"article","og_title":"Medienos va\u0161kas Bloom 500ml &#8211; Skizze","og_description":"Permatomas, atsparus ir neteplus medienos apdailos va\u0161kas, tinkamas vis\u0173 patalp\u0173 medienos pavir\u0161i\u0173 apdailai. Va\u0161ku apdoroti baldai ma\u017eiau nusid\u0117vi, va\u0161kas suteikia jiems atlasin\u012f blizges\u012f. I\u0161laiko medienos fakt\u016br\u0105 ir saugo nuo d\u0117mi\u0173 bei \u012fbr\u0117\u017eim\u0173. Va\u0161k\u0105 nesud\u0117tinga naudoti, va\u0161ku apdoroti baldai atrodo labai dailiai. Dengiamumas: 12m\u00b2\/L D\u017eiuvimo laikas: 2 val. dengiant kit\u0105 sluoksn\u012f, po 24 val. i\u0161d\u017ei\u016bsta galutinai Darbo priemon\u0117: teptukas Darbo priemoni\u0173 valymas: vanduo ja muilas","og_url":"https:\/\/www.hobstop.ee\/lt\/produktas\/medienos-vaskas-bloom-500ml\/","og_site_name":"Skizze","article_publisher":"http:\/\/www.facebook.com\/VunderSkizze","og_image":[{"width":1024,"height":768,"url":"https:\/\/www.hobstop.ee\/media\/2494.jpg","type":"image\/jpeg"}],"twitter_card":"summary_large_image","schema":{"@context":"https:\/\/schema.org","@graph":[{"@type":"WebPage","@id":"https:\/\/www.hobstop.ee\/lt\/produktas\/medienos-vaskas-bloom-500ml\/","url":"https:\/\/www.hobstop.ee\/lt\/produktas\/medienos-vaskas-bloom-500ml\/","name":"Medienos va\u0161kas Bloom 500ml &#8211; Skizze","isPartOf":{"@id":"https:\/\/hobstop.ee\/lt\/#website"},"primaryImageOfPage":{"@id":"https:\/\/www.hobstop.ee\/lt\/produktas\/medienos-vaskas-bloom-500ml\/#primaryimage"},"image":{"@id":"https:\/\/www.hobstop.ee\/lt\/produktas\/medienos-vaskas-bloom-500ml\/#primaryimage"},"thumbnailUrl":"https:\/\/www.hobstop.ee\/media\/2494.jpg","datePublished":"2014-12-09T11:00:02+00:00","dateModified":"2014-12-09T11:00:02+00:00","breadcrumb":{"@id":"https:\/\/www.hobstop.ee\/lt\/produktas\/medienos-vaskas-bloom-500ml\/#breadcrumb"},"inLanguage":"lt","potentialAction":[{"@type":"ReadAction","target":["https:\/\/www.hobstop.ee\/lt\/produktas\/medienos-vaskas-bloom-500ml\/"]}]},{"@type":"ImageObject","inLanguage":"lt","@id":"https:\/\/www.hobstop.ee\/lt\/produktas\/medienos-vaskas-bloom-500ml\/#primaryimage","url":"https:\/\/www.hobstop.ee\/media\/2494.jpg","contentUrl":"https:\/\/www.hobstop.ee\/media\/2494.jpg","width":1024,"height":768},{"@type":"BreadcrumbList","@id":"https:\/\/www.hobstop.ee\/lt\/produktas\/medienos-vaskas-bloom-500ml\/#breadcrumb","itemListElement":[{"@type":"ListItem","position":1,"name":"Avaleht","item":"https:\/\/hobstop.ee\/lt\/"},{"@type":"ListItem","position":2,"name":"Parduotuv\u0117","item":"https:\/\/hobstop.ee\/lt\/parduotuve\/"},{"@type":"ListItem","position":3,"name":"Medienos va\u0161kas Bloom 500ml"}]},{"@type":"WebSite","@id":"https:\/\/hobstop.ee\/lt\/#website","url":"https:\/\/hobstop.ee\/lt\/","name":"Skizze","description":"Dail\u0117s, pom\u0117gi\u0173 ir mokykliniai reikm\u0117nys","publisher":{"@id":"https:\/\/hobstop.ee\/lt\/#organization"},"potentialAction":[{"@type":"SearchAction","target":{"@type":"EntryPoint","urlTemplate":"https:\/\/hobstop.ee\/lt\/?s={search_term_string}"},"query-input":{"@type":"PropertyValueSpecification","valueRequired":true,"valueName":"search_term_string"}}],"inLanguage":"lt"},{"@type":"Organization","@id":"https:\/\/hobstop.ee\/lt\/#organization","name":"Vunder AS","url":"https:\/\/hobstop.ee\/lt\/","logo":{"@type":"ImageObject","inLanguage":"lt","@id":"https:\/\/hobstop.ee\/lt\/#\/schema\/logo\/image\/","url":"https:\/\/hobstop.ee\/media\/vunder-logo.png","contentUrl":"https:\/\/hobstop.ee\/media\/vunder-logo.png","width":127,"height":55,"caption":"Vunder AS"},"image":{"@id":"https:\/\/hobstop.ee\/lt\/#\/schema\/logo\/image\/"},"sameAs":["http:\/\/www.facebook.com\/VunderSkizze"]}]}},"_links":{"self":[{"href":"https:\/\/www.hobstop.ee\/lt\/wp-json\/wp\/v2\/product\/61581","targetHints":{"allow":["GET"]}}],"collection":[{"href":"https:\/\/www.hobstop.ee\/lt\/wp-json\/wp\/v2\/product"}],"about":[{"href":"https:\/\/www.hobstop.ee\/lt\/wp-json\/wp\/v2\/types\/product"}],"replies":[{"embeddable":true,"href":"https:\/\/www.hobstop.ee\/lt\/wp-json\/wp\/v2\/comments?post=61581"}],"wp:featuredmedia":[{"embeddable":true,"href":"https:\/\/www.hobstop.ee\/lt\/wp-json\/wp\/v2\/media\/104907"}],"wp:attachment":[{"href":"https:\/\/www.hobstop.ee\/lt\/wp-json\/wp\/v2\/media?parent=61581"}],"wp:term":[{"taxonomy":"product_cat","embeddable":true,"href":"https:\/\/www.hobstop.ee\/lt\/wp-json\/wp\/v2\/product_cat?post=61581"},{"taxonomy":"product_tag","embeddable":true,"href":"https:\/\/www.hobstop.ee\/lt\/wp-json\/wp\/v2\/product_tag?post=61581"}],"curies":[{"name":"wp","href":"https:\/\/api.w.org\/{rel}","templated":true}]}}