{"id":63363,"date":"2014-12-09T13:40:02","date_gmt":"2014-12-09T11:40:02","guid":{"rendered":"https:\/\/sharks.ee\/vunder_2019.klient.veebimajutus.ee\/?post_type=product&p=63363"},"modified":"2014-12-09T13:40:02","modified_gmt":"2014-12-09T10:40:02","slug":"kristolas-swarovski-kvadratas-4524-23x11mm","status":"publish","type":"product","link":"https:\/\/www.hobstop.ee\/lt\/produktas\/kristolas-swarovski-kvadratas-4524-23x11mm\/","title":{"rendered":"Kri\u0161tolas Swarovski kvadratas 4524 23x11mm"},"content":{"rendered":"<p>SWAROWSKI ELEMENTS k\u016brybines galimybes riboja tik J\u016bs\u0173 vaizduot\u0117! Nuostabiais Swarovski kri\u0161tolo puo\u0161niais karoliukais sukursite nepakartojamus juvelyrinius dirbinius ir papuo\u0161ite nam\u0173 interjer\u0105. Puo\u0161n\u016bs kri\u0161toliniai Swarovski karoliukai yra populiar\u016bs dizaino elementai \u2013 jie yra lengvai \u012ftaisomi \u012f aptaisus arba tiesiog priklijuojami prie i\u0161 anksto paruo\u0161t\u0173 ertmi\u0173. \u201eCREATE YOUR STYLE with SWAROVSKI ELEMENTS\u201c prek\u0117s \u017eenklas u\u017etikrina geriausi\u0105 Austrijos kristal\u0173 kokyb\u0119!<\/p>\n","protected":false},"excerpt":{"rendered":"<p>SWAROWSKI ELEMENTS k\u016brybines galimybes riboja tik J\u016bs\u0173 vaizduot\u0117! Nuostabiais Swarovski kri\u0161tolo puo\u0161niais karoliukais sukursite nepakartojamus juvelyrinius dirbinius ir papuo\u0161ite nam\u0173 interjer\u0105. Puo\u0161n\u016bs kri\u0161toliniai Swarovski karoliukai yra populiar\u016bs dizaino elementai \u2013 jie yra lengvai \u012ftaisomi \u012f aptaisus arba tiesiog priklijuojami prie i\u0161 anksto paruo\u0161t\u0173 ertmi\u0173. \u201eCREATE YOUR STYLE with SWAROVSKI ELEMENTS\u201c prek\u0117s \u017eenklas u\u017etikrina geriausi\u0105 Austrijos kristal\u0173 kokyb\u0119!<\/p>\n","protected":false},"featured_media":112704,"comment_status":"closed","ping_status":"closed","template":"","meta":{"_acf_changed":false,"ep_exclude_from_search":false},"product_cat":[19690,19688,17919],"product_tag":[],"class_list":{"0":"post-63363","1":"product","2":"type-product","3":"status-publish","4":"has-post-thumbnail","6":"product_cat-kristalai","7":"product_cat-papuosalu-ruosimas","8":"product_cat-pomegiu-prekes","10":"first","11":"instock","12":"taxable","13":"shipping-taxable","14":"purchasable","15":"product-type-variable"},"acf":[],"yoast_head":"<!-- This site is optimized with the Yoast SEO plugin v24.1 - https:\/\/yoast.com\/wordpress\/plugins\/seo\/ -->\n<title>Kri\u0161tolas Swarovski kvadratas 4524 23x11mm &#8211; Skizze<\/title>\n<meta name=\"robots\" content=\"noindex, follow, max-snippet:-1, max-image-preview:large, max-video-preview:-1\" \/>\n<meta property=\"og:locale\" content=\"lt_LT\" \/>\n<meta property=\"og:type\" content=\"article\" \/>\n<meta property=\"og:title\" content=\"Kri\u0161tolas Swarovski kvadratas 4524 23x11mm &#8211; Skizze\" \/>\n<meta property=\"og:description\" content=\"SWAROWSKI ELEMENTS k\u016brybines galimybes riboja tik J\u016bs\u0173 vaizduot\u0117! Nuostabiais Swarovski kri\u0161tolo puo\u0161niais karoliukais sukursite nepakartojamus juvelyrinius dirbinius ir papuo\u0161ite nam\u0173 interjer\u0105. Puo\u0161n\u016bs kri\u0161toliniai Swarovski karoliukai yra populiar\u016bs dizaino elementai \u2013 jie yra lengvai \u012ftaisomi \u012f aptaisus arba tiesiog priklijuojami prie i\u0161 anksto paruo\u0161t\u0173 ertmi\u0173. \u201eCREATE YOUR STYLE with SWAROVSKI ELEMENTS\u201c prek\u0117s \u017eenklas u\u017etikrina geriausi\u0105 Austrijos kristal\u0173 kokyb\u0119!\" \/>\n<meta property=\"og:url\" content=\"https:\/\/www.hobstop.ee\/lt\/produktas\/kristolas-swarovski-kvadratas-4524-23x11mm\/\" \/>\n<meta property=\"og:site_name\" content=\"Skizze\" \/>\n<meta property=\"article:publisher\" content=\"http:\/\/www.facebook.com\/VunderSkizze\" \/>\n<meta property=\"article:modified_time\" content=\"-0001-11-30T00:00:00+00:00\" \/>\n<meta property=\"og:image\" content=\"https:\/\/www.hobstop.ee\/media\/3820.jpg\" \/>\n\t<meta property=\"og:image:width\" content=\"1024\" \/>\n\t<meta property=\"og:image:height\" content=\"768\" \/>\n\t<meta property=\"og:image:type\" content=\"image\/jpeg\" \/>\n<meta name=\"twitter:card\" content=\"summary_large_image\" \/>\n<script type=\"application\/ld+json\" class=\"yoast-schema-graph\">{\"@context\":\"https:\/\/schema.org\",\"@graph\":[{\"@type\":\"WebPage\",\"@id\":\"https:\/\/www.hobstop.ee\/lt\/produktas\/kristolas-swarovski-kvadratas-4524-23x11mm\/\",\"url\":\"https:\/\/www.hobstop.ee\/lt\/produktas\/kristolas-swarovski-kvadratas-4524-23x11mm\/\",\"name\":\"Kri\u0161tolas Swarovski kvadratas 4524 23x11mm &#8211; Skizze\",\"isPartOf\":{\"@id\":\"https:\/\/hobstop.ee\/lt\/#website\"},\"primaryImageOfPage\":{\"@id\":\"https:\/\/www.hobstop.ee\/lt\/produktas\/kristolas-swarovski-kvadratas-4524-23x11mm\/#primaryimage\"},\"image\":{\"@id\":\"https:\/\/www.hobstop.ee\/lt\/produktas\/kristolas-swarovski-kvadratas-4524-23x11mm\/#primaryimage\"},\"thumbnailUrl\":\"https:\/\/www.hobstop.ee\/media\/3820.jpg\",\"datePublished\":\"2014-12-09T11:40:02+00:00\",\"dateModified\":\"-0001-11-30T00:00:00+00:00\",\"breadcrumb\":{\"@id\":\"https:\/\/www.hobstop.ee\/lt\/produktas\/kristolas-swarovski-kvadratas-4524-23x11mm\/#breadcrumb\"},\"inLanguage\":\"lt\",\"potentialAction\":[{\"@type\":\"ReadAction\",\"target\":[\"https:\/\/www.hobstop.ee\/lt\/produktas\/kristolas-swarovski-kvadratas-4524-23x11mm\/\"]}]},{\"@type\":\"ImageObject\",\"inLanguage\":\"lt\",\"@id\":\"https:\/\/www.hobstop.ee\/lt\/produktas\/kristolas-swarovski-kvadratas-4524-23x11mm\/#primaryimage\",\"url\":\"https:\/\/www.hobstop.ee\/media\/3820.jpg\",\"contentUrl\":\"https:\/\/www.hobstop.ee\/media\/3820.jpg\",\"width\":1024,\"height\":768},{\"@type\":\"BreadcrumbList\",\"@id\":\"https:\/\/www.hobstop.ee\/lt\/produktas\/kristolas-swarovski-kvadratas-4524-23x11mm\/#breadcrumb\",\"itemListElement\":[{\"@type\":\"ListItem\",\"position\":1,\"name\":\"Avaleht\",\"item\":\"https:\/\/hobstop.ee\/lt\/\"},{\"@type\":\"ListItem\",\"position\":2,\"name\":\"Parduotuv\u0117\",\"item\":\"https:\/\/hobstop.ee\/lt\/parduotuve\/\"},{\"@type\":\"ListItem\",\"position\":3,\"name\":\"Kri\u0161tolas Swarovski kvadratas 4524 23x11mm\"}]},{\"@type\":\"WebSite\",\"@id\":\"https:\/\/hobstop.ee\/lt\/#website\",\"url\":\"https:\/\/hobstop.ee\/lt\/\",\"name\":\"Skizze\",\"description\":\"Dail\u0117s, pom\u0117gi\u0173 ir mokykliniai reikm\u0117nys\",\"publisher\":{\"@id\":\"https:\/\/hobstop.ee\/lt\/#organization\"},\"potentialAction\":[{\"@type\":\"SearchAction\",\"target\":{\"@type\":\"EntryPoint\",\"urlTemplate\":\"https:\/\/hobstop.ee\/lt\/?s={search_term_string}\"},\"query-input\":{\"@type\":\"PropertyValueSpecification\",\"valueRequired\":true,\"valueName\":\"search_term_string\"}}],\"inLanguage\":\"lt\"},{\"@type\":\"Organization\",\"@id\":\"https:\/\/hobstop.ee\/lt\/#organization\",\"name\":\"Vunder AS\",\"url\":\"https:\/\/hobstop.ee\/lt\/\",\"logo\":{\"@type\":\"ImageObject\",\"inLanguage\":\"lt\",\"@id\":\"https:\/\/hobstop.ee\/lt\/#\/schema\/logo\/image\/\",\"url\":\"https:\/\/hobstop.ee\/media\/vunder-logo.png\",\"contentUrl\":\"https:\/\/hobstop.ee\/media\/vunder-logo.png\",\"width\":127,\"height\":55,\"caption\":\"Vunder AS\"},\"image\":{\"@id\":\"https:\/\/hobstop.ee\/lt\/#\/schema\/logo\/image\/\"},\"sameAs\":[\"http:\/\/www.facebook.com\/VunderSkizze\"]}]}<\/script>\n<!-- \/ Yoast SEO plugin. -->","yoast_head_json":{"title":"Kri\u0161tolas Swarovski kvadratas 4524 23x11mm &#8211; Skizze","robots":{"index":"noindex","follow":"follow","max-snippet":"max-snippet:-1","max-image-preview":"max-image-preview:large","max-video-preview":"max-video-preview:-1"},"og_locale":"lt_LT","og_type":"article","og_title":"Kri\u0161tolas Swarovski kvadratas 4524 23x11mm &#8211; Skizze","og_description":"SWAROWSKI ELEMENTS k\u016brybines galimybes riboja tik J\u016bs\u0173 vaizduot\u0117! Nuostabiais Swarovski kri\u0161tolo puo\u0161niais karoliukais sukursite nepakartojamus juvelyrinius dirbinius ir papuo\u0161ite nam\u0173 interjer\u0105. Puo\u0161n\u016bs kri\u0161toliniai Swarovski karoliukai yra populiar\u016bs dizaino elementai \u2013 jie yra lengvai \u012ftaisomi \u012f aptaisus arba tiesiog priklijuojami prie i\u0161 anksto paruo\u0161t\u0173 ertmi\u0173. \u201eCREATE YOUR STYLE with SWAROVSKI ELEMENTS\u201c prek\u0117s \u017eenklas u\u017etikrina geriausi\u0105 Austrijos kristal\u0173 kokyb\u0119!","og_url":"https:\/\/www.hobstop.ee\/lt\/produktas\/kristolas-swarovski-kvadratas-4524-23x11mm\/","og_site_name":"Skizze","article_publisher":"http:\/\/www.facebook.com\/VunderSkizze","article_modified_time":"-0001-11-30T00:00:00+00:00","og_image":[{"width":1024,"height":768,"url":"https:\/\/www.hobstop.ee\/media\/3820.jpg","type":"image\/jpeg"}],"twitter_card":"summary_large_image","schema":{"@context":"https:\/\/schema.org","@graph":[{"@type":"WebPage","@id":"https:\/\/www.hobstop.ee\/lt\/produktas\/kristolas-swarovski-kvadratas-4524-23x11mm\/","url":"https:\/\/www.hobstop.ee\/lt\/produktas\/kristolas-swarovski-kvadratas-4524-23x11mm\/","name":"Kri\u0161tolas Swarovski kvadratas 4524 23x11mm &#8211; Skizze","isPartOf":{"@id":"https:\/\/hobstop.ee\/lt\/#website"},"primaryImageOfPage":{"@id":"https:\/\/www.hobstop.ee\/lt\/produktas\/kristolas-swarovski-kvadratas-4524-23x11mm\/#primaryimage"},"image":{"@id":"https:\/\/www.hobstop.ee\/lt\/produktas\/kristolas-swarovski-kvadratas-4524-23x11mm\/#primaryimage"},"thumbnailUrl":"https:\/\/www.hobstop.ee\/media\/3820.jpg","datePublished":"2014-12-09T11:40:02+00:00","dateModified":"-0001-11-30T00:00:00+00:00","breadcrumb":{"@id":"https:\/\/www.hobstop.ee\/lt\/produktas\/kristolas-swarovski-kvadratas-4524-23x11mm\/#breadcrumb"},"inLanguage":"lt","potentialAction":[{"@type":"ReadAction","target":["https:\/\/www.hobstop.ee\/lt\/produktas\/kristolas-swarovski-kvadratas-4524-23x11mm\/"]}]},{"@type":"ImageObject","inLanguage":"lt","@id":"https:\/\/www.hobstop.ee\/lt\/produktas\/kristolas-swarovski-kvadratas-4524-23x11mm\/#primaryimage","url":"https:\/\/www.hobstop.ee\/media\/3820.jpg","contentUrl":"https:\/\/www.hobstop.ee\/media\/3820.jpg","width":1024,"height":768},{"@type":"BreadcrumbList","@id":"https:\/\/www.hobstop.ee\/lt\/produktas\/kristolas-swarovski-kvadratas-4524-23x11mm\/#breadcrumb","itemListElement":[{"@type":"ListItem","position":1,"name":"Avaleht","item":"https:\/\/hobstop.ee\/lt\/"},{"@type":"ListItem","position":2,"name":"Parduotuv\u0117","item":"https:\/\/hobstop.ee\/lt\/parduotuve\/"},{"@type":"ListItem","position":3,"name":"Kri\u0161tolas Swarovski kvadratas 4524 23x11mm"}]},{"@type":"WebSite","@id":"https:\/\/hobstop.ee\/lt\/#website","url":"https:\/\/hobstop.ee\/lt\/","name":"Skizze","description":"Dail\u0117s, pom\u0117gi\u0173 ir mokykliniai reikm\u0117nys","publisher":{"@id":"https:\/\/hobstop.ee\/lt\/#organization"},"potentialAction":[{"@type":"SearchAction","target":{"@type":"EntryPoint","urlTemplate":"https:\/\/hobstop.ee\/lt\/?s={search_term_string}"},"query-input":{"@type":"PropertyValueSpecification","valueRequired":true,"valueName":"search_term_string"}}],"inLanguage":"lt"},{"@type":"Organization","@id":"https:\/\/hobstop.ee\/lt\/#organization","name":"Vunder AS","url":"https:\/\/hobstop.ee\/lt\/","logo":{"@type":"ImageObject","inLanguage":"lt","@id":"https:\/\/hobstop.ee\/lt\/#\/schema\/logo\/image\/","url":"https:\/\/hobstop.ee\/media\/vunder-logo.png","contentUrl":"https:\/\/hobstop.ee\/media\/vunder-logo.png","width":127,"height":55,"caption":"Vunder AS"},"image":{"@id":"https:\/\/hobstop.ee\/lt\/#\/schema\/logo\/image\/"},"sameAs":["http:\/\/www.facebook.com\/VunderSkizze"]}]}},"_links":{"self":[{"href":"https:\/\/www.hobstop.ee\/lt\/wp-json\/wp\/v2\/product\/63363","targetHints":{"allow":["GET"]}}],"collection":[{"href":"https:\/\/www.hobstop.ee\/lt\/wp-json\/wp\/v2\/product"}],"about":[{"href":"https:\/\/www.hobstop.ee\/lt\/wp-json\/wp\/v2\/types\/product"}],"replies":[{"embeddable":true,"href":"https:\/\/www.hobstop.ee\/lt\/wp-json\/wp\/v2\/comments?post=63363"}],"wp:featuredmedia":[{"embeddable":true,"href":"https:\/\/www.hobstop.ee\/lt\/wp-json\/wp\/v2\/media\/112704"}],"wp:attachment":[{"href":"https:\/\/www.hobstop.ee\/lt\/wp-json\/wp\/v2\/media?parent=63363"}],"wp:term":[{"taxonomy":"product_cat","embeddable":true,"href":"https:\/\/www.hobstop.ee\/lt\/wp-json\/wp\/v2\/product_cat?post=63363"},{"taxonomy":"product_tag","embeddable":true,"href":"https:\/\/www.hobstop.ee\/lt\/wp-json\/wp\/v2\/product_tag?post=63363"}],"curies":[{"name":"wp","href":"https:\/\/api.w.org\/{rel}","templated":true}]}}