{"id":119550,"date":"2015-06-25T13:56:43","date_gmt":"2015-07-01T11:09:35","guid":{"rendered":"http:\/\/vunder-ee.sn25.zone.eu\/lv\/product\/akrila-krasa-marabu-paste-100ml\/"},"modified":"2021-12-29T11:37:10","modified_gmt":"2021-12-29T09:37:10","slug":"akrila-krasa-marabu-paste-100ml","status":"publish","type":"product","link":"https:\/\/www.hobstop.ee\/lv\/produkts\/akrila-krasa-marabu-paste-100ml\/","title":{"rendered":"Akrila kr\u0101sa Marabu Paste 100ml"},"content":{"rendered":"<p>Marabu Acryl Paste pie\u0161\u0137ir vienk\u0101r\u0161iem akrila z\u012bm\u0113jumiem \u012bpa\u0161us akcentus.  Uz \u016bdens b\u0101zes izgatavot\u0101 akrila kr\u0101sa-pasta ir \u016bdensdro\u0161a un notur\u012bga pret izbalo\u0161anu.  Pateicoties t\u0101s kr\u0113mveida konsistencei, kr\u0101sa ir lieliski piem\u0113rota darbam ar \u0161abloniem.  Ar pastu var veidot interesantus smil\u0161u un sniega efektus, k\u0101 ar\u012b telpiskus met\u0101liskus efektus uz gleznu r\u0101mjiem.<\/p>\n","protected":false},"excerpt":{"rendered":"<p>Marabu Acryl Paste pie\u0161\u0137ir vienk\u0101r\u0161iem akrila z\u012bm\u0113jumiem \u012bpa\u0161us akcentus. Uz \u016bdens b\u0101zes izgatavot\u0101 akrila kr\u0101sa-pasta ir \u016bdensdro\u0161a un notur\u012bga pret izbalo\u0161anu. Pateicoties t\u0101s kr\u0113mveida konsistencei, kr\u0101sa ir lieliski piem\u0113rota darbam ar \u0161abloniem. Ar pastu var veidot interesantus smil\u0161u un sniega efektus, k\u0101 ar\u012b telpiskus met\u0101liskus efektus uz gleznu r\u0101mjiem.<\/p>\n","protected":false},"featured_media":143000,"comment_status":"closed","ping_status":"closed","template":"","meta":{"_acf_changed":false,"ep_exclude_from_search":false},"product_cat":[18994,17980,16123],"product_tag":[],"class_list":{"0":"post-119550","1":"product","2":"type-product","3":"status-publish","4":"has-post-thumbnail","6":"product_cat-akrila-krasas","7":"product_cat-krasas-un-gleznosanas-paligmateriali","8":"product_cat-makslas-piederumi-2","9":"pa_kma-20411","10":"pa_kma-20412","11":"pa_kma-20413","12":"pa_kma-20414","14":"first","15":"instock","16":"taxable","17":"shipping-taxable","18":"purchasable","19":"product-type-variable"},"acf":[],"yoast_head":"<!-- This site is optimized with the Yoast SEO plugin v24.1 - https:\/\/yoast.com\/wordpress\/plugins\/seo\/ -->\n<title>Akrila kr\u0101sa Marabu Paste 100ml &#8211; Skizze<\/title>\n<meta name=\"robots\" content=\"noindex, follow, max-snippet:-1, max-image-preview:large, max-video-preview:-1\" \/>\n<meta property=\"og:locale\" content=\"lv_LV\" \/>\n<meta property=\"og:type\" content=\"article\" \/>\n<meta property=\"og:title\" content=\"Akrila kr\u0101sa Marabu Paste 100ml &#8211; Skizze\" \/>\n<meta property=\"og:description\" content=\"Marabu Acryl Paste pie\u0161\u0137ir vienk\u0101r\u0161iem akrila z\u012bm\u0113jumiem \u012bpa\u0161us akcentus. Uz \u016bdens b\u0101zes izgatavot\u0101 akrila kr\u0101sa-pasta ir \u016bdensdro\u0161a un notur\u012bga pret izbalo\u0161anu. Pateicoties t\u0101s kr\u0113mveida konsistencei, kr\u0101sa ir lieliski piem\u0113rota darbam ar \u0161abloniem. Ar pastu var veidot interesantus smil\u0161u un sniega efektus, k\u0101 ar\u012b telpiskus met\u0101liskus efektus uz gleznu r\u0101mjiem.\" \/>\n<meta property=\"og:url\" content=\"https:\/\/www.hobstop.ee\/lv\/produkts\/akrila-krasa-marabu-paste-100ml\/\" \/>\n<meta property=\"og:site_name\" content=\"Skizze\" \/>\n<meta property=\"article:publisher\" content=\"http:\/\/www.facebook.com\/VunderSkizze\" \/>\n<meta property=\"article:modified_time\" content=\"2021-12-29T09:37:10+00:00\" \/>\n<meta property=\"og:image\" content=\"https:\/\/www.hobstop.ee\/media\/3938.jpg\" \/>\n\t<meta property=\"og:image:width\" content=\"1024\" \/>\n\t<meta property=\"og:image:height\" content=\"768\" \/>\n\t<meta property=\"og:image:type\" content=\"image\/jpeg\" \/>\n<meta name=\"twitter:card\" content=\"summary_large_image\" \/>\n<script type=\"application\/ld+json\" class=\"yoast-schema-graph\">{\"@context\":\"https:\/\/schema.org\",\"@graph\":[{\"@type\":\"WebPage\",\"@id\":\"https:\/\/www.hobstop.ee\/lv\/produkts\/akrila-krasa-marabu-paste-100ml\/\",\"url\":\"https:\/\/www.hobstop.ee\/lv\/produkts\/akrila-krasa-marabu-paste-100ml\/\",\"name\":\"Akrila kr\u0101sa Marabu Paste 100ml &#8211; Skizze\",\"isPartOf\":{\"@id\":\"https:\/\/hobstop.ee\/lv\/#website\"},\"primaryImageOfPage\":{\"@id\":\"https:\/\/www.hobstop.ee\/lv\/produkts\/akrila-krasa-marabu-paste-100ml\/#primaryimage\"},\"image\":{\"@id\":\"https:\/\/www.hobstop.ee\/lv\/produkts\/akrila-krasa-marabu-paste-100ml\/#primaryimage\"},\"thumbnailUrl\":\"https:\/\/www.hobstop.ee\/media\/3938.jpg\",\"datePublished\":\"2015-07-01T11:09:35+00:00\",\"dateModified\":\"2021-12-29T09:37:10+00:00\",\"breadcrumb\":{\"@id\":\"https:\/\/www.hobstop.ee\/lv\/produkts\/akrila-krasa-marabu-paste-100ml\/#breadcrumb\"},\"inLanguage\":\"lv-LV\",\"potentialAction\":[{\"@type\":\"ReadAction\",\"target\":[\"https:\/\/www.hobstop.ee\/lv\/produkts\/akrila-krasa-marabu-paste-100ml\/\"]}]},{\"@type\":\"ImageObject\",\"inLanguage\":\"lv-LV\",\"@id\":\"https:\/\/www.hobstop.ee\/lv\/produkts\/akrila-krasa-marabu-paste-100ml\/#primaryimage\",\"url\":\"https:\/\/www.hobstop.ee\/media\/3938.jpg\",\"contentUrl\":\"https:\/\/www.hobstop.ee\/media\/3938.jpg\",\"width\":1024,\"height\":768},{\"@type\":\"BreadcrumbList\",\"@id\":\"https:\/\/www.hobstop.ee\/lv\/produkts\/akrila-krasa-marabu-paste-100ml\/#breadcrumb\",\"itemListElement\":[{\"@type\":\"ListItem\",\"position\":1,\"name\":\"Avaleht\",\"item\":\"https:\/\/www.hobstop.ee\/lv\/\"},{\"@type\":\"ListItem\",\"position\":2,\"name\":\"Veikals\",\"item\":\"https:\/\/www.hobstop.ee\/lv\/veikals\/\"},{\"@type\":\"ListItem\",\"position\":3,\"name\":\"Akrila kr\u0101sa Marabu Paste 100ml\"}]},{\"@type\":\"WebSite\",\"@id\":\"https:\/\/hobstop.ee\/lv\/#website\",\"url\":\"https:\/\/hobstop.ee\/lv\/\",\"name\":\"Skizze\",\"description\":\"M\u0101kslas, hobiju un skolas preces\",\"publisher\":{\"@id\":\"https:\/\/hobstop.ee\/lv\/#organization\"},\"potentialAction\":[{\"@type\":\"SearchAction\",\"target\":{\"@type\":\"EntryPoint\",\"urlTemplate\":\"https:\/\/hobstop.ee\/lv\/?s={search_term_string}\"},\"query-input\":{\"@type\":\"PropertyValueSpecification\",\"valueRequired\":true,\"valueName\":\"search_term_string\"}}],\"inLanguage\":\"lv-LV\"},{\"@type\":\"Organization\",\"@id\":\"https:\/\/hobstop.ee\/lv\/#organization\",\"name\":\"Vunder AS\",\"url\":\"https:\/\/hobstop.ee\/lv\/\",\"logo\":{\"@type\":\"ImageObject\",\"inLanguage\":\"lv-LV\",\"@id\":\"https:\/\/hobstop.ee\/lv\/#\/schema\/logo\/image\/\",\"url\":\"https:\/\/hobstop.ee\/media\/vunder-logo.png\",\"contentUrl\":\"https:\/\/hobstop.ee\/media\/vunder-logo.png\",\"width\":127,\"height\":55,\"caption\":\"Vunder AS\"},\"image\":{\"@id\":\"https:\/\/hobstop.ee\/lv\/#\/schema\/logo\/image\/\"},\"sameAs\":[\"http:\/\/www.facebook.com\/VunderSkizze\"]}]}<\/script>\n<!-- \/ Yoast SEO plugin. -->","yoast_head_json":{"title":"Akrila kr\u0101sa Marabu Paste 100ml &#8211; Skizze","robots":{"index":"noindex","follow":"follow","max-snippet":"max-snippet:-1","max-image-preview":"max-image-preview:large","max-video-preview":"max-video-preview:-1"},"og_locale":"lv_LV","og_type":"article","og_title":"Akrila kr\u0101sa Marabu Paste 100ml &#8211; Skizze","og_description":"Marabu Acryl Paste pie\u0161\u0137ir vienk\u0101r\u0161iem akrila z\u012bm\u0113jumiem \u012bpa\u0161us akcentus. Uz \u016bdens b\u0101zes izgatavot\u0101 akrila kr\u0101sa-pasta ir \u016bdensdro\u0161a un notur\u012bga pret izbalo\u0161anu. Pateicoties t\u0101s kr\u0113mveida konsistencei, kr\u0101sa ir lieliski piem\u0113rota darbam ar \u0161abloniem. Ar pastu var veidot interesantus smil\u0161u un sniega efektus, k\u0101 ar\u012b telpiskus met\u0101liskus efektus uz gleznu r\u0101mjiem.","og_url":"https:\/\/www.hobstop.ee\/lv\/produkts\/akrila-krasa-marabu-paste-100ml\/","og_site_name":"Skizze","article_publisher":"http:\/\/www.facebook.com\/VunderSkizze","article_modified_time":"2021-12-29T09:37:10+00:00","og_image":[{"width":1024,"height":768,"url":"https:\/\/www.hobstop.ee\/media\/3938.jpg","type":"image\/jpeg"}],"twitter_card":"summary_large_image","schema":{"@context":"https:\/\/schema.org","@graph":[{"@type":"WebPage","@id":"https:\/\/www.hobstop.ee\/lv\/produkts\/akrila-krasa-marabu-paste-100ml\/","url":"https:\/\/www.hobstop.ee\/lv\/produkts\/akrila-krasa-marabu-paste-100ml\/","name":"Akrila kr\u0101sa Marabu Paste 100ml &#8211; Skizze","isPartOf":{"@id":"https:\/\/hobstop.ee\/lv\/#website"},"primaryImageOfPage":{"@id":"https:\/\/www.hobstop.ee\/lv\/produkts\/akrila-krasa-marabu-paste-100ml\/#primaryimage"},"image":{"@id":"https:\/\/www.hobstop.ee\/lv\/produkts\/akrila-krasa-marabu-paste-100ml\/#primaryimage"},"thumbnailUrl":"https:\/\/www.hobstop.ee\/media\/3938.jpg","datePublished":"2015-07-01T11:09:35+00:00","dateModified":"2021-12-29T09:37:10+00:00","breadcrumb":{"@id":"https:\/\/www.hobstop.ee\/lv\/produkts\/akrila-krasa-marabu-paste-100ml\/#breadcrumb"},"inLanguage":"lv-LV","potentialAction":[{"@type":"ReadAction","target":["https:\/\/www.hobstop.ee\/lv\/produkts\/akrila-krasa-marabu-paste-100ml\/"]}]},{"@type":"ImageObject","inLanguage":"lv-LV","@id":"https:\/\/www.hobstop.ee\/lv\/produkts\/akrila-krasa-marabu-paste-100ml\/#primaryimage","url":"https:\/\/www.hobstop.ee\/media\/3938.jpg","contentUrl":"https:\/\/www.hobstop.ee\/media\/3938.jpg","width":1024,"height":768},{"@type":"BreadcrumbList","@id":"https:\/\/www.hobstop.ee\/lv\/produkts\/akrila-krasa-marabu-paste-100ml\/#breadcrumb","itemListElement":[{"@type":"ListItem","position":1,"name":"Avaleht","item":"https:\/\/www.hobstop.ee\/lv\/"},{"@type":"ListItem","position":2,"name":"Veikals","item":"https:\/\/www.hobstop.ee\/lv\/veikals\/"},{"@type":"ListItem","position":3,"name":"Akrila kr\u0101sa Marabu Paste 100ml"}]},{"@type":"WebSite","@id":"https:\/\/hobstop.ee\/lv\/#website","url":"https:\/\/hobstop.ee\/lv\/","name":"Skizze","description":"M\u0101kslas, hobiju un skolas preces","publisher":{"@id":"https:\/\/hobstop.ee\/lv\/#organization"},"potentialAction":[{"@type":"SearchAction","target":{"@type":"EntryPoint","urlTemplate":"https:\/\/hobstop.ee\/lv\/?s={search_term_string}"},"query-input":{"@type":"PropertyValueSpecification","valueRequired":true,"valueName":"search_term_string"}}],"inLanguage":"lv-LV"},{"@type":"Organization","@id":"https:\/\/hobstop.ee\/lv\/#organization","name":"Vunder AS","url":"https:\/\/hobstop.ee\/lv\/","logo":{"@type":"ImageObject","inLanguage":"lv-LV","@id":"https:\/\/hobstop.ee\/lv\/#\/schema\/logo\/image\/","url":"https:\/\/hobstop.ee\/media\/vunder-logo.png","contentUrl":"https:\/\/hobstop.ee\/media\/vunder-logo.png","width":127,"height":55,"caption":"Vunder AS"},"image":{"@id":"https:\/\/hobstop.ee\/lv\/#\/schema\/logo\/image\/"},"sameAs":["http:\/\/www.facebook.com\/VunderSkizze"]}]}},"_links":{"self":[{"href":"https:\/\/www.hobstop.ee\/lv\/wp-json\/wp\/v2\/product\/119550","targetHints":{"allow":["GET"]}}],"collection":[{"href":"https:\/\/www.hobstop.ee\/lv\/wp-json\/wp\/v2\/product"}],"about":[{"href":"https:\/\/www.hobstop.ee\/lv\/wp-json\/wp\/v2\/types\/product"}],"replies":[{"embeddable":true,"href":"https:\/\/www.hobstop.ee\/lv\/wp-json\/wp\/v2\/comments?post=119550"}],"wp:featuredmedia":[{"embeddable":true,"href":"https:\/\/www.hobstop.ee\/lv\/wp-json\/wp\/v2\/media\/143000"}],"wp:attachment":[{"href":"https:\/\/www.hobstop.ee\/lv\/wp-json\/wp\/v2\/media?parent=119550"}],"wp:term":[{"taxonomy":"product_cat","embeddable":true,"href":"https:\/\/www.hobstop.ee\/lv\/wp-json\/wp\/v2\/product_cat?post=119550"},{"taxonomy":"product_tag","embeddable":true,"href":"https:\/\/www.hobstop.ee\/lv\/wp-json\/wp\/v2\/product_tag?post=119550"}],"curies":[{"name":"wp","href":"https:\/\/api.w.org\/{rel}","templated":true}]}}