{"id":129735,"date":"2015-07-03T21:45:29","date_gmt":"2015-07-03T18:45:29","guid":{"rendered":"http:\/\/vunder-ee.sn25.zone.eu\/lv\/product\/patina-vasks-gothic-500-ml\/"},"modified":"2015-07-03T21:45:29","modified_gmt":"2015-07-03T18:45:29","slug":"patina-vasks-gothic-500-ml","status":"publish","type":"product","link":"https:\/\/www.hobstop.ee\/lv\/produkts\/patina-vasks-gothic-500-ml\/","title":{"rendered":"Patina vasks Gothic 500 ml"},"content":{"rendered":"<p>Gothic Patina ir uz bitumena b\u0101zes veidots, labi nokl\u0101jo\u0161s \u0161\u0137idrais vasks, kas pie\u0161\u0137ir gan vec\u0101m, gan jaun\u0101m sij\u0101m veclaic\u012bgu toni. Piem\u0113rots iek\u0161telp\u0101s eso\u0161u siju apdarei. Gothic Patina vasks piem\u0113rots ar\u012b m\u0113be\u013cu apdarei. Gothic Patina pie\u0161\u0137ir kokam veclaic\u012bgu, t.s. degu\u0161a koka toni, vienlaikus aizsarg\u0101jot koku.<br \/>\nP\u0101rkl\u0101jums: 5m\u00b2\/L<br \/>\n\u017d\u016b\u0161anas laiks: 2h<br \/>\nDarba r\u012bki: ota<br \/>\nDarba r\u012bku t\u012br\u012b\u0161ana: lakbenz\u012bns<\/p>\n","protected":false},"excerpt":{"rendered":"<p>Gothic Patina ir uz bitumena b\u0101zes veidots, labi nokl\u0101jo\u0161s \u0161\u0137idrais vasks, kas pie\u0161\u0137ir gan vec\u0101m, gan jaun\u0101m sij\u0101m veclaic\u012bgu toni. Piem\u0113rots iek\u0161telp\u0101s eso\u0161u siju apdarei. Gothic Patina vasks piem\u0113rots ar\u012b m\u0113be\u013cu apdarei. Gothic Patina pie\u0161\u0137ir kokam veclaic\u012bgu, t.s. degu\u0161a koka toni, vienlaikus aizsarg\u0101jot koku. P\u0101rkl\u0101jums: 5m\u00b2\/L \u017d\u016b\u0161anas laiks: 2h Darba r\u012bki: ota Darba r\u012bku t\u012br\u012b\u0161ana: lakbenz\u012bns<\/p>\n","protected":false},"featured_media":104874,"comment_status":"closed","ping_status":"closed","template":"","meta":{"_acf_changed":false,"ep_exclude_from_search":false},"product_cat":[18574,18561,14970],"product_tag":[],"class_list":{"0":"post-129735","1":"product","2":"type-product","3":"status-publish","4":"has-post-thumbnail","6":"product_cat-koka-vaski","7":"product_cat-restauracija","8":"product_cat-restauracija-un-iekstelpu-apdare-2","10":"first","11":"instock","12":"taxable","13":"shipping-taxable","14":"purchasable","15":"product-type-variable"},"acf":[],"yoast_head":"<!-- This site is optimized with the Yoast SEO plugin v24.1 - https:\/\/yoast.com\/wordpress\/plugins\/seo\/ -->\n<title>Patina vasks Gothic 500 ml &#8211; Skizze<\/title>\n<meta name=\"robots\" content=\"noindex, follow, max-snippet:-1, max-image-preview:large, max-video-preview:-1\" \/>\n<meta property=\"og:locale\" content=\"lv_LV\" \/>\n<meta property=\"og:type\" content=\"article\" \/>\n<meta property=\"og:title\" content=\"Patina vasks Gothic 500 ml &#8211; Skizze\" \/>\n<meta property=\"og:description\" content=\"Gothic Patina ir uz bitumena b\u0101zes veidots, labi nokl\u0101jo\u0161s \u0161\u0137idrais vasks, kas pie\u0161\u0137ir gan vec\u0101m, gan jaun\u0101m sij\u0101m veclaic\u012bgu toni. Piem\u0113rots iek\u0161telp\u0101s eso\u0161u siju apdarei. Gothic Patina vasks piem\u0113rots ar\u012b m\u0113be\u013cu apdarei. Gothic Patina pie\u0161\u0137ir kokam veclaic\u012bgu, t.s. degu\u0161a koka toni, vienlaikus aizsarg\u0101jot koku. P\u0101rkl\u0101jums: 5m\u00b2\/L \u017d\u016b\u0161anas laiks: 2h Darba r\u012bki: ota Darba r\u012bku t\u012br\u012b\u0161ana: lakbenz\u012bns\" \/>\n<meta property=\"og:url\" content=\"https:\/\/www.hobstop.ee\/lv\/produkts\/patina-vasks-gothic-500-ml\/\" \/>\n<meta property=\"og:site_name\" content=\"Skizze\" \/>\n<meta property=\"article:publisher\" content=\"http:\/\/www.facebook.com\/VunderSkizze\" \/>\n<meta property=\"og:image\" content=\"https:\/\/www.hobstop.ee\/media\/2485.jpg\" \/>\n\t<meta property=\"og:image:width\" content=\"1024\" \/>\n\t<meta property=\"og:image:height\" content=\"768\" \/>\n\t<meta property=\"og:image:type\" content=\"image\/jpeg\" \/>\n<meta name=\"twitter:card\" content=\"summary_large_image\" \/>\n<script type=\"application\/ld+json\" class=\"yoast-schema-graph\">{\"@context\":\"https:\/\/schema.org\",\"@graph\":[{\"@type\":\"WebPage\",\"@id\":\"https:\/\/www.hobstop.ee\/lv\/produkts\/patina-vasks-gothic-500-ml\/\",\"url\":\"https:\/\/www.hobstop.ee\/lv\/produkts\/patina-vasks-gothic-500-ml\/\",\"name\":\"Patina vasks Gothic 500 ml &#8211; Skizze\",\"isPartOf\":{\"@id\":\"https:\/\/hobstop.ee\/lv\/#website\"},\"primaryImageOfPage\":{\"@id\":\"https:\/\/www.hobstop.ee\/lv\/produkts\/patina-vasks-gothic-500-ml\/#primaryimage\"},\"image\":{\"@id\":\"https:\/\/www.hobstop.ee\/lv\/produkts\/patina-vasks-gothic-500-ml\/#primaryimage\"},\"thumbnailUrl\":\"https:\/\/www.hobstop.ee\/media\/2485.jpg\",\"datePublished\":\"2015-07-03T18:45:29+00:00\",\"dateModified\":\"2015-07-03T18:45:29+00:00\",\"breadcrumb\":{\"@id\":\"https:\/\/www.hobstop.ee\/lv\/produkts\/patina-vasks-gothic-500-ml\/#breadcrumb\"},\"inLanguage\":\"lv-LV\",\"potentialAction\":[{\"@type\":\"ReadAction\",\"target\":[\"https:\/\/www.hobstop.ee\/lv\/produkts\/patina-vasks-gothic-500-ml\/\"]}]},{\"@type\":\"ImageObject\",\"inLanguage\":\"lv-LV\",\"@id\":\"https:\/\/www.hobstop.ee\/lv\/produkts\/patina-vasks-gothic-500-ml\/#primaryimage\",\"url\":\"https:\/\/www.hobstop.ee\/media\/2485.jpg\",\"contentUrl\":\"https:\/\/www.hobstop.ee\/media\/2485.jpg\",\"width\":1024,\"height\":768},{\"@type\":\"BreadcrumbList\",\"@id\":\"https:\/\/www.hobstop.ee\/lv\/produkts\/patina-vasks-gothic-500-ml\/#breadcrumb\",\"itemListElement\":[{\"@type\":\"ListItem\",\"position\":1,\"name\":\"Avaleht\",\"item\":\"https:\/\/hobstop.ee\/lv\/\"},{\"@type\":\"ListItem\",\"position\":2,\"name\":\"Veikals\",\"item\":\"https:\/\/hobstop.ee\/lv\/veikals\/\"},{\"@type\":\"ListItem\",\"position\":3,\"name\":\"Patina vasks Gothic 500 ml\"}]},{\"@type\":\"WebSite\",\"@id\":\"https:\/\/hobstop.ee\/lv\/#website\",\"url\":\"https:\/\/hobstop.ee\/lv\/\",\"name\":\"Skizze\",\"description\":\"M\u0101kslas, hobiju un skolas preces\",\"publisher\":{\"@id\":\"https:\/\/hobstop.ee\/lv\/#organization\"},\"potentialAction\":[{\"@type\":\"SearchAction\",\"target\":{\"@type\":\"EntryPoint\",\"urlTemplate\":\"https:\/\/hobstop.ee\/lv\/?s={search_term_string}\"},\"query-input\":{\"@type\":\"PropertyValueSpecification\",\"valueRequired\":true,\"valueName\":\"search_term_string\"}}],\"inLanguage\":\"lv-LV\"},{\"@type\":\"Organization\",\"@id\":\"https:\/\/hobstop.ee\/lv\/#organization\",\"name\":\"Vunder AS\",\"url\":\"https:\/\/hobstop.ee\/lv\/\",\"logo\":{\"@type\":\"ImageObject\",\"inLanguage\":\"lv-LV\",\"@id\":\"https:\/\/hobstop.ee\/lv\/#\/schema\/logo\/image\/\",\"url\":\"https:\/\/hobstop.ee\/media\/vunder-logo.png\",\"contentUrl\":\"https:\/\/hobstop.ee\/media\/vunder-logo.png\",\"width\":127,\"height\":55,\"caption\":\"Vunder AS\"},\"image\":{\"@id\":\"https:\/\/hobstop.ee\/lv\/#\/schema\/logo\/image\/\"},\"sameAs\":[\"http:\/\/www.facebook.com\/VunderSkizze\"]}]}<\/script>\n<!-- \/ Yoast SEO plugin. -->","yoast_head_json":{"title":"Patina vasks Gothic 500 ml &#8211; Skizze","robots":{"index":"noindex","follow":"follow","max-snippet":"max-snippet:-1","max-image-preview":"max-image-preview:large","max-video-preview":"max-video-preview:-1"},"og_locale":"lv_LV","og_type":"article","og_title":"Patina vasks Gothic 500 ml &#8211; Skizze","og_description":"Gothic Patina ir uz bitumena b\u0101zes veidots, labi nokl\u0101jo\u0161s \u0161\u0137idrais vasks, kas pie\u0161\u0137ir gan vec\u0101m, gan jaun\u0101m sij\u0101m veclaic\u012bgu toni. Piem\u0113rots iek\u0161telp\u0101s eso\u0161u siju apdarei. Gothic Patina vasks piem\u0113rots ar\u012b m\u0113be\u013cu apdarei. Gothic Patina pie\u0161\u0137ir kokam veclaic\u012bgu, t.s. degu\u0161a koka toni, vienlaikus aizsarg\u0101jot koku. P\u0101rkl\u0101jums: 5m\u00b2\/L \u017d\u016b\u0161anas laiks: 2h Darba r\u012bki: ota Darba r\u012bku t\u012br\u012b\u0161ana: lakbenz\u012bns","og_url":"https:\/\/www.hobstop.ee\/lv\/produkts\/patina-vasks-gothic-500-ml\/","og_site_name":"Skizze","article_publisher":"http:\/\/www.facebook.com\/VunderSkizze","og_image":[{"width":1024,"height":768,"url":"https:\/\/www.hobstop.ee\/media\/2485.jpg","type":"image\/jpeg"}],"twitter_card":"summary_large_image","schema":{"@context":"https:\/\/schema.org","@graph":[{"@type":"WebPage","@id":"https:\/\/www.hobstop.ee\/lv\/produkts\/patina-vasks-gothic-500-ml\/","url":"https:\/\/www.hobstop.ee\/lv\/produkts\/patina-vasks-gothic-500-ml\/","name":"Patina vasks Gothic 500 ml &#8211; Skizze","isPartOf":{"@id":"https:\/\/hobstop.ee\/lv\/#website"},"primaryImageOfPage":{"@id":"https:\/\/www.hobstop.ee\/lv\/produkts\/patina-vasks-gothic-500-ml\/#primaryimage"},"image":{"@id":"https:\/\/www.hobstop.ee\/lv\/produkts\/patina-vasks-gothic-500-ml\/#primaryimage"},"thumbnailUrl":"https:\/\/www.hobstop.ee\/media\/2485.jpg","datePublished":"2015-07-03T18:45:29+00:00","dateModified":"2015-07-03T18:45:29+00:00","breadcrumb":{"@id":"https:\/\/www.hobstop.ee\/lv\/produkts\/patina-vasks-gothic-500-ml\/#breadcrumb"},"inLanguage":"lv-LV","potentialAction":[{"@type":"ReadAction","target":["https:\/\/www.hobstop.ee\/lv\/produkts\/patina-vasks-gothic-500-ml\/"]}]},{"@type":"ImageObject","inLanguage":"lv-LV","@id":"https:\/\/www.hobstop.ee\/lv\/produkts\/patina-vasks-gothic-500-ml\/#primaryimage","url":"https:\/\/www.hobstop.ee\/media\/2485.jpg","contentUrl":"https:\/\/www.hobstop.ee\/media\/2485.jpg","width":1024,"height":768},{"@type":"BreadcrumbList","@id":"https:\/\/www.hobstop.ee\/lv\/produkts\/patina-vasks-gothic-500-ml\/#breadcrumb","itemListElement":[{"@type":"ListItem","position":1,"name":"Avaleht","item":"https:\/\/hobstop.ee\/lv\/"},{"@type":"ListItem","position":2,"name":"Veikals","item":"https:\/\/hobstop.ee\/lv\/veikals\/"},{"@type":"ListItem","position":3,"name":"Patina vasks Gothic 500 ml"}]},{"@type":"WebSite","@id":"https:\/\/hobstop.ee\/lv\/#website","url":"https:\/\/hobstop.ee\/lv\/","name":"Skizze","description":"M\u0101kslas, hobiju un skolas preces","publisher":{"@id":"https:\/\/hobstop.ee\/lv\/#organization"},"potentialAction":[{"@type":"SearchAction","target":{"@type":"EntryPoint","urlTemplate":"https:\/\/hobstop.ee\/lv\/?s={search_term_string}"},"query-input":{"@type":"PropertyValueSpecification","valueRequired":true,"valueName":"search_term_string"}}],"inLanguage":"lv-LV"},{"@type":"Organization","@id":"https:\/\/hobstop.ee\/lv\/#organization","name":"Vunder AS","url":"https:\/\/hobstop.ee\/lv\/","logo":{"@type":"ImageObject","inLanguage":"lv-LV","@id":"https:\/\/hobstop.ee\/lv\/#\/schema\/logo\/image\/","url":"https:\/\/hobstop.ee\/media\/vunder-logo.png","contentUrl":"https:\/\/hobstop.ee\/media\/vunder-logo.png","width":127,"height":55,"caption":"Vunder AS"},"image":{"@id":"https:\/\/hobstop.ee\/lv\/#\/schema\/logo\/image\/"},"sameAs":["http:\/\/www.facebook.com\/VunderSkizze"]}]}},"_links":{"self":[{"href":"https:\/\/www.hobstop.ee\/lv\/wp-json\/wp\/v2\/product\/129735","targetHints":{"allow":["GET"]}}],"collection":[{"href":"https:\/\/www.hobstop.ee\/lv\/wp-json\/wp\/v2\/product"}],"about":[{"href":"https:\/\/www.hobstop.ee\/lv\/wp-json\/wp\/v2\/types\/product"}],"replies":[{"embeddable":true,"href":"https:\/\/www.hobstop.ee\/lv\/wp-json\/wp\/v2\/comments?post=129735"}],"wp:featuredmedia":[{"embeddable":true,"href":"https:\/\/www.hobstop.ee\/lv\/wp-json\/wp\/v2\/media\/104874"}],"wp:attachment":[{"href":"https:\/\/www.hobstop.ee\/lv\/wp-json\/wp\/v2\/media?parent=129735"}],"wp:term":[{"taxonomy":"product_cat","embeddable":true,"href":"https:\/\/www.hobstop.ee\/lv\/wp-json\/wp\/v2\/product_cat?post=129735"},{"taxonomy":"product_tag","embeddable":true,"href":"https:\/\/www.hobstop.ee\/lv\/wp-json\/wp\/v2\/product_tag?post=129735"}],"curies":[{"name":"wp","href":"https:\/\/api.w.org\/{rel}","templated":true}]}}