{"id":213111,"date":"2015-06-01T15:18:10","date_gmt":"2015-09-09T12:18:10","guid":{"rendered":"http:\/\/vunder-ee.sn25.zone.eu\/lv\/product\/kaligrafijas-komplekts-the-art-of-writing-425qcs\/"},"modified":"2015-09-09T15:18:10","modified_gmt":"2015-09-09T12:18:10","slug":"kaligrafijas-komplekts-the-art-of-writing-425qcs","status":"publish","type":"product","link":"https:\/\/www.hobstop.ee\/lv\/produkts\/kaligrafijas-komplekts-the-art-of-writing-425qcs\/","title":{"rendered":"Kaligr\u0101fijas komplekts The Art of Writing 425QCS"},"content":{"rendered":"<p>Komplekt\u0101:<br \/>\nSpalvask\u0101ts<br \/>\n2 papildus spalvas<br \/>\nTinte<br \/>\nSpiedogs<br \/>\n2 spiedoga vaski (zelta, sarkans)<br \/>\nPap\u012brs un aploksnes<\/p>\n","protected":false},"excerpt":{"rendered":"<p>Komplekt\u0101: Spalvask\u0101ts 2 papildus spalvas Tinte Spiedogs 2 spiedoga vaski (zelta, sarkans) Pap\u012brs un aploksnes<\/p>\n","protected":false},"featured_media":0,"comment_status":"closed","ping_status":"closed","template":"","meta":{"_acf_changed":false,"ep_exclude_from_search":false},"product_cat":[18330,17975,16123],"product_tag":[],"class_list":{"0":"post-213111","1":"product","2":"type-product","3":"status-publish","5":"product_cat-davanu-komplekti","6":"product_cat-kaligrafijas-piederumi","7":"product_cat-makslas-piederumi-2","9":"first","10":"outofstock","11":"sale","12":"taxable","13":"shipping-taxable","14":"purchasable","15":"product-type-variable"},"acf":[],"yoast_head":"<!-- This site is optimized with the Yoast SEO plugin v24.1 - https:\/\/yoast.com\/wordpress\/plugins\/seo\/ -->\n<title>Kaligr\u0101fijas komplekts The Art of Writing 425QCS &#8211; Skizze<\/title>\n<meta name=\"robots\" content=\"noindex, follow, max-snippet:-1, max-image-preview:large, max-video-preview:-1\" \/>\n<meta property=\"og:locale\" content=\"lv_LV\" \/>\n<meta property=\"og:type\" content=\"article\" \/>\n<meta property=\"og:title\" content=\"Kaligr\u0101fijas komplekts The Art of Writing 425QCS &#8211; Skizze\" \/>\n<meta property=\"og:description\" content=\"Komplekt\u0101: Spalvask\u0101ts 2 papildus spalvas Tinte Spiedogs 2 spiedoga vaski (zelta, sarkans) Pap\u012brs un aploksnes\" \/>\n<meta property=\"og:url\" content=\"https:\/\/www.hobstop.ee\/lv\/produkts\/kaligrafijas-komplekts-the-art-of-writing-425qcs\/\" \/>\n<meta property=\"og:site_name\" content=\"Skizze\" \/>\n<meta property=\"article:publisher\" content=\"http:\/\/www.facebook.com\/VunderSkizze\" \/>\n<meta name=\"twitter:card\" content=\"summary_large_image\" \/>\n<script type=\"application\/ld+json\" class=\"yoast-schema-graph\">{\"@context\":\"https:\/\/schema.org\",\"@graph\":[{\"@type\":\"WebPage\",\"@id\":\"https:\/\/www.hobstop.ee\/lv\/produkts\/kaligrafijas-komplekts-the-art-of-writing-425qcs\/\",\"url\":\"https:\/\/www.hobstop.ee\/lv\/produkts\/kaligrafijas-komplekts-the-art-of-writing-425qcs\/\",\"name\":\"Kaligr\u0101fijas komplekts The Art of Writing 425QCS &#8211; Skizze\",\"isPartOf\":{\"@id\":\"https:\/\/www.hobstop.ee\/lv\/#website\"},\"datePublished\":\"2015-09-09T12:18:10+00:00\",\"dateModified\":\"2015-09-09T12:18:10+00:00\",\"breadcrumb\":{\"@id\":\"https:\/\/www.hobstop.ee\/lv\/produkts\/kaligrafijas-komplekts-the-art-of-writing-425qcs\/#breadcrumb\"},\"inLanguage\":\"lv-LV\",\"potentialAction\":[{\"@type\":\"ReadAction\",\"target\":[\"https:\/\/www.hobstop.ee\/lv\/produkts\/kaligrafijas-komplekts-the-art-of-writing-425qcs\/\"]}]},{\"@type\":\"BreadcrumbList\",\"@id\":\"https:\/\/www.hobstop.ee\/lv\/produkts\/kaligrafijas-komplekts-the-art-of-writing-425qcs\/#breadcrumb\",\"itemListElement\":[{\"@type\":\"ListItem\",\"position\":1,\"name\":\"Avaleht\",\"item\":\"https:\/\/www.hobstop.ee\/lv\/\"},{\"@type\":\"ListItem\",\"position\":2,\"name\":\"Veikals\",\"item\":\"https:\/\/www.hobstop.ee\/lv\/veikals\/\"},{\"@type\":\"ListItem\",\"position\":3,\"name\":\"Kaligr\u0101fijas komplekts The Art of Writing 425QCS\"}]},{\"@type\":\"WebSite\",\"@id\":\"https:\/\/www.hobstop.ee\/lv\/#website\",\"url\":\"https:\/\/www.hobstop.ee\/lv\/\",\"name\":\"Skizze\",\"description\":\"M\u0101kslas, hobiju un skolas preces\",\"publisher\":{\"@id\":\"https:\/\/www.hobstop.ee\/lv\/#organization\"},\"potentialAction\":[{\"@type\":\"SearchAction\",\"target\":{\"@type\":\"EntryPoint\",\"urlTemplate\":\"https:\/\/www.hobstop.ee\/lv\/?s={search_term_string}\"},\"query-input\":{\"@type\":\"PropertyValueSpecification\",\"valueRequired\":true,\"valueName\":\"search_term_string\"}}],\"inLanguage\":\"lv-LV\"},{\"@type\":\"Organization\",\"@id\":\"https:\/\/www.hobstop.ee\/lv\/#organization\",\"name\":\"Vunder AS\",\"url\":\"https:\/\/www.hobstop.ee\/lv\/\",\"logo\":{\"@type\":\"ImageObject\",\"inLanguage\":\"lv-LV\",\"@id\":\"https:\/\/www.hobstop.ee\/lv\/#\/schema\/logo\/image\/\",\"url\":\"https:\/\/hobstop.ee\/media\/vunder-logo.png\",\"contentUrl\":\"https:\/\/hobstop.ee\/media\/vunder-logo.png\",\"width\":127,\"height\":55,\"caption\":\"Vunder AS\"},\"image\":{\"@id\":\"https:\/\/www.hobstop.ee\/lv\/#\/schema\/logo\/image\/\"},\"sameAs\":[\"http:\/\/www.facebook.com\/VunderSkizze\"]}]}<\/script>\n<!-- \/ Yoast SEO plugin. -->","yoast_head_json":{"title":"Kaligr\u0101fijas komplekts The Art of Writing 425QCS &#8211; Skizze","robots":{"index":"noindex","follow":"follow","max-snippet":"max-snippet:-1","max-image-preview":"max-image-preview:large","max-video-preview":"max-video-preview:-1"},"og_locale":"lv_LV","og_type":"article","og_title":"Kaligr\u0101fijas komplekts The Art of Writing 425QCS &#8211; Skizze","og_description":"Komplekt\u0101: Spalvask\u0101ts 2 papildus spalvas Tinte Spiedogs 2 spiedoga vaski (zelta, sarkans) Pap\u012brs un aploksnes","og_url":"https:\/\/www.hobstop.ee\/lv\/produkts\/kaligrafijas-komplekts-the-art-of-writing-425qcs\/","og_site_name":"Skizze","article_publisher":"http:\/\/www.facebook.com\/VunderSkizze","twitter_card":"summary_large_image","schema":{"@context":"https:\/\/schema.org","@graph":[{"@type":"WebPage","@id":"https:\/\/www.hobstop.ee\/lv\/produkts\/kaligrafijas-komplekts-the-art-of-writing-425qcs\/","url":"https:\/\/www.hobstop.ee\/lv\/produkts\/kaligrafijas-komplekts-the-art-of-writing-425qcs\/","name":"Kaligr\u0101fijas komplekts The Art of Writing 425QCS &#8211; Skizze","isPartOf":{"@id":"https:\/\/www.hobstop.ee\/lv\/#website"},"datePublished":"2015-09-09T12:18:10+00:00","dateModified":"2015-09-09T12:18:10+00:00","breadcrumb":{"@id":"https:\/\/www.hobstop.ee\/lv\/produkts\/kaligrafijas-komplekts-the-art-of-writing-425qcs\/#breadcrumb"},"inLanguage":"lv-LV","potentialAction":[{"@type":"ReadAction","target":["https:\/\/www.hobstop.ee\/lv\/produkts\/kaligrafijas-komplekts-the-art-of-writing-425qcs\/"]}]},{"@type":"BreadcrumbList","@id":"https:\/\/www.hobstop.ee\/lv\/produkts\/kaligrafijas-komplekts-the-art-of-writing-425qcs\/#breadcrumb","itemListElement":[{"@type":"ListItem","position":1,"name":"Avaleht","item":"https:\/\/www.hobstop.ee\/lv\/"},{"@type":"ListItem","position":2,"name":"Veikals","item":"https:\/\/www.hobstop.ee\/lv\/veikals\/"},{"@type":"ListItem","position":3,"name":"Kaligr\u0101fijas komplekts The Art of Writing 425QCS"}]},{"@type":"WebSite","@id":"https:\/\/www.hobstop.ee\/lv\/#website","url":"https:\/\/www.hobstop.ee\/lv\/","name":"Skizze","description":"M\u0101kslas, hobiju un skolas preces","publisher":{"@id":"https:\/\/www.hobstop.ee\/lv\/#organization"},"potentialAction":[{"@type":"SearchAction","target":{"@type":"EntryPoint","urlTemplate":"https:\/\/www.hobstop.ee\/lv\/?s={search_term_string}"},"query-input":{"@type":"PropertyValueSpecification","valueRequired":true,"valueName":"search_term_string"}}],"inLanguage":"lv-LV"},{"@type":"Organization","@id":"https:\/\/www.hobstop.ee\/lv\/#organization","name":"Vunder AS","url":"https:\/\/www.hobstop.ee\/lv\/","logo":{"@type":"ImageObject","inLanguage":"lv-LV","@id":"https:\/\/www.hobstop.ee\/lv\/#\/schema\/logo\/image\/","url":"https:\/\/hobstop.ee\/media\/vunder-logo.png","contentUrl":"https:\/\/hobstop.ee\/media\/vunder-logo.png","width":127,"height":55,"caption":"Vunder AS"},"image":{"@id":"https:\/\/www.hobstop.ee\/lv\/#\/schema\/logo\/image\/"},"sameAs":["http:\/\/www.facebook.com\/VunderSkizze"]}]}},"_links":{"self":[{"href":"https:\/\/www.hobstop.ee\/lv\/wp-json\/wp\/v2\/product\/213111","targetHints":{"allow":["GET"]}}],"collection":[{"href":"https:\/\/www.hobstop.ee\/lv\/wp-json\/wp\/v2\/product"}],"about":[{"href":"https:\/\/www.hobstop.ee\/lv\/wp-json\/wp\/v2\/types\/product"}],"replies":[{"embeddable":true,"href":"https:\/\/www.hobstop.ee\/lv\/wp-json\/wp\/v2\/comments?post=213111"}],"wp:attachment":[{"href":"https:\/\/www.hobstop.ee\/lv\/wp-json\/wp\/v2\/media?parent=213111"}],"wp:term":[{"taxonomy":"product_cat","embeddable":true,"href":"https:\/\/www.hobstop.ee\/lv\/wp-json\/wp\/v2\/product_cat?post=213111"},{"taxonomy":"product_tag","embeddable":true,"href":"https:\/\/www.hobstop.ee\/lv\/wp-json\/wp\/v2\/product_tag?post=213111"}],"curies":[{"name":"wp","href":"https:\/\/api.w.org\/{rel}","templated":true}]}}