{"id":213498,"date":"2015-06-01T15:22:31","date_gmt":"2015-09-09T12:22:31","guid":{"rendered":"http:\/\/vunder-ee.sn25.zone.eu\/lv\/product\/laka-transcryl-attela-nonemsanai-2\/"},"modified":"2015-09-09T15:22:31","modified_gmt":"2015-09-09T12:22:31","slug":"parnesanas-medijs-lb","status":"publish","type":"product","link":"https:\/\/www.hobstop.ee\/lv\/produkts\/parnesanas-medijs-lb\/","title":{"rendered":"P\u0101rn\u0113\u0161anas m\u0113dijs L&#038;B"},"content":{"rendered":"<p>P\u0101rn\u0113\u0161anas m\u0113dijs uz \u016bdens b\u0101zes. Ar t\u0101 pal\u012bdz\u012bbu var p\u0101rnest druk\u0101tus att\u0113lus uz cit\u0101m virsm\u0101m. \u012apa\u0161i piem\u0113rots porain\u0101m virsm\u0101m.<\/p>\n","protected":false},"excerpt":{"rendered":"<p>P\u0101rn\u0113\u0161anas m\u0113dijs uz \u016bdens b\u0101zes. Ar t\u0101 pal\u012bdz\u012bbu var p\u0101rnest druk\u0101tus att\u0113lus uz cit\u0101m virsm\u0101m. \u012apa\u0161i piem\u0113rots porain\u0101m virsm\u0101m.<\/p>\n","protected":false},"featured_media":221995,"comment_status":"closed","ping_status":"closed","template":"","meta":{"_acf_changed":false,"ep_exclude_from_search":false},"product_cat":[18722,17954,17918],"product_tag":[],"class_list":{"0":"post-213498","1":"product","2":"type-product","3":"status-publish","4":"has-post-thumbnail","6":"product_cat-citi-2","7":"product_cat-decor-krasas","8":"product_cat-preces-hobijiem","10":"first","11":"outofstock","12":"taxable","13":"shipping-taxable","14":"purchasable","15":"product-type-variable"},"acf":[],"yoast_head":"<!-- This site is optimized with the Yoast SEO plugin v24.1 - https:\/\/yoast.com\/wordpress\/plugins\/seo\/ -->\n<title>P\u0101rn\u0113\u0161anas m\u0113dijs L&amp;B &#8211; Skizze<\/title>\n<meta name=\"robots\" content=\"noindex, follow, max-snippet:-1, max-image-preview:large, max-video-preview:-1\" \/>\n<meta property=\"og:locale\" content=\"lv_LV\" \/>\n<meta property=\"og:type\" content=\"article\" \/>\n<meta property=\"og:title\" content=\"P\u0101rn\u0113\u0161anas m\u0113dijs L&amp;B &#8211; Skizze\" \/>\n<meta property=\"og:description\" content=\"P\u0101rn\u0113\u0161anas m\u0113dijs uz \u016bdens b\u0101zes. Ar t\u0101 pal\u012bdz\u012bbu var p\u0101rnest druk\u0101tus att\u0113lus uz cit\u0101m virsm\u0101m. \u012apa\u0161i piem\u0113rots porain\u0101m virsm\u0101m.\" \/>\n<meta property=\"og:url\" content=\"https:\/\/www.hobstop.ee\/lv\/produkts\/parnesanas-medijs-lb\/\" \/>\n<meta property=\"og:site_name\" content=\"Skizze\" \/>\n<meta property=\"article:publisher\" content=\"http:\/\/www.facebook.com\/VunderSkizze\" \/>\n<meta property=\"og:image\" content=\"https:\/\/hobstop.ee\/media\/997.jpg\" \/>\n\t<meta property=\"og:image:width\" content=\"1024\" \/>\n\t<meta property=\"og:image:height\" content=\"768\" \/>\n\t<meta property=\"og:image:type\" content=\"image\/jpeg\" \/>\n<meta name=\"twitter:card\" content=\"summary_large_image\" \/>\n<script type=\"application\/ld+json\" class=\"yoast-schema-graph\">{\"@context\":\"https:\/\/schema.org\",\"@graph\":[{\"@type\":\"WebPage\",\"@id\":\"https:\/\/www.hobstop.ee\/lv\/produkts\/parnesanas-medijs-lb\/\",\"url\":\"https:\/\/www.hobstop.ee\/lv\/produkts\/parnesanas-medijs-lb\/\",\"name\":\"P\u0101rn\u0113\u0161anas m\u0113dijs L&B &#8211; Skizze\",\"isPartOf\":{\"@id\":\"https:\/\/www.hobstop.ee\/lv\/#website\"},\"primaryImageOfPage\":{\"@id\":\"https:\/\/www.hobstop.ee\/lv\/produkts\/parnesanas-medijs-lb\/#primaryimage\"},\"image\":{\"@id\":\"https:\/\/www.hobstop.ee\/lv\/produkts\/parnesanas-medijs-lb\/#primaryimage\"},\"thumbnailUrl\":\"https:\/\/www.hobstop.ee\/media\/997.jpg\",\"datePublished\":\"2015-09-09T12:22:31+00:00\",\"dateModified\":\"2015-09-09T12:22:31+00:00\",\"breadcrumb\":{\"@id\":\"https:\/\/www.hobstop.ee\/lv\/produkts\/parnesanas-medijs-lb\/#breadcrumb\"},\"inLanguage\":\"lv-LV\",\"potentialAction\":[{\"@type\":\"ReadAction\",\"target\":[\"https:\/\/www.hobstop.ee\/lv\/produkts\/parnesanas-medijs-lb\/\"]}]},{\"@type\":\"ImageObject\",\"inLanguage\":\"lv-LV\",\"@id\":\"https:\/\/www.hobstop.ee\/lv\/produkts\/parnesanas-medijs-lb\/#primaryimage\",\"url\":\"https:\/\/www.hobstop.ee\/media\/997.jpg\",\"contentUrl\":\"https:\/\/www.hobstop.ee\/media\/997.jpg\",\"width\":1024,\"height\":768},{\"@type\":\"BreadcrumbList\",\"@id\":\"https:\/\/www.hobstop.ee\/lv\/produkts\/parnesanas-medijs-lb\/#breadcrumb\",\"itemListElement\":[{\"@type\":\"ListItem\",\"position\":1,\"name\":\"Avaleht\",\"item\":\"https:\/\/www.hobstop.ee\/lv\/\"},{\"@type\":\"ListItem\",\"position\":2,\"name\":\"Veikals\",\"item\":\"https:\/\/www.hobstop.ee\/lv\/veikals\/\"},{\"@type\":\"ListItem\",\"position\":3,\"name\":\"P\u0101rn\u0113\u0161anas m\u0113dijs L&#038;B\"}]},{\"@type\":\"WebSite\",\"@id\":\"https:\/\/www.hobstop.ee\/lv\/#website\",\"url\":\"https:\/\/www.hobstop.ee\/lv\/\",\"name\":\"Skizze\",\"description\":\"M\u0101kslas, hobiju un skolas preces\",\"publisher\":{\"@id\":\"https:\/\/www.hobstop.ee\/lv\/#organization\"},\"potentialAction\":[{\"@type\":\"SearchAction\",\"target\":{\"@type\":\"EntryPoint\",\"urlTemplate\":\"https:\/\/www.hobstop.ee\/lv\/?s={search_term_string}\"},\"query-input\":{\"@type\":\"PropertyValueSpecification\",\"valueRequired\":true,\"valueName\":\"search_term_string\"}}],\"inLanguage\":\"lv-LV\"},{\"@type\":\"Organization\",\"@id\":\"https:\/\/www.hobstop.ee\/lv\/#organization\",\"name\":\"Vunder AS\",\"url\":\"https:\/\/www.hobstop.ee\/lv\/\",\"logo\":{\"@type\":\"ImageObject\",\"inLanguage\":\"lv-LV\",\"@id\":\"https:\/\/www.hobstop.ee\/lv\/#\/schema\/logo\/image\/\",\"url\":\"https:\/\/hobstop.ee\/media\/vunder-logo.png\",\"contentUrl\":\"https:\/\/hobstop.ee\/media\/vunder-logo.png\",\"width\":127,\"height\":55,\"caption\":\"Vunder AS\"},\"image\":{\"@id\":\"https:\/\/www.hobstop.ee\/lv\/#\/schema\/logo\/image\/\"},\"sameAs\":[\"http:\/\/www.facebook.com\/VunderSkizze\"]}]}<\/script>\n<!-- \/ Yoast SEO plugin. -->","yoast_head_json":{"title":"P\u0101rn\u0113\u0161anas m\u0113dijs L&B &#8211; Skizze","robots":{"index":"noindex","follow":"follow","max-snippet":"max-snippet:-1","max-image-preview":"max-image-preview:large","max-video-preview":"max-video-preview:-1"},"og_locale":"lv_LV","og_type":"article","og_title":"P\u0101rn\u0113\u0161anas m\u0113dijs L&B &#8211; Skizze","og_description":"P\u0101rn\u0113\u0161anas m\u0113dijs uz \u016bdens b\u0101zes. Ar t\u0101 pal\u012bdz\u012bbu var p\u0101rnest druk\u0101tus att\u0113lus uz cit\u0101m virsm\u0101m. \u012apa\u0161i piem\u0113rots porain\u0101m virsm\u0101m.","og_url":"https:\/\/www.hobstop.ee\/lv\/produkts\/parnesanas-medijs-lb\/","og_site_name":"Skizze","article_publisher":"http:\/\/www.facebook.com\/VunderSkizze","og_image":[{"width":1024,"height":768,"url":"https:\/\/hobstop.ee\/media\/997.jpg","type":"image\/jpeg"}],"twitter_card":"summary_large_image","schema":{"@context":"https:\/\/schema.org","@graph":[{"@type":"WebPage","@id":"https:\/\/www.hobstop.ee\/lv\/produkts\/parnesanas-medijs-lb\/","url":"https:\/\/www.hobstop.ee\/lv\/produkts\/parnesanas-medijs-lb\/","name":"P\u0101rn\u0113\u0161anas m\u0113dijs L&B &#8211; Skizze","isPartOf":{"@id":"https:\/\/www.hobstop.ee\/lv\/#website"},"primaryImageOfPage":{"@id":"https:\/\/www.hobstop.ee\/lv\/produkts\/parnesanas-medijs-lb\/#primaryimage"},"image":{"@id":"https:\/\/www.hobstop.ee\/lv\/produkts\/parnesanas-medijs-lb\/#primaryimage"},"thumbnailUrl":"https:\/\/www.hobstop.ee\/media\/997.jpg","datePublished":"2015-09-09T12:22:31+00:00","dateModified":"2015-09-09T12:22:31+00:00","breadcrumb":{"@id":"https:\/\/www.hobstop.ee\/lv\/produkts\/parnesanas-medijs-lb\/#breadcrumb"},"inLanguage":"lv-LV","potentialAction":[{"@type":"ReadAction","target":["https:\/\/www.hobstop.ee\/lv\/produkts\/parnesanas-medijs-lb\/"]}]},{"@type":"ImageObject","inLanguage":"lv-LV","@id":"https:\/\/www.hobstop.ee\/lv\/produkts\/parnesanas-medijs-lb\/#primaryimage","url":"https:\/\/www.hobstop.ee\/media\/997.jpg","contentUrl":"https:\/\/www.hobstop.ee\/media\/997.jpg","width":1024,"height":768},{"@type":"BreadcrumbList","@id":"https:\/\/www.hobstop.ee\/lv\/produkts\/parnesanas-medijs-lb\/#breadcrumb","itemListElement":[{"@type":"ListItem","position":1,"name":"Avaleht","item":"https:\/\/www.hobstop.ee\/lv\/"},{"@type":"ListItem","position":2,"name":"Veikals","item":"https:\/\/www.hobstop.ee\/lv\/veikals\/"},{"@type":"ListItem","position":3,"name":"P\u0101rn\u0113\u0161anas m\u0113dijs L&#038;B"}]},{"@type":"WebSite","@id":"https:\/\/www.hobstop.ee\/lv\/#website","url":"https:\/\/www.hobstop.ee\/lv\/","name":"Skizze","description":"M\u0101kslas, hobiju un skolas preces","publisher":{"@id":"https:\/\/www.hobstop.ee\/lv\/#organization"},"potentialAction":[{"@type":"SearchAction","target":{"@type":"EntryPoint","urlTemplate":"https:\/\/www.hobstop.ee\/lv\/?s={search_term_string}"},"query-input":{"@type":"PropertyValueSpecification","valueRequired":true,"valueName":"search_term_string"}}],"inLanguage":"lv-LV"},{"@type":"Organization","@id":"https:\/\/www.hobstop.ee\/lv\/#organization","name":"Vunder AS","url":"https:\/\/www.hobstop.ee\/lv\/","logo":{"@type":"ImageObject","inLanguage":"lv-LV","@id":"https:\/\/www.hobstop.ee\/lv\/#\/schema\/logo\/image\/","url":"https:\/\/hobstop.ee\/media\/vunder-logo.png","contentUrl":"https:\/\/hobstop.ee\/media\/vunder-logo.png","width":127,"height":55,"caption":"Vunder AS"},"image":{"@id":"https:\/\/www.hobstop.ee\/lv\/#\/schema\/logo\/image\/"},"sameAs":["http:\/\/www.facebook.com\/VunderSkizze"]}]}},"_links":{"self":[{"href":"https:\/\/www.hobstop.ee\/lv\/wp-json\/wp\/v2\/product\/213498","targetHints":{"allow":["GET"]}}],"collection":[{"href":"https:\/\/www.hobstop.ee\/lv\/wp-json\/wp\/v2\/product"}],"about":[{"href":"https:\/\/www.hobstop.ee\/lv\/wp-json\/wp\/v2\/types\/product"}],"replies":[{"embeddable":true,"href":"https:\/\/www.hobstop.ee\/lv\/wp-json\/wp\/v2\/comments?post=213498"}],"wp:featuredmedia":[{"embeddable":true,"href":"https:\/\/www.hobstop.ee\/lv\/wp-json\/wp\/v2\/media\/221995"}],"wp:attachment":[{"href":"https:\/\/www.hobstop.ee\/lv\/wp-json\/wp\/v2\/media?parent=213498"}],"wp:term":[{"taxonomy":"product_cat","embeddable":true,"href":"https:\/\/www.hobstop.ee\/lv\/wp-json\/wp\/v2\/product_cat?post=213498"},{"taxonomy":"product_tag","embeddable":true,"href":"https:\/\/www.hobstop.ee\/lv\/wp-json\/wp\/v2\/product_tag?post=213498"}],"curies":[{"name":"wp","href":"https:\/\/api.w.org\/{rel}","templated":true}]}}