{"id":239415,"date":"2015-12-16T11:09:59","date_gmt":"2015-12-16T09:09:59","guid":{"rendered":"http:\/\/www.vunder.ee\/lv\/product\/aizbaznis-kristala-perle-swarovski-elements-becharmed-pave-81001-13mm\/"},"modified":"2015-12-16T11:09:59","modified_gmt":"2015-12-16T09:09:59","slug":"aizbaznis-kristala-perle-swarovski-becharmed-pave-81001-13mm","status":"publish","type":"product","link":"https:\/\/www.hobstop.ee\/lv\/produkts\/aizbaznis-kristala-perle-swarovski-becharmed-pave-81001-13mm\/","title":{"rendered":"Aizb\u0101znis-krist\u0101la p\u0113rle Swarovski BeCharmed Pave 81001 13mm"},"content":{"rendered":"","protected":false},"excerpt":{"rendered":"","protected":false},"featured_media":239487,"comment_status":"closed","ping_status":"closed","template":"","meta":{"_acf_changed":false,"ep_exclude_from_search":false},"product_cat":[19661,17918,19659],"product_tag":[],"class_list":{"0":"post-239415","1":"product","2":"type-product","3":"status-publish","4":"has-post-thumbnail","6":"product_cat-kristali","7":"product_cat-preces-hobijiem","8":"product_cat-rotu-izgatavosana","10":"first","11":"instock","12":"taxable","13":"shipping-taxable","14":"product-type-simple"},"acf":[],"yoast_head":"<!-- This site is optimized with the Yoast SEO plugin v24.1 - https:\/\/yoast.com\/wordpress\/plugins\/seo\/ -->\n<title>Aizb\u0101znis-krist\u0101la p\u0113rle Swarovski BeCharmed Pave 81001 13mm &#8211; Skizze<\/title>\n<meta name=\"robots\" content=\"noindex, follow, max-snippet:-1, max-image-preview:large, max-video-preview:-1\" \/>\n<meta property=\"og:locale\" content=\"lv_LV\" \/>\n<meta property=\"og:type\" content=\"article\" \/>\n<meta property=\"og:title\" content=\"Aizb\u0101znis-krist\u0101la p\u0113rle Swarovski BeCharmed Pave 81001 13mm &#8211; Skizze\" \/>\n<meta property=\"og:url\" content=\"https:\/\/www.hobstop.ee\/lv\/produkts\/aizbaznis-kristala-perle-swarovski-becharmed-pave-81001-13mm\/\" \/>\n<meta property=\"og:site_name\" content=\"Skizze\" \/>\n<meta property=\"article:publisher\" content=\"http:\/\/www.facebook.com\/VunderSkizze\" \/>\n<meta property=\"og:image\" content=\"https:\/\/www.hobstop.ee\/media\/4121.jpg\" \/>\n\t<meta property=\"og:image:width\" content=\"1024\" \/>\n\t<meta property=\"og:image:height\" content=\"768\" \/>\n\t<meta property=\"og:image:type\" content=\"image\/jpeg\" \/>\n<meta name=\"twitter:card\" content=\"summary_large_image\" \/>\n<script type=\"application\/ld+json\" class=\"yoast-schema-graph\">{\"@context\":\"https:\/\/schema.org\",\"@graph\":[{\"@type\":\"WebPage\",\"@id\":\"https:\/\/www.hobstop.ee\/lv\/produkts\/aizbaznis-kristala-perle-swarovski-becharmed-pave-81001-13mm\/\",\"url\":\"https:\/\/www.hobstop.ee\/lv\/produkts\/aizbaznis-kristala-perle-swarovski-becharmed-pave-81001-13mm\/\",\"name\":\"Aizb\u0101znis-krist\u0101la p\u0113rle Swarovski BeCharmed Pave 81001 13mm &#8211; Skizze\",\"isPartOf\":{\"@id\":\"https:\/\/hobstop.ee\/lv\/#website\"},\"primaryImageOfPage\":{\"@id\":\"https:\/\/www.hobstop.ee\/lv\/produkts\/aizbaznis-kristala-perle-swarovski-becharmed-pave-81001-13mm\/#primaryimage\"},\"image\":{\"@id\":\"https:\/\/www.hobstop.ee\/lv\/produkts\/aizbaznis-kristala-perle-swarovski-becharmed-pave-81001-13mm\/#primaryimage\"},\"thumbnailUrl\":\"https:\/\/www.hobstop.ee\/media\/4121.jpg\",\"datePublished\":\"2015-12-16T09:09:59+00:00\",\"dateModified\":\"2015-12-16T09:09:59+00:00\",\"breadcrumb\":{\"@id\":\"https:\/\/www.hobstop.ee\/lv\/produkts\/aizbaznis-kristala-perle-swarovski-becharmed-pave-81001-13mm\/#breadcrumb\"},\"inLanguage\":\"lv-LV\",\"potentialAction\":[{\"@type\":\"ReadAction\",\"target\":[\"https:\/\/www.hobstop.ee\/lv\/produkts\/aizbaznis-kristala-perle-swarovski-becharmed-pave-81001-13mm\/\"]}]},{\"@type\":\"ImageObject\",\"inLanguage\":\"lv-LV\",\"@id\":\"https:\/\/www.hobstop.ee\/lv\/produkts\/aizbaznis-kristala-perle-swarovski-becharmed-pave-81001-13mm\/#primaryimage\",\"url\":\"https:\/\/www.hobstop.ee\/media\/4121.jpg\",\"contentUrl\":\"https:\/\/www.hobstop.ee\/media\/4121.jpg\",\"width\":1024,\"height\":768},{\"@type\":\"BreadcrumbList\",\"@id\":\"https:\/\/www.hobstop.ee\/lv\/produkts\/aizbaznis-kristala-perle-swarovski-becharmed-pave-81001-13mm\/#breadcrumb\",\"itemListElement\":[{\"@type\":\"ListItem\",\"position\":1,\"name\":\"Avaleht\",\"item\":\"https:\/\/hobstop.ee\/lv\/\"},{\"@type\":\"ListItem\",\"position\":2,\"name\":\"Veikals\",\"item\":\"https:\/\/hobstop.ee\/lv\/veikals\/\"},{\"@type\":\"ListItem\",\"position\":3,\"name\":\"Aizb\u0101znis-krist\u0101la p\u0113rle Swarovski BeCharmed Pave 81001 13mm\"}]},{\"@type\":\"WebSite\",\"@id\":\"https:\/\/hobstop.ee\/lv\/#website\",\"url\":\"https:\/\/hobstop.ee\/lv\/\",\"name\":\"Skizze\",\"description\":\"M\u0101kslas, hobiju un skolas preces\",\"publisher\":{\"@id\":\"https:\/\/hobstop.ee\/lv\/#organization\"},\"potentialAction\":[{\"@type\":\"SearchAction\",\"target\":{\"@type\":\"EntryPoint\",\"urlTemplate\":\"https:\/\/hobstop.ee\/lv\/?s={search_term_string}\"},\"query-input\":{\"@type\":\"PropertyValueSpecification\",\"valueRequired\":true,\"valueName\":\"search_term_string\"}}],\"inLanguage\":\"lv-LV\"},{\"@type\":\"Organization\",\"@id\":\"https:\/\/hobstop.ee\/lv\/#organization\",\"name\":\"Vunder AS\",\"url\":\"https:\/\/hobstop.ee\/lv\/\",\"logo\":{\"@type\":\"ImageObject\",\"inLanguage\":\"lv-LV\",\"@id\":\"https:\/\/hobstop.ee\/lv\/#\/schema\/logo\/image\/\",\"url\":\"https:\/\/hobstop.ee\/media\/vunder-logo.png\",\"contentUrl\":\"https:\/\/hobstop.ee\/media\/vunder-logo.png\",\"width\":127,\"height\":55,\"caption\":\"Vunder AS\"},\"image\":{\"@id\":\"https:\/\/hobstop.ee\/lv\/#\/schema\/logo\/image\/\"},\"sameAs\":[\"http:\/\/www.facebook.com\/VunderSkizze\"]}]}<\/script>\n<!-- \/ Yoast SEO plugin. -->","yoast_head_json":{"title":"Aizb\u0101znis-krist\u0101la p\u0113rle Swarovski BeCharmed Pave 81001 13mm &#8211; Skizze","robots":{"index":"noindex","follow":"follow","max-snippet":"max-snippet:-1","max-image-preview":"max-image-preview:large","max-video-preview":"max-video-preview:-1"},"og_locale":"lv_LV","og_type":"article","og_title":"Aizb\u0101znis-krist\u0101la p\u0113rle Swarovski BeCharmed Pave 81001 13mm &#8211; Skizze","og_url":"https:\/\/www.hobstop.ee\/lv\/produkts\/aizbaznis-kristala-perle-swarovski-becharmed-pave-81001-13mm\/","og_site_name":"Skizze","article_publisher":"http:\/\/www.facebook.com\/VunderSkizze","og_image":[{"width":1024,"height":768,"url":"https:\/\/www.hobstop.ee\/media\/4121.jpg","type":"image\/jpeg"}],"twitter_card":"summary_large_image","schema":{"@context":"https:\/\/schema.org","@graph":[{"@type":"WebPage","@id":"https:\/\/www.hobstop.ee\/lv\/produkts\/aizbaznis-kristala-perle-swarovski-becharmed-pave-81001-13mm\/","url":"https:\/\/www.hobstop.ee\/lv\/produkts\/aizbaznis-kristala-perle-swarovski-becharmed-pave-81001-13mm\/","name":"Aizb\u0101znis-krist\u0101la p\u0113rle Swarovski BeCharmed Pave 81001 13mm &#8211; Skizze","isPartOf":{"@id":"https:\/\/hobstop.ee\/lv\/#website"},"primaryImageOfPage":{"@id":"https:\/\/www.hobstop.ee\/lv\/produkts\/aizbaznis-kristala-perle-swarovski-becharmed-pave-81001-13mm\/#primaryimage"},"image":{"@id":"https:\/\/www.hobstop.ee\/lv\/produkts\/aizbaznis-kristala-perle-swarovski-becharmed-pave-81001-13mm\/#primaryimage"},"thumbnailUrl":"https:\/\/www.hobstop.ee\/media\/4121.jpg","datePublished":"2015-12-16T09:09:59+00:00","dateModified":"2015-12-16T09:09:59+00:00","breadcrumb":{"@id":"https:\/\/www.hobstop.ee\/lv\/produkts\/aizbaznis-kristala-perle-swarovski-becharmed-pave-81001-13mm\/#breadcrumb"},"inLanguage":"lv-LV","potentialAction":[{"@type":"ReadAction","target":["https:\/\/www.hobstop.ee\/lv\/produkts\/aizbaznis-kristala-perle-swarovski-becharmed-pave-81001-13mm\/"]}]},{"@type":"ImageObject","inLanguage":"lv-LV","@id":"https:\/\/www.hobstop.ee\/lv\/produkts\/aizbaznis-kristala-perle-swarovski-becharmed-pave-81001-13mm\/#primaryimage","url":"https:\/\/www.hobstop.ee\/media\/4121.jpg","contentUrl":"https:\/\/www.hobstop.ee\/media\/4121.jpg","width":1024,"height":768},{"@type":"BreadcrumbList","@id":"https:\/\/www.hobstop.ee\/lv\/produkts\/aizbaznis-kristala-perle-swarovski-becharmed-pave-81001-13mm\/#breadcrumb","itemListElement":[{"@type":"ListItem","position":1,"name":"Avaleht","item":"https:\/\/hobstop.ee\/lv\/"},{"@type":"ListItem","position":2,"name":"Veikals","item":"https:\/\/hobstop.ee\/lv\/veikals\/"},{"@type":"ListItem","position":3,"name":"Aizb\u0101znis-krist\u0101la p\u0113rle Swarovski BeCharmed Pave 81001 13mm"}]},{"@type":"WebSite","@id":"https:\/\/hobstop.ee\/lv\/#website","url":"https:\/\/hobstop.ee\/lv\/","name":"Skizze","description":"M\u0101kslas, hobiju un skolas preces","publisher":{"@id":"https:\/\/hobstop.ee\/lv\/#organization"},"potentialAction":[{"@type":"SearchAction","target":{"@type":"EntryPoint","urlTemplate":"https:\/\/hobstop.ee\/lv\/?s={search_term_string}"},"query-input":{"@type":"PropertyValueSpecification","valueRequired":true,"valueName":"search_term_string"}}],"inLanguage":"lv-LV"},{"@type":"Organization","@id":"https:\/\/hobstop.ee\/lv\/#organization","name":"Vunder AS","url":"https:\/\/hobstop.ee\/lv\/","logo":{"@type":"ImageObject","inLanguage":"lv-LV","@id":"https:\/\/hobstop.ee\/lv\/#\/schema\/logo\/image\/","url":"https:\/\/hobstop.ee\/media\/vunder-logo.png","contentUrl":"https:\/\/hobstop.ee\/media\/vunder-logo.png","width":127,"height":55,"caption":"Vunder AS"},"image":{"@id":"https:\/\/hobstop.ee\/lv\/#\/schema\/logo\/image\/"},"sameAs":["http:\/\/www.facebook.com\/VunderSkizze"]}]}},"_links":{"self":[{"href":"https:\/\/www.hobstop.ee\/lv\/wp-json\/wp\/v2\/product\/239415","targetHints":{"allow":["GET"]}}],"collection":[{"href":"https:\/\/www.hobstop.ee\/lv\/wp-json\/wp\/v2\/product"}],"about":[{"href":"https:\/\/www.hobstop.ee\/lv\/wp-json\/wp\/v2\/types\/product"}],"replies":[{"embeddable":true,"href":"https:\/\/www.hobstop.ee\/lv\/wp-json\/wp\/v2\/comments?post=239415"}],"wp:featuredmedia":[{"embeddable":true,"href":"https:\/\/www.hobstop.ee\/lv\/wp-json\/wp\/v2\/media\/239487"}],"wp:attachment":[{"href":"https:\/\/www.hobstop.ee\/lv\/wp-json\/wp\/v2\/media?parent=239415"}],"wp:term":[{"taxonomy":"product_cat","embeddable":true,"href":"https:\/\/www.hobstop.ee\/lv\/wp-json\/wp\/v2\/product_cat?post=239415"},{"taxonomy":"product_tag","embeddable":true,"href":"https:\/\/www.hobstop.ee\/lv\/wp-json\/wp\/v2\/product_tag?post=239415"}],"curies":[{"name":"wp","href":"https:\/\/api.w.org\/{rel}","templated":true}]}}