{"id":24058,"date":"2014-12-09T12:55:32","date_gmt":"2014-12-09T10:55:32","guid":{"rendered":"https:\/\/sharks.ee\/vunder_2019.klient.veebimajutus.ee\/?post_type=product&#038;p=24058"},"modified":"2014-12-09T12:55:32","modified_gmt":"2014-12-09T10:55:32","slug":"krasainais-zimulis-lakeland-jumbo-komplekts","status":"publish","type":"product","link":"https:\/\/www.hobstop.ee\/lv\/produkts\/krasainais-zimulis-lakeland-jumbo-komplekts\/","title":{"rendered":"Kr\u0101sainais z\u012bmulis Lakeland Jumbo komplekts"},"content":{"rendered":"<p>Viens no agr\u0101kajiem b\u0113rn\u012bbas priekiem noteikti ir kr\u0101so\u0161ana. Vienalga, vai t\u0101 b\u016btu kaut k\u0101 pavisam jauna rad\u012b\u0161ana vai vienk\u0101r\u0161a kr\u0101sojamo gr\u0101matu izkr\u0101so\u0161ana. Lakeland Jumbo 11mm liel\u0101 diametra z\u012bmu\u013ci ir \u012bpa\u0161i rad\u012bti mazaj\u0101m roci\u0146\u0101m.<br \/>\n\u0160e\u0161st\u016brains 11mm apvalks, kodola d=5.4mm<\/p>\n","protected":false},"excerpt":{"rendered":"<p>Viens no agr\u0101kajiem b\u0113rn\u012bbas priekiem noteikti ir kr\u0101so\u0161ana. Vienalga, vai t\u0101 b\u016btu kaut k\u0101 pavisam jauna rad\u012b\u0161ana vai vienk\u0101r\u0161a kr\u0101sojamo gr\u0101matu izkr\u0101so\u0161ana. Lakeland Jumbo 11mm liel\u0101 diametra z\u012bmu\u013ci ir \u012bpa\u0161i rad\u012bti mazaj\u0101m roci\u0146\u0101m. \u0160e\u0161st\u016brains 11mm apvalks, kodola d=5.4mm<\/p>\n","protected":false},"featured_media":145356,"comment_status":"closed","ping_status":"closed","template":"","meta":{"_acf_changed":false,"ep_exclude_from_search":false},"product_cat":[18694,17916,18633],"product_tag":[],"class_list":{"0":"post-24058","1":"product","2":"type-product","3":"status-publish","4":"has-post-thumbnail","6":"product_cat-krasu-zimuli","7":"product_cat-preces-skolai","8":"product_cat-zimesanas-piederumi-2","10":"first","11":"instock","12":"sale","13":"taxable","14":"shipping-taxable","15":"purchasable","16":"product-type-variable"},"acf":[],"yoast_head":"<!-- This site is optimized with the Yoast SEO plugin v24.1 - https:\/\/yoast.com\/wordpress\/plugins\/seo\/ -->\n<title>Kr\u0101sainais z\u012bmulis Lakeland Jumbo komplekts &#8211; Skizze<\/title>\n<meta name=\"robots\" content=\"noindex, follow, max-snippet:-1, max-image-preview:large, max-video-preview:-1\" \/>\n<meta property=\"og:locale\" content=\"lv_LV\" \/>\n<meta property=\"og:type\" content=\"article\" \/>\n<meta property=\"og:title\" content=\"Kr\u0101sainais z\u012bmulis Lakeland Jumbo komplekts &#8211; Skizze\" \/>\n<meta property=\"og:description\" content=\"Viens no agr\u0101kajiem b\u0113rn\u012bbas priekiem noteikti ir kr\u0101so\u0161ana. Vienalga, vai t\u0101 b\u016btu kaut k\u0101 pavisam jauna rad\u012b\u0161ana vai vienk\u0101r\u0161a kr\u0101sojamo gr\u0101matu izkr\u0101so\u0161ana. Lakeland Jumbo 11mm liel\u0101 diametra z\u012bmu\u013ci ir \u012bpa\u0161i rad\u012bti mazaj\u0101m roci\u0146\u0101m. \u0160e\u0161st\u016brains 11mm apvalks, kodola d=5.4mm\" \/>\n<meta property=\"og:url\" content=\"https:\/\/www.hobstop.ee\/lv\/produkts\/krasainais-zimulis-lakeland-jumbo-komplekts\/\" \/>\n<meta property=\"og:site_name\" content=\"Skizze\" \/>\n<meta property=\"article:publisher\" content=\"http:\/\/www.facebook.com\/VunderSkizze\" \/>\n<meta property=\"article:modified_time\" content=\"2014-12-09T10:55:32+00:00\" \/>\n<meta property=\"og:image\" content=\"https:\/\/www.hobstop.ee\/media\/2059.JPG\" \/>\n\t<meta property=\"og:image:width\" content=\"1024\" \/>\n\t<meta property=\"og:image:height\" content=\"768\" \/>\n\t<meta property=\"og:image:type\" content=\"image\/jpeg\" \/>\n<meta name=\"twitter:card\" content=\"summary_large_image\" \/>\n<script type=\"application\/ld+json\" class=\"yoast-schema-graph\">{\"@context\":\"https:\/\/schema.org\",\"@graph\":[{\"@type\":\"WebPage\",\"@id\":\"https:\/\/www.hobstop.ee\/lv\/produkts\/krasainais-zimulis-lakeland-jumbo-komplekts\/\",\"url\":\"https:\/\/www.hobstop.ee\/lv\/produkts\/krasainais-zimulis-lakeland-jumbo-komplekts\/\",\"name\":\"Kr\u0101sainais z\u012bmulis Lakeland Jumbo komplekts &#8211; Skizze\",\"isPartOf\":{\"@id\":\"https:\/\/hobstop.ee\/lv\/#website\"},\"primaryImageOfPage\":{\"@id\":\"https:\/\/www.hobstop.ee\/lv\/produkts\/krasainais-zimulis-lakeland-jumbo-komplekts\/#primaryimage\"},\"image\":{\"@id\":\"https:\/\/www.hobstop.ee\/lv\/produkts\/krasainais-zimulis-lakeland-jumbo-komplekts\/#primaryimage\"},\"thumbnailUrl\":\"https:\/\/www.hobstop.ee\/media\/2059.JPG\",\"datePublished\":\"-0001-11-30T00:00:00+00:00\",\"dateModified\":\"2014-12-09T10:55:32+00:00\",\"breadcrumb\":{\"@id\":\"https:\/\/www.hobstop.ee\/lv\/produkts\/krasainais-zimulis-lakeland-jumbo-komplekts\/#breadcrumb\"},\"inLanguage\":\"lv-LV\",\"potentialAction\":[{\"@type\":\"ReadAction\",\"target\":[\"https:\/\/www.hobstop.ee\/lv\/produkts\/krasainais-zimulis-lakeland-jumbo-komplekts\/\"]}]},{\"@type\":\"ImageObject\",\"inLanguage\":\"lv-LV\",\"@id\":\"https:\/\/www.hobstop.ee\/lv\/produkts\/krasainais-zimulis-lakeland-jumbo-komplekts\/#primaryimage\",\"url\":\"https:\/\/www.hobstop.ee\/media\/2059.JPG\",\"contentUrl\":\"https:\/\/www.hobstop.ee\/media\/2059.JPG\",\"width\":1024,\"height\":768},{\"@type\":\"BreadcrumbList\",\"@id\":\"https:\/\/www.hobstop.ee\/lv\/produkts\/krasainais-zimulis-lakeland-jumbo-komplekts\/#breadcrumb\",\"itemListElement\":[{\"@type\":\"ListItem\",\"position\":1,\"name\":\"Avaleht\",\"item\":\"https:\/\/hobstop.ee\/lv\/\"},{\"@type\":\"ListItem\",\"position\":2,\"name\":\"Veikals\",\"item\":\"https:\/\/hobstop.ee\/lv\/veikals\/\"},{\"@type\":\"ListItem\",\"position\":3,\"name\":\"Kr\u0101sainais z\u012bmulis Lakeland Jumbo komplekts\"}]},{\"@type\":\"WebSite\",\"@id\":\"https:\/\/hobstop.ee\/lv\/#website\",\"url\":\"https:\/\/hobstop.ee\/lv\/\",\"name\":\"Skizze\",\"description\":\"M\u0101kslas, hobiju un skolas preces\",\"publisher\":{\"@id\":\"https:\/\/hobstop.ee\/lv\/#organization\"},\"potentialAction\":[{\"@type\":\"SearchAction\",\"target\":{\"@type\":\"EntryPoint\",\"urlTemplate\":\"https:\/\/hobstop.ee\/lv\/?s={search_term_string}\"},\"query-input\":{\"@type\":\"PropertyValueSpecification\",\"valueRequired\":true,\"valueName\":\"search_term_string\"}}],\"inLanguage\":\"lv-LV\"},{\"@type\":\"Organization\",\"@id\":\"https:\/\/hobstop.ee\/lv\/#organization\",\"name\":\"Vunder AS\",\"url\":\"https:\/\/hobstop.ee\/lv\/\",\"logo\":{\"@type\":\"ImageObject\",\"inLanguage\":\"lv-LV\",\"@id\":\"https:\/\/hobstop.ee\/lv\/#\/schema\/logo\/image\/\",\"url\":\"https:\/\/hobstop.ee\/media\/vunder-logo.png\",\"contentUrl\":\"https:\/\/hobstop.ee\/media\/vunder-logo.png\",\"width\":127,\"height\":55,\"caption\":\"Vunder AS\"},\"image\":{\"@id\":\"https:\/\/hobstop.ee\/lv\/#\/schema\/logo\/image\/\"},\"sameAs\":[\"http:\/\/www.facebook.com\/VunderSkizze\"]}]}<\/script>\n<!-- \/ Yoast SEO plugin. -->","yoast_head_json":{"title":"Kr\u0101sainais z\u012bmulis Lakeland Jumbo komplekts &#8211; Skizze","robots":{"index":"noindex","follow":"follow","max-snippet":"max-snippet:-1","max-image-preview":"max-image-preview:large","max-video-preview":"max-video-preview:-1"},"og_locale":"lv_LV","og_type":"article","og_title":"Kr\u0101sainais z\u012bmulis Lakeland Jumbo komplekts &#8211; Skizze","og_description":"Viens no agr\u0101kajiem b\u0113rn\u012bbas priekiem noteikti ir kr\u0101so\u0161ana. Vienalga, vai t\u0101 b\u016btu kaut k\u0101 pavisam jauna rad\u012b\u0161ana vai vienk\u0101r\u0161a kr\u0101sojamo gr\u0101matu izkr\u0101so\u0161ana. Lakeland Jumbo 11mm liel\u0101 diametra z\u012bmu\u013ci ir \u012bpa\u0161i rad\u012bti mazaj\u0101m roci\u0146\u0101m. \u0160e\u0161st\u016brains 11mm apvalks, kodola d=5.4mm","og_url":"https:\/\/www.hobstop.ee\/lv\/produkts\/krasainais-zimulis-lakeland-jumbo-komplekts\/","og_site_name":"Skizze","article_publisher":"http:\/\/www.facebook.com\/VunderSkizze","article_modified_time":"2014-12-09T10:55:32+00:00","og_image":[{"width":1024,"height":768,"url":"https:\/\/www.hobstop.ee\/media\/2059.JPG","type":"image\/jpeg"}],"twitter_card":"summary_large_image","schema":{"@context":"https:\/\/schema.org","@graph":[{"@type":"WebPage","@id":"https:\/\/www.hobstop.ee\/lv\/produkts\/krasainais-zimulis-lakeland-jumbo-komplekts\/","url":"https:\/\/www.hobstop.ee\/lv\/produkts\/krasainais-zimulis-lakeland-jumbo-komplekts\/","name":"Kr\u0101sainais z\u012bmulis Lakeland Jumbo komplekts &#8211; Skizze","isPartOf":{"@id":"https:\/\/hobstop.ee\/lv\/#website"},"primaryImageOfPage":{"@id":"https:\/\/www.hobstop.ee\/lv\/produkts\/krasainais-zimulis-lakeland-jumbo-komplekts\/#primaryimage"},"image":{"@id":"https:\/\/www.hobstop.ee\/lv\/produkts\/krasainais-zimulis-lakeland-jumbo-komplekts\/#primaryimage"},"thumbnailUrl":"https:\/\/www.hobstop.ee\/media\/2059.JPG","datePublished":"-0001-11-30T00:00:00+00:00","dateModified":"2014-12-09T10:55:32+00:00","breadcrumb":{"@id":"https:\/\/www.hobstop.ee\/lv\/produkts\/krasainais-zimulis-lakeland-jumbo-komplekts\/#breadcrumb"},"inLanguage":"lv-LV","potentialAction":[{"@type":"ReadAction","target":["https:\/\/www.hobstop.ee\/lv\/produkts\/krasainais-zimulis-lakeland-jumbo-komplekts\/"]}]},{"@type":"ImageObject","inLanguage":"lv-LV","@id":"https:\/\/www.hobstop.ee\/lv\/produkts\/krasainais-zimulis-lakeland-jumbo-komplekts\/#primaryimage","url":"https:\/\/www.hobstop.ee\/media\/2059.JPG","contentUrl":"https:\/\/www.hobstop.ee\/media\/2059.JPG","width":1024,"height":768},{"@type":"BreadcrumbList","@id":"https:\/\/www.hobstop.ee\/lv\/produkts\/krasainais-zimulis-lakeland-jumbo-komplekts\/#breadcrumb","itemListElement":[{"@type":"ListItem","position":1,"name":"Avaleht","item":"https:\/\/hobstop.ee\/lv\/"},{"@type":"ListItem","position":2,"name":"Veikals","item":"https:\/\/hobstop.ee\/lv\/veikals\/"},{"@type":"ListItem","position":3,"name":"Kr\u0101sainais z\u012bmulis Lakeland Jumbo komplekts"}]},{"@type":"WebSite","@id":"https:\/\/hobstop.ee\/lv\/#website","url":"https:\/\/hobstop.ee\/lv\/","name":"Skizze","description":"M\u0101kslas, hobiju un skolas preces","publisher":{"@id":"https:\/\/hobstop.ee\/lv\/#organization"},"potentialAction":[{"@type":"SearchAction","target":{"@type":"EntryPoint","urlTemplate":"https:\/\/hobstop.ee\/lv\/?s={search_term_string}"},"query-input":{"@type":"PropertyValueSpecification","valueRequired":true,"valueName":"search_term_string"}}],"inLanguage":"lv-LV"},{"@type":"Organization","@id":"https:\/\/hobstop.ee\/lv\/#organization","name":"Vunder AS","url":"https:\/\/hobstop.ee\/lv\/","logo":{"@type":"ImageObject","inLanguage":"lv-LV","@id":"https:\/\/hobstop.ee\/lv\/#\/schema\/logo\/image\/","url":"https:\/\/hobstop.ee\/media\/vunder-logo.png","contentUrl":"https:\/\/hobstop.ee\/media\/vunder-logo.png","width":127,"height":55,"caption":"Vunder AS"},"image":{"@id":"https:\/\/hobstop.ee\/lv\/#\/schema\/logo\/image\/"},"sameAs":["http:\/\/www.facebook.com\/VunderSkizze"]}]}},"_links":{"self":[{"href":"https:\/\/www.hobstop.ee\/lv\/wp-json\/wp\/v2\/product\/24058","targetHints":{"allow":["GET"]}}],"collection":[{"href":"https:\/\/www.hobstop.ee\/lv\/wp-json\/wp\/v2\/product"}],"about":[{"href":"https:\/\/www.hobstop.ee\/lv\/wp-json\/wp\/v2\/types\/product"}],"replies":[{"embeddable":true,"href":"https:\/\/www.hobstop.ee\/lv\/wp-json\/wp\/v2\/comments?post=24058"}],"wp:featuredmedia":[{"embeddable":true,"href":"https:\/\/www.hobstop.ee\/lv\/wp-json\/wp\/v2\/media\/145356"}],"wp:attachment":[{"href":"https:\/\/www.hobstop.ee\/lv\/wp-json\/wp\/v2\/media?parent=24058"}],"wp:term":[{"taxonomy":"product_cat","embeddable":true,"href":"https:\/\/www.hobstop.ee\/lv\/wp-json\/wp\/v2\/product_cat?post=24058"},{"taxonomy":"product_tag","embeddable":true,"href":"https:\/\/www.hobstop.ee\/lv\/wp-json\/wp\/v2\/product_tag?post=24058"}],"curies":[{"name":"wp","href":"https:\/\/api.w.org\/{rel}","templated":true}]}}