{"id":261931,"date":"2016-04-13T15:00:56","date_gmt":"2016-04-13T12:00:56","guid":{"rendered":"https:\/\/sharks.ee\/vunder_2019\/lv\/product\/medijs-akv-winsornewton-colourless-art-masking-fluid\/"},"modified":"2016-04-13T15:00:56","modified_gmt":"2016-04-13T12:00:56","slug":"akvarelu-krasu-medijs-winsornewton-colourless-art-masking-fluid","status":"publish","type":"product","link":"https:\/\/www.hobstop.ee\/lv\/produkts\/akvarelu-krasu-medijs-winsornewton-colourless-art-masking-fluid\/","title":{"rendered":"Akvare\u013cu kr\u0101su m\u0113dijs Winsor&#038;Newton Colourless Art Masking Fluid"},"content":{"rendered":"<p>Bezkr\u0101sains \u0161\u0137idrums labojumu vietu mask\u0113\u0161anai, kad kr\u0101sa ir uzkl\u0101ta platos triepienos. \u012apa\u0161i veidots m\u012bkstiem pap\u012bra veidiem, nov\u0113r\u0161ot traipu ra\u0161anos. Lab\u0101kam rezult\u0101tam no\u0146emt iesp\u0113jami dr\u012bz p\u0113c uzkl\u0101\u0161anas.<\/p>\n","protected":false},"excerpt":{"rendered":"<p>Bezkr\u0101sains \u0161\u0137idrums labojumu vietu mask\u0113\u0161anai, kad kr\u0101sa ir uzkl\u0101ta platos triepienos. \u012apa\u0161i veidots m\u012bkstiem pap\u012bra veidiem, nov\u0113r\u0161ot traipu ra\u0161anos. Lab\u0101kam rezult\u0101tam no\u0146emt iesp\u0113jami dr\u012bz p\u0113c uzkl\u0101\u0161anas.<\/p>\n","protected":false},"featured_media":262179,"comment_status":"closed","ping_status":"closed","template":"","meta":{"_acf_changed":false,"ep_exclude_from_search":false},"product_cat":[19003,17980,16123],"product_tag":[],"class_list":{"0":"post-261931","1":"product","2":"type-product","3":"status-publish","4":"has-post-thumbnail","6":"product_cat-akvarelkrasu-mediji-2","7":"product_cat-krasas-un-gleznosanas-paligmateriali","8":"product_cat-makslas-piederumi-2","10":"first","11":"outofstock","12":"taxable","13":"shipping-taxable","14":"purchasable","15":"product-type-simple"},"acf":[],"yoast_head":"<!-- This site is optimized with the Yoast SEO plugin v24.1 - https:\/\/yoast.com\/wordpress\/plugins\/seo\/ -->\n<title>Akvare\u013cu kr\u0101su m\u0113dijs Winsor&amp;Newton Colourless Art Masking Fluid &#8211; Skizze<\/title>\n<meta name=\"robots\" content=\"noindex, follow, max-snippet:-1, max-image-preview:large, max-video-preview:-1\" \/>\n<meta property=\"og:locale\" content=\"lv_LV\" \/>\n<meta property=\"og:type\" content=\"article\" \/>\n<meta property=\"og:title\" content=\"Akvare\u013cu kr\u0101su m\u0113dijs Winsor&amp;Newton Colourless Art Masking Fluid &#8211; Skizze\" \/>\n<meta property=\"og:description\" content=\"Bezkr\u0101sains \u0161\u0137idrums labojumu vietu mask\u0113\u0161anai, kad kr\u0101sa ir uzkl\u0101ta platos triepienos. \u012apa\u0161i veidots m\u012bkstiem pap\u012bra veidiem, nov\u0113r\u0161ot traipu ra\u0161anos. Lab\u0101kam rezult\u0101tam no\u0146emt iesp\u0113jami dr\u012bz p\u0113c uzkl\u0101\u0161anas.\" \/>\n<meta property=\"og:url\" content=\"https:\/\/www.hobstop.ee\/lv\/produkts\/akvarelu-krasu-medijs-winsornewton-colourless-art-masking-fluid\/\" \/>\n<meta property=\"og:site_name\" content=\"Skizze\" \/>\n<meta property=\"article:publisher\" content=\"http:\/\/www.facebook.com\/VunderSkizze\" \/>\n<meta property=\"og:image\" content=\"https:\/\/www.hobstop.ee\/media\/4262.jpg\" \/>\n\t<meta property=\"og:image:width\" content=\"1024\" \/>\n\t<meta property=\"og:image:height\" content=\"768\" \/>\n\t<meta property=\"og:image:type\" content=\"image\/jpeg\" \/>\n<meta name=\"twitter:card\" content=\"summary_large_image\" \/>\n<script type=\"application\/ld+json\" class=\"yoast-schema-graph\">{\"@context\":\"https:\/\/schema.org\",\"@graph\":[{\"@type\":\"WebPage\",\"@id\":\"https:\/\/www.hobstop.ee\/lv\/produkts\/akvarelu-krasu-medijs-winsornewton-colourless-art-masking-fluid\/\",\"url\":\"https:\/\/www.hobstop.ee\/lv\/produkts\/akvarelu-krasu-medijs-winsornewton-colourless-art-masking-fluid\/\",\"name\":\"Akvare\u013cu kr\u0101su m\u0113dijs Winsor&Newton Colourless Art Masking Fluid &#8211; Skizze\",\"isPartOf\":{\"@id\":\"https:\/\/www.hobstop.ee\/lv\/#website\"},\"primaryImageOfPage\":{\"@id\":\"https:\/\/www.hobstop.ee\/lv\/produkts\/akvarelu-krasu-medijs-winsornewton-colourless-art-masking-fluid\/#primaryimage\"},\"image\":{\"@id\":\"https:\/\/www.hobstop.ee\/lv\/produkts\/akvarelu-krasu-medijs-winsornewton-colourless-art-masking-fluid\/#primaryimage\"},\"thumbnailUrl\":\"https:\/\/www.hobstop.ee\/media\/4262.jpg\",\"datePublished\":\"2016-04-13T12:00:56+00:00\",\"dateModified\":\"2016-04-13T12:00:56+00:00\",\"breadcrumb\":{\"@id\":\"https:\/\/www.hobstop.ee\/lv\/produkts\/akvarelu-krasu-medijs-winsornewton-colourless-art-masking-fluid\/#breadcrumb\"},\"inLanguage\":\"lv-LV\",\"potentialAction\":[{\"@type\":\"ReadAction\",\"target\":[\"https:\/\/www.hobstop.ee\/lv\/produkts\/akvarelu-krasu-medijs-winsornewton-colourless-art-masking-fluid\/\"]}]},{\"@type\":\"ImageObject\",\"inLanguage\":\"lv-LV\",\"@id\":\"https:\/\/www.hobstop.ee\/lv\/produkts\/akvarelu-krasu-medijs-winsornewton-colourless-art-masking-fluid\/#primaryimage\",\"url\":\"https:\/\/www.hobstop.ee\/media\/4262.jpg\",\"contentUrl\":\"https:\/\/www.hobstop.ee\/media\/4262.jpg\",\"width\":1024,\"height\":768},{\"@type\":\"BreadcrumbList\",\"@id\":\"https:\/\/www.hobstop.ee\/lv\/produkts\/akvarelu-krasu-medijs-winsornewton-colourless-art-masking-fluid\/#breadcrumb\",\"itemListElement\":[{\"@type\":\"ListItem\",\"position\":1,\"name\":\"Avaleht\",\"item\":\"https:\/\/www.hobstop.ee\/lv\/\"},{\"@type\":\"ListItem\",\"position\":2,\"name\":\"Veikals\",\"item\":\"https:\/\/www.hobstop.ee\/lv\/veikals\/\"},{\"@type\":\"ListItem\",\"position\":3,\"name\":\"Akvare\u013cu kr\u0101su m\u0113dijs Winsor&#038;Newton Colourless Art Masking Fluid\"}]},{\"@type\":\"WebSite\",\"@id\":\"https:\/\/www.hobstop.ee\/lv\/#website\",\"url\":\"https:\/\/www.hobstop.ee\/lv\/\",\"name\":\"Skizze\",\"description\":\"M\u0101kslas, hobiju un skolas preces\",\"publisher\":{\"@id\":\"https:\/\/www.hobstop.ee\/lv\/#organization\"},\"potentialAction\":[{\"@type\":\"SearchAction\",\"target\":{\"@type\":\"EntryPoint\",\"urlTemplate\":\"https:\/\/www.hobstop.ee\/lv\/?s={search_term_string}\"},\"query-input\":{\"@type\":\"PropertyValueSpecification\",\"valueRequired\":true,\"valueName\":\"search_term_string\"}}],\"inLanguage\":\"lv-LV\"},{\"@type\":\"Organization\",\"@id\":\"https:\/\/www.hobstop.ee\/lv\/#organization\",\"name\":\"Vunder AS\",\"url\":\"https:\/\/www.hobstop.ee\/lv\/\",\"logo\":{\"@type\":\"ImageObject\",\"inLanguage\":\"lv-LV\",\"@id\":\"https:\/\/www.hobstop.ee\/lv\/#\/schema\/logo\/image\/\",\"url\":\"https:\/\/hobstop.ee\/media\/vunder-logo.png\",\"contentUrl\":\"https:\/\/hobstop.ee\/media\/vunder-logo.png\",\"width\":127,\"height\":55,\"caption\":\"Vunder AS\"},\"image\":{\"@id\":\"https:\/\/www.hobstop.ee\/lv\/#\/schema\/logo\/image\/\"},\"sameAs\":[\"http:\/\/www.facebook.com\/VunderSkizze\"]}]}<\/script>\n<!-- \/ Yoast SEO plugin. -->","yoast_head_json":{"title":"Akvare\u013cu kr\u0101su m\u0113dijs Winsor&Newton Colourless Art Masking Fluid &#8211; Skizze","robots":{"index":"noindex","follow":"follow","max-snippet":"max-snippet:-1","max-image-preview":"max-image-preview:large","max-video-preview":"max-video-preview:-1"},"og_locale":"lv_LV","og_type":"article","og_title":"Akvare\u013cu kr\u0101su m\u0113dijs Winsor&Newton Colourless Art Masking Fluid &#8211; Skizze","og_description":"Bezkr\u0101sains \u0161\u0137idrums labojumu vietu mask\u0113\u0161anai, kad kr\u0101sa ir uzkl\u0101ta platos triepienos. \u012apa\u0161i veidots m\u012bkstiem pap\u012bra veidiem, nov\u0113r\u0161ot traipu ra\u0161anos. Lab\u0101kam rezult\u0101tam no\u0146emt iesp\u0113jami dr\u012bz p\u0113c uzkl\u0101\u0161anas.","og_url":"https:\/\/www.hobstop.ee\/lv\/produkts\/akvarelu-krasu-medijs-winsornewton-colourless-art-masking-fluid\/","og_site_name":"Skizze","article_publisher":"http:\/\/www.facebook.com\/VunderSkizze","og_image":[{"width":1024,"height":768,"url":"https:\/\/www.hobstop.ee\/media\/4262.jpg","type":"image\/jpeg"}],"twitter_card":"summary_large_image","schema":{"@context":"https:\/\/schema.org","@graph":[{"@type":"WebPage","@id":"https:\/\/www.hobstop.ee\/lv\/produkts\/akvarelu-krasu-medijs-winsornewton-colourless-art-masking-fluid\/","url":"https:\/\/www.hobstop.ee\/lv\/produkts\/akvarelu-krasu-medijs-winsornewton-colourless-art-masking-fluid\/","name":"Akvare\u013cu kr\u0101su m\u0113dijs Winsor&Newton Colourless Art Masking Fluid &#8211; Skizze","isPartOf":{"@id":"https:\/\/www.hobstop.ee\/lv\/#website"},"primaryImageOfPage":{"@id":"https:\/\/www.hobstop.ee\/lv\/produkts\/akvarelu-krasu-medijs-winsornewton-colourless-art-masking-fluid\/#primaryimage"},"image":{"@id":"https:\/\/www.hobstop.ee\/lv\/produkts\/akvarelu-krasu-medijs-winsornewton-colourless-art-masking-fluid\/#primaryimage"},"thumbnailUrl":"https:\/\/www.hobstop.ee\/media\/4262.jpg","datePublished":"2016-04-13T12:00:56+00:00","dateModified":"2016-04-13T12:00:56+00:00","breadcrumb":{"@id":"https:\/\/www.hobstop.ee\/lv\/produkts\/akvarelu-krasu-medijs-winsornewton-colourless-art-masking-fluid\/#breadcrumb"},"inLanguage":"lv-LV","potentialAction":[{"@type":"ReadAction","target":["https:\/\/www.hobstop.ee\/lv\/produkts\/akvarelu-krasu-medijs-winsornewton-colourless-art-masking-fluid\/"]}]},{"@type":"ImageObject","inLanguage":"lv-LV","@id":"https:\/\/www.hobstop.ee\/lv\/produkts\/akvarelu-krasu-medijs-winsornewton-colourless-art-masking-fluid\/#primaryimage","url":"https:\/\/www.hobstop.ee\/media\/4262.jpg","contentUrl":"https:\/\/www.hobstop.ee\/media\/4262.jpg","width":1024,"height":768},{"@type":"BreadcrumbList","@id":"https:\/\/www.hobstop.ee\/lv\/produkts\/akvarelu-krasu-medijs-winsornewton-colourless-art-masking-fluid\/#breadcrumb","itemListElement":[{"@type":"ListItem","position":1,"name":"Avaleht","item":"https:\/\/www.hobstop.ee\/lv\/"},{"@type":"ListItem","position":2,"name":"Veikals","item":"https:\/\/www.hobstop.ee\/lv\/veikals\/"},{"@type":"ListItem","position":3,"name":"Akvare\u013cu kr\u0101su m\u0113dijs Winsor&#038;Newton Colourless Art Masking Fluid"}]},{"@type":"WebSite","@id":"https:\/\/www.hobstop.ee\/lv\/#website","url":"https:\/\/www.hobstop.ee\/lv\/","name":"Skizze","description":"M\u0101kslas, hobiju un skolas preces","publisher":{"@id":"https:\/\/www.hobstop.ee\/lv\/#organization"},"potentialAction":[{"@type":"SearchAction","target":{"@type":"EntryPoint","urlTemplate":"https:\/\/www.hobstop.ee\/lv\/?s={search_term_string}"},"query-input":{"@type":"PropertyValueSpecification","valueRequired":true,"valueName":"search_term_string"}}],"inLanguage":"lv-LV"},{"@type":"Organization","@id":"https:\/\/www.hobstop.ee\/lv\/#organization","name":"Vunder AS","url":"https:\/\/www.hobstop.ee\/lv\/","logo":{"@type":"ImageObject","inLanguage":"lv-LV","@id":"https:\/\/www.hobstop.ee\/lv\/#\/schema\/logo\/image\/","url":"https:\/\/hobstop.ee\/media\/vunder-logo.png","contentUrl":"https:\/\/hobstop.ee\/media\/vunder-logo.png","width":127,"height":55,"caption":"Vunder AS"},"image":{"@id":"https:\/\/www.hobstop.ee\/lv\/#\/schema\/logo\/image\/"},"sameAs":["http:\/\/www.facebook.com\/VunderSkizze"]}]}},"_links":{"self":[{"href":"https:\/\/www.hobstop.ee\/lv\/wp-json\/wp\/v2\/product\/261931","targetHints":{"allow":["GET"]}}],"collection":[{"href":"https:\/\/www.hobstop.ee\/lv\/wp-json\/wp\/v2\/product"}],"about":[{"href":"https:\/\/www.hobstop.ee\/lv\/wp-json\/wp\/v2\/types\/product"}],"replies":[{"embeddable":true,"href":"https:\/\/www.hobstop.ee\/lv\/wp-json\/wp\/v2\/comments?post=261931"}],"wp:featuredmedia":[{"embeddable":true,"href":"https:\/\/www.hobstop.ee\/lv\/wp-json\/wp\/v2\/media\/262179"}],"wp:attachment":[{"href":"https:\/\/www.hobstop.ee\/lv\/wp-json\/wp\/v2\/media?parent=261931"}],"wp:term":[{"taxonomy":"product_cat","embeddable":true,"href":"https:\/\/www.hobstop.ee\/lv\/wp-json\/wp\/v2\/product_cat?post=261931"},{"taxonomy":"product_tag","embeddable":true,"href":"https:\/\/www.hobstop.ee\/lv\/wp-json\/wp\/v2\/product_tag?post=261931"}],"curies":[{"name":"wp","href":"https:\/\/api.w.org\/{rel}","templated":true}]}}