{"id":261951,"date":"2016-04-13T15:01:01","date_gmt":"2016-04-13T12:01:01","guid":{"rendered":"https:\/\/sharks.ee\/vunder_2019\/lv\/product\/medijs-ellas-krasam-winsornewton-liquin-fine-details\/"},"modified":"2016-04-13T15:01:01","modified_gmt":"2016-04-13T12:01:01","slug":"medijs-ellas-krasam-winsornewton-liquin-fine-details","status":"publish","type":"product","link":"https:\/\/www.hobstop.ee\/lv\/produkts\/medijs-ellas-krasam-winsornewton-liquin-fine-details\/","title":{"rendered":"M\u0113dijs e\u013c\u013cas kr\u0101s\u0101m Winsor&#038;Newton Liquin Fine Details"},"content":{"rendered":"<p>K\u0101 vis\u0161\u0137idr\u0101kais Liquin s\u0113rijas \u0101tri \u017e\u016bsto\u0161ais m\u0113dijs tas ir lieliski piem\u0113rots \u013coti detaliz\u0113tiem darbiem vai veidojot gludu virsmu bez redzamiem otas triepieniem.<\/p>\n","protected":false},"excerpt":{"rendered":"<p>K\u0101 vis\u0161\u0137idr\u0101kais Liquin s\u0113rijas \u0101tri \u017e\u016bsto\u0161ais m\u0113dijs tas ir lieliski piem\u0113rots \u013coti detaliz\u0113tiem darbiem vai veidojot gludu virsmu bez redzamiem otas triepieniem.<\/p>\n","protected":false},"featured_media":262199,"comment_status":"closed","ping_status":"closed","template":"","meta":{"_acf_changed":false,"ep_exclude_from_search":false},"product_cat":[18364,17980,16123],"product_tag":[],"class_list":{"0":"post-261951","1":"product","2":"type-product","3":"status-publish","4":"has-post-thumbnail","6":"product_cat-ellas-krasu-piedevas","7":"product_cat-krasas-un-gleznosanas-paligmateriali","8":"product_cat-makslas-piederumi-2","10":"first","11":"instock","12":"taxable","13":"shipping-taxable","14":"purchasable","15":"product-type-variable"},"acf":[],"yoast_head":"<!-- This site is optimized with the Yoast SEO plugin v24.1 - https:\/\/yoast.com\/wordpress\/plugins\/seo\/ -->\n<title>M\u0113dijs e\u013c\u013cas kr\u0101s\u0101m Winsor&amp;Newton Liquin Fine Details &#8211; Skizze<\/title>\n<meta name=\"robots\" content=\"noindex, follow, max-snippet:-1, max-image-preview:large, max-video-preview:-1\" \/>\n<meta property=\"og:locale\" content=\"lv_LV\" \/>\n<meta property=\"og:type\" content=\"article\" \/>\n<meta property=\"og:title\" content=\"M\u0113dijs e\u013c\u013cas kr\u0101s\u0101m Winsor&amp;Newton Liquin Fine Details &#8211; Skizze\" \/>\n<meta property=\"og:description\" content=\"K\u0101 vis\u0161\u0137idr\u0101kais Liquin s\u0113rijas \u0101tri \u017e\u016bsto\u0161ais m\u0113dijs tas ir lieliski piem\u0113rots \u013coti detaliz\u0113tiem darbiem vai veidojot gludu virsmu bez redzamiem otas triepieniem.\" \/>\n<meta property=\"og:url\" content=\"https:\/\/www.hobstop.ee\/lv\/produkts\/medijs-ellas-krasam-winsornewton-liquin-fine-details\/\" \/>\n<meta property=\"og:site_name\" content=\"Skizze\" \/>\n<meta property=\"article:publisher\" content=\"http:\/\/www.facebook.com\/VunderSkizze\" \/>\n<meta property=\"og:image\" content=\"https:\/\/www.hobstop.ee\/media\/4268.jpg\" \/>\n\t<meta property=\"og:image:width\" content=\"1024\" \/>\n\t<meta property=\"og:image:height\" content=\"768\" \/>\n\t<meta property=\"og:image:type\" content=\"image\/jpeg\" \/>\n<meta name=\"twitter:card\" content=\"summary_large_image\" \/>\n<script type=\"application\/ld+json\" class=\"yoast-schema-graph\">{\"@context\":\"https:\/\/schema.org\",\"@graph\":[{\"@type\":\"WebPage\",\"@id\":\"https:\/\/www.hobstop.ee\/lv\/produkts\/medijs-ellas-krasam-winsornewton-liquin-fine-details\/\",\"url\":\"https:\/\/www.hobstop.ee\/lv\/produkts\/medijs-ellas-krasam-winsornewton-liquin-fine-details\/\",\"name\":\"M\u0113dijs e\u013c\u013cas kr\u0101s\u0101m Winsor&Newton Liquin Fine Details &#8211; Skizze\",\"isPartOf\":{\"@id\":\"https:\/\/www.hobstop.ee\/lv\/#website\"},\"primaryImageOfPage\":{\"@id\":\"https:\/\/www.hobstop.ee\/lv\/produkts\/medijs-ellas-krasam-winsornewton-liquin-fine-details\/#primaryimage\"},\"image\":{\"@id\":\"https:\/\/www.hobstop.ee\/lv\/produkts\/medijs-ellas-krasam-winsornewton-liquin-fine-details\/#primaryimage\"},\"thumbnailUrl\":\"https:\/\/www.hobstop.ee\/media\/4268.jpg\",\"datePublished\":\"2016-04-13T12:01:01+00:00\",\"dateModified\":\"2016-04-13T12:01:01+00:00\",\"breadcrumb\":{\"@id\":\"https:\/\/www.hobstop.ee\/lv\/produkts\/medijs-ellas-krasam-winsornewton-liquin-fine-details\/#breadcrumb\"},\"inLanguage\":\"lv-LV\",\"potentialAction\":[{\"@type\":\"ReadAction\",\"target\":[\"https:\/\/www.hobstop.ee\/lv\/produkts\/medijs-ellas-krasam-winsornewton-liquin-fine-details\/\"]}]},{\"@type\":\"ImageObject\",\"inLanguage\":\"lv-LV\",\"@id\":\"https:\/\/www.hobstop.ee\/lv\/produkts\/medijs-ellas-krasam-winsornewton-liquin-fine-details\/#primaryimage\",\"url\":\"https:\/\/www.hobstop.ee\/media\/4268.jpg\",\"contentUrl\":\"https:\/\/www.hobstop.ee\/media\/4268.jpg\",\"width\":1024,\"height\":768},{\"@type\":\"BreadcrumbList\",\"@id\":\"https:\/\/www.hobstop.ee\/lv\/produkts\/medijs-ellas-krasam-winsornewton-liquin-fine-details\/#breadcrumb\",\"itemListElement\":[{\"@type\":\"ListItem\",\"position\":1,\"name\":\"Avaleht\",\"item\":\"https:\/\/www.hobstop.ee\/lv\/\"},{\"@type\":\"ListItem\",\"position\":2,\"name\":\"Veikals\",\"item\":\"https:\/\/www.hobstop.ee\/lv\/veikals\/\"},{\"@type\":\"ListItem\",\"position\":3,\"name\":\"M\u0113dijs e\u013c\u013cas kr\u0101s\u0101m Winsor&#038;Newton Liquin Fine Details\"}]},{\"@type\":\"WebSite\",\"@id\":\"https:\/\/www.hobstop.ee\/lv\/#website\",\"url\":\"https:\/\/www.hobstop.ee\/lv\/\",\"name\":\"Skizze\",\"description\":\"M\u0101kslas, hobiju un skolas preces\",\"publisher\":{\"@id\":\"https:\/\/www.hobstop.ee\/lv\/#organization\"},\"potentialAction\":[{\"@type\":\"SearchAction\",\"target\":{\"@type\":\"EntryPoint\",\"urlTemplate\":\"https:\/\/www.hobstop.ee\/lv\/?s={search_term_string}\"},\"query-input\":{\"@type\":\"PropertyValueSpecification\",\"valueRequired\":true,\"valueName\":\"search_term_string\"}}],\"inLanguage\":\"lv-LV\"},{\"@type\":\"Organization\",\"@id\":\"https:\/\/www.hobstop.ee\/lv\/#organization\",\"name\":\"Vunder AS\",\"url\":\"https:\/\/www.hobstop.ee\/lv\/\",\"logo\":{\"@type\":\"ImageObject\",\"inLanguage\":\"lv-LV\",\"@id\":\"https:\/\/www.hobstop.ee\/lv\/#\/schema\/logo\/image\/\",\"url\":\"https:\/\/hobstop.ee\/media\/vunder-logo.png\",\"contentUrl\":\"https:\/\/hobstop.ee\/media\/vunder-logo.png\",\"width\":127,\"height\":55,\"caption\":\"Vunder AS\"},\"image\":{\"@id\":\"https:\/\/www.hobstop.ee\/lv\/#\/schema\/logo\/image\/\"},\"sameAs\":[\"http:\/\/www.facebook.com\/VunderSkizze\"]}]}<\/script>\n<!-- \/ Yoast SEO plugin. -->","yoast_head_json":{"title":"M\u0113dijs e\u013c\u013cas kr\u0101s\u0101m Winsor&Newton Liquin Fine Details &#8211; Skizze","robots":{"index":"noindex","follow":"follow","max-snippet":"max-snippet:-1","max-image-preview":"max-image-preview:large","max-video-preview":"max-video-preview:-1"},"og_locale":"lv_LV","og_type":"article","og_title":"M\u0113dijs e\u013c\u013cas kr\u0101s\u0101m Winsor&Newton Liquin Fine Details &#8211; Skizze","og_description":"K\u0101 vis\u0161\u0137idr\u0101kais Liquin s\u0113rijas \u0101tri \u017e\u016bsto\u0161ais m\u0113dijs tas ir lieliski piem\u0113rots \u013coti detaliz\u0113tiem darbiem vai veidojot gludu virsmu bez redzamiem otas triepieniem.","og_url":"https:\/\/www.hobstop.ee\/lv\/produkts\/medijs-ellas-krasam-winsornewton-liquin-fine-details\/","og_site_name":"Skizze","article_publisher":"http:\/\/www.facebook.com\/VunderSkizze","og_image":[{"width":1024,"height":768,"url":"https:\/\/www.hobstop.ee\/media\/4268.jpg","type":"image\/jpeg"}],"twitter_card":"summary_large_image","schema":{"@context":"https:\/\/schema.org","@graph":[{"@type":"WebPage","@id":"https:\/\/www.hobstop.ee\/lv\/produkts\/medijs-ellas-krasam-winsornewton-liquin-fine-details\/","url":"https:\/\/www.hobstop.ee\/lv\/produkts\/medijs-ellas-krasam-winsornewton-liquin-fine-details\/","name":"M\u0113dijs e\u013c\u013cas kr\u0101s\u0101m Winsor&Newton Liquin Fine Details &#8211; Skizze","isPartOf":{"@id":"https:\/\/www.hobstop.ee\/lv\/#website"},"primaryImageOfPage":{"@id":"https:\/\/www.hobstop.ee\/lv\/produkts\/medijs-ellas-krasam-winsornewton-liquin-fine-details\/#primaryimage"},"image":{"@id":"https:\/\/www.hobstop.ee\/lv\/produkts\/medijs-ellas-krasam-winsornewton-liquin-fine-details\/#primaryimage"},"thumbnailUrl":"https:\/\/www.hobstop.ee\/media\/4268.jpg","datePublished":"2016-04-13T12:01:01+00:00","dateModified":"2016-04-13T12:01:01+00:00","breadcrumb":{"@id":"https:\/\/www.hobstop.ee\/lv\/produkts\/medijs-ellas-krasam-winsornewton-liquin-fine-details\/#breadcrumb"},"inLanguage":"lv-LV","potentialAction":[{"@type":"ReadAction","target":["https:\/\/www.hobstop.ee\/lv\/produkts\/medijs-ellas-krasam-winsornewton-liquin-fine-details\/"]}]},{"@type":"ImageObject","inLanguage":"lv-LV","@id":"https:\/\/www.hobstop.ee\/lv\/produkts\/medijs-ellas-krasam-winsornewton-liquin-fine-details\/#primaryimage","url":"https:\/\/www.hobstop.ee\/media\/4268.jpg","contentUrl":"https:\/\/www.hobstop.ee\/media\/4268.jpg","width":1024,"height":768},{"@type":"BreadcrumbList","@id":"https:\/\/www.hobstop.ee\/lv\/produkts\/medijs-ellas-krasam-winsornewton-liquin-fine-details\/#breadcrumb","itemListElement":[{"@type":"ListItem","position":1,"name":"Avaleht","item":"https:\/\/www.hobstop.ee\/lv\/"},{"@type":"ListItem","position":2,"name":"Veikals","item":"https:\/\/www.hobstop.ee\/lv\/veikals\/"},{"@type":"ListItem","position":3,"name":"M\u0113dijs e\u013c\u013cas kr\u0101s\u0101m Winsor&#038;Newton Liquin Fine Details"}]},{"@type":"WebSite","@id":"https:\/\/www.hobstop.ee\/lv\/#website","url":"https:\/\/www.hobstop.ee\/lv\/","name":"Skizze","description":"M\u0101kslas, hobiju un skolas preces","publisher":{"@id":"https:\/\/www.hobstop.ee\/lv\/#organization"},"potentialAction":[{"@type":"SearchAction","target":{"@type":"EntryPoint","urlTemplate":"https:\/\/www.hobstop.ee\/lv\/?s={search_term_string}"},"query-input":{"@type":"PropertyValueSpecification","valueRequired":true,"valueName":"search_term_string"}}],"inLanguage":"lv-LV"},{"@type":"Organization","@id":"https:\/\/www.hobstop.ee\/lv\/#organization","name":"Vunder AS","url":"https:\/\/www.hobstop.ee\/lv\/","logo":{"@type":"ImageObject","inLanguage":"lv-LV","@id":"https:\/\/www.hobstop.ee\/lv\/#\/schema\/logo\/image\/","url":"https:\/\/hobstop.ee\/media\/vunder-logo.png","contentUrl":"https:\/\/hobstop.ee\/media\/vunder-logo.png","width":127,"height":55,"caption":"Vunder AS"},"image":{"@id":"https:\/\/www.hobstop.ee\/lv\/#\/schema\/logo\/image\/"},"sameAs":["http:\/\/www.facebook.com\/VunderSkizze"]}]}},"_links":{"self":[{"href":"https:\/\/www.hobstop.ee\/lv\/wp-json\/wp\/v2\/product\/261951","targetHints":{"allow":["GET"]}}],"collection":[{"href":"https:\/\/www.hobstop.ee\/lv\/wp-json\/wp\/v2\/product"}],"about":[{"href":"https:\/\/www.hobstop.ee\/lv\/wp-json\/wp\/v2\/types\/product"}],"replies":[{"embeddable":true,"href":"https:\/\/www.hobstop.ee\/lv\/wp-json\/wp\/v2\/comments?post=261951"}],"wp:featuredmedia":[{"embeddable":true,"href":"https:\/\/www.hobstop.ee\/lv\/wp-json\/wp\/v2\/media\/262199"}],"wp:attachment":[{"href":"https:\/\/www.hobstop.ee\/lv\/wp-json\/wp\/v2\/media?parent=261951"}],"wp:term":[{"taxonomy":"product_cat","embeddable":true,"href":"https:\/\/www.hobstop.ee\/lv\/wp-json\/wp\/v2\/product_cat?post=261951"},{"taxonomy":"product_tag","embeddable":true,"href":"https:\/\/www.hobstop.ee\/lv\/wp-json\/wp\/v2\/product_tag?post=261951"}],"curies":[{"name":"wp","href":"https:\/\/api.w.org\/{rel}","templated":true}]}}