{"id":274259,"date":"2016-09-14T15:32:26","date_gmt":"2016-09-14T12:32:26","guid":{"rendered":"https:\/\/sharks.ee\/vunder_2019\/lv\/product\/akvarelkrasu-komplekts-sennelier-la-petite-aquarelle-travel-box\/"},"modified":"2016-09-14T15:32:26","modified_gmt":"2016-09-14T12:32:26","slug":"akvarelkrasu-komplekts-sennelier-la-petite-aquarelle-travel-box","status":"publish","type":"product","link":"https:\/\/www.hobstop.ee\/lv\/produkts\/akvarelkrasu-komplekts-sennelier-la-petite-aquarelle-travel-box\/","title":{"rendered":"Akvare\u013ckr\u0101su komplekts Sennelier La Petite Aquarelle Travel Box"},"content":{"rendered":"<p>Sennelier La Petite Aquarelle ir L\u2019Aquarelle jaun\u0101k\u0101 m\u0101sa Sennelier profesion\u0101lo akvare\u013ckr\u0101su kolekcij\u0101 &#8211; lieliska kr\u0101su izv\u0113le, izcila kvalit\u0101te. Ra\u017eotas Francij\u0101. Pigmenti ir \u012bpa\u0161i izv\u0113l\u0113ti, \u0146emot v\u0113r\u0101 sajauk\u0161an\u0101s sp\u0113jas, bet saistviela ir stiprin\u0101ta ar glicer\u012bnu un ra\u017eota t\u0101, lai nodro\u0161in\u0101tu vienm\u0113r\u012bgu kr\u0101sas kl\u0101\u0161anos uz pap\u012bra. La Petite Aquarelle formula ir izstr\u0101d\u0101ta, lai atvieglotu mais\u012bjumu veido\u0161anu  un pl\u016bdumus, un ir ide\u0101li piem\u0113rota m\u0101ksliniekiem, kuri m\u0101c\u0101s apg\u016bt darbu ar akvare\u013ckr\u0101s\u0101m, k\u0101 ar\u012b tiem, kuri veido darbus br\u012bv\u0101 dab\u0101. La Petite Aquarelle ce\u013cojumu k\u0101rba ir paroc\u012bgs un inovat\u012bvs risin\u0101jums ar elast\u012bgu siksnu \u0113rt\u0101kai p\u0101rn\u0113s\u0101\u0161anai. M\u0101ksliniekiem \u0161\u012b k\u0101rba \u013coti pat\u012bk, jo to var \u0113rti un vienk\u0101r\u0161i p\u0101rn\u0113s\u0101t. Radot La Petite Aquarelle, Sennelier ir padar\u012bjis glezno\u0161anu ar akvare\u013ckr\u0101s\u0101m daudz vienk\u0101r\u0161\u0101ku &#8211; m\u0101kslinieki noteikti cent\u012bsies \u0161o komplektu \u0146emt l\u012bdzi vienm\u0113r un visur.<\/p>\n","protected":false},"excerpt":{"rendered":"<p>Sennelier La Petite Aquarelle ir L\u2019Aquarelle jaun\u0101k\u0101 m\u0101sa Sennelier profesion\u0101lo akvare\u013ckr\u0101su kolekcij\u0101 &#8211; lieliska kr\u0101su izv\u0113le, izcila kvalit\u0101te. Ra\u017eotas Francij\u0101. Pigmenti ir \u012bpa\u0161i izv\u0113l\u0113ti, \u0146emot v\u0113r\u0101 sajauk\u0161an\u0101s sp\u0113jas, bet saistviela ir stiprin\u0101ta ar glicer\u012bnu un ra\u017eota t\u0101, lai nodro\u0161in\u0101tu vienm\u0113r\u012bgu kr\u0101sas kl\u0101\u0161anos uz pap\u012bra. La Petite Aquarelle formula ir izstr\u0101d\u0101ta, lai atvieglotu mais\u012bjumu veido\u0161anu un pl\u016bdumus, un ir ide\u0101li piem\u0113rota m\u0101ksliniekiem, kuri m\u0101c\u0101s apg\u016bt darbu ar akvare\u013ckr\u0101s\u0101m, k\u0101 ar\u012b tiem, kuri veido darbus br\u012bv\u0101 dab\u0101. La Petite Aquarelle ce\u013cojumu k\u0101rba ir paroc\u012bgs un inovat\u012bvs risin\u0101jums ar elast\u012bgu siksnu \u0113rt\u0101kai p\u0101rn\u0113s\u0101\u0161anai. M\u0101ksliniekiem \u0161\u012b k\u0101rba \u013coti pat\u012bk, jo to var \u0113rti un vienk\u0101r\u0161i p\u0101rn\u0113s\u0101t. Radot La Petite Aquarelle, Sennelier ir padar\u012bjis glezno\u0161anu ar akvare\u013ckr\u0101s\u0101m daudz vienk\u0101r\u0161\u0101ku &#8211; m\u0101kslinieki noteikti cent\u012bsies \u0161o komplektu \u0146emt l\u012bdzi vienm\u0113r un visur.<\/p>\n","protected":false},"featured_media":274295,"comment_status":"closed","ping_status":"closed","template":"","meta":{"_acf_changed":false,"ep_exclude_from_search":false},"product_cat":[19000,17980,16123],"product_tag":[],"class_list":{"0":"post-274259","1":"product","2":"type-product","3":"status-publish","4":"has-post-thumbnail","6":"product_cat-akvarelkrasas-2","7":"product_cat-krasas-un-gleznosanas-paligmateriali","8":"product_cat-makslas-piederumi-2","10":"first","11":"instock","12":"taxable","13":"shipping-taxable","14":"purchasable","15":"product-type-simple"},"acf":[],"yoast_head":"<!-- This site is optimized with the Yoast SEO plugin v24.1 - https:\/\/yoast.com\/wordpress\/plugins\/seo\/ -->\n<title>Akvare\u013ckr\u0101su komplekts Sennelier La Petite Aquarelle Travel Box &#8211; Skizze<\/title>\n<meta name=\"robots\" content=\"noindex, follow, max-snippet:-1, max-image-preview:large, max-video-preview:-1\" \/>\n<meta property=\"og:locale\" content=\"lv_LV\" \/>\n<meta property=\"og:type\" content=\"article\" \/>\n<meta property=\"og:title\" content=\"Akvare\u013ckr\u0101su komplekts Sennelier La Petite Aquarelle Travel Box &#8211; Skizze\" \/>\n<meta property=\"og:description\" content=\"Sennelier La Petite Aquarelle ir L\u2019Aquarelle jaun\u0101k\u0101 m\u0101sa Sennelier profesion\u0101lo akvare\u013ckr\u0101su kolekcij\u0101 &#8211; lieliska kr\u0101su izv\u0113le, izcila kvalit\u0101te. Ra\u017eotas Francij\u0101. Pigmenti ir \u012bpa\u0161i izv\u0113l\u0113ti, \u0146emot v\u0113r\u0101 sajauk\u0161an\u0101s sp\u0113jas, bet saistviela ir stiprin\u0101ta ar glicer\u012bnu un ra\u017eota t\u0101, lai nodro\u0161in\u0101tu vienm\u0113r\u012bgu kr\u0101sas kl\u0101\u0161anos uz pap\u012bra. La Petite Aquarelle formula ir izstr\u0101d\u0101ta, lai atvieglotu mais\u012bjumu veido\u0161anu un pl\u016bdumus, un ir ide\u0101li piem\u0113rota m\u0101ksliniekiem, kuri m\u0101c\u0101s apg\u016bt darbu ar akvare\u013ckr\u0101s\u0101m, k\u0101 ar\u012b tiem, kuri veido darbus br\u012bv\u0101 dab\u0101. La Petite Aquarelle ce\u013cojumu k\u0101rba ir paroc\u012bgs un inovat\u012bvs risin\u0101jums ar elast\u012bgu siksnu \u0113rt\u0101kai p\u0101rn\u0113s\u0101\u0161anai. M\u0101ksliniekiem \u0161\u012b k\u0101rba \u013coti pat\u012bk, jo to var \u0113rti un vienk\u0101r\u0161i p\u0101rn\u0113s\u0101t. Radot La Petite Aquarelle, Sennelier ir padar\u012bjis glezno\u0161anu ar akvare\u013ckr\u0101s\u0101m daudz vienk\u0101r\u0161\u0101ku &#8211; m\u0101kslinieki noteikti cent\u012bsies \u0161o komplektu \u0146emt l\u012bdzi vienm\u0113r un visur.\" \/>\n<meta property=\"og:url\" content=\"https:\/\/www.hobstop.ee\/lv\/produkts\/akvarelkrasu-komplekts-sennelier-la-petite-aquarelle-travel-box\/\" \/>\n<meta property=\"og:site_name\" content=\"Skizze\" \/>\n<meta property=\"article:publisher\" content=\"http:\/\/www.facebook.com\/VunderSkizze\" \/>\n<meta property=\"og:image\" content=\"https:\/\/www.hobstop.ee\/media\/4392.jpg\" \/>\n\t<meta property=\"og:image:width\" content=\"1024\" \/>\n\t<meta property=\"og:image:height\" content=\"768\" \/>\n\t<meta property=\"og:image:type\" content=\"image\/jpeg\" \/>\n<meta name=\"twitter:card\" content=\"summary_large_image\" \/>\n<meta name=\"twitter:label1\" content=\"Est. reading time\" \/>\n\t<meta name=\"twitter:data1\" content=\"1 min\u016b\u0161u\" \/>\n<script type=\"application\/ld+json\" class=\"yoast-schema-graph\">{\"@context\":\"https:\/\/schema.org\",\"@graph\":[{\"@type\":\"WebPage\",\"@id\":\"https:\/\/www.hobstop.ee\/lv\/produkts\/akvarelkrasu-komplekts-sennelier-la-petite-aquarelle-travel-box\/\",\"url\":\"https:\/\/www.hobstop.ee\/lv\/produkts\/akvarelkrasu-komplekts-sennelier-la-petite-aquarelle-travel-box\/\",\"name\":\"Akvare\u013ckr\u0101su komplekts Sennelier La Petite Aquarelle Travel Box &#8211; Skizze\",\"isPartOf\":{\"@id\":\"https:\/\/www.hobstop.ee\/lv\/#website\"},\"primaryImageOfPage\":{\"@id\":\"https:\/\/www.hobstop.ee\/lv\/produkts\/akvarelkrasu-komplekts-sennelier-la-petite-aquarelle-travel-box\/#primaryimage\"},\"image\":{\"@id\":\"https:\/\/www.hobstop.ee\/lv\/produkts\/akvarelkrasu-komplekts-sennelier-la-petite-aquarelle-travel-box\/#primaryimage\"},\"thumbnailUrl\":\"https:\/\/www.hobstop.ee\/media\/4392.jpg\",\"datePublished\":\"2016-09-14T12:32:26+00:00\",\"dateModified\":\"2016-09-14T12:32:26+00:00\",\"breadcrumb\":{\"@id\":\"https:\/\/www.hobstop.ee\/lv\/produkts\/akvarelkrasu-komplekts-sennelier-la-petite-aquarelle-travel-box\/#breadcrumb\"},\"inLanguage\":\"lv-LV\",\"potentialAction\":[{\"@type\":\"ReadAction\",\"target\":[\"https:\/\/www.hobstop.ee\/lv\/produkts\/akvarelkrasu-komplekts-sennelier-la-petite-aquarelle-travel-box\/\"]}]},{\"@type\":\"ImageObject\",\"inLanguage\":\"lv-LV\",\"@id\":\"https:\/\/www.hobstop.ee\/lv\/produkts\/akvarelkrasu-komplekts-sennelier-la-petite-aquarelle-travel-box\/#primaryimage\",\"url\":\"https:\/\/www.hobstop.ee\/media\/4392.jpg\",\"contentUrl\":\"https:\/\/www.hobstop.ee\/media\/4392.jpg\",\"width\":1024,\"height\":768},{\"@type\":\"BreadcrumbList\",\"@id\":\"https:\/\/www.hobstop.ee\/lv\/produkts\/akvarelkrasu-komplekts-sennelier-la-petite-aquarelle-travel-box\/#breadcrumb\",\"itemListElement\":[{\"@type\":\"ListItem\",\"position\":1,\"name\":\"Avaleht\",\"item\":\"https:\/\/www.hobstop.ee\/lv\/\"},{\"@type\":\"ListItem\",\"position\":2,\"name\":\"Veikals\",\"item\":\"https:\/\/www.hobstop.ee\/lv\/veikals\/\"},{\"@type\":\"ListItem\",\"position\":3,\"name\":\"Akvare\u013ckr\u0101su komplekts Sennelier La Petite Aquarelle Travel Box\"}]},{\"@type\":\"WebSite\",\"@id\":\"https:\/\/www.hobstop.ee\/lv\/#website\",\"url\":\"https:\/\/www.hobstop.ee\/lv\/\",\"name\":\"Skizze\",\"description\":\"M\u0101kslas, hobiju un skolas preces\",\"publisher\":{\"@id\":\"https:\/\/www.hobstop.ee\/lv\/#organization\"},\"potentialAction\":[{\"@type\":\"SearchAction\",\"target\":{\"@type\":\"EntryPoint\",\"urlTemplate\":\"https:\/\/www.hobstop.ee\/lv\/?s={search_term_string}\"},\"query-input\":{\"@type\":\"PropertyValueSpecification\",\"valueRequired\":true,\"valueName\":\"search_term_string\"}}],\"inLanguage\":\"lv-LV\"},{\"@type\":\"Organization\",\"@id\":\"https:\/\/www.hobstop.ee\/lv\/#organization\",\"name\":\"Vunder AS\",\"url\":\"https:\/\/www.hobstop.ee\/lv\/\",\"logo\":{\"@type\":\"ImageObject\",\"inLanguage\":\"lv-LV\",\"@id\":\"https:\/\/www.hobstop.ee\/lv\/#\/schema\/logo\/image\/\",\"url\":\"https:\/\/hobstop.ee\/media\/vunder-logo.png\",\"contentUrl\":\"https:\/\/hobstop.ee\/media\/vunder-logo.png\",\"width\":127,\"height\":55,\"caption\":\"Vunder AS\"},\"image\":{\"@id\":\"https:\/\/www.hobstop.ee\/lv\/#\/schema\/logo\/image\/\"},\"sameAs\":[\"http:\/\/www.facebook.com\/VunderSkizze\"]}]}<\/script>\n<!-- \/ Yoast SEO plugin. -->","yoast_head_json":{"title":"Akvare\u013ckr\u0101su komplekts Sennelier La Petite Aquarelle Travel Box &#8211; Skizze","robots":{"index":"noindex","follow":"follow","max-snippet":"max-snippet:-1","max-image-preview":"max-image-preview:large","max-video-preview":"max-video-preview:-1"},"og_locale":"lv_LV","og_type":"article","og_title":"Akvare\u013ckr\u0101su komplekts Sennelier La Petite Aquarelle Travel Box &#8211; Skizze","og_description":"Sennelier La Petite Aquarelle ir L\u2019Aquarelle jaun\u0101k\u0101 m\u0101sa Sennelier profesion\u0101lo akvare\u013ckr\u0101su kolekcij\u0101 &#8211; lieliska kr\u0101su izv\u0113le, izcila kvalit\u0101te. Ra\u017eotas Francij\u0101. Pigmenti ir \u012bpa\u0161i izv\u0113l\u0113ti, \u0146emot v\u0113r\u0101 sajauk\u0161an\u0101s sp\u0113jas, bet saistviela ir stiprin\u0101ta ar glicer\u012bnu un ra\u017eota t\u0101, lai nodro\u0161in\u0101tu vienm\u0113r\u012bgu kr\u0101sas kl\u0101\u0161anos uz pap\u012bra. La Petite Aquarelle formula ir izstr\u0101d\u0101ta, lai atvieglotu mais\u012bjumu veido\u0161anu un pl\u016bdumus, un ir ide\u0101li piem\u0113rota m\u0101ksliniekiem, kuri m\u0101c\u0101s apg\u016bt darbu ar akvare\u013ckr\u0101s\u0101m, k\u0101 ar\u012b tiem, kuri veido darbus br\u012bv\u0101 dab\u0101. La Petite Aquarelle ce\u013cojumu k\u0101rba ir paroc\u012bgs un inovat\u012bvs risin\u0101jums ar elast\u012bgu siksnu \u0113rt\u0101kai p\u0101rn\u0113s\u0101\u0161anai. M\u0101ksliniekiem \u0161\u012b k\u0101rba \u013coti pat\u012bk, jo to var \u0113rti un vienk\u0101r\u0161i p\u0101rn\u0113s\u0101t. Radot La Petite Aquarelle, Sennelier ir padar\u012bjis glezno\u0161anu ar akvare\u013ckr\u0101s\u0101m daudz vienk\u0101r\u0161\u0101ku &#8211; m\u0101kslinieki noteikti cent\u012bsies \u0161o komplektu \u0146emt l\u012bdzi vienm\u0113r un visur.","og_url":"https:\/\/www.hobstop.ee\/lv\/produkts\/akvarelkrasu-komplekts-sennelier-la-petite-aquarelle-travel-box\/","og_site_name":"Skizze","article_publisher":"http:\/\/www.facebook.com\/VunderSkizze","og_image":[{"width":1024,"height":768,"url":"https:\/\/www.hobstop.ee\/media\/4392.jpg","type":"image\/jpeg"}],"twitter_card":"summary_large_image","twitter_misc":{"Est. reading time":"1 min\u016b\u0161u"},"schema":{"@context":"https:\/\/schema.org","@graph":[{"@type":"WebPage","@id":"https:\/\/www.hobstop.ee\/lv\/produkts\/akvarelkrasu-komplekts-sennelier-la-petite-aquarelle-travel-box\/","url":"https:\/\/www.hobstop.ee\/lv\/produkts\/akvarelkrasu-komplekts-sennelier-la-petite-aquarelle-travel-box\/","name":"Akvare\u013ckr\u0101su komplekts Sennelier La Petite Aquarelle Travel Box &#8211; Skizze","isPartOf":{"@id":"https:\/\/www.hobstop.ee\/lv\/#website"},"primaryImageOfPage":{"@id":"https:\/\/www.hobstop.ee\/lv\/produkts\/akvarelkrasu-komplekts-sennelier-la-petite-aquarelle-travel-box\/#primaryimage"},"image":{"@id":"https:\/\/www.hobstop.ee\/lv\/produkts\/akvarelkrasu-komplekts-sennelier-la-petite-aquarelle-travel-box\/#primaryimage"},"thumbnailUrl":"https:\/\/www.hobstop.ee\/media\/4392.jpg","datePublished":"2016-09-14T12:32:26+00:00","dateModified":"2016-09-14T12:32:26+00:00","breadcrumb":{"@id":"https:\/\/www.hobstop.ee\/lv\/produkts\/akvarelkrasu-komplekts-sennelier-la-petite-aquarelle-travel-box\/#breadcrumb"},"inLanguage":"lv-LV","potentialAction":[{"@type":"ReadAction","target":["https:\/\/www.hobstop.ee\/lv\/produkts\/akvarelkrasu-komplekts-sennelier-la-petite-aquarelle-travel-box\/"]}]},{"@type":"ImageObject","inLanguage":"lv-LV","@id":"https:\/\/www.hobstop.ee\/lv\/produkts\/akvarelkrasu-komplekts-sennelier-la-petite-aquarelle-travel-box\/#primaryimage","url":"https:\/\/www.hobstop.ee\/media\/4392.jpg","contentUrl":"https:\/\/www.hobstop.ee\/media\/4392.jpg","width":1024,"height":768},{"@type":"BreadcrumbList","@id":"https:\/\/www.hobstop.ee\/lv\/produkts\/akvarelkrasu-komplekts-sennelier-la-petite-aquarelle-travel-box\/#breadcrumb","itemListElement":[{"@type":"ListItem","position":1,"name":"Avaleht","item":"https:\/\/www.hobstop.ee\/lv\/"},{"@type":"ListItem","position":2,"name":"Veikals","item":"https:\/\/www.hobstop.ee\/lv\/veikals\/"},{"@type":"ListItem","position":3,"name":"Akvare\u013ckr\u0101su komplekts Sennelier La Petite Aquarelle Travel Box"}]},{"@type":"WebSite","@id":"https:\/\/www.hobstop.ee\/lv\/#website","url":"https:\/\/www.hobstop.ee\/lv\/","name":"Skizze","description":"M\u0101kslas, hobiju un skolas preces","publisher":{"@id":"https:\/\/www.hobstop.ee\/lv\/#organization"},"potentialAction":[{"@type":"SearchAction","target":{"@type":"EntryPoint","urlTemplate":"https:\/\/www.hobstop.ee\/lv\/?s={search_term_string}"},"query-input":{"@type":"PropertyValueSpecification","valueRequired":true,"valueName":"search_term_string"}}],"inLanguage":"lv-LV"},{"@type":"Organization","@id":"https:\/\/www.hobstop.ee\/lv\/#organization","name":"Vunder AS","url":"https:\/\/www.hobstop.ee\/lv\/","logo":{"@type":"ImageObject","inLanguage":"lv-LV","@id":"https:\/\/www.hobstop.ee\/lv\/#\/schema\/logo\/image\/","url":"https:\/\/hobstop.ee\/media\/vunder-logo.png","contentUrl":"https:\/\/hobstop.ee\/media\/vunder-logo.png","width":127,"height":55,"caption":"Vunder AS"},"image":{"@id":"https:\/\/www.hobstop.ee\/lv\/#\/schema\/logo\/image\/"},"sameAs":["http:\/\/www.facebook.com\/VunderSkizze"]}]}},"_links":{"self":[{"href":"https:\/\/www.hobstop.ee\/lv\/wp-json\/wp\/v2\/product\/274259","targetHints":{"allow":["GET"]}}],"collection":[{"href":"https:\/\/www.hobstop.ee\/lv\/wp-json\/wp\/v2\/product"}],"about":[{"href":"https:\/\/www.hobstop.ee\/lv\/wp-json\/wp\/v2\/types\/product"}],"replies":[{"embeddable":true,"href":"https:\/\/www.hobstop.ee\/lv\/wp-json\/wp\/v2\/comments?post=274259"}],"wp:featuredmedia":[{"embeddable":true,"href":"https:\/\/www.hobstop.ee\/lv\/wp-json\/wp\/v2\/media\/274295"}],"wp:attachment":[{"href":"https:\/\/www.hobstop.ee\/lv\/wp-json\/wp\/v2\/media?parent=274259"}],"wp:term":[{"taxonomy":"product_cat","embeddable":true,"href":"https:\/\/www.hobstop.ee\/lv\/wp-json\/wp\/v2\/product_cat?post=274259"},{"taxonomy":"product_tag","embeddable":true,"href":"https:\/\/www.hobstop.ee\/lv\/wp-json\/wp\/v2\/product_tag?post=274259"}],"curies":[{"name":"wp","href":"https:\/\/api.w.org\/{rel}","templated":true}]}}