{"id":284184,"date":"2017-04-04T11:58:03","date_gmt":"2017-04-04T08:58:03","guid":{"rendered":"https:\/\/sharks.ee\/vunder_2019\/lv\/product\/ellas-krasas-laka-winsornewton-artists-satin-aerosols\/"},"modified":"2017-04-04T11:58:03","modified_gmt":"2017-04-04T08:58:03","slug":"ellas-krasas-laka-winsornewton-artists-satin-aerosols","status":"publish","type":"product","link":"https:\/\/www.hobstop.ee\/lv\/produkts\/ellas-krasas-laka-winsornewton-artists-satin-aerosols\/","title":{"rendered":"E\u013c\u013cas kr\u0101sas laka Winsor&#038;Newton Artists&#8217; satin aerosols"},"content":{"rendered":"<p>Lieliskas kvalit\u0101tes, UV starojuma iztur\u012bga m\u0101kslinieku mat\u0113ta laka, ko var not\u012br\u012bt ar vaitspirtu vai terpent\u012bnu. \u0100tri no\u017e\u016bst, veido pl\u0113v\u012bti bez dzelten\u012bgas nokr\u0101sas, \u201cnezied\u201d un neplais\u0101. Izmantojama tikai uz piln\u012bgi no\u017euvu\u0161\u0101m e\u013c\u013cas glezn\u0101m (vismaz 6-12 m\u0113ne\u0161us).<\/p>\n","protected":false},"excerpt":{"rendered":"<p>Lieliskas kvalit\u0101tes, UV starojuma iztur\u012bga m\u0101kslinieku mat\u0113ta laka, ko var not\u012br\u012bt ar vaitspirtu vai terpent\u012bnu. \u0100tri no\u017e\u016bst, veido pl\u0113v\u012bti bez dzelten\u012bgas nokr\u0101sas, \u201cnezied\u201d un neplais\u0101. Izmantojama tikai uz piln\u012bgi no\u017euvu\u0161\u0101m e\u013c\u013cas glezn\u0101m (vismaz 6-12 m\u0113ne\u0161us).<\/p>\n","protected":false},"featured_media":284721,"comment_status":"closed","ping_status":"closed","template":"","meta":{"_acf_changed":false,"ep_exclude_from_search":false},"product_cat":[18364,17980,16123],"product_tag":[],"class_list":{"0":"post-284184","1":"product","2":"type-product","3":"status-publish","4":"has-post-thumbnail","6":"product_cat-ellas-krasu-piedevas","7":"product_cat-krasas-un-gleznosanas-paligmateriali","8":"product_cat-makslas-piederumi-2","10":"first","11":"instock","12":"taxable","13":"shipping-taxable","14":"purchasable","15":"product-type-simple"},"acf":[],"yoast_head":"<!-- This site is optimized with the Yoast SEO plugin v24.1 - https:\/\/yoast.com\/wordpress\/plugins\/seo\/ -->\n<title>E\u013c\u013cas kr\u0101sas laka Winsor&amp;Newton Artists&#039; satin aerosols &#8211; Skizze<\/title>\n<meta name=\"robots\" content=\"noindex, follow, max-snippet:-1, max-image-preview:large, max-video-preview:-1\" \/>\n<meta property=\"og:locale\" content=\"lv_LV\" \/>\n<meta property=\"og:type\" content=\"article\" \/>\n<meta property=\"og:title\" content=\"E\u013c\u013cas kr\u0101sas laka Winsor&amp;Newton Artists&#039; satin aerosols &#8211; Skizze\" \/>\n<meta property=\"og:description\" content=\"Lieliskas kvalit\u0101tes, UV starojuma iztur\u012bga m\u0101kslinieku mat\u0113ta laka, ko var not\u012br\u012bt ar vaitspirtu vai terpent\u012bnu. \u0100tri no\u017e\u016bst, veido pl\u0113v\u012bti bez dzelten\u012bgas nokr\u0101sas, \u201cnezied\u201d un neplais\u0101. Izmantojama tikai uz piln\u012bgi no\u017euvu\u0161\u0101m e\u013c\u013cas glezn\u0101m (vismaz 6-12 m\u0113ne\u0161us).\" \/>\n<meta property=\"og:url\" content=\"https:\/\/www.hobstop.ee\/lv\/produkts\/ellas-krasas-laka-winsornewton-artists-satin-aerosols\/\" \/>\n<meta property=\"og:site_name\" content=\"Skizze\" \/>\n<meta property=\"article:publisher\" content=\"http:\/\/www.facebook.com\/VunderSkizze\" \/>\n<meta property=\"og:image\" content=\"https:\/\/www.hobstop.ee\/media\/4501.jpg\" \/>\n\t<meta property=\"og:image:width\" content=\"1024\" \/>\n\t<meta property=\"og:image:height\" content=\"768\" \/>\n\t<meta property=\"og:image:type\" content=\"image\/jpeg\" \/>\n<meta name=\"twitter:card\" content=\"summary_large_image\" \/>\n<script type=\"application\/ld+json\" class=\"yoast-schema-graph\">{\"@context\":\"https:\/\/schema.org\",\"@graph\":[{\"@type\":\"WebPage\",\"@id\":\"https:\/\/www.hobstop.ee\/lv\/produkts\/ellas-krasas-laka-winsornewton-artists-satin-aerosols\/\",\"url\":\"https:\/\/www.hobstop.ee\/lv\/produkts\/ellas-krasas-laka-winsornewton-artists-satin-aerosols\/\",\"name\":\"E\u013c\u013cas kr\u0101sas laka Winsor&Newton Artists' satin aerosols &#8211; Skizze\",\"isPartOf\":{\"@id\":\"https:\/\/www.hobstop.ee\/lv\/#website\"},\"primaryImageOfPage\":{\"@id\":\"https:\/\/www.hobstop.ee\/lv\/produkts\/ellas-krasas-laka-winsornewton-artists-satin-aerosols\/#primaryimage\"},\"image\":{\"@id\":\"https:\/\/www.hobstop.ee\/lv\/produkts\/ellas-krasas-laka-winsornewton-artists-satin-aerosols\/#primaryimage\"},\"thumbnailUrl\":\"https:\/\/www.hobstop.ee\/media\/4501.jpg\",\"datePublished\":\"2017-04-04T08:58:03+00:00\",\"dateModified\":\"2017-04-04T08:58:03+00:00\",\"breadcrumb\":{\"@id\":\"https:\/\/www.hobstop.ee\/lv\/produkts\/ellas-krasas-laka-winsornewton-artists-satin-aerosols\/#breadcrumb\"},\"inLanguage\":\"lv-LV\",\"potentialAction\":[{\"@type\":\"ReadAction\",\"target\":[\"https:\/\/www.hobstop.ee\/lv\/produkts\/ellas-krasas-laka-winsornewton-artists-satin-aerosols\/\"]}]},{\"@type\":\"ImageObject\",\"inLanguage\":\"lv-LV\",\"@id\":\"https:\/\/www.hobstop.ee\/lv\/produkts\/ellas-krasas-laka-winsornewton-artists-satin-aerosols\/#primaryimage\",\"url\":\"https:\/\/www.hobstop.ee\/media\/4501.jpg\",\"contentUrl\":\"https:\/\/www.hobstop.ee\/media\/4501.jpg\",\"width\":1024,\"height\":768},{\"@type\":\"BreadcrumbList\",\"@id\":\"https:\/\/www.hobstop.ee\/lv\/produkts\/ellas-krasas-laka-winsornewton-artists-satin-aerosols\/#breadcrumb\",\"itemListElement\":[{\"@type\":\"ListItem\",\"position\":1,\"name\":\"Avaleht\",\"item\":\"https:\/\/www.hobstop.ee\/lv\/\"},{\"@type\":\"ListItem\",\"position\":2,\"name\":\"Veikals\",\"item\":\"https:\/\/www.hobstop.ee\/lv\/veikals\/\"},{\"@type\":\"ListItem\",\"position\":3,\"name\":\"E\u013c\u013cas kr\u0101sas laka Winsor&#038;Newton Artists&#8217; satin aerosols\"}]},{\"@type\":\"WebSite\",\"@id\":\"https:\/\/www.hobstop.ee\/lv\/#website\",\"url\":\"https:\/\/www.hobstop.ee\/lv\/\",\"name\":\"Skizze\",\"description\":\"M\u0101kslas, hobiju un skolas preces\",\"publisher\":{\"@id\":\"https:\/\/www.hobstop.ee\/lv\/#organization\"},\"potentialAction\":[{\"@type\":\"SearchAction\",\"target\":{\"@type\":\"EntryPoint\",\"urlTemplate\":\"https:\/\/www.hobstop.ee\/lv\/?s={search_term_string}\"},\"query-input\":{\"@type\":\"PropertyValueSpecification\",\"valueRequired\":true,\"valueName\":\"search_term_string\"}}],\"inLanguage\":\"lv-LV\"},{\"@type\":\"Organization\",\"@id\":\"https:\/\/www.hobstop.ee\/lv\/#organization\",\"name\":\"Vunder AS\",\"url\":\"https:\/\/www.hobstop.ee\/lv\/\",\"logo\":{\"@type\":\"ImageObject\",\"inLanguage\":\"lv-LV\",\"@id\":\"https:\/\/www.hobstop.ee\/lv\/#\/schema\/logo\/image\/\",\"url\":\"https:\/\/hobstop.ee\/media\/vunder-logo.png\",\"contentUrl\":\"https:\/\/hobstop.ee\/media\/vunder-logo.png\",\"width\":127,\"height\":55,\"caption\":\"Vunder AS\"},\"image\":{\"@id\":\"https:\/\/www.hobstop.ee\/lv\/#\/schema\/logo\/image\/\"},\"sameAs\":[\"http:\/\/www.facebook.com\/VunderSkizze\"]}]}<\/script>\n<!-- \/ Yoast SEO plugin. -->","yoast_head_json":{"title":"E\u013c\u013cas kr\u0101sas laka Winsor&Newton Artists' satin aerosols &#8211; Skizze","robots":{"index":"noindex","follow":"follow","max-snippet":"max-snippet:-1","max-image-preview":"max-image-preview:large","max-video-preview":"max-video-preview:-1"},"og_locale":"lv_LV","og_type":"article","og_title":"E\u013c\u013cas kr\u0101sas laka Winsor&Newton Artists' satin aerosols &#8211; Skizze","og_description":"Lieliskas kvalit\u0101tes, UV starojuma iztur\u012bga m\u0101kslinieku mat\u0113ta laka, ko var not\u012br\u012bt ar vaitspirtu vai terpent\u012bnu. \u0100tri no\u017e\u016bst, veido pl\u0113v\u012bti bez dzelten\u012bgas nokr\u0101sas, \u201cnezied\u201d un neplais\u0101. Izmantojama tikai uz piln\u012bgi no\u017euvu\u0161\u0101m e\u013c\u013cas glezn\u0101m (vismaz 6-12 m\u0113ne\u0161us).","og_url":"https:\/\/www.hobstop.ee\/lv\/produkts\/ellas-krasas-laka-winsornewton-artists-satin-aerosols\/","og_site_name":"Skizze","article_publisher":"http:\/\/www.facebook.com\/VunderSkizze","og_image":[{"width":1024,"height":768,"url":"https:\/\/www.hobstop.ee\/media\/4501.jpg","type":"image\/jpeg"}],"twitter_card":"summary_large_image","schema":{"@context":"https:\/\/schema.org","@graph":[{"@type":"WebPage","@id":"https:\/\/www.hobstop.ee\/lv\/produkts\/ellas-krasas-laka-winsornewton-artists-satin-aerosols\/","url":"https:\/\/www.hobstop.ee\/lv\/produkts\/ellas-krasas-laka-winsornewton-artists-satin-aerosols\/","name":"E\u013c\u013cas kr\u0101sas laka Winsor&Newton Artists' satin aerosols &#8211; Skizze","isPartOf":{"@id":"https:\/\/www.hobstop.ee\/lv\/#website"},"primaryImageOfPage":{"@id":"https:\/\/www.hobstop.ee\/lv\/produkts\/ellas-krasas-laka-winsornewton-artists-satin-aerosols\/#primaryimage"},"image":{"@id":"https:\/\/www.hobstop.ee\/lv\/produkts\/ellas-krasas-laka-winsornewton-artists-satin-aerosols\/#primaryimage"},"thumbnailUrl":"https:\/\/www.hobstop.ee\/media\/4501.jpg","datePublished":"2017-04-04T08:58:03+00:00","dateModified":"2017-04-04T08:58:03+00:00","breadcrumb":{"@id":"https:\/\/www.hobstop.ee\/lv\/produkts\/ellas-krasas-laka-winsornewton-artists-satin-aerosols\/#breadcrumb"},"inLanguage":"lv-LV","potentialAction":[{"@type":"ReadAction","target":["https:\/\/www.hobstop.ee\/lv\/produkts\/ellas-krasas-laka-winsornewton-artists-satin-aerosols\/"]}]},{"@type":"ImageObject","inLanguage":"lv-LV","@id":"https:\/\/www.hobstop.ee\/lv\/produkts\/ellas-krasas-laka-winsornewton-artists-satin-aerosols\/#primaryimage","url":"https:\/\/www.hobstop.ee\/media\/4501.jpg","contentUrl":"https:\/\/www.hobstop.ee\/media\/4501.jpg","width":1024,"height":768},{"@type":"BreadcrumbList","@id":"https:\/\/www.hobstop.ee\/lv\/produkts\/ellas-krasas-laka-winsornewton-artists-satin-aerosols\/#breadcrumb","itemListElement":[{"@type":"ListItem","position":1,"name":"Avaleht","item":"https:\/\/www.hobstop.ee\/lv\/"},{"@type":"ListItem","position":2,"name":"Veikals","item":"https:\/\/www.hobstop.ee\/lv\/veikals\/"},{"@type":"ListItem","position":3,"name":"E\u013c\u013cas kr\u0101sas laka Winsor&#038;Newton Artists&#8217; satin aerosols"}]},{"@type":"WebSite","@id":"https:\/\/www.hobstop.ee\/lv\/#website","url":"https:\/\/www.hobstop.ee\/lv\/","name":"Skizze","description":"M\u0101kslas, hobiju un skolas preces","publisher":{"@id":"https:\/\/www.hobstop.ee\/lv\/#organization"},"potentialAction":[{"@type":"SearchAction","target":{"@type":"EntryPoint","urlTemplate":"https:\/\/www.hobstop.ee\/lv\/?s={search_term_string}"},"query-input":{"@type":"PropertyValueSpecification","valueRequired":true,"valueName":"search_term_string"}}],"inLanguage":"lv-LV"},{"@type":"Organization","@id":"https:\/\/www.hobstop.ee\/lv\/#organization","name":"Vunder AS","url":"https:\/\/www.hobstop.ee\/lv\/","logo":{"@type":"ImageObject","inLanguage":"lv-LV","@id":"https:\/\/www.hobstop.ee\/lv\/#\/schema\/logo\/image\/","url":"https:\/\/hobstop.ee\/media\/vunder-logo.png","contentUrl":"https:\/\/hobstop.ee\/media\/vunder-logo.png","width":127,"height":55,"caption":"Vunder AS"},"image":{"@id":"https:\/\/www.hobstop.ee\/lv\/#\/schema\/logo\/image\/"},"sameAs":["http:\/\/www.facebook.com\/VunderSkizze"]}]}},"_links":{"self":[{"href":"https:\/\/www.hobstop.ee\/lv\/wp-json\/wp\/v2\/product\/284184","targetHints":{"allow":["GET"]}}],"collection":[{"href":"https:\/\/www.hobstop.ee\/lv\/wp-json\/wp\/v2\/product"}],"about":[{"href":"https:\/\/www.hobstop.ee\/lv\/wp-json\/wp\/v2\/types\/product"}],"replies":[{"embeddable":true,"href":"https:\/\/www.hobstop.ee\/lv\/wp-json\/wp\/v2\/comments?post=284184"}],"wp:featuredmedia":[{"embeddable":true,"href":"https:\/\/www.hobstop.ee\/lv\/wp-json\/wp\/v2\/media\/284721"}],"wp:attachment":[{"href":"https:\/\/www.hobstop.ee\/lv\/wp-json\/wp\/v2\/media?parent=284184"}],"wp:term":[{"taxonomy":"product_cat","embeddable":true,"href":"https:\/\/www.hobstop.ee\/lv\/wp-json\/wp\/v2\/product_cat?post=284184"},{"taxonomy":"product_tag","embeddable":true,"href":"https:\/\/www.hobstop.ee\/lv\/wp-json\/wp\/v2\/product_tag?post=284184"}],"curies":[{"name":"wp","href":"https:\/\/api.w.org\/{rel}","templated":true}]}}