{"id":314025,"date":"2018-07-30T10:34:47","date_gmt":"2018-07-30T07:34:47","guid":{"rendered":"https:\/\/sharks.ee\/vunder_2019\/lv\/product\/pusdienu-karba-maped-picnik-concept\/"},"modified":"2018-07-30T10:34:47","modified_gmt":"2018-07-30T07:34:47","slug":"pusdienu-karba-maped-picnik-kids-concept-ar-3-nodalijumiem","status":"publish","type":"product","link":"https:\/\/www.hobstop.ee\/lv\/produkts\/pusdienu-karba-maped-picnik-kids-concept-ar-3-nodalijumiem\/","title":{"rendered":"Pusdienu k\u0101rba Maped Picnik Kids Concept ar 3 nodal\u012bjumiem"},"content":{"rendered":"<p>Maped ir izmantojis savas zin\u0101\u0161anas, izstr\u0101d\u0101jot un ra\u017eojot kvalitat\u012bvas skolas preces, lai rad\u012btu Maped Picnik &#8211; inovat\u012bvu b\u0113rnu dz\u0113rienu un \u0113dienu trauku kolekciju. Maped Picnik b\u0113rniem ir 100% vienk\u0101r\u0161a!<br \/>\nConcept pusdienu k\u0101rbu komplekta trauci\u0146iem ir viegli atverami v\u0101ci\u0146i un  vienk\u0101r\u0161a aiztais\u012b\u0161anas\/ atv\u0113r\u0161anas sist\u0113ma. Komplekt\u0101 ietilpst 3 nodal\u012bjumi, ieskaitot trauku, kas iztur\u012bgs pret nopl\u016bdi un ide\u0101li piem\u0113rots da\u017e\u0101du p\u0101rtikas produktu p\u0101rvad\u0101\u0161anai Maped Picnik Concept pusdienu k\u0101rbas nesatur BPA un t\u0101s var mazg\u0101t trauku mazg\u0101jam\u0101 ma\u0161\u012bn\u0101, k\u0101 ar\u2019izmantot mikrovi\u013c\u0146u kr\u0101sn\u012b (bez v\u0101ci\u0146a)<br \/>\n&#8211; \u0113rti atv\u0113rt, pagrie\u017eot v\u0101ci\u0146u tikai vienu reizi<br \/>\n&#8211; 100% iztur\u012bba pret nopl\u016bdi<br \/>\n&#8211; dr\u012bkst mazg\u0101t trauku mazg\u0101jam\u0101 ma\u0161\u012bn\u0101, bez asiem st\u016briem un ar \u0113rta, no\u0146emama spir\u0101le vienk\u0101r\u0161ai t\u012br\u012b\u0161anai<\/p>\n","protected":false},"excerpt":{"rendered":"<p>Maped ir izmantojis savas zin\u0101\u0161anas, izstr\u0101d\u0101jot un ra\u017eojot kvalitat\u012bvas skolas preces, lai rad\u012btu Maped Picnik &#8211; inovat\u012bvu b\u0113rnu dz\u0113rienu un \u0113dienu trauku kolekciju. Maped Picnik b\u0113rniem ir 100% vienk\u0101r\u0161a! Concept pusdienu k\u0101rbu komplekta trauci\u0146iem ir viegli atverami v\u0101ci\u0146i un vienk\u0101r\u0161a aiztais\u012b\u0161anas\/ atv\u0113r\u0161anas sist\u0113ma. Komplekt\u0101 ietilpst 3 nodal\u012bjumi, ieskaitot trauku, kas iztur\u012bgs pret nopl\u016bdi un ide\u0101li piem\u0113rots da\u017e\u0101du p\u0101rtikas produktu p\u0101rvad\u0101\u0161anai Maped Picnik Concept pusdienu k\u0101rbas nesatur BPA un t\u0101s var mazg\u0101t trauku mazg\u0101jam\u0101 ma\u0161\u012bn\u0101, k\u0101 ar\u2019izmantot mikrovi\u013c\u0146u kr\u0101sn\u012b (bez v\u0101ci\u0146a) &#8211; \u0113rti atv\u0113rt, pagrie\u017eot v\u0101ci\u0146u tikai vienu reizi &#8211; 100% iztur\u012bba pret nopl\u016bdi &#8211; dr\u012bkst mazg\u0101t trauku mazg\u0101jam\u0101 ma\u0161\u012bn\u0101, bez asiem st\u016briem un ar \u0113rta, no\u0146emama spir\u0101le vienk\u0101r\u0161ai t\u012br\u012b\u0161anai<\/p>\n","protected":false},"featured_media":314276,"comment_status":"closed","ping_status":"closed","template":"","meta":{"_acf_changed":false,"ep_exclude_from_search":false},"product_cat":[20380,20374],"product_tag":[],"class_list":{"0":"post-314025","1":"product","2":"type-product","3":"status-publish","4":"has-post-thumbnail","6":"product_cat-partikas-konteineri","7":"product_cat-partikas-un-dzerienu-konteiner","9":"first","10":"instock","11":"taxable","12":"shipping-taxable","13":"purchasable","14":"product-type-simple"},"acf":[],"yoast_head":"<!-- This site is optimized with the Yoast SEO plugin v24.1 - https:\/\/yoast.com\/wordpress\/plugins\/seo\/ -->\n<title>Pusdienu k\u0101rba Maped Picnik Kids Concept ar 3 nodal\u012bjumiem &#8211; Skizze<\/title>\n<meta name=\"robots\" content=\"noindex, follow, max-snippet:-1, max-image-preview:large, max-video-preview:-1\" \/>\n<meta property=\"og:locale\" content=\"lv_LV\" \/>\n<meta property=\"og:type\" content=\"article\" \/>\n<meta property=\"og:title\" content=\"Pusdienu k\u0101rba Maped Picnik Kids Concept ar 3 nodal\u012bjumiem &#8211; Skizze\" \/>\n<meta property=\"og:description\" content=\"Maped ir izmantojis savas zin\u0101\u0161anas, izstr\u0101d\u0101jot un ra\u017eojot kvalitat\u012bvas skolas preces, lai rad\u012btu Maped Picnik &#8211; inovat\u012bvu b\u0113rnu dz\u0113rienu un \u0113dienu trauku kolekciju. Maped Picnik b\u0113rniem ir 100% vienk\u0101r\u0161a! Concept pusdienu k\u0101rbu komplekta trauci\u0146iem ir viegli atverami v\u0101ci\u0146i un vienk\u0101r\u0161a aiztais\u012b\u0161anas\/ atv\u0113r\u0161anas sist\u0113ma. Komplekt\u0101 ietilpst 3 nodal\u012bjumi, ieskaitot trauku, kas iztur\u012bgs pret nopl\u016bdi un ide\u0101li piem\u0113rots da\u017e\u0101du p\u0101rtikas produktu p\u0101rvad\u0101\u0161anai Maped Picnik Concept pusdienu k\u0101rbas nesatur BPA un t\u0101s var mazg\u0101t trauku mazg\u0101jam\u0101 ma\u0161\u012bn\u0101, k\u0101 ar\u2019izmantot mikrovi\u013c\u0146u kr\u0101sn\u012b (bez v\u0101ci\u0146a) &#8211; \u0113rti atv\u0113rt, pagrie\u017eot v\u0101ci\u0146u tikai vienu reizi &#8211; 100% iztur\u012bba pret nopl\u016bdi &#8211; dr\u012bkst mazg\u0101t trauku mazg\u0101jam\u0101 ma\u0161\u012bn\u0101, bez asiem st\u016briem un ar \u0113rta, no\u0146emama spir\u0101le vienk\u0101r\u0161ai t\u012br\u012b\u0161anai\" \/>\n<meta property=\"og:url\" content=\"https:\/\/www.hobstop.ee\/lv\/produkts\/pusdienu-karba-maped-picnik-kids-concept-ar-3-nodalijumiem\/\" \/>\n<meta property=\"og:site_name\" content=\"Skizze\" \/>\n<meta property=\"article:publisher\" content=\"http:\/\/www.facebook.com\/VunderSkizze\" \/>\n<meta property=\"og:image\" content=\"https:\/\/www.hobstop.ee\/media\/4825.jpg\" \/>\n\t<meta property=\"og:image:width\" content=\"1024\" \/>\n\t<meta property=\"og:image:height\" content=\"768\" \/>\n\t<meta property=\"og:image:type\" content=\"image\/jpeg\" \/>\n<meta name=\"twitter:card\" content=\"summary_large_image\" \/>\n<meta name=\"twitter:label1\" content=\"Est. reading time\" \/>\n\t<meta name=\"twitter:data1\" content=\"1 min\u016b\u0161u\" \/>\n<script type=\"application\/ld+json\" class=\"yoast-schema-graph\">{\"@context\":\"https:\/\/schema.org\",\"@graph\":[{\"@type\":\"WebPage\",\"@id\":\"https:\/\/www.hobstop.ee\/lv\/produkts\/pusdienu-karba-maped-picnik-kids-concept-ar-3-nodalijumiem\/\",\"url\":\"https:\/\/www.hobstop.ee\/lv\/produkts\/pusdienu-karba-maped-picnik-kids-concept-ar-3-nodalijumiem\/\",\"name\":\"Pusdienu k\u0101rba Maped Picnik Kids Concept ar 3 nodal\u012bjumiem &#8211; Skizze\",\"isPartOf\":{\"@id\":\"https:\/\/www.hobstop.ee\/lv\/#website\"},\"primaryImageOfPage\":{\"@id\":\"https:\/\/www.hobstop.ee\/lv\/produkts\/pusdienu-karba-maped-picnik-kids-concept-ar-3-nodalijumiem\/#primaryimage\"},\"image\":{\"@id\":\"https:\/\/www.hobstop.ee\/lv\/produkts\/pusdienu-karba-maped-picnik-kids-concept-ar-3-nodalijumiem\/#primaryimage\"},\"thumbnailUrl\":\"https:\/\/www.hobstop.ee\/media\/4825.jpg\",\"datePublished\":\"2018-07-30T07:34:47+00:00\",\"dateModified\":\"2018-07-30T07:34:47+00:00\",\"breadcrumb\":{\"@id\":\"https:\/\/www.hobstop.ee\/lv\/produkts\/pusdienu-karba-maped-picnik-kids-concept-ar-3-nodalijumiem\/#breadcrumb\"},\"inLanguage\":\"lv-LV\",\"potentialAction\":[{\"@type\":\"ReadAction\",\"target\":[\"https:\/\/www.hobstop.ee\/lv\/produkts\/pusdienu-karba-maped-picnik-kids-concept-ar-3-nodalijumiem\/\"]}]},{\"@type\":\"ImageObject\",\"inLanguage\":\"lv-LV\",\"@id\":\"https:\/\/www.hobstop.ee\/lv\/produkts\/pusdienu-karba-maped-picnik-kids-concept-ar-3-nodalijumiem\/#primaryimage\",\"url\":\"https:\/\/www.hobstop.ee\/media\/4825.jpg\",\"contentUrl\":\"https:\/\/www.hobstop.ee\/media\/4825.jpg\",\"width\":1024,\"height\":768},{\"@type\":\"BreadcrumbList\",\"@id\":\"https:\/\/www.hobstop.ee\/lv\/produkts\/pusdienu-karba-maped-picnik-kids-concept-ar-3-nodalijumiem\/#breadcrumb\",\"itemListElement\":[{\"@type\":\"ListItem\",\"position\":1,\"name\":\"Avaleht\",\"item\":\"https:\/\/www.hobstop.ee\/lv\/\"},{\"@type\":\"ListItem\",\"position\":2,\"name\":\"Veikals\",\"item\":\"https:\/\/www.hobstop.ee\/lv\/veikals\/\"},{\"@type\":\"ListItem\",\"position\":3,\"name\":\"Pusdienu k\u0101rba Maped Picnik Kids Concept ar 3 nodal\u012bjumiem\"}]},{\"@type\":\"WebSite\",\"@id\":\"https:\/\/www.hobstop.ee\/lv\/#website\",\"url\":\"https:\/\/www.hobstop.ee\/lv\/\",\"name\":\"Skizze\",\"description\":\"M\u0101kslas, hobiju un skolas preces\",\"publisher\":{\"@id\":\"https:\/\/www.hobstop.ee\/lv\/#organization\"},\"potentialAction\":[{\"@type\":\"SearchAction\",\"target\":{\"@type\":\"EntryPoint\",\"urlTemplate\":\"https:\/\/www.hobstop.ee\/lv\/?s={search_term_string}\"},\"query-input\":{\"@type\":\"PropertyValueSpecification\",\"valueRequired\":true,\"valueName\":\"search_term_string\"}}],\"inLanguage\":\"lv-LV\"},{\"@type\":\"Organization\",\"@id\":\"https:\/\/www.hobstop.ee\/lv\/#organization\",\"name\":\"Vunder AS\",\"url\":\"https:\/\/www.hobstop.ee\/lv\/\",\"logo\":{\"@type\":\"ImageObject\",\"inLanguage\":\"lv-LV\",\"@id\":\"https:\/\/www.hobstop.ee\/lv\/#\/schema\/logo\/image\/\",\"url\":\"https:\/\/hobstop.ee\/media\/vunder-logo.png\",\"contentUrl\":\"https:\/\/hobstop.ee\/media\/vunder-logo.png\",\"width\":127,\"height\":55,\"caption\":\"Vunder AS\"},\"image\":{\"@id\":\"https:\/\/www.hobstop.ee\/lv\/#\/schema\/logo\/image\/\"},\"sameAs\":[\"http:\/\/www.facebook.com\/VunderSkizze\"]}]}<\/script>\n<!-- \/ Yoast SEO plugin. -->","yoast_head_json":{"title":"Pusdienu k\u0101rba Maped Picnik Kids Concept ar 3 nodal\u012bjumiem &#8211; Skizze","robots":{"index":"noindex","follow":"follow","max-snippet":"max-snippet:-1","max-image-preview":"max-image-preview:large","max-video-preview":"max-video-preview:-1"},"og_locale":"lv_LV","og_type":"article","og_title":"Pusdienu k\u0101rba Maped Picnik Kids Concept ar 3 nodal\u012bjumiem &#8211; Skizze","og_description":"Maped ir izmantojis savas zin\u0101\u0161anas, izstr\u0101d\u0101jot un ra\u017eojot kvalitat\u012bvas skolas preces, lai rad\u012btu Maped Picnik &#8211; inovat\u012bvu b\u0113rnu dz\u0113rienu un \u0113dienu trauku kolekciju. Maped Picnik b\u0113rniem ir 100% vienk\u0101r\u0161a! Concept pusdienu k\u0101rbu komplekta trauci\u0146iem ir viegli atverami v\u0101ci\u0146i un vienk\u0101r\u0161a aiztais\u012b\u0161anas\/ atv\u0113r\u0161anas sist\u0113ma. Komplekt\u0101 ietilpst 3 nodal\u012bjumi, ieskaitot trauku, kas iztur\u012bgs pret nopl\u016bdi un ide\u0101li piem\u0113rots da\u017e\u0101du p\u0101rtikas produktu p\u0101rvad\u0101\u0161anai Maped Picnik Concept pusdienu k\u0101rbas nesatur BPA un t\u0101s var mazg\u0101t trauku mazg\u0101jam\u0101 ma\u0161\u012bn\u0101, k\u0101 ar\u2019izmantot mikrovi\u013c\u0146u kr\u0101sn\u012b (bez v\u0101ci\u0146a) &#8211; \u0113rti atv\u0113rt, pagrie\u017eot v\u0101ci\u0146u tikai vienu reizi &#8211; 100% iztur\u012bba pret nopl\u016bdi &#8211; dr\u012bkst mazg\u0101t trauku mazg\u0101jam\u0101 ma\u0161\u012bn\u0101, bez asiem st\u016briem un ar \u0113rta, no\u0146emama spir\u0101le vienk\u0101r\u0161ai t\u012br\u012b\u0161anai","og_url":"https:\/\/www.hobstop.ee\/lv\/produkts\/pusdienu-karba-maped-picnik-kids-concept-ar-3-nodalijumiem\/","og_site_name":"Skizze","article_publisher":"http:\/\/www.facebook.com\/VunderSkizze","og_image":[{"width":1024,"height":768,"url":"https:\/\/www.hobstop.ee\/media\/4825.jpg","type":"image\/jpeg"}],"twitter_card":"summary_large_image","twitter_misc":{"Est. reading time":"1 min\u016b\u0161u"},"schema":{"@context":"https:\/\/schema.org","@graph":[{"@type":"WebPage","@id":"https:\/\/www.hobstop.ee\/lv\/produkts\/pusdienu-karba-maped-picnik-kids-concept-ar-3-nodalijumiem\/","url":"https:\/\/www.hobstop.ee\/lv\/produkts\/pusdienu-karba-maped-picnik-kids-concept-ar-3-nodalijumiem\/","name":"Pusdienu k\u0101rba Maped Picnik Kids Concept ar 3 nodal\u012bjumiem &#8211; Skizze","isPartOf":{"@id":"https:\/\/www.hobstop.ee\/lv\/#website"},"primaryImageOfPage":{"@id":"https:\/\/www.hobstop.ee\/lv\/produkts\/pusdienu-karba-maped-picnik-kids-concept-ar-3-nodalijumiem\/#primaryimage"},"image":{"@id":"https:\/\/www.hobstop.ee\/lv\/produkts\/pusdienu-karba-maped-picnik-kids-concept-ar-3-nodalijumiem\/#primaryimage"},"thumbnailUrl":"https:\/\/www.hobstop.ee\/media\/4825.jpg","datePublished":"2018-07-30T07:34:47+00:00","dateModified":"2018-07-30T07:34:47+00:00","breadcrumb":{"@id":"https:\/\/www.hobstop.ee\/lv\/produkts\/pusdienu-karba-maped-picnik-kids-concept-ar-3-nodalijumiem\/#breadcrumb"},"inLanguage":"lv-LV","potentialAction":[{"@type":"ReadAction","target":["https:\/\/www.hobstop.ee\/lv\/produkts\/pusdienu-karba-maped-picnik-kids-concept-ar-3-nodalijumiem\/"]}]},{"@type":"ImageObject","inLanguage":"lv-LV","@id":"https:\/\/www.hobstop.ee\/lv\/produkts\/pusdienu-karba-maped-picnik-kids-concept-ar-3-nodalijumiem\/#primaryimage","url":"https:\/\/www.hobstop.ee\/media\/4825.jpg","contentUrl":"https:\/\/www.hobstop.ee\/media\/4825.jpg","width":1024,"height":768},{"@type":"BreadcrumbList","@id":"https:\/\/www.hobstop.ee\/lv\/produkts\/pusdienu-karba-maped-picnik-kids-concept-ar-3-nodalijumiem\/#breadcrumb","itemListElement":[{"@type":"ListItem","position":1,"name":"Avaleht","item":"https:\/\/www.hobstop.ee\/lv\/"},{"@type":"ListItem","position":2,"name":"Veikals","item":"https:\/\/www.hobstop.ee\/lv\/veikals\/"},{"@type":"ListItem","position":3,"name":"Pusdienu k\u0101rba Maped Picnik Kids Concept ar 3 nodal\u012bjumiem"}]},{"@type":"WebSite","@id":"https:\/\/www.hobstop.ee\/lv\/#website","url":"https:\/\/www.hobstop.ee\/lv\/","name":"Skizze","description":"M\u0101kslas, hobiju un skolas preces","publisher":{"@id":"https:\/\/www.hobstop.ee\/lv\/#organization"},"potentialAction":[{"@type":"SearchAction","target":{"@type":"EntryPoint","urlTemplate":"https:\/\/www.hobstop.ee\/lv\/?s={search_term_string}"},"query-input":{"@type":"PropertyValueSpecification","valueRequired":true,"valueName":"search_term_string"}}],"inLanguage":"lv-LV"},{"@type":"Organization","@id":"https:\/\/www.hobstop.ee\/lv\/#organization","name":"Vunder AS","url":"https:\/\/www.hobstop.ee\/lv\/","logo":{"@type":"ImageObject","inLanguage":"lv-LV","@id":"https:\/\/www.hobstop.ee\/lv\/#\/schema\/logo\/image\/","url":"https:\/\/hobstop.ee\/media\/vunder-logo.png","contentUrl":"https:\/\/hobstop.ee\/media\/vunder-logo.png","width":127,"height":55,"caption":"Vunder AS"},"image":{"@id":"https:\/\/www.hobstop.ee\/lv\/#\/schema\/logo\/image\/"},"sameAs":["http:\/\/www.facebook.com\/VunderSkizze"]}]}},"_links":{"self":[{"href":"https:\/\/www.hobstop.ee\/lv\/wp-json\/wp\/v2\/product\/314025","targetHints":{"allow":["GET"]}}],"collection":[{"href":"https:\/\/www.hobstop.ee\/lv\/wp-json\/wp\/v2\/product"}],"about":[{"href":"https:\/\/www.hobstop.ee\/lv\/wp-json\/wp\/v2\/types\/product"}],"replies":[{"embeddable":true,"href":"https:\/\/www.hobstop.ee\/lv\/wp-json\/wp\/v2\/comments?post=314025"}],"wp:featuredmedia":[{"embeddable":true,"href":"https:\/\/www.hobstop.ee\/lv\/wp-json\/wp\/v2\/media\/314276"}],"wp:attachment":[{"href":"https:\/\/www.hobstop.ee\/lv\/wp-json\/wp\/v2\/media?parent=314025"}],"wp:term":[{"taxonomy":"product_cat","embeddable":true,"href":"https:\/\/www.hobstop.ee\/lv\/wp-json\/wp\/v2\/product_cat?post=314025"},{"taxonomy":"product_tag","embeddable":true,"href":"https:\/\/www.hobstop.ee\/lv\/wp-json\/wp\/v2\/product_tag?post=314025"}],"curies":[{"name":"wp","href":"https:\/\/api.w.org\/{rel}","templated":true}]}}