{"id":335175,"date":"2019-05-23T16:11:39","date_gmt":"2019-05-23T13:11:43","guid":{"rendered":"https:\/\/sharks.ee\/vunder_2019\/product\/polimermals-cernit-shiny-56g\/"},"modified":"2019-05-23T16:11:43","modified_gmt":"2019-05-23T13:11:43","slug":"polimermals-cernit-shiny-56g","status":"publish","type":"product","link":"https:\/\/www.hobstop.ee\/lv\/produkts\/polimermals-cernit-shiny-56g\/","title":{"rendered":"Polim\u0113rm\u0101ls Cernit Shiny 56g"},"content":{"rendered":"<p>Cernit Shiny polim\u0113ra m\u0101la smalk\u0101s p\u0101rslas pie\u0161\u0137ir darba izpild\u012bjumam smalku apdari. Kr\u0101sainaj\u0101 vizl\u0101 kr\u0101sas ir izteikti liel\u0101 koncentr\u0101cija un \u0161is \u013coti smalkais sp\u012bdumu kontrast\u0113 ar masu, t\u0101d\u0113j\u0101di pie\u0161\u0137irot j\u016bsu rot\u0101m izcilus efektus. Cernit polim\u0113ra m\u0101ls ir model\u0113\u0161anas m\u0101ls, kas saciet\u0113 uzkars\u0113t\u0101 sadz\u012bves cepe\u0161kr\u0101sn\u012b 110-130\u00b0C temperat\u016br\u0101 15-30 min\u016b\u0161u laik\u0101. Rull\u0113jot un m\u012bcot, materi\u0101ls k\u013c\u016bst \u012bpa\u0161i plastisks un visos virzienos viegli veidojams. To var stiept k\u0101 m\u012bklu un loc\u012bt k\u0101 audumu. Visas kr\u0101sas ir sav\u0101 starp\u0101 jaucamas, ton\u0113jamas, marmor\u0113jamas vai ar baltas, necaursp\u012bd\u012bgas kr\u0101sas piejaukumu padar\u0101mas gai\u0161\u0101kas. P\u0113c apdedzin\u0101\u0161anas materi\u0101la virsma k\u013c\u016bst l\u012bdz\u012bga porcel\u0101nam un ir pietiekami stipra, lai to urbtu, v\u012bl\u0113tu vai sl\u012bp\u0113tu. Kr\u0101so\u0161anai var izmantot akrila kr\u0101sas, dekorat\u012bvo pulveri vai laku. Ide\u0101ls dekorat\u012bvu priek\u0161metu izgatavo\u0161anai, piem\u0113ram, rotaslietu (auskaru, rokasspr\u0101d\u017eu, kulonu), fig\u016bri\u0146u, da\u017e\u0101du piederumu, miniat\u016bras p\u0101rtikas produktu vai pat m\u0113be\u013cu labo\u0161anai un restaur\u0101cijai.<\/p>\n","protected":false},"excerpt":{"rendered":"<p>Cernit Shiny polim\u0113ra m\u0101la smalk\u0101s p\u0101rslas pie\u0161\u0137ir darba izpild\u012bjumam smalku apdari. Kr\u0101sainaj\u0101 vizl\u0101 kr\u0101sas ir izteikti liel\u0101 koncentr\u0101cija un \u0161is \u013coti smalkais sp\u012bdumu kontrast\u0113 ar masu, t\u0101d\u0113j\u0101di pie\u0161\u0137irot j\u016bsu rot\u0101m izcilus efektus. Cernit polim\u0113ra m\u0101ls ir model\u0113\u0161anas m\u0101ls, kas saciet\u0113 uzkars\u0113t\u0101 sadz\u012bves cepe\u0161kr\u0101sn\u012b 110-130\u00b0C temperat\u016br\u0101 15-30 min\u016b\u0161u laik\u0101. Rull\u0113jot un m\u012bcot, materi\u0101ls k\u013c\u016bst \u012bpa\u0161i plastisks un visos virzienos viegli veidojams. To var stiept k\u0101 m\u012bklu un loc\u012bt k\u0101 audumu. Visas kr\u0101sas ir sav\u0101 starp\u0101 jaucamas, ton\u0113jamas, marmor\u0113jamas vai ar baltas, necaursp\u012bd\u012bgas kr\u0101sas piejaukumu padar\u0101mas gai\u0161\u0101kas. P\u0113c apdedzin\u0101\u0161anas materi\u0101la virsma k\u013c\u016bst l\u012bdz\u012bga porcel\u0101nam un ir pietiekami stipra, lai to urbtu, v\u012bl\u0113tu vai sl\u012bp\u0113tu. Kr\u0101so\u0161anai var izmantot akrila kr\u0101sas, dekorat\u012bvo pulveri vai laku. Ide\u0101ls dekorat\u012bvu priek\u0161metu izgatavo\u0161anai, piem\u0113ram, rotaslietu (auskaru, rokasspr\u0101d\u017eu, kulonu), fig\u016bri\u0146u, da\u017e\u0101du piederumu, miniat\u016bras p\u0101rtikas produktu vai pat m\u0113be\u013cu labo\u0161anai un restaur\u0101cijai.<\/p>\n","protected":false},"featured_media":352815,"comment_status":"closed","ping_status":"closed","template":"","meta":{"_acf_changed":false,"ep_exclude_from_search":false},"product_cat":[18184,17918,20086],"product_tag":[],"class_list":{"0":"post-335175","1":"product","2":"type-product","3":"status-publish","4":"has-post-thumbnail","6":"product_cat-polimermals","7":"product_cat-preces-hobijiem","8":"product_cat-veidosanas-masas-un-piederumi-2","10":"first","11":"instock","12":"taxable","13":"shipping-taxable","14":"product-type-simple"},"acf":[],"yoast_head":"<!-- This site is optimized with the Yoast SEO plugin v24.1 - https:\/\/yoast.com\/wordpress\/plugins\/seo\/ -->\n<title>Polim\u0113rm\u0101ls Cernit Shiny 56g &#8211; Skizze<\/title>\n<meta name=\"robots\" content=\"noindex, follow, max-snippet:-1, max-image-preview:large, max-video-preview:-1\" \/>\n<meta property=\"og:locale\" content=\"lv_LV\" \/>\n<meta property=\"og:type\" content=\"article\" \/>\n<meta property=\"og:title\" content=\"Polim\u0113rm\u0101ls Cernit Shiny 56g &#8211; Skizze\" \/>\n<meta property=\"og:description\" content=\"Cernit Shiny polim\u0113ra m\u0101la smalk\u0101s p\u0101rslas pie\u0161\u0137ir darba izpild\u012bjumam smalku apdari. Kr\u0101sainaj\u0101 vizl\u0101 kr\u0101sas ir izteikti liel\u0101 koncentr\u0101cija un \u0161is \u013coti smalkais sp\u012bdumu kontrast\u0113 ar masu, t\u0101d\u0113j\u0101di pie\u0161\u0137irot j\u016bsu rot\u0101m izcilus efektus. Cernit polim\u0113ra m\u0101ls ir model\u0113\u0161anas m\u0101ls, kas saciet\u0113 uzkars\u0113t\u0101 sadz\u012bves cepe\u0161kr\u0101sn\u012b 110-130\u00b0C temperat\u016br\u0101 15-30 min\u016b\u0161u laik\u0101. Rull\u0113jot un m\u012bcot, materi\u0101ls k\u013c\u016bst \u012bpa\u0161i plastisks un visos virzienos viegli veidojams. To var stiept k\u0101 m\u012bklu un loc\u012bt k\u0101 audumu. Visas kr\u0101sas ir sav\u0101 starp\u0101 jaucamas, ton\u0113jamas, marmor\u0113jamas vai ar baltas, necaursp\u012bd\u012bgas kr\u0101sas piejaukumu padar\u0101mas gai\u0161\u0101kas. P\u0113c apdedzin\u0101\u0161anas materi\u0101la virsma k\u013c\u016bst l\u012bdz\u012bga porcel\u0101nam un ir pietiekami stipra, lai to urbtu, v\u012bl\u0113tu vai sl\u012bp\u0113tu. Kr\u0101so\u0161anai var izmantot akrila kr\u0101sas, dekorat\u012bvo pulveri vai laku. Ide\u0101ls dekorat\u012bvu priek\u0161metu izgatavo\u0161anai, piem\u0113ram, rotaslietu (auskaru, rokasspr\u0101d\u017eu, kulonu), fig\u016bri\u0146u, da\u017e\u0101du piederumu, miniat\u016bras p\u0101rtikas produktu vai pat m\u0113be\u013cu labo\u0161anai un restaur\u0101cijai.\" \/>\n<meta property=\"og:url\" content=\"https:\/\/www.hobstop.ee\/lv\/produkts\/polimermals-cernit-shiny-56g\/\" \/>\n<meta property=\"og:site_name\" content=\"Skizze\" \/>\n<meta property=\"article:publisher\" content=\"http:\/\/www.facebook.com\/VunderSkizze\" \/>\n<meta property=\"og:image\" content=\"https:\/\/www.hobstop.ee\/media\/4529.jpg\" \/>\n\t<meta property=\"og:image:width\" content=\"1024\" \/>\n\t<meta property=\"og:image:height\" content=\"768\" \/>\n\t<meta property=\"og:image:type\" content=\"image\/jpeg\" \/>\n<meta name=\"twitter:card\" content=\"summary_large_image\" \/>\n<meta name=\"twitter:label1\" content=\"Est. reading time\" \/>\n\t<meta name=\"twitter:data1\" content=\"1 min\u016b\u0161u\" \/>\n<script type=\"application\/ld+json\" class=\"yoast-schema-graph\">{\"@context\":\"https:\/\/schema.org\",\"@graph\":[{\"@type\":\"WebPage\",\"@id\":\"https:\/\/www.hobstop.ee\/lv\/produkts\/polimermals-cernit-shiny-56g\/\",\"url\":\"https:\/\/www.hobstop.ee\/lv\/produkts\/polimermals-cernit-shiny-56g\/\",\"name\":\"Polim\u0113rm\u0101ls Cernit Shiny 56g &#8211; Skizze\",\"isPartOf\":{\"@id\":\"https:\/\/www.hobstop.ee\/lv\/#website\"},\"primaryImageOfPage\":{\"@id\":\"https:\/\/www.hobstop.ee\/lv\/produkts\/polimermals-cernit-shiny-56g\/#primaryimage\"},\"image\":{\"@id\":\"https:\/\/www.hobstop.ee\/lv\/produkts\/polimermals-cernit-shiny-56g\/#primaryimage\"},\"thumbnailUrl\":\"https:\/\/www.hobstop.ee\/media\/4529.jpg\",\"datePublished\":\"2019-05-23T13:11:43+00:00\",\"dateModified\":\"2019-05-23T13:11:43+00:00\",\"breadcrumb\":{\"@id\":\"https:\/\/www.hobstop.ee\/lv\/produkts\/polimermals-cernit-shiny-56g\/#breadcrumb\"},\"inLanguage\":\"lv-LV\",\"potentialAction\":[{\"@type\":\"ReadAction\",\"target\":[\"https:\/\/www.hobstop.ee\/lv\/produkts\/polimermals-cernit-shiny-56g\/\"]}]},{\"@type\":\"ImageObject\",\"inLanguage\":\"lv-LV\",\"@id\":\"https:\/\/www.hobstop.ee\/lv\/produkts\/polimermals-cernit-shiny-56g\/#primaryimage\",\"url\":\"https:\/\/www.hobstop.ee\/media\/4529.jpg\",\"contentUrl\":\"https:\/\/www.hobstop.ee\/media\/4529.jpg\",\"width\":1024,\"height\":768},{\"@type\":\"BreadcrumbList\",\"@id\":\"https:\/\/www.hobstop.ee\/lv\/produkts\/polimermals-cernit-shiny-56g\/#breadcrumb\",\"itemListElement\":[{\"@type\":\"ListItem\",\"position\":1,\"name\":\"Avaleht\",\"item\":\"https:\/\/www.hobstop.ee\/lv\/\"},{\"@type\":\"ListItem\",\"position\":2,\"name\":\"Veikals\",\"item\":\"https:\/\/www.hobstop.ee\/lv\/veikals\/\"},{\"@type\":\"ListItem\",\"position\":3,\"name\":\"Polim\u0113rm\u0101ls Cernit Shiny 56g\"}]},{\"@type\":\"WebSite\",\"@id\":\"https:\/\/www.hobstop.ee\/lv\/#website\",\"url\":\"https:\/\/www.hobstop.ee\/lv\/\",\"name\":\"Skizze\",\"description\":\"M\u0101kslas, hobiju un skolas preces\",\"publisher\":{\"@id\":\"https:\/\/www.hobstop.ee\/lv\/#organization\"},\"potentialAction\":[{\"@type\":\"SearchAction\",\"target\":{\"@type\":\"EntryPoint\",\"urlTemplate\":\"https:\/\/www.hobstop.ee\/lv\/?s={search_term_string}\"},\"query-input\":{\"@type\":\"PropertyValueSpecification\",\"valueRequired\":true,\"valueName\":\"search_term_string\"}}],\"inLanguage\":\"lv-LV\"},{\"@type\":\"Organization\",\"@id\":\"https:\/\/www.hobstop.ee\/lv\/#organization\",\"name\":\"Vunder AS\",\"url\":\"https:\/\/www.hobstop.ee\/lv\/\",\"logo\":{\"@type\":\"ImageObject\",\"inLanguage\":\"lv-LV\",\"@id\":\"https:\/\/www.hobstop.ee\/lv\/#\/schema\/logo\/image\/\",\"url\":\"https:\/\/hobstop.ee\/media\/vunder-logo.png\",\"contentUrl\":\"https:\/\/hobstop.ee\/media\/vunder-logo.png\",\"width\":127,\"height\":55,\"caption\":\"Vunder AS\"},\"image\":{\"@id\":\"https:\/\/www.hobstop.ee\/lv\/#\/schema\/logo\/image\/\"},\"sameAs\":[\"http:\/\/www.facebook.com\/VunderSkizze\"]}]}<\/script>\n<!-- \/ Yoast SEO plugin. -->","yoast_head_json":{"title":"Polim\u0113rm\u0101ls Cernit Shiny 56g &#8211; Skizze","robots":{"index":"noindex","follow":"follow","max-snippet":"max-snippet:-1","max-image-preview":"max-image-preview:large","max-video-preview":"max-video-preview:-1"},"og_locale":"lv_LV","og_type":"article","og_title":"Polim\u0113rm\u0101ls Cernit Shiny 56g &#8211; Skizze","og_description":"Cernit Shiny polim\u0113ra m\u0101la smalk\u0101s p\u0101rslas pie\u0161\u0137ir darba izpild\u012bjumam smalku apdari. Kr\u0101sainaj\u0101 vizl\u0101 kr\u0101sas ir izteikti liel\u0101 koncentr\u0101cija un \u0161is \u013coti smalkais sp\u012bdumu kontrast\u0113 ar masu, t\u0101d\u0113j\u0101di pie\u0161\u0137irot j\u016bsu rot\u0101m izcilus efektus. Cernit polim\u0113ra m\u0101ls ir model\u0113\u0161anas m\u0101ls, kas saciet\u0113 uzkars\u0113t\u0101 sadz\u012bves cepe\u0161kr\u0101sn\u012b 110-130\u00b0C temperat\u016br\u0101 15-30 min\u016b\u0161u laik\u0101. Rull\u0113jot un m\u012bcot, materi\u0101ls k\u013c\u016bst \u012bpa\u0161i plastisks un visos virzienos viegli veidojams. To var stiept k\u0101 m\u012bklu un loc\u012bt k\u0101 audumu. Visas kr\u0101sas ir sav\u0101 starp\u0101 jaucamas, ton\u0113jamas, marmor\u0113jamas vai ar baltas, necaursp\u012bd\u012bgas kr\u0101sas piejaukumu padar\u0101mas gai\u0161\u0101kas. P\u0113c apdedzin\u0101\u0161anas materi\u0101la virsma k\u013c\u016bst l\u012bdz\u012bga porcel\u0101nam un ir pietiekami stipra, lai to urbtu, v\u012bl\u0113tu vai sl\u012bp\u0113tu. Kr\u0101so\u0161anai var izmantot akrila kr\u0101sas, dekorat\u012bvo pulveri vai laku. Ide\u0101ls dekorat\u012bvu priek\u0161metu izgatavo\u0161anai, piem\u0113ram, rotaslietu (auskaru, rokasspr\u0101d\u017eu, kulonu), fig\u016bri\u0146u, da\u017e\u0101du piederumu, miniat\u016bras p\u0101rtikas produktu vai pat m\u0113be\u013cu labo\u0161anai un restaur\u0101cijai.","og_url":"https:\/\/www.hobstop.ee\/lv\/produkts\/polimermals-cernit-shiny-56g\/","og_site_name":"Skizze","article_publisher":"http:\/\/www.facebook.com\/VunderSkizze","og_image":[{"width":1024,"height":768,"url":"https:\/\/www.hobstop.ee\/media\/4529.jpg","type":"image\/jpeg"}],"twitter_card":"summary_large_image","twitter_misc":{"Est. reading time":"1 min\u016b\u0161u"},"schema":{"@context":"https:\/\/schema.org","@graph":[{"@type":"WebPage","@id":"https:\/\/www.hobstop.ee\/lv\/produkts\/polimermals-cernit-shiny-56g\/","url":"https:\/\/www.hobstop.ee\/lv\/produkts\/polimermals-cernit-shiny-56g\/","name":"Polim\u0113rm\u0101ls Cernit Shiny 56g &#8211; Skizze","isPartOf":{"@id":"https:\/\/www.hobstop.ee\/lv\/#website"},"primaryImageOfPage":{"@id":"https:\/\/www.hobstop.ee\/lv\/produkts\/polimermals-cernit-shiny-56g\/#primaryimage"},"image":{"@id":"https:\/\/www.hobstop.ee\/lv\/produkts\/polimermals-cernit-shiny-56g\/#primaryimage"},"thumbnailUrl":"https:\/\/www.hobstop.ee\/media\/4529.jpg","datePublished":"2019-05-23T13:11:43+00:00","dateModified":"2019-05-23T13:11:43+00:00","breadcrumb":{"@id":"https:\/\/www.hobstop.ee\/lv\/produkts\/polimermals-cernit-shiny-56g\/#breadcrumb"},"inLanguage":"lv-LV","potentialAction":[{"@type":"ReadAction","target":["https:\/\/www.hobstop.ee\/lv\/produkts\/polimermals-cernit-shiny-56g\/"]}]},{"@type":"ImageObject","inLanguage":"lv-LV","@id":"https:\/\/www.hobstop.ee\/lv\/produkts\/polimermals-cernit-shiny-56g\/#primaryimage","url":"https:\/\/www.hobstop.ee\/media\/4529.jpg","contentUrl":"https:\/\/www.hobstop.ee\/media\/4529.jpg","width":1024,"height":768},{"@type":"BreadcrumbList","@id":"https:\/\/www.hobstop.ee\/lv\/produkts\/polimermals-cernit-shiny-56g\/#breadcrumb","itemListElement":[{"@type":"ListItem","position":1,"name":"Avaleht","item":"https:\/\/www.hobstop.ee\/lv\/"},{"@type":"ListItem","position":2,"name":"Veikals","item":"https:\/\/www.hobstop.ee\/lv\/veikals\/"},{"@type":"ListItem","position":3,"name":"Polim\u0113rm\u0101ls Cernit Shiny 56g"}]},{"@type":"WebSite","@id":"https:\/\/www.hobstop.ee\/lv\/#website","url":"https:\/\/www.hobstop.ee\/lv\/","name":"Skizze","description":"M\u0101kslas, hobiju un skolas preces","publisher":{"@id":"https:\/\/www.hobstop.ee\/lv\/#organization"},"potentialAction":[{"@type":"SearchAction","target":{"@type":"EntryPoint","urlTemplate":"https:\/\/www.hobstop.ee\/lv\/?s={search_term_string}"},"query-input":{"@type":"PropertyValueSpecification","valueRequired":true,"valueName":"search_term_string"}}],"inLanguage":"lv-LV"},{"@type":"Organization","@id":"https:\/\/www.hobstop.ee\/lv\/#organization","name":"Vunder AS","url":"https:\/\/www.hobstop.ee\/lv\/","logo":{"@type":"ImageObject","inLanguage":"lv-LV","@id":"https:\/\/www.hobstop.ee\/lv\/#\/schema\/logo\/image\/","url":"https:\/\/hobstop.ee\/media\/vunder-logo.png","contentUrl":"https:\/\/hobstop.ee\/media\/vunder-logo.png","width":127,"height":55,"caption":"Vunder AS"},"image":{"@id":"https:\/\/www.hobstop.ee\/lv\/#\/schema\/logo\/image\/"},"sameAs":["http:\/\/www.facebook.com\/VunderSkizze"]}]}},"_links":{"self":[{"href":"https:\/\/www.hobstop.ee\/lv\/wp-json\/wp\/v2\/product\/335175","targetHints":{"allow":["GET"]}}],"collection":[{"href":"https:\/\/www.hobstop.ee\/lv\/wp-json\/wp\/v2\/product"}],"about":[{"href":"https:\/\/www.hobstop.ee\/lv\/wp-json\/wp\/v2\/types\/product"}],"replies":[{"embeddable":true,"href":"https:\/\/www.hobstop.ee\/lv\/wp-json\/wp\/v2\/comments?post=335175"}],"wp:featuredmedia":[{"embeddable":true,"href":"https:\/\/www.hobstop.ee\/lv\/wp-json\/wp\/v2\/media\/352815"}],"wp:attachment":[{"href":"https:\/\/www.hobstop.ee\/lv\/wp-json\/wp\/v2\/media?parent=335175"}],"wp:term":[{"taxonomy":"product_cat","embeddable":true,"href":"https:\/\/www.hobstop.ee\/lv\/wp-json\/wp\/v2\/product_cat?post=335175"},{"taxonomy":"product_tag","embeddable":true,"href":"https:\/\/www.hobstop.ee\/lv\/wp-json\/wp\/v2\/product_tag?post=335175"}],"curies":[{"name":"wp","href":"https:\/\/api.w.org\/{rel}","templated":true}]}}