{"id":339478,"date":"2019-11-20T12:32:32","date_gmt":"2019-11-20T10:32:39","guid":{"rendered":"https:\/\/sharks.ee\/vunder_2019\/product\/galda-piederumi-maped-picnik-adult-concept-3-gab\/"},"modified":"2019-11-20T12:32:39","modified_gmt":"2019-11-20T10:32:39","slug":"galda-piederumi-maped-picnik-adult-concept-3-gab","status":"publish","type":"product","link":"https:\/\/www.hobstop.ee\/lv\/produkts\/galda-piederumi-maped-picnik-adult-concept-3-gab\/","title":{"rendered":"Galda piederumi Maped Picnik Adult Concept 3.gab."},"content":{"rendered":"<p>Maped ir izmantojis savas zin\u0101\u0161anas, izstr\u0101d\u0101jot un ra\u017eojot kvalitat\u012bvas skolas preces, lai rad\u012btu Maped Picnik &#8211; inovat\u012bvu b\u0113rnu dz\u0113rienu un \u0113dienu trauku kolekciju. Maped Picnik Adult pied\u0101v\u0101 pavad\u012bt p\u0101rtraukumu lieliski &#8211; iedvesmojies no galda m\u0101kslas.<br \/>\nMaped Picnik Adult cutlery galda piederumu k\u0101rb\u0101s ir dak\u0161a, nazis un t\u0113jkarote no ner\u016bs\u0113jo\u0161\u0101 t\u0113rauda. \u0160ie galda piederumi p\u0113c sava izm\u0113ra ir \u013coti kompakti, t\u0101p\u0113c, kad k\u013c\u016bst net\u012bri, tos var \u0113rti ievietot Maped Picnik futr\u0101l\u012b. Viegli t\u012br\u0101mi, tos dr\u012bkst mazg\u0101t trauku mazg\u0101jam\u0101 ma\u0161\u012bn\u0101.<\/p>\n","protected":false},"excerpt":{"rendered":"<p>Maped ir izmantojis savas zin\u0101\u0161anas, izstr\u0101d\u0101jot un ra\u017eojot kvalitat\u012bvas skolas preces, lai rad\u012btu Maped Picnik &#8211; inovat\u012bvu b\u0113rnu dz\u0113rienu un \u0113dienu trauku kolekciju. Maped Picnik Adult pied\u0101v\u0101 pavad\u012bt p\u0101rtraukumu lieliski &#8211; iedvesmojies no galda m\u0101kslas. Maped Picnik Adult cutlery galda piederumu k\u0101rb\u0101s ir dak\u0161a, nazis un t\u0113jkarote no ner\u016bs\u0113jo\u0161\u0101 t\u0113rauda. \u0160ie galda piederumi p\u0113c sava izm\u0113ra ir \u013coti kompakti, t\u0101p\u0113c, kad k\u013c\u016bst net\u012bri, tos var \u0113rti ievietot Maped Picnik futr\u0101l\u012b. Viegli t\u012br\u0101mi, tos dr\u012bkst mazg\u0101t trauku mazg\u0101jam\u0101 ma\u0161\u012bn\u0101.<\/p>\n","protected":false},"featured_media":352951,"comment_status":"closed","ping_status":"closed","template":"","meta":{"_acf_changed":false,"ep_exclude_from_search":false},"product_cat":[20361],"product_tag":[],"class_list":{"0":"post-339478","1":"product","2":"type-product","3":"status-publish","4":"has-post-thumbnail","6":"product_cat-maaramata","8":"first","9":"instock","10":"taxable","11":"shipping-taxable","12":"product-type-simple"},"acf":[],"yoast_head":"<!-- This site is optimized with the Yoast SEO plugin v24.1 - https:\/\/yoast.com\/wordpress\/plugins\/seo\/ -->\n<title>Galda piederumi Maped Picnik Adult Concept 3.gab. &#8211; Skizze<\/title>\n<meta name=\"robots\" content=\"noindex, follow, max-snippet:-1, max-image-preview:large, max-video-preview:-1\" \/>\n<meta property=\"og:locale\" content=\"lv_LV\" \/>\n<meta property=\"og:type\" content=\"article\" \/>\n<meta property=\"og:title\" content=\"Galda piederumi Maped Picnik Adult Concept 3.gab. &#8211; Skizze\" \/>\n<meta property=\"og:description\" content=\"Maped ir izmantojis savas zin\u0101\u0161anas, izstr\u0101d\u0101jot un ra\u017eojot kvalitat\u012bvas skolas preces, lai rad\u012btu Maped Picnik &#8211; inovat\u012bvu b\u0113rnu dz\u0113rienu un \u0113dienu trauku kolekciju. Maped Picnik Adult pied\u0101v\u0101 pavad\u012bt p\u0101rtraukumu lieliski &#8211; iedvesmojies no galda m\u0101kslas. Maped Picnik Adult cutlery galda piederumu k\u0101rb\u0101s ir dak\u0161a, nazis un t\u0113jkarote no ner\u016bs\u0113jo\u0161\u0101 t\u0113rauda. \u0160ie galda piederumi p\u0113c sava izm\u0113ra ir \u013coti kompakti, t\u0101p\u0113c, kad k\u013c\u016bst net\u012bri, tos var \u0113rti ievietot Maped Picnik futr\u0101l\u012b. Viegli t\u012br\u0101mi, tos dr\u012bkst mazg\u0101t trauku mazg\u0101jam\u0101 ma\u0161\u012bn\u0101.\" \/>\n<meta property=\"og:url\" content=\"https:\/\/www.hobstop.ee\/lv\/produkts\/galda-piederumi-maped-picnik-adult-concept-3-gab\/\" \/>\n<meta property=\"og:site_name\" content=\"Skizze\" \/>\n<meta property=\"article:publisher\" content=\"http:\/\/www.facebook.com\/VunderSkizze\" \/>\n<meta property=\"og:image\" content=\"https:\/\/www.hobstop.ee\/media\/4981.jpg\" \/>\n\t<meta property=\"og:image:width\" content=\"1024\" \/>\n\t<meta property=\"og:image:height\" content=\"768\" \/>\n\t<meta property=\"og:image:type\" content=\"image\/jpeg\" \/>\n<meta name=\"twitter:card\" content=\"summary_large_image\" \/>\n<meta name=\"twitter:label1\" content=\"Est. reading time\" \/>\n\t<meta name=\"twitter:data1\" content=\"1 min\u016b\u0161u\" \/>\n<script type=\"application\/ld+json\" class=\"yoast-schema-graph\">{\"@context\":\"https:\/\/schema.org\",\"@graph\":[{\"@type\":\"WebPage\",\"@id\":\"https:\/\/www.hobstop.ee\/lv\/produkts\/galda-piederumi-maped-picnik-adult-concept-3-gab\/\",\"url\":\"https:\/\/www.hobstop.ee\/lv\/produkts\/galda-piederumi-maped-picnik-adult-concept-3-gab\/\",\"name\":\"Galda piederumi Maped Picnik Adult Concept 3.gab. &#8211; Skizze\",\"isPartOf\":{\"@id\":\"https:\/\/www.hobstop.ee\/lv\/#website\"},\"primaryImageOfPage\":{\"@id\":\"https:\/\/www.hobstop.ee\/lv\/produkts\/galda-piederumi-maped-picnik-adult-concept-3-gab\/#primaryimage\"},\"image\":{\"@id\":\"https:\/\/www.hobstop.ee\/lv\/produkts\/galda-piederumi-maped-picnik-adult-concept-3-gab\/#primaryimage\"},\"thumbnailUrl\":\"https:\/\/www.hobstop.ee\/media\/4981.jpg\",\"datePublished\":\"2019-11-20T10:32:39+00:00\",\"dateModified\":\"2019-11-20T10:32:39+00:00\",\"breadcrumb\":{\"@id\":\"https:\/\/www.hobstop.ee\/lv\/produkts\/galda-piederumi-maped-picnik-adult-concept-3-gab\/#breadcrumb\"},\"inLanguage\":\"lv-LV\",\"potentialAction\":[{\"@type\":\"ReadAction\",\"target\":[\"https:\/\/www.hobstop.ee\/lv\/produkts\/galda-piederumi-maped-picnik-adult-concept-3-gab\/\"]}]},{\"@type\":\"ImageObject\",\"inLanguage\":\"lv-LV\",\"@id\":\"https:\/\/www.hobstop.ee\/lv\/produkts\/galda-piederumi-maped-picnik-adult-concept-3-gab\/#primaryimage\",\"url\":\"https:\/\/www.hobstop.ee\/media\/4981.jpg\",\"contentUrl\":\"https:\/\/www.hobstop.ee\/media\/4981.jpg\",\"width\":1024,\"height\":768},{\"@type\":\"BreadcrumbList\",\"@id\":\"https:\/\/www.hobstop.ee\/lv\/produkts\/galda-piederumi-maped-picnik-adult-concept-3-gab\/#breadcrumb\",\"itemListElement\":[{\"@type\":\"ListItem\",\"position\":1,\"name\":\"Avaleht\",\"item\":\"https:\/\/www.hobstop.ee\/lv\/\"},{\"@type\":\"ListItem\",\"position\":2,\"name\":\"Veikals\",\"item\":\"https:\/\/www.hobstop.ee\/lv\/veikals\/\"},{\"@type\":\"ListItem\",\"position\":3,\"name\":\"Galda piederumi Maped Picnik Adult Concept 3.gab.\"}]},{\"@type\":\"WebSite\",\"@id\":\"https:\/\/www.hobstop.ee\/lv\/#website\",\"url\":\"https:\/\/www.hobstop.ee\/lv\/\",\"name\":\"Skizze\",\"description\":\"M\u0101kslas, hobiju un skolas preces\",\"publisher\":{\"@id\":\"https:\/\/www.hobstop.ee\/lv\/#organization\"},\"potentialAction\":[{\"@type\":\"SearchAction\",\"target\":{\"@type\":\"EntryPoint\",\"urlTemplate\":\"https:\/\/www.hobstop.ee\/lv\/?s={search_term_string}\"},\"query-input\":{\"@type\":\"PropertyValueSpecification\",\"valueRequired\":true,\"valueName\":\"search_term_string\"}}],\"inLanguage\":\"lv-LV\"},{\"@type\":\"Organization\",\"@id\":\"https:\/\/www.hobstop.ee\/lv\/#organization\",\"name\":\"Vunder AS\",\"url\":\"https:\/\/www.hobstop.ee\/lv\/\",\"logo\":{\"@type\":\"ImageObject\",\"inLanguage\":\"lv-LV\",\"@id\":\"https:\/\/www.hobstop.ee\/lv\/#\/schema\/logo\/image\/\",\"url\":\"https:\/\/hobstop.ee\/media\/vunder-logo.png\",\"contentUrl\":\"https:\/\/hobstop.ee\/media\/vunder-logo.png\",\"width\":127,\"height\":55,\"caption\":\"Vunder AS\"},\"image\":{\"@id\":\"https:\/\/www.hobstop.ee\/lv\/#\/schema\/logo\/image\/\"},\"sameAs\":[\"http:\/\/www.facebook.com\/VunderSkizze\"]}]}<\/script>\n<!-- \/ Yoast SEO plugin. -->","yoast_head_json":{"title":"Galda piederumi Maped Picnik Adult Concept 3.gab. &#8211; Skizze","robots":{"index":"noindex","follow":"follow","max-snippet":"max-snippet:-1","max-image-preview":"max-image-preview:large","max-video-preview":"max-video-preview:-1"},"og_locale":"lv_LV","og_type":"article","og_title":"Galda piederumi Maped Picnik Adult Concept 3.gab. &#8211; Skizze","og_description":"Maped ir izmantojis savas zin\u0101\u0161anas, izstr\u0101d\u0101jot un ra\u017eojot kvalitat\u012bvas skolas preces, lai rad\u012btu Maped Picnik &#8211; inovat\u012bvu b\u0113rnu dz\u0113rienu un \u0113dienu trauku kolekciju. Maped Picnik Adult pied\u0101v\u0101 pavad\u012bt p\u0101rtraukumu lieliski &#8211; iedvesmojies no galda m\u0101kslas. Maped Picnik Adult cutlery galda piederumu k\u0101rb\u0101s ir dak\u0161a, nazis un t\u0113jkarote no ner\u016bs\u0113jo\u0161\u0101 t\u0113rauda. \u0160ie galda piederumi p\u0113c sava izm\u0113ra ir \u013coti kompakti, t\u0101p\u0113c, kad k\u013c\u016bst net\u012bri, tos var \u0113rti ievietot Maped Picnik futr\u0101l\u012b. Viegli t\u012br\u0101mi, tos dr\u012bkst mazg\u0101t trauku mazg\u0101jam\u0101 ma\u0161\u012bn\u0101.","og_url":"https:\/\/www.hobstop.ee\/lv\/produkts\/galda-piederumi-maped-picnik-adult-concept-3-gab\/","og_site_name":"Skizze","article_publisher":"http:\/\/www.facebook.com\/VunderSkizze","og_image":[{"width":1024,"height":768,"url":"https:\/\/www.hobstop.ee\/media\/4981.jpg","type":"image\/jpeg"}],"twitter_card":"summary_large_image","twitter_misc":{"Est. reading time":"1 min\u016b\u0161u"},"schema":{"@context":"https:\/\/schema.org","@graph":[{"@type":"WebPage","@id":"https:\/\/www.hobstop.ee\/lv\/produkts\/galda-piederumi-maped-picnik-adult-concept-3-gab\/","url":"https:\/\/www.hobstop.ee\/lv\/produkts\/galda-piederumi-maped-picnik-adult-concept-3-gab\/","name":"Galda piederumi Maped Picnik Adult Concept 3.gab. &#8211; Skizze","isPartOf":{"@id":"https:\/\/www.hobstop.ee\/lv\/#website"},"primaryImageOfPage":{"@id":"https:\/\/www.hobstop.ee\/lv\/produkts\/galda-piederumi-maped-picnik-adult-concept-3-gab\/#primaryimage"},"image":{"@id":"https:\/\/www.hobstop.ee\/lv\/produkts\/galda-piederumi-maped-picnik-adult-concept-3-gab\/#primaryimage"},"thumbnailUrl":"https:\/\/www.hobstop.ee\/media\/4981.jpg","datePublished":"2019-11-20T10:32:39+00:00","dateModified":"2019-11-20T10:32:39+00:00","breadcrumb":{"@id":"https:\/\/www.hobstop.ee\/lv\/produkts\/galda-piederumi-maped-picnik-adult-concept-3-gab\/#breadcrumb"},"inLanguage":"lv-LV","potentialAction":[{"@type":"ReadAction","target":["https:\/\/www.hobstop.ee\/lv\/produkts\/galda-piederumi-maped-picnik-adult-concept-3-gab\/"]}]},{"@type":"ImageObject","inLanguage":"lv-LV","@id":"https:\/\/www.hobstop.ee\/lv\/produkts\/galda-piederumi-maped-picnik-adult-concept-3-gab\/#primaryimage","url":"https:\/\/www.hobstop.ee\/media\/4981.jpg","contentUrl":"https:\/\/www.hobstop.ee\/media\/4981.jpg","width":1024,"height":768},{"@type":"BreadcrumbList","@id":"https:\/\/www.hobstop.ee\/lv\/produkts\/galda-piederumi-maped-picnik-adult-concept-3-gab\/#breadcrumb","itemListElement":[{"@type":"ListItem","position":1,"name":"Avaleht","item":"https:\/\/www.hobstop.ee\/lv\/"},{"@type":"ListItem","position":2,"name":"Veikals","item":"https:\/\/www.hobstop.ee\/lv\/veikals\/"},{"@type":"ListItem","position":3,"name":"Galda piederumi Maped Picnik Adult Concept 3.gab."}]},{"@type":"WebSite","@id":"https:\/\/www.hobstop.ee\/lv\/#website","url":"https:\/\/www.hobstop.ee\/lv\/","name":"Skizze","description":"M\u0101kslas, hobiju un skolas preces","publisher":{"@id":"https:\/\/www.hobstop.ee\/lv\/#organization"},"potentialAction":[{"@type":"SearchAction","target":{"@type":"EntryPoint","urlTemplate":"https:\/\/www.hobstop.ee\/lv\/?s={search_term_string}"},"query-input":{"@type":"PropertyValueSpecification","valueRequired":true,"valueName":"search_term_string"}}],"inLanguage":"lv-LV"},{"@type":"Organization","@id":"https:\/\/www.hobstop.ee\/lv\/#organization","name":"Vunder AS","url":"https:\/\/www.hobstop.ee\/lv\/","logo":{"@type":"ImageObject","inLanguage":"lv-LV","@id":"https:\/\/www.hobstop.ee\/lv\/#\/schema\/logo\/image\/","url":"https:\/\/hobstop.ee\/media\/vunder-logo.png","contentUrl":"https:\/\/hobstop.ee\/media\/vunder-logo.png","width":127,"height":55,"caption":"Vunder AS"},"image":{"@id":"https:\/\/www.hobstop.ee\/lv\/#\/schema\/logo\/image\/"},"sameAs":["http:\/\/www.facebook.com\/VunderSkizze"]}]}},"_links":{"self":[{"href":"https:\/\/www.hobstop.ee\/lv\/wp-json\/wp\/v2\/product\/339478","targetHints":{"allow":["GET"]}}],"collection":[{"href":"https:\/\/www.hobstop.ee\/lv\/wp-json\/wp\/v2\/product"}],"about":[{"href":"https:\/\/www.hobstop.ee\/lv\/wp-json\/wp\/v2\/types\/product"}],"replies":[{"embeddable":true,"href":"https:\/\/www.hobstop.ee\/lv\/wp-json\/wp\/v2\/comments?post=339478"}],"wp:featuredmedia":[{"embeddable":true,"href":"https:\/\/www.hobstop.ee\/lv\/wp-json\/wp\/v2\/media\/352951"}],"wp:attachment":[{"href":"https:\/\/www.hobstop.ee\/lv\/wp-json\/wp\/v2\/media?parent=339478"}],"wp:term":[{"taxonomy":"product_cat","embeddable":true,"href":"https:\/\/www.hobstop.ee\/lv\/wp-json\/wp\/v2\/product_cat?post=339478"},{"taxonomy":"product_tag","embeddable":true,"href":"https:\/\/www.hobstop.ee\/lv\/wp-json\/wp\/v2\/product_tag?post=339478"}],"curies":[{"name":"wp","href":"https:\/\/api.w.org\/{rel}","templated":true}]}}