{"id":342145,"date":"2021-08-06T15:36:28","date_gmt":"2021-08-06T12:36:28","guid":{"rendered":"https:\/\/sharks.ee\/vunder_2019\/?post_type=product&#038;p=342145"},"modified":"2021-08-06T15:36:28","modified_gmt":"2021-08-06T12:36:28","slug":"zimulu-asinamais-dzesgumija-mg-i-dont-believe-in-magic","status":"publish","type":"product","link":"https:\/\/www.hobstop.ee\/lv\/produkts\/zimulu-asinamais-dzesgumija-mg-i-dont-believe-in-magic\/","title":{"rendered":"Z\u012bmu\u013cu asin\u0101mais-dz\u0113\u0161gumija M&#038;G I Don&#8217;t Believe In Magic"},"content":{"rendered":"<p>M&#038;G I Don\u2019t Believe In Magic kl\u0101stam ir nosl\u0113pumains un ma\u0123isks dizains, kura rad\u012b\u0161an\u0101 iedvesma g\u016bta laik\u0101 no kr\u0113slas l\u012bdz r\u012btausmai. Neliels z\u012bmu\u013cu asin\u0101t\u0101js ar dz\u0113\u0161gumiju spuldzes form\u0101. Spuldze ir mazs z\u012bmu\u013cu asin\u0101mais ar tvertni, bet pamatne ir v\u0101ci\u0146\u0161 dz\u0113\u0161gumijai.<\/p>\n","protected":false},"excerpt":{"rendered":"<p>M&#038;G I Don\u2019t Believe In Magic kl\u0101stam ir nosl\u0113pumains un ma\u0123isks dizains, kura rad\u012b\u0161an\u0101 iedvesma g\u016bta laik\u0101 no kr\u0113slas l\u012bdz r\u012btausmai. Neliels z\u012bmu\u013cu asin\u0101t\u0101js ar dz\u0113\u0161gumiju spuldzes form\u0101. Spuldze ir mazs z\u012bmu\u013cu asin\u0101mais ar tvertni, bet pamatne ir v\u0101ci\u0146\u0161 dz\u0113\u0161gumijai.<\/p>\n","protected":false},"featured_media":354247,"comment_status":"closed","ping_status":"closed","template":"","meta":{"_acf_changed":false,"ep_exclude_from_search":false},"product_cat":[20361],"product_tag":[],"class_list":{"0":"post-342145","1":"product","2":"type-product","3":"status-publish","4":"has-post-thumbnail","6":"product_cat-maaramata","8":"first","9":"instock","10":"taxable","11":"shipping-taxable","12":"product-type-simple"},"acf":[],"yoast_head":"<!-- This site is optimized with the Yoast SEO plugin v24.1 - https:\/\/yoast.com\/wordpress\/plugins\/seo\/ -->\n<title>Z\u012bmu\u013cu asin\u0101mais-dz\u0113\u0161gumija M&amp;G I Don&#039;t Believe In Magic &#8211; Skizze<\/title>\n<meta name=\"robots\" content=\"noindex, follow, max-snippet:-1, max-image-preview:large, max-video-preview:-1\" \/>\n<meta property=\"og:locale\" content=\"lv_LV\" \/>\n<meta property=\"og:type\" content=\"article\" \/>\n<meta property=\"og:title\" content=\"Z\u012bmu\u013cu asin\u0101mais-dz\u0113\u0161gumija M&amp;G I Don&#039;t Believe In Magic &#8211; Skizze\" \/>\n<meta property=\"og:description\" content=\"M&#038;G I Don\u2019t Believe In Magic kl\u0101stam ir nosl\u0113pumains un ma\u0123isks dizains, kura rad\u012b\u0161an\u0101 iedvesma g\u016bta laik\u0101 no kr\u0113slas l\u012bdz r\u012btausmai. Neliels z\u012bmu\u013cu asin\u0101t\u0101js ar dz\u0113\u0161gumiju spuldzes form\u0101. Spuldze ir mazs z\u012bmu\u013cu asin\u0101mais ar tvertni, bet pamatne ir v\u0101ci\u0146\u0161 dz\u0113\u0161gumijai.\" \/>\n<meta property=\"og:url\" content=\"https:\/\/www.hobstop.ee\/lv\/produkts\/zimulu-asinamais-dzesgumija-mg-i-dont-believe-in-magic\/\" \/>\n<meta property=\"og:site_name\" content=\"Skizze\" \/>\n<meta property=\"article:publisher\" content=\"http:\/\/www.facebook.com\/VunderSkizze\" \/>\n<meta property=\"og:image\" content=\"https:\/\/www.hobstop.ee\/media\/5290.jpg\" \/>\n\t<meta property=\"og:image:width\" content=\"1024\" \/>\n\t<meta property=\"og:image:height\" content=\"768\" \/>\n\t<meta property=\"og:image:type\" content=\"image\/jpeg\" \/>\n<meta name=\"twitter:card\" content=\"summary_large_image\" \/>\n<script type=\"application\/ld+json\" class=\"yoast-schema-graph\">{\"@context\":\"https:\/\/schema.org\",\"@graph\":[{\"@type\":\"WebPage\",\"@id\":\"https:\/\/www.hobstop.ee\/lv\/produkts\/zimulu-asinamais-dzesgumija-mg-i-dont-believe-in-magic\/\",\"url\":\"https:\/\/www.hobstop.ee\/lv\/produkts\/zimulu-asinamais-dzesgumija-mg-i-dont-believe-in-magic\/\",\"name\":\"Z\u012bmu\u013cu asin\u0101mais-dz\u0113\u0161gumija M&G I Don't Believe In Magic &#8211; Skizze\",\"isPartOf\":{\"@id\":\"https:\/\/www.hobstop.ee\/lv\/#website\"},\"primaryImageOfPage\":{\"@id\":\"https:\/\/www.hobstop.ee\/lv\/produkts\/zimulu-asinamais-dzesgumija-mg-i-dont-believe-in-magic\/#primaryimage\"},\"image\":{\"@id\":\"https:\/\/www.hobstop.ee\/lv\/produkts\/zimulu-asinamais-dzesgumija-mg-i-dont-believe-in-magic\/#primaryimage\"},\"thumbnailUrl\":\"https:\/\/www.hobstop.ee\/media\/5290.jpg\",\"datePublished\":\"2021-08-06T12:36:28+00:00\",\"dateModified\":\"2021-08-06T12:36:28+00:00\",\"breadcrumb\":{\"@id\":\"https:\/\/www.hobstop.ee\/lv\/produkts\/zimulu-asinamais-dzesgumija-mg-i-dont-believe-in-magic\/#breadcrumb\"},\"inLanguage\":\"lv-LV\",\"potentialAction\":[{\"@type\":\"ReadAction\",\"target\":[\"https:\/\/www.hobstop.ee\/lv\/produkts\/zimulu-asinamais-dzesgumija-mg-i-dont-believe-in-magic\/\"]}]},{\"@type\":\"ImageObject\",\"inLanguage\":\"lv-LV\",\"@id\":\"https:\/\/www.hobstop.ee\/lv\/produkts\/zimulu-asinamais-dzesgumija-mg-i-dont-believe-in-magic\/#primaryimage\",\"url\":\"https:\/\/www.hobstop.ee\/media\/5290.jpg\",\"contentUrl\":\"https:\/\/www.hobstop.ee\/media\/5290.jpg\",\"width\":1024,\"height\":768},{\"@type\":\"BreadcrumbList\",\"@id\":\"https:\/\/www.hobstop.ee\/lv\/produkts\/zimulu-asinamais-dzesgumija-mg-i-dont-believe-in-magic\/#breadcrumb\",\"itemListElement\":[{\"@type\":\"ListItem\",\"position\":1,\"name\":\"Avaleht\",\"item\":\"https:\/\/www.hobstop.ee\/lv\/\"},{\"@type\":\"ListItem\",\"position\":2,\"name\":\"Veikals\",\"item\":\"https:\/\/www.hobstop.ee\/lv\/veikals\/\"},{\"@type\":\"ListItem\",\"position\":3,\"name\":\"Z\u012bmu\u013cu asin\u0101mais-dz\u0113\u0161gumija M&#038;G I Don&#8217;t Believe In Magic\"}]},{\"@type\":\"WebSite\",\"@id\":\"https:\/\/www.hobstop.ee\/lv\/#website\",\"url\":\"https:\/\/www.hobstop.ee\/lv\/\",\"name\":\"Skizze\",\"description\":\"M\u0101kslas, hobiju un skolas preces\",\"publisher\":{\"@id\":\"https:\/\/www.hobstop.ee\/lv\/#organization\"},\"potentialAction\":[{\"@type\":\"SearchAction\",\"target\":{\"@type\":\"EntryPoint\",\"urlTemplate\":\"https:\/\/www.hobstop.ee\/lv\/?s={search_term_string}\"},\"query-input\":{\"@type\":\"PropertyValueSpecification\",\"valueRequired\":true,\"valueName\":\"search_term_string\"}}],\"inLanguage\":\"lv-LV\"},{\"@type\":\"Organization\",\"@id\":\"https:\/\/www.hobstop.ee\/lv\/#organization\",\"name\":\"Vunder AS\",\"url\":\"https:\/\/www.hobstop.ee\/lv\/\",\"logo\":{\"@type\":\"ImageObject\",\"inLanguage\":\"lv-LV\",\"@id\":\"https:\/\/www.hobstop.ee\/lv\/#\/schema\/logo\/image\/\",\"url\":\"https:\/\/hobstop.ee\/media\/vunder-logo.png\",\"contentUrl\":\"https:\/\/hobstop.ee\/media\/vunder-logo.png\",\"width\":127,\"height\":55,\"caption\":\"Vunder AS\"},\"image\":{\"@id\":\"https:\/\/www.hobstop.ee\/lv\/#\/schema\/logo\/image\/\"},\"sameAs\":[\"http:\/\/www.facebook.com\/VunderSkizze\"]}]}<\/script>\n<!-- \/ Yoast SEO plugin. -->","yoast_head_json":{"title":"Z\u012bmu\u013cu asin\u0101mais-dz\u0113\u0161gumija M&G I Don't Believe In Magic &#8211; Skizze","robots":{"index":"noindex","follow":"follow","max-snippet":"max-snippet:-1","max-image-preview":"max-image-preview:large","max-video-preview":"max-video-preview:-1"},"og_locale":"lv_LV","og_type":"article","og_title":"Z\u012bmu\u013cu asin\u0101mais-dz\u0113\u0161gumija M&G I Don't Believe In Magic &#8211; Skizze","og_description":"M&#038;G I Don\u2019t Believe In Magic kl\u0101stam ir nosl\u0113pumains un ma\u0123isks dizains, kura rad\u012b\u0161an\u0101 iedvesma g\u016bta laik\u0101 no kr\u0113slas l\u012bdz r\u012btausmai. Neliels z\u012bmu\u013cu asin\u0101t\u0101js ar dz\u0113\u0161gumiju spuldzes form\u0101. Spuldze ir mazs z\u012bmu\u013cu asin\u0101mais ar tvertni, bet pamatne ir v\u0101ci\u0146\u0161 dz\u0113\u0161gumijai.","og_url":"https:\/\/www.hobstop.ee\/lv\/produkts\/zimulu-asinamais-dzesgumija-mg-i-dont-believe-in-magic\/","og_site_name":"Skizze","article_publisher":"http:\/\/www.facebook.com\/VunderSkizze","og_image":[{"width":1024,"height":768,"url":"https:\/\/www.hobstop.ee\/media\/5290.jpg","type":"image\/jpeg"}],"twitter_card":"summary_large_image","schema":{"@context":"https:\/\/schema.org","@graph":[{"@type":"WebPage","@id":"https:\/\/www.hobstop.ee\/lv\/produkts\/zimulu-asinamais-dzesgumija-mg-i-dont-believe-in-magic\/","url":"https:\/\/www.hobstop.ee\/lv\/produkts\/zimulu-asinamais-dzesgumija-mg-i-dont-believe-in-magic\/","name":"Z\u012bmu\u013cu asin\u0101mais-dz\u0113\u0161gumija M&G I Don't Believe In Magic &#8211; Skizze","isPartOf":{"@id":"https:\/\/www.hobstop.ee\/lv\/#website"},"primaryImageOfPage":{"@id":"https:\/\/www.hobstop.ee\/lv\/produkts\/zimulu-asinamais-dzesgumija-mg-i-dont-believe-in-magic\/#primaryimage"},"image":{"@id":"https:\/\/www.hobstop.ee\/lv\/produkts\/zimulu-asinamais-dzesgumija-mg-i-dont-believe-in-magic\/#primaryimage"},"thumbnailUrl":"https:\/\/www.hobstop.ee\/media\/5290.jpg","datePublished":"2021-08-06T12:36:28+00:00","dateModified":"2021-08-06T12:36:28+00:00","breadcrumb":{"@id":"https:\/\/www.hobstop.ee\/lv\/produkts\/zimulu-asinamais-dzesgumija-mg-i-dont-believe-in-magic\/#breadcrumb"},"inLanguage":"lv-LV","potentialAction":[{"@type":"ReadAction","target":["https:\/\/www.hobstop.ee\/lv\/produkts\/zimulu-asinamais-dzesgumija-mg-i-dont-believe-in-magic\/"]}]},{"@type":"ImageObject","inLanguage":"lv-LV","@id":"https:\/\/www.hobstop.ee\/lv\/produkts\/zimulu-asinamais-dzesgumija-mg-i-dont-believe-in-magic\/#primaryimage","url":"https:\/\/www.hobstop.ee\/media\/5290.jpg","contentUrl":"https:\/\/www.hobstop.ee\/media\/5290.jpg","width":1024,"height":768},{"@type":"BreadcrumbList","@id":"https:\/\/www.hobstop.ee\/lv\/produkts\/zimulu-asinamais-dzesgumija-mg-i-dont-believe-in-magic\/#breadcrumb","itemListElement":[{"@type":"ListItem","position":1,"name":"Avaleht","item":"https:\/\/www.hobstop.ee\/lv\/"},{"@type":"ListItem","position":2,"name":"Veikals","item":"https:\/\/www.hobstop.ee\/lv\/veikals\/"},{"@type":"ListItem","position":3,"name":"Z\u012bmu\u013cu asin\u0101mais-dz\u0113\u0161gumija M&#038;G I Don&#8217;t Believe In Magic"}]},{"@type":"WebSite","@id":"https:\/\/www.hobstop.ee\/lv\/#website","url":"https:\/\/www.hobstop.ee\/lv\/","name":"Skizze","description":"M\u0101kslas, hobiju un skolas preces","publisher":{"@id":"https:\/\/www.hobstop.ee\/lv\/#organization"},"potentialAction":[{"@type":"SearchAction","target":{"@type":"EntryPoint","urlTemplate":"https:\/\/www.hobstop.ee\/lv\/?s={search_term_string}"},"query-input":{"@type":"PropertyValueSpecification","valueRequired":true,"valueName":"search_term_string"}}],"inLanguage":"lv-LV"},{"@type":"Organization","@id":"https:\/\/www.hobstop.ee\/lv\/#organization","name":"Vunder AS","url":"https:\/\/www.hobstop.ee\/lv\/","logo":{"@type":"ImageObject","inLanguage":"lv-LV","@id":"https:\/\/www.hobstop.ee\/lv\/#\/schema\/logo\/image\/","url":"https:\/\/hobstop.ee\/media\/vunder-logo.png","contentUrl":"https:\/\/hobstop.ee\/media\/vunder-logo.png","width":127,"height":55,"caption":"Vunder AS"},"image":{"@id":"https:\/\/www.hobstop.ee\/lv\/#\/schema\/logo\/image\/"},"sameAs":["http:\/\/www.facebook.com\/VunderSkizze"]}]}},"_links":{"self":[{"href":"https:\/\/www.hobstop.ee\/lv\/wp-json\/wp\/v2\/product\/342145","targetHints":{"allow":["GET"]}}],"collection":[{"href":"https:\/\/www.hobstop.ee\/lv\/wp-json\/wp\/v2\/product"}],"about":[{"href":"https:\/\/www.hobstop.ee\/lv\/wp-json\/wp\/v2\/types\/product"}],"replies":[{"embeddable":true,"href":"https:\/\/www.hobstop.ee\/lv\/wp-json\/wp\/v2\/comments?post=342145"}],"wp:featuredmedia":[{"embeddable":true,"href":"https:\/\/www.hobstop.ee\/lv\/wp-json\/wp\/v2\/media\/354247"}],"wp:attachment":[{"href":"https:\/\/www.hobstop.ee\/lv\/wp-json\/wp\/v2\/media?parent=342145"}],"wp:term":[{"taxonomy":"product_cat","embeddable":true,"href":"https:\/\/www.hobstop.ee\/lv\/wp-json\/wp\/v2\/product_cat?post=342145"},{"taxonomy":"product_tag","embeddable":true,"href":"https:\/\/www.hobstop.ee\/lv\/wp-json\/wp\/v2\/product_tag?post=342145"}],"curies":[{"name":"wp","href":"https:\/\/api.w.org\/{rel}","templated":true}]}}