{"id":61388,"date":"2014-12-09T12:59:41","date_gmt":"2014-12-09T10:59:41","guid":{"rendered":"https:\/\/sharks.ee\/vunder_2019.klient.veebimajutus.ee\/?post_type=product&#038;p=61388"},"modified":"2014-12-09T12:59:41","modified_gmt":"2014-12-09T10:59:41","slug":"grafita-pasta-liberon-250ml","status":"publish","type":"product","link":"https:\/\/www.hobstop.ee\/lv\/produkts\/grafita-pasta-liberon-250ml\/","title":{"rendered":"Graf\u012bta pasta Liberon 250ml"},"content":{"rendered":"<p>Graf\u012bta pasta ir piem\u0113rota kaltu un lietu met\u0101la izstr\u0101d\u0101jumu apstr\u0101dei. Var izmantot, piem\u0113ram, ant\u012bku izstr\u0101d\u0101jumu, kam\u012bnu, senlaic\u012bgu kr\u0101\u0161\u0146u, kr\u0101sns l\u016bku, vecu gludek\u013cu un \u0101ra grilu apstr\u0101dei. Graf\u012bta pasta aizsarg\u0101 met\u0101la virsmas pret pelniem, r\u016bsu un net\u012brumiem. Pie\u0161\u0137ir pel\u0113c\u012bgi melnu senatn\u012bgu nokr\u0101su. Iztur augstas temperat\u016bras (l\u012bdz 700\u00b0C).<br \/>\nP\u0101rkl\u0101jums: 20m\u00b2\/L<br \/>\n\u017d\u016b\u0161anas laiks: 2h<br \/>\nDarba r\u012bki: ota<br \/>\nDarba r\u012bku t\u012br\u012b\u0161ana: spirts<\/p>\n","protected":false},"excerpt":{"rendered":"<p>Graf\u012bta pasta ir piem\u0113rota kaltu un lietu met\u0101la izstr\u0101d\u0101jumu apstr\u0101dei. Var izmantot, piem\u0113ram, ant\u012bku izstr\u0101d\u0101jumu, kam\u012bnu, senlaic\u012bgu kr\u0101\u0161\u0146u, kr\u0101sns l\u016bku, vecu gludek\u013cu un \u0101ra grilu apstr\u0101dei. Graf\u012bta pasta aizsarg\u0101 met\u0101la virsmas pret pelniem, r\u016bsu un net\u012brumiem. Pie\u0161\u0137ir pel\u0113c\u012bgi melnu senatn\u012bgu nokr\u0101su. Iztur augstas temperat\u016bras (l\u012bdz 700\u00b0C). P\u0101rkl\u0101jums: 20m\u00b2\/L \u017d\u016b\u0161anas laiks: 2h Darba r\u012bki: ota Darba r\u012bku t\u012br\u012b\u0161ana: spirts<\/p>\n","protected":false},"featured_media":147005,"comment_status":"closed","ping_status":"closed","template":"","meta":{"_acf_changed":false,"ep_exclude_from_search":false},"product_cat":[18581,18561,14970],"product_tag":[],"class_list":{"0":"post-61388","1":"product","2":"type-product","3":"status-publish","4":"has-post-thumbnail","6":"product_cat-metalam","7":"product_cat-restauracija","8":"product_cat-restauracija-un-iekstelpu-apdare-2","10":"first","11":"instock","12":"taxable","13":"shipping-taxable","14":"purchasable","15":"product-type-variable"},"acf":[],"yoast_head":"<!-- This site is optimized with the Yoast SEO plugin v24.1 - https:\/\/yoast.com\/wordpress\/plugins\/seo\/ -->\n<title>Graf\u012bta pasta Liberon 250ml &#8211; Skizze<\/title>\n<meta name=\"robots\" content=\"noindex, follow, max-snippet:-1, max-image-preview:large, max-video-preview:-1\" \/>\n<meta property=\"og:locale\" content=\"lv_LV\" \/>\n<meta property=\"og:type\" content=\"article\" \/>\n<meta property=\"og:title\" content=\"Graf\u012bta pasta Liberon 250ml &#8211; Skizze\" \/>\n<meta property=\"og:description\" content=\"Graf\u012bta pasta ir piem\u0113rota kaltu un lietu met\u0101la izstr\u0101d\u0101jumu apstr\u0101dei. Var izmantot, piem\u0113ram, ant\u012bku izstr\u0101d\u0101jumu, kam\u012bnu, senlaic\u012bgu kr\u0101\u0161\u0146u, kr\u0101sns l\u016bku, vecu gludek\u013cu un \u0101ra grilu apstr\u0101dei. Graf\u012bta pasta aizsarg\u0101 met\u0101la virsmas pret pelniem, r\u016bsu un net\u012brumiem. Pie\u0161\u0137ir pel\u0113c\u012bgi melnu senatn\u012bgu nokr\u0101su. Iztur augstas temperat\u016bras (l\u012bdz 700\u00b0C). P\u0101rkl\u0101jums: 20m\u00b2\/L \u017d\u016b\u0161anas laiks: 2h Darba r\u012bki: ota Darba r\u012bku t\u012br\u012b\u0161ana: spirts\" \/>\n<meta property=\"og:url\" content=\"https:\/\/www.hobstop.ee\/lv\/produkts\/grafita-pasta-liberon-250ml\/\" \/>\n<meta property=\"og:site_name\" content=\"Skizze\" \/>\n<meta property=\"article:publisher\" content=\"http:\/\/www.facebook.com\/VunderSkizze\" \/>\n<meta property=\"og:image\" content=\"https:\/\/www.hobstop.ee\/media\/2483.jpg\" \/>\n\t<meta property=\"og:image:width\" content=\"1024\" \/>\n\t<meta property=\"og:image:height\" content=\"768\" \/>\n\t<meta property=\"og:image:type\" content=\"image\/jpeg\" \/>\n<meta name=\"twitter:card\" content=\"summary_large_image\" \/>\n<script type=\"application\/ld+json\" class=\"yoast-schema-graph\">{\"@context\":\"https:\/\/schema.org\",\"@graph\":[{\"@type\":\"WebPage\",\"@id\":\"https:\/\/www.hobstop.ee\/lv\/produkts\/grafita-pasta-liberon-250ml\/\",\"url\":\"https:\/\/www.hobstop.ee\/lv\/produkts\/grafita-pasta-liberon-250ml\/\",\"name\":\"Graf\u012bta pasta Liberon 250ml &#8211; Skizze\",\"isPartOf\":{\"@id\":\"https:\/\/hobstop.ee\/lv\/#website\"},\"primaryImageOfPage\":{\"@id\":\"https:\/\/www.hobstop.ee\/lv\/produkts\/grafita-pasta-liberon-250ml\/#primaryimage\"},\"image\":{\"@id\":\"https:\/\/www.hobstop.ee\/lv\/produkts\/grafita-pasta-liberon-250ml\/#primaryimage\"},\"thumbnailUrl\":\"https:\/\/www.hobstop.ee\/media\/2483.jpg\",\"datePublished\":\"2014-12-09T10:59:41+00:00\",\"dateModified\":\"2014-12-09T10:59:41+00:00\",\"breadcrumb\":{\"@id\":\"https:\/\/www.hobstop.ee\/lv\/produkts\/grafita-pasta-liberon-250ml\/#breadcrumb\"},\"inLanguage\":\"lv-LV\",\"potentialAction\":[{\"@type\":\"ReadAction\",\"target\":[\"https:\/\/www.hobstop.ee\/lv\/produkts\/grafita-pasta-liberon-250ml\/\"]}]},{\"@type\":\"ImageObject\",\"inLanguage\":\"lv-LV\",\"@id\":\"https:\/\/www.hobstop.ee\/lv\/produkts\/grafita-pasta-liberon-250ml\/#primaryimage\",\"url\":\"https:\/\/www.hobstop.ee\/media\/2483.jpg\",\"contentUrl\":\"https:\/\/www.hobstop.ee\/media\/2483.jpg\",\"width\":1024,\"height\":768},{\"@type\":\"BreadcrumbList\",\"@id\":\"https:\/\/www.hobstop.ee\/lv\/produkts\/grafita-pasta-liberon-250ml\/#breadcrumb\",\"itemListElement\":[{\"@type\":\"ListItem\",\"position\":1,\"name\":\"Avaleht\",\"item\":\"https:\/\/hobstop.ee\/lv\/\"},{\"@type\":\"ListItem\",\"position\":2,\"name\":\"Veikals\",\"item\":\"https:\/\/hobstop.ee\/lv\/veikals\/\"},{\"@type\":\"ListItem\",\"position\":3,\"name\":\"Graf\u012bta pasta Liberon 250ml\"}]},{\"@type\":\"WebSite\",\"@id\":\"https:\/\/hobstop.ee\/lv\/#website\",\"url\":\"https:\/\/hobstop.ee\/lv\/\",\"name\":\"Skizze\",\"description\":\"M\u0101kslas, hobiju un skolas preces\",\"publisher\":{\"@id\":\"https:\/\/hobstop.ee\/lv\/#organization\"},\"potentialAction\":[{\"@type\":\"SearchAction\",\"target\":{\"@type\":\"EntryPoint\",\"urlTemplate\":\"https:\/\/hobstop.ee\/lv\/?s={search_term_string}\"},\"query-input\":{\"@type\":\"PropertyValueSpecification\",\"valueRequired\":true,\"valueName\":\"search_term_string\"}}],\"inLanguage\":\"lv-LV\"},{\"@type\":\"Organization\",\"@id\":\"https:\/\/hobstop.ee\/lv\/#organization\",\"name\":\"Vunder AS\",\"url\":\"https:\/\/hobstop.ee\/lv\/\",\"logo\":{\"@type\":\"ImageObject\",\"inLanguage\":\"lv-LV\",\"@id\":\"https:\/\/hobstop.ee\/lv\/#\/schema\/logo\/image\/\",\"url\":\"https:\/\/hobstop.ee\/media\/vunder-logo.png\",\"contentUrl\":\"https:\/\/hobstop.ee\/media\/vunder-logo.png\",\"width\":127,\"height\":55,\"caption\":\"Vunder AS\"},\"image\":{\"@id\":\"https:\/\/hobstop.ee\/lv\/#\/schema\/logo\/image\/\"},\"sameAs\":[\"http:\/\/www.facebook.com\/VunderSkizze\"]}]}<\/script>\n<!-- \/ Yoast SEO plugin. -->","yoast_head_json":{"title":"Graf\u012bta pasta Liberon 250ml &#8211; Skizze","robots":{"index":"noindex","follow":"follow","max-snippet":"max-snippet:-1","max-image-preview":"max-image-preview:large","max-video-preview":"max-video-preview:-1"},"og_locale":"lv_LV","og_type":"article","og_title":"Graf\u012bta pasta Liberon 250ml &#8211; Skizze","og_description":"Graf\u012bta pasta ir piem\u0113rota kaltu un lietu met\u0101la izstr\u0101d\u0101jumu apstr\u0101dei. Var izmantot, piem\u0113ram, ant\u012bku izstr\u0101d\u0101jumu, kam\u012bnu, senlaic\u012bgu kr\u0101\u0161\u0146u, kr\u0101sns l\u016bku, vecu gludek\u013cu un \u0101ra grilu apstr\u0101dei. Graf\u012bta pasta aizsarg\u0101 met\u0101la virsmas pret pelniem, r\u016bsu un net\u012brumiem. Pie\u0161\u0137ir pel\u0113c\u012bgi melnu senatn\u012bgu nokr\u0101su. Iztur augstas temperat\u016bras (l\u012bdz 700\u00b0C). P\u0101rkl\u0101jums: 20m\u00b2\/L \u017d\u016b\u0161anas laiks: 2h Darba r\u012bki: ota Darba r\u012bku t\u012br\u012b\u0161ana: spirts","og_url":"https:\/\/www.hobstop.ee\/lv\/produkts\/grafita-pasta-liberon-250ml\/","og_site_name":"Skizze","article_publisher":"http:\/\/www.facebook.com\/VunderSkizze","og_image":[{"width":1024,"height":768,"url":"https:\/\/www.hobstop.ee\/media\/2483.jpg","type":"image\/jpeg"}],"twitter_card":"summary_large_image","schema":{"@context":"https:\/\/schema.org","@graph":[{"@type":"WebPage","@id":"https:\/\/www.hobstop.ee\/lv\/produkts\/grafita-pasta-liberon-250ml\/","url":"https:\/\/www.hobstop.ee\/lv\/produkts\/grafita-pasta-liberon-250ml\/","name":"Graf\u012bta pasta Liberon 250ml &#8211; Skizze","isPartOf":{"@id":"https:\/\/hobstop.ee\/lv\/#website"},"primaryImageOfPage":{"@id":"https:\/\/www.hobstop.ee\/lv\/produkts\/grafita-pasta-liberon-250ml\/#primaryimage"},"image":{"@id":"https:\/\/www.hobstop.ee\/lv\/produkts\/grafita-pasta-liberon-250ml\/#primaryimage"},"thumbnailUrl":"https:\/\/www.hobstop.ee\/media\/2483.jpg","datePublished":"2014-12-09T10:59:41+00:00","dateModified":"2014-12-09T10:59:41+00:00","breadcrumb":{"@id":"https:\/\/www.hobstop.ee\/lv\/produkts\/grafita-pasta-liberon-250ml\/#breadcrumb"},"inLanguage":"lv-LV","potentialAction":[{"@type":"ReadAction","target":["https:\/\/www.hobstop.ee\/lv\/produkts\/grafita-pasta-liberon-250ml\/"]}]},{"@type":"ImageObject","inLanguage":"lv-LV","@id":"https:\/\/www.hobstop.ee\/lv\/produkts\/grafita-pasta-liberon-250ml\/#primaryimage","url":"https:\/\/www.hobstop.ee\/media\/2483.jpg","contentUrl":"https:\/\/www.hobstop.ee\/media\/2483.jpg","width":1024,"height":768},{"@type":"BreadcrumbList","@id":"https:\/\/www.hobstop.ee\/lv\/produkts\/grafita-pasta-liberon-250ml\/#breadcrumb","itemListElement":[{"@type":"ListItem","position":1,"name":"Avaleht","item":"https:\/\/hobstop.ee\/lv\/"},{"@type":"ListItem","position":2,"name":"Veikals","item":"https:\/\/hobstop.ee\/lv\/veikals\/"},{"@type":"ListItem","position":3,"name":"Graf\u012bta pasta Liberon 250ml"}]},{"@type":"WebSite","@id":"https:\/\/hobstop.ee\/lv\/#website","url":"https:\/\/hobstop.ee\/lv\/","name":"Skizze","description":"M\u0101kslas, hobiju un skolas preces","publisher":{"@id":"https:\/\/hobstop.ee\/lv\/#organization"},"potentialAction":[{"@type":"SearchAction","target":{"@type":"EntryPoint","urlTemplate":"https:\/\/hobstop.ee\/lv\/?s={search_term_string}"},"query-input":{"@type":"PropertyValueSpecification","valueRequired":true,"valueName":"search_term_string"}}],"inLanguage":"lv-LV"},{"@type":"Organization","@id":"https:\/\/hobstop.ee\/lv\/#organization","name":"Vunder AS","url":"https:\/\/hobstop.ee\/lv\/","logo":{"@type":"ImageObject","inLanguage":"lv-LV","@id":"https:\/\/hobstop.ee\/lv\/#\/schema\/logo\/image\/","url":"https:\/\/hobstop.ee\/media\/vunder-logo.png","contentUrl":"https:\/\/hobstop.ee\/media\/vunder-logo.png","width":127,"height":55,"caption":"Vunder AS"},"image":{"@id":"https:\/\/hobstop.ee\/lv\/#\/schema\/logo\/image\/"},"sameAs":["http:\/\/www.facebook.com\/VunderSkizze"]}]}},"_links":{"self":[{"href":"https:\/\/www.hobstop.ee\/lv\/wp-json\/wp\/v2\/product\/61388","targetHints":{"allow":["GET"]}}],"collection":[{"href":"https:\/\/www.hobstop.ee\/lv\/wp-json\/wp\/v2\/product"}],"about":[{"href":"https:\/\/www.hobstop.ee\/lv\/wp-json\/wp\/v2\/types\/product"}],"replies":[{"embeddable":true,"href":"https:\/\/www.hobstop.ee\/lv\/wp-json\/wp\/v2\/comments?post=61388"}],"wp:featuredmedia":[{"embeddable":true,"href":"https:\/\/www.hobstop.ee\/lv\/wp-json\/wp\/v2\/media\/147005"}],"wp:attachment":[{"href":"https:\/\/www.hobstop.ee\/lv\/wp-json\/wp\/v2\/media?parent=61388"}],"wp:term":[{"taxonomy":"product_cat","embeddable":true,"href":"https:\/\/www.hobstop.ee\/lv\/wp-json\/wp\/v2\/product_cat?post=61388"},{"taxonomy":"product_tag","embeddable":true,"href":"https:\/\/www.hobstop.ee\/lv\/wp-json\/wp\/v2\/product_tag?post=61388"}],"curies":[{"name":"wp","href":"https:\/\/api.w.org\/{rel}","templated":true}]}}