{"id":62345,"date":"2014-12-09T13:03:35","date_gmt":"2014-12-09T11:03:35","guid":{"rendered":"https:\/\/sharks.ee\/vunder_2019.klient.veebimajutus.ee\/?post_type=product&p=62345"},"modified":"2014-12-09T13:03:35","modified_gmt":"2014-12-09T10:03:35","slug":"parastais-zimulis-lyra-groove","status":"publish","type":"product","link":"https:\/\/www.hobstop.ee\/lv\/produkts\/parastais-zimulis-lyra-groove\/","title":{"rendered":"Parastais z\u012bmulis Lyra Groove"},"content":{"rendered":"<p>Ergonomiska tr\u012bsst\u016bra forma, diametrs 10mm. Dab\u012bga satveres josla, kas nav apstr\u0101d\u0101ta ar sint\u0113tiskiem materi\u0101liem. Speci\u0101li atbalsti \u012bk\u0161\u0137a, r\u0101d\u012bt\u0101jpirksta un vid\u0113j\u0101 pirksta st\u0101vok\u013ca fiks\u0113\u0161anai, kas nodro\u0161ina pareizu satv\u0113rumu pat p\u0113c asin\u0101\u0161anas. \u012apa\u0161i iztur\u012bgi pret l\u016b\u0161anu, intens\u012bvas kr\u0101sas serde, d=4.25mm. Labajai un kreisajai rokai.  Ar v\u0101rda lauci\u0146u.<\/p>\n","protected":false},"excerpt":{"rendered":"<p>Ergonomiska tr\u012bsst\u016bra forma, diametrs 10mm. Dab\u012bga satveres josla, kas nav apstr\u0101d\u0101ta ar sint\u0113tiskiem materi\u0101liem. Speci\u0101li atbalsti \u012bk\u0161\u0137a, r\u0101d\u012bt\u0101jpirksta un vid\u0113j\u0101 pirksta st\u0101vok\u013ca fiks\u0113\u0161anai, kas nodro\u0161ina pareizu satv\u0113rumu pat p\u0113c asin\u0101\u0161anas. \u012apa\u0161i iztur\u012bgi pret l\u016b\u0161anu, intens\u012bvas kr\u0101sas serde, d=4.25mm. Labajai un kreisajai rokai. Ar v\u0101rda lauci\u0146u.<\/p>\n","protected":false},"featured_media":106282,"comment_status":"closed","ping_status":"closed","template":"","meta":{"_acf_changed":false,"ep_exclude_from_search":false},"product_cat":[18684,17916,18633],"product_tag":[],"class_list":{"0":"post-62345","1":"product","2":"type-product","3":"status-publish","4":"has-post-thumbnail","6":"product_cat-parastie-zimuli","7":"product_cat-preces-skolai","8":"product_cat-zimesanas-piederumi-2","10":"first","11":"outofstock","12":"taxable","13":"shipping-taxable","14":"purchasable","15":"product-type-variable"},"acf":[],"yoast_head":"<!-- This site is optimized with the Yoast SEO plugin v24.1 - https:\/\/yoast.com\/wordpress\/plugins\/seo\/ -->\n<title>Parastais z\u012bmulis Lyra Groove &#8211; Skizze<\/title>\n<meta name=\"robots\" content=\"noindex, follow, max-snippet:-1, max-image-preview:large, max-video-preview:-1\" \/>\n<meta property=\"og:locale\" content=\"lv_LV\" \/>\n<meta property=\"og:type\" content=\"article\" \/>\n<meta property=\"og:title\" content=\"Parastais z\u012bmulis Lyra Groove &#8211; Skizze\" \/>\n<meta property=\"og:description\" content=\"Ergonomiska tr\u012bsst\u016bra forma, diametrs 10mm. Dab\u012bga satveres josla, kas nav apstr\u0101d\u0101ta ar sint\u0113tiskiem materi\u0101liem. Speci\u0101li atbalsti \u012bk\u0161\u0137a, r\u0101d\u012bt\u0101jpirksta un vid\u0113j\u0101 pirksta st\u0101vok\u013ca fiks\u0113\u0161anai, kas nodro\u0161ina pareizu satv\u0113rumu pat p\u0113c asin\u0101\u0161anas. \u012apa\u0161i iztur\u012bgi pret l\u016b\u0161anu, intens\u012bvas kr\u0101sas serde, d=4.25mm. Labajai un kreisajai rokai. Ar v\u0101rda lauci\u0146u.\" \/>\n<meta property=\"og:url\" content=\"https:\/\/www.hobstop.ee\/lv\/produkts\/parastais-zimulis-lyra-groove\/\" \/>\n<meta property=\"og:site_name\" content=\"Skizze\" \/>\n<meta property=\"article:publisher\" content=\"http:\/\/www.facebook.com\/VunderSkizze\" \/>\n<meta property=\"article:modified_time\" content=\"-0001-11-30T00:00:00+00:00\" \/>\n<meta property=\"og:image\" content=\"https:\/\/www.hobstop.ee\/media\/3193.jpg\" \/>\n\t<meta property=\"og:image:width\" content=\"1024\" \/>\n\t<meta property=\"og:image:height\" content=\"768\" \/>\n\t<meta property=\"og:image:type\" content=\"image\/jpeg\" \/>\n<meta name=\"twitter:card\" content=\"summary_large_image\" \/>\n<script type=\"application\/ld+json\" class=\"yoast-schema-graph\">{\"@context\":\"https:\/\/schema.org\",\"@graph\":[{\"@type\":\"WebPage\",\"@id\":\"https:\/\/www.hobstop.ee\/lv\/produkts\/parastais-zimulis-lyra-groove\/\",\"url\":\"https:\/\/www.hobstop.ee\/lv\/produkts\/parastais-zimulis-lyra-groove\/\",\"name\":\"Parastais z\u012bmulis Lyra Groove &#8211; Skizze\",\"isPartOf\":{\"@id\":\"https:\/\/hobstop.ee\/lv\/#website\"},\"primaryImageOfPage\":{\"@id\":\"https:\/\/www.hobstop.ee\/lv\/produkts\/parastais-zimulis-lyra-groove\/#primaryimage\"},\"image\":{\"@id\":\"https:\/\/www.hobstop.ee\/lv\/produkts\/parastais-zimulis-lyra-groove\/#primaryimage\"},\"thumbnailUrl\":\"https:\/\/www.hobstop.ee\/media\/3193.jpg\",\"datePublished\":\"2014-12-09T11:03:35+00:00\",\"dateModified\":\"-0001-11-30T00:00:00+00:00\",\"breadcrumb\":{\"@id\":\"https:\/\/www.hobstop.ee\/lv\/produkts\/parastais-zimulis-lyra-groove\/#breadcrumb\"},\"inLanguage\":\"lv-LV\",\"potentialAction\":[{\"@type\":\"ReadAction\",\"target\":[\"https:\/\/www.hobstop.ee\/lv\/produkts\/parastais-zimulis-lyra-groove\/\"]}]},{\"@type\":\"ImageObject\",\"inLanguage\":\"lv-LV\",\"@id\":\"https:\/\/www.hobstop.ee\/lv\/produkts\/parastais-zimulis-lyra-groove\/#primaryimage\",\"url\":\"https:\/\/www.hobstop.ee\/media\/3193.jpg\",\"contentUrl\":\"https:\/\/www.hobstop.ee\/media\/3193.jpg\",\"width\":1024,\"height\":768},{\"@type\":\"BreadcrumbList\",\"@id\":\"https:\/\/www.hobstop.ee\/lv\/produkts\/parastais-zimulis-lyra-groove\/#breadcrumb\",\"itemListElement\":[{\"@type\":\"ListItem\",\"position\":1,\"name\":\"Avaleht\",\"item\":\"https:\/\/www.hobstop.ee\/lv\/\"},{\"@type\":\"ListItem\",\"position\":2,\"name\":\"Veikals\",\"item\":\"https:\/\/www.hobstop.ee\/lv\/veikals\/\"},{\"@type\":\"ListItem\",\"position\":3,\"name\":\"Parastais z\u012bmulis Lyra Groove\"}]},{\"@type\":\"WebSite\",\"@id\":\"https:\/\/hobstop.ee\/lv\/#website\",\"url\":\"https:\/\/hobstop.ee\/lv\/\",\"name\":\"Skizze\",\"description\":\"M\u0101kslas, hobiju un skolas preces\",\"publisher\":{\"@id\":\"https:\/\/hobstop.ee\/lv\/#organization\"},\"potentialAction\":[{\"@type\":\"SearchAction\",\"target\":{\"@type\":\"EntryPoint\",\"urlTemplate\":\"https:\/\/hobstop.ee\/lv\/?s={search_term_string}\"},\"query-input\":{\"@type\":\"PropertyValueSpecification\",\"valueRequired\":true,\"valueName\":\"search_term_string\"}}],\"inLanguage\":\"lv-LV\"},{\"@type\":\"Organization\",\"@id\":\"https:\/\/hobstop.ee\/lv\/#organization\",\"name\":\"Vunder AS\",\"url\":\"https:\/\/hobstop.ee\/lv\/\",\"logo\":{\"@type\":\"ImageObject\",\"inLanguage\":\"lv-LV\",\"@id\":\"https:\/\/hobstop.ee\/lv\/#\/schema\/logo\/image\/\",\"url\":\"https:\/\/hobstop.ee\/media\/vunder-logo.png\",\"contentUrl\":\"https:\/\/hobstop.ee\/media\/vunder-logo.png\",\"width\":127,\"height\":55,\"caption\":\"Vunder AS\"},\"image\":{\"@id\":\"https:\/\/hobstop.ee\/lv\/#\/schema\/logo\/image\/\"},\"sameAs\":[\"http:\/\/www.facebook.com\/VunderSkizze\"]}]}<\/script>\n<!-- \/ Yoast SEO plugin. -->","yoast_head_json":{"title":"Parastais z\u012bmulis Lyra Groove &#8211; Skizze","robots":{"index":"noindex","follow":"follow","max-snippet":"max-snippet:-1","max-image-preview":"max-image-preview:large","max-video-preview":"max-video-preview:-1"},"og_locale":"lv_LV","og_type":"article","og_title":"Parastais z\u012bmulis Lyra Groove &#8211; Skizze","og_description":"Ergonomiska tr\u012bsst\u016bra forma, diametrs 10mm. Dab\u012bga satveres josla, kas nav apstr\u0101d\u0101ta ar sint\u0113tiskiem materi\u0101liem. Speci\u0101li atbalsti \u012bk\u0161\u0137a, r\u0101d\u012bt\u0101jpirksta un vid\u0113j\u0101 pirksta st\u0101vok\u013ca fiks\u0113\u0161anai, kas nodro\u0161ina pareizu satv\u0113rumu pat p\u0113c asin\u0101\u0161anas. \u012apa\u0161i iztur\u012bgi pret l\u016b\u0161anu, intens\u012bvas kr\u0101sas serde, d=4.25mm. Labajai un kreisajai rokai. Ar v\u0101rda lauci\u0146u.","og_url":"https:\/\/www.hobstop.ee\/lv\/produkts\/parastais-zimulis-lyra-groove\/","og_site_name":"Skizze","article_publisher":"http:\/\/www.facebook.com\/VunderSkizze","article_modified_time":"-0001-11-30T00:00:00+00:00","og_image":[{"width":1024,"height":768,"url":"https:\/\/www.hobstop.ee\/media\/3193.jpg","type":"image\/jpeg"}],"twitter_card":"summary_large_image","schema":{"@context":"https:\/\/schema.org","@graph":[{"@type":"WebPage","@id":"https:\/\/www.hobstop.ee\/lv\/produkts\/parastais-zimulis-lyra-groove\/","url":"https:\/\/www.hobstop.ee\/lv\/produkts\/parastais-zimulis-lyra-groove\/","name":"Parastais z\u012bmulis Lyra Groove &#8211; Skizze","isPartOf":{"@id":"https:\/\/hobstop.ee\/lv\/#website"},"primaryImageOfPage":{"@id":"https:\/\/www.hobstop.ee\/lv\/produkts\/parastais-zimulis-lyra-groove\/#primaryimage"},"image":{"@id":"https:\/\/www.hobstop.ee\/lv\/produkts\/parastais-zimulis-lyra-groove\/#primaryimage"},"thumbnailUrl":"https:\/\/www.hobstop.ee\/media\/3193.jpg","datePublished":"2014-12-09T11:03:35+00:00","dateModified":"-0001-11-30T00:00:00+00:00","breadcrumb":{"@id":"https:\/\/www.hobstop.ee\/lv\/produkts\/parastais-zimulis-lyra-groove\/#breadcrumb"},"inLanguage":"lv-LV","potentialAction":[{"@type":"ReadAction","target":["https:\/\/www.hobstop.ee\/lv\/produkts\/parastais-zimulis-lyra-groove\/"]}]},{"@type":"ImageObject","inLanguage":"lv-LV","@id":"https:\/\/www.hobstop.ee\/lv\/produkts\/parastais-zimulis-lyra-groove\/#primaryimage","url":"https:\/\/www.hobstop.ee\/media\/3193.jpg","contentUrl":"https:\/\/www.hobstop.ee\/media\/3193.jpg","width":1024,"height":768},{"@type":"BreadcrumbList","@id":"https:\/\/www.hobstop.ee\/lv\/produkts\/parastais-zimulis-lyra-groove\/#breadcrumb","itemListElement":[{"@type":"ListItem","position":1,"name":"Avaleht","item":"https:\/\/www.hobstop.ee\/lv\/"},{"@type":"ListItem","position":2,"name":"Veikals","item":"https:\/\/www.hobstop.ee\/lv\/veikals\/"},{"@type":"ListItem","position":3,"name":"Parastais z\u012bmulis Lyra Groove"}]},{"@type":"WebSite","@id":"https:\/\/hobstop.ee\/lv\/#website","url":"https:\/\/hobstop.ee\/lv\/","name":"Skizze","description":"M\u0101kslas, hobiju un skolas preces","publisher":{"@id":"https:\/\/hobstop.ee\/lv\/#organization"},"potentialAction":[{"@type":"SearchAction","target":{"@type":"EntryPoint","urlTemplate":"https:\/\/hobstop.ee\/lv\/?s={search_term_string}"},"query-input":{"@type":"PropertyValueSpecification","valueRequired":true,"valueName":"search_term_string"}}],"inLanguage":"lv-LV"},{"@type":"Organization","@id":"https:\/\/hobstop.ee\/lv\/#organization","name":"Vunder AS","url":"https:\/\/hobstop.ee\/lv\/","logo":{"@type":"ImageObject","inLanguage":"lv-LV","@id":"https:\/\/hobstop.ee\/lv\/#\/schema\/logo\/image\/","url":"https:\/\/hobstop.ee\/media\/vunder-logo.png","contentUrl":"https:\/\/hobstop.ee\/media\/vunder-logo.png","width":127,"height":55,"caption":"Vunder AS"},"image":{"@id":"https:\/\/hobstop.ee\/lv\/#\/schema\/logo\/image\/"},"sameAs":["http:\/\/www.facebook.com\/VunderSkizze"]}]}},"_links":{"self":[{"href":"https:\/\/www.hobstop.ee\/lv\/wp-json\/wp\/v2\/product\/62345","targetHints":{"allow":["GET"]}}],"collection":[{"href":"https:\/\/www.hobstop.ee\/lv\/wp-json\/wp\/v2\/product"}],"about":[{"href":"https:\/\/www.hobstop.ee\/lv\/wp-json\/wp\/v2\/types\/product"}],"replies":[{"embeddable":true,"href":"https:\/\/www.hobstop.ee\/lv\/wp-json\/wp\/v2\/comments?post=62345"}],"wp:featuredmedia":[{"embeddable":true,"href":"https:\/\/www.hobstop.ee\/lv\/wp-json\/wp\/v2\/media\/106282"}],"wp:attachment":[{"href":"https:\/\/www.hobstop.ee\/lv\/wp-json\/wp\/v2\/media?parent=62345"}],"wp:term":[{"taxonomy":"product_cat","embeddable":true,"href":"https:\/\/www.hobstop.ee\/lv\/wp-json\/wp\/v2\/product_cat?post=62345"},{"taxonomy":"product_tag","embeddable":true,"href":"https:\/\/www.hobstop.ee\/lv\/wp-json\/wp\/v2\/product_tag?post=62345"}],"curies":[{"name":"wp","href":"https:\/\/api.w.org\/{rel}","templated":true}]}}