{"id":62885,"date":"2014-12-09T13:36:46","date_gmt":"2014-12-09T11:36:46","guid":{"rendered":"https:\/\/sharks.ee\/vunder_2019.klient.veebimajutus.ee\/?post_type=product&p=62885"},"modified":"2014-12-09T13:36:46","modified_gmt":"2014-12-09T10:36:46","slug":"dekorativa-krasa-marabu-colour-your-dreams-metallic-225ml","status":"publish","type":"product","link":"https:\/\/www.hobstop.ee\/lv\/produkts\/dekorativa-krasa-marabu-colour-your-dreams-metallic-225ml\/","title":{"rendered":"Dekorat\u012bv\u0101 kr\u0101sa Marabu Colour your Dreams Metallic 225ml"},"content":{"rendered":"<p>Marabu Metallic kr\u0101sa \u0101tri un vienk\u0101r\u0161i pie\u0161\u0137irs sien\u0101m sp\u012bduma akcentus.  Mat\u0113t\u0101, uz \u016bdens b\u0101zes izgatavot\u0101 akrila kr\u0101sa ar met\u0101lisku pigmentu ir izstr\u0101d\u0101ta speci\u0101li darbam ar \u0161abloniem un spiedogiem, ta\u010du t\u0101 ir ide\u0101li piem\u0113rota ar\u012b akcentu rad\u012b\u0161anai uz lieliem sienas laukumiem.  Pateicoties kr\u0101sas kr\u0113mveida tekst\u016brai, t\u0101s uzkl\u0101\u0161ana ir \u013coti vienk\u0101r\u0161a.  Marabu Metallic kr\u0101sa nenotek, t\u0101 ir \u016bdensdro\u0161a un notur\u012bga pret izbalo\u0161anu.  Kr\u0101su var izmantot gan sienu apstr\u0101dei, gan koka, MDF, met\u0101la, pap\u012bra un pat audekla r\u0101mju p\u0101rkl\u0101\u0161anai.<br \/>\nP\u0101rkl\u0101jums: 1.1m\u00b2\/100ml<\/p>\n","protected":false},"excerpt":{"rendered":"<p>Marabu Metallic kr\u0101sa \u0101tri un vienk\u0101r\u0161i pie\u0161\u0137irs sien\u0101m sp\u012bduma akcentus. Mat\u0113t\u0101, uz \u016bdens b\u0101zes izgatavot\u0101 akrila kr\u0101sa ar met\u0101lisku pigmentu ir izstr\u0101d\u0101ta speci\u0101li darbam ar \u0161abloniem un spiedogiem, ta\u010du t\u0101 ir ide\u0101li piem\u0113rota ar\u012b akcentu rad\u012b\u0161anai uz lieliem sienas laukumiem. Pateicoties kr\u0101sas kr\u0113mveida tekst\u016brai, t\u0101s uzkl\u0101\u0161ana ir \u013coti vienk\u0101r\u0161a. Marabu Metallic kr\u0101sa nenotek, t\u0101 ir \u016bdensdro\u0161a un notur\u012bga pret izbalo\u0161anu. Kr\u0101su var izmantot gan sienu apstr\u0101dei, gan koka, MDF, met\u0101la, pap\u012bra un pat audekla r\u0101mju p\u0101rkl\u0101\u0161anai. P\u0101rkl\u0101jums: 1.1m\u00b2\/100ml<\/p>\n","protected":false},"featured_media":0,"comment_status":"closed","ping_status":"closed","template":"","meta":{"_acf_changed":false,"ep_exclude_from_search":false},"product_cat":[17954,18201,17918],"product_tag":[],"class_list":{"0":"post-62885","1":"product","2":"type-product","3":"status-publish","5":"product_cat-decor-krasas","6":"product_cat-decor-krasas-2","7":"product_cat-preces-hobijiem","9":"first","10":"instock","11":"sale","12":"taxable","13":"shipping-taxable","14":"purchasable","15":"product-type-variable"},"acf":[],"yoast_head":"<!-- This site is optimized with the Yoast SEO plugin v24.1 - https:\/\/yoast.com\/wordpress\/plugins\/seo\/ -->\n<title>Dekorat\u012bv\u0101 kr\u0101sa Marabu Colour your Dreams Metallic 225ml &#8211; Skizze<\/title>\n<meta name=\"robots\" content=\"noindex, follow, max-snippet:-1, max-image-preview:large, max-video-preview:-1\" \/>\n<meta property=\"og:locale\" content=\"lv_LV\" \/>\n<meta property=\"og:type\" content=\"article\" \/>\n<meta property=\"og:title\" content=\"Dekorat\u012bv\u0101 kr\u0101sa Marabu Colour your Dreams Metallic 225ml &#8211; Skizze\" \/>\n<meta property=\"og:description\" content=\"Marabu Metallic kr\u0101sa \u0101tri un vienk\u0101r\u0161i pie\u0161\u0137irs sien\u0101m sp\u012bduma akcentus. Mat\u0113t\u0101, uz \u016bdens b\u0101zes izgatavot\u0101 akrila kr\u0101sa ar met\u0101lisku pigmentu ir izstr\u0101d\u0101ta speci\u0101li darbam ar \u0161abloniem un spiedogiem, ta\u010du t\u0101 ir ide\u0101li piem\u0113rota ar\u012b akcentu rad\u012b\u0161anai uz lieliem sienas laukumiem. Pateicoties kr\u0101sas kr\u0113mveida tekst\u016brai, t\u0101s uzkl\u0101\u0161ana ir \u013coti vienk\u0101r\u0161a. Marabu Metallic kr\u0101sa nenotek, t\u0101 ir \u016bdensdro\u0161a un notur\u012bga pret izbalo\u0161anu. Kr\u0101su var izmantot gan sienu apstr\u0101dei, gan koka, MDF, met\u0101la, pap\u012bra un pat audekla r\u0101mju p\u0101rkl\u0101\u0161anai. P\u0101rkl\u0101jums: 1.1m\u00b2\/100ml\" \/>\n<meta property=\"og:url\" content=\"https:\/\/www.hobstop.ee\/lv\/produkts\/dekorativa-krasa-marabu-colour-your-dreams-metallic-225ml\/\" \/>\n<meta property=\"og:site_name\" content=\"Skizze\" \/>\n<meta property=\"article:publisher\" content=\"http:\/\/www.facebook.com\/VunderSkizze\" \/>\n<meta property=\"article:modified_time\" content=\"-0001-11-30T00:00:00+00:00\" \/>\n<meta name=\"twitter:card\" content=\"summary_large_image\" \/>\n<meta name=\"twitter:label1\" content=\"Est. reading time\" \/>\n\t<meta name=\"twitter:data1\" content=\"1 min\u016b\u0161u\" \/>\n<script type=\"application\/ld+json\" class=\"yoast-schema-graph\">{\"@context\":\"https:\/\/schema.org\",\"@graph\":[{\"@type\":\"WebPage\",\"@id\":\"https:\/\/www.hobstop.ee\/lv\/produkts\/dekorativa-krasa-marabu-colour-your-dreams-metallic-225ml\/\",\"url\":\"https:\/\/www.hobstop.ee\/lv\/produkts\/dekorativa-krasa-marabu-colour-your-dreams-metallic-225ml\/\",\"name\":\"Dekorat\u012bv\u0101 kr\u0101sa Marabu Colour your Dreams Metallic 225ml &#8211; Skizze\",\"isPartOf\":{\"@id\":\"https:\/\/hobstop.ee\/lv\/#website\"},\"datePublished\":\"2014-12-09T11:36:46+00:00\",\"dateModified\":\"-0001-11-30T00:00:00+00:00\",\"breadcrumb\":{\"@id\":\"https:\/\/www.hobstop.ee\/lv\/produkts\/dekorativa-krasa-marabu-colour-your-dreams-metallic-225ml\/#breadcrumb\"},\"inLanguage\":\"lv-LV\",\"potentialAction\":[{\"@type\":\"ReadAction\",\"target\":[\"https:\/\/www.hobstop.ee\/lv\/produkts\/dekorativa-krasa-marabu-colour-your-dreams-metallic-225ml\/\"]}]},{\"@type\":\"BreadcrumbList\",\"@id\":\"https:\/\/www.hobstop.ee\/lv\/produkts\/dekorativa-krasa-marabu-colour-your-dreams-metallic-225ml\/#breadcrumb\",\"itemListElement\":[{\"@type\":\"ListItem\",\"position\":1,\"name\":\"Avaleht\",\"item\":\"https:\/\/hobstop.ee\/lv\/\"},{\"@type\":\"ListItem\",\"position\":2,\"name\":\"Veikals\",\"item\":\"https:\/\/hobstop.ee\/lv\/veikals\/\"},{\"@type\":\"ListItem\",\"position\":3,\"name\":\"Dekorat\u012bv\u0101 kr\u0101sa Marabu Colour your Dreams Metallic 225ml\"}]},{\"@type\":\"WebSite\",\"@id\":\"https:\/\/hobstop.ee\/lv\/#website\",\"url\":\"https:\/\/hobstop.ee\/lv\/\",\"name\":\"Skizze\",\"description\":\"M\u0101kslas, hobiju un skolas preces\",\"publisher\":{\"@id\":\"https:\/\/hobstop.ee\/lv\/#organization\"},\"potentialAction\":[{\"@type\":\"SearchAction\",\"target\":{\"@type\":\"EntryPoint\",\"urlTemplate\":\"https:\/\/hobstop.ee\/lv\/?s={search_term_string}\"},\"query-input\":{\"@type\":\"PropertyValueSpecification\",\"valueRequired\":true,\"valueName\":\"search_term_string\"}}],\"inLanguage\":\"lv-LV\"},{\"@type\":\"Organization\",\"@id\":\"https:\/\/hobstop.ee\/lv\/#organization\",\"name\":\"Vunder AS\",\"url\":\"https:\/\/hobstop.ee\/lv\/\",\"logo\":{\"@type\":\"ImageObject\",\"inLanguage\":\"lv-LV\",\"@id\":\"https:\/\/hobstop.ee\/lv\/#\/schema\/logo\/image\/\",\"url\":\"https:\/\/hobstop.ee\/media\/vunder-logo.png\",\"contentUrl\":\"https:\/\/hobstop.ee\/media\/vunder-logo.png\",\"width\":127,\"height\":55,\"caption\":\"Vunder AS\"},\"image\":{\"@id\":\"https:\/\/hobstop.ee\/lv\/#\/schema\/logo\/image\/\"},\"sameAs\":[\"http:\/\/www.facebook.com\/VunderSkizze\"]}]}<\/script>\n<!-- \/ Yoast SEO plugin. -->","yoast_head_json":{"title":"Dekorat\u012bv\u0101 kr\u0101sa Marabu Colour your Dreams Metallic 225ml &#8211; Skizze","robots":{"index":"noindex","follow":"follow","max-snippet":"max-snippet:-1","max-image-preview":"max-image-preview:large","max-video-preview":"max-video-preview:-1"},"og_locale":"lv_LV","og_type":"article","og_title":"Dekorat\u012bv\u0101 kr\u0101sa Marabu Colour your Dreams Metallic 225ml &#8211; Skizze","og_description":"Marabu Metallic kr\u0101sa \u0101tri un vienk\u0101r\u0161i pie\u0161\u0137irs sien\u0101m sp\u012bduma akcentus. Mat\u0113t\u0101, uz \u016bdens b\u0101zes izgatavot\u0101 akrila kr\u0101sa ar met\u0101lisku pigmentu ir izstr\u0101d\u0101ta speci\u0101li darbam ar \u0161abloniem un spiedogiem, ta\u010du t\u0101 ir ide\u0101li piem\u0113rota ar\u012b akcentu rad\u012b\u0161anai uz lieliem sienas laukumiem. Pateicoties kr\u0101sas kr\u0113mveida tekst\u016brai, t\u0101s uzkl\u0101\u0161ana ir \u013coti vienk\u0101r\u0161a. Marabu Metallic kr\u0101sa nenotek, t\u0101 ir \u016bdensdro\u0161a un notur\u012bga pret izbalo\u0161anu. Kr\u0101su var izmantot gan sienu apstr\u0101dei, gan koka, MDF, met\u0101la, pap\u012bra un pat audekla r\u0101mju p\u0101rkl\u0101\u0161anai. P\u0101rkl\u0101jums: 1.1m\u00b2\/100ml","og_url":"https:\/\/www.hobstop.ee\/lv\/produkts\/dekorativa-krasa-marabu-colour-your-dreams-metallic-225ml\/","og_site_name":"Skizze","article_publisher":"http:\/\/www.facebook.com\/VunderSkizze","article_modified_time":"-0001-11-30T00:00:00+00:00","twitter_card":"summary_large_image","twitter_misc":{"Est. reading time":"1 min\u016b\u0161u"},"schema":{"@context":"https:\/\/schema.org","@graph":[{"@type":"WebPage","@id":"https:\/\/www.hobstop.ee\/lv\/produkts\/dekorativa-krasa-marabu-colour-your-dreams-metallic-225ml\/","url":"https:\/\/www.hobstop.ee\/lv\/produkts\/dekorativa-krasa-marabu-colour-your-dreams-metallic-225ml\/","name":"Dekorat\u012bv\u0101 kr\u0101sa Marabu Colour your Dreams Metallic 225ml &#8211; Skizze","isPartOf":{"@id":"https:\/\/hobstop.ee\/lv\/#website"},"datePublished":"2014-12-09T11:36:46+00:00","dateModified":"-0001-11-30T00:00:00+00:00","breadcrumb":{"@id":"https:\/\/www.hobstop.ee\/lv\/produkts\/dekorativa-krasa-marabu-colour-your-dreams-metallic-225ml\/#breadcrumb"},"inLanguage":"lv-LV","potentialAction":[{"@type":"ReadAction","target":["https:\/\/www.hobstop.ee\/lv\/produkts\/dekorativa-krasa-marabu-colour-your-dreams-metallic-225ml\/"]}]},{"@type":"BreadcrumbList","@id":"https:\/\/www.hobstop.ee\/lv\/produkts\/dekorativa-krasa-marabu-colour-your-dreams-metallic-225ml\/#breadcrumb","itemListElement":[{"@type":"ListItem","position":1,"name":"Avaleht","item":"https:\/\/hobstop.ee\/lv\/"},{"@type":"ListItem","position":2,"name":"Veikals","item":"https:\/\/hobstop.ee\/lv\/veikals\/"},{"@type":"ListItem","position":3,"name":"Dekorat\u012bv\u0101 kr\u0101sa Marabu Colour your Dreams Metallic 225ml"}]},{"@type":"WebSite","@id":"https:\/\/hobstop.ee\/lv\/#website","url":"https:\/\/hobstop.ee\/lv\/","name":"Skizze","description":"M\u0101kslas, hobiju un skolas preces","publisher":{"@id":"https:\/\/hobstop.ee\/lv\/#organization"},"potentialAction":[{"@type":"SearchAction","target":{"@type":"EntryPoint","urlTemplate":"https:\/\/hobstop.ee\/lv\/?s={search_term_string}"},"query-input":{"@type":"PropertyValueSpecification","valueRequired":true,"valueName":"search_term_string"}}],"inLanguage":"lv-LV"},{"@type":"Organization","@id":"https:\/\/hobstop.ee\/lv\/#organization","name":"Vunder AS","url":"https:\/\/hobstop.ee\/lv\/","logo":{"@type":"ImageObject","inLanguage":"lv-LV","@id":"https:\/\/hobstop.ee\/lv\/#\/schema\/logo\/image\/","url":"https:\/\/hobstop.ee\/media\/vunder-logo.png","contentUrl":"https:\/\/hobstop.ee\/media\/vunder-logo.png","width":127,"height":55,"caption":"Vunder AS"},"image":{"@id":"https:\/\/hobstop.ee\/lv\/#\/schema\/logo\/image\/"},"sameAs":["http:\/\/www.facebook.com\/VunderSkizze"]}]}},"_links":{"self":[{"href":"https:\/\/www.hobstop.ee\/lv\/wp-json\/wp\/v2\/product\/62885","targetHints":{"allow":["GET"]}}],"collection":[{"href":"https:\/\/www.hobstop.ee\/lv\/wp-json\/wp\/v2\/product"}],"about":[{"href":"https:\/\/www.hobstop.ee\/lv\/wp-json\/wp\/v2\/types\/product"}],"replies":[{"embeddable":true,"href":"https:\/\/www.hobstop.ee\/lv\/wp-json\/wp\/v2\/comments?post=62885"}],"wp:attachment":[{"href":"https:\/\/www.hobstop.ee\/lv\/wp-json\/wp\/v2\/media?parent=62885"}],"wp:term":[{"taxonomy":"product_cat","embeddable":true,"href":"https:\/\/www.hobstop.ee\/lv\/wp-json\/wp\/v2\/product_cat?post=62885"},{"taxonomy":"product_tag","embeddable":true,"href":"https:\/\/www.hobstop.ee\/lv\/wp-json\/wp\/v2\/product_tag?post=62885"}],"curies":[{"name":"wp","href":"https:\/\/api.w.org\/{rel}","templated":true}]}}