{"id":63362,"date":"2014-12-09T13:40:01","date_gmt":"2014-12-09T11:40:01","guid":{"rendered":"https:\/\/sharks.ee\/vunder_2019.klient.veebimajutus.ee\/?post_type=product&p=63362"},"modified":"2014-12-09T13:40:01","modified_gmt":"2014-12-09T10:40:01","slug":"kristala-akmentins-swarovski-kvadrats-4524-23x11mm","status":"publish","type":"product","link":"https:\/\/www.hobstop.ee\/lv\/produkts\/kristala-akmentins-swarovski-kvadrats-4524-23x11mm\/","title":{"rendered":"Krist\u0101la akmenti\u0146\u0161 Swarovski kvadr\u0101ts 4524 23x11mm"},"content":{"rendered":"<p>Ar SWAROVSKI ELEMENTS materi\u0101liem tavai rado\u0161ajai m\u016bzai nav robe\u017eu! Vai t\u0101s b\u016btu rotaslietas, vai m\u0101jok\u013ca interjera elementi, Swarovski krist\u0101la akmenti\u0146i nodro\u0161in\u0101s lieliskus rezult\u0101tus. Swarovski krist\u0101la akmenti\u0146i ir iecien\u012bti dizaina elementi, to smail\u0101 mugurpuse atvieglo nostiprin\u0101\u0161anu v\u0113lamaj\u0101 materi\u0101l\u0101 vai ar\u012b tos var uzreiz piel\u012bm\u0113t jau gatav\u0101s iedob\u0113s. Z\u012bmols CREATE YOUR STYLE with SWAROVSKI ELEMENTS garant\u0113 augst\u0101ko Austrijas krist\u0101lu kvalit\u0101ti!<\/p>\n","protected":false},"excerpt":{"rendered":"<p>Ar SWAROVSKI ELEMENTS materi\u0101liem tavai rado\u0161ajai m\u016bzai nav robe\u017eu! Vai t\u0101s b\u016btu rotaslietas, vai m\u0101jok\u013ca interjera elementi, Swarovski krist\u0101la akmenti\u0146i nodro\u0161in\u0101s lieliskus rezult\u0101tus. Swarovski krist\u0101la akmenti\u0146i ir iecien\u012bti dizaina elementi, to smail\u0101 mugurpuse atvieglo nostiprin\u0101\u0161anu v\u0113lamaj\u0101 materi\u0101l\u0101 vai ar\u012b tos var uzreiz piel\u012bm\u0113t jau gatav\u0101s iedob\u0113s. Z\u012bmols CREATE YOUR STYLE with SWAROVSKI ELEMENTS garant\u0113 augst\u0101ko Austrijas krist\u0101lu kvalit\u0101ti!<\/p>\n","protected":false},"featured_media":112703,"comment_status":"closed","ping_status":"closed","template":"","meta":{"_acf_changed":false,"ep_exclude_from_search":false},"product_cat":[19661,17918,19659],"product_tag":[],"class_list":{"0":"post-63362","1":"product","2":"type-product","3":"status-publish","4":"has-post-thumbnail","6":"product_cat-kristali","7":"product_cat-preces-hobijiem","8":"product_cat-rotu-izgatavosana","10":"first","11":"instock","12":"taxable","13":"shipping-taxable","14":"purchasable","15":"product-type-variable"},"acf":[],"yoast_head":"<!-- This site is optimized with the Yoast SEO plugin v24.1 - https:\/\/yoast.com\/wordpress\/plugins\/seo\/ -->\n<title>Krist\u0101la akmenti\u0146\u0161 Swarovski kvadr\u0101ts 4524 23x11mm &#8211; Skizze<\/title>\n<meta name=\"robots\" content=\"noindex, follow, max-snippet:-1, max-image-preview:large, max-video-preview:-1\" \/>\n<meta property=\"og:locale\" content=\"lv_LV\" \/>\n<meta property=\"og:type\" content=\"article\" \/>\n<meta property=\"og:title\" content=\"Krist\u0101la akmenti\u0146\u0161 Swarovski kvadr\u0101ts 4524 23x11mm &#8211; Skizze\" \/>\n<meta property=\"og:description\" content=\"Ar SWAROVSKI ELEMENTS materi\u0101liem tavai rado\u0161ajai m\u016bzai nav robe\u017eu! Vai t\u0101s b\u016btu rotaslietas, vai m\u0101jok\u013ca interjera elementi, Swarovski krist\u0101la akmenti\u0146i nodro\u0161in\u0101s lieliskus rezult\u0101tus. Swarovski krist\u0101la akmenti\u0146i ir iecien\u012bti dizaina elementi, to smail\u0101 mugurpuse atvieglo nostiprin\u0101\u0161anu v\u0113lamaj\u0101 materi\u0101l\u0101 vai ar\u012b tos var uzreiz piel\u012bm\u0113t jau gatav\u0101s iedob\u0113s. Z\u012bmols CREATE YOUR STYLE with SWAROVSKI ELEMENTS garant\u0113 augst\u0101ko Austrijas krist\u0101lu kvalit\u0101ti!\" \/>\n<meta property=\"og:url\" content=\"https:\/\/www.hobstop.ee\/lv\/produkts\/kristala-akmentins-swarovski-kvadrats-4524-23x11mm\/\" \/>\n<meta property=\"og:site_name\" content=\"Skizze\" \/>\n<meta property=\"article:publisher\" content=\"http:\/\/www.facebook.com\/VunderSkizze\" \/>\n<meta property=\"article:modified_time\" content=\"-0001-11-30T00:00:00+00:00\" \/>\n<meta property=\"og:image\" content=\"https:\/\/www.hobstop.ee\/media\/3820.jpg\" \/>\n\t<meta property=\"og:image:width\" content=\"1024\" \/>\n\t<meta property=\"og:image:height\" content=\"768\" \/>\n\t<meta property=\"og:image:type\" content=\"image\/jpeg\" \/>\n<meta name=\"twitter:card\" content=\"summary_large_image\" \/>\n<script type=\"application\/ld+json\" class=\"yoast-schema-graph\">{\"@context\":\"https:\/\/schema.org\",\"@graph\":[{\"@type\":\"WebPage\",\"@id\":\"https:\/\/www.hobstop.ee\/lv\/produkts\/kristala-akmentins-swarovski-kvadrats-4524-23x11mm\/\",\"url\":\"https:\/\/www.hobstop.ee\/lv\/produkts\/kristala-akmentins-swarovski-kvadrats-4524-23x11mm\/\",\"name\":\"Krist\u0101la akmenti\u0146\u0161 Swarovski kvadr\u0101ts 4524 23x11mm &#8211; Skizze\",\"isPartOf\":{\"@id\":\"https:\/\/www.hobstop.ee\/lv\/#website\"},\"primaryImageOfPage\":{\"@id\":\"https:\/\/www.hobstop.ee\/lv\/produkts\/kristala-akmentins-swarovski-kvadrats-4524-23x11mm\/#primaryimage\"},\"image\":{\"@id\":\"https:\/\/www.hobstop.ee\/lv\/produkts\/kristala-akmentins-swarovski-kvadrats-4524-23x11mm\/#primaryimage\"},\"thumbnailUrl\":\"https:\/\/www.hobstop.ee\/media\/3820.jpg\",\"datePublished\":\"2014-12-09T11:40:01+00:00\",\"dateModified\":\"-0001-11-30T00:00:00+00:00\",\"breadcrumb\":{\"@id\":\"https:\/\/www.hobstop.ee\/lv\/produkts\/kristala-akmentins-swarovski-kvadrats-4524-23x11mm\/#breadcrumb\"},\"inLanguage\":\"lv-LV\",\"potentialAction\":[{\"@type\":\"ReadAction\",\"target\":[\"https:\/\/www.hobstop.ee\/lv\/produkts\/kristala-akmentins-swarovski-kvadrats-4524-23x11mm\/\"]}]},{\"@type\":\"ImageObject\",\"inLanguage\":\"lv-LV\",\"@id\":\"https:\/\/www.hobstop.ee\/lv\/produkts\/kristala-akmentins-swarovski-kvadrats-4524-23x11mm\/#primaryimage\",\"url\":\"https:\/\/www.hobstop.ee\/media\/3820.jpg\",\"contentUrl\":\"https:\/\/www.hobstop.ee\/media\/3820.jpg\",\"width\":1024,\"height\":768},{\"@type\":\"BreadcrumbList\",\"@id\":\"https:\/\/www.hobstop.ee\/lv\/produkts\/kristala-akmentins-swarovski-kvadrats-4524-23x11mm\/#breadcrumb\",\"itemListElement\":[{\"@type\":\"ListItem\",\"position\":1,\"name\":\"Avaleht\",\"item\":\"https:\/\/www.hobstop.ee\/lv\/\"},{\"@type\":\"ListItem\",\"position\":2,\"name\":\"Veikals\",\"item\":\"https:\/\/www.hobstop.ee\/lv\/veikals\/\"},{\"@type\":\"ListItem\",\"position\":3,\"name\":\"Krist\u0101la akmenti\u0146\u0161 Swarovski kvadr\u0101ts 4524 23x11mm\"}]},{\"@type\":\"WebSite\",\"@id\":\"https:\/\/www.hobstop.ee\/lv\/#website\",\"url\":\"https:\/\/www.hobstop.ee\/lv\/\",\"name\":\"Skizze\",\"description\":\"M\u0101kslas, hobiju un skolas preces\",\"publisher\":{\"@id\":\"https:\/\/www.hobstop.ee\/lv\/#organization\"},\"potentialAction\":[{\"@type\":\"SearchAction\",\"target\":{\"@type\":\"EntryPoint\",\"urlTemplate\":\"https:\/\/www.hobstop.ee\/lv\/?s={search_term_string}\"},\"query-input\":{\"@type\":\"PropertyValueSpecification\",\"valueRequired\":true,\"valueName\":\"search_term_string\"}}],\"inLanguage\":\"lv-LV\"},{\"@type\":\"Organization\",\"@id\":\"https:\/\/www.hobstop.ee\/lv\/#organization\",\"name\":\"Vunder AS\",\"url\":\"https:\/\/www.hobstop.ee\/lv\/\",\"logo\":{\"@type\":\"ImageObject\",\"inLanguage\":\"lv-LV\",\"@id\":\"https:\/\/www.hobstop.ee\/lv\/#\/schema\/logo\/image\/\",\"url\":\"https:\/\/hobstop.ee\/media\/vunder-logo.png\",\"contentUrl\":\"https:\/\/hobstop.ee\/media\/vunder-logo.png\",\"width\":127,\"height\":55,\"caption\":\"Vunder AS\"},\"image\":{\"@id\":\"https:\/\/www.hobstop.ee\/lv\/#\/schema\/logo\/image\/\"},\"sameAs\":[\"http:\/\/www.facebook.com\/VunderSkizze\"]}]}<\/script>\n<!-- \/ Yoast SEO plugin. -->","yoast_head_json":{"title":"Krist\u0101la akmenti\u0146\u0161 Swarovski kvadr\u0101ts 4524 23x11mm &#8211; Skizze","robots":{"index":"noindex","follow":"follow","max-snippet":"max-snippet:-1","max-image-preview":"max-image-preview:large","max-video-preview":"max-video-preview:-1"},"og_locale":"lv_LV","og_type":"article","og_title":"Krist\u0101la akmenti\u0146\u0161 Swarovski kvadr\u0101ts 4524 23x11mm &#8211; Skizze","og_description":"Ar SWAROVSKI ELEMENTS materi\u0101liem tavai rado\u0161ajai m\u016bzai nav robe\u017eu! Vai t\u0101s b\u016btu rotaslietas, vai m\u0101jok\u013ca interjera elementi, Swarovski krist\u0101la akmenti\u0146i nodro\u0161in\u0101s lieliskus rezult\u0101tus. Swarovski krist\u0101la akmenti\u0146i ir iecien\u012bti dizaina elementi, to smail\u0101 mugurpuse atvieglo nostiprin\u0101\u0161anu v\u0113lamaj\u0101 materi\u0101l\u0101 vai ar\u012b tos var uzreiz piel\u012bm\u0113t jau gatav\u0101s iedob\u0113s. Z\u012bmols CREATE YOUR STYLE with SWAROVSKI ELEMENTS garant\u0113 augst\u0101ko Austrijas krist\u0101lu kvalit\u0101ti!","og_url":"https:\/\/www.hobstop.ee\/lv\/produkts\/kristala-akmentins-swarovski-kvadrats-4524-23x11mm\/","og_site_name":"Skizze","article_publisher":"http:\/\/www.facebook.com\/VunderSkizze","article_modified_time":"-0001-11-30T00:00:00+00:00","og_image":[{"width":1024,"height":768,"url":"https:\/\/www.hobstop.ee\/media\/3820.jpg","type":"image\/jpeg"}],"twitter_card":"summary_large_image","schema":{"@context":"https:\/\/schema.org","@graph":[{"@type":"WebPage","@id":"https:\/\/www.hobstop.ee\/lv\/produkts\/kristala-akmentins-swarovski-kvadrats-4524-23x11mm\/","url":"https:\/\/www.hobstop.ee\/lv\/produkts\/kristala-akmentins-swarovski-kvadrats-4524-23x11mm\/","name":"Krist\u0101la akmenti\u0146\u0161 Swarovski kvadr\u0101ts 4524 23x11mm &#8211; Skizze","isPartOf":{"@id":"https:\/\/www.hobstop.ee\/lv\/#website"},"primaryImageOfPage":{"@id":"https:\/\/www.hobstop.ee\/lv\/produkts\/kristala-akmentins-swarovski-kvadrats-4524-23x11mm\/#primaryimage"},"image":{"@id":"https:\/\/www.hobstop.ee\/lv\/produkts\/kristala-akmentins-swarovski-kvadrats-4524-23x11mm\/#primaryimage"},"thumbnailUrl":"https:\/\/www.hobstop.ee\/media\/3820.jpg","datePublished":"2014-12-09T11:40:01+00:00","dateModified":"-0001-11-30T00:00:00+00:00","breadcrumb":{"@id":"https:\/\/www.hobstop.ee\/lv\/produkts\/kristala-akmentins-swarovski-kvadrats-4524-23x11mm\/#breadcrumb"},"inLanguage":"lv-LV","potentialAction":[{"@type":"ReadAction","target":["https:\/\/www.hobstop.ee\/lv\/produkts\/kristala-akmentins-swarovski-kvadrats-4524-23x11mm\/"]}]},{"@type":"ImageObject","inLanguage":"lv-LV","@id":"https:\/\/www.hobstop.ee\/lv\/produkts\/kristala-akmentins-swarovski-kvadrats-4524-23x11mm\/#primaryimage","url":"https:\/\/www.hobstop.ee\/media\/3820.jpg","contentUrl":"https:\/\/www.hobstop.ee\/media\/3820.jpg","width":1024,"height":768},{"@type":"BreadcrumbList","@id":"https:\/\/www.hobstop.ee\/lv\/produkts\/kristala-akmentins-swarovski-kvadrats-4524-23x11mm\/#breadcrumb","itemListElement":[{"@type":"ListItem","position":1,"name":"Avaleht","item":"https:\/\/www.hobstop.ee\/lv\/"},{"@type":"ListItem","position":2,"name":"Veikals","item":"https:\/\/www.hobstop.ee\/lv\/veikals\/"},{"@type":"ListItem","position":3,"name":"Krist\u0101la akmenti\u0146\u0161 Swarovski kvadr\u0101ts 4524 23x11mm"}]},{"@type":"WebSite","@id":"https:\/\/www.hobstop.ee\/lv\/#website","url":"https:\/\/www.hobstop.ee\/lv\/","name":"Skizze","description":"M\u0101kslas, hobiju un skolas preces","publisher":{"@id":"https:\/\/www.hobstop.ee\/lv\/#organization"},"potentialAction":[{"@type":"SearchAction","target":{"@type":"EntryPoint","urlTemplate":"https:\/\/www.hobstop.ee\/lv\/?s={search_term_string}"},"query-input":{"@type":"PropertyValueSpecification","valueRequired":true,"valueName":"search_term_string"}}],"inLanguage":"lv-LV"},{"@type":"Organization","@id":"https:\/\/www.hobstop.ee\/lv\/#organization","name":"Vunder AS","url":"https:\/\/www.hobstop.ee\/lv\/","logo":{"@type":"ImageObject","inLanguage":"lv-LV","@id":"https:\/\/www.hobstop.ee\/lv\/#\/schema\/logo\/image\/","url":"https:\/\/hobstop.ee\/media\/vunder-logo.png","contentUrl":"https:\/\/hobstop.ee\/media\/vunder-logo.png","width":127,"height":55,"caption":"Vunder AS"},"image":{"@id":"https:\/\/www.hobstop.ee\/lv\/#\/schema\/logo\/image\/"},"sameAs":["http:\/\/www.facebook.com\/VunderSkizze"]}]}},"_links":{"self":[{"href":"https:\/\/www.hobstop.ee\/lv\/wp-json\/wp\/v2\/product\/63362","targetHints":{"allow":["GET"]}}],"collection":[{"href":"https:\/\/www.hobstop.ee\/lv\/wp-json\/wp\/v2\/product"}],"about":[{"href":"https:\/\/www.hobstop.ee\/lv\/wp-json\/wp\/v2\/types\/product"}],"replies":[{"embeddable":true,"href":"https:\/\/www.hobstop.ee\/lv\/wp-json\/wp\/v2\/comments?post=63362"}],"wp:featuredmedia":[{"embeddable":true,"href":"https:\/\/www.hobstop.ee\/lv\/wp-json\/wp\/v2\/media\/112703"}],"wp:attachment":[{"href":"https:\/\/www.hobstop.ee\/lv\/wp-json\/wp\/v2\/media?parent=63362"}],"wp:term":[{"taxonomy":"product_cat","embeddable":true,"href":"https:\/\/www.hobstop.ee\/lv\/wp-json\/wp\/v2\/product_cat?post=63362"},{"taxonomy":"product_tag","embeddable":true,"href":"https:\/\/www.hobstop.ee\/lv\/wp-json\/wp\/v2\/product_tag?post=63362"}],"curies":[{"name":"wp","href":"https:\/\/api.w.org\/{rel}","templated":true}]}}