{"id":63494,"date":"2014-12-09T13:40:26","date_gmt":"2014-12-09T11:40:26","guid":{"rendered":"https:\/\/sharks.ee\/vunder_2019.klient.veebimajutus.ee\/?post_type=product&p=63494"},"modified":"2014-12-09T13:40:26","modified_gmt":"2014-12-09T10:40:26","slug":"ogles-zimulis-derwent-6gab-zimulu-asinamais-met-kaste","status":"publish","type":"product","link":"https:\/\/www.hobstop.ee\/lv\/produkts\/ogles-zimulis-derwent-6gab-zimulu-asinamais-met-kaste\/","title":{"rendered":"Ogles z\u012bmulis Derwent 6gab.+z\u012bmu\u013cu asin\u0101mais met. kast\u0113"},"content":{"rendered":"<p>Ja v\u0113laties ieg\u016bt tradicion\u0101lu ogles efektu ar nedaudz liel\u0101ku kontroli un maz\u0101ku nek\u0101rt\u012bbu, izv\u0113l\u0113ties Charcoal z\u012bmuli. Og\u013cu da\u013ci\u0146as ir sajauktas ar smalk\u0101m m\u0101la da\u013ci\u0146\u0101m un p\u0101rkl\u0101tas ar koku, radot z\u012bmuli ar bag\u0101t\u012bgu un vienm\u0113r\u012bgu tekst\u016bru, kura rakstur\u012bga tradicion\u0101lajam ogles z\u012bmulim, k\u0101 ar\u012b \u0113rtu un vieglu izmanto\u0161an\u0101. Apa\u013c\u0161 8 mm korpuss, serdenis d=4mm.<br \/>\nKomplekt\u0101 ietilpst:<br \/>\nogles z\u012bmu\u013ci: gai\u0161s, vid\u0113js un tum\u0161s;<br \/>\nton\u0113tas ogles z\u012bmulis balt\u0101 kr\u0101s\u0101; asin\u0101t\u0101js<\/p>\n","protected":false},"excerpt":{"rendered":"<p>Ja v\u0113laties ieg\u016bt tradicion\u0101lu ogles efektu ar nedaudz liel\u0101ku kontroli un maz\u0101ku nek\u0101rt\u012bbu, izv\u0113l\u0113ties Charcoal z\u012bmuli. Og\u013cu da\u013ci\u0146as ir sajauktas ar smalk\u0101m m\u0101la da\u013ci\u0146\u0101m un p\u0101rkl\u0101tas ar koku, radot z\u012bmuli ar bag\u0101t\u012bgu un vienm\u0113r\u012bgu tekst\u016bru, kura rakstur\u012bga tradicion\u0101lajam ogles z\u012bmulim, k\u0101 ar\u012b \u0113rtu un vieglu izmanto\u0161an\u0101. Apa\u013c\u0161 8 mm korpuss, serdenis d=4mm. Komplekt\u0101 ietilpst: ogles z\u012bmu\u013ci: gai\u0161s, vid\u0113js un tum\u0161s; ton\u0113tas ogles z\u012bmulis balt\u0101 kr\u0101s\u0101; asin\u0101t\u0101js<\/p>\n","protected":false},"featured_media":354787,"comment_status":"closed","ping_status":"closed","template":"","meta":{"_acf_changed":false,"ep_exclude_from_search":false},"product_cat":[16123,18327,18931],"product_tag":[],"class_list":{"0":"post-63494","1":"product","2":"type-product","3":"status-publish","4":"has-post-thumbnail","6":"product_cat-makslas-piederumi-2","7":"product_cat-olge-un-ogles-zimuli-2","8":"product_cat-zimesanas-piederumi-3","10":"first","11":"outofstock","12":"taxable","13":"shipping-taxable","14":"purchasable","15":"product-type-variable"},"acf":[],"yoast_head":"<!-- This site is optimized with the Yoast SEO plugin v24.1 - https:\/\/yoast.com\/wordpress\/plugins\/seo\/ -->\n<title>Ogles z\u012bmulis Derwent 6gab.+z\u012bmu\u013cu asin\u0101mais met. kast\u0113 &#8211; Skizze<\/title>\n<meta name=\"robots\" content=\"noindex, follow, max-snippet:-1, max-image-preview:large, max-video-preview:-1\" \/>\n<meta property=\"og:locale\" content=\"lv_LV\" \/>\n<meta property=\"og:type\" content=\"article\" \/>\n<meta property=\"og:title\" content=\"Ogles z\u012bmulis Derwent 6gab.+z\u012bmu\u013cu asin\u0101mais met. kast\u0113 &#8211; Skizze\" \/>\n<meta property=\"og:description\" content=\"Ja v\u0113laties ieg\u016bt tradicion\u0101lu ogles efektu ar nedaudz liel\u0101ku kontroli un maz\u0101ku nek\u0101rt\u012bbu, izv\u0113l\u0113ties Charcoal z\u012bmuli. Og\u013cu da\u013ci\u0146as ir sajauktas ar smalk\u0101m m\u0101la da\u013ci\u0146\u0101m un p\u0101rkl\u0101tas ar koku, radot z\u012bmuli ar bag\u0101t\u012bgu un vienm\u0113r\u012bgu tekst\u016bru, kura rakstur\u012bga tradicion\u0101lajam ogles z\u012bmulim, k\u0101 ar\u012b \u0113rtu un vieglu izmanto\u0161an\u0101. Apa\u013c\u0161 8 mm korpuss, serdenis d=4mm. Komplekt\u0101 ietilpst: ogles z\u012bmu\u013ci: gai\u0161s, vid\u0113js un tum\u0161s; ton\u0113tas ogles z\u012bmulis balt\u0101 kr\u0101s\u0101; asin\u0101t\u0101js\" \/>\n<meta property=\"og:url\" content=\"https:\/\/www.hobstop.ee\/lv\/produkts\/ogles-zimulis-derwent-6gab-zimulu-asinamais-met-kaste\/\" \/>\n<meta property=\"og:site_name\" content=\"Skizze\" \/>\n<meta property=\"article:publisher\" content=\"http:\/\/www.facebook.com\/VunderSkizze\" \/>\n<meta property=\"article:modified_time\" content=\"-0001-11-30T00:00:00+00:00\" \/>\n<meta property=\"og:image\" content=\"https:\/\/www.hobstop.ee\/media\/3874.jpg\" \/>\n\t<meta property=\"og:image:width\" content=\"1024\" \/>\n\t<meta property=\"og:image:height\" content=\"768\" \/>\n\t<meta property=\"og:image:type\" content=\"image\/jpeg\" \/>\n<meta name=\"twitter:card\" content=\"summary_large_image\" \/>\n<meta name=\"twitter:label1\" content=\"Est. reading time\" \/>\n\t<meta name=\"twitter:data1\" content=\"1 min\u016b\u0161u\" \/>\n<script type=\"application\/ld+json\" class=\"yoast-schema-graph\">{\"@context\":\"https:\/\/schema.org\",\"@graph\":[{\"@type\":\"WebPage\",\"@id\":\"https:\/\/www.hobstop.ee\/lv\/produkts\/ogles-zimulis-derwent-6gab-zimulu-asinamais-met-kaste\/\",\"url\":\"https:\/\/www.hobstop.ee\/lv\/produkts\/ogles-zimulis-derwent-6gab-zimulu-asinamais-met-kaste\/\",\"name\":\"Ogles z\u012bmulis Derwent 6gab.+z\u012bmu\u013cu asin\u0101mais met. kast\u0113 &#8211; Skizze\",\"isPartOf\":{\"@id\":\"https:\/\/hobstop.ee\/lv\/#website\"},\"primaryImageOfPage\":{\"@id\":\"https:\/\/www.hobstop.ee\/lv\/produkts\/ogles-zimulis-derwent-6gab-zimulu-asinamais-met-kaste\/#primaryimage\"},\"image\":{\"@id\":\"https:\/\/www.hobstop.ee\/lv\/produkts\/ogles-zimulis-derwent-6gab-zimulu-asinamais-met-kaste\/#primaryimage\"},\"thumbnailUrl\":\"https:\/\/www.hobstop.ee\/media\/3874.jpg\",\"datePublished\":\"2014-12-09T11:40:26+00:00\",\"dateModified\":\"-0001-11-30T00:00:00+00:00\",\"breadcrumb\":{\"@id\":\"https:\/\/www.hobstop.ee\/lv\/produkts\/ogles-zimulis-derwent-6gab-zimulu-asinamais-met-kaste\/#breadcrumb\"},\"inLanguage\":\"lv-LV\",\"potentialAction\":[{\"@type\":\"ReadAction\",\"target\":[\"https:\/\/www.hobstop.ee\/lv\/produkts\/ogles-zimulis-derwent-6gab-zimulu-asinamais-met-kaste\/\"]}]},{\"@type\":\"ImageObject\",\"inLanguage\":\"lv-LV\",\"@id\":\"https:\/\/www.hobstop.ee\/lv\/produkts\/ogles-zimulis-derwent-6gab-zimulu-asinamais-met-kaste\/#primaryimage\",\"url\":\"https:\/\/www.hobstop.ee\/media\/3874.jpg\",\"contentUrl\":\"https:\/\/www.hobstop.ee\/media\/3874.jpg\",\"width\":1024,\"height\":768},{\"@type\":\"BreadcrumbList\",\"@id\":\"https:\/\/www.hobstop.ee\/lv\/produkts\/ogles-zimulis-derwent-6gab-zimulu-asinamais-met-kaste\/#breadcrumb\",\"itemListElement\":[{\"@type\":\"ListItem\",\"position\":1,\"name\":\"Avaleht\",\"item\":\"https:\/\/www.hobstop.ee\/lv\/\"},{\"@type\":\"ListItem\",\"position\":2,\"name\":\"Veikals\",\"item\":\"https:\/\/www.hobstop.ee\/lv\/veikals\/\"},{\"@type\":\"ListItem\",\"position\":3,\"name\":\"Ogles z\u012bmulis Derwent 6gab.+z\u012bmu\u013cu asin\u0101mais met. kast\u0113\"}]},{\"@type\":\"WebSite\",\"@id\":\"https:\/\/hobstop.ee\/lv\/#website\",\"url\":\"https:\/\/hobstop.ee\/lv\/\",\"name\":\"Skizze\",\"description\":\"M\u0101kslas, hobiju un skolas preces\",\"publisher\":{\"@id\":\"https:\/\/hobstop.ee\/lv\/#organization\"},\"potentialAction\":[{\"@type\":\"SearchAction\",\"target\":{\"@type\":\"EntryPoint\",\"urlTemplate\":\"https:\/\/hobstop.ee\/lv\/?s={search_term_string}\"},\"query-input\":{\"@type\":\"PropertyValueSpecification\",\"valueRequired\":true,\"valueName\":\"search_term_string\"}}],\"inLanguage\":\"lv-LV\"},{\"@type\":\"Organization\",\"@id\":\"https:\/\/hobstop.ee\/lv\/#organization\",\"name\":\"Vunder AS\",\"url\":\"https:\/\/hobstop.ee\/lv\/\",\"logo\":{\"@type\":\"ImageObject\",\"inLanguage\":\"lv-LV\",\"@id\":\"https:\/\/hobstop.ee\/lv\/#\/schema\/logo\/image\/\",\"url\":\"https:\/\/hobstop.ee\/media\/vunder-logo.png\",\"contentUrl\":\"https:\/\/hobstop.ee\/media\/vunder-logo.png\",\"width\":127,\"height\":55,\"caption\":\"Vunder AS\"},\"image\":{\"@id\":\"https:\/\/hobstop.ee\/lv\/#\/schema\/logo\/image\/\"},\"sameAs\":[\"http:\/\/www.facebook.com\/VunderSkizze\"]}]}<\/script>\n<!-- \/ Yoast SEO plugin. -->","yoast_head_json":{"title":"Ogles z\u012bmulis Derwent 6gab.+z\u012bmu\u013cu asin\u0101mais met. kast\u0113 &#8211; Skizze","robots":{"index":"noindex","follow":"follow","max-snippet":"max-snippet:-1","max-image-preview":"max-image-preview:large","max-video-preview":"max-video-preview:-1"},"og_locale":"lv_LV","og_type":"article","og_title":"Ogles z\u012bmulis Derwent 6gab.+z\u012bmu\u013cu asin\u0101mais met. kast\u0113 &#8211; Skizze","og_description":"Ja v\u0113laties ieg\u016bt tradicion\u0101lu ogles efektu ar nedaudz liel\u0101ku kontroli un maz\u0101ku nek\u0101rt\u012bbu, izv\u0113l\u0113ties Charcoal z\u012bmuli. Og\u013cu da\u013ci\u0146as ir sajauktas ar smalk\u0101m m\u0101la da\u013ci\u0146\u0101m un p\u0101rkl\u0101tas ar koku, radot z\u012bmuli ar bag\u0101t\u012bgu un vienm\u0113r\u012bgu tekst\u016bru, kura rakstur\u012bga tradicion\u0101lajam ogles z\u012bmulim, k\u0101 ar\u012b \u0113rtu un vieglu izmanto\u0161an\u0101. Apa\u013c\u0161 8 mm korpuss, serdenis d=4mm. Komplekt\u0101 ietilpst: ogles z\u012bmu\u013ci: gai\u0161s, vid\u0113js un tum\u0161s; ton\u0113tas ogles z\u012bmulis balt\u0101 kr\u0101s\u0101; asin\u0101t\u0101js","og_url":"https:\/\/www.hobstop.ee\/lv\/produkts\/ogles-zimulis-derwent-6gab-zimulu-asinamais-met-kaste\/","og_site_name":"Skizze","article_publisher":"http:\/\/www.facebook.com\/VunderSkizze","article_modified_time":"-0001-11-30T00:00:00+00:00","og_image":[{"width":1024,"height":768,"url":"https:\/\/www.hobstop.ee\/media\/3874.jpg","type":"image\/jpeg"}],"twitter_card":"summary_large_image","twitter_misc":{"Est. reading time":"1 min\u016b\u0161u"},"schema":{"@context":"https:\/\/schema.org","@graph":[{"@type":"WebPage","@id":"https:\/\/www.hobstop.ee\/lv\/produkts\/ogles-zimulis-derwent-6gab-zimulu-asinamais-met-kaste\/","url":"https:\/\/www.hobstop.ee\/lv\/produkts\/ogles-zimulis-derwent-6gab-zimulu-asinamais-met-kaste\/","name":"Ogles z\u012bmulis Derwent 6gab.+z\u012bmu\u013cu asin\u0101mais met. kast\u0113 &#8211; Skizze","isPartOf":{"@id":"https:\/\/hobstop.ee\/lv\/#website"},"primaryImageOfPage":{"@id":"https:\/\/www.hobstop.ee\/lv\/produkts\/ogles-zimulis-derwent-6gab-zimulu-asinamais-met-kaste\/#primaryimage"},"image":{"@id":"https:\/\/www.hobstop.ee\/lv\/produkts\/ogles-zimulis-derwent-6gab-zimulu-asinamais-met-kaste\/#primaryimage"},"thumbnailUrl":"https:\/\/www.hobstop.ee\/media\/3874.jpg","datePublished":"2014-12-09T11:40:26+00:00","dateModified":"-0001-11-30T00:00:00+00:00","breadcrumb":{"@id":"https:\/\/www.hobstop.ee\/lv\/produkts\/ogles-zimulis-derwent-6gab-zimulu-asinamais-met-kaste\/#breadcrumb"},"inLanguage":"lv-LV","potentialAction":[{"@type":"ReadAction","target":["https:\/\/www.hobstop.ee\/lv\/produkts\/ogles-zimulis-derwent-6gab-zimulu-asinamais-met-kaste\/"]}]},{"@type":"ImageObject","inLanguage":"lv-LV","@id":"https:\/\/www.hobstop.ee\/lv\/produkts\/ogles-zimulis-derwent-6gab-zimulu-asinamais-met-kaste\/#primaryimage","url":"https:\/\/www.hobstop.ee\/media\/3874.jpg","contentUrl":"https:\/\/www.hobstop.ee\/media\/3874.jpg","width":1024,"height":768},{"@type":"BreadcrumbList","@id":"https:\/\/www.hobstop.ee\/lv\/produkts\/ogles-zimulis-derwent-6gab-zimulu-asinamais-met-kaste\/#breadcrumb","itemListElement":[{"@type":"ListItem","position":1,"name":"Avaleht","item":"https:\/\/www.hobstop.ee\/lv\/"},{"@type":"ListItem","position":2,"name":"Veikals","item":"https:\/\/www.hobstop.ee\/lv\/veikals\/"},{"@type":"ListItem","position":3,"name":"Ogles z\u012bmulis Derwent 6gab.+z\u012bmu\u013cu asin\u0101mais met. kast\u0113"}]},{"@type":"WebSite","@id":"https:\/\/hobstop.ee\/lv\/#website","url":"https:\/\/hobstop.ee\/lv\/","name":"Skizze","description":"M\u0101kslas, hobiju un skolas preces","publisher":{"@id":"https:\/\/hobstop.ee\/lv\/#organization"},"potentialAction":[{"@type":"SearchAction","target":{"@type":"EntryPoint","urlTemplate":"https:\/\/hobstop.ee\/lv\/?s={search_term_string}"},"query-input":{"@type":"PropertyValueSpecification","valueRequired":true,"valueName":"search_term_string"}}],"inLanguage":"lv-LV"},{"@type":"Organization","@id":"https:\/\/hobstop.ee\/lv\/#organization","name":"Vunder AS","url":"https:\/\/hobstop.ee\/lv\/","logo":{"@type":"ImageObject","inLanguage":"lv-LV","@id":"https:\/\/hobstop.ee\/lv\/#\/schema\/logo\/image\/","url":"https:\/\/hobstop.ee\/media\/vunder-logo.png","contentUrl":"https:\/\/hobstop.ee\/media\/vunder-logo.png","width":127,"height":55,"caption":"Vunder AS"},"image":{"@id":"https:\/\/hobstop.ee\/lv\/#\/schema\/logo\/image\/"},"sameAs":["http:\/\/www.facebook.com\/VunderSkizze"]}]}},"_links":{"self":[{"href":"https:\/\/www.hobstop.ee\/lv\/wp-json\/wp\/v2\/product\/63494","targetHints":{"allow":["GET"]}}],"collection":[{"href":"https:\/\/www.hobstop.ee\/lv\/wp-json\/wp\/v2\/product"}],"about":[{"href":"https:\/\/www.hobstop.ee\/lv\/wp-json\/wp\/v2\/types\/product"}],"replies":[{"embeddable":true,"href":"https:\/\/www.hobstop.ee\/lv\/wp-json\/wp\/v2\/comments?post=63494"}],"wp:featuredmedia":[{"embeddable":true,"href":"https:\/\/www.hobstop.ee\/lv\/wp-json\/wp\/v2\/media\/354787"}],"wp:attachment":[{"href":"https:\/\/www.hobstop.ee\/lv\/wp-json\/wp\/v2\/media?parent=63494"}],"wp:term":[{"taxonomy":"product_cat","embeddable":true,"href":"https:\/\/www.hobstop.ee\/lv\/wp-json\/wp\/v2\/product_cat?post=63494"},{"taxonomy":"product_tag","embeddable":true,"href":"https:\/\/www.hobstop.ee\/lv\/wp-json\/wp\/v2\/product_tag?post=63494"}],"curies":[{"name":"wp","href":"https:\/\/api.w.org\/{rel}","templated":true}]}}